{"id":1585,"date":"2022-03-08T11:05:33","date_gmt":"2022-03-08T10:05:33","guid":{"rendered":"https:\/\/inzain.bike\/?page_id=1585"},"modified":"2024-03-10T14:31:42","modified_gmt":"2024-03-10T13:31:42","slug":"terms","status":"publish","type":"page","link":"https:\/\/inzain.bike\/fr_be\/terms\/","title":{"rendered":"Conditions de l&#039;\u00e9v\u00e9nement"},"content":{"rendered":"<h4 class=\"wp-block-heading\" id=\"dina-skyldigheter\"><strong>Vos obligations&nbsp;<\/strong><\/h4>\n\n\n\n<p><strong>Tu devrais:<\/strong><\/p>\n\n\n\n<ul class=\"wp-block-list\">\n<li>Suivez les instructions des guides tout au long de la visite<\/li>\n\n\n\n<li>Portez un casque lorsque vous faites du v\u00e9lo<\/li>\n\n\n\n<li>Ne faites pas de v\u00e9lo sous l\u2019influence de l\u2019alcool ou de drogues<\/li>\n\n\n\n<li>Assurez-vous d&#039;avoir une assurance voyage qui couvre les bagages, l&#039;\u00e9quipement de v\u00e9lo et les frais m\u00e9dicaux.<\/li>\n<\/ul>\n\n\n\n<h4 class=\"wp-block-heading\" id=\"vara-rattigheter\"><strong>Nos droits<\/strong><\/h4>\n\n\n\n<p>Nous nous r\u00e9servons le droit d&#039;annuler ou de modifier votre voyage \u00e0 tout moment avant le d\u00e9part en raison d&#039;\u00e9v\u00e9nements ind\u00e9pendants de notre volont\u00e9, tels que, sans toutefois s&#039;y limiter\u00a0:<\/p>\n\n\n\n<ul class=\"wp-block-list\">\n<li>Force majeure\u00a0; inondation\u00a0; s\u00e9cheresse\u00a0; armes nucl\u00e9aires, contamination chimique ou biologique, effondrement de b\u00e2timents, incendie, explosion ou accident (collectivement \u00ab\u00a0\u00e9v\u00e9nements ind\u00e9pendants de notre volont\u00e9\u00a0\u00bb).<\/li>\n<\/ul>\n\n\n\n<p>Nous nous r\u00e9servons \u00e9galement le droit d&#039;annuler ou de modifier votre voyage \u00e0 tout moment avant le d\u00e9part (\u00e0 notre seule discr\u00e9tion), m\u00eame si nous vous assurons que nous nous efforcerons de le faire uniquement en cas d&#039;absolue n\u00e9cessit\u00e9.<\/p>\n\n\n\n<h4 class=\"wp-block-heading\" id=\"overfora-resan\"><strong>Transf\u00e9rer le voyage&nbsp;<\/strong><\/h4>\n\n\n\n<p>Si une urgence professionnelle ou personnelle vous emp\u00eache de partir en voyage, vous pouvez le c\u00e9der \u00e0 une autre personne qui sera agr\u00e9\u00e9e par INZAIN. Si la personne est approuv\u00e9e, vous et votre rempla\u00e7ant payez les frais.<br>INZAIN n&#039;effectue aucun remboursement, sauf si l&#039;annulation intervient dans les d\u00e9lais impartis, voir rubrique remboursements.<\/p>\n\n\n\n<h4 class=\"wp-block-heading\" id=\"andringar-av-din-resa\"><strong>Modifications de votre voyage<\/strong><\/h4>\n\n\n\n<p>Nous ferons de notre mieux pour garantir que l&#039;itin\u00e9raire de votre voyage ne doive pas \u00eatre modifi\u00e9. Cependant, si un \u00e9v\u00e9nement ind\u00e9pendant de notre volont\u00e9 se produit (nous pourrions ne pas \u00eatre en mesure de suivre nos itin\u00e9raires ou horaires annonc\u00e9s). Si des frais suppl\u00e9mentaires occasionn\u00e9s par un retard, un accident ou une perturbation de l&#039;itin\u00e9raire pr\u00e9vu sont dus \u00e0 des \u00e9v\u00e9nements ind\u00e9pendants de notre volont\u00e9, nous ne pouvons pas vous rembourser ces frais.<\/p>\n\n\n\n<h4 class=\"wp-block-heading\" id=\"upphavande\"><strong>Abrogation&nbsp;<\/strong><\/h4>\n\n\n\n<p><strong>En r\u00e9servant :<\/strong><\/p>\n\n\n\n<ul class=\"wp-block-list\">\n<li>Vous reconnaissez avoir re\u00e7u et lu toutes les informations que nous vous avons fournies concernant le voyage.<\/li>\n\n\n\n<li>Vous acceptez que toutes les recommandations que nous faisons concernant le climat, les v\u00eatements, les \u00e9quipements sp\u00e9ciaux, la topographie, etc. sont faites de bonne foi, mais que nous ne pouvons garantir leur exactitude ou leur exhaustivit\u00e9.<\/li>\n\n\n\n<li>Vous acceptez qu&#039;il est de votre responsabilit\u00e9 de souscrire une assurance qui vous couvre pour la totalit\u00e9 du voyage.<\/li>\n\n\n\n<li>Vous reconnaissez \u00eatre conscient de la nature physiquement exigeante de nos voyages et acceptez les risques et dangers de nos voyages, y compris les dangers li\u00e9s \u00e0 la conduite \u00e0 v\u00e9lo sur ou hors route et tous les risques d\u00e9coulant (entre autres) du mauvais temps et de l&#039;\u00e9tat variable des routes. et\/ou des pistes<\/li>\n\n\n\n<li>Accepte le risque (entre autres) de retards, de modifications, de perte ou de dommages mat\u00e9riels, de d\u00e9sagr\u00e9ments et de d\u00e9sagr\u00e9ments<\/li>\n\n\n\n<li>En plus d&#039;accepter le point ci-dessous, vous participez au voyage et roulez \u00e0 vos propres risques.<\/li>\n<\/ul>\n\n\n\n<h4 class=\"wp-block-heading\" id=\"tillamplig-lag-och-jurisdiktion\"><strong>Loi applicable et juridiction<\/strong><\/h4>\n\n\n\n<p>Tout litige sera r\u00e9gl\u00e9 selon ceci : <a href=\"https:\/\/sccinstitute.se\/vara-tjanster\/forenklat-skiljeforfarande\/\">https:\/\/sccinstitute.se\/vara-tjanster\/forenklat-skiljeforfarande\/<\/a>\u2018&#039;\u2018<\/p>\n\n\n\n<p><strong>Maladie<\/strong><\/p>\n\n\n\n<p>En tant que participant, vous devez revoir votre assurance afin qu&#039;elle couvre les frais en cas d&#039;annulation pour cause de maladie. INZAIN n&#039;a aucune responsabilit\u00e9 en mati\u00e8re de remboursement en cas de maladie, si celle-ci survient apr\u00e8s le paiement.<\/p>\n\n\n\n<p><strong>Remboursement<\/strong><\/p>\n\n\n\n<p>Lors de la r\u00e9servation, le voyage est pay\u00e9. Si vous choisissez d&#039;annuler, les conditions suivantes s&#039;appliquent\u00a0:<br>30% n&#039;est jamais remboursable, ce sont les frais de r\u00e9servation.<br>Le 70% est rembours\u00e9 en cas d&#039;annulation au plus tard 120 jours avant le d\u00e9part, apr\u00e8s quoi il n&#039;y a plus de remboursement.<\/p>\n\n\n\n<p><\/p>\n\n\n\n<p><\/p>","protected":false},"excerpt":{"rendered":"<p>Dina skyldigheter&nbsp; Du skall: V\u00e5ra r\u00e4ttigheter Vi f\u00f6rbeh\u00e5ller oss r\u00e4tten att avbryta eller \u00e4ndra din resa n\u00e4r som helst innan avresa p\u00e5 grund av h\u00e4ndelser utanf\u00f6r v\u00e5r kontroll, s\u00e5som men inte begr\u00e4nsat till: Vi f\u00f6rbeh\u00e5ller oss ocks\u00e5 r\u00e4tten att st\u00e4lla in eller \u00e4ndra din resa n\u00e4r som helst f\u00f6re avresa (efter eget godtycke), \u00e4ven om [&hellip;]<\/p>\n","protected":false},"author":135133094,"featured_media":0,"parent":0,"menu_order":0,"comment_status":"closed","ping_status":"closed","template":"","meta":{"_coblocks_attr":"","_coblocks_dimensions":"","_coblocks_responsive_height":"","_coblocks_accordion_ie_support":"","footnotes":""},"class_list":["post-1585","page","type-page","status-publish","hentry"],"yoast_head":"<!-- This site is optimized with the Yoast SEO plugin v27.2 - https:\/\/yoast.com\/product\/yoast-seo-wordpress\/ -->\n<title>Villkor f\u00f6r eventet - INZAIN Cycling EXPERIENCES<\/title>\n<meta name=\"robots\" content=\"index, follow, max-snippet:-1, max-image-preview:large, max-video-preview:-1\" \/>\n<link rel=\"canonical\" href=\"https:\/\/inzain.bike\/fr_be\/terms\/\" \/>\n<meta property=\"og:locale\" content=\"fr_FR\" \/>\n<meta property=\"og:type\" content=\"article\" \/>\n<meta property=\"og:title\" content=\"Villkor f\u00f6r eventet - INZAIN Cycling EXPERIENCES\" \/>\n<meta property=\"og:description\" content=\"Dina skyldigheter&nbsp; Du skall: V\u00e5ra r\u00e4ttigheter Vi f\u00f6rbeh\u00e5ller oss r\u00e4tten att avbryta eller \u00e4ndra din resa n\u00e4r som helst innan avresa p\u00e5 grund av h\u00e4ndelser utanf\u00f6r v\u00e5r kontroll, s\u00e5som men inte begr\u00e4nsat till: Vi f\u00f6rbeh\u00e5ller oss ocks\u00e5 r\u00e4tten att st\u00e4lla in eller \u00e4ndra din resa n\u00e4r som helst f\u00f6re avresa (efter eget godtycke), \u00e4ven om [&hellip;]\" \/>\n<meta property=\"og:url\" content=\"https:\/\/inzain.bike\/fr_be\/terms\/\" \/>\n<meta property=\"og:site_name\" content=\"INZAIN Cycling EXPERIENCES\" \/>\n<meta property=\"article:publisher\" content=\"https:\/\/www.facebook.com\/Inzain.bike\" \/>\n<meta property=\"article:modified_time\" content=\"2024-03-10T13:31:42+00:00\" \/>\n<meta name=\"twitter:card\" content=\"summary_large_image\" \/>\n<meta name=\"twitter:label1\" content=\"Dur\u00e9e de lecture est.\" \/>\n\t<meta name=\"twitter:data1\" content=\"3 minutes\" \/>\n<script type=\"application\/ld+json\" class=\"yoast-schema-graph\">{\"@context\":\"https:\/\/schema.org\",\"@graph\":[{\"@type\":\"WebPage\",\"@id\":\"https:\/\/inzain.bike\/nl_be\/terms\/\",\"url\":\"https:\/\/inzain.bike\/nl_be\/terms\/\",\"name\":\"Villkor f\u00f6r eventet - INZAIN Cycling EXPERIENCES\",\"isPartOf\":{\"@id\":\"https:\/\/inzain.bike\/fr_be\/#website\"},\"datePublished\":\"2022-03-08T10:05:33+00:00\",\"dateModified\":\"2024-03-10T13:31:42+00:00\",\"breadcrumb\":{\"@id\":\"https:\/\/inzain.bike\/nl_be\/terms\/#breadcrumb\"},\"inLanguage\":\"fr-BE\",\"potentialAction\":[{\"@type\":\"ReadAction\",\"target\":[\"https:\/\/inzain.bike\/nl_be\/terms\/\"]}]},{\"@type\":\"BreadcrumbList\",\"@id\":\"https:\/\/inzain.bike\/nl_be\/terms\/#breadcrumb\",\"itemListElement\":[{\"@type\":\"ListItem\",\"position\":1,\"name\":\"Hem\",\"item\":\"https:\/\/inzain.bike\/fr_be\/\"},{\"@type\":\"ListItem\",\"position\":2,\"name\":\"Villkor f\u00f6r eventet\"}]},{\"@type\":\"WebSite\",\"@id\":\"https:\/\/inzain.bike\/fr_be\/#website\",\"url\":\"https:\/\/inzain.bike\/fr_be\/\",\"name\":\"INZAIN Cycling EXPERIENCES\",\"description\":\"Cyckling Adventures  - for everyone\",\"publisher\":{\"@id\":\"https:\/\/inzain.bike\/fr_be\/#organization\"},\"alternateName\":\"INZAIN Gravel & Travel\",\"potentialAction\":[{\"@type\":\"SearchAction\",\"target\":{\"@type\":\"EntryPoint\",\"urlTemplate\":\"https:\/\/inzain.bike\/fr_be\/?s={search_term_string}\"},\"query-input\":{\"@type\":\"PropertyValueSpecification\",\"valueRequired\":true,\"valueName\":\"search_term_string\"}}],\"inLanguage\":\"fr-BE\"},{\"@type\":\"Organization\",\"@id\":\"https:\/\/inzain.bike\/fr_be\/#organization\",\"name\":\"INZAIN Cycling EXPERIENCES\",\"url\":\"https:\/\/inzain.bike\/fr_be\/\",\"logo\":{\"@type\":\"ImageObject\",\"inLanguage\":\"fr-BE\",\"@id\":\"https:\/\/inzain.bike\/fr_be\/#\/schema\/logo\/image\/\",\"url\":\"https:\/\/i0.wp.com\/inzain.bike\/wp-content\/uploads\/2023\/09\/cropped-INZAIN_512x512_white.png?fit=512%2C512&ssl=1\",\"contentUrl\":\"https:\/\/i0.wp.com\/inzain.bike\/wp-content\/uploads\/2023\/09\/cropped-INZAIN_512x512_white.png?fit=512%2C512&ssl=1\",\"width\":512,\"height\":512,\"caption\":\"INZAIN Cycling EXPERIENCES\"},\"image\":{\"@id\":\"https:\/\/inzain.bike\/fr_be\/#\/schema\/logo\/image\/\"},\"sameAs\":[\"https:\/\/www.facebook.com\/Inzain.bike\",\"https:\/\/www.instagram.com\/inzainbike\"]}]}<\/script>\n<!-- \/ Yoast SEO plugin. -->","yoast_head_json":{"title":"Conditions g\u00e9n\u00e9rales de l&#039;\u00e9v\u00e9nement - INZAIN Cycling EXPERIENCES","robots":{"index":"index","follow":"follow","max-snippet":"max-snippet:-1","max-image-preview":"max-image-preview:large","max-video-preview":"max-video-preview:-1"},"canonical":"https:\/\/inzain.bike\/fr_be\/terms\/","og_locale":"fr_FR","og_type":"article","og_title":"Villkor f\u00f6r eventet - INZAIN Cycling EXPERIENCES","og_description":"Dina skyldigheter&nbsp; Du skall: V\u00e5ra r\u00e4ttigheter Vi f\u00f6rbeh\u00e5ller oss r\u00e4tten att avbryta eller \u00e4ndra din resa n\u00e4r som helst innan avresa p\u00e5 grund av h\u00e4ndelser utanf\u00f6r v\u00e5r kontroll, s\u00e5som men inte begr\u00e4nsat till: Vi f\u00f6rbeh\u00e5ller oss ocks\u00e5 r\u00e4tten att st\u00e4lla in eller \u00e4ndra din resa n\u00e4r som helst f\u00f6re avresa (efter eget godtycke), \u00e4ven om [&hellip;]","og_url":"https:\/\/inzain.bike\/fr_be\/terms\/","og_site_name":"INZAIN Cycling EXPERIENCES","article_publisher":"https:\/\/www.facebook.com\/Inzain.bike","article_modified_time":"2024-03-10T13:31:42+00:00","twitter_card":"summary_large_image","twitter_misc":{"Dur\u00e9e de lecture est.":"3 minutes"},"schema":{"@context":"https:\/\/schema.org","@graph":[{"@type":"WebPage","@id":"https:\/\/inzain.bike\/nl_be\/terms\/","url":"https:\/\/inzain.bike\/nl_be\/terms\/","name":"Conditions g\u00e9n\u00e9rales de l&#039;\u00e9v\u00e9nement - INZAIN Cycling EXPERIENCES","isPartOf":{"@id":"https:\/\/inzain.bike\/fr_be\/#website"},"datePublished":"2022-03-08T10:05:33+00:00","dateModified":"2024-03-10T13:31:42+00:00","breadcrumb":{"@id":"https:\/\/inzain.bike\/nl_be\/terms\/#breadcrumb"},"inLanguage":"fr-BE","potentialAction":[{"@type":"ReadAction","target":["https:\/\/inzain.bike\/nl_be\/terms\/"]}]},{"@type":"BreadcrumbList","@id":"https:\/\/inzain.bike\/nl_be\/terms\/#breadcrumb","itemListElement":[{"@type":"ListItem","position":1,"name":"Hem","item":"https:\/\/inzain.bike\/fr_be\/"},{"@type":"ListItem","position":2,"name":"Villkor f\u00f6r eventet"}]},{"@type":"WebSite","@id":"https:\/\/inzain.bike\/fr_be\/#website","url":"https:\/\/inzain.bike\/fr_be\/","name":"EXP\u00c9RIENCES Cyclistes INZAIN","description":"Aventures \u00e0 v\u00e9lo - pour tous","publisher":{"@id":"https:\/\/inzain.bike\/fr_be\/#organization"},"alternateName":"INZAIN Gravel & Travel","potentialAction":[{"@type":"SearchAction","target":{"@type":"EntryPoint","urlTemplate":"https:\/\/inzain.bike\/fr_be\/?s={search_term_string}"},"query-input":{"@type":"PropertyValueSpecification","valueRequired":true,"valueName":"search_term_string"}}],"inLanguage":"fr-BE"},{"@type":"Organization","@id":"https:\/\/inzain.bike\/fr_be\/#organization","name":"EXP\u00c9RIENCES Cyclistes INZAIN","url":"https:\/\/inzain.bike\/fr_be\/","logo":{"@type":"ImageObject","inLanguage":"fr-BE","@id":"https:\/\/inzain.bike\/fr_be\/#\/schema\/logo\/image\/","url":"https:\/\/i0.wp.com\/inzain.bike\/wp-content\/uploads\/2023\/09\/cropped-INZAIN_512x512_white.png?fit=512%2C512&ssl=1","contentUrl":"https:\/\/i0.wp.com\/inzain.bike\/wp-content\/uploads\/2023\/09\/cropped-INZAIN_512x512_white.png?fit=512%2C512&ssl=1","width":512,"height":512,"caption":"INZAIN Cycling EXPERIENCES"},"image":{"@id":"https:\/\/inzain.bike\/fr_be\/#\/schema\/logo\/image\/"},"sameAs":["https:\/\/www.facebook.com\/Inzain.bike","https:\/\/www.instagram.com\/inzainbike"]}]}},"amp_enabled":true,"_links":{"self":[{"href":"https:\/\/inzain.bike\/fr_be\/wp-json\/wp\/v2\/pages\/1585","targetHints":{"allow":["GET"]}}],"collection":[{"href":"https:\/\/inzain.bike\/fr_be\/wp-json\/wp\/v2\/pages"}],"about":[{"href":"https:\/\/inzain.bike\/fr_be\/wp-json\/wp\/v2\/types\/page"}],"author":[{"embeddable":true,"href":"https:\/\/inzain.bike\/fr_be\/wp-json\/wp\/v2\/users\/135133094"}],"replies":[{"embeddable":true,"href":"https:\/\/inzain.bike\/fr_be\/wp-json\/wp\/v2\/comments?post=1585"}],"version-history":[{"count":0,"href":"https:\/\/inzain.bike\/fr_be\/wp-json\/wp\/v2\/pages\/1585\/revisions"}],"wp:attachment":[{"href":"https:\/\/inzain.bike\/fr_be\/wp-json\/wp\/v2\/media?parent=1585"}],"curies":[{"name":"wp","href":"https:\/\/api.w.org\/{rel}","templated":true}]}}