{"id":1981,"date":"2022-10-02T18:24:29","date_gmt":"2022-10-02T16:24:29","guid":{"rendered":"https:\/\/inzain.bike\/?page_id=1981"},"modified":"2023-05-16T11:52:09","modified_gmt":"2023-05-16T09:52:09","slug":"sormland-gravel-camp","status":"publish","type":"page","link":"https:\/\/inzain.bike\/fr_be\/sormland-gravel-camp\/","title":{"rendered":"Camp de gravier du S\u00f6rmland"},"content":{"rendered":"<p>Bienvenue pour un week-end fantastique avec Gravel dans le S\u00f6rmland<\/p>\n\n\n\n<figure class=\"wp-block-image size-large\"><img loading=\"lazy\" decoding=\"async\" width=\"1024\" height=\"768\" src=\"https:\/\/inzain.bike\/wp-content\/uploads\/2022\/10\/20210627_133539-1024x768.jpg\" alt=\"\" class=\"wp-image-1983\" srcset=\"https:\/\/inzain.bike\/wp-content\/uploads\/2022\/10\/20210627_133539-1024x768.jpg 1024w, https:\/\/inzain.bike\/wp-content\/uploads\/2022\/10\/20210627_133539-300x225.jpg 300w, https:\/\/inzain.bike\/wp-content\/uploads\/2022\/10\/20210627_133539-768x576.jpg 768w, https:\/\/inzain.bike\/wp-content\/uploads\/2022\/10\/20210627_133539-1536x1152.jpg 1536w, https:\/\/inzain.bike\/wp-content\/uploads\/2022\/10\/20210627_133539-2048x1536.jpg 2048w, https:\/\/inzain.bike\/wp-content\/uploads\/2022\/10\/20210627_133539-16x12.jpg 16w, https:\/\/inzain.bike\/wp-content\/uploads\/2022\/10\/20210627_133539-1320x990.jpg 1320w, https:\/\/inzain.bike\/wp-content\/uploads\/2022\/10\/20210627_133539-600x450.jpg 600w\" sizes=\"auto, (max-width: 1024px) 100vw, 1024px\" \/><\/figure>\n\n\n\n<p><strong>Quand<\/strong>: 20-21 mai 2023.<br><strong>O\u00f9<\/strong>: S\u00f6rmland<br><strong>Comment<\/strong>: Gravel Camp sur des routes incroyables<br><strong>Dormir<\/strong>: Nous avons r\u00e9serv\u00e9 un certain nombre de chambres \u00e0 <a href=\"https:\/\/www.kjesater.se\/\">Ch\u00e2teau de Kjes\u00e4ter<\/a><br><strong>Inclus<\/strong>: H\u00e9bergement, petit-d\u00e9jeuner et d\u00eener \u00e0 trois plats le samedi. <br><strong>Prix<\/strong>: L&#039;\u00e9v\u00e9nement lui-m\u00eame est gratuit, nous avons organis\u00e9 des forfaits d&#039;h\u00e9bergement et de restauration pour ceux qui le souhaitent. Une nuit en chambre partag\u00e9e, 2 000 SEK, nuit suppl\u00e9mentaire 700 SEK, chambre simple +300 par nuit.<br>Tout le monde est invit\u00e9 \u00e0 participer, mais nous souhaitons que vous vous inscriviez quand m\u00eame.<\/p>\n\n\n\n<p><strong>\u00c0 quoi pouvez-vous vous attendre ?<\/strong><br>Un week-end vraiment sympa sur de tr\u00e8s belles routes de gravier en bonne compagnie et avec de la bonne nourriture et du caf\u00e9. Nous vivons dans un endroit magnifique, prenons un bon petit-d\u00e9jeuner et mangeons un meilleur d\u00eener \u00e0 trois plats le samedi soir. Vous achetez vous-m\u00eame le d\u00e9jeuner, le caf\u00e9, etc., l&#039;itin\u00e9raire m\u00e8ne \u00e0 des endroits agr\u00e9ables pour cela.<iframe loading=\"lazy\" title=\"Kjes\u00e4tter\" src=\"https:\/\/player.vimeo.com\/video\/435007512?app_id=122963&amp;wmode=opaque\" width=\"100%\" height=\"700px\" frameborder=\"0\" allowfullscreen=\"allowfullscreen\"> <\/iframe><\/p>\n\n\n\n<figure class=\"wp-block-image size-large\"><img loading=\"lazy\" decoding=\"async\" width=\"1024\" height=\"768\" src=\"https:\/\/inzain.bike\/wp-content\/uploads\/2022\/10\/G0034022-1024x768.jpg\" alt=\"\" class=\"wp-image-2083\" srcset=\"https:\/\/inzain.bike\/wp-content\/uploads\/2022\/10\/G0034022-1024x768.jpg 1024w, https:\/\/inzain.bike\/wp-content\/uploads\/2022\/10\/G0034022-300x225.jpg 300w, https:\/\/inzain.bike\/wp-content\/uploads\/2022\/10\/G0034022-768x576.jpg 768w, https:\/\/inzain.bike\/wp-content\/uploads\/2022\/10\/G0034022-1536x1152.jpg 1536w, https:\/\/inzain.bike\/wp-content\/uploads\/2022\/10\/G0034022-2048x1536.jpg 2048w, https:\/\/inzain.bike\/wp-content\/uploads\/2022\/10\/G0034022-16x12.jpg 16w, https:\/\/inzain.bike\/wp-content\/uploads\/2022\/10\/G0034022-1320x990.jpg 1320w, https:\/\/inzain.bike\/wp-content\/uploads\/2022\/10\/G0034022-600x450.jpg 600w\" sizes=\"auto, (max-width: 1024px) 100vw, 1024px\" \/><\/figure>\n\n\n\n<p><strong>Samedi<\/strong><br>Nous partons directement du ch\u00e2teau de Kjes\u00e4ter et roulons vers le sud. Lacs, for\u00eats et paysages culturels, c&#039;est une bonne vari\u00e9t\u00e9. Nous passons la pointe ouest de Tissnaren et atteignons Hallonviken via Br\u00e4nntorp et \u00d6lnetorp. Routes de propagande! Nous passons ensuite par la r\u00e9serve naturelle de Magnehult. Le d\u00e9jeuner sera \u00e0 Rejmyre. Nous mangeons \u00e0 la Pizzeria. Le Gestgiferiet est ferm\u00e9. Pourquoi ne pas en profiter pour jeter un \u0153il au mus\u00e9e Glasbrukets ? Apr\u00e8s le d\u00e9jeuner, vous pouvez choisir un itin\u00e9raire l\u00e9g\u00e8rement plus court, puis vous prenez la caution ci-dessous, elle reconnecte au long itin\u00e9raire apr\u00e8s environ 4 miles et raccourcit le trajet d&#039;environ 4 miles. Le voyage continue vers le moulin de Breven \u00e0 proximit\u00e9 du lac et sur d&#039;excellentes routes. Lorsque vous utilisez les lettres, vous pouvez prendre un caf\u00e9 ou une collation suppl\u00e9mentaire si vous le souhaitez, puis parcourir les trois derniers kilom\u00e8tres jusqu&#039;\u00e0 notre ch\u00e2teau.<br>Une fois sur place, une bi\u00e8re passera probablement assez bien. Une douche puis un meilleur d\u00eener \u00e0 trois plats.<\/p>\n\n\n\n<p><iframe src=\"https:\/\/ridewithgps.com\/embeds?type=route&amp;id=41111110&amp;metricUnits=true&amp;sampleGraph=true\" style=\"width: 1px; min-width: 100%; height: 700px; border: none;\" scrolling=\"no\"><\/iframe><\/p>\n\n\n\n<p><strong>Caution pour samedi<\/strong><br>Raccourcit le trajet d&#039;environ 4 miles. Tout droit vers le nord via le Sverigeleden avec quelques d\u00e9tours. D\u00e9couvrez le long chemin que vous suivez ensuite jusqu&#039;\u00e0 notre ch\u00e2teau, peut-\u00eatre une bi\u00e8re puis un bon d\u00eener.<br><br><iframe style=\"width: 1px; min-width: 100%; height: 700px; border: none;\" src=\"https:\/\/ridewithgps.com\/embeds?type=route&amp;id=41111156&amp;metricUnits=true&amp;sampleGraph=true&amp;distanceMarkers=true\" scrolling=\"no\">&lt;\/p&gt;<\/iframe><\/p>\n\n\n\n<p><strong>Dimanche<\/strong> <br>Nous commen\u00e7ons \u00e0 Flen, ce qui signifie le transport en voiture de l&#039;h\u00e9bergement \u00e0 Flen. Stationnement au parking de la salle de sport Hammarvallen ou parking navette devant la gare. Lorsque nous avons quitt\u00e9 le centre-ville, nous traversons la for\u00eat en direction de Malsta pour continuer en pleine campagne jusqu&#039;au Kvarnen Caf\u00e9 et \u00e0 Antikt pour une tasse de caf\u00e9 matinale si nous le souhaitons. Le voyage continue le long des lacs jusqu&#039;\u00e0 Tofta G\u00e5rd en route vers le Lunch St\u00e4lle d&#039;aujourd&#039;hui. <a href=\"https:\/\/www.bruksholmen.se\/ata\/smedjan\/\">La forge<\/a>. Apr\u00e8s le d\u00e9jeuner vous pouvez faire le choix de parcourir un itin\u00e9raire plus court, puis vous prenez Bailen en contrebas qui vous emm\u00e8ne \u00e0 Flen en 40km, soit une r\u00e9duction d&#039;environ 2 miles. Si vous choisissez de faire tout le tour en voiture, il continue au-del\u00e0 de Katrineholm et fait un arc vers l&#039;ouest pour ensuite se rendre \u00e0 Bie. De l\u00e0, nous traversons Granhed pour retourner \u00e0 Flen.<\/p>\n\n\n<p><iframe style=\"width: 1px; min-width: 100%; height: 700px; border: none;\" src=\"https:\/\/ridewithgps.com\/embeds?type=route&amp;id=41111876&amp;metricUnits=true&amp;sampleGraph=true&amp;distanceMarkers=true\" scrolling=\"no\"><\/iframe><\/p>\n<p><strong>Caution du dimanche<\/strong> <br>Si vous souhaitez conduire un peu plus court, vous le choisissez sur le lieu du d\u00e9jeuner. Il fait \u00e0 nouveau le tour des lacs et nous emm\u00e8ne jusqu&#039;au Sverigeleden, d&#039;o\u00f9 il fait une s\u00e9rie de d\u00e9tours sur des \u00e9tendues de gravier \u00e0 nageoires. Ensuite, il passe par Norrtorp pour retourner \u00e0 Flen.<\/p>\n<p><iframe style=\"width: 1px; min-width: 100%; height: 700px; border: none;\" src=\"https:\/\/ridewithgps.com\/embeds?type=route&amp;id=41112193&amp;metricUnits=true&amp;sampleGraph=true&amp;distanceMarkers=true\" scrolling=\"no\"><\/iframe><\/p>\n\n\n<p><br><strong>Nous p\u00e9dalons selon les principes de Grusets V\u00e4nner.<\/strong><br>Nous faisons du v\u00e9lo pour nous amuser, il n&#039;y a pas d&#039;intervalles et il ne s&#039;agit pas de faire du v\u00e9lo le plus vite mais de vivre la meilleure exp\u00e9rience. Si vous voulez faire des folies, bien s\u00fbr, \u00e7a va, attendez plus loin. Nous pouvons \u00e9galement diviser le groupe, si cela s&#039;av\u00e8re mieux. Nos guides ont beaucoup d\u2019exp\u00e9rience dans l\u2019organisation et la conduite de ces visites.<br><br>* Personne n&#039;est laiss\u00e9 seul, tout le monde doit participer<br>* Le rebond se passe bien, attendez plus tard<br>* Nous prenons soin et nous entraidons en cas de punks ou autres.<br>* Nous faisons du v\u00e9lo en toute s\u00e9curit\u00e9 et gardons nos distances, rappelez-vous la r\u00e8gle des trois secondes.<br>* Il s&#039;agit avant tout de passer une bonne journ\u00e9e.<\/p>\n\n\n\n<p><\/p>\n\n\n\n\n\n<p>Les inscriptions sont closes.<\/p>\n\n\n\n<p>Si vous souhaitez venir, envoyez-moi un email  <a href=\"mailto:info@inzain.bike\">info@inzain.bike<\/a><\/p>","protected":false},"excerpt":{"rendered":"<p>V\u00e4lkommen till en fantastisk helg med Gravel i S\u00f6rmland N\u00e4r: 20-21 maj 2023.Var: S\u00f6rmlandHur: Gravel Camp p\u00e5 fantastiska v\u00e4garSova: Vi har bokat ett antal rum p\u00e5 Kjes\u00e4ter SlottIng\u00e5r: Boende, frukost och trer\u00e4tters middag p\u00e5 l\u00f6rdag. Pris: Eventet \u00e4r i sig kostnadsfritt, vi har ordnat med boende och matpaket f\u00f6r de som vill. En natt delat [&hellip;]<\/p>\n","protected":false},"author":135133094,"featured_media":0,"parent":0,"menu_order":0,"comment_status":"closed","ping_status":"closed","template":"","meta":{"_coblocks_attr":"","_coblocks_dimensions":"","_coblocks_responsive_height":"","_coblocks_accordion_ie_support":"","footnotes":""},"class_list":["post-1981","page","type-page","status-publish","hentry"],"yoast_head":"<!-- This site is optimized with the Yoast SEO plugin v27.2 - https:\/\/yoast.com\/product\/yoast-seo-wordpress\/ -->\n<title>S\u00f6rmland Gravel Camp - INZAIN Cycling EXPERIENCES<\/title>\n<meta name=\"robots\" content=\"index, follow, max-snippet:-1, max-image-preview:large, max-video-preview:-1\" \/>\n<link rel=\"canonical\" href=\"https:\/\/inzain.bike\/fr_be\/sormland-gravel-camp\/\" \/>\n<meta property=\"og:locale\" content=\"fr_FR\" \/>\n<meta property=\"og:type\" content=\"article\" \/>\n<meta property=\"og:title\" content=\"S\u00f6rmland Gravel Camp - INZAIN Cycling EXPERIENCES\" \/>\n<meta property=\"og:description\" content=\"V\u00e4lkommen till en fantastisk helg med Gravel i S\u00f6rmland N\u00e4r: 20-21 maj 2023.Var: S\u00f6rmlandHur: Gravel Camp p\u00e5 fantastiska v\u00e4garSova: Vi har bokat ett antal rum p\u00e5 Kjes\u00e4ter SlottIng\u00e5r: Boende, frukost och trer\u00e4tters middag p\u00e5 l\u00f6rdag. Pris: Eventet \u00e4r i sig kostnadsfritt, vi har ordnat med boende och matpaket f\u00f6r de som vill. En natt delat [&hellip;]\" \/>\n<meta property=\"og:url\" content=\"https:\/\/inzain.bike\/fr_be\/sormland-gravel-camp\/\" \/>\n<meta property=\"og:site_name\" content=\"INZAIN Cycling EXPERIENCES\" \/>\n<meta property=\"article:publisher\" content=\"https:\/\/www.facebook.com\/Inzain.bike\" \/>\n<meta property=\"article:modified_time\" content=\"2023-05-16T09:52:09+00:00\" \/>\n<meta property=\"og:image\" content=\"https:\/\/inzain.bike\/wp-content\/uploads\/2022\/10\/20210627_133539-1024x768.jpg\" \/>\n<meta name=\"twitter:card\" content=\"summary_large_image\" \/>\n<meta name=\"twitter:label1\" content=\"Dur\u00e9e de lecture est.\" \/>\n\t<meta name=\"twitter:data1\" content=\"4 minutes\" \/>\n<script type=\"application\/ld+json\" class=\"yoast-schema-graph\">{\"@context\":\"https:\/\/schema.org\",\"@graph\":[{\"@type\":\"WebPage\",\"@id\":\"https:\/\/inzain.bike\/nl_be\/sormland-gravel-camp\/\",\"url\":\"https:\/\/inzain.bike\/nl_be\/sormland-gravel-camp\/\",\"name\":\"S\u00f6rmland Gravel Camp - INZAIN Cycling EXPERIENCES\",\"isPartOf\":{\"@id\":\"https:\/\/inzain.bike\/fr_be\/#website\"},\"primaryImageOfPage\":{\"@id\":\"https:\/\/inzain.bike\/nl_be\/sormland-gravel-camp\/#primaryimage\"},\"image\":{\"@id\":\"https:\/\/inzain.bike\/nl_be\/sormland-gravel-camp\/#primaryimage\"},\"thumbnailUrl\":\"https:\/\/inzain.bike\/wp-content\/uploads\/2022\/10\/20210627_133539-1024x768.jpg\",\"datePublished\":\"2022-10-02T16:24:29+00:00\",\"dateModified\":\"2023-05-16T09:52:09+00:00\",\"breadcrumb\":{\"@id\":\"https:\/\/inzain.bike\/nl_be\/sormland-gravel-camp\/#breadcrumb\"},\"inLanguage\":\"fr-BE\",\"potentialAction\":[{\"@type\":\"ReadAction\",\"target\":[\"https:\/\/inzain.bike\/nl_be\/sormland-gravel-camp\/\"]}]},{\"@type\":\"ImageObject\",\"inLanguage\":\"fr-BE\",\"@id\":\"https:\/\/inzain.bike\/nl_be\/sormland-gravel-camp\/#primaryimage\",\"url\":\"https:\/\/inzain.bike\/wp-content\/uploads\/2022\/10\/20210627_133539-1024x768.jpg\",\"contentUrl\":\"https:\/\/inzain.bike\/wp-content\/uploads\/2022\/10\/20210627_133539-1024x768.jpg\"},{\"@type\":\"BreadcrumbList\",\"@id\":\"https:\/\/inzain.bike\/nl_be\/sormland-gravel-camp\/#breadcrumb\",\"itemListElement\":[{\"@type\":\"ListItem\",\"position\":1,\"name\":\"Hem\",\"item\":\"https:\/\/inzain.bike\/fr_be\/\"},{\"@type\":\"ListItem\",\"position\":2,\"name\":\"S\u00f6rmland Gravel Camp\"}]},{\"@type\":\"WebSite\",\"@id\":\"https:\/\/inzain.bike\/fr_be\/#website\",\"url\":\"https:\/\/inzain.bike\/fr_be\/\",\"name\":\"INZAIN Cycling EXPERIENCES\",\"description\":\"Cyckling Adventures  - for everyone\",\"publisher\":{\"@id\":\"https:\/\/inzain.bike\/fr_be\/#organization\"},\"alternateName\":\"INZAIN Gravel & Travel\",\"potentialAction\":[{\"@type\":\"SearchAction\",\"target\":{\"@type\":\"EntryPoint\",\"urlTemplate\":\"https:\/\/inzain.bike\/fr_be\/?s={search_term_string}\"},\"query-input\":{\"@type\":\"PropertyValueSpecification\",\"valueRequired\":true,\"valueName\":\"search_term_string\"}}],\"inLanguage\":\"fr-BE\"},{\"@type\":\"Organization\",\"@id\":\"https:\/\/inzain.bike\/fr_be\/#organization\",\"name\":\"INZAIN Cycling EXPERIENCES\",\"url\":\"https:\/\/inzain.bike\/fr_be\/\",\"logo\":{\"@type\":\"ImageObject\",\"inLanguage\":\"fr-BE\",\"@id\":\"https:\/\/inzain.bike\/fr_be\/#\/schema\/logo\/image\/\",\"url\":\"https:\/\/i0.wp.com\/inzain.bike\/wp-content\/uploads\/2023\/09\/cropped-INZAIN_512x512_white.png?fit=512%2C512&ssl=1\",\"contentUrl\":\"https:\/\/i0.wp.com\/inzain.bike\/wp-content\/uploads\/2023\/09\/cropped-INZAIN_512x512_white.png?fit=512%2C512&ssl=1\",\"width\":512,\"height\":512,\"caption\":\"INZAIN Cycling EXPERIENCES\"},\"image\":{\"@id\":\"https:\/\/inzain.bike\/fr_be\/#\/schema\/logo\/image\/\"},\"sameAs\":[\"https:\/\/www.facebook.com\/Inzain.bike\",\"https:\/\/www.instagram.com\/inzainbike\"]}]}<\/script>\n<!-- \/ Yoast SEO plugin. -->","yoast_head_json":{"title":"Camp de gravier de S\u00f6rmland - Exp\u00e9riences cyclistes INZAIN","robots":{"index":"index","follow":"follow","max-snippet":"max-snippet:-1","max-image-preview":"max-image-preview:large","max-video-preview":"max-video-preview:-1"},"canonical":"https:\/\/inzain.bike\/fr_be\/sormland-gravel-camp\/","og_locale":"fr_FR","og_type":"article","og_title":"S\u00f6rmland Gravel Camp - INZAIN Cycling EXPERIENCES","og_description":"V\u00e4lkommen till en fantastisk helg med Gravel i S\u00f6rmland N\u00e4r: 20-21 maj 2023.Var: S\u00f6rmlandHur: Gravel Camp p\u00e5 fantastiska v\u00e4garSova: Vi har bokat ett antal rum p\u00e5 Kjes\u00e4ter SlottIng\u00e5r: Boende, frukost och trer\u00e4tters middag p\u00e5 l\u00f6rdag. Pris: Eventet \u00e4r i sig kostnadsfritt, vi har ordnat med boende och matpaket f\u00f6r de som vill. En natt delat [&hellip;]","og_url":"https:\/\/inzain.bike\/fr_be\/sormland-gravel-camp\/","og_site_name":"INZAIN Cycling EXPERIENCES","article_publisher":"https:\/\/www.facebook.com\/Inzain.bike","article_modified_time":"2023-05-16T09:52:09+00:00","og_image":[{"url":"https:\/\/inzain.bike\/wp-content\/uploads\/2022\/10\/20210627_133539-1024x768.jpg","type":"","width":"","height":""}],"twitter_card":"summary_large_image","twitter_misc":{"Dur\u00e9e de lecture est.":"4 minutes"},"schema":{"@context":"https:\/\/schema.org","@graph":[{"@type":"WebPage","@id":"https:\/\/inzain.bike\/nl_be\/sormland-gravel-camp\/","url":"https:\/\/inzain.bike\/nl_be\/sormland-gravel-camp\/","name":"Camp de gravier de S\u00f6rmland - Exp\u00e9riences cyclistes INZAIN","isPartOf":{"@id":"https:\/\/inzain.bike\/fr_be\/#website"},"primaryImageOfPage":{"@id":"https:\/\/inzain.bike\/nl_be\/sormland-gravel-camp\/#primaryimage"},"image":{"@id":"https:\/\/inzain.bike\/nl_be\/sormland-gravel-camp\/#primaryimage"},"thumbnailUrl":"https:\/\/inzain.bike\/wp-content\/uploads\/2022\/10\/20210627_133539-1024x768.jpg","datePublished":"2022-10-02T16:24:29+00:00","dateModified":"2023-05-16T09:52:09+00:00","breadcrumb":{"@id":"https:\/\/inzain.bike\/nl_be\/sormland-gravel-camp\/#breadcrumb"},"inLanguage":"fr-BE","potentialAction":[{"@type":"ReadAction","target":["https:\/\/inzain.bike\/nl_be\/sormland-gravel-camp\/"]}]},{"@type":"ImageObject","inLanguage":"fr-BE","@id":"https:\/\/inzain.bike\/nl_be\/sormland-gravel-camp\/#primaryimage","url":"https:\/\/inzain.bike\/wp-content\/uploads\/2022\/10\/20210627_133539-1024x768.jpg","contentUrl":"https:\/\/inzain.bike\/wp-content\/uploads\/2022\/10\/20210627_133539-1024x768.jpg"},{"@type":"BreadcrumbList","@id":"https:\/\/inzain.bike\/nl_be\/sormland-gravel-camp\/#breadcrumb","itemListElement":[{"@type":"ListItem","position":1,"name":"Hem","item":"https:\/\/inzain.bike\/fr_be\/"},{"@type":"ListItem","position":2,"name":"S\u00f6rmland Gravel Camp"}]},{"@type":"WebSite","@id":"https:\/\/inzain.bike\/fr_be\/#website","url":"https:\/\/inzain.bike\/fr_be\/","name":"EXP\u00c9RIENCES Cyclistes INZAIN","description":"Aventures \u00e0 v\u00e9lo - pour tous","publisher":{"@id":"https:\/\/inzain.bike\/fr_be\/#organization"},"alternateName":"INZAIN Gravel & Travel","potentialAction":[{"@type":"SearchAction","target":{"@type":"EntryPoint","urlTemplate":"https:\/\/inzain.bike\/fr_be\/?s={search_term_string}"},"query-input":{"@type":"PropertyValueSpecification","valueRequired":true,"valueName":"search_term_string"}}],"inLanguage":"fr-BE"},{"@type":"Organization","@id":"https:\/\/inzain.bike\/fr_be\/#organization","name":"EXP\u00c9RIENCES Cyclistes INZAIN","url":"https:\/\/inzain.bike\/fr_be\/","logo":{"@type":"ImageObject","inLanguage":"fr-BE","@id":"https:\/\/inzain.bike\/fr_be\/#\/schema\/logo\/image\/","url":"https:\/\/i0.wp.com\/inzain.bike\/wp-content\/uploads\/2023\/09\/cropped-INZAIN_512x512_white.png?fit=512%2C512&ssl=1","contentUrl":"https:\/\/i0.wp.com\/inzain.bike\/wp-content\/uploads\/2023\/09\/cropped-INZAIN_512x512_white.png?fit=512%2C512&ssl=1","width":512,"height":512,"caption":"INZAIN Cycling EXPERIENCES"},"image":{"@id":"https:\/\/inzain.bike\/fr_be\/#\/schema\/logo\/image\/"},"sameAs":["https:\/\/www.facebook.com\/Inzain.bike","https:\/\/www.instagram.com\/inzainbike"]}]}},"amp_enabled":true,"_links":{"self":[{"href":"https:\/\/inzain.bike\/fr_be\/wp-json\/wp\/v2\/pages\/1981","targetHints":{"allow":["GET"]}}],"collection":[{"href":"https:\/\/inzain.bike\/fr_be\/wp-json\/wp\/v2\/pages"}],"about":[{"href":"https:\/\/inzain.bike\/fr_be\/wp-json\/wp\/v2\/types\/page"}],"author":[{"embeddable":true,"href":"https:\/\/inzain.bike\/fr_be\/wp-json\/wp\/v2\/users\/135133094"}],"replies":[{"embeddable":true,"href":"https:\/\/inzain.bike\/fr_be\/wp-json\/wp\/v2\/comments?post=1981"}],"version-history":[{"count":0,"href":"https:\/\/inzain.bike\/fr_be\/wp-json\/wp\/v2\/pages\/1981\/revisions"}],"wp:attachment":[{"href":"https:\/\/inzain.bike\/fr_be\/wp-json\/wp\/v2\/media?parent=1981"}],"curies":[{"name":"wp","href":"https:\/\/api.w.org\/{rel}","templated":true}]}}