{"id":376,"date":"2021-11-29T10:48:24","date_gmt":"2021-11-29T09:48:24","guid":{"rendered":"https:\/\/inzain.bike\/?page_id=376"},"modified":"2021-11-29T10:48:24","modified_gmt":"2021-11-29T09:48:24","slug":"gravel-efter-jobbet","status":"publish","type":"page","link":"https:\/\/inzain.bike\/fr_be\/gravel-efter-jobbet\/","title":{"rendered":"Gravier apr\u00e8s le travail"},"content":{"rendered":"<figure class=\"wp-block-image size-large\"><img decoding=\"async\" src=\"https:\/\/inzain.bike\/wp-content\/uploads\/2021\/05\/20210519_170536.jpg?w=1024\" alt=\"\" class=\"wp-image-377\"\/><figcaption>Pont Farstan\u00e4s<\/figcaption><\/figure>\n\n\n\n<p>Stockholm est fantastique. Vous pouvez rouler apr\u00e8s le travail et atteindre des chemins de terre tr\u00e8s fins apr\u00e8s seulement quelques kilom\u00e8tres. Observez des cerfs, des ch\u00e8vres, des oiseaux et bien plus encore. Sentez le parfum de l&#039;\u00e9t\u00e9 qui approche et rechargez vos batteries.<\/p>\n\n\n\n<figure class=\"wp-block-image size-large\"><img decoding=\"async\" src=\"https:\/\/inzain.bike\/wp-content\/uploads\/2021\/05\/g0017864.jpg?w=1024\" alt=\"\" class=\"wp-image-380\"\/><figcaption>DCIM\\100GOPRO\\G0017864.JPG<\/figcaption><\/figure>\n\n\n\n<p>Hier, nous avons fait un circuit simple qui commence au SCS \u00e0 Hammarby Sj\u00f6stad, passe par Hellas, Farstan\u00e4s, Ballingsta, descend en direction de S\u00f6dert\u00e4lje puis rentre chez nous via le brin M\u00e4laren S\u00f6dra.<\/p>\n\n\n\n<p><blockquote class=\"wp-embedded-content\" data-secret=\"lB9pcr6tg9\"><a href=\"https:\/\/teamutangranser.se\/sodermalm-glado-sodertalje-loop\/\">Boucle S\u00f6dermalm \u2013 Glad\u00f6 \u2013 S\u00f6dert\u00e4lje<\/a><\/blockquote><iframe loading=\"lazy\" class=\"wp-embedded-content\" sandbox=\"allow-scripts\" security=\"restricted\" style=\"position: absolute; clip: rect(1px, 1px, 1px, 1px);\" title=\"&quot;Boucle S\u00f6dermalm \u2013 Glad\u00f6 \u2013 S\u00f6dert\u00e4lje&quot; \u2014 \u00c9quipe Sans Fronti\u00e8res\" src=\"https:\/\/teamutangranser.se\/sodermalm-glado-sodertalje-loop\/embed\/#?secret=Hx9IwipJqQ#?secret=lB9pcr6tg9\" data-secret=\"lB9pcr6tg9\" width=\"500\" height=\"282\" frameborder=\"0\" marginwidth=\"0\" marginheight=\"0\" scrolling=\"no\"><\/iframe><\/p>\n\n\n\n<figure class=\"wp-block-image size-large\"><img decoding=\"async\" src=\"https:\/\/inzain.bike\/wp-content\/uploads\/2021\/05\/g0017895.jpg?w=1024\" alt=\"\" class=\"wp-image-382\"\/><\/figure>","protected":false},"excerpt":{"rendered":"<p>Stockholm \u00e4r fantastiskt. Man kan rulla ut efter jobbet, komma till superfina grusv\u00e4gar efter bara n\u00e5gon km. Se hjortar, getter f\u00e5glar och annat. K\u00e4nna doften av den annalkande sommaren och ladda sina batterier. Ig\u00e5r k\u00f6rde vi en enkel tur som startar vid SCS i Hammarby Sj\u00f6stad, g\u00e5r via Hellas, Farstan\u00e4s, Ballingsta, ner mot S\u00f6dert\u00e4lje och [&hellip;]<\/p>\n","protected":false},"author":135133094,"featured_media":0,"parent":0,"menu_order":0,"comment_status":"closed","ping_status":"closed","template":"","meta":{"_coblocks_attr":"","_coblocks_dimensions":"","_coblocks_responsive_height":"","_coblocks_accordion_ie_support":"","footnotes":""},"class_list":["post-376","page","type-page","status-publish","hentry"],"yoast_head":"<!-- This site is optimized with the Yoast SEO plugin v27.2 - https:\/\/yoast.com\/product\/yoast-seo-wordpress\/ -->\n<title>Gravel efter jobbet - INZAIN Cycling EXPERIENCES<\/title>\n<meta name=\"robots\" content=\"index, follow, max-snippet:-1, max-image-preview:large, max-video-preview:-1\" \/>\n<link rel=\"canonical\" href=\"https:\/\/inzain.bike\/fr_be\/gravel-efter-jobbet\/\" \/>\n<meta property=\"og:locale\" content=\"fr_FR\" \/>\n<meta property=\"og:type\" content=\"article\" \/>\n<meta property=\"og:title\" content=\"Gravel efter jobbet - INZAIN Cycling EXPERIENCES\" \/>\n<meta property=\"og:description\" content=\"Stockholm \u00e4r fantastiskt. Man kan rulla ut efter jobbet, komma till superfina grusv\u00e4gar efter bara n\u00e5gon km. Se hjortar, getter f\u00e5glar och annat. K\u00e4nna doften av den annalkande sommaren och ladda sina batterier. Ig\u00e5r k\u00f6rde vi en enkel tur som startar vid SCS i Hammarby Sj\u00f6stad, g\u00e5r via Hellas, Farstan\u00e4s, Ballingsta, ner mot S\u00f6dert\u00e4lje och [&hellip;]\" \/>\n<meta property=\"og:url\" content=\"https:\/\/inzain.bike\/fr_be\/gravel-efter-jobbet\/\" \/>\n<meta property=\"og:site_name\" content=\"INZAIN Cycling EXPERIENCES\" \/>\n<meta property=\"article:publisher\" content=\"https:\/\/www.facebook.com\/Inzain.bike\" \/>\n<meta property=\"og:image\" content=\"https:\/\/inzain.bike\/wp-content\/uploads\/2021\/05\/20210519_170536.jpg?w=1024\" \/>\n<meta name=\"twitter:card\" content=\"summary_large_image\" \/>\n<script type=\"application\/ld+json\" class=\"yoast-schema-graph\">{\"@context\":\"https:\/\/schema.org\",\"@graph\":[{\"@type\":\"WebPage\",\"@id\":\"https:\/\/inzain.bike\/sv_se\/gravel-efter-jobbet\/\",\"url\":\"https:\/\/inzain.bike\/sv_se\/gravel-efter-jobbet\/\",\"name\":\"Gravel efter jobbet - INZAIN Cycling EXPERIENCES\",\"isPartOf\":{\"@id\":\"https:\/\/inzain.bike\/fr_be\/#website\"},\"primaryImageOfPage\":{\"@id\":\"https:\/\/inzain.bike\/sv_se\/gravel-efter-jobbet\/#primaryimage\"},\"image\":{\"@id\":\"https:\/\/inzain.bike\/sv_se\/gravel-efter-jobbet\/#primaryimage\"},\"thumbnailUrl\":\"https:\/\/inzain.bike\/wp-content\/uploads\/2021\/05\/20210519_170536.jpg?w=1024\",\"datePublished\":\"2021-11-29T09:48:24+00:00\",\"breadcrumb\":{\"@id\":\"https:\/\/inzain.bike\/sv_se\/gravel-efter-jobbet\/#breadcrumb\"},\"inLanguage\":\"fr-BE\",\"potentialAction\":[{\"@type\":\"ReadAction\",\"target\":[\"https:\/\/inzain.bike\/sv_se\/gravel-efter-jobbet\/\"]}]},{\"@type\":\"ImageObject\",\"inLanguage\":\"fr-BE\",\"@id\":\"https:\/\/inzain.bike\/sv_se\/gravel-efter-jobbet\/#primaryimage\",\"url\":\"https:\/\/inzain.bike\/wp-content\/uploads\/2021\/05\/20210519_170536.jpg?w=1024\",\"contentUrl\":\"https:\/\/inzain.bike\/wp-content\/uploads\/2021\/05\/20210519_170536.jpg?w=1024\"},{\"@type\":\"BreadcrumbList\",\"@id\":\"https:\/\/inzain.bike\/sv_se\/gravel-efter-jobbet\/#breadcrumb\",\"itemListElement\":[{\"@type\":\"ListItem\",\"position\":1,\"name\":\"Hem\",\"item\":\"https:\/\/inzain.bike\/fr_be\/\"},{\"@type\":\"ListItem\",\"position\":2,\"name\":\"Gravel efter jobbet\"}]},{\"@type\":\"WebSite\",\"@id\":\"https:\/\/inzain.bike\/fr_be\/#website\",\"url\":\"https:\/\/inzain.bike\/fr_be\/\",\"name\":\"INZAIN Cycling EXPERIENCES\",\"description\":\"Cyckling Adventures  - for everyone\",\"publisher\":{\"@id\":\"https:\/\/inzain.bike\/fr_be\/#organization\"},\"alternateName\":\"INZAIN Gravel & Travel\",\"potentialAction\":[{\"@type\":\"SearchAction\",\"target\":{\"@type\":\"EntryPoint\",\"urlTemplate\":\"https:\/\/inzain.bike\/fr_be\/?s={search_term_string}\"},\"query-input\":{\"@type\":\"PropertyValueSpecification\",\"valueRequired\":true,\"valueName\":\"search_term_string\"}}],\"inLanguage\":\"fr-BE\"},{\"@type\":\"Organization\",\"@id\":\"https:\/\/inzain.bike\/fr_be\/#organization\",\"name\":\"INZAIN Cycling EXPERIENCES\",\"url\":\"https:\/\/inzain.bike\/fr_be\/\",\"logo\":{\"@type\":\"ImageObject\",\"inLanguage\":\"fr-BE\",\"@id\":\"https:\/\/inzain.bike\/fr_be\/#\/schema\/logo\/image\/\",\"url\":\"https:\/\/i0.wp.com\/inzain.bike\/wp-content\/uploads\/2023\/09\/cropped-INZAIN_512x512_white.png?fit=512%2C512&ssl=1\",\"contentUrl\":\"https:\/\/i0.wp.com\/inzain.bike\/wp-content\/uploads\/2023\/09\/cropped-INZAIN_512x512_white.png?fit=512%2C512&ssl=1\",\"width\":512,\"height\":512,\"caption\":\"INZAIN Cycling EXPERIENCES\"},\"image\":{\"@id\":\"https:\/\/inzain.bike\/fr_be\/#\/schema\/logo\/image\/\"},\"sameAs\":[\"https:\/\/www.facebook.com\/Inzain.bike\",\"https:\/\/www.instagram.com\/inzainbike\"]}]}<\/script>\n<!-- \/ Yoast SEO plugin. -->","yoast_head_json":{"title":"Gravel apr\u00e8s le travail - INZAIN Cycling EXPERIENCES","robots":{"index":"index","follow":"follow","max-snippet":"max-snippet:-1","max-image-preview":"max-image-preview:large","max-video-preview":"max-video-preview:-1"},"canonical":"https:\/\/inzain.bike\/fr_be\/gravel-efter-jobbet\/","og_locale":"fr_FR","og_type":"article","og_title":"Gravel efter jobbet - INZAIN Cycling EXPERIENCES","og_description":"Stockholm \u00e4r fantastiskt. Man kan rulla ut efter jobbet, komma till superfina grusv\u00e4gar efter bara n\u00e5gon km. Se hjortar, getter f\u00e5glar och annat. K\u00e4nna doften av den annalkande sommaren och ladda sina batterier. Ig\u00e5r k\u00f6rde vi en enkel tur som startar vid SCS i Hammarby Sj\u00f6stad, g\u00e5r via Hellas, Farstan\u00e4s, Ballingsta, ner mot S\u00f6dert\u00e4lje och [&hellip;]","og_url":"https:\/\/inzain.bike\/fr_be\/gravel-efter-jobbet\/","og_site_name":"INZAIN Cycling EXPERIENCES","article_publisher":"https:\/\/www.facebook.com\/Inzain.bike","og_image":[{"url":"https:\/\/inzain.bike\/wp-content\/uploads\/2021\/05\/20210519_170536.jpg?w=1024","type":"","width":"","height":""}],"twitter_card":"summary_large_image","schema":{"@context":"https:\/\/schema.org","@graph":[{"@type":"WebPage","@id":"https:\/\/inzain.bike\/sv_se\/gravel-efter-jobbet\/","url":"https:\/\/inzain.bike\/sv_se\/gravel-efter-jobbet\/","name":"Gravel apr\u00e8s le travail - INZAIN Cycling EXPERIENCES","isPartOf":{"@id":"https:\/\/inzain.bike\/fr_be\/#website"},"primaryImageOfPage":{"@id":"https:\/\/inzain.bike\/sv_se\/gravel-efter-jobbet\/#primaryimage"},"image":{"@id":"https:\/\/inzain.bike\/sv_se\/gravel-efter-jobbet\/#primaryimage"},"thumbnailUrl":"https:\/\/inzain.bike\/wp-content\/uploads\/2021\/05\/20210519_170536.jpg?w=1024","datePublished":"2021-11-29T09:48:24+00:00","breadcrumb":{"@id":"https:\/\/inzain.bike\/sv_se\/gravel-efter-jobbet\/#breadcrumb"},"inLanguage":"fr-BE","potentialAction":[{"@type":"ReadAction","target":["https:\/\/inzain.bike\/sv_se\/gravel-efter-jobbet\/"]}]},{"@type":"ImageObject","inLanguage":"fr-BE","@id":"https:\/\/inzain.bike\/sv_se\/gravel-efter-jobbet\/#primaryimage","url":"https:\/\/inzain.bike\/wp-content\/uploads\/2021\/05\/20210519_170536.jpg?w=1024","contentUrl":"https:\/\/inzain.bike\/wp-content\/uploads\/2021\/05\/20210519_170536.jpg?w=1024"},{"@type":"BreadcrumbList","@id":"https:\/\/inzain.bike\/sv_se\/gravel-efter-jobbet\/#breadcrumb","itemListElement":[{"@type":"ListItem","position":1,"name":"Hem","item":"https:\/\/inzain.bike\/fr_be\/"},{"@type":"ListItem","position":2,"name":"Gravel efter jobbet"}]},{"@type":"WebSite","@id":"https:\/\/inzain.bike\/fr_be\/#website","url":"https:\/\/inzain.bike\/fr_be\/","name":"EXP\u00c9RIENCES Cyclistes INZAIN","description":"Aventures \u00e0 v\u00e9lo - pour tous","publisher":{"@id":"https:\/\/inzain.bike\/fr_be\/#organization"},"alternateName":"INZAIN Gravel & Travel","potentialAction":[{"@type":"SearchAction","target":{"@type":"EntryPoint","urlTemplate":"https:\/\/inzain.bike\/fr_be\/?s={search_term_string}"},"query-input":{"@type":"PropertyValueSpecification","valueRequired":true,"valueName":"search_term_string"}}],"inLanguage":"fr-BE"},{"@type":"Organization","@id":"https:\/\/inzain.bike\/fr_be\/#organization","name":"EXP\u00c9RIENCES Cyclistes INZAIN","url":"https:\/\/inzain.bike\/fr_be\/","logo":{"@type":"ImageObject","inLanguage":"fr-BE","@id":"https:\/\/inzain.bike\/fr_be\/#\/schema\/logo\/image\/","url":"https:\/\/i0.wp.com\/inzain.bike\/wp-content\/uploads\/2023\/09\/cropped-INZAIN_512x512_white.png?fit=512%2C512&ssl=1","contentUrl":"https:\/\/i0.wp.com\/inzain.bike\/wp-content\/uploads\/2023\/09\/cropped-INZAIN_512x512_white.png?fit=512%2C512&ssl=1","width":512,"height":512,"caption":"INZAIN Cycling EXPERIENCES"},"image":{"@id":"https:\/\/inzain.bike\/fr_be\/#\/schema\/logo\/image\/"},"sameAs":["https:\/\/www.facebook.com\/Inzain.bike","https:\/\/www.instagram.com\/inzainbike"]}]}},"amp_enabled":true,"_links":{"self":[{"href":"https:\/\/inzain.bike\/fr_be\/wp-json\/wp\/v2\/pages\/376","targetHints":{"allow":["GET"]}}],"collection":[{"href":"https:\/\/inzain.bike\/fr_be\/wp-json\/wp\/v2\/pages"}],"about":[{"href":"https:\/\/inzain.bike\/fr_be\/wp-json\/wp\/v2\/types\/page"}],"author":[{"embeddable":true,"href":"https:\/\/inzain.bike\/fr_be\/wp-json\/wp\/v2\/users\/135133094"}],"replies":[{"embeddable":true,"href":"https:\/\/inzain.bike\/fr_be\/wp-json\/wp\/v2\/comments?post=376"}],"version-history":[{"count":0,"href":"https:\/\/inzain.bike\/fr_be\/wp-json\/wp\/v2\/pages\/376\/revisions"}],"wp:attachment":[{"href":"https:\/\/inzain.bike\/fr_be\/wp-json\/wp\/v2\/media?parent=376"}],"curies":[{"name":"wp","href":"https:\/\/api.w.org\/{rel}","templated":true}]}}