{"id":4769,"date":"2023-11-11T18:13:58","date_gmt":"2023-11-11T17:13:58","guid":{"rendered":"https:\/\/inzain.bike\/?page_id=4769"},"modified":"2023-11-25T16:50:24","modified_gmt":"2023-11-25T15:50:24","slug":"bas24-cycling","status":"publish","type":"page","link":"https:\/\/inzain.bike\/fr_be\/bas24-cycling\/","title":{"rendered":"Pays Basque \u00e0 v\u00e9lo"},"content":{"rendered":"<div class=\"wp-block-columns alignwide is-layout-flex wp-container-core-columns-is-layout-28f84493 wp-block-columns-is-layout-flex\">\n<div class=\"wp-block-column is-layout-flow wp-block-column-is-layout-flow\">\n<p class=\"has-roboto-font-family has-custom-font\" style=\"font-family:Roboto\">Faire du v\u00e9lo au Pays Basque, c&#039;est absolument merveilleux ! Paysage changeant et verdoyant avec peu de voitures. Nous commen\u00e7ons sur la c\u00f4te atlantique \u00e0 Biarritz et visons Pampelune et notre premi\u00e8re destination en Espagne. Quand nous rentrons \u00e0 Biarritz six jours plus tard. Avons-nous v\u00e9cu des journ\u00e9es avec tout, des routes foresti\u00e8res aux paysages ouverts avec des vues magnifiques. Le cyclisme est incroyablement populaire au Pays Basque. Et il n\u2019est pas difficile de comprendre pourquoi, dans de nombreux endroits, il est consid\u00e9r\u00e9 comme le sport national avant m\u00eame le football.<\/p>\n<\/div>\n<\/div>\n\n\n\n<p class=\"has-text-align-left has-roboto-font-family has-custom-font has-custom-weight\" style=\"font-weight:bold;font-family:Roboto;font-size:30px\">Calendrier<\/p>\n\n\n\n<div class=\"wp-block-columns alignwide is-layout-flex wp-container-core-columns-is-layout-28f84493 wp-block-columns-is-layout-flex\">\n<div class=\"wp-block-column is-layout-flow wp-block-column-is-layout-flow\">\n<figure class=\"wp-block-image size-full\"><img decoding=\"async\" src=\"https:\/\/inzain.bike\/wp-content\/uploads\/2023\/11\/IMG_5220.jpg\" alt=\"\" class=\"wp-image-4911\"\/><\/figure>\n<\/div>\n\n\n\n<div class=\"wp-block-column is-layout-flow wp-block-column-is-layout-flow\">\n<p><strong>Jour un <\/strong><\/p>\n\n\n\n<p>Apr\u00e8s un d\u00e9part de Biarritz, d\u00e9sormais bien connu de nous, nous mettons le cap vers l&#039;est. D\u00e9j\u00e0 apr\u00e8s 3 miles, nous passons la fronti\u00e8re avec l&#039;Espagne. L&#039;environnement est luxuriant et passe souvent par des zones foresti\u00e8res. Apr\u00e8s 8 miles, nous atteignons le point culminant de la journ\u00e9e (un peu moins de 1 000 m) et contemplons les plaines et notre destination Pampelune. Nous y arriverons environ une semaine avant San Fermin, mais l&#039;atmosph\u00e8re de la ville sera n\u00e9anmoins magique et pleine d&#039;attente.<\/p>\n<\/div>\n<\/div>\n\n\n\n<div class=\"wp-block-columns alignwide is-layout-flex wp-container-core-columns-is-layout-28f84493 wp-block-columns-is-layout-flex\">\n<div class=\"wp-block-column is-layout-flow wp-block-column-is-layout-flow\">\n<p><strong>Jour deux <\/strong><\/p>\n\n\n\n<p>Maintenant, nous nous dirigeons vers le sud. Notre destination et notre vignoble Eguren Ugarte se profilent au loin. C&#039;est dans un premier temps le tron\u00e7on avec le moins de d\u00e9nivel\u00e9 de notre parcours. Mais juste avant notre objectif, nous montons jusqu&#039;\u00e0 la petite ville de Lapoblacon \u00e0 pr\u00e8s de 1 000 m d&#039;altitude avant de redescendre jusqu&#039;\u00e0 notre h\u00e9bergement. Nous avons d\u00e9sormais atteint la fronti\u00e8re o\u00f9 tous les vignobles de la Rioja prennent le relais.<\/p>\n<\/div>\n\n\n\n<div class=\"wp-block-column is-layout-flow wp-block-column-is-layout-flow\">\n<figure class=\"wp-block-image size-full\"><img decoding=\"async\" src=\"https:\/\/inzain.bike\/wp-content\/uploads\/2023\/11\/IMG_4819.jpg\" alt=\"\" class=\"wp-image-4880\"\/><\/figure>\n<\/div>\n<\/div>\n\n\n\n<div class=\"wp-block-columns alignwide is-layout-flex wp-container-core-columns-is-layout-28f84493 wp-block-columns-is-layout-flex\">\n<div class=\"wp-block-column is-layout-flow wp-block-column-is-layout-flow\">\n<figure class=\"wp-block-image size-full\"><img decoding=\"async\" src=\"https:\/\/inzain.bike\/wp-content\/uploads\/2023\/11\/IMG_6269.jpg\" alt=\"\" class=\"wp-image-4886\"\/><\/figure>\n<\/div>\n\n\n\n<div class=\"wp-block-column is-layout-flow wp-block-column-is-layout-flow\">\n<p><strong>Jour trois <\/strong><\/p>\n\n\n\n<p>Nous avons maintenant atteint la destination la plus m\u00e9ridionale de notre voyage. Avant d&#039;arriver \u00e0 la grande ville classique et la plus excitante du voyage, Bilbao, nous passons par Vitoria - Gasteiz, la capitale du Pays Basque. Seulement un petit caf\u00e9 l\u00e0-bas, cependant, le programme est fait pour que vous ayez le temps de visiter le mus\u00e9e Guggenheim avant le d\u00eener.<\/p>\n<\/div>\n<\/div>\n\n\n\n<div class=\"wp-block-columns alignwide is-layout-flex wp-container-core-columns-is-layout-28f84493 wp-block-columns-is-layout-flex\">\n<div class=\"wp-block-column is-layout-flow wp-block-column-is-layout-flow\">\n<p><strong>Jour quatre <\/strong><\/p>\n\n\n\n<p>Ce matin nous suivons la c\u00f4te et la mer sur notre chemin. Nous choisissons \u00e0 peu pr\u00e8s le m\u00eame parcours que le Tour de France lors de son Grand D\u00e9part en 2023. Donc encore une fois des routes classiques et avec une vaste mer \u00e0 notre gauche et des montagnes et des pistes \u00e0 notre droite. Et restez connect\u00e9s si vous appr\u00e9ciez Game of Thrones, notre destination San Juan Gaztelugatxe \u00e9tait l&#039;un des lieux de tournage les plus classiques !<\/p>\n<\/div>\n\n\n\n<div class=\"wp-block-column is-layout-flow wp-block-column-is-layout-flow\">\n<figure class=\"wp-block-image size-full\"><img loading=\"lazy\" decoding=\"async\" width=\"1600\" height=\"1200\" src=\"https:\/\/inzain.bike\/wp-content\/uploads\/2023\/11\/59d8cc2a-c457-4bdb-8cbb-0106a4f346b7.jpg\" alt=\"\" class=\"wp-image-4917\" srcset=\"https:\/\/inzain.bike\/wp-content\/uploads\/2023\/11\/59d8cc2a-c457-4bdb-8cbb-0106a4f346b7.jpg 1600w, https:\/\/inzain.bike\/wp-content\/uploads\/2023\/11\/59d8cc2a-c457-4bdb-8cbb-0106a4f346b7-300x225.jpg 300w, https:\/\/inzain.bike\/wp-content\/uploads\/2023\/11\/59d8cc2a-c457-4bdb-8cbb-0106a4f346b7-1024x768.jpg 1024w, https:\/\/inzain.bike\/wp-content\/uploads\/2023\/11\/59d8cc2a-c457-4bdb-8cbb-0106a4f346b7-768x576.jpg 768w, https:\/\/inzain.bike\/wp-content\/uploads\/2023\/11\/59d8cc2a-c457-4bdb-8cbb-0106a4f346b7-1536x1152.jpg 1536w, https:\/\/inzain.bike\/wp-content\/uploads\/2023\/11\/59d8cc2a-c457-4bdb-8cbb-0106a4f346b7-16x12.jpg 16w, https:\/\/inzain.bike\/wp-content\/uploads\/2023\/11\/59d8cc2a-c457-4bdb-8cbb-0106a4f346b7-1320x990.jpg 1320w, https:\/\/inzain.bike\/wp-content\/uploads\/2023\/11\/59d8cc2a-c457-4bdb-8cbb-0106a4f346b7-600x450.jpg 600w\" sizes=\"auto, (max-width: 1600px) 100vw, 1600px\" \/><\/figure>\n<\/div>\n<\/div>\n\n\n\n<div class=\"wp-block-columns alignwide is-layout-flex wp-container-core-columns-is-layout-28f84493 wp-block-columns-is-layout-flex\">\n<div class=\"wp-block-column is-layout-flow wp-block-column-is-layout-flow\">\n<figure class=\"wp-block-image size-full\"><img decoding=\"async\" src=\"https:\/\/inzain.bike\/wp-content\/uploads\/2023\/11\/IMG_4677.jpg\" alt=\"\" class=\"wp-image-4918\"\/><\/figure>\n<\/div>\n\n\n\n<div class=\"wp-block-column is-layout-flow wp-block-column-is-layout-flow\">\n<p><strong>Cinqui\u00e8me jour <\/strong><\/p>\n\n\n\n<p>Mer encore plus belle ce jour. Mais aussi deux objectifs interm\u00e9diaires passionnants. Tout d&#039;abord Mundaca, magnifique ville \/ village c\u00f4tier, aim\u00e9 de tous et peut-\u00eatre surtout des surfeurs du monde qui font ici le p\u00e8lerinage. Ensuite, Guernica, peut-\u00eatre mieux connu pour le tableau que Picasso a r\u00e9alis\u00e9 comme m\u00e9morial apr\u00e8s la guerre civile espagnole. Chaque ville de notre voyage est c\u00e9l\u00e8bre pour sa bonne cuisine. Mais peut-\u00eatre que l&#039;objectif d&#039;aujourd&#039;hui est le n\u00b01 l\u00e0-bas, Saint-S\u00e9bastien !&nbsp;<\/p>\n<\/div>\n<\/div>\n\n\n\n<div class=\"wp-block-columns alignwide is-layout-flex wp-container-core-columns-is-layout-28f84493 wp-block-columns-is-layout-flex\">\n<div class=\"wp-block-column is-layout-flow wp-block-column-is-layout-flow\">\n<p><strong>Sixi\u00e8me jour <\/strong><\/p>\n\n\n\n<p>En finale, Biarritz et sa belle plage, la Grande Plage, se profilent. Soit nous prenons la route la plus proche (environ 8 km) le long de la c\u00f4te et peut-\u00eatre un long caf\u00e9 \u00e0 la plage de Saint-Jean de Luz. Ou nous gravissons quelques montagnes (environ 1000 m d&#039;altitude) sur le c\u00f4t\u00e9 droit et obtenons une derni\u00e8re belle vue de notre itin\u00e9raire pr\u00e9c\u00e9dent \u00e0 l&#039;est, avant de rejoindre les autres \u00e0 notre destination finale. En tout cas, tr\u00e8s d\u00e9licieux \u00e0 discuter et \u00e0 dig\u00e9rer l&#039;apr\u00e8s-midi et le soir autour d&#039;un verre de champagne.&nbsp;<\/p>\n<\/div>\n\n\n\n<div class=\"wp-block-column is-layout-flow wp-block-column-is-layout-flow\">\n<figure class=\"wp-block-image size-full\"><img decoding=\"async\" src=\"https:\/\/inzain.bike\/wp-content\/uploads\/2023\/11\/IMG_4125-2.jpg\" alt=\"\" class=\"wp-image-4743\"\/><\/figure>\n<\/div>\n<\/div>\n\n\n\n<p><br><\/p>","protected":false},"excerpt":{"rendered":"<p>Cyklingen i Baskien \u00e4r helt underbar! Skiftande och gr\u00f6nskande landskap med f\u00e5 bilar. Vi startar nere vid Atlantkusten i Biarritz och tar sikte p\u00e5 Pamplona och v\u00e5rt f\u00f6rsta m\u00e5l i Spanien. N\u00e4r vi sen rullar tillbaka in i Biarritz sex dagar senare. Har vi f\u00e5tt uppleva dagar med allt fr\u00e5n skogsv\u00e4gar till \u00f6ppna landskap med [&hellip;]<\/p>\n","protected":false},"author":135133094,"featured_media":0,"parent":0,"menu_order":0,"comment_status":"closed","ping_status":"closed","template":"","meta":{"_coblocks_attr":"Roboto,Roboto","_coblocks_dimensions":"","_coblocks_responsive_height":"","_coblocks_accordion_ie_support":"","footnotes":""},"class_list":["post-4769","page","type-page","status-publish","hentry"],"yoast_head":"<!-- This site is optimized with the Yoast SEO plugin v27.2 - https:\/\/yoast.com\/product\/yoast-seo-wordpress\/ -->\n<title>Baskien Cykling - INZAIN Cycling EXPERIENCES<\/title>\n<meta name=\"robots\" content=\"index, follow, max-snippet:-1, max-image-preview:large, max-video-preview:-1\" \/>\n<link rel=\"canonical\" href=\"https:\/\/inzain.bike\/fr_be\/bas24-cycling\/\" \/>\n<meta property=\"og:locale\" content=\"fr_FR\" \/>\n<meta property=\"og:type\" content=\"article\" \/>\n<meta property=\"og:title\" content=\"Baskien Cykling - INZAIN Cycling EXPERIENCES\" \/>\n<meta property=\"og:description\" content=\"Cyklingen i Baskien \u00e4r helt underbar! Skiftande och gr\u00f6nskande landskap med f\u00e5 bilar. Vi startar nere vid Atlantkusten i Biarritz och tar sikte p\u00e5 Pamplona och v\u00e5rt f\u00f6rsta m\u00e5l i Spanien. N\u00e4r vi sen rullar tillbaka in i Biarritz sex dagar senare. Har vi f\u00e5tt uppleva dagar med allt fr\u00e5n skogsv\u00e4gar till \u00f6ppna landskap med [&hellip;]\" \/>\n<meta property=\"og:url\" content=\"https:\/\/inzain.bike\/fr_be\/bas24-cycling\/\" \/>\n<meta property=\"og:site_name\" content=\"INZAIN Cycling EXPERIENCES\" \/>\n<meta property=\"article:publisher\" content=\"https:\/\/www.facebook.com\/Inzain.bike\" \/>\n<meta property=\"article:modified_time\" content=\"2023-11-25T15:50:24+00:00\" \/>\n<meta property=\"og:image\" content=\"https:\/\/inzain.bike\/wp-content\/uploads\/2023\/11\/IMG_5220.jpg\" \/>\n<meta name=\"twitter:card\" content=\"summary_large_image\" \/>\n<meta name=\"twitter:label1\" content=\"Dur\u00e9e de lecture est.\" \/>\n\t<meta name=\"twitter:data1\" content=\"4 minutes\" \/>\n<script type=\"application\/ld+json\" class=\"yoast-schema-graph\">{\"@context\":\"https:\/\/schema.org\",\"@graph\":[{\"@type\":\"WebPage\",\"@id\":\"https:\/\/inzain.bike\/en\/bas24-cycling\/\",\"url\":\"https:\/\/inzain.bike\/en\/bas24-cycling\/\",\"name\":\"Baskien Cykling - INZAIN Cycling EXPERIENCES\",\"isPartOf\":{\"@id\":\"https:\/\/inzain.bike\/fr_be\/#website\"},\"primaryImageOfPage\":{\"@id\":\"https:\/\/inzain.bike\/en\/bas24-cycling\/#primaryimage\"},\"image\":{\"@id\":\"https:\/\/inzain.bike\/en\/bas24-cycling\/#primaryimage\"},\"thumbnailUrl\":\"https:\/\/inzain.bike\/wp-content\/uploads\/2023\/11\/IMG_5220.jpg\",\"datePublished\":\"2023-11-11T17:13:58+00:00\",\"dateModified\":\"2023-11-25T15:50:24+00:00\",\"breadcrumb\":{\"@id\":\"https:\/\/inzain.bike\/en\/bas24-cycling\/#breadcrumb\"},\"inLanguage\":\"fr-BE\",\"potentialAction\":[{\"@type\":\"ReadAction\",\"target\":[\"https:\/\/inzain.bike\/en\/bas24-cycling\/\"]}]},{\"@type\":\"ImageObject\",\"inLanguage\":\"fr-BE\",\"@id\":\"https:\/\/inzain.bike\/en\/bas24-cycling\/#primaryimage\",\"url\":\"https:\/\/inzain.bike\/wp-content\/uploads\/2023\/11\/IMG_5220.jpg\",\"contentUrl\":\"https:\/\/inzain.bike\/wp-content\/uploads\/2023\/11\/IMG_5220.jpg\"},{\"@type\":\"BreadcrumbList\",\"@id\":\"https:\/\/inzain.bike\/en\/bas24-cycling\/#breadcrumb\",\"itemListElement\":[{\"@type\":\"ListItem\",\"position\":1,\"name\":\"Hem\",\"item\":\"https:\/\/inzain.bike\/fr_be\/\"},{\"@type\":\"ListItem\",\"position\":2,\"name\":\"Baskien Cykling\"}]},{\"@type\":\"WebSite\",\"@id\":\"https:\/\/inzain.bike\/fr_be\/#website\",\"url\":\"https:\/\/inzain.bike\/fr_be\/\",\"name\":\"INZAIN Cycling EXPERIENCES\",\"description\":\"Cyckling Adventures  - for everyone\",\"publisher\":{\"@id\":\"https:\/\/inzain.bike\/fr_be\/#organization\"},\"alternateName\":\"INZAIN Gravel & Travel\",\"potentialAction\":[{\"@type\":\"SearchAction\",\"target\":{\"@type\":\"EntryPoint\",\"urlTemplate\":\"https:\/\/inzain.bike\/fr_be\/?s={search_term_string}\"},\"query-input\":{\"@type\":\"PropertyValueSpecification\",\"valueRequired\":true,\"valueName\":\"search_term_string\"}}],\"inLanguage\":\"fr-BE\"},{\"@type\":\"Organization\",\"@id\":\"https:\/\/inzain.bike\/fr_be\/#organization\",\"name\":\"INZAIN Cycling EXPERIENCES\",\"url\":\"https:\/\/inzain.bike\/fr_be\/\",\"logo\":{\"@type\":\"ImageObject\",\"inLanguage\":\"fr-BE\",\"@id\":\"https:\/\/inzain.bike\/fr_be\/#\/schema\/logo\/image\/\",\"url\":\"https:\/\/i0.wp.com\/inzain.bike\/wp-content\/uploads\/2023\/09\/cropped-INZAIN_512x512_white.png?fit=512%2C512&ssl=1\",\"contentUrl\":\"https:\/\/i0.wp.com\/inzain.bike\/wp-content\/uploads\/2023\/09\/cropped-INZAIN_512x512_white.png?fit=512%2C512&ssl=1\",\"width\":512,\"height\":512,\"caption\":\"INZAIN Cycling EXPERIENCES\"},\"image\":{\"@id\":\"https:\/\/inzain.bike\/fr_be\/#\/schema\/logo\/image\/\"},\"sameAs\":[\"https:\/\/www.facebook.com\/Inzain.bike\",\"https:\/\/www.instagram.com\/inzainbike\"]}]}<\/script>\n<!-- \/ Yoast SEO plugin. -->","yoast_head_json":{"title":"Cyclisme au Pays Basque - INZAIN Cycling EXPERIENCES","robots":{"index":"index","follow":"follow","max-snippet":"max-snippet:-1","max-image-preview":"max-image-preview:large","max-video-preview":"max-video-preview:-1"},"canonical":"https:\/\/inzain.bike\/fr_be\/bas24-cycling\/","og_locale":"fr_FR","og_type":"article","og_title":"Baskien Cykling - INZAIN Cycling EXPERIENCES","og_description":"Cyklingen i Baskien \u00e4r helt underbar! Skiftande och gr\u00f6nskande landskap med f\u00e5 bilar. Vi startar nere vid Atlantkusten i Biarritz och tar sikte p\u00e5 Pamplona och v\u00e5rt f\u00f6rsta m\u00e5l i Spanien. N\u00e4r vi sen rullar tillbaka in i Biarritz sex dagar senare. Har vi f\u00e5tt uppleva dagar med allt fr\u00e5n skogsv\u00e4gar till \u00f6ppna landskap med [&hellip;]","og_url":"https:\/\/inzain.bike\/fr_be\/bas24-cycling\/","og_site_name":"INZAIN Cycling EXPERIENCES","article_publisher":"https:\/\/www.facebook.com\/Inzain.bike","article_modified_time":"2023-11-25T15:50:24+00:00","og_image":[{"url":"https:\/\/inzain.bike\/wp-content\/uploads\/2023\/11\/IMG_5220.jpg","type":"","width":"","height":""}],"twitter_card":"summary_large_image","twitter_misc":{"Dur\u00e9e de lecture est.":"4 minutes"},"schema":{"@context":"https:\/\/schema.org","@graph":[{"@type":"WebPage","@id":"https:\/\/inzain.bike\/en\/bas24-cycling\/","url":"https:\/\/inzain.bike\/en\/bas24-cycling\/","name":"Cyclisme au Pays Basque - INZAIN Cycling EXPERIENCES","isPartOf":{"@id":"https:\/\/inzain.bike\/fr_be\/#website"},"primaryImageOfPage":{"@id":"https:\/\/inzain.bike\/en\/bas24-cycling\/#primaryimage"},"image":{"@id":"https:\/\/inzain.bike\/en\/bas24-cycling\/#primaryimage"},"thumbnailUrl":"https:\/\/inzain.bike\/wp-content\/uploads\/2023\/11\/IMG_5220.jpg","datePublished":"2023-11-11T17:13:58+00:00","dateModified":"2023-11-25T15:50:24+00:00","breadcrumb":{"@id":"https:\/\/inzain.bike\/en\/bas24-cycling\/#breadcrumb"},"inLanguage":"fr-BE","potentialAction":[{"@type":"ReadAction","target":["https:\/\/inzain.bike\/en\/bas24-cycling\/"]}]},{"@type":"ImageObject","inLanguage":"fr-BE","@id":"https:\/\/inzain.bike\/en\/bas24-cycling\/#primaryimage","url":"https:\/\/inzain.bike\/wp-content\/uploads\/2023\/11\/IMG_5220.jpg","contentUrl":"https:\/\/inzain.bike\/wp-content\/uploads\/2023\/11\/IMG_5220.jpg"},{"@type":"BreadcrumbList","@id":"https:\/\/inzain.bike\/en\/bas24-cycling\/#breadcrumb","itemListElement":[{"@type":"ListItem","position":1,"name":"Hem","item":"https:\/\/inzain.bike\/fr_be\/"},{"@type":"ListItem","position":2,"name":"Baskien Cykling"}]},{"@type":"WebSite","@id":"https:\/\/inzain.bike\/fr_be\/#website","url":"https:\/\/inzain.bike\/fr_be\/","name":"EXP\u00c9RIENCES Cyclistes INZAIN","description":"Aventures \u00e0 v\u00e9lo - pour tous","publisher":{"@id":"https:\/\/inzain.bike\/fr_be\/#organization"},"alternateName":"INZAIN Gravel & Travel","potentialAction":[{"@type":"SearchAction","target":{"@type":"EntryPoint","urlTemplate":"https:\/\/inzain.bike\/fr_be\/?s={search_term_string}"},"query-input":{"@type":"PropertyValueSpecification","valueRequired":true,"valueName":"search_term_string"}}],"inLanguage":"fr-BE"},{"@type":"Organization","@id":"https:\/\/inzain.bike\/fr_be\/#organization","name":"EXP\u00c9RIENCES Cyclistes INZAIN","url":"https:\/\/inzain.bike\/fr_be\/","logo":{"@type":"ImageObject","inLanguage":"fr-BE","@id":"https:\/\/inzain.bike\/fr_be\/#\/schema\/logo\/image\/","url":"https:\/\/i0.wp.com\/inzain.bike\/wp-content\/uploads\/2023\/09\/cropped-INZAIN_512x512_white.png?fit=512%2C512&ssl=1","contentUrl":"https:\/\/i0.wp.com\/inzain.bike\/wp-content\/uploads\/2023\/09\/cropped-INZAIN_512x512_white.png?fit=512%2C512&ssl=1","width":512,"height":512,"caption":"INZAIN Cycling EXPERIENCES"},"image":{"@id":"https:\/\/inzain.bike\/fr_be\/#\/schema\/logo\/image\/"},"sameAs":["https:\/\/www.facebook.com\/Inzain.bike","https:\/\/www.instagram.com\/inzainbike"]}]}},"amp_enabled":true,"_links":{"self":[{"href":"https:\/\/inzain.bike\/fr_be\/wp-json\/wp\/v2\/pages\/4769","targetHints":{"allow":["GET"]}}],"collection":[{"href":"https:\/\/inzain.bike\/fr_be\/wp-json\/wp\/v2\/pages"}],"about":[{"href":"https:\/\/inzain.bike\/fr_be\/wp-json\/wp\/v2\/types\/page"}],"author":[{"embeddable":true,"href":"https:\/\/inzain.bike\/fr_be\/wp-json\/wp\/v2\/users\/135133094"}],"replies":[{"embeddable":true,"href":"https:\/\/inzain.bike\/fr_be\/wp-json\/wp\/v2\/comments?post=4769"}],"version-history":[{"count":0,"href":"https:\/\/inzain.bike\/fr_be\/wp-json\/wp\/v2\/pages\/4769\/revisions"}],"wp:attachment":[{"href":"https:\/\/inzain.bike\/fr_be\/wp-json\/wp\/v2\/media?parent=4769"}],"curies":[{"name":"wp","href":"https:\/\/api.w.org\/{rel}","templated":true}]}}