{"id":484,"date":"2021-06-07T11:59:54","date_gmt":"2021-06-07T09:59:54","guid":{"rendered":"https:\/\/inzain.bike\/?page_id=484"},"modified":"2021-06-07T12:01:30","modified_gmt":"2021-06-07T10:01:30","slug":"gravelhelg-i-skaraborg","status":"publish","type":"page","link":"https:\/\/inzain.bike\/fr_be\/gravelhelg-i-skaraborg\/","title":{"rendered":"Week-end gravel \u00e0 Skaraborg"},"content":{"rendered":"<figure class=\"wp-block-image size-large\"><img decoding=\"async\" src=\"https:\/\/inzain.bike\/wp-content\/uploads\/2021\/06\/20210605_082204.jpg?w=1024\" alt=\"\" class=\"wp-image-487\" \/><\/figure>\n\n\n\n<p>Sept amis sont descendus \u00e0 Skaraborg pour essayer les belles routes autour du canal Undern et G\u00f6ta. Nous avons eu la chance de vivre absolument fantastique au bord de l&#039;eau avec un bain, un sauna et des pizzas faites maison. Donc le bon endroit, la bonne nourriture et de bons amis, tout est pr\u00eat pour un excellent week-end.<\/p>\n\n\n\n<p>La journ\u00e9e de samedi a commenc\u00e9 avec quelques graviers, le d\u00e9compte local avait entretenu la route, un peu difficile mais \u00e7a s&#039;est bien pass\u00e9 finalement. La chaleur monte, 25-26 degr\u00e9s, 1000 SEK pour celui qui voit un nuage, presque pas de vent. Nous avons bu comme des chameaux. Apr\u00e8s quatre kilom\u00e8tres nous arrivons \u00e0 une belle plage, assez agr\u00e9able pour respirer \u00e0 l&#039;ombre et prendre quelques photos.<br><\/p>\n\n\n\n<figure class=\"wp-block-image size-large\"><img decoding=\"async\" src=\"https:\/\/inzain.bike\/wp-content\/uploads\/2021\/06\/20210605_104540.jpg?w=1024\" alt=\"\" class=\"wp-image-489\" \/><\/figure>\n\n\n\n<figure class=\"wp-block-image size-large\"><img decoding=\"async\" src=\"https:\/\/inzain.bike\/wp-content\/uploads\/2021\/06\/20210605_104137.jpg?w=1024\" alt=\"\" class=\"wp-image-490\" \/><\/figure>\n\n\n\n<p>Nous nous dirigeons vers le caf\u00e9, les sandwichs aux boulettes de viande v\u00e9g\u00e9taliennes et les petits pains, c&#039;est bien que tous les panneaux soient en allemand, on devine d&#039;o\u00f9 viennent les flux touristiques.<\/p>\n\n\n\n<p>Quelque temps apr\u00e8s le caf\u00e9, au milieu du parc national de Tiveden, j&#039;entends un l\u00e9ger cri derri\u00e8re moi - &quot;Gerry... Gerry&quot;.. Secret Pontus avait un probl\u00e8me ! Il s&#039;est av\u00e9r\u00e9 que c&#039;\u00e9tait le cliquet de son moyeu DT Swiss 240 EXP qui ne s&#039;enclenchait plus. V\u00e9lo termin\u00e9. Il fallut donner de la nourriture suppl\u00e9mentaire aux chevaux des ap\u00f4tres et ils partirent.<\/p>\n\n\n\n<figure class=\"wp-block-image size-large\"><img decoding=\"async\" src=\"https:\/\/inzain.bike\/wp-content\/uploads\/2021\/06\/g0051976.jpg?w=1024\" alt=\"\" class=\"wp-image-509\" \/><\/figure>\n\n\n\n<p><br>Un petit appel au prochain caf\u00e9 pour obtenir de l&#039;aide, le chemin est loin... 20km. Nous d\u00e9cidons que certains avancent tandis que P et V suivent. Apr\u00e8s tout, P est entreprenant et a rapidement r\u00e9ussi \u00e0 charmer une famille allemande pour le conduire, maintenant avec une fus\u00e9e en fibre de carbone l\u00e9g\u00e8rement foul\u00e9e pour le caf\u00e9. Malheureusement, V n&#039;avait pas vraiment compris comment se d\u00e9roulait l&#039;itin\u00e9raire &quot;gena&quot; mis \u00e0 jour, mais apr\u00e8s quelques erreurs d&#039;orientation, elle a r\u00e9ussi.<br><br>P loue un VTT, laisse le v\u00e9lo l\u00e0-bas et nous parcourons les derniers 25 km pour r\u00e9cup\u00e9rer la voiture, pendant que le reste du groupe termine le parcours.<\/p>\n\n\n\n<figure class=\"wp-block-image size-large\"><img loading=\"lazy\" decoding=\"async\" width=\"720\" height=\"960\" src=\"https:\/\/inzain.bike\/wp-content\/uploads\/2021\/06\/pizza.jpg?w=720\" alt=\"\" class=\"wp-image-493\" srcset=\"https:\/\/inzain.bike\/wp-content\/uploads\/2021\/06\/pizza.jpg 720w, https:\/\/inzain.bike\/wp-content\/uploads\/2021\/06\/pizza-225x300.jpg 225w, https:\/\/inzain.bike\/wp-content\/uploads\/2021\/06\/pizza-9x12.jpg 9w, https:\/\/inzain.bike\/wp-content\/uploads\/2021\/06\/pizza-600x800.jpg 600w\" sizes=\"auto, (max-width: 720px) 100vw, 720px\" \/><\/figure>\n\n\n\n<p><br><br>Le soir, une pizza \u00e9tait servie, le nouveau four \u00e0 bois Onni \u00e9tait inaugur\u00e9 et une bouteille de bon vin \u00e9tait d\u00e9gust\u00e9e de temps en temps avant de nous endormir, comme des grues \u00e9puis\u00e9es.<\/p>\n\n\n\n<p><strong>Dimanche, voyage \u00e0 Sj\u00f6torp puis le long de G\u00f6ta Kanal.<\/strong><br><br>Monsieur P faisait office de voiture d&#039;escorte, en l&#039;absence de v\u00e9lo en \u00e9tat de marche. Nous avons rencontr\u00e9 \u00e0 divers endroits, servi du Frappucino glac\u00e9 et des friandises sal\u00e9es, peut-\u00eatre un nouveau standard ? Certains voulaient passer \u00e0 l\u2019\u00e9chelle sup\u00e9rieure et ont demand\u00e9 du caviar et des blinis russes, mais apparemment, il y a une sorte de limite ?<\/p>\n\n\n\n<p>La tourn\u00e9e s&#039;est d&#039;abord d\u00e9roul\u00e9e principalement en for\u00eat, avec quelques sections ouvertes.<\/p>\n\n\n\n<figure class=\"wp-block-image size-large\"><img decoding=\"async\" src=\"https:\/\/inzain.bike\/wp-content\/uploads\/2021\/06\/g0011574.jpg?w=1024\" alt=\"\" class=\"wp-image-494\" \/><\/figure>\n\n\n\n<p>De jolis chemins de terre, un petit chemin puis un bel \u00e9tang.<\/p>\n\n\n\n<figure class=\"wp-block-image size-large\"><img decoding=\"async\" src=\"https:\/\/inzain.bike\/wp-content\/uploads\/2021\/06\/20210606_111525.jpg?w=766\" alt=\"\" class=\"wp-image-496\" \/><\/figure>\n\n\n\n<p>\u00c0 Sj\u00f6torp, nous avons mieux d\u00e9jeun\u00e9 et finalement il \u00e9tait temps de parcourir 40 km de G\u00f6ta Kanal, vraiment sympa et magiquement beau. Nous avons \u00e9tudi\u00e9 une \u00e9cluse, un concours de p\u00eache et une \u00e9norme glace.<\/p>\n\n\n\n<div class=\"wp-block-jetpack-tiled-gallery aligncenter is-style-rectangular\"><div class=\"tiled-gallery__gallery\"><div class=\"tiled-gallery__row\"><div class=\"tiled-gallery__col\" style=\"flex-basis:66.78241%;\"><figure class=\"tiled-gallery__item\"><img decoding=\"async\" alt=\"\" data-height=\"3000\" data-id=\"498\" data-link=\"https:\/\/inzain.bike\/20210606_140957\/\" data-url=\"https:\/\/inzain.bike\/wp-content\/uploads\/2021\/06\/20210606_140957.jpg\" data-width=\"4000\" src=\"https:\/\/inzain.bike\/wp-content\/uploads\/2021\/06\/20210606_140957.jpg\" data-amp-layout=\"responsive\" \/><\/figure><\/div><div class=\"tiled-gallery__col\" style=\"flex-basis:33.21759%;\"><figure class=\"tiled-gallery__item\"><img decoding=\"async\" alt=\"\" data-height=\"3000\" data-id=\"499\" data-link=\"https:\/\/inzain.bike\/20210606_154936\/\" data-url=\"https:\/\/inzain.bike\/wp-content\/uploads\/2021\/06\/20210606_154936.jpg\" data-width=\"4000\" src=\"https:\/\/inzain.bike\/wp-content\/uploads\/2021\/06\/20210606_154936.jpg\" data-amp-layout=\"responsive\" \/><\/figure><figure class=\"tiled-gallery__item\"><img decoding=\"async\" alt=\"\" data-height=\"3000\" data-id=\"500\" data-link=\"https:\/\/inzain.bike\/20210606_155332\/\" data-url=\"https:\/\/inzain.bike\/wp-content\/uploads\/2021\/06\/20210606_155332.jpg\" data-width=\"4000\" src=\"https:\/\/inzain.bike\/wp-content\/uploads\/2021\/06\/20210606_155332.jpg\" data-amp-layout=\"responsive\" \/><\/figure><\/div><\/div><div class=\"tiled-gallery__row\"><div class=\"tiled-gallery__col\" style=\"flex-basis:33.33333%;\"><figure class=\"tiled-gallery__item\"><img decoding=\"async\" alt=\"\" data-height=\"3000\" data-id=\"501\" data-link=\"https:\/\/inzain.bike\/20210606_155658\/\" data-url=\"https:\/\/inzain.bike\/wp-content\/uploads\/2021\/06\/20210606_155658.jpg\" data-width=\"4000\" src=\"https:\/\/inzain.bike\/wp-content\/uploads\/2021\/06\/20210606_155658.jpg\" data-amp-layout=\"responsive\" \/><\/figure><\/div><div class=\"tiled-gallery__col\" style=\"flex-basis:33.33333%;\"><figure class=\"tiled-gallery__item\"><img decoding=\"async\" alt=\"\" data-height=\"3888\" data-id=\"502\" data-link=\"https:\/\/inzain.bike\/dcim101goprog0092779-jpg\/\" data-url=\"https:\/\/inzain.bike\/wp-content\/uploads\/2021\/06\/g0092779.jpg\" data-width=\"5184\" src=\"https:\/\/inzain.bike\/wp-content\/uploads\/2021\/06\/g0092779.jpg\" data-amp-layout=\"responsive\" \/><\/figure><\/div><div class=\"tiled-gallery__col\" style=\"flex-basis:33.33333%;\"><figure class=\"tiled-gallery__item\"><img decoding=\"async\" alt=\"\" data-height=\"3888\" data-id=\"504\" data-link=\"https:\/\/inzain.bike\/dcim101goprog0092805-jpg\/\" data-url=\"https:\/\/inzain.bike\/wp-content\/uploads\/2021\/06\/g0092805.jpg\" data-width=\"5184\" src=\"https:\/\/inzain.bike\/wp-content\/uploads\/2021\/06\/g0092805.jpg\" data-amp-layout=\"responsive\" \/><\/figure><\/div><\/div><div class=\"tiled-gallery__row\"><div class=\"tiled-gallery__col\" style=\"flex-basis:25%;\"><figure class=\"tiled-gallery__item\"><img decoding=\"async\" alt=\"\" data-height=\"3888\" data-id=\"505\" data-link=\"https:\/\/inzain.bike\/dcim101goprog0092843-jpg\/\" data-url=\"https:\/\/inzain.bike\/wp-content\/uploads\/2021\/06\/g0092843.jpg\" data-width=\"5184\" src=\"https:\/\/inzain.bike\/wp-content\/uploads\/2021\/06\/g0092843.jpg\" data-amp-layout=\"responsive\" \/><\/figure><\/div><div class=\"tiled-gallery__col\" style=\"flex-basis:25%;\"><figure class=\"tiled-gallery__item\"><img decoding=\"async\" alt=\"\" data-height=\"3888\" data-id=\"506\" data-link=\"https:\/\/inzain.bike\/dcim101goprog0102947-jpg\/\" data-url=\"https:\/\/inzain.bike\/wp-content\/uploads\/2021\/06\/g0102947.jpg\" data-width=\"5184\" src=\"https:\/\/inzain.bike\/wp-content\/uploads\/2021\/06\/g0102947.jpg\" data-amp-layout=\"responsive\" \/><\/figure><\/div><div class=\"tiled-gallery__col\" style=\"flex-basis:25%;\"><figure class=\"tiled-gallery__item\"><img decoding=\"async\" alt=\"\" data-height=\"3888\" data-id=\"507\" data-link=\"https:\/\/inzain.bike\/dcim101goprog0102949-jpg\/\" data-url=\"https:\/\/inzain.bike\/wp-content\/uploads\/2021\/06\/g0102949.jpg\" data-width=\"5184\" src=\"https:\/\/inzain.bike\/wp-content\/uploads\/2021\/06\/g0102949.jpg\" data-amp-layout=\"responsive\" \/><\/figure><\/div><div class=\"tiled-gallery__col\" style=\"flex-basis:25%;\"><figure class=\"tiled-gallery__item\"><img decoding=\"async\" alt=\"\" data-height=\"3888\" data-id=\"508\" data-link=\"https:\/\/inzain.bike\/dcim101goprog0102968-jpg\/\" data-url=\"https:\/\/inzain.bike\/wp-content\/uploads\/2021\/06\/g0102968.jpg\" data-width=\"5184\" src=\"https:\/\/inzain.bike\/wp-content\/uploads\/2021\/06\/g0102968.jpg\" data-amp-layout=\"responsive\" \/><\/figure><\/div><\/div><\/div><\/div>\n\n\n\n<p>Apr\u00e8s Kanalen, il ne nous reste plus que 20km \u00e0 parcourir, mais nous avons le temps de faire une petite erreur de navigation et une randonn\u00e9e \u00e0 v\u00e9lo, Classe III. Un peu juste de la mousse \ud83d\ude42<br><br><\/p>\n\n\n\n<figure class=\"wp-block-image size-large\"><img decoding=\"async\" src=\"https:\/\/inzain.bike\/wp-content\/uploads\/2021\/06\/g0102984.jpg?w=1024\" alt=\"\" class=\"wp-image-512\" \/><figcaption>Randonn\u00e9e \u00e0 v\u00e9lo<\/figcaption><\/figure>\n\n\n\n<p>Une fois sur place, nous nous baignons, pr\u00e9parons nos v\u00e9los et r\u00e9sumons le week-end comme \u00e9tant absolument fantastique. Merci \u00e0 P qui avait organis\u00e9 et merci \u00e0 tous ceux qui ont particip\u00e9 !<\/p>\n\n\n\n<div class=\"wp-block-jetpack-tiled-gallery aligncenter is-style-rectangular\"><div class=\"tiled-gallery__gallery\"><div class=\"tiled-gallery__row\"><div class=\"tiled-gallery__col\" style=\"flex-basis:66.78241%;\"><figure class=\"tiled-gallery__item\"><img decoding=\"async\" alt=\"\" data-height=\"3000\" data-id=\"514\" data-link=\"https:\/\/inzain.bike\/20210606_112853\/\" data-url=\"https:\/\/inzain.bike\/wp-content\/uploads\/2021\/06\/20210606_112853.jpg\" data-width=\"4000\" src=\"https:\/\/inzain.bike\/wp-content\/uploads\/2021\/06\/20210606_112853.jpg\" data-amp-layout=\"responsive\" \/><\/figure><\/div><div class=\"tiled-gallery__col\" style=\"flex-basis:33.21759%;\"><figure class=\"tiled-gallery__item\"><img decoding=\"async\" alt=\"\" data-height=\"3888\" data-id=\"515\" data-link=\"https:\/\/inzain.bike\/dcim100goprog0011581-jpg\/\" data-url=\"https:\/\/inzain.bike\/wp-content\/uploads\/2021\/06\/g0011581.jpg\" data-width=\"5184\" src=\"https:\/\/inzain.bike\/wp-content\/uploads\/2021\/06\/g0011581.jpg\" data-amp-layout=\"responsive\" \/><\/figure><figure class=\"tiled-gallery__item\"><img decoding=\"async\" alt=\"\" data-height=\"3888\" data-id=\"516\" data-link=\"https:\/\/inzain.bike\/dcim100goprog0011603-jpg\/\" data-url=\"https:\/\/inzain.bike\/wp-content\/uploads\/2021\/06\/g0011603.jpg\" data-width=\"5184\" src=\"https:\/\/inzain.bike\/wp-content\/uploads\/2021\/06\/g0011603.jpg\" data-amp-layout=\"responsive\" \/><\/figure><\/div><\/div><div class=\"tiled-gallery__row\"><div class=\"tiled-gallery__col\" style=\"flex-basis:25%;\"><figure class=\"tiled-gallery__item\"><img decoding=\"async\" alt=\"\" data-height=\"3888\" data-id=\"517\" data-link=\"https:\/\/inzain.bike\/dcim101goprog0072451-jpg\/\" data-url=\"https:\/\/inzain.bike\/wp-content\/uploads\/2021\/06\/g0072451.jpg\" data-width=\"5184\" src=\"https:\/\/inzain.bike\/wp-content\/uploads\/2021\/06\/g0072451.jpg\" data-amp-layout=\"responsive\" \/><\/figure><\/div><div class=\"tiled-gallery__col\" style=\"flex-basis:25%;\"><figure class=\"tiled-gallery__item\"><img decoding=\"async\" alt=\"\" data-height=\"3888\" data-id=\"518\" data-link=\"https:\/\/inzain.bike\/dcim101goprog0082642-jpg\/\" data-url=\"https:\/\/inzain.bike\/wp-content\/uploads\/2021\/06\/g0082642.jpg\" data-width=\"5184\" src=\"https:\/\/inzain.bike\/wp-content\/uploads\/2021\/06\/g0082642.jpg\" data-amp-layout=\"responsive\" \/><\/figure><\/div><div class=\"tiled-gallery__col\" style=\"flex-basis:25%;\"><figure class=\"tiled-gallery__item\"><img decoding=\"async\" alt=\"\" data-height=\"3888\" data-id=\"519\" data-link=\"https:\/\/inzain.bike\/dcim101goprog0082695-jpg\/\" data-url=\"https:\/\/inzain.bike\/wp-content\/uploads\/2021\/06\/g0082695.jpg\" data-width=\"5184\" src=\"https:\/\/inzain.bike\/wp-content\/uploads\/2021\/06\/g0082695.jpg\" data-amp-layout=\"responsive\" \/><\/figure><\/div><div class=\"tiled-gallery__col\" style=\"flex-basis:25%;\"><figure class=\"tiled-gallery__item\"><img decoding=\"async\" alt=\"\" data-height=\"3888\" data-id=\"521\" data-link=\"https:\/\/inzain.bike\/dcim101goprog0102968-jpg-2\/\" data-url=\"https:\/\/inzain.bike\/wp-content\/uploads\/2021\/06\/g0102968-1.jpg\" data-width=\"5184\" src=\"https:\/\/inzain.bike\/wp-content\/uploads\/2021\/06\/g0102968-1.jpg\" data-amp-layout=\"responsive\" \/><\/figure><\/div><\/div><\/div><\/div>\n\n\n\n<p>L&#039;itin\u00e9raire que nous avons parcouru dimanche : <br><a href=\"https:\/\/teamutangranser.se\/toreboda-hova-ostlig-loop\/\">https:\/\/teamutangranser.se\/toreboda-hova-ostlig-loop\/<\/a><\/p>\n\n\n\n<p><\/p>","protected":false},"excerpt":{"rendered":"<p>Sju v\u00e4nner \u00e5kte ner till Skaraborg f\u00f6r att prova de fina v\u00e4garna runt Undern och G\u00f6ta kanal. Vi hade turen att f\u00e5 bo helt fantastiskt precis vid vattnet med bad, bastu och hemlagad Pizza. S\u00e5 r\u00e4tt plats, r\u00e4tt mat och goda v\u00e4nner, allt b\u00e4ddat f\u00f6r en grym helg. L\u00f6rdagen b\u00f6rjade med lite l\u00f6st grus, lokala [&hellip;]<\/p>\n","protected":false},"author":135133094,"featured_media":0,"parent":0,"menu_order":0,"comment_status":"closed","ping_status":"closed","template":"","meta":{"_coblocks_attr":"","_coblocks_dimensions":"","_coblocks_responsive_height":"","_coblocks_accordion_ie_support":"","footnotes":""},"class_list":["post-484","page","type-page","status-publish","hentry"],"yoast_head":"<!-- This site is optimized with the Yoast SEO plugin v27.2 - https:\/\/yoast.com\/product\/yoast-seo-wordpress\/ -->\n<title>Gravelhelg i Skaraborg - INZAIN Cycling EXPERIENCES<\/title>\n<meta name=\"robots\" content=\"index, follow, max-snippet:-1, max-image-preview:large, max-video-preview:-1\" \/>\n<link rel=\"canonical\" href=\"https:\/\/inzain.bike\/fr_be\/gravelhelg-i-skaraborg\/\" \/>\n<meta property=\"og:locale\" content=\"fr_FR\" \/>\n<meta property=\"og:type\" content=\"article\" \/>\n<meta property=\"og:title\" content=\"Gravelhelg i Skaraborg - INZAIN Cycling EXPERIENCES\" \/>\n<meta property=\"og:description\" content=\"Sju v\u00e4nner \u00e5kte ner till Skaraborg f\u00f6r att prova de fina v\u00e4garna runt Undern och G\u00f6ta kanal. Vi hade turen att f\u00e5 bo helt fantastiskt precis vid vattnet med bad, bastu och hemlagad Pizza. S\u00e5 r\u00e4tt plats, r\u00e4tt mat och goda v\u00e4nner, allt b\u00e4ddat f\u00f6r en grym helg. L\u00f6rdagen b\u00f6rjade med lite l\u00f6st grus, lokala [&hellip;]\" \/>\n<meta property=\"og:url\" content=\"https:\/\/inzain.bike\/fr_be\/gravelhelg-i-skaraborg\/\" \/>\n<meta property=\"og:site_name\" content=\"INZAIN Cycling EXPERIENCES\" \/>\n<meta property=\"article:publisher\" content=\"https:\/\/www.facebook.com\/Inzain.bike\" \/>\n<meta property=\"article:modified_time\" content=\"2021-06-07T10:01:30+00:00\" \/>\n<meta property=\"og:image\" content=\"https:\/\/inzain.bike\/wp-content\/uploads\/2021\/06\/20210605_082204.jpg?w=1024\" \/>\n<meta name=\"twitter:card\" content=\"summary_large_image\" \/>\n<meta name=\"twitter:label1\" content=\"Dur\u00e9e de lecture est.\" \/>\n\t<meta name=\"twitter:data1\" content=\"3 minutes\" \/>\n<script type=\"application\/ld+json\" class=\"yoast-schema-graph\">{\"@context\":\"https:\/\/schema.org\",\"@graph\":[{\"@type\":\"WebPage\",\"@id\":\"https:\/\/inzain.bike\/en\/gravelhelg-i-skaraborg\/\",\"url\":\"https:\/\/inzain.bike\/en\/gravelhelg-i-skaraborg\/\",\"name\":\"Gravelhelg i Skaraborg - INZAIN Cycling EXPERIENCES\",\"isPartOf\":{\"@id\":\"https:\/\/inzain.bike\/fr_be\/#website\"},\"primaryImageOfPage\":{\"@id\":\"https:\/\/inzain.bike\/en\/gravelhelg-i-skaraborg\/#primaryimage\"},\"image\":{\"@id\":\"https:\/\/inzain.bike\/en\/gravelhelg-i-skaraborg\/#primaryimage\"},\"thumbnailUrl\":\"https:\/\/inzain.bike\/wp-content\/uploads\/2021\/06\/20210605_082204.jpg?w=1024\",\"datePublished\":\"2021-06-07T09:59:54+00:00\",\"dateModified\":\"2021-06-07T10:01:30+00:00\",\"breadcrumb\":{\"@id\":\"https:\/\/inzain.bike\/en\/gravelhelg-i-skaraborg\/#breadcrumb\"},\"inLanguage\":\"fr-BE\",\"potentialAction\":[{\"@type\":\"ReadAction\",\"target\":[\"https:\/\/inzain.bike\/en\/gravelhelg-i-skaraborg\/\"]}]},{\"@type\":\"ImageObject\",\"inLanguage\":\"fr-BE\",\"@id\":\"https:\/\/inzain.bike\/en\/gravelhelg-i-skaraborg\/#primaryimage\",\"url\":\"https:\/\/inzain.bike\/wp-content\/uploads\/2021\/06\/20210605_082204.jpg?w=1024\",\"contentUrl\":\"https:\/\/inzain.bike\/wp-content\/uploads\/2021\/06\/20210605_082204.jpg?w=1024\"},{\"@type\":\"BreadcrumbList\",\"@id\":\"https:\/\/inzain.bike\/en\/gravelhelg-i-skaraborg\/#breadcrumb\",\"itemListElement\":[{\"@type\":\"ListItem\",\"position\":1,\"name\":\"Hem\",\"item\":\"https:\/\/inzain.bike\/fr_be\/\"},{\"@type\":\"ListItem\",\"position\":2,\"name\":\"Gravelhelg i Skaraborg\"}]},{\"@type\":\"WebSite\",\"@id\":\"https:\/\/inzain.bike\/fr_be\/#website\",\"url\":\"https:\/\/inzain.bike\/fr_be\/\",\"name\":\"INZAIN Cycling EXPERIENCES\",\"description\":\"Cyckling Adventures  - for everyone\",\"publisher\":{\"@id\":\"https:\/\/inzain.bike\/fr_be\/#organization\"},\"alternateName\":\"INZAIN Gravel & Travel\",\"potentialAction\":[{\"@type\":\"SearchAction\",\"target\":{\"@type\":\"EntryPoint\",\"urlTemplate\":\"https:\/\/inzain.bike\/fr_be\/?s={search_term_string}\"},\"query-input\":{\"@type\":\"PropertyValueSpecification\",\"valueRequired\":true,\"valueName\":\"search_term_string\"}}],\"inLanguage\":\"fr-BE\"},{\"@type\":\"Organization\",\"@id\":\"https:\/\/inzain.bike\/fr_be\/#organization\",\"name\":\"INZAIN Cycling EXPERIENCES\",\"url\":\"https:\/\/inzain.bike\/fr_be\/\",\"logo\":{\"@type\":\"ImageObject\",\"inLanguage\":\"fr-BE\",\"@id\":\"https:\/\/inzain.bike\/fr_be\/#\/schema\/logo\/image\/\",\"url\":\"https:\/\/i0.wp.com\/inzain.bike\/wp-content\/uploads\/2023\/09\/cropped-INZAIN_512x512_white.png?fit=512%2C512&ssl=1\",\"contentUrl\":\"https:\/\/i0.wp.com\/inzain.bike\/wp-content\/uploads\/2023\/09\/cropped-INZAIN_512x512_white.png?fit=512%2C512&ssl=1\",\"width\":512,\"height\":512,\"caption\":\"INZAIN Cycling EXPERIENCES\"},\"image\":{\"@id\":\"https:\/\/inzain.bike\/fr_be\/#\/schema\/logo\/image\/\"},\"sameAs\":[\"https:\/\/www.facebook.com\/Inzain.bike\",\"https:\/\/www.instagram.com\/inzainbike\"]}]}<\/script>\n<!-- \/ Yoast SEO plugin. -->","yoast_head_json":{"title":"Week-end Gravel \u00e0 Skaraborg - INZAIN Cycling EXPERIENCES","robots":{"index":"index","follow":"follow","max-snippet":"max-snippet:-1","max-image-preview":"max-image-preview:large","max-video-preview":"max-video-preview:-1"},"canonical":"https:\/\/inzain.bike\/fr_be\/gravelhelg-i-skaraborg\/","og_locale":"fr_FR","og_type":"article","og_title":"Gravelhelg i Skaraborg - INZAIN Cycling EXPERIENCES","og_description":"Sju v\u00e4nner \u00e5kte ner till Skaraborg f\u00f6r att prova de fina v\u00e4garna runt Undern och G\u00f6ta kanal. Vi hade turen att f\u00e5 bo helt fantastiskt precis vid vattnet med bad, bastu och hemlagad Pizza. S\u00e5 r\u00e4tt plats, r\u00e4tt mat och goda v\u00e4nner, allt b\u00e4ddat f\u00f6r en grym helg. L\u00f6rdagen b\u00f6rjade med lite l\u00f6st grus, lokala [&hellip;]","og_url":"https:\/\/inzain.bike\/fr_be\/gravelhelg-i-skaraborg\/","og_site_name":"INZAIN Cycling EXPERIENCES","article_publisher":"https:\/\/www.facebook.com\/Inzain.bike","article_modified_time":"2021-06-07T10:01:30+00:00","og_image":[{"url":"https:\/\/inzain.bike\/wp-content\/uploads\/2021\/06\/20210605_082204.jpg?w=1024","type":"","width":"","height":""}],"twitter_card":"summary_large_image","twitter_misc":{"Dur\u00e9e de lecture est.":"3 minutes"},"schema":{"@context":"https:\/\/schema.org","@graph":[{"@type":"WebPage","@id":"https:\/\/inzain.bike\/en\/gravelhelg-i-skaraborg\/","url":"https:\/\/inzain.bike\/en\/gravelhelg-i-skaraborg\/","name":"Week-end Gravel \u00e0 Skaraborg - INZAIN Cycling EXPERIENCES","isPartOf":{"@id":"https:\/\/inzain.bike\/fr_be\/#website"},"primaryImageOfPage":{"@id":"https:\/\/inzain.bike\/en\/gravelhelg-i-skaraborg\/#primaryimage"},"image":{"@id":"https:\/\/inzain.bike\/en\/gravelhelg-i-skaraborg\/#primaryimage"},"thumbnailUrl":"https:\/\/inzain.bike\/wp-content\/uploads\/2021\/06\/20210605_082204.jpg?w=1024","datePublished":"2021-06-07T09:59:54+00:00","dateModified":"2021-06-07T10:01:30+00:00","breadcrumb":{"@id":"https:\/\/inzain.bike\/en\/gravelhelg-i-skaraborg\/#breadcrumb"},"inLanguage":"fr-BE","potentialAction":[{"@type":"ReadAction","target":["https:\/\/inzain.bike\/en\/gravelhelg-i-skaraborg\/"]}]},{"@type":"ImageObject","inLanguage":"fr-BE","@id":"https:\/\/inzain.bike\/en\/gravelhelg-i-skaraborg\/#primaryimage","url":"https:\/\/inzain.bike\/wp-content\/uploads\/2021\/06\/20210605_082204.jpg?w=1024","contentUrl":"https:\/\/inzain.bike\/wp-content\/uploads\/2021\/06\/20210605_082204.jpg?w=1024"},{"@type":"BreadcrumbList","@id":"https:\/\/inzain.bike\/en\/gravelhelg-i-skaraborg\/#breadcrumb","itemListElement":[{"@type":"ListItem","position":1,"name":"Hem","item":"https:\/\/inzain.bike\/fr_be\/"},{"@type":"ListItem","position":2,"name":"Gravelhelg i Skaraborg"}]},{"@type":"WebSite","@id":"https:\/\/inzain.bike\/fr_be\/#website","url":"https:\/\/inzain.bike\/fr_be\/","name":"EXP\u00c9RIENCES Cyclistes INZAIN","description":"Aventures \u00e0 v\u00e9lo - pour tous","publisher":{"@id":"https:\/\/inzain.bike\/fr_be\/#organization"},"alternateName":"INZAIN Gravel & Travel","potentialAction":[{"@type":"SearchAction","target":{"@type":"EntryPoint","urlTemplate":"https:\/\/inzain.bike\/fr_be\/?s={search_term_string}"},"query-input":{"@type":"PropertyValueSpecification","valueRequired":true,"valueName":"search_term_string"}}],"inLanguage":"fr-BE"},{"@type":"Organization","@id":"https:\/\/inzain.bike\/fr_be\/#organization","name":"EXP\u00c9RIENCES Cyclistes INZAIN","url":"https:\/\/inzain.bike\/fr_be\/","logo":{"@type":"ImageObject","inLanguage":"fr-BE","@id":"https:\/\/inzain.bike\/fr_be\/#\/schema\/logo\/image\/","url":"https:\/\/i0.wp.com\/inzain.bike\/wp-content\/uploads\/2023\/09\/cropped-INZAIN_512x512_white.png?fit=512%2C512&ssl=1","contentUrl":"https:\/\/i0.wp.com\/inzain.bike\/wp-content\/uploads\/2023\/09\/cropped-INZAIN_512x512_white.png?fit=512%2C512&ssl=1","width":512,"height":512,"caption":"INZAIN Cycling EXPERIENCES"},"image":{"@id":"https:\/\/inzain.bike\/fr_be\/#\/schema\/logo\/image\/"},"sameAs":["https:\/\/www.facebook.com\/Inzain.bike","https:\/\/www.instagram.com\/inzainbike"]}]}},"amp_enabled":true,"_links":{"self":[{"href":"https:\/\/inzain.bike\/fr_be\/wp-json\/wp\/v2\/pages\/484","targetHints":{"allow":["GET"]}}],"collection":[{"href":"https:\/\/inzain.bike\/fr_be\/wp-json\/wp\/v2\/pages"}],"about":[{"href":"https:\/\/inzain.bike\/fr_be\/wp-json\/wp\/v2\/types\/page"}],"author":[{"embeddable":true,"href":"https:\/\/inzain.bike\/fr_be\/wp-json\/wp\/v2\/users\/135133094"}],"replies":[{"embeddable":true,"href":"https:\/\/inzain.bike\/fr_be\/wp-json\/wp\/v2\/comments?post=484"}],"version-history":[{"count":0,"href":"https:\/\/inzain.bike\/fr_be\/wp-json\/wp\/v2\/pages\/484\/revisions"}],"wp:attachment":[{"href":"https:\/\/inzain.bike\/fr_be\/wp-json\/wp\/v2\/media?parent=484"}],"curies":[{"name":"wp","href":"https:\/\/api.w.org\/{rel}","templated":true}]}}