{"id":4902,"date":"2023-11-11T14:42:13","date_gmt":"2023-11-11T13:42:13","guid":{"rendered":"https:\/\/inzain.bike\/?page_id=4902"},"modified":"2023-11-11T14:50:55","modified_gmt":"2023-11-11T13:50:55","slug":"baskien-om-dig","status":"publish","type":"page","link":"https:\/\/inzain.bike\/fr_be\/baskien-om-dig\/","title":{"rendered":"Le Pays Basque - A propos de vous"},"content":{"rendered":"\n<div class=\"wp-block-columns is-layout-flex wp-container-core-columns-is-layout-28f84493 wp-block-columns-is-layout-flex\">\n<div class=\"wp-block-column is-layout-flow wp-block-column-is-layout-flow\">\n<figure class=\"wp-block-image size-large\"><img loading=\"lazy\" decoding=\"async\" width=\"1024\" height=\"768\" src=\"https:\/\/inzain.bike\/wp-content\/uploads\/2023\/11\/IMG_4922-1024x768.jpg\" alt=\"\" class=\"wp-image-4879\" srcset=\"https:\/\/inzain.bike\/wp-content\/uploads\/2023\/11\/IMG_4922-1024x768.jpg 1024w, https:\/\/inzain.bike\/wp-content\/uploads\/2023\/11\/IMG_4922-300x225.jpg 300w, https:\/\/inzain.bike\/wp-content\/uploads\/2023\/11\/IMG_4922-768x576.jpg 768w, https:\/\/inzain.bike\/wp-content\/uploads\/2023\/11\/IMG_4922-1536x1152.jpg 1536w, https:\/\/inzain.bike\/wp-content\/uploads\/2023\/11\/IMG_4922-2048x1536.jpg 2048w, https:\/\/inzain.bike\/wp-content\/uploads\/2023\/11\/IMG_4922-16x12.jpg 16w, https:\/\/inzain.bike\/wp-content\/uploads\/2023\/11\/IMG_4922-1320x990.jpg 1320w, https:\/\/inzain.bike\/wp-content\/uploads\/2023\/11\/IMG_4922-600x450.jpg 600w\" sizes=\"auto, (max-width: 1024px) 100vw, 1024px\" \/><\/figure>\n\n\n\n<p>F\u00f6r att g\u00f6ra din vistelse s\u00e5 bra som m\u00f6jligt vill vi samla in lite information om dig. Fyll in formul\u00e4ret och klicka p\u00e5 skicka in. <br>Varmt v\u00e4lkommen till Baskien Randon\u00e9e 2024<\/p>\n\n\n<div class=\"wpforms-container wpforms-container-full wpforms-block wpforms-block-b36e8aa2-5a4a-4341-a00d-a391cd8e73d8 wpforms-render-modern\" id=\"wpforms-4907\"><form id=\"wpforms-form-4907\" class=\"wpforms-validate wpforms-form wpforms-ajax-form\" data-formid=\"4907\" method=\"post\" enctype=\"multipart\/form-data\" action=\"\/fr_be\/wp-json\/wp\/v2\/pages\/4902\" data-token=\"ed8aa573ac2c8f5328c1de5e095cfe37\" data-token-time=\"1777379867\"><noscript class=\"wpforms-error-noscript\">Veuillez activer JavaScript dans votre navigateur pour remplir ce formulaire.<\/noscript><div id=\"wpforms-error-noscript\" style=\"display: none;\">Veuillez activer JavaScript dans votre navigateur pour remplir ce formulaire.<\/div><div class=\"wpforms-field-container\"><div id=\"wpforms-4907-field_1-container\" class=\"wpforms-field wpforms-field-email\" data-field-id=\"1\"><label class=\"wpforms-field-label\" for=\"wpforms-4907-field_1\">Email <span class=\"wpforms-required-label\" aria-hidden=\"true\">*<\/span><\/label><input type=\"email\" id=\"wpforms-4907-field_1\" class=\"wpforms-field-medium wpforms-field-required\" name=\"wpforms[fields][1]\" spellcheck=\"false\" aria-errormessage=\"wpforms-4907-field_1-error\" required><\/div><div id=\"wpforms-4907-field_5-container\" class=\"wpforms-field wpforms-field-text\" data-field-id=\"5\"><label class=\"wpforms-field-label\" for=\"wpforms-4907-field_5\">Ev allergier eller preferenser p\u00e5 mat<\/label><input type=\"text\" id=\"wpforms-4907-field_5\" class=\"wpforms-field-medium\" name=\"wpforms[fields][5]\" aria-errormessage=\"wpforms-4907-field_5-error\" aria-describedby=\"wpforms-4907-field_5-description\" ><div id=\"wpforms-4907-field_5-description\" class=\"wpforms-field-description\">Har du allergier? \u00c4ter du bara vegeratiskt?<\/div><\/div><div id=\"wpforms-4907-field_2-container\" class=\"wpforms-field wpforms-field-textarea\" data-field-id=\"2\"><label class=\"wpforms-field-label\" for=\"wpforms-4907-field_2\">Kommentar<\/label><textarea id=\"wpforms-4907-field_2\" class=\"wpforms-field-medium\" name=\"wpforms[fields][2]\" aria-errormessage=\"wpforms-4907-field_2-error\" aria-describedby=\"wpforms-4907-field_2-description\" ><\/textarea><div id=\"wpforms-4907-field_2-description\" class=\"wpforms-field-description\">Om du har fr\u00e5gor eller vill meddela n\u00e5got, anv\u00e4nd g\u00e4rna detta f\u00e4lt.<\/div><\/div><div id=\"wpforms-4907-field_18-container\" class=\"wpforms-field wpforms-field-radio\" data-field-id=\"18\"><fieldset><legend class=\"wpforms-field-label\">Fart \u00e4r individuellt, hur fort vill DU cykla? <span class=\"wpforms-required-label\" aria-hidden=\"true\">*<\/span><\/legend><ul id=\"wpforms-4907-field_18\" class=\"wpforms-field-required\"><li class=\"choice-1 depth-1\"><input type=\"radio\" id=\"wpforms-4907-field_18_1\" name=\"wpforms[fields][18]\" value=\"Snyggt\" aria-errormessage=\"wpforms-4907-field_18_1-error\" aria-describedby=\"wpforms-4907-field_18-description\" required ><label class=\"wpforms-field-label-inline\" for=\"wpforms-4907-field_18_1\">Snyggt<\/label><\/li><li class=\"choice-2 depth-1\"><input type=\"radio\" id=\"wpforms-4907-field_18_2\" name=\"wpforms[fields][18]\" value=\"Mellan\" aria-errormessage=\"wpforms-4907-field_18_2-error\" aria-describedby=\"wpforms-4907-field_18-description\" required ><label class=\"wpforms-field-label-inline\" for=\"wpforms-4907-field_18_2\">Mellan<\/label><\/li><li class=\"choice-3 depth-1\"><input type=\"radio\" id=\"wpforms-4907-field_18_3\" name=\"wpforms[fields][18]\" value=\"Snabbt\" aria-errormessage=\"wpforms-4907-field_18_3-error\" aria-describedby=\"wpforms-4907-field_18-description\" required ><label class=\"wpforms-field-label-inline\" for=\"wpforms-4907-field_18_3\">Snabbt<\/label><\/li><\/ul><div id=\"wpforms-4907-field_18-description\" class=\"wpforms-field-description\">Vi anpassar fart efter personerna, ibland \u00e4r det bra att dela in grupperna efter fart, s\u00e5 v\u00e4lj g\u00e4rna vad du tror passar dig b\u00e4st. Det g\u00e5r s\u00e5klart bra att byta som man vill.<\/div><\/fieldset><\/div><\/div><!-- .wpforms-field-container --><div class=\"wpforms-submit-container\" ><input type=\"hidden\" name=\"wpforms[id]\" value=\"4907\"><input type=\"hidden\" name=\"page_title\" value=\"\"><input type=\"hidden\" name=\"page_url\" value=\"https:\/\/inzain.bike\/fr_be\/wp-json\/wp\/v2\/pages\/4902\"><input type=\"hidden\" name=\"url_referer\" value=\"\"><button type=\"submit\" name=\"wpforms[submit]\" id=\"wpforms-submit-4907\" class=\"wpforms-submit\" data-alt-text=\"Skickar\" data-submit-text=\"Skicka in\" aria-live=\"assertive\" value=\"wpforms-submit\">Skicka in<\/button><img loading=\"lazy\" decoding=\"async\" src=\"https:\/\/inzain.bike\/wp-content\/plugins\/wpforms\/assets\/images\/submit-spin.svg\" class=\"wpforms-submit-spinner\" style=\"display: none;\" width=\"26\" height=\"26\" alt=\"Chargement en cours\"><\/div><\/form><\/div>  <!-- .wpforms-container --><\/div>\n<\/div>\n","protected":false},"excerpt":{"rendered":"<p>Afin de vous offrir le meilleur s\u00e9jour possible, nous souhaitons recueillir quelques informations vous concernant. Remplissez le formulaire et cliquez sur \u00ab\u00a0Envoyer\u00a0\u00bb. Bienvenue \u00e0 la Randonn\u00e9e Pays Basque 2024.<\/p>","protected":false},"author":135133094,"featured_media":0,"parent":0,"menu_order":0,"comment_status":"closed","ping_status":"closed","template":"","meta":{"_coblocks_attr":"","_coblocks_dimensions":"","_coblocks_responsive_height":"","_coblocks_accordion_ie_support":"","footnotes":""},"class_list":["post-4902","page","type-page","status-publish","hentry"],"yoast_head":"<!-- This site is optimized with the Yoast SEO plugin v27.2 - https:\/\/yoast.com\/product\/yoast-seo-wordpress\/ -->\n<title>Baskien - Om dig - INZAIN Cycling EXPERIENCES<\/title>\n<meta name=\"robots\" content=\"index, follow, max-snippet:-1, max-image-preview:large, max-video-preview:-1\" \/>\n<link rel=\"canonical\" href=\"https:\/\/inzain.bike\/fr_be\/baskien-om-dig\/\" \/>\n<meta property=\"og:locale\" content=\"fr_FR\" \/>\n<meta property=\"og:type\" content=\"article\" \/>\n<meta property=\"og:title\" content=\"Baskien - Om dig - INZAIN Cycling EXPERIENCES\" \/>\n<meta property=\"og:description\" content=\"F\u00f6r att g\u00f6ra din vistelse s\u00e5 bra som m\u00f6jligt vill vi samla in lite information om dig. Fyll in formul\u00e4ret och klicka p\u00e5 skicka in. Varmt v\u00e4lkommen till Baskien Randon\u00e9e 2024\" \/>\n<meta property=\"og:url\" content=\"https:\/\/inzain.bike\/fr_be\/baskien-om-dig\/\" \/>\n<meta property=\"og:site_name\" content=\"INZAIN Cycling EXPERIENCES\" \/>\n<meta property=\"article:publisher\" content=\"https:\/\/www.facebook.com\/Inzain.bike\" \/>\n<meta property=\"article:modified_time\" content=\"2023-11-11T13:50:55+00:00\" \/>\n<meta property=\"og:image\" content=\"https:\/\/inzain.bike\/wp-content\/uploads\/2023\/11\/IMG_4922-1024x768.jpg\" \/>\n<meta name=\"twitter:card\" content=\"summary_large_image\" \/>\n<meta name=\"twitter:label1\" content=\"Dur\u00e9e de lecture est.\" \/>\n\t<meta name=\"twitter:data1\" content=\"1 minute\" \/>\n<script type=\"application\/ld+json\" class=\"yoast-schema-graph\">{\"@context\":\"https:\/\/schema.org\",\"@graph\":[{\"@type\":\"WebPage\",\"@id\":\"https:\/\/inzain.bike\/fi\/baskien-om-dig\/\",\"url\":\"https:\/\/inzain.bike\/fi\/baskien-om-dig\/\",\"name\":\"Baskien - Om dig - INZAIN Cycling EXPERIENCES\",\"isPartOf\":{\"@id\":\"https:\/\/inzain.bike\/fr_be\/#website\"},\"primaryImageOfPage\":{\"@id\":\"https:\/\/inzain.bike\/fi\/baskien-om-dig\/#primaryimage\"},\"image\":{\"@id\":\"https:\/\/inzain.bike\/fi\/baskien-om-dig\/#primaryimage\"},\"thumbnailUrl\":\"https:\/\/inzain.bike\/wp-content\/uploads\/2023\/11\/IMG_4922-1024x768.jpg\",\"datePublished\":\"2023-11-11T13:42:13+00:00\",\"dateModified\":\"2023-11-11T13:50:55+00:00\",\"breadcrumb\":{\"@id\":\"https:\/\/inzain.bike\/fi\/baskien-om-dig\/#breadcrumb\"},\"inLanguage\":\"fr-BE\",\"potentialAction\":[{\"@type\":\"ReadAction\",\"target\":[\"https:\/\/inzain.bike\/fi\/baskien-om-dig\/\"]}]},{\"@type\":\"ImageObject\",\"inLanguage\":\"fr-BE\",\"@id\":\"https:\/\/inzain.bike\/fi\/baskien-om-dig\/#primaryimage\",\"url\":\"https:\/\/inzain.bike\/wp-content\/uploads\/2023\/11\/IMG_4922-1024x768.jpg\",\"contentUrl\":\"https:\/\/inzain.bike\/wp-content\/uploads\/2023\/11\/IMG_4922-1024x768.jpg\"},{\"@type\":\"BreadcrumbList\",\"@id\":\"https:\/\/inzain.bike\/fi\/baskien-om-dig\/#breadcrumb\",\"itemListElement\":[{\"@type\":\"ListItem\",\"position\":1,\"name\":\"Hem\",\"item\":\"https:\/\/inzain.bike\/fr_be\/\"},{\"@type\":\"ListItem\",\"position\":2,\"name\":\"Baskien &#8211; Om dig\"}]},{\"@type\":\"WebSite\",\"@id\":\"https:\/\/inzain.bike\/fr_be\/#website\",\"url\":\"https:\/\/inzain.bike\/fr_be\/\",\"name\":\"INZAIN Cycling EXPERIENCES\",\"description\":\"Cyckling Adventures  - for everyone\",\"publisher\":{\"@id\":\"https:\/\/inzain.bike\/fr_be\/#organization\"},\"alternateName\":\"INZAIN Gravel & Travel\",\"potentialAction\":[{\"@type\":\"SearchAction\",\"target\":{\"@type\":\"EntryPoint\",\"urlTemplate\":\"https:\/\/inzain.bike\/fr_be\/?s={search_term_string}\"},\"query-input\":{\"@type\":\"PropertyValueSpecification\",\"valueRequired\":true,\"valueName\":\"search_term_string\"}}],\"inLanguage\":\"fr-BE\"},{\"@type\":\"Organization\",\"@id\":\"https:\/\/inzain.bike\/fr_be\/#organization\",\"name\":\"INZAIN Cycling EXPERIENCES\",\"url\":\"https:\/\/inzain.bike\/fr_be\/\",\"logo\":{\"@type\":\"ImageObject\",\"inLanguage\":\"fr-BE\",\"@id\":\"https:\/\/inzain.bike\/fr_be\/#\/schema\/logo\/image\/\",\"url\":\"https:\/\/i0.wp.com\/inzain.bike\/wp-content\/uploads\/2023\/09\/cropped-INZAIN_512x512_white.png?fit=512%2C512&ssl=1\",\"contentUrl\":\"https:\/\/i0.wp.com\/inzain.bike\/wp-content\/uploads\/2023\/09\/cropped-INZAIN_512x512_white.png?fit=512%2C512&ssl=1\",\"width\":512,\"height\":512,\"caption\":\"INZAIN Cycling EXPERIENCES\"},\"image\":{\"@id\":\"https:\/\/inzain.bike\/fr_be\/#\/schema\/logo\/image\/\"},\"sameAs\":[\"https:\/\/www.facebook.com\/Inzain.bike\",\"https:\/\/www.instagram.com\/inzainbike\"]}]}<\/script>\n<!-- \/ Yoast SEO plugin. -->","yoast_head_json":{"title":"Pays Basque - \u00c0 propos de vous - INZAIN Cycling EXPERIENCES","robots":{"index":"index","follow":"follow","max-snippet":"max-snippet:-1","max-image-preview":"max-image-preview:large","max-video-preview":"max-video-preview:-1"},"canonical":"https:\/\/inzain.bike\/fr_be\/baskien-om-dig\/","og_locale":"fr_FR","og_type":"article","og_title":"Baskien - Om dig - INZAIN Cycling EXPERIENCES","og_description":"F\u00f6r att g\u00f6ra din vistelse s\u00e5 bra som m\u00f6jligt vill vi samla in lite information om dig. Fyll in formul\u00e4ret och klicka p\u00e5 skicka in. Varmt v\u00e4lkommen till Baskien Randon\u00e9e 2024","og_url":"https:\/\/inzain.bike\/fr_be\/baskien-om-dig\/","og_site_name":"INZAIN Cycling EXPERIENCES","article_publisher":"https:\/\/www.facebook.com\/Inzain.bike","article_modified_time":"2023-11-11T13:50:55+00:00","og_image":[{"url":"https:\/\/inzain.bike\/wp-content\/uploads\/2023\/11\/IMG_4922-1024x768.jpg","type":"","width":"","height":""}],"twitter_card":"summary_large_image","twitter_misc":{"Dur\u00e9e de lecture est.":"1 minute"},"schema":{"@context":"https:\/\/schema.org","@graph":[{"@type":"WebPage","@id":"https:\/\/inzain.bike\/fi\/baskien-om-dig\/","url":"https:\/\/inzain.bike\/fi\/baskien-om-dig\/","name":"Pays Basque - \u00c0 propos de vous - INZAIN Cycling EXPERIENCES","isPartOf":{"@id":"https:\/\/inzain.bike\/fr_be\/#website"},"primaryImageOfPage":{"@id":"https:\/\/inzain.bike\/fi\/baskien-om-dig\/#primaryimage"},"image":{"@id":"https:\/\/inzain.bike\/fi\/baskien-om-dig\/#primaryimage"},"thumbnailUrl":"https:\/\/inzain.bike\/wp-content\/uploads\/2023\/11\/IMG_4922-1024x768.jpg","datePublished":"2023-11-11T13:42:13+00:00","dateModified":"2023-11-11T13:50:55+00:00","breadcrumb":{"@id":"https:\/\/inzain.bike\/fi\/baskien-om-dig\/#breadcrumb"},"inLanguage":"fr-BE","potentialAction":[{"@type":"ReadAction","target":["https:\/\/inzain.bike\/fi\/baskien-om-dig\/"]}]},{"@type":"ImageObject","inLanguage":"fr-BE","@id":"https:\/\/inzain.bike\/fi\/baskien-om-dig\/#primaryimage","url":"https:\/\/inzain.bike\/wp-content\/uploads\/2023\/11\/IMG_4922-1024x768.jpg","contentUrl":"https:\/\/inzain.bike\/wp-content\/uploads\/2023\/11\/IMG_4922-1024x768.jpg"},{"@type":"BreadcrumbList","@id":"https:\/\/inzain.bike\/fi\/baskien-om-dig\/#breadcrumb","itemListElement":[{"@type":"ListItem","position":1,"name":"Hem","item":"https:\/\/inzain.bike\/fr_be\/"},{"@type":"ListItem","position":2,"name":"Baskien &#8211; Om dig"}]},{"@type":"WebSite","@id":"https:\/\/inzain.bike\/fr_be\/#website","url":"https:\/\/inzain.bike\/fr_be\/","name":"EXP\u00c9RIENCES Cyclistes INZAIN","description":"Aventures \u00e0 v\u00e9lo - pour tous","publisher":{"@id":"https:\/\/inzain.bike\/fr_be\/#organization"},"alternateName":"INZAIN Gravel & Travel","potentialAction":[{"@type":"SearchAction","target":{"@type":"EntryPoint","urlTemplate":"https:\/\/inzain.bike\/fr_be\/?s={search_term_string}"},"query-input":{"@type":"PropertyValueSpecification","valueRequired":true,"valueName":"search_term_string"}}],"inLanguage":"fr-BE"},{"@type":"Organization","@id":"https:\/\/inzain.bike\/fr_be\/#organization","name":"EXP\u00c9RIENCES Cyclistes INZAIN","url":"https:\/\/inzain.bike\/fr_be\/","logo":{"@type":"ImageObject","inLanguage":"fr-BE","@id":"https:\/\/inzain.bike\/fr_be\/#\/schema\/logo\/image\/","url":"https:\/\/i0.wp.com\/inzain.bike\/wp-content\/uploads\/2023\/09\/cropped-INZAIN_512x512_white.png?fit=512%2C512&ssl=1","contentUrl":"https:\/\/i0.wp.com\/inzain.bike\/wp-content\/uploads\/2023\/09\/cropped-INZAIN_512x512_white.png?fit=512%2C512&ssl=1","width":512,"height":512,"caption":"INZAIN Cycling EXPERIENCES"},"image":{"@id":"https:\/\/inzain.bike\/fr_be\/#\/schema\/logo\/image\/"},"sameAs":["https:\/\/www.facebook.com\/Inzain.bike","https:\/\/www.instagram.com\/inzainbike"]}]}},"amp_enabled":true,"_links":{"self":[{"href":"https:\/\/inzain.bike\/fr_be\/wp-json\/wp\/v2\/pages\/4902","targetHints":{"allow":["GET"]}}],"collection":[{"href":"https:\/\/inzain.bike\/fr_be\/wp-json\/wp\/v2\/pages"}],"about":[{"href":"https:\/\/inzain.bike\/fr_be\/wp-json\/wp\/v2\/types\/page"}],"author":[{"embeddable":true,"href":"https:\/\/inzain.bike\/fr_be\/wp-json\/wp\/v2\/users\/135133094"}],"replies":[{"embeddable":true,"href":"https:\/\/inzain.bike\/fr_be\/wp-json\/wp\/v2\/comments?post=4902"}],"version-history":[{"count":1,"href":"https:\/\/inzain.bike\/fr_be\/wp-json\/wp\/v2\/pages\/4902\/revisions"}],"predecessor-version":[{"id":7837,"href":"https:\/\/inzain.bike\/fr_be\/wp-json\/wp\/v2\/pages\/4902\/revisions\/7837"}],"wp:attachment":[{"href":"https:\/\/inzain.bike\/fr_be\/wp-json\/wp\/v2\/media?parent=4902"}],"curies":[{"name":"wp","href":"https:\/\/api.w.org\/{rel}","templated":true}]}}