{"id":5037,"date":"2023-11-11T17:35:12","date_gmt":"2023-11-11T16:35:12","guid":{"rendered":"https:\/\/inzain.bike\/?page_id=5037"},"modified":"2023-11-16T19:33:22","modified_gmt":"2023-11-16T18:33:22","slug":"cha24-om","status":"publish","type":"page","link":"https:\/\/inzain.bike\/fr_be\/cha24-om\/","title":{"rendered":"\u00c0 propos du Champagne"},"content":{"rendered":"<div class=\"wp-block-columns alignwide is-layout-flex wp-container-core-columns-is-layout-28f84493 wp-block-columns-is-layout-flex\">\n<div class=\"wp-block-column is-layout-flow wp-block-column-is-layout-flow\">\n<div class=\"wp-block-jetpack-tiled-gallery aligncenter is-style-rectangular\"><div class=\"tiled-gallery__gallery\"><div class=\"tiled-gallery__row\"><div class=\"tiled-gallery__col\" style=\"flex-basis:28.73051%\"><figure class=\"tiled-gallery__item\"><img decoding=\"async\" alt=\"\" data-height=\"3459\" data-id=\"5395\" data-link=\"https:\/\/inzain.bike\/cha24-om\/20230722_091211-2\/\" data-url=\"https:\/\/inzain.bike\/wp-content\/uploads\/2023\/11\/20230722_091211-888x1024.jpg\" data-width=\"3000\" src=\"https:\/\/i0.wp.com\/inzain.bike\/wp-content\/uploads\/2023\/11\/20230722_091211-888x1024.jpg?ssl=1\" data-amp-layout=\"responsive\"\/><\/figure><\/div><div class=\"tiled-gallery__col\" style=\"flex-basis:24.85973%\"><figure class=\"tiled-gallery__item\"><img decoding=\"async\" alt=\"\" data-height=\"4000\" data-id=\"5396\" data-link=\"https:\/\/inzain.bike\/cha24-om\/20230722_141217\/\" data-url=\"https:\/\/inzain.bike\/wp-content\/uploads\/2023\/11\/20230722_141217-768x1024.jpg\" data-width=\"3000\" src=\"https:\/\/i1.wp.com\/inzain.bike\/wp-content\/uploads\/2023\/11\/20230722_141217-768x1024.jpg?ssl=1\" data-amp-layout=\"responsive\"\/><\/figure><\/div><div class=\"tiled-gallery__col\" style=\"flex-basis:24.85973%\"><figure class=\"tiled-gallery__item\"><img decoding=\"async\" alt=\"\" data-height=\"4000\" data-id=\"5397\" data-link=\"https:\/\/inzain.bike\/cha24-om\/20230722_160405\/\" data-url=\"https:\/\/inzain.bike\/wp-content\/uploads\/2023\/11\/20230722_160405-768x1024.jpg\" data-width=\"3000\" src=\"https:\/\/i2.wp.com\/inzain.bike\/wp-content\/uploads\/2023\/11\/20230722_160405-768x1024.jpg?ssl=1\" data-amp-layout=\"responsive\"\/><\/figure><\/div><div class=\"tiled-gallery__col\" style=\"flex-basis:21.55003%\"><figure class=\"tiled-gallery__item\"><img decoding=\"async\" alt=\"\" data-height=\"3674\" data-id=\"5399\" data-link=\"https:\/\/inzain.bike\/cha24-om\/20230722_195642-2\/\" data-url=\"https:\/\/inzain.bike\/wp-content\/uploads\/2023\/11\/20230722_195642-665x1024.jpg\" data-width=\"2387\" src=\"https:\/\/i0.wp.com\/inzain.bike\/wp-content\/uploads\/2023\/11\/20230722_195642-665x1024.jpg?ssl=1\" data-amp-layout=\"responsive\"\/><\/figure><\/div><\/div><div class=\"tiled-gallery__row\"><div class=\"tiled-gallery__col\" style=\"flex-basis:39.75381%\"><figure class=\"tiled-gallery__item\"><img decoding=\"async\" alt=\"\" data-height=\"3192\" data-id=\"5400\" data-link=\"https:\/\/inzain.bike\/cha24-om\/20230723_122726-2\/\" data-url=\"https:\/\/inzain.bike\/wp-content\/uploads\/2023\/11\/20230723_122726-909x1024.jpg\" data-width=\"2835\" src=\"https:\/\/i1.wp.com\/inzain.bike\/wp-content\/uploads\/2023\/11\/20230723_122726-909x1024.jpg?ssl=1\" data-amp-layout=\"responsive\"\/><\/figure><\/div><div class=\"tiled-gallery__col\" style=\"flex-basis:30.96450%\"><figure class=\"tiled-gallery__item\"><img decoding=\"async\" alt=\"\" data-height=\"3498\" data-id=\"5401\" data-link=\"https:\/\/inzain.bike\/cha24-om\/20230723_122822\/\" data-url=\"https:\/\/inzain.bike\/wp-content\/uploads\/2023\/11\/20230723_122822-708x1024.jpg\" data-width=\"2418\" src=\"https:\/\/i0.wp.com\/inzain.bike\/wp-content\/uploads\/2023\/11\/20230723_122822-708x1024.jpg?ssl=1\" data-amp-layout=\"responsive\"\/><\/figure><\/div><div class=\"tiled-gallery__col\" style=\"flex-basis:29.28169%\"><figure class=\"tiled-gallery__item\"><img decoding=\"async\" alt=\"\" data-height=\"2618\" data-id=\"5402\" data-link=\"https:\/\/inzain.bike\/cha24-om\/20230723_125318\/\" data-url=\"https:\/\/inzain.bike\/wp-content\/uploads\/2023\/11\/20230723_125318-669x1024.jpg\" data-width=\"1711\" src=\"https:\/\/i2.wp.com\/inzain.bike\/wp-content\/uploads\/2023\/11\/20230723_125318-669x1024.jpg?ssl=1\" data-amp-layout=\"responsive\"\/><\/figure><\/div><\/div><div class=\"tiled-gallery__row\"><div class=\"tiled-gallery__col\" style=\"flex-basis:72.60875%\"><figure class=\"tiled-gallery__item\"><img decoding=\"async\" alt=\"\" data-height=\"2268\" data-id=\"5403\" data-link=\"https:\/\/inzain.bike\/cha24-om\/dji_0349-2\/\" data-url=\"https:\/\/inzain.bike\/wp-content\/uploads\/2023\/11\/DJI_0349-1024x576.png\" data-width=\"4032\" src=\"https:\/\/i1.wp.com\/inzain.bike\/wp-content\/uploads\/2023\/11\/DJI_0349-1024x576.png?ssl=1\" data-amp-layout=\"responsive\"\/><\/figure><\/div><div class=\"tiled-gallery__col\" style=\"flex-basis:27.39125%\"><figure class=\"tiled-gallery__item\"><img decoding=\"async\" alt=\"\" data-height=\"2888\" data-id=\"5410\" data-link=\"https:\/\/inzain.bike\/cha24-om\/pexels-cottonbro-studio-3171770\/\" data-url=\"https:\/\/inzain.bike\/wp-content\/uploads\/2023\/11\/pexels-cottonbro-studio-3171770-684x1024.jpg\" data-width=\"1929\" src=\"https:\/\/i0.wp.com\/inzain.bike\/wp-content\/uploads\/2023\/11\/pexels-cottonbro-studio-3171770-684x1024.jpg?ssl=1\" data-amp-layout=\"responsive\"\/><\/figure><\/div><\/div><div class=\"tiled-gallery__row\"><div class=\"tiled-gallery__col\" style=\"flex-basis:33.31920%\"><figure class=\"tiled-gallery__item\"><img decoding=\"async\" alt=\"\" data-height=\"7500\" data-id=\"5411\" data-link=\"https:\/\/inzain.bike\/cha24-om\/pexels-fotograf-jylland-2995333\/\" data-url=\"https:\/\/inzain.bike\/wp-content\/uploads\/2023\/11\/pexels-fotograf-jylland-2995333-683x1024.jpg\" data-width=\"5000\" src=\"https:\/\/i0.wp.com\/inzain.bike\/wp-content\/uploads\/2023\/11\/pexels-fotograf-jylland-2995333-683x1024.jpg?ssl=1\" data-amp-layout=\"responsive\"\/><\/figure><\/div><div class=\"tiled-gallery__col\" style=\"flex-basis:33.31569%\"><figure class=\"tiled-gallery__item\"><img decoding=\"async\" alt=\"\" data-height=\"4736\" data-id=\"5412\" data-link=\"https:\/\/inzain.bike\/cha24-om\/pexels-nadi-lindsay-2672898\/\" data-url=\"https:\/\/inzain.bike\/wp-content\/uploads\/2023\/11\/pexels-nadi-lindsay-2672898-683x1024.jpg\" data-width=\"3157\" src=\"https:\/\/i1.wp.com\/inzain.bike\/wp-content\/uploads\/2023\/11\/pexels-nadi-lindsay-2672898-683x1024.jpg?ssl=1\" data-amp-layout=\"responsive\"\/><\/figure><\/div><div class=\"tiled-gallery__col\" style=\"flex-basis:33.36511%\"><figure class=\"tiled-gallery__item\"><img decoding=\"async\" alt=\"\" data-height=\"3980\" data-id=\"5414\" data-link=\"https:\/\/inzain.bike\/cha24-om\/pexels-pavel-danilyuk-6405793\/\" data-url=\"https:\/\/inzain.bike\/wp-content\/uploads\/2023\/11\/pexels-pavel-danilyuk-6405793-684x1024.jpg\" data-width=\"2657\" src=\"https:\/\/i1.wp.com\/inzain.bike\/wp-content\/uploads\/2023\/11\/pexels-pavel-danilyuk-6405793-684x1024.jpg?ssl=1\" data-amp-layout=\"responsive\"\/><\/figure><\/div><\/div><\/div><\/div>\n<\/div>\n\n\n\n<div class=\"wp-block-column is-layout-flow wp-block-column-is-layout-flow\">\n<p>On l&#039;oublie vite tant le nom parle de lui-m\u00eame. Parall\u00e8lement \u00e0 son succ\u00e8s, le champagne est devenu une marque \u00e0 part enti\u00e8re, mais il ne faut pas oublier qu&#039;il est avant tout un vin. Il appartient \u00e0 la famille des vins effervescents, par opposition aux vins tranquilles.<\/p>\n\n\n\n<p>Le 4 juillet 2015, \u00ab les vignobles, maisons de vins et caves \u00e0 vin de Champagne \u00bb ont \u00e9t\u00e9 inscrits sur la liste du patrimoine mondial de l&#039;UNESCO. Cette plus haute distinction est une reconnaissance non seulement d&#039;un paysage culturel, mais aussi du travail d&#039;un secteur qui a r\u00e9ussi \u00e0 produire, distribuer et prot\u00e9ger un produit unique.<\/p>\n\n\n\n<p>La zone que l&#039;on peut appeler AOC a \u00e9t\u00e9 d\u00e9finie par une loi de 1927 et couvre 34 000 hectares. Le Champagne est victime de son succ\u00e8s et souvent victime d&#039;usurpation d&#039;identit\u00e9. On ne peut appeler un vin champagne que s&#039;il a \u00e9t\u00e9 produit, r\u00e9colt\u00e9 et pr\u00e9par\u00e9 dans la zone d\u00e9limit\u00e9e de Champagne en France !<\/p>\n\n\n\n<p>La Champagne est divis\u00e9e en quatre grandes r\u00e9gions. Tout au nord, la montagne de Reims, o\u00f9 le pinot noir donne force et g\u00e9n\u00e9rosit\u00e9. Le c\u00e9page Pinot meunier du Vall\u00e9 de la Marne donne du fruit au champagne ros\u00e9. Au sud d&#039;Epernay se trouve la C\u00f4te des Blancs au sol calcaire et c&#039;est la terre promise du c\u00e9page chardonnay. Plus au sud se trouve la C\u00f4te des Bar et son climat continental qui produit un pinot noir l\u00e9ger.<br>Mais \u00e0 l\u2019int\u00e9rieur de ces grandes lignes se cache toute une mosa\u00efque de micro-zones. Chaque vignoble donne sa propre identit\u00e9 au vin.<\/p>\n\n\n\n<p>Un blanc de blancs est un champagne \u00e9labor\u00e9 uniquement \u00e0 partir de raisins verts avec des raisins chardonnay. Pour l\u2019instant, tout est pr\u00eat !<br>Un blanc de noir est \u00e9labor\u00e9 uniquement \u00e0 partir de raisins bleus (pinot noir et\/ou pinot meunier). Deux c\u00e9pages \u00e0 la peau color\u00e9e mais blanc \u00e0 l&#039;int\u00e9rieur.<\/p>\n\n\n\n<p>La m\u00e9thode champenoise (ou m\u00e9thode traditionnelle) est une m\u00e9thode de vinification soigneusement d\u00e9finie pour l&#039;\u00e9laboration du champagne. Au fil des si\u00e8cles, les vignerons champenois ont appris \u00e0 \u00ab apprivoiser leurs bulles \u00bb pour assurer la diversit\u00e9 et l&#039;excellence de leurs vins. &quot;La grande dame du Champagne&quot;, Madame Clicquot, osa d\u00e9j\u00e0 au XVIIIe si\u00e8cle d\u00e9fier les r\u00e8gles et perfectionner cette technique.<\/p>\n<\/div>\n<\/div>","protected":false},"excerpt":{"rendered":"<p>Man gl\u00f6mmer n\u00e4sta bort det eftersom namnet talar s\u00e5 bra f\u00f6r sig sj\u00e4lv. I takt med sina framg\u00e5ngar har champagne blivit ett varum\u00e4rke i sig, men det \u00e4r viktigt att komma ih\u00e5g att det framf\u00f6r allt \u00e4r ett vin. Det tillh\u00f6r familjen mousserande-viner, i motsats till stilla viner. Den 4 juli 2015 blev \u201dChampagnes ving\u00e5rdar, [&hellip;]<\/p>\n","protected":false},"author":135133094,"featured_media":0,"parent":0,"menu_order":0,"comment_status":"closed","ping_status":"closed","template":"","meta":{"_coblocks_attr":"","_coblocks_dimensions":"","_coblocks_responsive_height":"","_coblocks_accordion_ie_support":"","footnotes":""},"class_list":["post-5037","page","type-page","status-publish","hentry"],"yoast_head":"<!-- This site is optimized with the Yoast SEO plugin v27.2 - https:\/\/yoast.com\/product\/yoast-seo-wordpress\/ -->\n<title>Om Champagne - INZAIN Cycling EXPERIENCES<\/title>\n<meta name=\"robots\" content=\"index, follow, max-snippet:-1, max-image-preview:large, max-video-preview:-1\" \/>\n<link rel=\"canonical\" href=\"https:\/\/inzain.bike\/fr_be\/cha24-om\/\" \/>\n<meta property=\"og:locale\" content=\"fr_FR\" \/>\n<meta property=\"og:type\" content=\"article\" \/>\n<meta property=\"og:title\" content=\"Om Champagne - INZAIN Cycling EXPERIENCES\" \/>\n<meta property=\"og:description\" content=\"Man gl\u00f6mmer n\u00e4sta bort det eftersom namnet talar s\u00e5 bra f\u00f6r sig sj\u00e4lv. I takt med sina framg\u00e5ngar har champagne blivit ett varum\u00e4rke i sig, men det \u00e4r viktigt att komma ih\u00e5g att det framf\u00f6r allt \u00e4r ett vin. Det tillh\u00f6r familjen mousserande-viner, i motsats till stilla viner. Den 4 juli 2015 blev \u201dChampagnes ving\u00e5rdar, [&hellip;]\" \/>\n<meta property=\"og:url\" content=\"https:\/\/inzain.bike\/fr_be\/cha24-om\/\" \/>\n<meta property=\"og:site_name\" content=\"INZAIN Cycling EXPERIENCES\" \/>\n<meta property=\"article:publisher\" content=\"https:\/\/www.facebook.com\/Inzain.bike\" \/>\n<meta property=\"article:modified_time\" content=\"2023-11-16T18:33:22+00:00\" \/>\n<meta property=\"og:image\" content=\"https:\/\/i0.wp.com\/inzain.bike\/wp-content\/uploads\/2023\/11\/20230722_091211-888x1024.jpg?ssl=1\" \/>\n<meta name=\"twitter:card\" content=\"summary_large_image\" \/>\n<meta name=\"twitter:label1\" content=\"Dur\u00e9e de lecture est.\" \/>\n\t<meta name=\"twitter:data1\" content=\"4 minutes\" \/>\n<script type=\"application\/ld+json\" class=\"yoast-schema-graph\">{\"@context\":\"https:\/\/schema.org\",\"@graph\":[{\"@type\":\"WebPage\",\"@id\":\"https:\/\/inzain.bike\/sv_se\/cha24-om\/\",\"url\":\"https:\/\/inzain.bike\/sv_se\/cha24-om\/\",\"name\":\"Om Champagne - INZAIN Cycling EXPERIENCES\",\"isPartOf\":{\"@id\":\"https:\/\/inzain.bike\/fr_be\/#website\"},\"primaryImageOfPage\":{\"@id\":\"https:\/\/inzain.bike\/sv_se\/cha24-om\/#primaryimage\"},\"image\":{\"@id\":\"https:\/\/inzain.bike\/sv_se\/cha24-om\/#primaryimage\"},\"thumbnailUrl\":\"https:\/\/i0.wp.com\/inzain.bike\/wp-content\/uploads\/2023\/11\/20230722_091211-888x1024.jpg?ssl=1\",\"datePublished\":\"2023-11-11T16:35:12+00:00\",\"dateModified\":\"2023-11-16T18:33:22+00:00\",\"breadcrumb\":{\"@id\":\"https:\/\/inzain.bike\/sv_se\/cha24-om\/#breadcrumb\"},\"inLanguage\":\"fr-BE\",\"potentialAction\":[{\"@type\":\"ReadAction\",\"target\":[\"https:\/\/inzain.bike\/sv_se\/cha24-om\/\"]}]},{\"@type\":\"ImageObject\",\"inLanguage\":\"fr-BE\",\"@id\":\"https:\/\/inzain.bike\/sv_se\/cha24-om\/#primaryimage\",\"url\":\"https:\/\/i0.wp.com\/inzain.bike\/wp-content\/uploads\/2023\/11\/20230722_091211-888x1024.jpg?ssl=1\",\"contentUrl\":\"https:\/\/i0.wp.com\/inzain.bike\/wp-content\/uploads\/2023\/11\/20230722_091211-888x1024.jpg?ssl=1\"},{\"@type\":\"BreadcrumbList\",\"@id\":\"https:\/\/inzain.bike\/sv_se\/cha24-om\/#breadcrumb\",\"itemListElement\":[{\"@type\":\"ListItem\",\"position\":1,\"name\":\"Hem\",\"item\":\"https:\/\/inzain.bike\/fr_be\/\"},{\"@type\":\"ListItem\",\"position\":2,\"name\":\"Om Champagne\"}]},{\"@type\":\"WebSite\",\"@id\":\"https:\/\/inzain.bike\/fr_be\/#website\",\"url\":\"https:\/\/inzain.bike\/fr_be\/\",\"name\":\"INZAIN Cycling EXPERIENCES\",\"description\":\"Cyckling Adventures  - for everyone\",\"publisher\":{\"@id\":\"https:\/\/inzain.bike\/fr_be\/#organization\"},\"alternateName\":\"INZAIN Gravel & Travel\",\"potentialAction\":[{\"@type\":\"SearchAction\",\"target\":{\"@type\":\"EntryPoint\",\"urlTemplate\":\"https:\/\/inzain.bike\/fr_be\/?s={search_term_string}\"},\"query-input\":{\"@type\":\"PropertyValueSpecification\",\"valueRequired\":true,\"valueName\":\"search_term_string\"}}],\"inLanguage\":\"fr-BE\"},{\"@type\":\"Organization\",\"@id\":\"https:\/\/inzain.bike\/fr_be\/#organization\",\"name\":\"INZAIN Cycling EXPERIENCES\",\"url\":\"https:\/\/inzain.bike\/fr_be\/\",\"logo\":{\"@type\":\"ImageObject\",\"inLanguage\":\"fr-BE\",\"@id\":\"https:\/\/inzain.bike\/fr_be\/#\/schema\/logo\/image\/\",\"url\":\"https:\/\/i0.wp.com\/inzain.bike\/wp-content\/uploads\/2023\/09\/cropped-INZAIN_512x512_white.png?fit=512%2C512&ssl=1\",\"contentUrl\":\"https:\/\/i0.wp.com\/inzain.bike\/wp-content\/uploads\/2023\/09\/cropped-INZAIN_512x512_white.png?fit=512%2C512&ssl=1\",\"width\":512,\"height\":512,\"caption\":\"INZAIN Cycling EXPERIENCES\"},\"image\":{\"@id\":\"https:\/\/inzain.bike\/fr_be\/#\/schema\/logo\/image\/\"},\"sameAs\":[\"https:\/\/www.facebook.com\/Inzain.bike\",\"https:\/\/www.instagram.com\/inzainbike\"]}]}<\/script>\n<!-- \/ Yoast SEO plugin. -->","yoast_head_json":{"title":"\u00c0 propos du Champagne - INZAIN Cycling EXPERIENCES","robots":{"index":"index","follow":"follow","max-snippet":"max-snippet:-1","max-image-preview":"max-image-preview:large","max-video-preview":"max-video-preview:-1"},"canonical":"https:\/\/inzain.bike\/fr_be\/cha24-om\/","og_locale":"fr_FR","og_type":"article","og_title":"Om Champagne - INZAIN Cycling EXPERIENCES","og_description":"Man gl\u00f6mmer n\u00e4sta bort det eftersom namnet talar s\u00e5 bra f\u00f6r sig sj\u00e4lv. I takt med sina framg\u00e5ngar har champagne blivit ett varum\u00e4rke i sig, men det \u00e4r viktigt att komma ih\u00e5g att det framf\u00f6r allt \u00e4r ett vin. Det tillh\u00f6r familjen mousserande-viner, i motsats till stilla viner. Den 4 juli 2015 blev \u201dChampagnes ving\u00e5rdar, [&hellip;]","og_url":"https:\/\/inzain.bike\/fr_be\/cha24-om\/","og_site_name":"INZAIN Cycling EXPERIENCES","article_publisher":"https:\/\/www.facebook.com\/Inzain.bike","article_modified_time":"2023-11-16T18:33:22+00:00","og_image":[{"url":"https:\/\/i0.wp.com\/inzain.bike\/wp-content\/uploads\/2023\/11\/20230722_091211-888x1024.jpg?ssl=1","type":"","width":"","height":""}],"twitter_card":"summary_large_image","twitter_misc":{"Dur\u00e9e de lecture est.":"4 minutes"},"schema":{"@context":"https:\/\/schema.org","@graph":[{"@type":"WebPage","@id":"https:\/\/inzain.bike\/sv_se\/cha24-om\/","url":"https:\/\/inzain.bike\/sv_se\/cha24-om\/","name":"\u00c0 propos du Champagne - INZAIN Cycling EXPERIENCES","isPartOf":{"@id":"https:\/\/inzain.bike\/fr_be\/#website"},"primaryImageOfPage":{"@id":"https:\/\/inzain.bike\/sv_se\/cha24-om\/#primaryimage"},"image":{"@id":"https:\/\/inzain.bike\/sv_se\/cha24-om\/#primaryimage"},"thumbnailUrl":"https:\/\/i0.wp.com\/inzain.bike\/wp-content\/uploads\/2023\/11\/20230722_091211-888x1024.jpg?ssl=1","datePublished":"2023-11-11T16:35:12+00:00","dateModified":"2023-11-16T18:33:22+00:00","breadcrumb":{"@id":"https:\/\/inzain.bike\/sv_se\/cha24-om\/#breadcrumb"},"inLanguage":"fr-BE","potentialAction":[{"@type":"ReadAction","target":["https:\/\/inzain.bike\/sv_se\/cha24-om\/"]}]},{"@type":"ImageObject","inLanguage":"fr-BE","@id":"https:\/\/inzain.bike\/sv_se\/cha24-om\/#primaryimage","url":"https:\/\/i0.wp.com\/inzain.bike\/wp-content\/uploads\/2023\/11\/20230722_091211-888x1024.jpg?ssl=1","contentUrl":"https:\/\/i0.wp.com\/inzain.bike\/wp-content\/uploads\/2023\/11\/20230722_091211-888x1024.jpg?ssl=1"},{"@type":"BreadcrumbList","@id":"https:\/\/inzain.bike\/sv_se\/cha24-om\/#breadcrumb","itemListElement":[{"@type":"ListItem","position":1,"name":"Hem","item":"https:\/\/inzain.bike\/fr_be\/"},{"@type":"ListItem","position":2,"name":"Om Champagne"}]},{"@type":"WebSite","@id":"https:\/\/inzain.bike\/fr_be\/#website","url":"https:\/\/inzain.bike\/fr_be\/","name":"EXP\u00c9RIENCES Cyclistes INZAIN","description":"Aventures \u00e0 v\u00e9lo - pour tous","publisher":{"@id":"https:\/\/inzain.bike\/fr_be\/#organization"},"alternateName":"INZAIN Gravel & Travel","potentialAction":[{"@type":"SearchAction","target":{"@type":"EntryPoint","urlTemplate":"https:\/\/inzain.bike\/fr_be\/?s={search_term_string}"},"query-input":{"@type":"PropertyValueSpecification","valueRequired":true,"valueName":"search_term_string"}}],"inLanguage":"fr-BE"},{"@type":"Organization","@id":"https:\/\/inzain.bike\/fr_be\/#organization","name":"EXP\u00c9RIENCES Cyclistes INZAIN","url":"https:\/\/inzain.bike\/fr_be\/","logo":{"@type":"ImageObject","inLanguage":"fr-BE","@id":"https:\/\/inzain.bike\/fr_be\/#\/schema\/logo\/image\/","url":"https:\/\/i0.wp.com\/inzain.bike\/wp-content\/uploads\/2023\/09\/cropped-INZAIN_512x512_white.png?fit=512%2C512&ssl=1","contentUrl":"https:\/\/i0.wp.com\/inzain.bike\/wp-content\/uploads\/2023\/09\/cropped-INZAIN_512x512_white.png?fit=512%2C512&ssl=1","width":512,"height":512,"caption":"INZAIN Cycling EXPERIENCES"},"image":{"@id":"https:\/\/inzain.bike\/fr_be\/#\/schema\/logo\/image\/"},"sameAs":["https:\/\/www.facebook.com\/Inzain.bike","https:\/\/www.instagram.com\/inzainbike"]}]}},"amp_enabled":true,"_links":{"self":[{"href":"https:\/\/inzain.bike\/fr_be\/wp-json\/wp\/v2\/pages\/5037","targetHints":{"allow":["GET"]}}],"collection":[{"href":"https:\/\/inzain.bike\/fr_be\/wp-json\/wp\/v2\/pages"}],"about":[{"href":"https:\/\/inzain.bike\/fr_be\/wp-json\/wp\/v2\/types\/page"}],"author":[{"embeddable":true,"href":"https:\/\/inzain.bike\/fr_be\/wp-json\/wp\/v2\/users\/135133094"}],"replies":[{"embeddable":true,"href":"https:\/\/inzain.bike\/fr_be\/wp-json\/wp\/v2\/comments?post=5037"}],"version-history":[{"count":0,"href":"https:\/\/inzain.bike\/fr_be\/wp-json\/wp\/v2\/pages\/5037\/revisions"}],"wp:attachment":[{"href":"https:\/\/inzain.bike\/fr_be\/wp-json\/wp\/v2\/media?parent=5037"}],"curies":[{"name":"wp","href":"https:\/\/api.w.org\/{rel}","templated":true}]}}