{"id":5310,"date":"2023-11-21T18:37:38","date_gmt":"2023-11-21T17:37:38","guid":{"rendered":"https:\/\/inzain.bike\/?page_id=5310"},"modified":"2023-11-25T17:33:48","modified_gmt":"2023-11-25T16:33:48","slug":"pyr24-travel","status":"publish","type":"page","link":"https:\/\/inzain.bike\/fr_be\/pyr24-travel\/","title":{"rendered":"Pyr\u00e9n\u00e9es Voyages et Transports"},"content":{"rendered":"<figure class=\"wp-block-image alignwide size-large\"><img loading=\"lazy\" decoding=\"async\" width=\"1024\" height=\"682\" src=\"https:\/\/inzain.bike\/wp-content\/uploads\/2023\/11\/pexels-pixabay-47044-1024x682.jpg\" alt=\"\" class=\"wp-image-4035\" srcset=\"https:\/\/inzain.bike\/wp-content\/uploads\/2023\/11\/pexels-pixabay-47044-1024x682.jpg 1024w, https:\/\/inzain.bike\/wp-content\/uploads\/2023\/11\/pexels-pixabay-47044-300x200.jpg 300w, https:\/\/inzain.bike\/wp-content\/uploads\/2023\/11\/pexels-pixabay-47044-768x512.jpg 768w, https:\/\/inzain.bike\/wp-content\/uploads\/2023\/11\/pexels-pixabay-47044-1536x1024.jpg 1536w, https:\/\/inzain.bike\/wp-content\/uploads\/2023\/11\/pexels-pixabay-47044-18x12.jpg 18w, https:\/\/inzain.bike\/wp-content\/uploads\/2023\/11\/pexels-pixabay-47044-1320x880.jpg 1320w, https:\/\/inzain.bike\/wp-content\/uploads\/2023\/11\/pexels-pixabay-47044-600x400.jpg 600w, https:\/\/inzain.bike\/wp-content\/uploads\/2023\/11\/pexels-pixabay-47044.jpg 2000w\" sizes=\"auto, (max-width: 1024px) 100vw, 1024px\" \/><\/figure>\n\n\n\n<div class=\"wp-block-columns alignwide is-layout-flex wp-container-core-columns-is-layout-28f84493 wp-block-columns-is-layout-flex\">\n<div class=\"wp-block-column is-layout-flow wp-block-column-is-layout-flow\">\n<p class=\"has-roboto-font-family has-custom-font\" style=\"font-family:Roboto\">Les Pyr\u00e9n\u00e9es et notre d\u00e9part \u00e0 Biarritz sont un r\u00eave \u00e0 atteindre. Peu de villes disposent d\u2019un a\u00e9roport aussi proche de la plage et sans que cela ne paraisse intrusif. SAS nous transporte directement sur place et chez nous. \u00c7a fait plaisir de savoir que le v\u00e9lo est inclus et qu&#039;il n&#039;a pas \u00e9t\u00e9 laiss\u00e9 en escale. Barcelone est aussi un r\u00eave, mais l\u00e0-bas nous pensons qu&#039;il est facile d&#039;obtenir un vol direct (pas cher) pour rentrer chez soi qui nous convient.<\/p>\n\n\n\n<p><strong>Transfert <\/strong><\/p>\n\n\n\n<div class=\"wp-block-columns is-layout-flex wp-container-core-columns-is-layout-28f84493 wp-block-columns-is-layout-flex\">\n<div class=\"wp-block-column is-layout-flow wp-block-column-is-layout-flow\">\n<figure class=\"wp-block-image size-large\"><img loading=\"lazy\" decoding=\"async\" width=\"1024\" height=\"768\" src=\"https:\/\/inzain.bike\/wp-content\/uploads\/2023\/11\/IMG_1082-1024x768.jpg\" alt=\"\" class=\"wp-image-4972\" srcset=\"https:\/\/inzain.bike\/wp-content\/uploads\/2023\/11\/IMG_1082-1024x768.jpg 1024w, https:\/\/inzain.bike\/wp-content\/uploads\/2023\/11\/IMG_1082-300x225.jpg 300w, https:\/\/inzain.bike\/wp-content\/uploads\/2023\/11\/IMG_1082-768x576.jpg 768w, https:\/\/inzain.bike\/wp-content\/uploads\/2023\/11\/IMG_1082-1536x1152.jpg 1536w, https:\/\/inzain.bike\/wp-content\/uploads\/2023\/11\/IMG_1082-2048x1536.jpg 2048w, https:\/\/inzain.bike\/wp-content\/uploads\/2023\/11\/IMG_1082-16x12.jpg 16w, https:\/\/inzain.bike\/wp-content\/uploads\/2023\/11\/IMG_1082-1320x990.jpg 1320w, https:\/\/inzain.bike\/wp-content\/uploads\/2023\/11\/IMG_1082-600x450.jpg 600w\" sizes=\"auto, (max-width: 1024px) 100vw, 1024px\" \/><\/figure>\n<\/div>\n\n\n\n<div class=\"wp-block-column is-layout-flow wp-block-column-is-layout-flow\">\n<div style=\"height:193px\" aria-hidden=\"true\" class=\"wp-block-spacer\"><\/div>\n\n\n\n<p>Comme d&#039;habitude, nous vous rencontrons directement \u00e0 l&#039;a\u00e9roport avec notre voiture d&#039;escorte. Notre h\u00f4tel v\u00e9lo est situ\u00e9 \u00e0 seulement 5 minutes de l\u2019a\u00e9roport de Biarritz. Nous arrivons ensuite \u00e0 Barcelone en un peu plus d&#039;une heure depuis l&#039;autoroute de G\u00e9rone.<\/p>\n<\/div>\n<\/div>\n<\/div>\n<\/div>\n\n\n\n<div class=\"wp-block-columns alignwide is-layout-flex wp-container-core-columns-is-layout-28f84493 wp-block-columns-is-layout-flex\">\n<div class=\"wp-block-column is-layout-flow wp-block-column-is-layout-flow\">\n<div style=\"height:186px\" aria-hidden=\"true\" class=\"wp-block-spacer\"><\/div>\n\n\n\n<p>Notre objectif est que vous, en tant qu&#039;invit\u00e9, soyez aussi satisfait que possible. Nous devons avoir anticip\u00e9 tous les besoins et souhaits \u00e0 l&#039;avance, car vous et votre exp\u00e9rience \u00eates la seule chose qui nous int\u00e9resse.<\/p>\n\n\n\n<p>Nous voulons vous offrir une exp\u00e9rience que vous n&#039;oublierez jamais, une exp\u00e9rience qui offre de l&#039;activit\u00e9 physique, de la d\u00e9tente, de la nature, de la culture, de l&#039;excitation, de la bonne nourriture, beaucoup de rires, des amis et des souvenirs qui dureront toute une vie.<\/p>\n<\/div>\n\n\n\n<div class=\"wp-block-column is-layout-flow wp-block-column-is-layout-flow\">\n<figure class=\"wp-block-image size-large\"><img loading=\"lazy\" decoding=\"async\" width=\"1024\" height=\"1024\" src=\"https:\/\/inzain.bike\/wp-content\/uploads\/2023\/11\/IMG_5333-2-1024x1024.jpg\" alt=\"\" class=\"wp-image-4974\" srcset=\"https:\/\/inzain.bike\/wp-content\/uploads\/2023\/11\/IMG_5333-2-1024x1024.jpg 1024w, https:\/\/inzain.bike\/wp-content\/uploads\/2023\/11\/IMG_5333-2-300x300.jpg 300w, https:\/\/inzain.bike\/wp-content\/uploads\/2023\/11\/IMG_5333-2-150x150.jpg 150w, https:\/\/inzain.bike\/wp-content\/uploads\/2023\/11\/IMG_5333-2-768x768.jpg 768w, https:\/\/inzain.bike\/wp-content\/uploads\/2023\/11\/IMG_5333-2-1536x1536.jpg 1536w, https:\/\/inzain.bike\/wp-content\/uploads\/2023\/11\/IMG_5333-2-2048x2048.jpg 2048w, https:\/\/inzain.bike\/wp-content\/uploads\/2023\/11\/IMG_5333-2-12x12.jpg 12w, https:\/\/inzain.bike\/wp-content\/uploads\/2023\/11\/IMG_5333-2-1320x1320.jpg 1320w, https:\/\/inzain.bike\/wp-content\/uploads\/2023\/11\/IMG_5333-2-600x600.jpg 600w, https:\/\/inzain.bike\/wp-content\/uploads\/2023\/11\/IMG_5333-2-100x100.jpg 100w\" sizes=\"auto, (max-width: 1024px) 100vw, 1024px\" \/><\/figure>\n<\/div>\n<\/div>","protected":false},"excerpt":{"rendered":"<p>Pyren\u00e9erna och v\u00e5r start i Biarritz \u00e4r en dr\u00f6m att ta sig till. F\u00e5 st\u00e4der har en flygplats s\u00e5 n\u00e4ra stranden och det utan att den k\u00e4nns st\u00f6rande. SAS flyger oss direkt dit och hem. Sk\u00f6nt att veta att cykeln \u00e4r med och den inte blivit kvar p\u00e5 n\u00e5gon mellanlandning. Barcelona \u00e4r ocks\u00e5 en dr\u00f6m, [&hellip;]<\/p>\n","protected":false},"author":203917874,"featured_media":0,"parent":0,"menu_order":0,"comment_status":"closed","ping_status":"closed","template":"","meta":{"_coblocks_attr":"Roboto","_coblocks_dimensions":"","_coblocks_responsive_height":"","_coblocks_accordion_ie_support":"","footnotes":""},"class_list":["post-5310","page","type-page","status-publish","hentry"],"yoast_head":"<!-- This site is optimized with the Yoast SEO plugin v27.2 - https:\/\/yoast.com\/product\/yoast-seo-wordpress\/ -->\n<title>Pyren\u00e9erna Resa och Transport - INZAIN Cycling EXPERIENCES<\/title>\n<meta name=\"robots\" content=\"index, follow, max-snippet:-1, max-image-preview:large, max-video-preview:-1\" \/>\n<link rel=\"canonical\" href=\"https:\/\/inzain.bike\/fr_be\/pyr24-travel\/\" \/>\n<meta property=\"og:locale\" content=\"fr_FR\" \/>\n<meta property=\"og:type\" content=\"article\" \/>\n<meta property=\"og:title\" content=\"Pyren\u00e9erna Resa och Transport - INZAIN Cycling EXPERIENCES\" \/>\n<meta property=\"og:description\" content=\"Pyren\u00e9erna och v\u00e5r start i Biarritz \u00e4r en dr\u00f6m att ta sig till. F\u00e5 st\u00e4der har en flygplats s\u00e5 n\u00e4ra stranden och det utan att den k\u00e4nns st\u00f6rande. SAS flyger oss direkt dit och hem. Sk\u00f6nt att veta att cykeln \u00e4r med och den inte blivit kvar p\u00e5 n\u00e5gon mellanlandning. Barcelona \u00e4r ocks\u00e5 en dr\u00f6m, [&hellip;]\" \/>\n<meta property=\"og:url\" content=\"https:\/\/inzain.bike\/fr_be\/pyr24-travel\/\" \/>\n<meta property=\"og:site_name\" content=\"INZAIN Cycling EXPERIENCES\" \/>\n<meta property=\"article:publisher\" content=\"https:\/\/www.facebook.com\/Inzain.bike\" \/>\n<meta property=\"article:modified_time\" content=\"2023-11-25T16:33:48+00:00\" \/>\n<meta property=\"og:image\" content=\"https:\/\/inzain.bike\/wp-content\/uploads\/2023\/11\/pexels-pixabay-47044-1024x682.jpg\" \/>\n<meta name=\"twitter:card\" content=\"summary_large_image\" \/>\n<meta name=\"twitter:label1\" content=\"Dur\u00e9e de lecture est.\" \/>\n\t<meta name=\"twitter:data1\" content=\"2 minutes\" \/>\n<script type=\"application\/ld+json\" class=\"yoast-schema-graph\">{\"@context\":\"https:\/\/schema.org\",\"@graph\":[{\"@type\":\"WebPage\",\"@id\":\"https:\/\/inzain.bike\/sv_se\/pyr24-travel\/\",\"url\":\"https:\/\/inzain.bike\/sv_se\/pyr24-travel\/\",\"name\":\"Pyren\u00e9erna Resa och Transport - INZAIN Cycling EXPERIENCES\",\"isPartOf\":{\"@id\":\"https:\/\/inzain.bike\/fr_be\/#website\"},\"primaryImageOfPage\":{\"@id\":\"https:\/\/inzain.bike\/sv_se\/pyr24-travel\/#primaryimage\"},\"image\":{\"@id\":\"https:\/\/inzain.bike\/sv_se\/pyr24-travel\/#primaryimage\"},\"thumbnailUrl\":\"https:\/\/inzain.bike\/wp-content\/uploads\/2023\/11\/pexels-pixabay-47044-1024x682.jpg\",\"datePublished\":\"2023-11-21T17:37:38+00:00\",\"dateModified\":\"2023-11-25T16:33:48+00:00\",\"breadcrumb\":{\"@id\":\"https:\/\/inzain.bike\/sv_se\/pyr24-travel\/#breadcrumb\"},\"inLanguage\":\"fr-BE\",\"potentialAction\":[{\"@type\":\"ReadAction\",\"target\":[\"https:\/\/inzain.bike\/sv_se\/pyr24-travel\/\"]}]},{\"@type\":\"ImageObject\",\"inLanguage\":\"fr-BE\",\"@id\":\"https:\/\/inzain.bike\/sv_se\/pyr24-travel\/#primaryimage\",\"url\":\"https:\/\/inzain.bike\/wp-content\/uploads\/2023\/11\/pexels-pixabay-47044-1024x682.jpg\",\"contentUrl\":\"https:\/\/inzain.bike\/wp-content\/uploads\/2023\/11\/pexels-pixabay-47044-1024x682.jpg\"},{\"@type\":\"BreadcrumbList\",\"@id\":\"https:\/\/inzain.bike\/sv_se\/pyr24-travel\/#breadcrumb\",\"itemListElement\":[{\"@type\":\"ListItem\",\"position\":1,\"name\":\"Hem\",\"item\":\"https:\/\/inzain.bike\/fr_be\/\"},{\"@type\":\"ListItem\",\"position\":2,\"name\":\"Pyren\u00e9erna Resa och Transport\"}]},{\"@type\":\"WebSite\",\"@id\":\"https:\/\/inzain.bike\/fr_be\/#website\",\"url\":\"https:\/\/inzain.bike\/fr_be\/\",\"name\":\"INZAIN Cycling EXPERIENCES\",\"description\":\"Cyckling Adventures  - for everyone\",\"publisher\":{\"@id\":\"https:\/\/inzain.bike\/fr_be\/#organization\"},\"alternateName\":\"INZAIN Gravel & Travel\",\"potentialAction\":[{\"@type\":\"SearchAction\",\"target\":{\"@type\":\"EntryPoint\",\"urlTemplate\":\"https:\/\/inzain.bike\/fr_be\/?s={search_term_string}\"},\"query-input\":{\"@type\":\"PropertyValueSpecification\",\"valueRequired\":true,\"valueName\":\"search_term_string\"}}],\"inLanguage\":\"fr-BE\"},{\"@type\":\"Organization\",\"@id\":\"https:\/\/inzain.bike\/fr_be\/#organization\",\"name\":\"INZAIN Cycling EXPERIENCES\",\"url\":\"https:\/\/inzain.bike\/fr_be\/\",\"logo\":{\"@type\":\"ImageObject\",\"inLanguage\":\"fr-BE\",\"@id\":\"https:\/\/inzain.bike\/fr_be\/#\/schema\/logo\/image\/\",\"url\":\"https:\/\/i0.wp.com\/inzain.bike\/wp-content\/uploads\/2023\/09\/cropped-INZAIN_512x512_white.png?fit=512%2C512&ssl=1\",\"contentUrl\":\"https:\/\/i0.wp.com\/inzain.bike\/wp-content\/uploads\/2023\/09\/cropped-INZAIN_512x512_white.png?fit=512%2C512&ssl=1\",\"width\":512,\"height\":512,\"caption\":\"INZAIN Cycling EXPERIENCES\"},\"image\":{\"@id\":\"https:\/\/inzain.bike\/fr_be\/#\/schema\/logo\/image\/\"},\"sameAs\":[\"https:\/\/www.facebook.com\/Inzain.bike\",\"https:\/\/www.instagram.com\/inzainbike\"]}]}<\/script>\n<!-- \/ Yoast SEO plugin. -->","yoast_head_json":{"title":"Voyages et transports dans les Pyr\u00e9n\u00e9es - INZAIN Cycling EXPERIENCES","robots":{"index":"index","follow":"follow","max-snippet":"max-snippet:-1","max-image-preview":"max-image-preview:large","max-video-preview":"max-video-preview:-1"},"canonical":"https:\/\/inzain.bike\/fr_be\/pyr24-travel\/","og_locale":"fr_FR","og_type":"article","og_title":"Pyren\u00e9erna Resa och Transport - INZAIN Cycling EXPERIENCES","og_description":"Pyren\u00e9erna och v\u00e5r start i Biarritz \u00e4r en dr\u00f6m att ta sig till. F\u00e5 st\u00e4der har en flygplats s\u00e5 n\u00e4ra stranden och det utan att den k\u00e4nns st\u00f6rande. SAS flyger oss direkt dit och hem. Sk\u00f6nt att veta att cykeln \u00e4r med och den inte blivit kvar p\u00e5 n\u00e5gon mellanlandning. Barcelona \u00e4r ocks\u00e5 en dr\u00f6m, [&hellip;]","og_url":"https:\/\/inzain.bike\/fr_be\/pyr24-travel\/","og_site_name":"INZAIN Cycling EXPERIENCES","article_publisher":"https:\/\/www.facebook.com\/Inzain.bike","article_modified_time":"2023-11-25T16:33:48+00:00","og_image":[{"url":"https:\/\/inzain.bike\/wp-content\/uploads\/2023\/11\/pexels-pixabay-47044-1024x682.jpg","type":"","width":"","height":""}],"twitter_card":"summary_large_image","twitter_misc":{"Dur\u00e9e de lecture est.":"2 minutes"},"schema":{"@context":"https:\/\/schema.org","@graph":[{"@type":"WebPage","@id":"https:\/\/inzain.bike\/sv_se\/pyr24-travel\/","url":"https:\/\/inzain.bike\/sv_se\/pyr24-travel\/","name":"Voyages et transports dans les Pyr\u00e9n\u00e9es - INZAIN Cycling EXPERIENCES","isPartOf":{"@id":"https:\/\/inzain.bike\/fr_be\/#website"},"primaryImageOfPage":{"@id":"https:\/\/inzain.bike\/sv_se\/pyr24-travel\/#primaryimage"},"image":{"@id":"https:\/\/inzain.bike\/sv_se\/pyr24-travel\/#primaryimage"},"thumbnailUrl":"https:\/\/inzain.bike\/wp-content\/uploads\/2023\/11\/pexels-pixabay-47044-1024x682.jpg","datePublished":"2023-11-21T17:37:38+00:00","dateModified":"2023-11-25T16:33:48+00:00","breadcrumb":{"@id":"https:\/\/inzain.bike\/sv_se\/pyr24-travel\/#breadcrumb"},"inLanguage":"fr-BE","potentialAction":[{"@type":"ReadAction","target":["https:\/\/inzain.bike\/sv_se\/pyr24-travel\/"]}]},{"@type":"ImageObject","inLanguage":"fr-BE","@id":"https:\/\/inzain.bike\/sv_se\/pyr24-travel\/#primaryimage","url":"https:\/\/inzain.bike\/wp-content\/uploads\/2023\/11\/pexels-pixabay-47044-1024x682.jpg","contentUrl":"https:\/\/inzain.bike\/wp-content\/uploads\/2023\/11\/pexels-pixabay-47044-1024x682.jpg"},{"@type":"BreadcrumbList","@id":"https:\/\/inzain.bike\/sv_se\/pyr24-travel\/#breadcrumb","itemListElement":[{"@type":"ListItem","position":1,"name":"Hem","item":"https:\/\/inzain.bike\/fr_be\/"},{"@type":"ListItem","position":2,"name":"Pyren\u00e9erna Resa och Transport"}]},{"@type":"WebSite","@id":"https:\/\/inzain.bike\/fr_be\/#website","url":"https:\/\/inzain.bike\/fr_be\/","name":"EXP\u00c9RIENCES Cyclistes INZAIN","description":"Aventures \u00e0 v\u00e9lo - pour tous","publisher":{"@id":"https:\/\/inzain.bike\/fr_be\/#organization"},"alternateName":"INZAIN Gravel & Travel","potentialAction":[{"@type":"SearchAction","target":{"@type":"EntryPoint","urlTemplate":"https:\/\/inzain.bike\/fr_be\/?s={search_term_string}"},"query-input":{"@type":"PropertyValueSpecification","valueRequired":true,"valueName":"search_term_string"}}],"inLanguage":"fr-BE"},{"@type":"Organization","@id":"https:\/\/inzain.bike\/fr_be\/#organization","name":"EXP\u00c9RIENCES Cyclistes INZAIN","url":"https:\/\/inzain.bike\/fr_be\/","logo":{"@type":"ImageObject","inLanguage":"fr-BE","@id":"https:\/\/inzain.bike\/fr_be\/#\/schema\/logo\/image\/","url":"https:\/\/i0.wp.com\/inzain.bike\/wp-content\/uploads\/2023\/09\/cropped-INZAIN_512x512_white.png?fit=512%2C512&ssl=1","contentUrl":"https:\/\/i0.wp.com\/inzain.bike\/wp-content\/uploads\/2023\/09\/cropped-INZAIN_512x512_white.png?fit=512%2C512&ssl=1","width":512,"height":512,"caption":"INZAIN Cycling EXPERIENCES"},"image":{"@id":"https:\/\/inzain.bike\/fr_be\/#\/schema\/logo\/image\/"},"sameAs":["https:\/\/www.facebook.com\/Inzain.bike","https:\/\/www.instagram.com\/inzainbike"]}]}},"amp_enabled":true,"_links":{"self":[{"href":"https:\/\/inzain.bike\/fr_be\/wp-json\/wp\/v2\/pages\/5310","targetHints":{"allow":["GET"]}}],"collection":[{"href":"https:\/\/inzain.bike\/fr_be\/wp-json\/wp\/v2\/pages"}],"about":[{"href":"https:\/\/inzain.bike\/fr_be\/wp-json\/wp\/v2\/types\/page"}],"author":[{"embeddable":true,"href":"https:\/\/inzain.bike\/fr_be\/wp-json\/wp\/v2\/users\/203917874"}],"replies":[{"embeddable":true,"href":"https:\/\/inzain.bike\/fr_be\/wp-json\/wp\/v2\/comments?post=5310"}],"version-history":[{"count":0,"href":"https:\/\/inzain.bike\/fr_be\/wp-json\/wp\/v2\/pages\/5310\/revisions"}],"wp:attachment":[{"href":"https:\/\/inzain.bike\/fr_be\/wp-json\/wp\/v2\/media?parent=5310"}],"curies":[{"name":"wp","href":"https:\/\/api.w.org\/{rel}","templated":true}]}}