{"id":5442,"date":"2023-11-17T12:29:52","date_gmt":"2023-11-17T11:29:52","guid":{"rendered":"https:\/\/inzain.bike\/?page_id=5442"},"modified":"2024-12-07T12:48:18","modified_gmt":"2024-12-07T11:48:18","slug":"mal25_mallorca","status":"publish","type":"page","link":"https:\/\/inzain.bike\/fr_be\/mal25_mallorca\/","title":{"rendered":"\u00c0 propos de Majorque"},"content":{"rendered":"<div class=\"wp-block-columns alignwide is-layout-flex wp-container-core-columns-is-layout-28f84493 wp-block-columns-is-layout-flex\">\n<div class=\"wp-block-column is-layout-flow wp-block-column-is-layout-flow\">\n<p><strong>Majorque poss\u00e8de un paysage tr\u00e8s vari\u00e9, avec de hauts sommets, de grandes plaines et de longues plages.<\/strong>. Dans les montagnes de Tramuntana (Sierra de Tramuntana) se trouve le plus haut sommet de l&#039;\u00eele, le Puig Major, \u00e0 1\u00a0436 m d&#039;altitude. <\/p>\n\n\n\n<p>L&#039;\u00eele a tout ce que l&#039;on peut souhaiter ! Soleil, plages, excursions, golfs, sentiers de randonn\u00e9e et pistes cyclables, vie nocturne, culture, shopping, etc. <\/p>\n\n\n\n<p>C&#039;est la plus grande des \u00eeles du groupe des \u00eeles Bal\u00e9ares, situ\u00e9e dans la partie occidentale de la mer M\u00e9diterran\u00e9e et appartenant \u00e0 l&#039;Espagne. Les autres \u00eeles du groupe sont Minorque, Ibiza et Formentera. Majorque est l\u00e9g\u00e8rement plus grande que Gotland et mesure environ 10 x 8 miles.<\/p>\n\n\n\n<p>La majorit\u00e9 de la population de l&#039;\u00eele, environ 70 %, vit du tourisme, environ 20 % de l&#039;agriculture et le reste de l&#039;industrie, qui s&#039;occupe principalement du verre, de la c\u00e9ramique et du meuble.<\/p>\n\n\n\n<p>Majorque est l&#039;une des destinations touristiques les plus populaires d&#039;Europe et chaque ann\u00e9e, l&#039;\u00eele accueille chaque ann\u00e9e plus de 10 fois plus de touristes que de r\u00e9sidents permanents. Les visiteurs viennent du monde entier, mais bien s\u00fbr principalement d&#039;Europe. Les grands groupes de touristes viennent d&#039;Allemagne, d&#039;Angleterre et de Scandinavie ainsi que du continent, d&#039;o\u00f9 de nombreux Espagnols aiment \u00e9galement visiter Majorque.<\/p>\n\n\n\n<p><br><\/p>\n\n\n\n<div class=\"wp-block-jetpack-tiled-gallery aligncenter is-style-rectangular\"><div class=\"tiled-gallery__gallery\"><div class=\"tiled-gallery__row\"><div class=\"tiled-gallery__col\" style=\"flex-basis:44.53880%\"><figure class=\"tiled-gallery__item\"><img decoding=\"async\" alt=\"\" data-height=\"933\" data-id=\"5446\" data-link=\"https:\/\/inzain.bike\/mal24_mallorca\/mallorca_en-us\/\" data-url=\"https:\/\/inzain.bike\/wp-content\/uploads\/2023\/11\/mallorca_en-US-1024x682.png\" data-width=\"1400\" src=\"https:\/\/i2.wp.com\/inzain.bike\/wp-content\/uploads\/2023\/11\/mallorca_en-US-1024x682.png?ssl=1\" data-amp-layout=\"responsive\"\/><\/figure><figure class=\"tiled-gallery__item\"><img decoding=\"async\" alt=\"\" data-height=\"630\" data-id=\"5447\" data-link=\"https:\/\/inzain.bike\/mal24_mallorca\/mallorca-unsplash\/\" data-url=\"https:\/\/inzain.bike\/wp-content\/uploads\/2023\/11\/mallorca-unsplash-1024x538.jpg\" data-width=\"1200\" src=\"https:\/\/i2.wp.com\/inzain.bike\/wp-content\/uploads\/2023\/11\/mallorca-unsplash-1024x538.jpg?ssl=1\" data-amp-layout=\"responsive\"\/><\/figure><figure class=\"tiled-gallery__item\"><img decoding=\"async\" alt=\"\" data-height=\"183\" data-id=\"5448\" data-link=\"https:\/\/inzain.bike\/mal24_mallorca\/nedladdning-2\/\" data-url=\"https:\/\/inzain.bike\/wp-content\/uploads\/2023\/11\/nedladdning.jpg\" data-width=\"275\" src=\"https:\/\/i1.wp.com\/inzain.bike\/wp-content\/uploads\/2023\/11\/nedladdning.jpg?ssl=1\" data-amp-layout=\"responsive\"\/><\/figure><\/div><div class=\"tiled-gallery__col\" style=\"flex-basis:55.46120%\"><figure class=\"tiled-gallery__item\"><img decoding=\"async\" alt=\"\" data-height=\"5752\" data-id=\"5449\" data-link=\"https:\/\/inzain.bike\/mal24_mallorca\/pexels-ira-11741465\/\" data-url=\"https:\/\/inzain.bike\/wp-content\/uploads\/2023\/11\/pexels-ira-11741465-683x1024.jpg\" data-width=\"3835\" src=\"https:\/\/i0.wp.com\/inzain.bike\/wp-content\/uploads\/2023\/11\/pexels-ira-11741465-683x1024.jpg?ssl=1\" data-amp-layout=\"responsive\"\/><\/figure><\/div><\/div><div class=\"tiled-gallery__row\"><div class=\"tiled-gallery__col\" style=\"flex-basis:64.97033%\"><figure class=\"tiled-gallery__item\"><img decoding=\"async\" alt=\"\" data-height=\"2374\" data-id=\"5451\" data-link=\"https:\/\/inzain.bike\/mal24_mallorca\/pexels-mali-maeder-42093\/\" data-url=\"https:\/\/inzain.bike\/wp-content\/uploads\/2023\/11\/pexels-mali-maeder-42093-1024x680.jpg\" data-width=\"3574\" src=\"https:\/\/i2.wp.com\/inzain.bike\/wp-content\/uploads\/2023\/11\/pexels-mali-maeder-42093-1024x680.jpg?ssl=1\" data-amp-layout=\"responsive\"\/><\/figure><\/div><div class=\"tiled-gallery__col\" style=\"flex-basis:35.02967%\"><figure class=\"tiled-gallery__item\"><img decoding=\"async\" alt=\"\" data-height=\"168\" data-id=\"5452\" data-link=\"https:\/\/inzain.bike\/mal24_mallorca\/sacalobra-2\/\" data-url=\"https:\/\/inzain.bike\/wp-content\/uploads\/2023\/11\/sacalobra.jpg\" data-width=\"300\" src=\"https:\/\/i2.wp.com\/inzain.bike\/wp-content\/uploads\/2023\/11\/sacalobra.jpg?ssl=1\" data-amp-layout=\"responsive\"\/><\/figure><figure class=\"tiled-gallery__item\"><img decoding=\"async\" alt=\"\" data-height=\"500\" data-id=\"5453\" data-link=\"https:\/\/inzain.bike\/mal24_mallorca\/small_climb2706pic9126-2\/\" data-url=\"https:\/\/inzain.bike\/wp-content\/uploads\/2023\/11\/small_climb2706pic9126.jpeg\" data-width=\"749\" src=\"https:\/\/i2.wp.com\/inzain.bike\/wp-content\/uploads\/2023\/11\/small_climb2706pic9126.jpeg?ssl=1\" data-amp-layout=\"responsive\"\/><\/figure><\/div><\/div><div class=\"tiled-gallery__row\"><div class=\"tiled-gallery__col\" style=\"flex-basis:100.00000%\"><figure class=\"tiled-gallery__item\"><img decoding=\"async\" alt=\"\" data-height=\"600\" data-id=\"5454\" data-link=\"https:\/\/inzain.bike\/mal24_mallorca\/vandreferie-paa-mallorca\/\" data-url=\"https:\/\/inzain.bike\/wp-content\/uploads\/2023\/11\/vandreferie-paa-mallorca-1024x576.jpg\" data-width=\"1067\" src=\"https:\/\/i1.wp.com\/inzain.bike\/wp-content\/uploads\/2023\/11\/vandreferie-paa-mallorca-1024x576.jpg?ssl=1\" data-amp-layout=\"responsive\"\/><\/figure><\/div><\/div><\/div><\/div>\n\n\n\n<p>En plus du v\u00e9lo, il y a beaucoup \u00e0 d\u00e9couvrir. Un voyage \u00e0 Palma, qui est une ville anim\u00e9e avec une fantastique promenade id\u00e9ale pour faire du v\u00e9lo dans un caf\u00e9 tranquille.<br>MA-10, est une route qui serpente autour des montagnes, est une chose \u00e0 ne pas manquer, pourquoi ne pas louer une voiture et l&#039;explorer le jour violet.<\/p>\n\n\n\n<p>Demandez \u00e0 nos guides si vous souhaitez vivre quelque chose de sp\u00e9cial et nous essaierons de l&#039;organiser de la meilleure fa\u00e7on.<\/p>\n<\/div>\n<\/div>","protected":false},"excerpt":{"rendered":"<p>Mallorca har ett mycket varierande landskap, med h\u00f6ga bergstoppar, stora sl\u00e4tter och l\u00e5nga str\u00e4nder. I Tramuntanabergen (Sierra de Tramuntana) ligger \u00f6ns h\u00f6gsta bergstopp Puig Major, 1 436 m \u00f6 h. \u00d6n har allt man kan \u00f6nska sig! Sol, str\u00e4nder, utflykter, golfbanor, vandrings- och cykelleder, nattliv, kultur, shopping, m.m. Den \u00e4r den st\u00f6rsta av \u00f6arna i [&hellip;]<\/p>\n","protected":false},"author":135133094,"featured_media":0,"parent":0,"menu_order":0,"comment_status":"closed","ping_status":"closed","template":"","meta":{"_coblocks_attr":"","_coblocks_dimensions":"","_coblocks_responsive_height":"","_coblocks_accordion_ie_support":"","footnotes":""},"class_list":["post-5442","page","type-page","status-publish","hentry"],"yoast_head":"<!-- This site is optimized with the Yoast SEO plugin v27.2 - https:\/\/yoast.com\/product\/yoast-seo-wordpress\/ -->\n<title>Om Mallorca - INZAIN Cycling EXPERIENCES<\/title>\n<meta name=\"robots\" content=\"index, follow, max-snippet:-1, max-image-preview:large, max-video-preview:-1\" \/>\n<link rel=\"canonical\" href=\"https:\/\/inzain.bike\/fr_be\/mal25_mallorca\/\" \/>\n<meta property=\"og:locale\" content=\"fr_FR\" \/>\n<meta property=\"og:type\" content=\"article\" \/>\n<meta property=\"og:title\" content=\"Om Mallorca - INZAIN Cycling EXPERIENCES\" \/>\n<meta property=\"og:description\" content=\"Mallorca har ett mycket varierande landskap, med h\u00f6ga bergstoppar, stora sl\u00e4tter och l\u00e5nga str\u00e4nder. I Tramuntanabergen (Sierra de Tramuntana) ligger \u00f6ns h\u00f6gsta bergstopp Puig Major, 1 436 m \u00f6 h. \u00d6n har allt man kan \u00f6nska sig! Sol, str\u00e4nder, utflykter, golfbanor, vandrings- och cykelleder, nattliv, kultur, shopping, m.m. Den \u00e4r den st\u00f6rsta av \u00f6arna i [&hellip;]\" \/>\n<meta property=\"og:url\" content=\"https:\/\/inzain.bike\/fr_be\/mal25_mallorca\/\" \/>\n<meta property=\"og:site_name\" content=\"INZAIN Cycling EXPERIENCES\" \/>\n<meta property=\"article:publisher\" content=\"https:\/\/www.facebook.com\/Inzain.bike\" \/>\n<meta property=\"article:modified_time\" content=\"2024-12-07T11:48:18+00:00\" \/>\n<meta property=\"og:image\" content=\"https:\/\/i2.wp.com\/inzain.bike\/wp-content\/uploads\/2023\/11\/mallorca_en-US-1024x682.png?ssl=1\" \/>\n<meta name=\"twitter:card\" content=\"summary_large_image\" \/>\n<meta name=\"twitter:label1\" content=\"Dur\u00e9e de lecture est.\" \/>\n\t<meta name=\"twitter:data1\" content=\"3 minutes\" \/>\n<script type=\"application\/ld+json\" class=\"yoast-schema-graph\">{\"@context\":\"https:\/\/schema.org\",\"@graph\":[{\"@type\":\"WebPage\",\"@id\":\"https:\/\/inzain.bike\/en\/mal25_mallorca\/\",\"url\":\"https:\/\/inzain.bike\/en\/mal25_mallorca\/\",\"name\":\"Om Mallorca - INZAIN Cycling EXPERIENCES\",\"isPartOf\":{\"@id\":\"https:\/\/inzain.bike\/fr_be\/#website\"},\"primaryImageOfPage\":{\"@id\":\"https:\/\/inzain.bike\/en\/mal25_mallorca\/#primaryimage\"},\"image\":{\"@id\":\"https:\/\/inzain.bike\/en\/mal25_mallorca\/#primaryimage\"},\"thumbnailUrl\":\"https:\/\/i2.wp.com\/inzain.bike\/wp-content\/uploads\/2023\/11\/mallorca_en-US-1024x682.png?ssl=1\",\"datePublished\":\"2023-11-17T11:29:52+00:00\",\"dateModified\":\"2024-12-07T11:48:18+00:00\",\"breadcrumb\":{\"@id\":\"https:\/\/inzain.bike\/en\/mal25_mallorca\/#breadcrumb\"},\"inLanguage\":\"fr-BE\",\"potentialAction\":[{\"@type\":\"ReadAction\",\"target\":[\"https:\/\/inzain.bike\/en\/mal25_mallorca\/\"]}]},{\"@type\":\"ImageObject\",\"inLanguage\":\"fr-BE\",\"@id\":\"https:\/\/inzain.bike\/en\/mal25_mallorca\/#primaryimage\",\"url\":\"https:\/\/i2.wp.com\/inzain.bike\/wp-content\/uploads\/2023\/11\/mallorca_en-US-1024x682.png?ssl=1\",\"contentUrl\":\"https:\/\/i2.wp.com\/inzain.bike\/wp-content\/uploads\/2023\/11\/mallorca_en-US-1024x682.png?ssl=1\"},{\"@type\":\"BreadcrumbList\",\"@id\":\"https:\/\/inzain.bike\/en\/mal25_mallorca\/#breadcrumb\",\"itemListElement\":[{\"@type\":\"ListItem\",\"position\":1,\"name\":\"Hem\",\"item\":\"https:\/\/inzain.bike\/fr_be\/\"},{\"@type\":\"ListItem\",\"position\":2,\"name\":\"Om Mallorca\"}]},{\"@type\":\"WebSite\",\"@id\":\"https:\/\/inzain.bike\/fr_be\/#website\",\"url\":\"https:\/\/inzain.bike\/fr_be\/\",\"name\":\"INZAIN Cycling EXPERIENCES\",\"description\":\"Cyckling Adventures  - for everyone\",\"publisher\":{\"@id\":\"https:\/\/inzain.bike\/fr_be\/#organization\"},\"alternateName\":\"INZAIN Gravel & Travel\",\"potentialAction\":[{\"@type\":\"SearchAction\",\"target\":{\"@type\":\"EntryPoint\",\"urlTemplate\":\"https:\/\/inzain.bike\/fr_be\/?s={search_term_string}\"},\"query-input\":{\"@type\":\"PropertyValueSpecification\",\"valueRequired\":true,\"valueName\":\"search_term_string\"}}],\"inLanguage\":\"fr-BE\"},{\"@type\":\"Organization\",\"@id\":\"https:\/\/inzain.bike\/fr_be\/#organization\",\"name\":\"INZAIN Cycling EXPERIENCES\",\"url\":\"https:\/\/inzain.bike\/fr_be\/\",\"logo\":{\"@type\":\"ImageObject\",\"inLanguage\":\"fr-BE\",\"@id\":\"https:\/\/inzain.bike\/fr_be\/#\/schema\/logo\/image\/\",\"url\":\"https:\/\/i0.wp.com\/inzain.bike\/wp-content\/uploads\/2023\/09\/cropped-INZAIN_512x512_white.png?fit=512%2C512&ssl=1\",\"contentUrl\":\"https:\/\/i0.wp.com\/inzain.bike\/wp-content\/uploads\/2023\/09\/cropped-INZAIN_512x512_white.png?fit=512%2C512&ssl=1\",\"width\":512,\"height\":512,\"caption\":\"INZAIN Cycling EXPERIENCES\"},\"image\":{\"@id\":\"https:\/\/inzain.bike\/fr_be\/#\/schema\/logo\/image\/\"},\"sameAs\":[\"https:\/\/www.facebook.com\/Inzain.bike\",\"https:\/\/www.instagram.com\/inzainbike\"]}]}<\/script>\n<!-- \/ Yoast SEO plugin. -->","yoast_head_json":{"title":"\u00c0 propos de Majorque - INZAIN Cycling EXPERIENCES","robots":{"index":"index","follow":"follow","max-snippet":"max-snippet:-1","max-image-preview":"max-image-preview:large","max-video-preview":"max-video-preview:-1"},"canonical":"https:\/\/inzain.bike\/fr_be\/mal25_mallorca\/","og_locale":"fr_FR","og_type":"article","og_title":"Om Mallorca - INZAIN Cycling EXPERIENCES","og_description":"Mallorca har ett mycket varierande landskap, med h\u00f6ga bergstoppar, stora sl\u00e4tter och l\u00e5nga str\u00e4nder. I Tramuntanabergen (Sierra de Tramuntana) ligger \u00f6ns h\u00f6gsta bergstopp Puig Major, 1 436 m \u00f6 h. \u00d6n har allt man kan \u00f6nska sig! Sol, str\u00e4nder, utflykter, golfbanor, vandrings- och cykelleder, nattliv, kultur, shopping, m.m. Den \u00e4r den st\u00f6rsta av \u00f6arna i [&hellip;]","og_url":"https:\/\/inzain.bike\/fr_be\/mal25_mallorca\/","og_site_name":"INZAIN Cycling EXPERIENCES","article_publisher":"https:\/\/www.facebook.com\/Inzain.bike","article_modified_time":"2024-12-07T11:48:18+00:00","og_image":[{"url":"https:\/\/i2.wp.com\/inzain.bike\/wp-content\/uploads\/2023\/11\/mallorca_en-US-1024x682.png?ssl=1","type":"","width":"","height":""}],"twitter_card":"summary_large_image","twitter_misc":{"Dur\u00e9e de lecture est.":"3 minutes"},"schema":{"@context":"https:\/\/schema.org","@graph":[{"@type":"WebPage","@id":"https:\/\/inzain.bike\/en\/mal25_mallorca\/","url":"https:\/\/inzain.bike\/en\/mal25_mallorca\/","name":"\u00c0 propos de Majorque - INZAIN Cycling EXPERIENCES","isPartOf":{"@id":"https:\/\/inzain.bike\/fr_be\/#website"},"primaryImageOfPage":{"@id":"https:\/\/inzain.bike\/en\/mal25_mallorca\/#primaryimage"},"image":{"@id":"https:\/\/inzain.bike\/en\/mal25_mallorca\/#primaryimage"},"thumbnailUrl":"https:\/\/i2.wp.com\/inzain.bike\/wp-content\/uploads\/2023\/11\/mallorca_en-US-1024x682.png?ssl=1","datePublished":"2023-11-17T11:29:52+00:00","dateModified":"2024-12-07T11:48:18+00:00","breadcrumb":{"@id":"https:\/\/inzain.bike\/en\/mal25_mallorca\/#breadcrumb"},"inLanguage":"fr-BE","potentialAction":[{"@type":"ReadAction","target":["https:\/\/inzain.bike\/en\/mal25_mallorca\/"]}]},{"@type":"ImageObject","inLanguage":"fr-BE","@id":"https:\/\/inzain.bike\/en\/mal25_mallorca\/#primaryimage","url":"https:\/\/i2.wp.com\/inzain.bike\/wp-content\/uploads\/2023\/11\/mallorca_en-US-1024x682.png?ssl=1","contentUrl":"https:\/\/i2.wp.com\/inzain.bike\/wp-content\/uploads\/2023\/11\/mallorca_en-US-1024x682.png?ssl=1"},{"@type":"BreadcrumbList","@id":"https:\/\/inzain.bike\/en\/mal25_mallorca\/#breadcrumb","itemListElement":[{"@type":"ListItem","position":1,"name":"Hem","item":"https:\/\/inzain.bike\/fr_be\/"},{"@type":"ListItem","position":2,"name":"Om Mallorca"}]},{"@type":"WebSite","@id":"https:\/\/inzain.bike\/fr_be\/#website","url":"https:\/\/inzain.bike\/fr_be\/","name":"EXP\u00c9RIENCES Cyclistes INZAIN","description":"Aventures \u00e0 v\u00e9lo - pour tous","publisher":{"@id":"https:\/\/inzain.bike\/fr_be\/#organization"},"alternateName":"INZAIN Gravel & Travel","potentialAction":[{"@type":"SearchAction","target":{"@type":"EntryPoint","urlTemplate":"https:\/\/inzain.bike\/fr_be\/?s={search_term_string}"},"query-input":{"@type":"PropertyValueSpecification","valueRequired":true,"valueName":"search_term_string"}}],"inLanguage":"fr-BE"},{"@type":"Organization","@id":"https:\/\/inzain.bike\/fr_be\/#organization","name":"EXP\u00c9RIENCES Cyclistes INZAIN","url":"https:\/\/inzain.bike\/fr_be\/","logo":{"@type":"ImageObject","inLanguage":"fr-BE","@id":"https:\/\/inzain.bike\/fr_be\/#\/schema\/logo\/image\/","url":"https:\/\/i0.wp.com\/inzain.bike\/wp-content\/uploads\/2023\/09\/cropped-INZAIN_512x512_white.png?fit=512%2C512&ssl=1","contentUrl":"https:\/\/i0.wp.com\/inzain.bike\/wp-content\/uploads\/2023\/09\/cropped-INZAIN_512x512_white.png?fit=512%2C512&ssl=1","width":512,"height":512,"caption":"INZAIN Cycling EXPERIENCES"},"image":{"@id":"https:\/\/inzain.bike\/fr_be\/#\/schema\/logo\/image\/"},"sameAs":["https:\/\/www.facebook.com\/Inzain.bike","https:\/\/www.instagram.com\/inzainbike"]}]}},"amp_enabled":true,"_links":{"self":[{"href":"https:\/\/inzain.bike\/fr_be\/wp-json\/wp\/v2\/pages\/5442","targetHints":{"allow":["GET"]}}],"collection":[{"href":"https:\/\/inzain.bike\/fr_be\/wp-json\/wp\/v2\/pages"}],"about":[{"href":"https:\/\/inzain.bike\/fr_be\/wp-json\/wp\/v2\/types\/page"}],"author":[{"embeddable":true,"href":"https:\/\/inzain.bike\/fr_be\/wp-json\/wp\/v2\/users\/135133094"}],"replies":[{"embeddable":true,"href":"https:\/\/inzain.bike\/fr_be\/wp-json\/wp\/v2\/comments?post=5442"}],"version-history":[{"count":1,"href":"https:\/\/inzain.bike\/fr_be\/wp-json\/wp\/v2\/pages\/5442\/revisions"}],"predecessor-version":[{"id":7697,"href":"https:\/\/inzain.bike\/fr_be\/wp-json\/wp\/v2\/pages\/5442\/revisions\/7697"}],"wp:attachment":[{"href":"https:\/\/inzain.bike\/fr_be\/wp-json\/wp\/v2\/media?parent=5442"}],"curies":[{"name":"wp","href":"https:\/\/api.w.org\/{rel}","templated":true}]}}