{"id":5657,"date":"2023-11-21T14:16:07","date_gmt":"2023-11-21T13:16:07","guid":{"rendered":"https:\/\/inzain.bike\/?page_id=5657"},"modified":"2025-04-09T12:17:50","modified_gmt":"2025-04-09T10:17:50","slug":"got-cykling","status":"publish","type":"page","link":"https:\/\/inzain.bike\/fr_be\/got-cykling\/","title":{"rendered":"Gotland Cyclisme"},"content":{"rendered":"<div class=\"wp-block-columns alignwide is-layout-flex wp-container-core-columns-is-layout-28f84493 wp-block-columns-is-layout-flex\">\n<div class=\"wp-block-column is-layout-flow wp-block-column-is-layout-flow\">\n<p>Le cyclisme \u00e0 Gotland est de classe mondiale. Nous p\u00e9dalons sur des kilom\u00e8tres de plages, rencontrons des dunes de sable errantes et des orni\u00e8res. La mer est toujours proche et la surface est vari\u00e9e. La seule chose qui manque \u00e0 Gotland, ce sont les pistes, c&#039;est plut\u00f4t plat et agr\u00e9able. Il y a tellement de choses \u00e0 raconter mais peut-\u00eatre que les images parlent d&#039;elles-m\u00eames ?<\/p>\n<\/div>\n\n\n\n<div class=\"wp-block-column is-layout-flow wp-block-column-is-layout-flow\">\n<figure class=\"wp-block-image size-large\"><img loading=\"lazy\" decoding=\"async\" width=\"1024\" height=\"730\" src=\"https:\/\/inzain.bike\/wp-content\/uploads\/2023\/07\/20220704_135311-1024x730.jpg\" alt=\"\" class=\"wp-image-3096\" srcset=\"https:\/\/inzain.bike\/wp-content\/uploads\/2023\/07\/20220704_135311-1024x730.jpg 1024w, https:\/\/inzain.bike\/wp-content\/uploads\/2023\/07\/20220704_135311-300x214.jpg 300w, https:\/\/inzain.bike\/wp-content\/uploads\/2023\/07\/20220704_135311-768x547.jpg 768w, https:\/\/inzain.bike\/wp-content\/uploads\/2023\/07\/20220704_135311-1536x1095.jpg 1536w, https:\/\/inzain.bike\/wp-content\/uploads\/2023\/07\/20220704_135311-2048x1460.jpg 2048w, https:\/\/inzain.bike\/wp-content\/uploads\/2023\/07\/20220704_135311-18x12.jpg 18w, https:\/\/inzain.bike\/wp-content\/uploads\/2023\/07\/20220704_135311-1320x941.jpg 1320w, https:\/\/inzain.bike\/wp-content\/uploads\/2023\/07\/20220704_135311-600x428.jpg 600w\" sizes=\"auto, (max-width: 1024px) 100vw, 1024px\" \/><\/figure>\n<\/div>\n<\/div>\n\n\n\n<div class=\"wp-block-columns alignwide is-layout-flex wp-container-core-columns-is-layout-28f84493 wp-block-columns-is-layout-flex\">\n<div class=\"wp-block-column is-layout-flow wp-block-column-is-layout-flow\">\n<p>Un film de l&#039;\u00e9t\u00e9 2022<\/p>\n\n\n\n<figure class=\"wp-block-embed is-type-video is-provider-youtube wp-block-embed-youtube wp-embed-aspect-16-9 wp-has-aspect-ratio\"><div class=\"wp-block-embed__wrapper\">\n<iframe loading=\"lazy\" title=\"Aur - Gravier \u00e0 Gotland\" width=\"500\" height=\"281\" src=\"https:\/\/www.youtube.com\/embed\/bQXb2qv04qE?feature=oembed\" frameborder=\"0\" allow=\"accelerometer; autoplay; clipboard-write; encrypted-media; gyroscope; picture-in-picture; web-share\" referrerpolicy=\"strict-origin-when-cross-origin\" allowfullscreen><\/iframe>\n<\/div><\/figure>\n<\/div>\n\n\n\n<div class=\"wp-block-column is-layout-flow wp-block-column-is-layout-flow\">\n<p>Un film de l&#039;automne 2023<\/p>\n\n\n\n<figure class=\"wp-block-embed is-type-video is-provider-youtube wp-block-embed-youtube wp-embed-aspect-16-9 wp-has-aspect-ratio\"><div class=\"wp-block-embed__wrapper\">\n<iframe loading=\"lazy\" title=\"Camp de gravier de Gotland 2023\" width=\"500\" height=\"281\" src=\"https:\/\/www.youtube.com\/embed\/hJ_jh6QuyT0?feature=oembed\" frameborder=\"0\" allow=\"accelerometer; autoplay; clipboard-write; encrypted-media; gyroscope; picture-in-picture; web-share\" referrerpolicy=\"strict-origin-when-cross-origin\" allowfullscreen><\/iframe>\n<\/div><\/figure>\n<\/div>\n<\/div>\n\n\n\n<div style=\"height:130px\" aria-hidden=\"true\" class=\"wp-block-spacer\"><\/div>\n\n\n\n<div class=\"wp-block-columns alignwide is-layout-flex wp-container-core-columns-is-layout-28f84493 wp-block-columns-is-layout-flex\">\n<div class=\"wp-block-column is-layout-flow wp-block-column-is-layout-flow\">\n<p><strong>Jeudi<\/strong><\/p>\n\n\n\n<p>Arriv\u00e9e Gotland Nous nous rendons \u00e0 notre h\u00e9bergement et nous enregistrons.<br><strong>Vendredi<\/strong><\/p>\n\n\n\n<p>Nous faisons du v\u00e9lo sur F\u00e5r\u00f6. D\u00e9part apr\u00e8s le petit-d\u00e9jeuner, nous faisons du v\u00e9lo sur le meilleur de l&#039;\u00eele, d\u00e9jeunons et retournons \u00e0 Rome pour le d\u00eener. Ici, vous pouvez choisir de faire du v\u00e9lo sur la fantastique plage Norsta Auret ou via d&#039;autres itin\u00e9raires.<\/p>\n\n\n\n<p><strong>Samedi<\/strong><br>Le nord de Gotland avec Asund, Furliden et Stenstrand, pour n&#039;en citer que quelques-uns.<\/p>\n\n\n\n<p><strong>Dimanche<\/strong><br>Nous parcourons le Sudret avec Holmsh\u00e4llar, Hoburgen et de belles plages avant de nous diriger vers Visby pour le voyage de retour.<\/p>\n<\/div>\n<\/div>","protected":false},"excerpt":{"rendered":"<p>Cyklingen p\u00e5 Gotland \u00e4r av v\u00e4rldsklass. Vi cyklar p\u00e5 milsvida str\u00e4nder, m\u00f6ter vandrande sandh\u00f6gar och raukar. Havet \u00e4r st\u00e4ndigt n\u00e4ra och underlaget omv\u00e4xlande. Det enda Gotland saknar \u00e4r backar, det \u00e4r f\u00f6r det mesta platt och sk\u00f6nt. Det finns s\u00e5 mycket att ber\u00e4tta men kanske bilderna talar f\u00f6r sig sj\u00e4lva? En film fr\u00e5n sommaren 2022 [&hellip;]<\/p>\n","protected":false},"author":135133094,"featured_media":0,"parent":0,"menu_order":0,"comment_status":"closed","ping_status":"closed","template":"","meta":{"_coblocks_attr":"","_coblocks_dimensions":"","_coblocks_responsive_height":"","_coblocks_accordion_ie_support":"","footnotes":""},"class_list":["post-5657","page","type-page","status-publish","hentry"],"yoast_head":"<!-- This site is optimized with the Yoast SEO plugin v27.2 - https:\/\/yoast.com\/product\/yoast-seo-wordpress\/ -->\n<title>Gotland Cykling - INZAIN Cycling EXPERIENCES<\/title>\n<meta name=\"robots\" content=\"index, follow, max-snippet:-1, max-image-preview:large, max-video-preview:-1\" \/>\n<link rel=\"canonical\" href=\"https:\/\/inzain.bike\/fr_be\/got-cykling\/\" \/>\n<meta property=\"og:locale\" content=\"fr_FR\" \/>\n<meta property=\"og:type\" content=\"article\" \/>\n<meta property=\"og:title\" content=\"Gotland Cykling - INZAIN Cycling EXPERIENCES\" \/>\n<meta property=\"og:description\" content=\"Cyklingen p\u00e5 Gotland \u00e4r av v\u00e4rldsklass. Vi cyklar p\u00e5 milsvida str\u00e4nder, m\u00f6ter vandrande sandh\u00f6gar och raukar. Havet \u00e4r st\u00e4ndigt n\u00e4ra och underlaget omv\u00e4xlande. Det enda Gotland saknar \u00e4r backar, det \u00e4r f\u00f6r det mesta platt och sk\u00f6nt. Det finns s\u00e5 mycket att ber\u00e4tta men kanske bilderna talar f\u00f6r sig sj\u00e4lva? En film fr\u00e5n sommaren 2022 [&hellip;]\" \/>\n<meta property=\"og:url\" content=\"https:\/\/inzain.bike\/fr_be\/got-cykling\/\" \/>\n<meta property=\"og:site_name\" content=\"INZAIN Cycling EXPERIENCES\" \/>\n<meta property=\"article:publisher\" content=\"https:\/\/www.facebook.com\/Inzain.bike\" \/>\n<meta property=\"article:modified_time\" content=\"2025-04-09T10:17:50+00:00\" \/>\n<meta property=\"og:image\" content=\"https:\/\/inzain.bike\/wp-content\/uploads\/2023\/07\/20220704_135311-1024x730.jpg\" \/>\n<meta name=\"twitter:card\" content=\"summary_large_image\" \/>\n<meta name=\"twitter:label1\" content=\"Dur\u00e9e de lecture est.\" \/>\n\t<meta name=\"twitter:data1\" content=\"1 minute\" \/>\n<script type=\"application\/ld+json\" class=\"yoast-schema-graph\">{\"@context\":\"https:\/\/schema.org\",\"@graph\":[{\"@type\":\"WebPage\",\"@id\":\"https:\/\/inzain.bike\/de\/got-cykling\/\",\"url\":\"https:\/\/inzain.bike\/de\/got-cykling\/\",\"name\":\"Gotland Cykling - INZAIN Cycling EXPERIENCES\",\"isPartOf\":{\"@id\":\"https:\/\/inzain.bike\/fr_be\/#website\"},\"primaryImageOfPage\":{\"@id\":\"https:\/\/inzain.bike\/de\/got-cykling\/#primaryimage\"},\"image\":{\"@id\":\"https:\/\/inzain.bike\/de\/got-cykling\/#primaryimage\"},\"thumbnailUrl\":\"https:\/\/inzain.bike\/wp-content\/uploads\/2023\/07\/20220704_135311-1024x730.jpg\",\"datePublished\":\"2023-11-21T13:16:07+00:00\",\"dateModified\":\"2025-04-09T10:17:50+00:00\",\"breadcrumb\":{\"@id\":\"https:\/\/inzain.bike\/de\/got-cykling\/#breadcrumb\"},\"inLanguage\":\"fr-BE\",\"potentialAction\":[{\"@type\":\"ReadAction\",\"target\":[\"https:\/\/inzain.bike\/de\/got-cykling\/\"]}]},{\"@type\":\"ImageObject\",\"inLanguage\":\"fr-BE\",\"@id\":\"https:\/\/inzain.bike\/de\/got-cykling\/#primaryimage\",\"url\":\"https:\/\/inzain.bike\/wp-content\/uploads\/2023\/07\/20220704_135311-1024x730.jpg\",\"contentUrl\":\"https:\/\/inzain.bike\/wp-content\/uploads\/2023\/07\/20220704_135311-1024x730.jpg\"},{\"@type\":\"BreadcrumbList\",\"@id\":\"https:\/\/inzain.bike\/de\/got-cykling\/#breadcrumb\",\"itemListElement\":[{\"@type\":\"ListItem\",\"position\":1,\"name\":\"Hem\",\"item\":\"https:\/\/inzain.bike\/fr_be\/\"},{\"@type\":\"ListItem\",\"position\":2,\"name\":\"Gotland Cykling\"}]},{\"@type\":\"WebSite\",\"@id\":\"https:\/\/inzain.bike\/fr_be\/#website\",\"url\":\"https:\/\/inzain.bike\/fr_be\/\",\"name\":\"INZAIN Cycling EXPERIENCES\",\"description\":\"Cyckling Adventures  - for everyone\",\"publisher\":{\"@id\":\"https:\/\/inzain.bike\/fr_be\/#organization\"},\"alternateName\":\"INZAIN Gravel & Travel\",\"potentialAction\":[{\"@type\":\"SearchAction\",\"target\":{\"@type\":\"EntryPoint\",\"urlTemplate\":\"https:\/\/inzain.bike\/fr_be\/?s={search_term_string}\"},\"query-input\":{\"@type\":\"PropertyValueSpecification\",\"valueRequired\":true,\"valueName\":\"search_term_string\"}}],\"inLanguage\":\"fr-BE\"},{\"@type\":\"Organization\",\"@id\":\"https:\/\/inzain.bike\/fr_be\/#organization\",\"name\":\"INZAIN Cycling EXPERIENCES\",\"url\":\"https:\/\/inzain.bike\/fr_be\/\",\"logo\":{\"@type\":\"ImageObject\",\"inLanguage\":\"fr-BE\",\"@id\":\"https:\/\/inzain.bike\/fr_be\/#\/schema\/logo\/image\/\",\"url\":\"https:\/\/i0.wp.com\/inzain.bike\/wp-content\/uploads\/2023\/09\/cropped-INZAIN_512x512_white.png?fit=512%2C512&ssl=1\",\"contentUrl\":\"https:\/\/i0.wp.com\/inzain.bike\/wp-content\/uploads\/2023\/09\/cropped-INZAIN_512x512_white.png?fit=512%2C512&ssl=1\",\"width\":512,\"height\":512,\"caption\":\"INZAIN Cycling EXPERIENCES\"},\"image\":{\"@id\":\"https:\/\/inzain.bike\/fr_be\/#\/schema\/logo\/image\/\"},\"sameAs\":[\"https:\/\/www.facebook.com\/Inzain.bike\",\"https:\/\/www.instagram.com\/inzainbike\"]}]}<\/script>\n<!-- \/ Yoast SEO plugin. -->","yoast_head_json":{"title":"Gotland Cycling - Exp\u00e9riences cyclistes INZAIN","robots":{"index":"index","follow":"follow","max-snippet":"max-snippet:-1","max-image-preview":"max-image-preview:large","max-video-preview":"max-video-preview:-1"},"canonical":"https:\/\/inzain.bike\/fr_be\/got-cykling\/","og_locale":"fr_FR","og_type":"article","og_title":"Gotland Cykling - INZAIN Cycling EXPERIENCES","og_description":"Cyklingen p\u00e5 Gotland \u00e4r av v\u00e4rldsklass. Vi cyklar p\u00e5 milsvida str\u00e4nder, m\u00f6ter vandrande sandh\u00f6gar och raukar. Havet \u00e4r st\u00e4ndigt n\u00e4ra och underlaget omv\u00e4xlande. Det enda Gotland saknar \u00e4r backar, det \u00e4r f\u00f6r det mesta platt och sk\u00f6nt. Det finns s\u00e5 mycket att ber\u00e4tta men kanske bilderna talar f\u00f6r sig sj\u00e4lva? En film fr\u00e5n sommaren 2022 [&hellip;]","og_url":"https:\/\/inzain.bike\/fr_be\/got-cykling\/","og_site_name":"INZAIN Cycling EXPERIENCES","article_publisher":"https:\/\/www.facebook.com\/Inzain.bike","article_modified_time":"2025-04-09T10:17:50+00:00","og_image":[{"url":"https:\/\/inzain.bike\/wp-content\/uploads\/2023\/07\/20220704_135311-1024x730.jpg","type":"","width":"","height":""}],"twitter_card":"summary_large_image","twitter_misc":{"Dur\u00e9e de lecture est.":"1 minute"},"schema":{"@context":"https:\/\/schema.org","@graph":[{"@type":"WebPage","@id":"https:\/\/inzain.bike\/de\/got-cykling\/","url":"https:\/\/inzain.bike\/de\/got-cykling\/","name":"Gotland Cycling - Exp\u00e9riences cyclistes INZAIN","isPartOf":{"@id":"https:\/\/inzain.bike\/fr_be\/#website"},"primaryImageOfPage":{"@id":"https:\/\/inzain.bike\/de\/got-cykling\/#primaryimage"},"image":{"@id":"https:\/\/inzain.bike\/de\/got-cykling\/#primaryimage"},"thumbnailUrl":"https:\/\/inzain.bike\/wp-content\/uploads\/2023\/07\/20220704_135311-1024x730.jpg","datePublished":"2023-11-21T13:16:07+00:00","dateModified":"2025-04-09T10:17:50+00:00","breadcrumb":{"@id":"https:\/\/inzain.bike\/de\/got-cykling\/#breadcrumb"},"inLanguage":"fr-BE","potentialAction":[{"@type":"ReadAction","target":["https:\/\/inzain.bike\/de\/got-cykling\/"]}]},{"@type":"ImageObject","inLanguage":"fr-BE","@id":"https:\/\/inzain.bike\/de\/got-cykling\/#primaryimage","url":"https:\/\/inzain.bike\/wp-content\/uploads\/2023\/07\/20220704_135311-1024x730.jpg","contentUrl":"https:\/\/inzain.bike\/wp-content\/uploads\/2023\/07\/20220704_135311-1024x730.jpg"},{"@type":"BreadcrumbList","@id":"https:\/\/inzain.bike\/de\/got-cykling\/#breadcrumb","itemListElement":[{"@type":"ListItem","position":1,"name":"Hem","item":"https:\/\/inzain.bike\/fr_be\/"},{"@type":"ListItem","position":2,"name":"Gotland Cykling"}]},{"@type":"WebSite","@id":"https:\/\/inzain.bike\/fr_be\/#website","url":"https:\/\/inzain.bike\/fr_be\/","name":"EXP\u00c9RIENCES Cyclistes INZAIN","description":"Aventures \u00e0 v\u00e9lo - pour tous","publisher":{"@id":"https:\/\/inzain.bike\/fr_be\/#organization"},"alternateName":"INZAIN Gravel & Travel","potentialAction":[{"@type":"SearchAction","target":{"@type":"EntryPoint","urlTemplate":"https:\/\/inzain.bike\/fr_be\/?s={search_term_string}"},"query-input":{"@type":"PropertyValueSpecification","valueRequired":true,"valueName":"search_term_string"}}],"inLanguage":"fr-BE"},{"@type":"Organization","@id":"https:\/\/inzain.bike\/fr_be\/#organization","name":"EXP\u00c9RIENCES Cyclistes INZAIN","url":"https:\/\/inzain.bike\/fr_be\/","logo":{"@type":"ImageObject","inLanguage":"fr-BE","@id":"https:\/\/inzain.bike\/fr_be\/#\/schema\/logo\/image\/","url":"https:\/\/i0.wp.com\/inzain.bike\/wp-content\/uploads\/2023\/09\/cropped-INZAIN_512x512_white.png?fit=512%2C512&ssl=1","contentUrl":"https:\/\/i0.wp.com\/inzain.bike\/wp-content\/uploads\/2023\/09\/cropped-INZAIN_512x512_white.png?fit=512%2C512&ssl=1","width":512,"height":512,"caption":"INZAIN Cycling EXPERIENCES"},"image":{"@id":"https:\/\/inzain.bike\/fr_be\/#\/schema\/logo\/image\/"},"sameAs":["https:\/\/www.facebook.com\/Inzain.bike","https:\/\/www.instagram.com\/inzainbike"]}]}},"amp_enabled":true,"_links":{"self":[{"href":"https:\/\/inzain.bike\/fr_be\/wp-json\/wp\/v2\/pages\/5657","targetHints":{"allow":["GET"]}}],"collection":[{"href":"https:\/\/inzain.bike\/fr_be\/wp-json\/wp\/v2\/pages"}],"about":[{"href":"https:\/\/inzain.bike\/fr_be\/wp-json\/wp\/v2\/types\/page"}],"author":[{"embeddable":true,"href":"https:\/\/inzain.bike\/fr_be\/wp-json\/wp\/v2\/users\/135133094"}],"replies":[{"embeddable":true,"href":"https:\/\/inzain.bike\/fr_be\/wp-json\/wp\/v2\/comments?post=5657"}],"version-history":[{"count":1,"href":"https:\/\/inzain.bike\/fr_be\/wp-json\/wp\/v2\/pages\/5657\/revisions"}],"predecessor-version":[{"id":8114,"href":"https:\/\/inzain.bike\/fr_be\/wp-json\/wp\/v2\/pages\/5657\/revisions\/8114"}],"wp:attachment":[{"href":"https:\/\/inzain.bike\/fr_be\/wp-json\/wp\/v2\/media?parent=5657"}],"curies":[{"name":"wp","href":"https:\/\/api.w.org\/{rel}","templated":true}]}}