{"id":5806,"date":"2023-11-22T19:13:24","date_gmt":"2023-11-22T18:13:24","guid":{"rendered":"https:\/\/inzain.bike\/?page_id=5806"},"modified":"2023-11-22T20:42:32","modified_gmt":"2023-11-22T19:42:32","slug":"sor24-accomodation","status":"publish","type":"page","link":"https:\/\/inzain.bike\/fr_be\/sor24-accomodation\/","title":{"rendered":"H\u00f4tels \u00e0 S\u00f6rmland"},"content":{"rendered":"<div class=\"wp-block-jetpack-tiled-gallery alignwide is-style-rectangular has-rounded-corners-9\"><div class=\"tiled-gallery__gallery\"><div class=\"tiled-gallery__row\"><div class=\"tiled-gallery__col\" style=\"flex-basis:64.45153%\"><figure class=\"tiled-gallery__item\"><img decoding=\"async\" alt=\"\" data-height=\"733\" data-id=\"5814\" data-link=\"https:\/\/inzain.bike\/sor24-accomodation\/20221214-101430970-ios_orig\/\" data-url=\"https:\/\/inzain.bike\/wp-content\/uploads\/2023\/11\/20221214-101430970-ios_orig-1024x682.jpg\" data-width=\"1100\" src=\"https:\/\/i2.wp.com\/inzain.bike\/wp-content\/uploads\/2023\/11\/20221214-101430970-ios_orig-1024x682.jpg?ssl=1\" data-amp-layout=\"responsive\"\/><\/figure><\/div><div class=\"tiled-gallery__col\" style=\"flex-basis:35.54847%\"><figure class=\"tiled-gallery__item\"><img decoding=\"async\" alt=\"\" data-height=\"591\" data-id=\"5815\" data-link=\"https:\/\/inzain.bike\/sor24-accomodation\/20230319-181851480-ios_orig-1\/\" data-url=\"https:\/\/inzain.bike\/wp-content\/uploads\/2023\/11\/20230319-181851480-ios_orig-1-1024x550.jpg\" data-width=\"1100\" src=\"https:\/\/i2.wp.com\/inzain.bike\/wp-content\/uploads\/2023\/11\/20230319-181851480-ios_orig-1-1024x550.jpg?ssl=1\" data-amp-layout=\"responsive\"\/><\/figure><figure class=\"tiled-gallery__item\"><img decoding=\"async\" alt=\"\" data-height=\"853\" data-id=\"5816\" data-link=\"https:\/\/inzain.bike\/sor24-accomodation\/126688545-1\/\" data-url=\"https:\/\/inzain.bike\/wp-content\/uploads\/2023\/11\/126688545-1-1024x682.jpg\" data-width=\"1280\" src=\"https:\/\/i1.wp.com\/inzain.bike\/wp-content\/uploads\/2023\/11\/126688545-1-1024x682.jpg?ssl=1\" data-amp-layout=\"responsive\"\/><\/figure><\/div><\/div><div class=\"tiled-gallery__row\"><div class=\"tiled-gallery__col\" style=\"flex-basis:37.37563%\"><figure class=\"tiled-gallery__item\"><img decoding=\"async\" alt=\"\" data-height=\"683\" data-id=\"5817\" data-link=\"https:\/\/inzain.bike\/sor24-accomodation\/attachment\/186761298\/\" data-url=\"https:\/\/inzain.bike\/wp-content\/uploads\/2023\/11\/186761298.jpg\" data-width=\"1024\" src=\"https:\/\/i0.wp.com\/inzain.bike\/wp-content\/uploads\/2023\/11\/186761298.jpg?ssl=1\" data-amp-layout=\"responsive\"\/><\/figure><\/div><div class=\"tiled-gallery__col\" style=\"flex-basis:18.32327%\"><figure class=\"tiled-gallery__item\"><img decoding=\"async\" alt=\"\" data-height=\"768\" data-id=\"5818\" data-link=\"https:\/\/inzain.bike\/sor24-accomodation\/attachment\/207323058\/\" data-url=\"https:\/\/inzain.bike\/wp-content\/uploads\/2023\/11\/207323058.jpg\" data-width=\"563\" src=\"https:\/\/i0.wp.com\/inzain.bike\/wp-content\/uploads\/2023\/11\/207323058.jpg?ssl=1\" data-amp-layout=\"responsive\"\/><\/figure><\/div><div class=\"tiled-gallery__col\" style=\"flex-basis:44.30111%\"><figure class=\"tiled-gallery__item\"><img decoding=\"async\" alt=\"\" data-height=\"576\" data-id=\"5819\" data-link=\"https:\/\/inzain.bike\/sor24-accomodation\/attachment\/275437991\/\" data-url=\"https:\/\/inzain.bike\/wp-content\/uploads\/2023\/11\/275437991.jpg\" data-width=\"1024\" src=\"https:\/\/i2.wp.com\/inzain.bike\/wp-content\/uploads\/2023\/11\/275437991.jpg?ssl=1\" data-amp-layout=\"responsive\"\/><\/figure><\/div><\/div><div class=\"tiled-gallery__row\"><div class=\"tiled-gallery__col\" style=\"flex-basis:37.42311%\"><figure class=\"tiled-gallery__item\"><img decoding=\"async\" alt=\"\" data-height=\"534\" data-id=\"5820\" data-link=\"https:\/\/inzain.bike\/sor24-accomodation\/dsc-1280\/\" data-url=\"https:\/\/inzain.bike\/wp-content\/uploads\/2023\/11\/dsc-1280.jpg\" data-width=\"800\" src=\"https:\/\/i2.wp.com\/inzain.bike\/wp-content\/uploads\/2023\/11\/dsc-1280.jpg?ssl=1\" data-amp-layout=\"responsive\"\/><\/figure><figure class=\"tiled-gallery__item\"><img decoding=\"async\" alt=\"\" data-height=\"720\" data-id=\"5821\" data-link=\"https:\/\/inzain.bike\/sor24-accomodation\/mat1-2\/\" data-url=\"https:\/\/inzain.bike\/wp-content\/uploads\/2023\/11\/mat1.jpg\" data-width=\"720\" src=\"https:\/\/i0.wp.com\/inzain.bike\/wp-content\/uploads\/2023\/11\/mat1.jpg?ssl=1\" data-amp-layout=\"responsive\"\/><\/figure><\/div><div class=\"tiled-gallery__col\" style=\"flex-basis:62.57689%\"><figure class=\"tiled-gallery__item\"><img decoding=\"async\" alt=\"\" data-height=\"720\" data-id=\"5822\" data-link=\"https:\/\/inzain.bike\/sor24-accomodation\/mat2-2\/\" data-url=\"https:\/\/inzain.bike\/wp-content\/uploads\/2023\/11\/mat2.jpg\" data-width=\"720\" src=\"https:\/\/i1.wp.com\/inzain.bike\/wp-content\/uploads\/2023\/11\/mat2.jpg?ssl=1\" data-amp-layout=\"responsive\"\/><\/figure><\/div><\/div><div class=\"tiled-gallery__row\"><div class=\"tiled-gallery__col\" style=\"flex-basis:42.86890%\"><figure class=\"tiled-gallery__item\"><img decoding=\"async\" alt=\"\" data-height=\"720\" data-id=\"5823\" data-link=\"https:\/\/inzain.bike\/sor24-accomodation\/mat3-1\/\" data-url=\"https:\/\/inzain.bike\/wp-content\/uploads\/2023\/11\/mat3-1.jpg\" data-width=\"720\" src=\"https:\/\/i2.wp.com\/inzain.bike\/wp-content\/uploads\/2023\/11\/mat3-1.jpg?ssl=1\" data-amp-layout=\"responsive\"\/><\/figure><\/div><div class=\"tiled-gallery__col\" style=\"flex-basis:57.13110%\"><figure class=\"tiled-gallery__item\"><img decoding=\"async\" alt=\"\" data-height=\"900\" data-id=\"5770\" data-link=\"https:\/\/inzain.bike\/sor24\/attachment\/60914680\/\" data-url=\"https:\/\/inzain.bike\/wp-content\/uploads\/2023\/11\/60914680-1024x768.jpg\" data-width=\"1200\" src=\"https:\/\/i2.wp.com\/inzain.bike\/wp-content\/uploads\/2023\/11\/60914680-1024x768.jpg?ssl=1\" data-amp-layout=\"responsive\"\/><\/figure><\/div><\/div><\/div><\/div>\n\n\n\n<div class=\"wp-block-columns alignwide is-layout-flex wp-container-core-columns-is-layout-28f84493 wp-block-columns-is-layout-flex\">\n<div class=\"wp-block-column is-layout-flow wp-block-column-is-layout-flow\">\n<p>Blommenhof est un h\u00f4tel tr\u00e8s agr\u00e9able et populaire. Il est proche, \u00e0 seulement 800 m\u00e8tres de la gare centrale de Nyk\u00f6ping, \u00e0 5 km de l&#039;a\u00e9roport de Stockholm Skavsta, \u00e0 une heure de Stockholm, \u00e0 40 min de Kolm\u00e5rden, \u00e0 proximit\u00e9 de quelque chose pour tout le monde !<\/p>\n\n\n\n<p>Vous \u00eates \u00e9tonn\u00e9 la premi\u00e8re fois que vous voyez le panneau de bienvenue et que vous vous pr\u00e9sentez. Au milieu des bois ?<br>Eh bien pas vraiment. D\u2019un c\u00f4t\u00e9, la ville regorge de tentations et de distractions.<br>Mais d\u2019un autre c\u00f4t\u00e9, nous sommes en r\u00e9alit\u00e9 recouverts d\u2019une belle for\u00eat mixte. Pratiquement devant la porte, le S\u00f6rmlandsleden lui-m\u00eame serpente, tout comme nos \u00ab propres \u00bb pistes pour courir ou marcher dans le pittoresque S\u00f6rmland.<\/p>\n\n\n\n<p><strong>Aucun autre h\u00f4tel n&#039;est comme \u00e7a<\/strong>, et beaucoup pensent que c\u2019est l\u2019explication de notre atmosph\u00e8re d\u00e9tendue largement observ\u00e9e.<br>\u200bLa for\u00eat donne la paix.<br><br>Toutes les chambres de l&#039;h\u00f4tel Blommenhof disposent d&#039;un bureau et d&#039;une t\u00e9l\u00e9vision par c\u00e2ble. Certaines chambres disposent d&#039;une baignoire. Des plats su\u00e9dois aux influences internationales modernes sont servis dans le restaurant de l&#039;h\u00f4tel, qui donne sur le jardin. Un petit-d\u00e9jeuner buffet est servi chaque matin. Diverses boissons sont servies dans le bar confortable de l&#039;h\u00f4tel. En tant qu&#039;invit\u00e9, vous avez acc\u00e8s \u00e0 la piscine et \u00e0 l&#039;espace d\u00e9tente<\/p>\n<\/div>\n<\/div>","protected":false},"excerpt":{"rendered":"<p>Blommenhof \u00e4r ett mycket trevligt och omtyckt hotell. Det ligger n\u00e4ra, bara 800 meter fr\u00e5n Nyk\u00f6pings centralstation, 5 km fr\u00e5n Stockholm Skavsta flygplats, en timme till Stockholm, 40 min fr\u00e5n Kolm\u00e5rden, n\u00e4ra n\u00e5got f\u00f6r alla! Man h\u00e4pnar f\u00f6rsta g\u00e5ngen man ser v\u00e4lkomstskylten och sv\u00e4nger in. Mitt i skogen?Nja, inte riktigt. \u00c5t ena h\u00e5llet breder staden [&hellip;]<\/p>\n","protected":false},"author":135133094,"featured_media":0,"parent":0,"menu_order":0,"comment_status":"closed","ping_status":"closed","template":"","meta":{"_coblocks_attr":"","_coblocks_dimensions":"","_coblocks_responsive_height":"","_coblocks_accordion_ie_support":"","footnotes":""},"class_list":["post-5806","page","type-page","status-publish","hentry"],"yoast_head":"<!-- This site is optimized with the Yoast SEO plugin v27.2 - https:\/\/yoast.com\/product\/yoast-seo-wordpress\/ -->\n<title>S\u00f6rmland Boende - INZAIN Cycling EXPERIENCES<\/title>\n<meta name=\"robots\" content=\"index, follow, max-snippet:-1, max-image-preview:large, max-video-preview:-1\" \/>\n<link rel=\"canonical\" href=\"https:\/\/inzain.bike\/fr_be\/sor24-accomodation\/\" \/>\n<meta property=\"og:locale\" content=\"fr_FR\" \/>\n<meta property=\"og:type\" content=\"article\" \/>\n<meta property=\"og:title\" content=\"S\u00f6rmland Boende - INZAIN Cycling EXPERIENCES\" \/>\n<meta property=\"og:description\" content=\"Blommenhof \u00e4r ett mycket trevligt och omtyckt hotell. Det ligger n\u00e4ra, bara 800 meter fr\u00e5n Nyk\u00f6pings centralstation, 5 km fr\u00e5n Stockholm Skavsta flygplats, en timme till Stockholm, 40 min fr\u00e5n Kolm\u00e5rden, n\u00e4ra n\u00e5got f\u00f6r alla! Man h\u00e4pnar f\u00f6rsta g\u00e5ngen man ser v\u00e4lkomstskylten och sv\u00e4nger in. Mitt i skogen?Nja, inte riktigt. \u00c5t ena h\u00e5llet breder staden [&hellip;]\" \/>\n<meta property=\"og:url\" content=\"https:\/\/inzain.bike\/fr_be\/sor24-accomodation\/\" \/>\n<meta property=\"og:site_name\" content=\"INZAIN Cycling EXPERIENCES\" \/>\n<meta property=\"article:publisher\" content=\"https:\/\/www.facebook.com\/Inzain.bike\" \/>\n<meta property=\"article:modified_time\" content=\"2023-11-22T19:42:32+00:00\" \/>\n<meta property=\"og:image\" content=\"https:\/\/i2.wp.com\/inzain.bike\/wp-content\/uploads\/2023\/11\/20221214-101430970-ios_orig-1024x682.jpg?ssl=1\" \/>\n<meta name=\"twitter:card\" content=\"summary_large_image\" \/>\n<meta name=\"twitter:label1\" content=\"Dur\u00e9e de lecture est.\" \/>\n\t<meta name=\"twitter:data1\" content=\"4 minutes\" \/>\n<script type=\"application\/ld+json\" class=\"yoast-schema-graph\">{\"@context\":\"https:\/\/schema.org\",\"@graph\":[{\"@type\":\"WebPage\",\"@id\":\"https:\/\/inzain.bike\/da\/sor24-accomodation\/\",\"url\":\"https:\/\/inzain.bike\/da\/sor24-accomodation\/\",\"name\":\"S\u00f6rmland Boende - INZAIN Cycling EXPERIENCES\",\"isPartOf\":{\"@id\":\"https:\/\/inzain.bike\/fr_be\/#website\"},\"primaryImageOfPage\":{\"@id\":\"https:\/\/inzain.bike\/da\/sor24-accomodation\/#primaryimage\"},\"image\":{\"@id\":\"https:\/\/inzain.bike\/da\/sor24-accomodation\/#primaryimage\"},\"thumbnailUrl\":\"https:\/\/i2.wp.com\/inzain.bike\/wp-content\/uploads\/2023\/11\/20221214-101430970-ios_orig-1024x682.jpg?ssl=1\",\"datePublished\":\"2023-11-22T18:13:24+00:00\",\"dateModified\":\"2023-11-22T19:42:32+00:00\",\"breadcrumb\":{\"@id\":\"https:\/\/inzain.bike\/da\/sor24-accomodation\/#breadcrumb\"},\"inLanguage\":\"fr-BE\",\"potentialAction\":[{\"@type\":\"ReadAction\",\"target\":[\"https:\/\/inzain.bike\/da\/sor24-accomodation\/\"]}]},{\"@type\":\"ImageObject\",\"inLanguage\":\"fr-BE\",\"@id\":\"https:\/\/inzain.bike\/da\/sor24-accomodation\/#primaryimage\",\"url\":\"https:\/\/i2.wp.com\/inzain.bike\/wp-content\/uploads\/2023\/11\/20221214-101430970-ios_orig-1024x682.jpg?ssl=1\",\"contentUrl\":\"https:\/\/i2.wp.com\/inzain.bike\/wp-content\/uploads\/2023\/11\/20221214-101430970-ios_orig-1024x682.jpg?ssl=1\"},{\"@type\":\"BreadcrumbList\",\"@id\":\"https:\/\/inzain.bike\/da\/sor24-accomodation\/#breadcrumb\",\"itemListElement\":[{\"@type\":\"ListItem\",\"position\":1,\"name\":\"Hem\",\"item\":\"https:\/\/inzain.bike\/fr_be\/\"},{\"@type\":\"ListItem\",\"position\":2,\"name\":\"S\u00f6rmland Boende\"}]},{\"@type\":\"WebSite\",\"@id\":\"https:\/\/inzain.bike\/fr_be\/#website\",\"url\":\"https:\/\/inzain.bike\/fr_be\/\",\"name\":\"INZAIN Cycling EXPERIENCES\",\"description\":\"Cyckling Adventures  - for everyone\",\"publisher\":{\"@id\":\"https:\/\/inzain.bike\/fr_be\/#organization\"},\"alternateName\":\"INZAIN Gravel & Travel\",\"potentialAction\":[{\"@type\":\"SearchAction\",\"target\":{\"@type\":\"EntryPoint\",\"urlTemplate\":\"https:\/\/inzain.bike\/fr_be\/?s={search_term_string}\"},\"query-input\":{\"@type\":\"PropertyValueSpecification\",\"valueRequired\":true,\"valueName\":\"search_term_string\"}}],\"inLanguage\":\"fr-BE\"},{\"@type\":\"Organization\",\"@id\":\"https:\/\/inzain.bike\/fr_be\/#organization\",\"name\":\"INZAIN Cycling EXPERIENCES\",\"url\":\"https:\/\/inzain.bike\/fr_be\/\",\"logo\":{\"@type\":\"ImageObject\",\"inLanguage\":\"fr-BE\",\"@id\":\"https:\/\/inzain.bike\/fr_be\/#\/schema\/logo\/image\/\",\"url\":\"https:\/\/i0.wp.com\/inzain.bike\/wp-content\/uploads\/2023\/09\/cropped-INZAIN_512x512_white.png?fit=512%2C512&ssl=1\",\"contentUrl\":\"https:\/\/i0.wp.com\/inzain.bike\/wp-content\/uploads\/2023\/09\/cropped-INZAIN_512x512_white.png?fit=512%2C512&ssl=1\",\"width\":512,\"height\":512,\"caption\":\"INZAIN Cycling EXPERIENCES\"},\"image\":{\"@id\":\"https:\/\/inzain.bike\/fr_be\/#\/schema\/logo\/image\/\"},\"sameAs\":[\"https:\/\/www.facebook.com\/Inzain.bike\",\"https:\/\/www.instagram.com\/inzainbike\"]}]}<\/script>\n<!-- \/ Yoast SEO plugin. -->","yoast_head_json":{"title":"H\u00e9bergement \u00e0 S\u00f6rmland - Exp\u00e9riences cyclistes INZAIN","robots":{"index":"index","follow":"follow","max-snippet":"max-snippet:-1","max-image-preview":"max-image-preview:large","max-video-preview":"max-video-preview:-1"},"canonical":"https:\/\/inzain.bike\/fr_be\/sor24-accomodation\/","og_locale":"fr_FR","og_type":"article","og_title":"S\u00f6rmland Boende - INZAIN Cycling EXPERIENCES","og_description":"Blommenhof \u00e4r ett mycket trevligt och omtyckt hotell. Det ligger n\u00e4ra, bara 800 meter fr\u00e5n Nyk\u00f6pings centralstation, 5 km fr\u00e5n Stockholm Skavsta flygplats, en timme till Stockholm, 40 min fr\u00e5n Kolm\u00e5rden, n\u00e4ra n\u00e5got f\u00f6r alla! Man h\u00e4pnar f\u00f6rsta g\u00e5ngen man ser v\u00e4lkomstskylten och sv\u00e4nger in. Mitt i skogen?Nja, inte riktigt. \u00c5t ena h\u00e5llet breder staden [&hellip;]","og_url":"https:\/\/inzain.bike\/fr_be\/sor24-accomodation\/","og_site_name":"INZAIN Cycling EXPERIENCES","article_publisher":"https:\/\/www.facebook.com\/Inzain.bike","article_modified_time":"2023-11-22T19:42:32+00:00","og_image":[{"url":"https:\/\/i2.wp.com\/inzain.bike\/wp-content\/uploads\/2023\/11\/20221214-101430970-ios_orig-1024x682.jpg?ssl=1","type":"","width":"","height":""}],"twitter_card":"summary_large_image","twitter_misc":{"Dur\u00e9e de lecture est.":"4 minutes"},"schema":{"@context":"https:\/\/schema.org","@graph":[{"@type":"WebPage","@id":"https:\/\/inzain.bike\/da\/sor24-accomodation\/","url":"https:\/\/inzain.bike\/da\/sor24-accomodation\/","name":"H\u00e9bergement \u00e0 S\u00f6rmland - Exp\u00e9riences cyclistes INZAIN","isPartOf":{"@id":"https:\/\/inzain.bike\/fr_be\/#website"},"primaryImageOfPage":{"@id":"https:\/\/inzain.bike\/da\/sor24-accomodation\/#primaryimage"},"image":{"@id":"https:\/\/inzain.bike\/da\/sor24-accomodation\/#primaryimage"},"thumbnailUrl":"https:\/\/i2.wp.com\/inzain.bike\/wp-content\/uploads\/2023\/11\/20221214-101430970-ios_orig-1024x682.jpg?ssl=1","datePublished":"2023-11-22T18:13:24+00:00","dateModified":"2023-11-22T19:42:32+00:00","breadcrumb":{"@id":"https:\/\/inzain.bike\/da\/sor24-accomodation\/#breadcrumb"},"inLanguage":"fr-BE","potentialAction":[{"@type":"ReadAction","target":["https:\/\/inzain.bike\/da\/sor24-accomodation\/"]}]},{"@type":"ImageObject","inLanguage":"fr-BE","@id":"https:\/\/inzain.bike\/da\/sor24-accomodation\/#primaryimage","url":"https:\/\/i2.wp.com\/inzain.bike\/wp-content\/uploads\/2023\/11\/20221214-101430970-ios_orig-1024x682.jpg?ssl=1","contentUrl":"https:\/\/i2.wp.com\/inzain.bike\/wp-content\/uploads\/2023\/11\/20221214-101430970-ios_orig-1024x682.jpg?ssl=1"},{"@type":"BreadcrumbList","@id":"https:\/\/inzain.bike\/da\/sor24-accomodation\/#breadcrumb","itemListElement":[{"@type":"ListItem","position":1,"name":"Hem","item":"https:\/\/inzain.bike\/fr_be\/"},{"@type":"ListItem","position":2,"name":"S\u00f6rmland Boende"}]},{"@type":"WebSite","@id":"https:\/\/inzain.bike\/fr_be\/#website","url":"https:\/\/inzain.bike\/fr_be\/","name":"EXP\u00c9RIENCES Cyclistes INZAIN","description":"Aventures \u00e0 v\u00e9lo - pour tous","publisher":{"@id":"https:\/\/inzain.bike\/fr_be\/#organization"},"alternateName":"INZAIN Gravel & Travel","potentialAction":[{"@type":"SearchAction","target":{"@type":"EntryPoint","urlTemplate":"https:\/\/inzain.bike\/fr_be\/?s={search_term_string}"},"query-input":{"@type":"PropertyValueSpecification","valueRequired":true,"valueName":"search_term_string"}}],"inLanguage":"fr-BE"},{"@type":"Organization","@id":"https:\/\/inzain.bike\/fr_be\/#organization","name":"EXP\u00c9RIENCES Cyclistes INZAIN","url":"https:\/\/inzain.bike\/fr_be\/","logo":{"@type":"ImageObject","inLanguage":"fr-BE","@id":"https:\/\/inzain.bike\/fr_be\/#\/schema\/logo\/image\/","url":"https:\/\/i0.wp.com\/inzain.bike\/wp-content\/uploads\/2023\/09\/cropped-INZAIN_512x512_white.png?fit=512%2C512&ssl=1","contentUrl":"https:\/\/i0.wp.com\/inzain.bike\/wp-content\/uploads\/2023\/09\/cropped-INZAIN_512x512_white.png?fit=512%2C512&ssl=1","width":512,"height":512,"caption":"INZAIN Cycling EXPERIENCES"},"image":{"@id":"https:\/\/inzain.bike\/fr_be\/#\/schema\/logo\/image\/"},"sameAs":["https:\/\/www.facebook.com\/Inzain.bike","https:\/\/www.instagram.com\/inzainbike"]}]}},"amp_enabled":true,"_links":{"self":[{"href":"https:\/\/inzain.bike\/fr_be\/wp-json\/wp\/v2\/pages\/5806","targetHints":{"allow":["GET"]}}],"collection":[{"href":"https:\/\/inzain.bike\/fr_be\/wp-json\/wp\/v2\/pages"}],"about":[{"href":"https:\/\/inzain.bike\/fr_be\/wp-json\/wp\/v2\/types\/page"}],"author":[{"embeddable":true,"href":"https:\/\/inzain.bike\/fr_be\/wp-json\/wp\/v2\/users\/135133094"}],"replies":[{"embeddable":true,"href":"https:\/\/inzain.bike\/fr_be\/wp-json\/wp\/v2\/comments?post=5806"}],"version-history":[{"count":0,"href":"https:\/\/inzain.bike\/fr_be\/wp-json\/wp\/v2\/pages\/5806\/revisions"}],"wp:attachment":[{"href":"https:\/\/inzain.bike\/fr_be\/wp-json\/wp\/v2\/media?parent=5806"}],"curies":[{"name":"wp","href":"https:\/\/api.w.org\/{rel}","templated":true}]}}