{"id":6163,"date":"2023-11-25T20:22:42","date_gmt":"2023-11-25T19:22:42","guid":{"rendered":"https:\/\/inzain.bike\/?page_id=6163"},"modified":"2024-01-17T19:38:30","modified_gmt":"2024-01-17T18:38:30","slug":"jap24-accomodation","status":"publish","type":"page","link":"https:\/\/inzain.bike\/fr_be\/jap24-accomodation\/","title":{"rendered":"Japon H\u00e9bergement"},"content":{"rendered":"<div class=\"wp-block-columns alignwide is-layout-flex wp-container-core-columns-is-layout-28f84493 wp-block-columns-is-layout-flex\">\n<div class=\"wp-block-column is-layout-flow wp-block-column-is-layout-flow\">\n<p>Tous nos agriculteurs sont soigneusement s\u00e9lectionn\u00e9s aupr\u00e8s de notre guide local. Certains sont des ryokans japonais classiques et d&#039;autres europ\u00e9ens. La plupart disposent de merveilleuses installations de baignade thermales appel\u00e9es Onsen, sinon il y a ces Onsen locaux \u00e0 proximit\u00e9 des h\u00f4tels.<\/p>\n<\/div>\n<\/div>\n\n\n\n<div class=\"wp-block-columns alignwide is-layout-flex wp-container-core-columns-is-layout-28f84493 wp-block-columns-is-layout-flex\">\n<div class=\"wp-block-column is-layout-flow wp-block-column-is-layout-flow\">\n<p>Ryokan<\/p>\n\n\n\n<p>Roykan est un h\u00e9bergement et un h\u00f4tel classique au Japon. Ils ont les tatamis doux typiques o\u00f9 vous enlevez vos chaussures (absolument pas de chaussures de cyclisme ici\u2026. :-). Le Japon peut \u00e9galement se vanter d&#039;avoir ouvert ici le plus ancien h\u00f4tel du monde en 705.<\/p>\n<\/div>\n\n\n\n<div class=\"wp-block-column is-layout-flow wp-block-column-is-layout-flow\">\n<figure class=\"wp-block-image size-large\"><img loading=\"lazy\" decoding=\"async\" width=\"1024\" height=\"683\" src=\"https:\/\/inzain.bike\/wp-content\/uploads\/2024\/01\/pexels-evgeny-tchebotarev-2187605-1024x683.jpg\" alt=\"\" class=\"wp-image-6674\" srcset=\"https:\/\/inzain.bike\/wp-content\/uploads\/2024\/01\/pexels-evgeny-tchebotarev-2187605-1024x683.jpg 1024w, https:\/\/inzain.bike\/wp-content\/uploads\/2024\/01\/pexels-evgeny-tchebotarev-2187605-300x200.jpg 300w, https:\/\/inzain.bike\/wp-content\/uploads\/2024\/01\/pexels-evgeny-tchebotarev-2187605-768x512.jpg 768w, https:\/\/inzain.bike\/wp-content\/uploads\/2024\/01\/pexels-evgeny-tchebotarev-2187605-1536x1024.jpg 1536w, https:\/\/inzain.bike\/wp-content\/uploads\/2024\/01\/pexels-evgeny-tchebotarev-2187605-2048x1365.jpg 2048w, https:\/\/inzain.bike\/wp-content\/uploads\/2024\/01\/pexels-evgeny-tchebotarev-2187605-18x12.jpg 18w, https:\/\/inzain.bike\/wp-content\/uploads\/2024\/01\/pexels-evgeny-tchebotarev-2187605-1320x880.jpg 1320w, https:\/\/inzain.bike\/wp-content\/uploads\/2024\/01\/pexels-evgeny-tchebotarev-2187605-600x400.jpg 600w\" sizes=\"auto, (max-width: 1024px) 100vw, 1024px\" \/><\/figure>\n<\/div>\n<\/div>\n\n\n\n<div class=\"wp-block-columns is-layout-flex wp-container-core-columns-is-layout-28f84493 wp-block-columns-is-layout-flex\">\n<div class=\"wp-block-column is-layout-flow wp-block-column-is-layout-flow\">\n<figure class=\"wp-block-image size-large is-resized\"><img loading=\"lazy\" decoding=\"async\" width=\"1024\" height=\"565\" src=\"https:\/\/inzain.bike\/wp-content\/uploads\/2024\/01\/Screenshot-2024-01-09-at-20.40.43-1024x565.png\" alt=\"\" class=\"wp-image-6676\" style=\"width:333px;height:auto\" srcset=\"https:\/\/inzain.bike\/wp-content\/uploads\/2024\/01\/Screenshot-2024-01-09-at-20.40.43-1024x565.png 1024w, https:\/\/inzain.bike\/wp-content\/uploads\/2024\/01\/Screenshot-2024-01-09-at-20.40.43-300x166.png 300w, https:\/\/inzain.bike\/wp-content\/uploads\/2024\/01\/Screenshot-2024-01-09-at-20.40.43-768x424.png 768w, https:\/\/inzain.bike\/wp-content\/uploads\/2024\/01\/Screenshot-2024-01-09-at-20.40.43-18x10.png 18w, https:\/\/inzain.bike\/wp-content\/uploads\/2024\/01\/Screenshot-2024-01-09-at-20.40.43-600x331.png 600w, https:\/\/inzain.bike\/wp-content\/uploads\/2024\/01\/Screenshot-2024-01-09-at-20.40.43.png 1214w\" sizes=\"auto, (max-width: 1024px) 100vw, 1024px\" \/><\/figure>\n<\/div>\n\n\n\n<div class=\"wp-block-column is-layout-flow wp-block-column-is-layout-flow\">\n<p>Onsen<\/p>\n\n\n\n<p>Un onsen est une source chaude au Japon. Le terme est souvent utilis\u00e9 pour d\u00e9crire les installations baln\u00e9aires appartenant aux h\u00f4tels situ\u00e9s autour des sources chaudes. Le Japon \u00e9tant un pays d\u2019activit\u00e9 volcanique, il existe des milliers de onsen dans tout le pays. Ils \u00e9taient traditionnellement utilis\u00e9s comme lieux de baignade publics et jouent un r\u00f4le majeur dans le tourisme japonais.<\/p>\n<\/div>\n<\/div>","protected":false},"excerpt":{"rendered":"<p>Alla v\u00e5ra bonden \u00e4r noga utvalda fr\u00e5n v\u00e5r lokala guide. Vissa \u00e4r klassiska Japanska ryokan och vissa Europeiska. De flesta har de underbara badanl\u00e4ggningarna i varma k\u00e4llor s\u00e5 kallade Onsen, annars finns dessa lokala Onsen n\u00e4ra hotellen. Ryokan Roykan \u00e4r det klassiska boenden och hotellen i Japan. De har den typiska mjuka Tatamimattorna d\u00e4r du [&hellip;]<\/p>\n","protected":false},"author":135133094,"featured_media":0,"parent":0,"menu_order":0,"comment_status":"closed","ping_status":"closed","template":"","meta":{"_coblocks_attr":"Roboto","_coblocks_dimensions":"","_coblocks_responsive_height":"","_coblocks_accordion_ie_support":"","footnotes":""},"class_list":["post-6163","page","type-page","status-publish","hentry"],"yoast_head":"<!-- This site is optimized with the Yoast SEO plugin v27.2 - https:\/\/yoast.com\/product\/yoast-seo-wordpress\/ -->\n<title>Japan Boende - INZAIN Cycling EXPERIENCES<\/title>\n<meta name=\"robots\" content=\"index, follow, max-snippet:-1, max-image-preview:large, max-video-preview:-1\" \/>\n<link rel=\"canonical\" href=\"https:\/\/inzain.bike\/fr_be\/jap24-accomodation\/\" \/>\n<meta property=\"og:locale\" content=\"fr_FR\" \/>\n<meta property=\"og:type\" content=\"article\" \/>\n<meta property=\"og:title\" content=\"Japan Boende - INZAIN Cycling EXPERIENCES\" \/>\n<meta property=\"og:description\" content=\"Alla v\u00e5ra bonden \u00e4r noga utvalda fr\u00e5n v\u00e5r lokala guide. Vissa \u00e4r klassiska Japanska ryokan och vissa Europeiska. De flesta har de underbara badanl\u00e4ggningarna i varma k\u00e4llor s\u00e5 kallade Onsen, annars finns dessa lokala Onsen n\u00e4ra hotellen. Ryokan Roykan \u00e4r det klassiska boenden och hotellen i Japan. De har den typiska mjuka Tatamimattorna d\u00e4r du [&hellip;]\" \/>\n<meta property=\"og:url\" content=\"https:\/\/inzain.bike\/fr_be\/jap24-accomodation\/\" \/>\n<meta property=\"og:site_name\" content=\"INZAIN Cycling EXPERIENCES\" \/>\n<meta property=\"article:publisher\" content=\"https:\/\/www.facebook.com\/Inzain.bike\" \/>\n<meta property=\"article:modified_time\" content=\"2024-01-17T18:38:30+00:00\" \/>\n<meta property=\"og:image\" content=\"https:\/\/inzain.bike\/wp-content\/uploads\/2024\/01\/pexels-evgeny-tchebotarev-2187605-1024x683.jpg\" \/>\n<meta name=\"twitter:card\" content=\"summary_large_image\" \/>\n<meta name=\"twitter:label1\" content=\"Dur\u00e9e de lecture est.\" \/>\n\t<meta name=\"twitter:data1\" content=\"2 minutes\" \/>\n<script type=\"application\/ld+json\" class=\"yoast-schema-graph\">{\"@context\":\"https:\/\/schema.org\",\"@graph\":[{\"@type\":\"WebPage\",\"@id\":\"https:\/\/inzain.bike\/en_gb\/jap24-accomodation\/\",\"url\":\"https:\/\/inzain.bike\/en_gb\/jap24-accomodation\/\",\"name\":\"Japan Boende - INZAIN Cycling EXPERIENCES\",\"isPartOf\":{\"@id\":\"https:\/\/inzain.bike\/fr_be\/#website\"},\"primaryImageOfPage\":{\"@id\":\"https:\/\/inzain.bike\/en_gb\/jap24-accomodation\/#primaryimage\"},\"image\":{\"@id\":\"https:\/\/inzain.bike\/en_gb\/jap24-accomodation\/#primaryimage\"},\"thumbnailUrl\":\"https:\/\/inzain.bike\/wp-content\/uploads\/2024\/01\/pexels-evgeny-tchebotarev-2187605-1024x683.jpg\",\"datePublished\":\"2023-11-25T19:22:42+00:00\",\"dateModified\":\"2024-01-17T18:38:30+00:00\",\"breadcrumb\":{\"@id\":\"https:\/\/inzain.bike\/en_gb\/jap24-accomodation\/#breadcrumb\"},\"inLanguage\":\"fr-BE\",\"potentialAction\":[{\"@type\":\"ReadAction\",\"target\":[\"https:\/\/inzain.bike\/en_gb\/jap24-accomodation\/\"]}]},{\"@type\":\"ImageObject\",\"inLanguage\":\"fr-BE\",\"@id\":\"https:\/\/inzain.bike\/en_gb\/jap24-accomodation\/#primaryimage\",\"url\":\"https:\/\/inzain.bike\/wp-content\/uploads\/2024\/01\/pexels-evgeny-tchebotarev-2187605-1024x683.jpg\",\"contentUrl\":\"https:\/\/inzain.bike\/wp-content\/uploads\/2024\/01\/pexels-evgeny-tchebotarev-2187605-1024x683.jpg\"},{\"@type\":\"BreadcrumbList\",\"@id\":\"https:\/\/inzain.bike\/en_gb\/jap24-accomodation\/#breadcrumb\",\"itemListElement\":[{\"@type\":\"ListItem\",\"position\":1,\"name\":\"Hem\",\"item\":\"https:\/\/inzain.bike\/fr_be\/\"},{\"@type\":\"ListItem\",\"position\":2,\"name\":\"Japan Boende\"}]},{\"@type\":\"WebSite\",\"@id\":\"https:\/\/inzain.bike\/fr_be\/#website\",\"url\":\"https:\/\/inzain.bike\/fr_be\/\",\"name\":\"INZAIN Cycling EXPERIENCES\",\"description\":\"Cyckling Adventures  - for everyone\",\"publisher\":{\"@id\":\"https:\/\/inzain.bike\/fr_be\/#organization\"},\"alternateName\":\"INZAIN Gravel & Travel\",\"potentialAction\":[{\"@type\":\"SearchAction\",\"target\":{\"@type\":\"EntryPoint\",\"urlTemplate\":\"https:\/\/inzain.bike\/fr_be\/?s={search_term_string}\"},\"query-input\":{\"@type\":\"PropertyValueSpecification\",\"valueRequired\":true,\"valueName\":\"search_term_string\"}}],\"inLanguage\":\"fr-BE\"},{\"@type\":\"Organization\",\"@id\":\"https:\/\/inzain.bike\/fr_be\/#organization\",\"name\":\"INZAIN Cycling EXPERIENCES\",\"url\":\"https:\/\/inzain.bike\/fr_be\/\",\"logo\":{\"@type\":\"ImageObject\",\"inLanguage\":\"fr-BE\",\"@id\":\"https:\/\/inzain.bike\/fr_be\/#\/schema\/logo\/image\/\",\"url\":\"https:\/\/i0.wp.com\/inzain.bike\/wp-content\/uploads\/2023\/09\/cropped-INZAIN_512x512_white.png?fit=512%2C512&ssl=1\",\"contentUrl\":\"https:\/\/i0.wp.com\/inzain.bike\/wp-content\/uploads\/2023\/09\/cropped-INZAIN_512x512_white.png?fit=512%2C512&ssl=1\",\"width\":512,\"height\":512,\"caption\":\"INZAIN Cycling EXPERIENCES\"},\"image\":{\"@id\":\"https:\/\/inzain.bike\/fr_be\/#\/schema\/logo\/image\/\"},\"sameAs\":[\"https:\/\/www.facebook.com\/Inzain.bike\",\"https:\/\/www.instagram.com\/inzainbike\"]}]}<\/script>\n<!-- \/ Yoast SEO plugin. -->","yoast_head_json":{"title":"H\u00e9bergement au Japon - Exp\u00e9riences cyclistes INZAIN","robots":{"index":"index","follow":"follow","max-snippet":"max-snippet:-1","max-image-preview":"max-image-preview:large","max-video-preview":"max-video-preview:-1"},"canonical":"https:\/\/inzain.bike\/fr_be\/jap24-accomodation\/","og_locale":"fr_FR","og_type":"article","og_title":"Japan Boende - INZAIN Cycling EXPERIENCES","og_description":"Alla v\u00e5ra bonden \u00e4r noga utvalda fr\u00e5n v\u00e5r lokala guide. Vissa \u00e4r klassiska Japanska ryokan och vissa Europeiska. De flesta har de underbara badanl\u00e4ggningarna i varma k\u00e4llor s\u00e5 kallade Onsen, annars finns dessa lokala Onsen n\u00e4ra hotellen. Ryokan Roykan \u00e4r det klassiska boenden och hotellen i Japan. De har den typiska mjuka Tatamimattorna d\u00e4r du [&hellip;]","og_url":"https:\/\/inzain.bike\/fr_be\/jap24-accomodation\/","og_site_name":"INZAIN Cycling EXPERIENCES","article_publisher":"https:\/\/www.facebook.com\/Inzain.bike","article_modified_time":"2024-01-17T18:38:30+00:00","og_image":[{"url":"https:\/\/inzain.bike\/wp-content\/uploads\/2024\/01\/pexels-evgeny-tchebotarev-2187605-1024x683.jpg","type":"","width":"","height":""}],"twitter_card":"summary_large_image","twitter_misc":{"Dur\u00e9e de lecture est.":"2 minutes"},"schema":{"@context":"https:\/\/schema.org","@graph":[{"@type":"WebPage","@id":"https:\/\/inzain.bike\/en_gb\/jap24-accomodation\/","url":"https:\/\/inzain.bike\/en_gb\/jap24-accomodation\/","name":"H\u00e9bergement au Japon - Exp\u00e9riences cyclistes INZAIN","isPartOf":{"@id":"https:\/\/inzain.bike\/fr_be\/#website"},"primaryImageOfPage":{"@id":"https:\/\/inzain.bike\/en_gb\/jap24-accomodation\/#primaryimage"},"image":{"@id":"https:\/\/inzain.bike\/en_gb\/jap24-accomodation\/#primaryimage"},"thumbnailUrl":"https:\/\/inzain.bike\/wp-content\/uploads\/2024\/01\/pexels-evgeny-tchebotarev-2187605-1024x683.jpg","datePublished":"2023-11-25T19:22:42+00:00","dateModified":"2024-01-17T18:38:30+00:00","breadcrumb":{"@id":"https:\/\/inzain.bike\/en_gb\/jap24-accomodation\/#breadcrumb"},"inLanguage":"fr-BE","potentialAction":[{"@type":"ReadAction","target":["https:\/\/inzain.bike\/en_gb\/jap24-accomodation\/"]}]},{"@type":"ImageObject","inLanguage":"fr-BE","@id":"https:\/\/inzain.bike\/en_gb\/jap24-accomodation\/#primaryimage","url":"https:\/\/inzain.bike\/wp-content\/uploads\/2024\/01\/pexels-evgeny-tchebotarev-2187605-1024x683.jpg","contentUrl":"https:\/\/inzain.bike\/wp-content\/uploads\/2024\/01\/pexels-evgeny-tchebotarev-2187605-1024x683.jpg"},{"@type":"BreadcrumbList","@id":"https:\/\/inzain.bike\/en_gb\/jap24-accomodation\/#breadcrumb","itemListElement":[{"@type":"ListItem","position":1,"name":"Hem","item":"https:\/\/inzain.bike\/fr_be\/"},{"@type":"ListItem","position":2,"name":"Japan Boende"}]},{"@type":"WebSite","@id":"https:\/\/inzain.bike\/fr_be\/#website","url":"https:\/\/inzain.bike\/fr_be\/","name":"EXP\u00c9RIENCES Cyclistes INZAIN","description":"Aventures \u00e0 v\u00e9lo - pour tous","publisher":{"@id":"https:\/\/inzain.bike\/fr_be\/#organization"},"alternateName":"INZAIN Gravel & Travel","potentialAction":[{"@type":"SearchAction","target":{"@type":"EntryPoint","urlTemplate":"https:\/\/inzain.bike\/fr_be\/?s={search_term_string}"},"query-input":{"@type":"PropertyValueSpecification","valueRequired":true,"valueName":"search_term_string"}}],"inLanguage":"fr-BE"},{"@type":"Organization","@id":"https:\/\/inzain.bike\/fr_be\/#organization","name":"EXP\u00c9RIENCES Cyclistes INZAIN","url":"https:\/\/inzain.bike\/fr_be\/","logo":{"@type":"ImageObject","inLanguage":"fr-BE","@id":"https:\/\/inzain.bike\/fr_be\/#\/schema\/logo\/image\/","url":"https:\/\/i0.wp.com\/inzain.bike\/wp-content\/uploads\/2023\/09\/cropped-INZAIN_512x512_white.png?fit=512%2C512&ssl=1","contentUrl":"https:\/\/i0.wp.com\/inzain.bike\/wp-content\/uploads\/2023\/09\/cropped-INZAIN_512x512_white.png?fit=512%2C512&ssl=1","width":512,"height":512,"caption":"INZAIN Cycling EXPERIENCES"},"image":{"@id":"https:\/\/inzain.bike\/fr_be\/#\/schema\/logo\/image\/"},"sameAs":["https:\/\/www.facebook.com\/Inzain.bike","https:\/\/www.instagram.com\/inzainbike"]}]}},"amp_enabled":true,"_links":{"self":[{"href":"https:\/\/inzain.bike\/fr_be\/wp-json\/wp\/v2\/pages\/6163","targetHints":{"allow":["GET"]}}],"collection":[{"href":"https:\/\/inzain.bike\/fr_be\/wp-json\/wp\/v2\/pages"}],"about":[{"href":"https:\/\/inzain.bike\/fr_be\/wp-json\/wp\/v2\/types\/page"}],"author":[{"embeddable":true,"href":"https:\/\/inzain.bike\/fr_be\/wp-json\/wp\/v2\/users\/135133094"}],"replies":[{"embeddable":true,"href":"https:\/\/inzain.bike\/fr_be\/wp-json\/wp\/v2\/comments?post=6163"}],"version-history":[{"count":0,"href":"https:\/\/inzain.bike\/fr_be\/wp-json\/wp\/v2\/pages\/6163\/revisions"}],"wp:attachment":[{"href":"https:\/\/inzain.bike\/fr_be\/wp-json\/wp\/v2\/media?parent=6163"}],"curies":[{"name":"wp","href":"https:\/\/api.w.org\/{rel}","templated":true}]}}