{"id":9,"date":"2021-03-24T12:25:50","date_gmt":"2021-03-24T11:25:50","guid":{"rendered":"https:\/\/inzain.bike\/?page_id=9"},"modified":"2021-04-13T20:41:02","modified_gmt":"2021-04-13T18:41:02","slug":"about","status":"publish","type":"page","link":"https:\/\/inzain.bike\/fr_be\/about\/","title":{"rendered":"\u00c0 propos de nous:"},"content":{"rendered":"<div style=\"height:20px;\" aria-hidden=\"true\" class=\"wp-block-spacer\"><\/div>\n\n\n\n<div class=\"wp-block-group alignfull is-layout-flow wp-block-group-is-layout-flow\">\n<div class=\"wp-block-jetpack-layout-grid alignfull column1-desktop-grid__span-3 column1-desktop-grid__start-2 column1-desktop-grid__row-1 column2-desktop-grid__span-6 column2-desktop-grid__start-6 column2-desktop-grid__row-1 column1-tablet-grid__span-3 column1-tablet-grid__row-1 column2-tablet-grid__span-5 column2-tablet-grid__start-4 column2-tablet-grid__row-1 column1-mobile-grid__span-4 column1-mobile-grid__row-1 column2-mobile-grid__span-4 column2-mobile-grid__row-2\">\n<div class=\"wp-block-jetpack-layout-grid-column wp-block-jetpack-layout-grid__padding-none\">\n<figure class=\"wp-block-image size-large is-style-circle-mask\"><img loading=\"lazy\" decoding=\"async\" width=\"4608\" height=\"3456\" src=\"https:\/\/inzain.bike\/wp-content\/uploads\/2021\/03\/20200618_024854.jpg?w=750\" alt=\"\" class=\"wp-image-49\" \/><\/figure>\n<\/div>\n\n\n\n<div class=\"wp-block-jetpack-layout-grid-column wp-block-jetpack-layout-grid__padding-none\">\n<h2 class=\"wp-block-heading\">INZAIN Gravel \u2013 V\u00e9lo, \u00e9quipement et aventure.<\/h2>\n\n\n\n<p>A nos yeux, tous les v\u00e9los sont des v\u00e9los gravel et donc tous les cyclistes sont des gravel bikers ou des &quot;Gravelistas&quot;. Vous l\u2019aurez compris, nous sommes passionn\u00e9s par le cyclisme gravel, ou en bref : Gravel.<br><br>Pour cela, nous voulons partager la communaut\u00e9, les exp\u00e9riences, les aventures, les v\u00e9los, les pi\u00e8ces, l&#039;\u00e9quipement et les v\u00eatements.<br><br>Nous sommes INZAIN Gravel.<\/p>\n<\/div>\n<\/div>\n<\/div>","protected":false},"excerpt":{"rendered":"<p>INZAIN Gravel \u2013 V\u00e9lo, \u00e9quipement et aventure. A nos yeux, tous les v\u00e9los sont des v\u00e9los gravel et donc tous les cyclistes sont des gravel bikers ou des &quot;Gravelistas&quot;. Vous l&#039;aurez compris, nous sommes passionn\u00e9s par le cyclisme gravel, ou en bref : Gravel. Pour cela, nous souhaitons partager la communaut\u00e9, les exp\u00e9riences, les aventures, les v\u00e9los, les pi\u00e8ces, l&#039;\u00e9quipement et les v\u00eatements. Nous sommes INZAIN Gravel.<\/p>","protected":false},"author":135133094,"featured_media":0,"parent":0,"menu_order":0,"comment_status":"closed","ping_status":"closed","template":"","meta":{"_coblocks_attr":"","_coblocks_dimensions":"","_coblocks_responsive_height":"","_coblocks_accordion_ie_support":"","footnotes":""},"class_list":["post-9","page","type-page","status-publish","hentry"],"yoast_head":"<!-- This site is optimized with the Yoast SEO plugin v27.2 - https:\/\/yoast.com\/product\/yoast-seo-wordpress\/ -->\n<title>Om oss: - INZAIN Cycling EXPERIENCES<\/title>\n<meta name=\"robots\" content=\"index, follow, max-snippet:-1, max-image-preview:large, max-video-preview:-1\" \/>\n<link rel=\"canonical\" href=\"https:\/\/inzain.bike\/fr_be\/about\/\" \/>\n<meta property=\"og:locale\" content=\"fr_FR\" \/>\n<meta property=\"og:type\" content=\"article\" \/>\n<meta property=\"og:title\" content=\"Om oss: - INZAIN Cycling EXPERIENCES\" \/>\n<meta property=\"og:description\" content=\"INZAIN Gravel &#8211; Bike, Gear &amp; Adventure. I v\u00e5ra \u00f6gon \u00e4r alla cyklar gruscyklar och d\u00e4rf\u00f6r \u00e4r alla cyklister gruscyklister eller &#8220;Gravelistas&#8221;. Som ni f\u00f6rst\u00e5r brinner vi f\u00f6r gruscykling, eller kort och gott: Gravel. F\u00f6r detta vill vi dela med oss av Gemenskap, Upplevelser, \u00c4ventyr, Cyklar, Delar, Utrustning och Kl\u00e4der Vi \u00e4r INZAIN Gravel.\" \/>\n<meta property=\"og:url\" content=\"https:\/\/inzain.bike\/fr_be\/about\/\" \/>\n<meta property=\"og:site_name\" content=\"INZAIN Cycling EXPERIENCES\" \/>\n<meta property=\"article:publisher\" content=\"https:\/\/www.facebook.com\/Inzain.bike\" \/>\n<meta property=\"article:modified_time\" content=\"2021-04-13T18:41:02+00:00\" \/>\n<meta property=\"og:image\" content=\"https:\/\/inzain.bike\/wp-content\/uploads\/2021\/03\/20200618_024854.jpg?w=750\" \/>\n<meta name=\"twitter:card\" content=\"summary_large_image\" \/>\n<script type=\"application\/ld+json\" class=\"yoast-schema-graph\">{\"@context\":\"https:\/\/schema.org\",\"@graph\":[{\"@type\":\"WebPage\",\"@id\":\"https:\/\/inzain.bike\/en\/about\/\",\"url\":\"https:\/\/inzain.bike\/en\/about\/\",\"name\":\"Om oss: - INZAIN Cycling EXPERIENCES\",\"isPartOf\":{\"@id\":\"https:\/\/inzain.bike\/fr_be\/#website\"},\"primaryImageOfPage\":{\"@id\":\"https:\/\/inzain.bike\/en\/about\/#primaryimage\"},\"image\":{\"@id\":\"https:\/\/inzain.bike\/en\/about\/#primaryimage\"},\"thumbnailUrl\":\"https:\/\/inzain.bike\/wp-content\/uploads\/2021\/03\/20200618_024854.jpg?w=750\",\"datePublished\":\"2021-03-24T11:25:50+00:00\",\"dateModified\":\"2021-04-13T18:41:02+00:00\",\"breadcrumb\":{\"@id\":\"https:\/\/inzain.bike\/en\/about\/#breadcrumb\"},\"inLanguage\":\"fr-BE\",\"potentialAction\":[{\"@type\":\"ReadAction\",\"target\":[\"https:\/\/inzain.bike\/en\/about\/\"]}]},{\"@type\":\"ImageObject\",\"inLanguage\":\"fr-BE\",\"@id\":\"https:\/\/inzain.bike\/en\/about\/#primaryimage\",\"url\":\"https:\/\/inzain.bike\/wp-content\/uploads\/2021\/03\/20200618_024854.jpg?w=750\",\"contentUrl\":\"https:\/\/inzain.bike\/wp-content\/uploads\/2021\/03\/20200618_024854.jpg?w=750\"},{\"@type\":\"BreadcrumbList\",\"@id\":\"https:\/\/inzain.bike\/en\/about\/#breadcrumb\",\"itemListElement\":[{\"@type\":\"ListItem\",\"position\":1,\"name\":\"Hem\",\"item\":\"https:\/\/inzain.bike\/fr_be\/\"},{\"@type\":\"ListItem\",\"position\":2,\"name\":\"Om oss:\"}]},{\"@type\":\"WebSite\",\"@id\":\"https:\/\/inzain.bike\/fr_be\/#website\",\"url\":\"https:\/\/inzain.bike\/fr_be\/\",\"name\":\"INZAIN Cycling EXPERIENCES\",\"description\":\"Cyckling Adventures  - for everyone\",\"publisher\":{\"@id\":\"https:\/\/inzain.bike\/fr_be\/#organization\"},\"alternateName\":\"INZAIN Gravel & Travel\",\"potentialAction\":[{\"@type\":\"SearchAction\",\"target\":{\"@type\":\"EntryPoint\",\"urlTemplate\":\"https:\/\/inzain.bike\/fr_be\/?s={search_term_string}\"},\"query-input\":{\"@type\":\"PropertyValueSpecification\",\"valueRequired\":true,\"valueName\":\"search_term_string\"}}],\"inLanguage\":\"fr-BE\"},{\"@type\":\"Organization\",\"@id\":\"https:\/\/inzain.bike\/fr_be\/#organization\",\"name\":\"INZAIN Cycling EXPERIENCES\",\"url\":\"https:\/\/inzain.bike\/fr_be\/\",\"logo\":{\"@type\":\"ImageObject\",\"inLanguage\":\"fr-BE\",\"@id\":\"https:\/\/inzain.bike\/fr_be\/#\/schema\/logo\/image\/\",\"url\":\"https:\/\/i0.wp.com\/inzain.bike\/wp-content\/uploads\/2023\/09\/cropped-INZAIN_512x512_white.png?fit=512%2C512&ssl=1\",\"contentUrl\":\"https:\/\/i0.wp.com\/inzain.bike\/wp-content\/uploads\/2023\/09\/cropped-INZAIN_512x512_white.png?fit=512%2C512&ssl=1\",\"width\":512,\"height\":512,\"caption\":\"INZAIN Cycling EXPERIENCES\"},\"image\":{\"@id\":\"https:\/\/inzain.bike\/fr_be\/#\/schema\/logo\/image\/\"},\"sameAs\":[\"https:\/\/www.facebook.com\/Inzain.bike\",\"https:\/\/www.instagram.com\/inzainbike\"]}]}<\/script>\n<!-- \/ Yoast SEO plugin. -->","yoast_head_json":{"title":"\u00c0 propos de nous : - INZAIN Cycling EXPERIENCES","robots":{"index":"index","follow":"follow","max-snippet":"max-snippet:-1","max-image-preview":"max-image-preview:large","max-video-preview":"max-video-preview:-1"},"canonical":"https:\/\/inzain.bike\/fr_be\/about\/","og_locale":"fr_FR","og_type":"article","og_title":"Om oss: - INZAIN Cycling EXPERIENCES","og_description":"INZAIN Gravel &#8211; Bike, Gear &amp; Adventure. I v\u00e5ra \u00f6gon \u00e4r alla cyklar gruscyklar och d\u00e4rf\u00f6r \u00e4r alla cyklister gruscyklister eller &#8220;Gravelistas&#8221;. Som ni f\u00f6rst\u00e5r brinner vi f\u00f6r gruscykling, eller kort och gott: Gravel. F\u00f6r detta vill vi dela med oss av Gemenskap, Upplevelser, \u00c4ventyr, Cyklar, Delar, Utrustning och Kl\u00e4der Vi \u00e4r INZAIN Gravel.","og_url":"https:\/\/inzain.bike\/fr_be\/about\/","og_site_name":"INZAIN Cycling EXPERIENCES","article_publisher":"https:\/\/www.facebook.com\/Inzain.bike","article_modified_time":"2021-04-13T18:41:02+00:00","og_image":[{"url":"https:\/\/inzain.bike\/wp-content\/uploads\/2021\/03\/20200618_024854.jpg?w=750","type":"","width":"","height":""}],"twitter_card":"summary_large_image","schema":{"@context":"https:\/\/schema.org","@graph":[{"@type":"WebPage","@id":"https:\/\/inzain.bike\/en\/about\/","url":"https:\/\/inzain.bike\/en\/about\/","name":"\u00c0 propos de nous : - INZAIN Cycling EXPERIENCES","isPartOf":{"@id":"https:\/\/inzain.bike\/fr_be\/#website"},"primaryImageOfPage":{"@id":"https:\/\/inzain.bike\/en\/about\/#primaryimage"},"image":{"@id":"https:\/\/inzain.bike\/en\/about\/#primaryimage"},"thumbnailUrl":"https:\/\/inzain.bike\/wp-content\/uploads\/2021\/03\/20200618_024854.jpg?w=750","datePublished":"2021-03-24T11:25:50+00:00","dateModified":"2021-04-13T18:41:02+00:00","breadcrumb":{"@id":"https:\/\/inzain.bike\/en\/about\/#breadcrumb"},"inLanguage":"fr-BE","potentialAction":[{"@type":"ReadAction","target":["https:\/\/inzain.bike\/en\/about\/"]}]},{"@type":"ImageObject","inLanguage":"fr-BE","@id":"https:\/\/inzain.bike\/en\/about\/#primaryimage","url":"https:\/\/inzain.bike\/wp-content\/uploads\/2021\/03\/20200618_024854.jpg?w=750","contentUrl":"https:\/\/inzain.bike\/wp-content\/uploads\/2021\/03\/20200618_024854.jpg?w=750"},{"@type":"BreadcrumbList","@id":"https:\/\/inzain.bike\/en\/about\/#breadcrumb","itemListElement":[{"@type":"ListItem","position":1,"name":"Hem","item":"https:\/\/inzain.bike\/fr_be\/"},{"@type":"ListItem","position":2,"name":"Om oss:"}]},{"@type":"WebSite","@id":"https:\/\/inzain.bike\/fr_be\/#website","url":"https:\/\/inzain.bike\/fr_be\/","name":"EXP\u00c9RIENCES Cyclistes INZAIN","description":"Aventures \u00e0 v\u00e9lo - pour tous","publisher":{"@id":"https:\/\/inzain.bike\/fr_be\/#organization"},"alternateName":"INZAIN Gravel & Travel","potentialAction":[{"@type":"SearchAction","target":{"@type":"EntryPoint","urlTemplate":"https:\/\/inzain.bike\/fr_be\/?s={search_term_string}"},"query-input":{"@type":"PropertyValueSpecification","valueRequired":true,"valueName":"search_term_string"}}],"inLanguage":"fr-BE"},{"@type":"Organization","@id":"https:\/\/inzain.bike\/fr_be\/#organization","name":"EXP\u00c9RIENCES Cyclistes INZAIN","url":"https:\/\/inzain.bike\/fr_be\/","logo":{"@type":"ImageObject","inLanguage":"fr-BE","@id":"https:\/\/inzain.bike\/fr_be\/#\/schema\/logo\/image\/","url":"https:\/\/i0.wp.com\/inzain.bike\/wp-content\/uploads\/2023\/09\/cropped-INZAIN_512x512_white.png?fit=512%2C512&ssl=1","contentUrl":"https:\/\/i0.wp.com\/inzain.bike\/wp-content\/uploads\/2023\/09\/cropped-INZAIN_512x512_white.png?fit=512%2C512&ssl=1","width":512,"height":512,"caption":"INZAIN Cycling EXPERIENCES"},"image":{"@id":"https:\/\/inzain.bike\/fr_be\/#\/schema\/logo\/image\/"},"sameAs":["https:\/\/www.facebook.com\/Inzain.bike","https:\/\/www.instagram.com\/inzainbike"]}]}},"amp_enabled":true,"_links":{"self":[{"href":"https:\/\/inzain.bike\/fr_be\/wp-json\/wp\/v2\/pages\/9","targetHints":{"allow":["GET"]}}],"collection":[{"href":"https:\/\/inzain.bike\/fr_be\/wp-json\/wp\/v2\/pages"}],"about":[{"href":"https:\/\/inzain.bike\/fr_be\/wp-json\/wp\/v2\/types\/page"}],"author":[{"embeddable":true,"href":"https:\/\/inzain.bike\/fr_be\/wp-json\/wp\/v2\/users\/135133094"}],"replies":[{"embeddable":true,"href":"https:\/\/inzain.bike\/fr_be\/wp-json\/wp\/v2\/comments?post=9"}],"version-history":[{"count":0,"href":"https:\/\/inzain.bike\/fr_be\/wp-json\/wp\/v2\/pages\/9\/revisions"}],"wp:attachment":[{"href":"https:\/\/inzain.bike\/fr_be\/wp-json\/wp\/v2\/media?parent=9"}],"curies":[{"name":"wp","href":"https:\/\/api.w.org\/{rel}","templated":true}]}}