{"id":6954,"date":"2024-03-09T11:05:51","date_gmt":"2024-03-09T10:05:51","guid":{"rendered":"https:\/\/inzain.bike\/?post_type=product&#038;p=6954"},"modified":"2024-07-31T16:48:31","modified_gmt":"2024-07-31T14:48:31","slug":"tus24-shared","status":"publish","type":"product","link":"https:\/\/inzain.bike\/fr_be\/produit\/tus24-shared\/","title":{"rendered":"Chambre partag\u00e9e Toscane"},"content":{"rendered":"<p>Frais de participation Toscana 2024 du 5 au 14 octobre pour une personne en chambre partag\u00e9e<\/p>\n<p style=\"font-weight: 400;\">Le prix comprend :<\/p>\n<ul style=\"font-weight: 400;\">\n<li>H\u00e9bergement 5-10\/10 San Giorgio, Sienne pour une personne, chambre partag\u00e9e<\/li>\n<li>H\u00e9bergement 10-14\/10 Palazzuolo, San Quirico d&#039;Orcia pour une personne, chambre partag\u00e9e<\/li>\n<li>Petit-d\u00e9jeuner tous les jours<\/li>\n<li>Transport de bagages de San Giorgio -&gt; Palazzuolo<\/li>\n<li>Guides<\/li>\n<li>Itin\u00e9raires pour gravier et route<\/li>\n<li>Voiture d&#039;escorte<\/li>\n<\/ul>","protected":false},"excerpt":{"rendered":"<p>Frais de participation Toscana 2024 du 5 au 14 octobre pour une personne en chambre partag\u00e9e<\/p>\n<p style=\"font-weight: 400;\">Le prix comprend :<\/p>\n<ul style=\"font-weight: 400;\">\n<li>H\u00e9bergement 5-10\/10 San Giorgio, Sienne pour une personne, chambre partag\u00e9e<\/li>\n<li>H\u00e9bergement 10-14\/10 Palazzuolo, San Quirico d&#039;Orcia pour une personne, chambre partag\u00e9e<\/li>\n<li>Petit-d\u00e9jeuner tous les jours<\/li>\n<li>Transport de bagages de San Giorgio -&gt; Palazzuolo<\/li>\n<li>Guides<\/li>\n<li>Itin\u00e9raires pour gravier et route<\/li>\n<li>Voiture d&#039;escorte<\/li>\n<\/ul>","protected":false},"featured_media":4708,"comment_status":"open","ping_status":"closed","template":"","meta":{"_coblocks_attr":"","_coblocks_dimensions":"","_coblocks_responsive_height":"","_coblocks_accordion_ie_support":""},"product_brand":[],"product_cat":[1373191,1373492],"product_tag":[],"class_list":{"0":"post-6954","1":"product","2":"type-product","3":"status-publish","4":"has-post-thumbnail","6":"product_cat-trip","7":"product_cat-tus","9":"first","10":"instock","11":"virtual","12":"purchasable","13":"product-type-simple"},"composite_virtual":false,"composite_layout":"","composite_add_to_cart_form_location":"","composite_editable_in_cart":false,"composite_sold_individually_context":"","composite_shop_price_calc":"","composite_components":[],"composite_scenarios":[],"yoast_head":"<!-- This site is optimized with the Yoast SEO plugin v27.2 - https:\/\/yoast.com\/product\/yoast-seo-wordpress\/ -->\n<title>Toscana delat rum - INZAIN Cycling EXPERIENCES<\/title>\n<meta name=\"robots\" content=\"index, follow, max-snippet:-1, max-image-preview:large, max-video-preview:-1\" \/>\n<link rel=\"canonical\" href=\"https:\/\/inzain.bike\/fr_be\/product\/tus24-shared\/\" \/>\n<meta property=\"og:locale\" content=\"fr_FR\" \/>\n<meta property=\"og:type\" content=\"article\" \/>\n<meta property=\"og:title\" content=\"Toscana delat rum - INZAIN Cycling EXPERIENCES\" \/>\n<meta property=\"og:description\" content=\"Deltagaravgift Toscana 2024\u00a0 \u00a0 5-14 Oktober f\u00f6r\u00a0 en person i delat rum Priset inkluderar:    Logi 5-10\/10 San Giorgio, Siena f\u00f6r en person, delat rum  Logi 10-14\/10 Palazzuolo, San Quirico d&#039;Orcia f\u00f6r en person, delat rum  Frukost alla dagar  Transport av Bagage fr\u00e5n San Giorgio -&gt;\u00a0Palazzuolo  Guider  Rutter f\u00f6r Gravel och Landsv\u00e4g  F\u00f6ljebil\" \/>\n<meta property=\"og:url\" content=\"https:\/\/inzain.bike\/fr_be\/product\/tus24-shared\/\" \/>\n<meta property=\"og:site_name\" content=\"INZAIN Cycling EXPERIENCES\" \/>\n<meta property=\"article:publisher\" content=\"https:\/\/www.facebook.com\/Inzain.bike\" \/>\n<meta property=\"article:modified_time\" content=\"2024-07-31T14:48:31+00:00\" \/>\n<meta property=\"og:image\" content=\"https:\/\/inzain.bike\/wp-content\/uploads\/2023\/11\/3517238.png\" \/>\n\t<meta property=\"og:image:width\" content=\"512\" \/>\n\t<meta property=\"og:image:height\" content=\"512\" \/>\n\t<meta property=\"og:image:type\" content=\"image\/png\" \/>\n<meta name=\"twitter:card\" content=\"summary_large_image\" \/>\n<meta name=\"twitter:label1\" content=\"Dur\u00e9e de lecture est.\" \/>\n\t<meta name=\"twitter:data1\" content=\"1 minute\" \/>\n<script type=\"application\/ld+json\" class=\"yoast-schema-graph\">{\"@context\":\"https:\/\/schema.org\",\"@graph\":[{\"@type\":\"WebPage\",\"@id\":\"https:\/\/inzain.bike\/en_gb\/product\/tus24-shared\/\",\"url\":\"https:\/\/inzain.bike\/en_gb\/product\/tus24-shared\/\",\"name\":\"Toscana delat rum - INZAIN Cycling EXPERIENCES\",\"isPartOf\":{\"@id\":\"https:\/\/inzain.bike\/fr_be\/#website\"},\"primaryImageOfPage\":{\"@id\":\"https:\/\/inzain.bike\/en_gb\/product\/tus24-shared\/#primaryimage\"},\"image\":{\"@id\":\"https:\/\/inzain.bike\/en_gb\/product\/tus24-shared\/#primaryimage\"},\"thumbnailUrl\":\"https:\/\/inzain.bike\/wp-content\/uploads\/2023\/11\/3517238.png\",\"datePublished\":\"2024-03-09T10:05:51+00:00\",\"dateModified\":\"2024-07-31T14:48:31+00:00\",\"breadcrumb\":{\"@id\":\"https:\/\/inzain.bike\/en_gb\/product\/tus24-shared\/#breadcrumb\"},\"inLanguage\":\"fr-BE\",\"potentialAction\":[{\"@type\":\"ReadAction\",\"target\":[\"https:\/\/inzain.bike\/en_gb\/product\/tus24-shared\/\"]}]},{\"@type\":\"ImageObject\",\"inLanguage\":\"fr-BE\",\"@id\":\"https:\/\/inzain.bike\/en_gb\/product\/tus24-shared\/#primaryimage\",\"url\":\"https:\/\/inzain.bike\/wp-content\/uploads\/2023\/11\/3517238.png\",\"contentUrl\":\"https:\/\/inzain.bike\/wp-content\/uploads\/2023\/11\/3517238.png\",\"width\":512,\"height\":512},{\"@type\":\"BreadcrumbList\",\"@id\":\"https:\/\/inzain.bike\/en_gb\/product\/tus24-shared\/#breadcrumb\",\"itemListElement\":[{\"@type\":\"ListItem\",\"position\":1,\"name\":\"Hem\",\"item\":\"https:\/\/inzain.bike\/fr_be\/\"},{\"@type\":\"ListItem\",\"position\":2,\"name\":\"Webbutik\",\"item\":\"https:\/\/inzain.bike\/fi\/butik\/\"},{\"@type\":\"ListItem\",\"position\":3,\"name\":\"Toscana delat rum\"}]},{\"@type\":\"WebSite\",\"@id\":\"https:\/\/inzain.bike\/fr_be\/#website\",\"url\":\"https:\/\/inzain.bike\/fr_be\/\",\"name\":\"INZAIN Cycling EXPERIENCES\",\"description\":\"Cyckling Adventures  - for everyone\",\"publisher\":{\"@id\":\"https:\/\/inzain.bike\/fr_be\/#organization\"},\"alternateName\":\"INZAIN Gravel & Travel\",\"potentialAction\":[{\"@type\":\"SearchAction\",\"target\":{\"@type\":\"EntryPoint\",\"urlTemplate\":\"https:\/\/inzain.bike\/fr_be\/?s={search_term_string}\"},\"query-input\":{\"@type\":\"PropertyValueSpecification\",\"valueRequired\":true,\"valueName\":\"search_term_string\"}}],\"inLanguage\":\"fr-BE\"},{\"@type\":\"Organization\",\"@id\":\"https:\/\/inzain.bike\/fr_be\/#organization\",\"name\":\"INZAIN Cycling EXPERIENCES\",\"url\":\"https:\/\/inzain.bike\/fr_be\/\",\"logo\":{\"@type\":\"ImageObject\",\"inLanguage\":\"fr-BE\",\"@id\":\"https:\/\/inzain.bike\/fr_be\/#\/schema\/logo\/image\/\",\"url\":\"https:\/\/i0.wp.com\/inzain.bike\/wp-content\/uploads\/2023\/09\/cropped-INZAIN_512x512_white.png?fit=512%2C512&ssl=1\",\"contentUrl\":\"https:\/\/i0.wp.com\/inzain.bike\/wp-content\/uploads\/2023\/09\/cropped-INZAIN_512x512_white.png?fit=512%2C512&ssl=1\",\"width\":512,\"height\":512,\"caption\":\"INZAIN Cycling EXPERIENCES\"},\"image\":{\"@id\":\"https:\/\/inzain.bike\/fr_be\/#\/schema\/logo\/image\/\"},\"sameAs\":[\"https:\/\/www.facebook.com\/Inzain.bike\",\"https:\/\/www.instagram.com\/inzainbike\"]}]}<\/script>\n<!-- \/ Yoast SEO plugin. -->","yoast_head_json":{"title":"Chambre partag\u00e9e Toscane - INZAIN Cycling EXPERIENCES","robots":{"index":"index","follow":"follow","max-snippet":"max-snippet:-1","max-image-preview":"max-image-preview:large","max-video-preview":"max-video-preview:-1"},"canonical":"https:\/\/inzain.bike\/fr_be\/product\/tus24-shared\/","og_locale":"fr_FR","og_type":"article","og_title":"Toscana delat rum - INZAIN Cycling EXPERIENCES","og_description":"Deltagaravgift Toscana 2024\u00a0 \u00a0 5-14 Oktober f\u00f6r\u00a0 en person i delat rum Priset inkluderar:    Logi 5-10\/10 San Giorgio, Siena f\u00f6r en person, delat rum  Logi 10-14\/10 Palazzuolo, San Quirico d'Orcia f\u00f6r en person, delat rum  Frukost alla dagar  Transport av Bagage fr\u00e5n San Giorgio -&gt;\u00a0Palazzuolo  Guider  Rutter f\u00f6r Gravel och Landsv\u00e4g  F\u00f6ljebil","og_url":"https:\/\/inzain.bike\/fr_be\/product\/tus24-shared\/","og_site_name":"INZAIN Cycling EXPERIENCES","article_publisher":"https:\/\/www.facebook.com\/Inzain.bike","article_modified_time":"2024-07-31T14:48:31+00:00","og_image":[{"width":512,"height":512,"url":"https:\/\/inzain.bike\/wp-content\/uploads\/2023\/11\/3517238.png","type":"image\/png"}],"twitter_card":"summary_large_image","twitter_misc":{"Dur\u00e9e de lecture est.":"1 minute"},"schema":{"@context":"https:\/\/schema.org","@graph":[{"@type":"WebPage","@id":"https:\/\/inzain.bike\/en_gb\/product\/tus24-shared\/","url":"https:\/\/inzain.bike\/en_gb\/product\/tus24-shared\/","name":"Chambre partag\u00e9e Toscane - INZAIN Cycling EXPERIENCES","isPartOf":{"@id":"https:\/\/inzain.bike\/fr_be\/#website"},"primaryImageOfPage":{"@id":"https:\/\/inzain.bike\/en_gb\/product\/tus24-shared\/#primaryimage"},"image":{"@id":"https:\/\/inzain.bike\/en_gb\/product\/tus24-shared\/#primaryimage"},"thumbnailUrl":"https:\/\/inzain.bike\/wp-content\/uploads\/2023\/11\/3517238.png","datePublished":"2024-03-09T10:05:51+00:00","dateModified":"2024-07-31T14:48:31+00:00","breadcrumb":{"@id":"https:\/\/inzain.bike\/en_gb\/product\/tus24-shared\/#breadcrumb"},"inLanguage":"fr-BE","potentialAction":[{"@type":"ReadAction","target":["https:\/\/inzain.bike\/en_gb\/product\/tus24-shared\/"]}]},{"@type":"ImageObject","inLanguage":"fr-BE","@id":"https:\/\/inzain.bike\/en_gb\/product\/tus24-shared\/#primaryimage","url":"https:\/\/inzain.bike\/wp-content\/uploads\/2023\/11\/3517238.png","contentUrl":"https:\/\/inzain.bike\/wp-content\/uploads\/2023\/11\/3517238.png","width":512,"height":512},{"@type":"BreadcrumbList","@id":"https:\/\/inzain.bike\/en_gb\/product\/tus24-shared\/#breadcrumb","itemListElement":[{"@type":"ListItem","position":1,"name":"Hem","item":"https:\/\/inzain.bike\/fr_be\/"},{"@type":"ListItem","position":2,"name":"Webbutik","item":"https:\/\/inzain.bike\/fi\/butik\/"},{"@type":"ListItem","position":3,"name":"Toscana delat rum"}]},{"@type":"WebSite","@id":"https:\/\/inzain.bike\/fr_be\/#website","url":"https:\/\/inzain.bike\/fr_be\/","name":"EXP\u00c9RIENCES Cyclistes INZAIN","description":"Aventures \u00e0 v\u00e9lo - pour tous","publisher":{"@id":"https:\/\/inzain.bike\/fr_be\/#organization"},"alternateName":"INZAIN Gravel & Travel","potentialAction":[{"@type":"SearchAction","target":{"@type":"EntryPoint","urlTemplate":"https:\/\/inzain.bike\/fr_be\/?s={search_term_string}"},"query-input":{"@type":"PropertyValueSpecification","valueRequired":true,"valueName":"search_term_string"}}],"inLanguage":"fr-BE"},{"@type":"Organization","@id":"https:\/\/inzain.bike\/fr_be\/#organization","name":"EXP\u00c9RIENCES Cyclistes INZAIN","url":"https:\/\/inzain.bike\/fr_be\/","logo":{"@type":"ImageObject","inLanguage":"fr-BE","@id":"https:\/\/inzain.bike\/fr_be\/#\/schema\/logo\/image\/","url":"https:\/\/i0.wp.com\/inzain.bike\/wp-content\/uploads\/2023\/09\/cropped-INZAIN_512x512_white.png?fit=512%2C512&ssl=1","contentUrl":"https:\/\/i0.wp.com\/inzain.bike\/wp-content\/uploads\/2023\/09\/cropped-INZAIN_512x512_white.png?fit=512%2C512&ssl=1","width":512,"height":512,"caption":"INZAIN Cycling EXPERIENCES"},"image":{"@id":"https:\/\/inzain.bike\/fr_be\/#\/schema\/logo\/image\/"},"sameAs":["https:\/\/www.facebook.com\/Inzain.bike","https:\/\/www.instagram.com\/inzainbike"]}]}},"_links":{"self":[{"href":"https:\/\/inzain.bike\/fr_be\/wp-json\/wp\/v2\/product\/6954","targetHints":{"allow":["GET"]}}],"collection":[{"href":"https:\/\/inzain.bike\/fr_be\/wp-json\/wp\/v2\/product"}],"about":[{"href":"https:\/\/inzain.bike\/fr_be\/wp-json\/wp\/v2\/types\/product"}],"replies":[{"embeddable":true,"href":"https:\/\/inzain.bike\/fr_be\/wp-json\/wp\/v2\/comments?post=6954"}],"wp:featuredmedia":[{"embeddable":true,"href":"https:\/\/inzain.bike\/fr_be\/wp-json\/wp\/v2\/media\/4708"}],"wp:attachment":[{"href":"https:\/\/inzain.bike\/fr_be\/wp-json\/wp\/v2\/media?parent=6954"}],"wp:term":[{"taxonomy":"product_brand","embeddable":true,"href":"https:\/\/inzain.bike\/fr_be\/wp-json\/wp\/v2\/product_brand?post=6954"},{"taxonomy":"product_cat","embeddable":true,"href":"https:\/\/inzain.bike\/fr_be\/wp-json\/wp\/v2\/product_cat?post=6954"},{"taxonomy":"product_tag","embeddable":true,"href":"https:\/\/inzain.bike\/fr_be\/wp-json\/wp\/v2\/product_tag?post=6954"}],"curies":[{"name":"wp","href":"https:\/\/api.w.org\/{rel}","templated":true}]}}