{"id":9927,"date":"2026-01-25T13:04:09","date_gmt":"2026-01-25T12:04:09","guid":{"rendered":"https:\/\/inzain.bike\/?post_type=product&#038;p=9927"},"modified":"2026-03-30T06:57:16","modified_gmt":"2026-03-30T04:57:16","slug":"mallorca-2026-transfer-parc","status":"publish","type":"product","link":"https:\/\/inzain.bike\/fr_be\/produit\/mallorca-2026-transfer-parc\/","title":{"rendered":"Majorque 2026 Bus jusqu&#039;au d\u00e9part du Parc L&#039;levant."},"content":{"rendered":"<p>Paiement par personne.<\/p>\n<p>Transfert \u00e0 v\u00e9lo pour une personne jusqu&#039;\u00e0 Arta pour notre aventure dans le parc.<br \/>\nBien s\u00fbr, prendre le train et faire du v\u00e9lo, c&#039;est tr\u00e8s bien, mais la journ\u00e9e est longue, alors<br \/>\nPouvoir commencer t\u00f4t est pratique.<br \/>\nOn vient nous chercher \u00e0 Alaro et on arrive avec nos v\u00e9los \u00e0 Arta pour<br \/>\nle trajet jusqu&#039;au parc.<\/p>","protected":false},"excerpt":{"rendered":"<p>Paiement par personne.<\/p>\n<p>Transfert \u00e0 v\u00e9lo pour une personne jusqu&#039;\u00e0 Arta pour notre aventure dans le parc.<br \/>\nBien s\u00fbr, prendre le train et faire du v\u00e9lo, c&#039;est tr\u00e8s bien, mais la journ\u00e9e est longue, alors<br \/>\nPouvoir commencer t\u00f4t est pratique.<br \/>\nOn vient nous chercher \u00e0 Alaro et on arrive avec nos v\u00e9los \u00e0 Arta pour<br \/>\nle trajet jusqu&#039;au parc.<\/p>","protected":false},"featured_media":9928,"comment_status":"open","ping_status":"closed","template":"","meta":{"_coblocks_attr":"","_coblocks_dimensions":"","_coblocks_responsive_height":"","_coblocks_accordion_ie_support":""},"product_brand":[],"product_cat":[1374140,1373191],"product_tag":[],"class_list":{"0":"post-9927","1":"product","2":"type-product","3":"status-publish","4":"has-post-thumbnail","6":"product_cat-mal25","7":"product_cat-trip","9":"first","10":"instock","11":"virtual","12":"purchasable","13":"product-type-simple"},"composite_virtual":false,"composite_layout":"","composite_add_to_cart_form_location":"","composite_editable_in_cart":false,"composite_sold_individually_context":"","composite_shop_price_calc":"","composite_components":[],"composite_scenarios":[],"yoast_head":"<!-- This site is optimized with the Yoast SEO plugin v27.2 - https:\/\/yoast.com\/product\/yoast-seo-wordpress\/ -->\n<title>Mallorca 2026 Buss till starten av Parc L&#039;levant. - INZAIN Cycling EXPERIENCES<\/title>\n<meta name=\"robots\" content=\"index, follow, max-snippet:-1, max-image-preview:large, max-video-preview:-1\" \/>\n<link rel=\"canonical\" href=\"https:\/\/inzain.bike\/fr_be\/produit\/mallorca-2026-transfer-parc\/\" \/>\n<meta property=\"og:locale\" content=\"fr_FR\" \/>\n<meta property=\"og:type\" content=\"article\" \/>\n<meta property=\"og:title\" content=\"Mallorca 2026 Buss till starten av Parc L&#039;levant. - INZAIN Cycling EXPERIENCES\" \/>\n<meta property=\"og:description\" content=\"Betalas per person.  Transfer f\u00f6r en person med Cykel till Arta f\u00f6r v\u00e5rt \u00e4ventyr i parken. Det g\u00e5r s\u00e5klart bra att \u00e5ka t\u00e5g och cykla, men det \u00e4r en l\u00e5ng dag, s\u00e5 att kunna b\u00f6rja tidigt \u00e4r smidigt. Vi h\u00e4mtas upp i Alaro och anl\u00e4nder med v\u00e5ra cyklar till Arta f\u00f6r turen ner i parken.\" \/>\n<meta property=\"og:url\" content=\"https:\/\/inzain.bike\/fr_be\/produit\/mallorca-2026-transfer-parc\/\" \/>\n<meta property=\"og:site_name\" content=\"INZAIN Cycling EXPERIENCES\" \/>\n<meta property=\"article:publisher\" content=\"https:\/\/www.facebook.com\/Inzain.bike\" \/>\n<meta property=\"article:modified_time\" content=\"2026-03-30T04:57:16+00:00\" \/>\n<meta property=\"og:image\" content=\"https:\/\/inzain.bike\/wp-content\/uploads\/2026\/01\/bus-1.png\" \/>\n\t<meta property=\"og:image:width\" content=\"512\" \/>\n\t<meta property=\"og:image:height\" content=\"512\" \/>\n\t<meta property=\"og:image:type\" content=\"image\/png\" \/>\n<meta name=\"twitter:card\" content=\"summary_large_image\" \/>\n<meta name=\"twitter:label1\" content=\"Dur\u00e9e de lecture est.\" \/>\n\t<meta name=\"twitter:data1\" content=\"1 minute\" \/>\n<script type=\"application\/ld+json\" class=\"yoast-schema-graph\">{\"@context\":\"https:\/\/schema.org\",\"@graph\":[{\"@type\":\"WebPage\",\"@id\":\"https:\/\/inzain.bike\/produkt\/mallorca-2026-transfer-parc\/\",\"url\":\"https:\/\/inzain.bike\/produkt\/mallorca-2026-transfer-parc\/\",\"name\":\"Mallorca 2026 Buss till starten av Parc L'levant. - INZAIN Cycling EXPERIENCES\",\"isPartOf\":{\"@id\":\"https:\/\/inzain.bike\/fr_be\/#website\"},\"primaryImageOfPage\":{\"@id\":\"https:\/\/inzain.bike\/produkt\/mallorca-2026-transfer-parc\/#primaryimage\"},\"image\":{\"@id\":\"https:\/\/inzain.bike\/produkt\/mallorca-2026-transfer-parc\/#primaryimage\"},\"thumbnailUrl\":\"https:\/\/inzain.bike\/wp-content\/uploads\/2026\/01\/bus-1.png\",\"datePublished\":\"2026-01-25T12:04:09+00:00\",\"dateModified\":\"2026-03-30T04:57:16+00:00\",\"breadcrumb\":{\"@id\":\"https:\/\/inzain.bike\/produkt\/mallorca-2026-transfer-parc\/#breadcrumb\"},\"inLanguage\":\"fr-BE\",\"potentialAction\":[{\"@type\":\"ReadAction\",\"target\":[\"https:\/\/inzain.bike\/produkt\/mallorca-2026-transfer-parc\/\"]}]},{\"@type\":\"ImageObject\",\"inLanguage\":\"fr-BE\",\"@id\":\"https:\/\/inzain.bike\/produkt\/mallorca-2026-transfer-parc\/#primaryimage\",\"url\":\"https:\/\/inzain.bike\/wp-content\/uploads\/2026\/01\/bus-1.png\",\"contentUrl\":\"https:\/\/inzain.bike\/wp-content\/uploads\/2026\/01\/bus-1.png\",\"width\":512,\"height\":512},{\"@type\":\"BreadcrumbList\",\"@id\":\"https:\/\/inzain.bike\/produkt\/mallorca-2026-transfer-parc\/#breadcrumb\",\"itemListElement\":[{\"@type\":\"ListItem\",\"position\":1,\"name\":\"Hem\",\"item\":\"https:\/\/inzain.bike\/fr_be\/\"},{\"@type\":\"ListItem\",\"position\":2,\"name\":\"Webbutik\",\"item\":\"https:\/\/inzain.bike\/fi\/butik\/\"},{\"@type\":\"ListItem\",\"position\":3,\"name\":\"Mallorca 2026 Buss till starten av Parc L&#8217;levant.\"}]},{\"@type\":\"WebSite\",\"@id\":\"https:\/\/inzain.bike\/fr_be\/#website\",\"url\":\"https:\/\/inzain.bike\/fr_be\/\",\"name\":\"INZAIN Cycling EXPERIENCES\",\"description\":\"Cyckling Adventures  - for everyone\",\"publisher\":{\"@id\":\"https:\/\/inzain.bike\/fr_be\/#organization\"},\"alternateName\":\"INZAIN Gravel & Travel\",\"potentialAction\":[{\"@type\":\"SearchAction\",\"target\":{\"@type\":\"EntryPoint\",\"urlTemplate\":\"https:\/\/inzain.bike\/fr_be\/?s={search_term_string}\"},\"query-input\":{\"@type\":\"PropertyValueSpecification\",\"valueRequired\":true,\"valueName\":\"search_term_string\"}}],\"inLanguage\":\"fr-BE\"},{\"@type\":\"Organization\",\"@id\":\"https:\/\/inzain.bike\/fr_be\/#organization\",\"name\":\"INZAIN Cycling EXPERIENCES\",\"url\":\"https:\/\/inzain.bike\/fr_be\/\",\"logo\":{\"@type\":\"ImageObject\",\"inLanguage\":\"fr-BE\",\"@id\":\"https:\/\/inzain.bike\/fr_be\/#\/schema\/logo\/image\/\",\"url\":\"https:\/\/i0.wp.com\/inzain.bike\/wp-content\/uploads\/2023\/09\/cropped-INZAIN_512x512_white.png?fit=512%2C512&ssl=1\",\"contentUrl\":\"https:\/\/i0.wp.com\/inzain.bike\/wp-content\/uploads\/2023\/09\/cropped-INZAIN_512x512_white.png?fit=512%2C512&ssl=1\",\"width\":512,\"height\":512,\"caption\":\"INZAIN Cycling EXPERIENCES\"},\"image\":{\"@id\":\"https:\/\/inzain.bike\/fr_be\/#\/schema\/logo\/image\/\"},\"sameAs\":[\"https:\/\/www.facebook.com\/Inzain.bike\",\"https:\/\/www.instagram.com\/inzainbike\"]}]}<\/script>\n<!-- \/ Yoast SEO plugin. -->","yoast_head_json":{"title":"Mallorca 2026 Buss till starten av Parc L'levant. - INZAIN Cycling EXPERIENCES","robots":{"index":"index","follow":"follow","max-snippet":"max-snippet:-1","max-image-preview":"max-image-preview:large","max-video-preview":"max-video-preview:-1"},"canonical":"https:\/\/inzain.bike\/fr_be\/produit\/mallorca-2026-transfer-parc\/","og_locale":"fr_FR","og_type":"article","og_title":"Mallorca 2026 Buss till starten av Parc L'levant. - INZAIN Cycling EXPERIENCES","og_description":"Betalas per person.  Transfer f\u00f6r en person med Cykel till Arta f\u00f6r v\u00e5rt \u00e4ventyr i parken. Det g\u00e5r s\u00e5klart bra att \u00e5ka t\u00e5g och cykla, men det \u00e4r en l\u00e5ng dag, s\u00e5 att kunna b\u00f6rja tidigt \u00e4r smidigt. Vi h\u00e4mtas upp i Alaro och anl\u00e4nder med v\u00e5ra cyklar till Arta f\u00f6r turen ner i parken.","og_url":"https:\/\/inzain.bike\/fr_be\/produit\/mallorca-2026-transfer-parc\/","og_site_name":"INZAIN Cycling EXPERIENCES","article_publisher":"https:\/\/www.facebook.com\/Inzain.bike","article_modified_time":"2026-03-30T04:57:16+00:00","og_image":[{"width":512,"height":512,"url":"https:\/\/inzain.bike\/wp-content\/uploads\/2026\/01\/bus-1.png","type":"image\/png"}],"twitter_card":"summary_large_image","twitter_misc":{"Dur\u00e9e de lecture est.":"1 minute"},"schema":{"@context":"https:\/\/schema.org","@graph":[{"@type":"WebPage","@id":"https:\/\/inzain.bike\/produkt\/mallorca-2026-transfer-parc\/","url":"https:\/\/inzain.bike\/produkt\/mallorca-2026-transfer-parc\/","name":"Mallorca 2026 Buss till starten av Parc L'levant. - INZAIN Cycling EXPERIENCES","isPartOf":{"@id":"https:\/\/inzain.bike\/fr_be\/#website"},"primaryImageOfPage":{"@id":"https:\/\/inzain.bike\/produkt\/mallorca-2026-transfer-parc\/#primaryimage"},"image":{"@id":"https:\/\/inzain.bike\/produkt\/mallorca-2026-transfer-parc\/#primaryimage"},"thumbnailUrl":"https:\/\/inzain.bike\/wp-content\/uploads\/2026\/01\/bus-1.png","datePublished":"2026-01-25T12:04:09+00:00","dateModified":"2026-03-30T04:57:16+00:00","breadcrumb":{"@id":"https:\/\/inzain.bike\/produkt\/mallorca-2026-transfer-parc\/#breadcrumb"},"inLanguage":"fr-BE","potentialAction":[{"@type":"ReadAction","target":["https:\/\/inzain.bike\/produkt\/mallorca-2026-transfer-parc\/"]}]},{"@type":"ImageObject","inLanguage":"fr-BE","@id":"https:\/\/inzain.bike\/produkt\/mallorca-2026-transfer-parc\/#primaryimage","url":"https:\/\/inzain.bike\/wp-content\/uploads\/2026\/01\/bus-1.png","contentUrl":"https:\/\/inzain.bike\/wp-content\/uploads\/2026\/01\/bus-1.png","width":512,"height":512},{"@type":"BreadcrumbList","@id":"https:\/\/inzain.bike\/produkt\/mallorca-2026-transfer-parc\/#breadcrumb","itemListElement":[{"@type":"ListItem","position":1,"name":"Hem","item":"https:\/\/inzain.bike\/fr_be\/"},{"@type":"ListItem","position":2,"name":"Webbutik","item":"https:\/\/inzain.bike\/fi\/butik\/"},{"@type":"ListItem","position":3,"name":"Mallorca 2026 Buss till starten av Parc L&#8217;levant."}]},{"@type":"WebSite","@id":"https:\/\/inzain.bike\/fr_be\/#website","url":"https:\/\/inzain.bike\/fr_be\/","name":"EXP\u00c9RIENCES Cyclistes INZAIN","description":"Aventures \u00e0 v\u00e9lo - pour tous","publisher":{"@id":"https:\/\/inzain.bike\/fr_be\/#organization"},"alternateName":"INZAIN Gravel & Travel","potentialAction":[{"@type":"SearchAction","target":{"@type":"EntryPoint","urlTemplate":"https:\/\/inzain.bike\/fr_be\/?s={search_term_string}"},"query-input":{"@type":"PropertyValueSpecification","valueRequired":true,"valueName":"search_term_string"}}],"inLanguage":"fr-BE"},{"@type":"Organization","@id":"https:\/\/inzain.bike\/fr_be\/#organization","name":"EXP\u00c9RIENCES Cyclistes INZAIN","url":"https:\/\/inzain.bike\/fr_be\/","logo":{"@type":"ImageObject","inLanguage":"fr-BE","@id":"https:\/\/inzain.bike\/fr_be\/#\/schema\/logo\/image\/","url":"https:\/\/i0.wp.com\/inzain.bike\/wp-content\/uploads\/2023\/09\/cropped-INZAIN_512x512_white.png?fit=512%2C512&ssl=1","contentUrl":"https:\/\/i0.wp.com\/inzain.bike\/wp-content\/uploads\/2023\/09\/cropped-INZAIN_512x512_white.png?fit=512%2C512&ssl=1","width":512,"height":512,"caption":"INZAIN Cycling EXPERIENCES"},"image":{"@id":"https:\/\/inzain.bike\/fr_be\/#\/schema\/logo\/image\/"},"sameAs":["https:\/\/www.facebook.com\/Inzain.bike","https:\/\/www.instagram.com\/inzainbike"]}]}},"_links":{"self":[{"href":"https:\/\/inzain.bike\/fr_be\/wp-json\/wp\/v2\/product\/9927","targetHints":{"allow":["GET"]}}],"collection":[{"href":"https:\/\/inzain.bike\/fr_be\/wp-json\/wp\/v2\/product"}],"about":[{"href":"https:\/\/inzain.bike\/fr_be\/wp-json\/wp\/v2\/types\/product"}],"replies":[{"embeddable":true,"href":"https:\/\/inzain.bike\/fr_be\/wp-json\/wp\/v2\/comments?post=9927"}],"wp:featuredmedia":[{"embeddable":true,"href":"https:\/\/inzain.bike\/fr_be\/wp-json\/wp\/v2\/media\/9928"}],"wp:attachment":[{"href":"https:\/\/inzain.bike\/fr_be\/wp-json\/wp\/v2\/media?parent=9927"}],"wp:term":[{"taxonomy":"product_brand","embeddable":true,"href":"https:\/\/inzain.bike\/fr_be\/wp-json\/wp\/v2\/product_brand?post=9927"},{"taxonomy":"product_cat","embeddable":true,"href":"https:\/\/inzain.bike\/fr_be\/wp-json\/wp\/v2\/product_cat?post=9927"},{"taxonomy":"product_tag","embeddable":true,"href":"https:\/\/inzain.bike\/fr_be\/wp-json\/wp\/v2\/product_tag?post=9927"}],"curies":[{"name":"wp","href":"https:\/\/api.w.org\/{rel}","templated":true}]}}