{"id":9990,"date":"2026-01-31T10:45:27","date_gmt":"2026-01-31T09:45:27","guid":{"rendered":"https:\/\/inzain.bike\/?post_type=product&#038;p=9990"},"modified":"2026-01-31T10:45:27","modified_gmt":"2026-01-31T09:45:27","slug":"gbs-mtb-hjul-cratered","status":"publish","type":"product","link":"https:\/\/inzain.bike\/fr_be\/produit\/gbs-mtb-hjul-cratered\/","title":{"rendered":"Roues VTT GBS crat\u00e8res"},"content":{"rendered":"<p>Roues Farsports Cratered MTB Rims Hookless<br \/>\nHauteur 28 mm, largeur ext\u00e9rieure 40 mm, largeur int\u00e9rieure 30 mm, 700 \u00b0C, 420 g.<br \/>\n28 rayons par roue<br \/>\nDT Swiss 240 EXP Straight Pull, CenterLock<br \/>\nBOOST 15\u00d7110 12\u00d7148 TruAxel<br \/>\nRayons Sapim CX Ray<br \/>\nembouts en laiton<br \/>\nSans trous dans la bande de roulement, si possible.<\/p>","protected":false},"excerpt":{"rendered":"<p>Roues Farsports Cratered MTB Rims Hookless<br \/>\nHauteur 28 mm, largeur ext\u00e9rieure 40 mm, largeur int\u00e9rieure 30 mm, 700 \u00b0C, 420 g.<br \/>\n28 rayons par roue<br \/>\nDT Swiss 240 EXP Straight Pull, CenterLock<br \/>\nBOOST 15\u00d7110 12\u00d7148 TruAxel<br \/>\nRayons Sapim CX Ray<br \/>\nembouts en laiton<br \/>\nSans trous dans la bande de roulement, si possible.<\/p>","protected":false},"featured_media":9991,"comment_status":"open","ping_status":"closed","template":"","meta":{"_coblocks_attr":"","_coblocks_dimensions":"","_coblocks_responsive_height":"","_coblocks_accordion_ie_support":""},"product_brand":[],"product_cat":[],"product_tag":[],"class_list":{"0":"post-9990","1":"product","2":"type-product","3":"status-publish","4":"has-post-thumbnail","6":"product_shipping_class-hjul","8":"first","9":"instock","10":"shipping-taxable","11":"purchasable","12":"product-type-simple"},"composite_virtual":false,"composite_layout":"","composite_add_to_cart_form_location":"","composite_editable_in_cart":false,"composite_sold_individually_context":"","composite_shop_price_calc":"","composite_components":[],"composite_scenarios":[],"yoast_head":"<!-- This site is optimized with the Yoast SEO plugin v27.2 - https:\/\/yoast.com\/product\/yoast-seo-wordpress\/ -->\n<title>GBS MTB Hjul Cratered - INZAIN Cycling EXPERIENCES<\/title>\n<meta name=\"robots\" content=\"index, follow, max-snippet:-1, max-image-preview:large, max-video-preview:-1\" \/>\n<link rel=\"canonical\" href=\"https:\/\/inzain.bike\/fr_be\/produit\/gbs-mtb-hjul-cratered\/\" \/>\n<meta property=\"og:locale\" content=\"fr_FR\" \/>\n<meta property=\"og:type\" content=\"article\" \/>\n<meta property=\"og:title\" content=\"GBS MTB Hjul Cratered - INZAIN Cycling EXPERIENCES\" \/>\n<meta property=\"og:description\" content=\"Hjulset Farsports Cratered MTB Rims Hookless 28mm H\u00f6jd 40mm extern bredd 30mm intern bredd 700C 420gr. 28 Ekrar per Hjul DT Swiss 240 EXP Straight Pull, CenterLock BOOST 15x110 12x148 TruAxel Sapim CX Ray Ekrar M\u00e4ssingsnipplar Utan h\u00e5l i f\u00e4lgbanan, om m\u00f6jligt.\" \/>\n<meta property=\"og:url\" content=\"https:\/\/inzain.bike\/fr_be\/produit\/gbs-mtb-hjul-cratered\/\" \/>\n<meta property=\"og:site_name\" content=\"INZAIN Cycling EXPERIENCES\" \/>\n<meta property=\"article:publisher\" content=\"https:\/\/www.facebook.com\/Inzain.bike\" \/>\n<meta property=\"og:image\" content=\"https:\/\/inzain.bike\/wp-content\/uploads\/2026\/01\/cratered.png\" \/>\n\t<meta property=\"og:image:width\" content=\"1650\" \/>\n\t<meta property=\"og:image:height\" content=\"1237\" \/>\n\t<meta property=\"og:image:type\" content=\"image\/png\" \/>\n<meta name=\"twitter:card\" content=\"summary_large_image\" \/>\n<meta name=\"twitter:label1\" content=\"Dur\u00e9e de lecture est.\" \/>\n\t<meta name=\"twitter:data1\" content=\"1 minute\" \/>\n<script type=\"application\/ld+json\" class=\"yoast-schema-graph\">{\"@context\":\"https:\/\/schema.org\",\"@graph\":[{\"@type\":\"WebPage\",\"@id\":\"https:\/\/inzain.bike\/produkt\/gbs-mtb-hjul-cratered\/\",\"url\":\"https:\/\/inzain.bike\/produkt\/gbs-mtb-hjul-cratered\/\",\"name\":\"GBS MTB Hjul Cratered - INZAIN Cycling EXPERIENCES\",\"isPartOf\":{\"@id\":\"https:\/\/inzain.bike\/fr_be\/#website\"},\"primaryImageOfPage\":{\"@id\":\"https:\/\/inzain.bike\/produkt\/gbs-mtb-hjul-cratered\/#primaryimage\"},\"image\":{\"@id\":\"https:\/\/inzain.bike\/produkt\/gbs-mtb-hjul-cratered\/#primaryimage\"},\"thumbnailUrl\":\"https:\/\/inzain.bike\/wp-content\/uploads\/2026\/01\/cratered.png\",\"datePublished\":\"2026-01-31T09:45:27+00:00\",\"breadcrumb\":{\"@id\":\"https:\/\/inzain.bike\/produkt\/gbs-mtb-hjul-cratered\/#breadcrumb\"},\"inLanguage\":\"fr-BE\",\"potentialAction\":[{\"@type\":\"ReadAction\",\"target\":[\"https:\/\/inzain.bike\/produkt\/gbs-mtb-hjul-cratered\/\"]}]},{\"@type\":\"ImageObject\",\"inLanguage\":\"fr-BE\",\"@id\":\"https:\/\/inzain.bike\/produkt\/gbs-mtb-hjul-cratered\/#primaryimage\",\"url\":\"https:\/\/inzain.bike\/wp-content\/uploads\/2026\/01\/cratered.png\",\"contentUrl\":\"https:\/\/inzain.bike\/wp-content\/uploads\/2026\/01\/cratered.png\",\"width\":1650,\"height\":1237},{\"@type\":\"BreadcrumbList\",\"@id\":\"https:\/\/inzain.bike\/produkt\/gbs-mtb-hjul-cratered\/#breadcrumb\",\"itemListElement\":[{\"@type\":\"ListItem\",\"position\":1,\"name\":\"Hem\",\"item\":\"https:\/\/inzain.bike\/fr_be\/\"},{\"@type\":\"ListItem\",\"position\":2,\"name\":\"Webbutik\",\"item\":\"https:\/\/inzain.bike\/fi\/butik\/\"},{\"@type\":\"ListItem\",\"position\":3,\"name\":\"GBS MTB Hjul Cratered\"}]},{\"@type\":\"WebSite\",\"@id\":\"https:\/\/inzain.bike\/fr_be\/#website\",\"url\":\"https:\/\/inzain.bike\/fr_be\/\",\"name\":\"INZAIN Cycling EXPERIENCES\",\"description\":\"Cyckling Adventures  - for everyone\",\"publisher\":{\"@id\":\"https:\/\/inzain.bike\/fr_be\/#organization\"},\"alternateName\":\"INZAIN Gravel & Travel\",\"potentialAction\":[{\"@type\":\"SearchAction\",\"target\":{\"@type\":\"EntryPoint\",\"urlTemplate\":\"https:\/\/inzain.bike\/fr_be\/?s={search_term_string}\"},\"query-input\":{\"@type\":\"PropertyValueSpecification\",\"valueRequired\":true,\"valueName\":\"search_term_string\"}}],\"inLanguage\":\"fr-BE\"},{\"@type\":\"Organization\",\"@id\":\"https:\/\/inzain.bike\/fr_be\/#organization\",\"name\":\"INZAIN Cycling EXPERIENCES\",\"url\":\"https:\/\/inzain.bike\/fr_be\/\",\"logo\":{\"@type\":\"ImageObject\",\"inLanguage\":\"fr-BE\",\"@id\":\"https:\/\/inzain.bike\/fr_be\/#\/schema\/logo\/image\/\",\"url\":\"https:\/\/i0.wp.com\/inzain.bike\/wp-content\/uploads\/2023\/09\/cropped-INZAIN_512x512_white.png?fit=512%2C512&ssl=1\",\"contentUrl\":\"https:\/\/i0.wp.com\/inzain.bike\/wp-content\/uploads\/2023\/09\/cropped-INZAIN_512x512_white.png?fit=512%2C512&ssl=1\",\"width\":512,\"height\":512,\"caption\":\"INZAIN Cycling EXPERIENCES\"},\"image\":{\"@id\":\"https:\/\/inzain.bike\/fr_be\/#\/schema\/logo\/image\/\"},\"sameAs\":[\"https:\/\/www.facebook.com\/Inzain.bike\",\"https:\/\/www.instagram.com\/inzainbike\"]}]}<\/script>\n<!-- \/ Yoast SEO plugin. -->","yoast_head_json":{"title":"GBS MTB Hjul Cratered - INZAIN Cycling EXPERIENCES","robots":{"index":"index","follow":"follow","max-snippet":"max-snippet:-1","max-image-preview":"max-image-preview:large","max-video-preview":"max-video-preview:-1"},"canonical":"https:\/\/inzain.bike\/fr_be\/produit\/gbs-mtb-hjul-cratered\/","og_locale":"fr_FR","og_type":"article","og_title":"GBS MTB Hjul Cratered - INZAIN Cycling EXPERIENCES","og_description":"Hjulset Farsports Cratered MTB Rims Hookless 28mm H\u00f6jd 40mm extern bredd 30mm intern bredd 700C 420gr. 28 Ekrar per Hjul DT Swiss 240 EXP Straight Pull, CenterLock BOOST 15x110 12x148 TruAxel Sapim CX Ray Ekrar M\u00e4ssingsnipplar Utan h\u00e5l i f\u00e4lgbanan, om m\u00f6jligt.","og_url":"https:\/\/inzain.bike\/fr_be\/produit\/gbs-mtb-hjul-cratered\/","og_site_name":"INZAIN Cycling EXPERIENCES","article_publisher":"https:\/\/www.facebook.com\/Inzain.bike","og_image":[{"width":1650,"height":1237,"url":"https:\/\/inzain.bike\/wp-content\/uploads\/2026\/01\/cratered.png","type":"image\/png"}],"twitter_card":"summary_large_image","twitter_misc":{"Dur\u00e9e de lecture est.":"1 minute"},"schema":{"@context":"https:\/\/schema.org","@graph":[{"@type":"WebPage","@id":"https:\/\/inzain.bike\/produkt\/gbs-mtb-hjul-cratered\/","url":"https:\/\/inzain.bike\/produkt\/gbs-mtb-hjul-cratered\/","name":"GBS MTB Hjul Cratered - INZAIN Cycling EXPERIENCES","isPartOf":{"@id":"https:\/\/inzain.bike\/fr_be\/#website"},"primaryImageOfPage":{"@id":"https:\/\/inzain.bike\/produkt\/gbs-mtb-hjul-cratered\/#primaryimage"},"image":{"@id":"https:\/\/inzain.bike\/produkt\/gbs-mtb-hjul-cratered\/#primaryimage"},"thumbnailUrl":"https:\/\/inzain.bike\/wp-content\/uploads\/2026\/01\/cratered.png","datePublished":"2026-01-31T09:45:27+00:00","breadcrumb":{"@id":"https:\/\/inzain.bike\/produkt\/gbs-mtb-hjul-cratered\/#breadcrumb"},"inLanguage":"fr-BE","potentialAction":[{"@type":"ReadAction","target":["https:\/\/inzain.bike\/produkt\/gbs-mtb-hjul-cratered\/"]}]},{"@type":"ImageObject","inLanguage":"fr-BE","@id":"https:\/\/inzain.bike\/produkt\/gbs-mtb-hjul-cratered\/#primaryimage","url":"https:\/\/inzain.bike\/wp-content\/uploads\/2026\/01\/cratered.png","contentUrl":"https:\/\/inzain.bike\/wp-content\/uploads\/2026\/01\/cratered.png","width":1650,"height":1237},{"@type":"BreadcrumbList","@id":"https:\/\/inzain.bike\/produkt\/gbs-mtb-hjul-cratered\/#breadcrumb","itemListElement":[{"@type":"ListItem","position":1,"name":"Hem","item":"https:\/\/inzain.bike\/fr_be\/"},{"@type":"ListItem","position":2,"name":"Webbutik","item":"https:\/\/inzain.bike\/fi\/butik\/"},{"@type":"ListItem","position":3,"name":"GBS MTB Hjul Cratered"}]},{"@type":"WebSite","@id":"https:\/\/inzain.bike\/fr_be\/#website","url":"https:\/\/inzain.bike\/fr_be\/","name":"EXP\u00c9RIENCES Cyclistes INZAIN","description":"Aventures \u00e0 v\u00e9lo - pour tous","publisher":{"@id":"https:\/\/inzain.bike\/fr_be\/#organization"},"alternateName":"INZAIN Gravel & Travel","potentialAction":[{"@type":"SearchAction","target":{"@type":"EntryPoint","urlTemplate":"https:\/\/inzain.bike\/fr_be\/?s={search_term_string}"},"query-input":{"@type":"PropertyValueSpecification","valueRequired":true,"valueName":"search_term_string"}}],"inLanguage":"fr-BE"},{"@type":"Organization","@id":"https:\/\/inzain.bike\/fr_be\/#organization","name":"EXP\u00c9RIENCES Cyclistes INZAIN","url":"https:\/\/inzain.bike\/fr_be\/","logo":{"@type":"ImageObject","inLanguage":"fr-BE","@id":"https:\/\/inzain.bike\/fr_be\/#\/schema\/logo\/image\/","url":"https:\/\/i0.wp.com\/inzain.bike\/wp-content\/uploads\/2023\/09\/cropped-INZAIN_512x512_white.png?fit=512%2C512&ssl=1","contentUrl":"https:\/\/i0.wp.com\/inzain.bike\/wp-content\/uploads\/2023\/09\/cropped-INZAIN_512x512_white.png?fit=512%2C512&ssl=1","width":512,"height":512,"caption":"INZAIN Cycling EXPERIENCES"},"image":{"@id":"https:\/\/inzain.bike\/fr_be\/#\/schema\/logo\/image\/"},"sameAs":["https:\/\/www.facebook.com\/Inzain.bike","https:\/\/www.instagram.com\/inzainbike"]}]}},"_links":{"self":[{"href":"https:\/\/inzain.bike\/fr_be\/wp-json\/wp\/v2\/product\/9990","targetHints":{"allow":["GET"]}}],"collection":[{"href":"https:\/\/inzain.bike\/fr_be\/wp-json\/wp\/v2\/product"}],"about":[{"href":"https:\/\/inzain.bike\/fr_be\/wp-json\/wp\/v2\/types\/product"}],"replies":[{"embeddable":true,"href":"https:\/\/inzain.bike\/fr_be\/wp-json\/wp\/v2\/comments?post=9990"}],"wp:featuredmedia":[{"embeddable":true,"href":"https:\/\/inzain.bike\/fr_be\/wp-json\/wp\/v2\/media\/9991"}],"wp:attachment":[{"href":"https:\/\/inzain.bike\/fr_be\/wp-json\/wp\/v2\/media?parent=9990"}],"wp:term":[{"taxonomy":"product_brand","embeddable":true,"href":"https:\/\/inzain.bike\/fr_be\/wp-json\/wp\/v2\/product_brand?post=9990"},{"taxonomy":"product_cat","embeddable":true,"href":"https:\/\/inzain.bike\/fr_be\/wp-json\/wp\/v2\/product_cat?post=9990"},{"taxonomy":"product_tag","embeddable":true,"href":"https:\/\/inzain.bike\/fr_be\/wp-json\/wp\/v2\/product_tag?post=9990"}],"curies":[{"name":"wp","href":"https:\/\/api.w.org\/{rel}","templated":true}]}}