{"id":10011,"date":"2026-01-31T14:55:08","date_gmt":"2026-01-31T13:55:08","guid":{"rendered":"https:\/\/inzain.bike\/?page_id=10011"},"modified":"2026-02-21T12:59:00","modified_gmt":"2026-02-21T11:59:00","slug":"tus26-sign-up","status":"publish","type":"page","link":"https:\/\/inzain.bike\/nb\/tus26-sign-up\/","title":{"rendered":"Toscana 2026-registrering"},"content":{"rendered":"\n<figure class=\"wp-block-image alignwide size-full\"><img loading=\"lazy\" decoding=\"async\" width=\"1631\" height=\"1958\" src=\"https:\/\/inzain.bike\/wp-content\/uploads\/2026\/01\/20251004_1458312.jpg\" alt=\"\" class=\"wp-image-10012\" srcset=\"https:\/\/inzain.bike\/wp-content\/uploads\/2026\/01\/20251004_1458312.jpg 1631w, https:\/\/inzain.bike\/wp-content\/uploads\/2026\/01\/20251004_1458312-250x300.jpg 250w, https:\/\/inzain.bike\/wp-content\/uploads\/2026\/01\/20251004_1458312-853x1024.jpg 853w, https:\/\/inzain.bike\/wp-content\/uploads\/2026\/01\/20251004_1458312-768x922.jpg 768w, https:\/\/inzain.bike\/wp-content\/uploads\/2026\/01\/20251004_1458312-1279x1536.jpg 1279w, https:\/\/inzain.bike\/wp-content\/uploads\/2026\/01\/20251004_1458312-10x12.jpg 10w, https:\/\/inzain.bike\/wp-content\/uploads\/2026\/01\/20251004_1458312-600x720.jpg 600w\" sizes=\"auto, (max-width: 1631px) 100vw, 1631px\" \/><\/figure>\n\n\n\n<div class=\"wp-block-columns alignwide is-layout-flex wp-container-core-columns-is-layout-28f84493 wp-block-columns-is-layout-flex\" style=\"border-width:18px;border-radius:0px\">\n<div class=\"wp-block-column has-pale-cyan-blue-background-color has-background is-layout-flow wp-block-column-is-layout-flow\">\n<p class=\"has-roboto-font-family has-custom-font\" style=\"padding-top:var(--wp--preset--spacing--40);padding-right:var(--wp--preset--spacing--70);padding-bottom:var(--wp--preset--spacing--40);padding-left:var(--wp--preset--spacing--70);font-family:Roboto;font-size:30px\"><strong>Vad kan du f\u00f6rv\u00e4nta dig<\/strong>?<\/p>\n\n\n\n<p class=\"has-roboto-font-family has-custom-font\" style=\"padding-top:0;padding-right:var(--wp--preset--spacing--70);padding-bottom:0;padding-left:var(--wp--preset--spacing--70);font-family:Roboto;font-size:30px\">En underbar tid i Toscana. Vita grusv\u00e4gar, vackra vyer, pinje all\u00e9er. Dessutom v\u00e4ldigt trevligt boende p\u00e5 en  ving\u00e5rd med pool och hemlagad Toscansk mat.<\/p>\n\n\n\n<p class=\"has-roboto-font-family has-custom-font\" style=\"padding-top:var(--wp--preset--spacing--40);padding-right:var(--wp--preset--spacing--70);padding-bottom:var(--wp--preset--spacing--40);padding-left:var(--wp--preset--spacing--70);font-family:Roboto;font-size:30px\"><strong>Vad ing\u00e5r<\/strong>?<\/p>\n\n\n\n<p class=\"has-roboto-font-family has-custom-font\" style=\"padding-top:0;padding-right:var(--wp--preset--spacing--70);padding-bottom:0;padding-left:var(--wp--preset--spacing--70);font-family:Roboto;font-size:30px\">Boende i delat rum 2-9 Oktober. Guider, rutter, frukost &amp; Middag alla dagar utom vilodagen<br>F\u00f6ljebil  som st\u00f6ttar.<\/p>\n\n\n\n<p class=\"has-roboto-font-family has-custom-font\" style=\"padding-top:var(--wp--preset--spacing--40);padding-right:var(--wp--preset--spacing--70);padding-bottom:var(--wp--preset--spacing--40);padding-left:var(--wp--preset--spacing--70);font-family:Roboto;font-size:30px\"><strong>Pris<\/strong><\/p>\n\n\n\n<p class=\"has-roboto-font-family has-custom-font\" style=\"padding-top:var(--wp--preset--spacing--40);padding-right:var(--wp--preset--spacing--70);padding-bottom:var(--wp--preset--spacing--40);padding-left:var(--wp--preset--spacing--70);font-family:Roboto;font-size:30px\">1,500 EUR, till\u00e4gg f\u00f6r enkelrum 450 EUR<\/p>\n\n\n\n<p class=\"has-roboto-font-family has-custom-font\" style=\"padding-top:0;padding-right:var(--wp--preset--spacing--70);padding-bottom:0;padding-left:var(--wp--preset--spacing--70);font-family:Roboto;font-size:30px\"><br><a href=\"https:\/\/inzain.bike\/terms\/\">Villkor f\u00f6r eventet.<\/a><br><br><\/p>\n<\/div>\n<\/div>\n\n\n\n<div class=\"wp-block-columns alignwide is-layout-flex wp-container-core-columns-is-layout-f3e73c6b wp-block-columns-is-layout-flex\" style=\"border-width:18px;border-radius:0px;padding-top:var(--wp--preset--spacing--30);padding-right:var(--wp--preset--spacing--30);padding-bottom:var(--wp--preset--spacing--30);padding-left:var(--wp--preset--spacing--30)\">\n<div class=\"wp-block-column has-pale-cyan-blue-background-color has-background is-layout-flow wp-block-column-is-layout-flow\">\n<p class=\"has-roboto-font-family has-custom-font\" style=\"padding-top:0;padding-right:var(--wp--preset--spacing--70);padding-bottom:0;padding-left:var(--wp--preset--spacing--70);font-family:Roboto;font-size:30px\"><br><strong>Anm\u00e4lningsavgift<\/strong><\/p>\n\n\n\n<p class=\"has-roboto-font-family has-custom-font\" style=\"padding-top:0;padding-right:var(--wp--preset--spacing--70);padding-bottom:0;padding-left:var(--wp--preset--spacing--70);font-family:Roboto;font-size:25px\">V\u00e4lj anm\u00e4lningsavgift. Vill du anv\u00e4nda v\u00e5rt flyg s\u00e5 v\u00e4lj den produkten ocks\u00e5 och vill du ha egen cykel p\u00e5 flyget, v\u00e4lj \u00e4ven den. Slutligen \u00f6nskas transfer, som \u00e4r synkad med v\u00e5r flight s\u00e5 v\u00e4ljer du de<br><br>Den 15 augusti slutbetalas resan, vi skickar ut mail i god tid. D\u00e5 s\u00e4tts ocks\u00e5 priset i SEK<br><br>Om du vill ha hj\u00e4lp med att hyra cykel, h\u00f6r av dig s\u00e5 hj\u00e4lper vi till.<\/p>\n\n\n\n<p><\/p>\n\n\n\n<p class=\"has-roboto-font-family has-custom-font\" style=\"padding-top:0;padding-right:var(--wp--preset--spacing--70);padding-bottom:0;padding-left:var(--wp--preset--spacing--70);font-family:Roboto;font-size:22px\"><br><\/p>\n<\/div>\n\n\n\n<div class=\"wp-block-column is-layout-flow wp-block-column-is-layout-flow\" style=\"border-style:none;border-width:0px\"><div data-align-buttons=\"true\" data-block-name=\"woocommerce\/handpicked-products\" data-columns=\"2\" data-content-visibility=\"{&quot;image&quot;:true,&quot;title&quot;:true,&quot;price&quot;:true,&quot;rating&quot;:false,&quot;button&quot;:true}\" data-orderby=\"price_desc\" data-products=\"[10010,10009,10008,10017]\" class=\"wc-block-grid wp-block-handpicked-products wp-block-woocommerce-handpicked-products wc-block-handpicked-products has-2-columns has-multiple-rows has-aligned-buttons\"><ul class=\"wc-block-grid__products\"><li class=\"wc-block-grid__product\">\n\t\t\t\t<a href=\"https:\/\/inzain.bike\/nb\/produkt\/tus26-flight\/\" class=\"wc-block-grid__product-link\">\n\t\t\t\t\t\n\t\t\t\t\t<div class=\"wc-block-grid__product-image\"><img loading=\"lazy\" decoding=\"async\" width=\"300\" height=\"300\" src=\"https:\/\/inzain.bike\/wp-content\/uploads\/2024\/03\/airplane-300x300.png\" class=\"attachment-woocommerce_thumbnail size-woocommerce_thumbnail\" alt=\"Toscana 2026 Flyg\" srcset=\"https:\/\/inzain.bike\/wp-content\/uploads\/2024\/03\/airplane-300x300.png 300w, https:\/\/inzain.bike\/wp-content\/uploads\/2024\/03\/airplane-150x150.png 150w, https:\/\/inzain.bike\/wp-content\/uploads\/2024\/03\/airplane-12x12.png 12w, https:\/\/inzain.bike\/wp-content\/uploads\/2024\/03\/airplane-100x100.png 100w, https:\/\/inzain.bike\/wp-content\/uploads\/2024\/03\/airplane.png 512w\" sizes=\"auto, (max-width: 300px) 100vw, 300px\" \/><\/div>\n\t\t\t\t\t<div class=\"wc-block-grid__product-title\">Toscana 2026 Flyg<\/div>\n\t\t\t\t<\/a>\n\t\t\t\t<div class=\"wc-block-grid__product-price price\"><span class=\"wmc-cache-pid \" data-wmc_product_id=\"10008\"><span class=\"woocommerce-Price-amount amount\">4,050&nbsp;<span class=\"woocommerce-Price-currencySymbol\">&#107;&#114;<\/span><\/span><\/span><\/div>\n\t\t\t\t\n\t\t\t\t<div class=\"wp-block-button wc-block-grid__product-add-to-cart\"><a href=\"\/nb\/wp-json\/wp\/v2\/pages\/10011?add-to-cart=10008\" aria-label=\"Legg til handlekurv: \u201cToscana 2026 Flyg\u201d\" data-quantity=\"1\" data-product_id=\"10008\" data-product_sku=\"TUS-26-FLIGHT\" data-price=\"4050\" rel=\"nofollow\" class=\"wp-block-button__link wp-element-button add_to_cart_button ajax_add_to_cart\">Legg til i handlekurv<\/a><\/div>\n\t\t\t<\/li><li class=\"wc-block-grid__product\">\n\t\t\t\t<a href=\"https:\/\/inzain.bike\/nb\/produkt\/tus26-sign-up\/\" class=\"wc-block-grid__product-link\">\n\t\t\t\t\t\n\t\t\t\t\t<div class=\"wc-block-grid__product-image\"><img loading=\"lazy\" decoding=\"async\" width=\"300\" height=\"300\" src=\"https:\/\/inzain.bike\/wp-content\/uploads\/2024\/03\/signup-300x300.png\" class=\"attachment-woocommerce_thumbnail size-woocommerce_thumbnail\" alt=\"Toscana 2026 Anm\u00e4lningsavgift per person\" srcset=\"https:\/\/inzain.bike\/wp-content\/uploads\/2024\/03\/signup-300x300.png 300w, https:\/\/inzain.bike\/wp-content\/uploads\/2024\/03\/signup-150x150.png 150w, https:\/\/inzain.bike\/wp-content\/uploads\/2024\/03\/signup-12x12.png 12w, https:\/\/inzain.bike\/wp-content\/uploads\/2024\/03\/signup-100x100.png 100w, https:\/\/inzain.bike\/wp-content\/uploads\/2024\/03\/signup.png 512w\" sizes=\"auto, (max-width: 300px) 100vw, 300px\" \/><\/div>\n\t\t\t\t\t<div class=\"wc-block-grid__product-title\">Toscana 2026 Anm\u00e4lningsavgift per person<\/div>\n\t\t\t\t<\/a>\n\t\t\t\t<div class=\"wc-block-grid__product-price price\"><span class=\"wmc-cache-pid \" data-wmc_product_id=\"10010\"><span class=\"woocommerce-Price-amount amount\">3,000&nbsp;<span class=\"woocommerce-Price-currencySymbol\">&#107;&#114;<\/span><\/span><\/span><\/div>\n\t\t\t\t\n\t\t\t\t<div class=\"wp-block-button wc-block-grid__product-add-to-cart\"><a href=\"\/nb\/wp-json\/wp\/v2\/pages\/10011?add-to-cart=10010\" aria-label=\"Legg til handlekurv: \u201cToscana 2026 Anm\u00e4lningsavgift per person\u201d\" data-quantity=\"1\" data-product_id=\"10010\" data-product_sku=\"TUS-26-SIGNUP\" data-price=\"3000\" rel=\"nofollow\" class=\"wp-block-button__link wp-element-button add_to_cart_button ajax_add_to_cart\">Legg til i handlekurv<\/a><\/div>\n\t\t\t<\/li><li class=\"wc-block-grid__product\">\n\t\t\t\t<a href=\"https:\/\/inzain.bike\/nb\/produkt\/tus26-transfer\/\" class=\"wc-block-grid__product-link\">\n\t\t\t\t\t\n\t\t\t\t\t<div class=\"wc-block-grid__product-image\"><img loading=\"lazy\" decoding=\"async\" width=\"300\" height=\"300\" src=\"https:\/\/inzain.bike\/wp-content\/uploads\/2024\/03\/bus-300x300.png\" class=\"attachment-woocommerce_thumbnail size-woocommerce_thumbnail\" alt=\"Toscana 2026 Transfer\" srcset=\"https:\/\/inzain.bike\/wp-content\/uploads\/2024\/03\/bus-300x300.png 300w, https:\/\/inzain.bike\/wp-content\/uploads\/2024\/03\/bus-150x150.png 150w, https:\/\/inzain.bike\/wp-content\/uploads\/2024\/03\/bus-12x12.png 12w, https:\/\/inzain.bike\/wp-content\/uploads\/2024\/03\/bus-100x100.png 100w, https:\/\/inzain.bike\/wp-content\/uploads\/2024\/03\/bus.png 512w\" sizes=\"auto, (max-width: 300px) 100vw, 300px\" \/><\/div>\n\t\t\t\t\t<div class=\"wc-block-grid__product-title\">Toscana 2026 Transfer<\/div>\n\t\t\t\t<\/a>\n\t\t\t\t<div class=\"wc-block-grid__product-price price\"><span class=\"wmc-cache-pid \" data-wmc_product_id=\"10017\"><span class=\"woocommerce-Price-amount amount\">1,300&nbsp;<span class=\"woocommerce-Price-currencySymbol\">&#107;&#114;<\/span><\/span><\/span><\/div>\n\t\t\t\t\n\t\t\t\t<div class=\"wp-block-button wc-block-grid__product-add-to-cart\"><a href=\"\/nb\/wp-json\/wp\/v2\/pages\/10011?add-to-cart=10017\" aria-label=\"Legg til handlekurv: \u201cToscana 2026 Transfer\u201d\" data-quantity=\"1\" data-product_id=\"10017\" data-product_sku=\"TUS-26-TRANSFER\" data-price=\"1300\" rel=\"nofollow\" class=\"wp-block-button__link wp-element-button add_to_cart_button ajax_add_to_cart\">Legg til i handlekurv<\/a><\/div>\n\t\t\t<\/li><li class=\"wc-block-grid__product\">\n\t\t\t\t<a href=\"https:\/\/inzain.bike\/nb\/produkt\/tus26-air-bike\/\" class=\"wc-block-grid__product-link\">\n\t\t\t\t\t\n\t\t\t\t\t<div class=\"wc-block-grid__product-image\"><img loading=\"lazy\" decoding=\"async\" width=\"300\" height=\"300\" src=\"https:\/\/inzain.bike\/wp-content\/uploads\/2024\/03\/bicycle-300x300.png\" class=\"attachment-woocommerce_thumbnail size-woocommerce_thumbnail\" alt=\"Toscana 2026 Cykel p\u00e5 flyget\" srcset=\"https:\/\/inzain.bike\/wp-content\/uploads\/2024\/03\/bicycle-300x300.png 300w, https:\/\/inzain.bike\/wp-content\/uploads\/2024\/03\/bicycle-150x150.png 150w, https:\/\/inzain.bike\/wp-content\/uploads\/2024\/03\/bicycle-12x12.png 12w, https:\/\/inzain.bike\/wp-content\/uploads\/2024\/03\/bicycle-100x100.png 100w, https:\/\/inzain.bike\/wp-content\/uploads\/2024\/03\/bicycle.png 512w\" sizes=\"auto, (max-width: 300px) 100vw, 300px\" \/><\/div>\n\t\t\t\t\t<div class=\"wc-block-grid__product-title\">Toscana 2026 Cykel p\u00e5 flyget<\/div>\n\t\t\t\t<\/a>\n\t\t\t\t<div class=\"wc-block-grid__product-price price\"><span class=\"wmc-cache-pid \" data-wmc_product_id=\"10009\"><span class=\"woocommerce-Price-amount amount\">600&nbsp;<span class=\"woocommerce-Price-currencySymbol\">&#107;&#114;<\/span><\/span><\/span><\/div>\n\t\t\t\t\n\t\t\t\t<div class=\"wp-block-button wc-block-grid__product-add-to-cart\"><a href=\"\/nb\/wp-json\/wp\/v2\/pages\/10011?add-to-cart=10009\" aria-label=\"Legg til handlekurv: \u201cToscana 2026 Cykel p\u00e5 flyget\u201d\" data-quantity=\"1\" data-product_id=\"10009\" data-product_sku=\"TUS-26-AIR-BIKE\" data-price=\"600\" rel=\"nofollow\" class=\"wp-block-button__link wp-element-button add_to_cart_button ajax_add_to_cart\">Legg til i handlekurv<\/a><\/div>\n\t\t\t<\/li><\/ul><\/div><\/div>\n<\/div>\n\n\n\n<div class=\"wp-block-columns alignwide is-layout-flex wp-container-core-columns-is-layout-28f84493 wp-block-columns-is-layout-flex\">\n<div class=\"wp-block-column is-layout-flow wp-block-column-is-layout-flow\"><\/div>\n\n\n\n<div class=\"wp-block-column is-layout-flow wp-block-column-is-layout-flow\">\n<div class=\"wp-block-buttons is-content-justification-right is-layout-flex wp-container-core-buttons-is-layout-d445cf74 wp-block-buttons-is-layout-flex\">\n<div class=\"wp-block-button has-custom-width wp-block-button__width-75 is-style-circular\"><a class=\"wp-block-button__link has-vivid-cyan-blue-background-color has-background wp-element-button\" href=\"https:\/\/inzain.bike\/varukorg\/\">G\u00e5 VIDARE<\/a><\/div>\n<\/div>\n<\/div>\n<\/div>\n","protected":false},"excerpt":{"rendered":"<p>Vad kan du f\u00f6rv\u00e4nta dig? En underbar tid i Toscana. Vita grusv\u00e4gar, vackra vyer, pinje all\u00e9er. Dessutom v\u00e4ldigt trevligt boende p\u00e5 en ving\u00e5rd med pool och hemlagad Toscansk mat. Vad ing\u00e5r? Boende i delat rum 2-9 Oktober. Guider, rutter, frukost &amp; Middag alla dagar utom vilodagenF\u00f6ljebil som st\u00f6ttar. Pris 1,500 EUR, till\u00e4gg f\u00f6r enkelrum 450 [&hellip;]<\/p>\n","protected":false},"author":203917875,"featured_media":0,"parent":0,"menu_order":0,"comment_status":"closed","ping_status":"closed","template":"","meta":{"_coblocks_attr":"","_coblocks_dimensions":"","_coblocks_responsive_height":"","_coblocks_accordion_ie_support":"","footnotes":""},"class_list":["post-10011","page","type-page","status-publish","hentry"],"yoast_head":"<!-- This site is optimized with the Yoast SEO plugin v27.2 - https:\/\/yoast.com\/product\/yoast-seo-wordpress\/ -->\n<title>Toscana 2026 Anm\u00e4lan - INZAIN Cycling EXPERIENCES<\/title>\n<meta name=\"robots\" content=\"index, follow, max-snippet:-1, max-image-preview:large, max-video-preview:-1\" \/>\n<link rel=\"canonical\" href=\"https:\/\/inzain.bike\/nb\/tus26-sign-up\/\" \/>\n<meta property=\"og:locale\" content=\"nb_NO\" \/>\n<meta property=\"og:type\" content=\"article\" \/>\n<meta property=\"og:title\" content=\"Toscana 2026 Anm\u00e4lan - INZAIN Cycling EXPERIENCES\" \/>\n<meta property=\"og:description\" content=\"Vad kan du f\u00f6rv\u00e4nta dig? En underbar tid i Toscana. Vita grusv\u00e4gar, vackra vyer, pinje all\u00e9er. Dessutom v\u00e4ldigt trevligt boende p\u00e5 en ving\u00e5rd med pool och hemlagad Toscansk mat. Vad ing\u00e5r? Boende i delat rum 2-9 Oktober. Guider, rutter, frukost &amp; Middag alla dagar utom vilodagenF\u00f6ljebil som st\u00f6ttar. Pris 1,500 EUR, till\u00e4gg f\u00f6r enkelrum 450 [&hellip;]\" \/>\n<meta property=\"og:url\" content=\"https:\/\/inzain.bike\/nb\/tus26-sign-up\/\" \/>\n<meta property=\"og:site_name\" content=\"INZAIN Cycling EXPERIENCES\" \/>\n<meta property=\"article:publisher\" content=\"https:\/\/www.facebook.com\/Inzain.bike\" \/>\n<meta property=\"article:modified_time\" content=\"2026-02-21T11:59:00+00:00\" \/>\n<meta property=\"og:image\" content=\"https:\/\/inzain.bike\/wp-content\/uploads\/2026\/01\/20251004_1458312.jpg\" \/>\n\t<meta property=\"og:image:width\" content=\"1631\" \/>\n\t<meta property=\"og:image:height\" content=\"1958\" \/>\n\t<meta property=\"og:image:type\" content=\"image\/jpeg\" \/>\n<meta name=\"twitter:card\" content=\"summary_large_image\" \/>\n<meta name=\"twitter:label1\" content=\"Ansl. lesetid\" \/>\n\t<meta name=\"twitter:data1\" content=\"1 minutt\" \/>\n<script type=\"application\/ld+json\" class=\"yoast-schema-graph\">{\"@context\":\"https:\/\/schema.org\",\"@graph\":[{\"@type\":\"WebPage\",\"@id\":\"https:\/\/inzain.bike\/tus26-sign-up\/\",\"url\":\"https:\/\/inzain.bike\/tus26-sign-up\/\",\"name\":\"Toscana 2026 Anm\u00e4lan - INZAIN Cycling EXPERIENCES\",\"isPartOf\":{\"@id\":\"https:\/\/inzain.bike\/fr_be\/#website\"},\"primaryImageOfPage\":{\"@id\":\"https:\/\/inzain.bike\/tus26-sign-up\/#primaryimage\"},\"image\":{\"@id\":\"https:\/\/inzain.bike\/tus26-sign-up\/#primaryimage\"},\"thumbnailUrl\":\"https:\/\/inzain.bike\/wp-content\/uploads\/2026\/01\/20251004_1458312.jpg\",\"datePublished\":\"2026-01-31T13:55:08+00:00\",\"dateModified\":\"2026-02-21T11:59:00+00:00\",\"breadcrumb\":{\"@id\":\"https:\/\/inzain.bike\/tus26-sign-up\/#breadcrumb\"},\"inLanguage\":\"nb-NO\",\"potentialAction\":[{\"@type\":\"ReadAction\",\"target\":[\"https:\/\/inzain.bike\/tus26-sign-up\/\"]}]},{\"@type\":\"ImageObject\",\"inLanguage\":\"nb-NO\",\"@id\":\"https:\/\/inzain.bike\/tus26-sign-up\/#primaryimage\",\"url\":\"https:\/\/inzain.bike\/wp-content\/uploads\/2026\/01\/20251004_1458312.jpg\",\"contentUrl\":\"https:\/\/inzain.bike\/wp-content\/uploads\/2026\/01\/20251004_1458312.jpg\"},{\"@type\":\"BreadcrumbList\",\"@id\":\"https:\/\/inzain.bike\/tus26-sign-up\/#breadcrumb\",\"itemListElement\":[{\"@type\":\"ListItem\",\"position\":1,\"name\":\"Hem\",\"item\":\"https:\/\/inzain.bike\/fr_be\/\"},{\"@type\":\"ListItem\",\"position\":2,\"name\":\"Toscana 2026 Anm\u00e4lan\"}]},{\"@type\":\"WebSite\",\"@id\":\"https:\/\/inzain.bike\/fr_be\/#website\",\"url\":\"https:\/\/inzain.bike\/fr_be\/\",\"name\":\"INZAIN Cycling EXPERIENCES\",\"description\":\"Cyckling Adventures  - for everyone\",\"publisher\":{\"@id\":\"https:\/\/inzain.bike\/fr_be\/#organization\"},\"alternateName\":\"INZAIN Gravel & Travel\",\"potentialAction\":[{\"@type\":\"SearchAction\",\"target\":{\"@type\":\"EntryPoint\",\"urlTemplate\":\"https:\/\/inzain.bike\/fr_be\/?s={search_term_string}\"},\"query-input\":{\"@type\":\"PropertyValueSpecification\",\"valueRequired\":true,\"valueName\":\"search_term_string\"}}],\"inLanguage\":\"nb-NO\"},{\"@type\":\"Organization\",\"@id\":\"https:\/\/inzain.bike\/fr_be\/#organization\",\"name\":\"INZAIN Cycling EXPERIENCES\",\"url\":\"https:\/\/inzain.bike\/fr_be\/\",\"logo\":{\"@type\":\"ImageObject\",\"inLanguage\":\"nb-NO\",\"@id\":\"https:\/\/inzain.bike\/fr_be\/#\/schema\/logo\/image\/\",\"url\":\"https:\/\/i0.wp.com\/inzain.bike\/wp-content\/uploads\/2023\/09\/cropped-INZAIN_512x512_white.png?fit=512%2C512&ssl=1\",\"contentUrl\":\"https:\/\/i0.wp.com\/inzain.bike\/wp-content\/uploads\/2023\/09\/cropped-INZAIN_512x512_white.png?fit=512%2C512&ssl=1\",\"width\":512,\"height\":512,\"caption\":\"INZAIN Cycling EXPERIENCES\"},\"image\":{\"@id\":\"https:\/\/inzain.bike\/fr_be\/#\/schema\/logo\/image\/\"},\"sameAs\":[\"https:\/\/www.facebook.com\/Inzain.bike\",\"https:\/\/www.instagram.com\/inzainbike\"]}]}<\/script>\n<!-- \/ Yoast SEO plugin. -->","yoast_head_json":{"title":"Toscana 2026 Anm\u00e4lan - INZAIN Cycling EXPERIENCES","robots":{"index":"index","follow":"follow","max-snippet":"max-snippet:-1","max-image-preview":"max-image-preview:large","max-video-preview":"max-video-preview:-1"},"canonical":"https:\/\/inzain.bike\/nb\/tus26-sign-up\/","og_locale":"nb_NO","og_type":"article","og_title":"Toscana 2026 Anm\u00e4lan - INZAIN Cycling EXPERIENCES","og_description":"Vad kan du f\u00f6rv\u00e4nta dig? En underbar tid i Toscana. Vita grusv\u00e4gar, vackra vyer, pinje all\u00e9er. Dessutom v\u00e4ldigt trevligt boende p\u00e5 en ving\u00e5rd med pool och hemlagad Toscansk mat. Vad ing\u00e5r? Boende i delat rum 2-9 Oktober. Guider, rutter, frukost &amp; Middag alla dagar utom vilodagenF\u00f6ljebil som st\u00f6ttar. Pris 1,500 EUR, till\u00e4gg f\u00f6r enkelrum 450 [&hellip;]","og_url":"https:\/\/inzain.bike\/nb\/tus26-sign-up\/","og_site_name":"INZAIN Cycling EXPERIENCES","article_publisher":"https:\/\/www.facebook.com\/Inzain.bike","article_modified_time":"2026-02-21T11:59:00+00:00","og_image":[{"width":1631,"height":1958,"url":"https:\/\/inzain.bike\/wp-content\/uploads\/2026\/01\/20251004_1458312.jpg","type":"image\/jpeg"}],"twitter_card":"summary_large_image","twitter_misc":{"Ansl. lesetid":"1 minutt"},"schema":{"@context":"https:\/\/schema.org","@graph":[{"@type":"WebPage","@id":"https:\/\/inzain.bike\/tus26-sign-up\/","url":"https:\/\/inzain.bike\/tus26-sign-up\/","name":"Toscana 2026 Anm\u00e4lan - INZAIN Cycling EXPERIENCES","isPartOf":{"@id":"https:\/\/inzain.bike\/fr_be\/#website"},"primaryImageOfPage":{"@id":"https:\/\/inzain.bike\/tus26-sign-up\/#primaryimage"},"image":{"@id":"https:\/\/inzain.bike\/tus26-sign-up\/#primaryimage"},"thumbnailUrl":"https:\/\/inzain.bike\/wp-content\/uploads\/2026\/01\/20251004_1458312.jpg","datePublished":"2026-01-31T13:55:08+00:00","dateModified":"2026-02-21T11:59:00+00:00","breadcrumb":{"@id":"https:\/\/inzain.bike\/tus26-sign-up\/#breadcrumb"},"inLanguage":"nb-NO","potentialAction":[{"@type":"ReadAction","target":["https:\/\/inzain.bike\/tus26-sign-up\/"]}]},{"@type":"ImageObject","inLanguage":"nb-NO","@id":"https:\/\/inzain.bike\/tus26-sign-up\/#primaryimage","url":"https:\/\/inzain.bike\/wp-content\/uploads\/2026\/01\/20251004_1458312.jpg","contentUrl":"https:\/\/inzain.bike\/wp-content\/uploads\/2026\/01\/20251004_1458312.jpg"},{"@type":"BreadcrumbList","@id":"https:\/\/inzain.bike\/tus26-sign-up\/#breadcrumb","itemListElement":[{"@type":"ListItem","position":1,"name":"Hem","item":"https:\/\/inzain.bike\/fr_be\/"},{"@type":"ListItem","position":2,"name":"Toscana 2026 Anm\u00e4lan"}]},{"@type":"WebSite","@id":"https:\/\/inzain.bike\/fr_be\/#website","url":"https:\/\/inzain.bike\/fr_be\/","name":"INZAIN SYKKELOPPLEVELSER","description":"Sykkeleventyr - for alle","publisher":{"@id":"https:\/\/inzain.bike\/fr_be\/#organization"},"alternateName":"INZAIN Gravel & Travel","potentialAction":[{"@type":"SearchAction","target":{"@type":"EntryPoint","urlTemplate":"https:\/\/inzain.bike\/fr_be\/?s={search_term_string}"},"query-input":{"@type":"PropertyValueSpecification","valueRequired":true,"valueName":"search_term_string"}}],"inLanguage":"nb-NO"},{"@type":"Organization","@id":"https:\/\/inzain.bike\/fr_be\/#organization","name":"INZAIN SYKKELOPPLEVELSER","url":"https:\/\/inzain.bike\/fr_be\/","logo":{"@type":"ImageObject","inLanguage":"nb-NO","@id":"https:\/\/inzain.bike\/fr_be\/#\/schema\/logo\/image\/","url":"https:\/\/i0.wp.com\/inzain.bike\/wp-content\/uploads\/2023\/09\/cropped-INZAIN_512x512_white.png?fit=512%2C512&ssl=1","contentUrl":"https:\/\/i0.wp.com\/inzain.bike\/wp-content\/uploads\/2023\/09\/cropped-INZAIN_512x512_white.png?fit=512%2C512&ssl=1","width":512,"height":512,"caption":"INZAIN Cycling EXPERIENCES"},"image":{"@id":"https:\/\/inzain.bike\/fr_be\/#\/schema\/logo\/image\/"},"sameAs":["https:\/\/www.facebook.com\/Inzain.bike","https:\/\/www.instagram.com\/inzainbike"]}]}},"amp_enabled":true,"_links":{"self":[{"href":"https:\/\/inzain.bike\/nb\/wp-json\/wp\/v2\/pages\/10011","targetHints":{"allow":["GET"]}}],"collection":[{"href":"https:\/\/inzain.bike\/nb\/wp-json\/wp\/v2\/pages"}],"about":[{"href":"https:\/\/inzain.bike\/nb\/wp-json\/wp\/v2\/types\/page"}],"author":[{"embeddable":true,"href":"https:\/\/inzain.bike\/nb\/wp-json\/wp\/v2\/users\/203917875"}],"replies":[{"embeddable":true,"href":"https:\/\/inzain.bike\/nb\/wp-json\/wp\/v2\/comments?post=10011"}],"version-history":[{"count":4,"href":"https:\/\/inzain.bike\/nb\/wp-json\/wp\/v2\/pages\/10011\/revisions"}],"predecessor-version":[{"id":10123,"href":"https:\/\/inzain.bike\/nb\/wp-json\/wp\/v2\/pages\/10011\/revisions\/10123"}],"wp:attachment":[{"href":"https:\/\/inzain.bike\/nb\/wp-json\/wp\/v2\/media?parent=10011"}],"curies":[{"name":"wp","href":"https:\/\/api.w.org\/{rel}","templated":true}]}}