{"id":1074,"date":"2021-11-29T20:51:38","date_gmt":"2021-11-29T19:51:38","guid":{"rendered":"https:\/\/inzain.bike\/?page_id=1074"},"modified":"2022-04-23T01:37:36","modified_gmt":"2022-04-22T23:37:36","slug":"falun-gravel-weekend","status":"publish","type":"page","link":"https:\/\/inzain.bike\/nb\/falun-gravel-weekend\/","title":{"rendered":"Falun grushelg"},"content":{"rendered":"\n<figure class=\"wp-block-image size-large\"><img loading=\"lazy\" decoding=\"async\" width=\"1024\" height=\"768\" src=\"https:\/\/inzain.bike\/wp-content\/uploads\/2022\/01\/272238233_543936259907754_2852678816025838727_n-1024x768.jpg\" alt=\"\" class=\"wp-image-1482\" srcset=\"https:\/\/inzain.bike\/wp-content\/uploads\/2022\/01\/272238233_543936259907754_2852678816025838727_n-1024x768.jpg 1024w, https:\/\/inzain.bike\/wp-content\/uploads\/2022\/01\/272238233_543936259907754_2852678816025838727_n-300x225.jpg 300w, https:\/\/inzain.bike\/wp-content\/uploads\/2022\/01\/272238233_543936259907754_2852678816025838727_n-768x576.jpg 768w, https:\/\/inzain.bike\/wp-content\/uploads\/2022\/01\/272238233_543936259907754_2852678816025838727_n-16x12.jpg 16w, https:\/\/inzain.bike\/wp-content\/uploads\/2022\/01\/272238233_543936259907754_2852678816025838727_n-600x450.jpg 600w, https:\/\/inzain.bike\/wp-content\/uploads\/2022\/01\/272238233_543936259907754_2852678816025838727_n.jpg 1125w\" sizes=\"auto, (max-width: 1024px) 100vw, 1024px\" \/><figcaption>Foto: Lina B\u00f6rjes<\/figcaption><\/figure>\n\n\n\n<p>V\u00e4lkommen till en sk\u00f6n helg med Gravel i Falun. V\u00e5ra v\u00e4rdar och arrang\u00f6rer \u00e4r Mats Sj\u00f6gren och Niclas Agn\u00e9<\/p>\n\n\n\n<figure class=\"wp-block-image size-full\"><img loading=\"lazy\" decoding=\"async\" width=\"750\" height=\"998\" src=\"https:\/\/inzain.bike\/wp-content\/uploads\/2022\/01\/271898548_258001476470594_1496039243298439140_n.jpg\" alt=\"\" class=\"wp-image-1479\" srcset=\"https:\/\/inzain.bike\/wp-content\/uploads\/2022\/01\/271898548_258001476470594_1496039243298439140_n.jpg 750w, https:\/\/inzain.bike\/wp-content\/uploads\/2022\/01\/271898548_258001476470594_1496039243298439140_n-225x300.jpg 225w, https:\/\/inzain.bike\/wp-content\/uploads\/2022\/01\/271898548_258001476470594_1496039243298439140_n-9x12.jpg 9w, https:\/\/inzain.bike\/wp-content\/uploads\/2022\/01\/271898548_258001476470594_1496039243298439140_n-600x798.jpg 600w\" sizes=\"auto, (max-width: 750px) 100vw, 750px\" \/><\/figure>\n\n\n\n<p><strong>N\u00e4r<\/strong>: 21-22 maj 2022.<br><strong>Var<\/strong>: Falun<br><strong>Hur<\/strong>: Gravel Camp p\u00e5 fantastiska v\u00e4gar<\/p>\n\n\n\n<p>Vi kommer att cykla tv\u00e5 h\u00e4rliga rundor, \u00e4ta bra och fika \u00e4nnu b\u00e4ttre.<br>Vi har bokat plats p\u00e5 Hotell  som har plats f\u00f6r 20 personer.<\/p>\n\n\n\n<figure class=\"wp-block-image size-full\"><img loading=\"lazy\" decoding=\"async\" width=\"750\" height=\"1000\" src=\"https:\/\/inzain.bike\/wp-content\/uploads\/2022\/01\/272065715_1787156811489564_4500821068931582778_n.jpg\" alt=\"\" class=\"wp-image-1478\" srcset=\"https:\/\/inzain.bike\/wp-content\/uploads\/2022\/01\/272065715_1787156811489564_4500821068931582778_n.jpg 750w, https:\/\/inzain.bike\/wp-content\/uploads\/2022\/01\/272065715_1787156811489564_4500821068931582778_n-225x300.jpg 225w, https:\/\/inzain.bike\/wp-content\/uploads\/2022\/01\/272065715_1787156811489564_4500821068931582778_n-9x12.jpg 9w, https:\/\/inzain.bike\/wp-content\/uploads\/2022\/01\/272065715_1787156811489564_4500821068931582778_n-600x800.jpg 600w\" sizes=\"auto, (max-width: 750px) 100vw, 750px\" \/><figcaption>Gruvan<\/figcaption><\/figure>\n\n\n\n<p><strong>Vad kan du f\u00f6rv\u00e4nta dig?<\/strong><br>Vi cyklar f\u00f6r att ha trevligt, det \u00e4r inte n\u00e5gra intervaller och det handlar inte om att cykla snabbast utan att f\u00e5 den b\u00e4sta upplevelsen. Vill man spr\u00e4tta s\u00e5 g\u00e5r det naturligtvis bra, man v\u00e4ntar in l\u00e4ngre fram. Vi kan ocks\u00e5 komma att dela gruppen, om det visar sig att det blir b\u00e4ttre. V\u00e5ra Guider har v\u00e4ldigt stor erfarenhet av att arrangera och h\u00e5lla i dessa turer.<br><br><strong>Fredag<\/strong><br>Ankomst till hotellet, check-in<br><br><strong>L\u00f6rdag<\/strong><br>Start kl 09.00 fr\u00e5n Falu gruva (samling 8.45 f\u00f6r genomg\u00e5ng). Turen \u00e4r ca 10 Mil\/1000 hm, med m\u00f6jlighet att korta av f\u00f6r den som vill. Vi kommer att \u00e4ta lunch l\u00e4ngs rutten, ungef\u00e4r halvv\u00e4gs.<br>Vi ber\u00e4knar att vara \u00e5ter vid gruvan vid kl 15 ca.<br>F\u00f6r de som vill v\u00e4ntar d\u00e4r en after-bike med \u00f6l skapad av v\u00e5r egen bryggm\u00e4stare Mats.<br>P\u00e5 kv\u00e4llen \u00e4ter vi en b\u00e4ttre middag tillsammans om man vill, vi kommer fr\u00e5ga i FB gruppen om man vill vara med s\u00e5 kolla d\u00e4r.<\/p>\n\n\n\n<p><strong>S\u00f6ndag<\/strong><br>Start kl 09.00 fr\u00e5n angiven plats vid parkering utanf\u00f6r ishallen p\u00e5 Lugnet i Falun. Turen \u00e4r ca 7 Mil\/1000 hm.<br>Vi kommer \u00e4ta lunch l\u00e4ngs rutten och ber\u00e4knar vara tillbaka vid parkeringen ca kl 14. Den som vill kan k\u00f6pa sig en dusch p\u00e5 Sporthallen innan hemf\u00e4rd.<\/p>\n\n\n\n<p><br><strong>Vi cyklar enligt Grusets V\u00e4nners principer.<\/strong><br>* Ingen l\u00e4mnas ensam, alla ska med<br>* Spr\u00e4tta g\u00e5r bra, v\u00e4nta in l\u00e4ngre fram<br>* Vi tar hand om och hj\u00e4lper varandra vid punkor eller annat.<br>* Vi cyklar s\u00e4kert och h\u00e5ller avst\u00e5nd, t\u00e4nk tre sekunders regeln.<br>* Allt handlar om att f\u00e5 en trevlig dag.<\/p>\n\n\n\n<p><strong>Vad ing\u00e5r`?<\/strong><br>Eventet \u00e4r gratis. Hotell, fika luncher mm betalar man sj\u00e4lv.<\/p>\n\n\n\n<p><strong>Hotell<\/strong>:<br>Boende bokar du sj\u00e4lv p\u00e5 First Hotel Grand www.firsthotel.se eller genom email: <a href=\"mailto:grand.falun@firsthotels.se\">grand.falun@firsthotels.se<\/a>   eller telefon: +46 23 79 48 80.<\/p>\n\n\n\n<p>Uppge bokningskoden <strong>gravelhelgfalun <\/strong>s\u00e5 betalar du 734 kr\/natt i enkelrum eller 894 kr\/natt i dubbelrum. Var och en betalar p\u00e5 plats vid ankomst.<\/p>\n\n\n\n<p>Vi kommer att ha tillg\u00e5ng till ett cykelf\u00f6rr\u00e5d p\u00e5 hotellet under vistelsen.<\/p>\n\n\n\n<p>Frukost serveras fr\u00e5n kl 7.00.<br><br><strong>Anm\u00e4lan och information:<\/strong><br>Anm\u00e4l dig p\u00e5 formul\u00e4ret nedan, g\u00e5 med i denna <a href=\"https:\/\/www.facebook.com\/groups\/599439371354885\">Facebook Grupp<\/a> och boka hotell.<\/p>\n\n\n\n<div class=\"wp-block-jetpack-tiled-gallery aligncenter is-style-rectangular\"><div class=\"tiled-gallery__gallery\"><div class=\"tiled-gallery__row\"><div class=\"tiled-gallery__col\" style=\"flex-basis:66.78241%\"><figure class=\"tiled-gallery__item\"><img decoding=\"async\" alt=\"\" data-height=\"3000\" data-id=\"674\" data-link=\"https:\/\/inzain.bike\/20210529_113929-2\/\" data-url=\"https:\/\/inzain.bike\/wp-content\/uploads\/2021\/10\/20210529_113929.jpg?w=1024\" data-width=\"4000\" src=\"https:\/\/i2.wp.com\/inzain.bike\/wp-content\/uploads\/2021\/10\/20210529_113929.jpg?ssl=1\" data-amp-layout=\"responsive\"\/><\/figure><\/div><div class=\"tiled-gallery__col\" style=\"flex-basis:33.21759%\"><figure class=\"tiled-gallery__item\"><img decoding=\"async\" alt=\"\" data-height=\"3000\" data-id=\"675\" data-link=\"https:\/\/inzain.bike\/20210530_101547-2\/\" data-url=\"https:\/\/inzain.bike\/wp-content\/uploads\/2021\/10\/20210530_101547.jpg?w=1024\" data-width=\"4000\" src=\"https:\/\/i2.wp.com\/inzain.bike\/wp-content\/uploads\/2021\/10\/20210530_101547.jpg?ssl=1\" data-amp-layout=\"responsive\"\/><\/figure><figure class=\"tiled-gallery__item\"><img decoding=\"async\" alt=\"\" data-height=\"3000\" data-id=\"676\" data-link=\"https:\/\/inzain.bike\/20210530_135341-2\/\" data-url=\"https:\/\/inzain.bike\/wp-content\/uploads\/2021\/10\/20210530_135341.jpg?w=1024\" data-width=\"4000\" src=\"https:\/\/i1.wp.com\/inzain.bike\/wp-content\/uploads\/2021\/10\/20210530_135341.jpg?ssl=1\" data-amp-layout=\"responsive\"\/><\/figure><\/div><\/div><\/div><\/div>\n\n\n<div class=\"wpforms-container wpforms-container-full wpforms-block wpforms-render-modern\" id=\"wpforms-1025\"><form id=\"wpforms-form-1025\" class=\"wpforms-validate wpforms-form wpforms-ajax-form\" data-formid=\"1025\" method=\"post\" enctype=\"multipart\/form-data\" action=\"\/nb\/wp-json\/wp\/v2\/pages\/1074\" data-token=\"24d6f3063390efebff3ff1416973928e\" data-token-time=\"1775341597\"><noscript class=\"wpforms-error-noscript\">Please enable JavaScript in your browser to complete this form.<\/noscript><div id=\"wpforms-error-noscript\" style=\"display: none;\">Please enable JavaScript in your browser to complete this form.<\/div><div class=\"wpforms-field-container\"><div id=\"wpforms-1025-field_0-container\" class=\"wpforms-field wpforms-field-name\" data-field-id=\"0\"><label class=\"wpforms-field-label\" for=\"wpforms-1025-field_0\">Name <span class=\"wpforms-required-label\" aria-hidden=\"true\">*<\/span><\/label><input type=\"text\" id=\"wpforms-1025-field_0\" class=\"wpforms-field-medium wpforms-field-required\" name=\"wpforms[fields][0]\" aria-errormessage=\"wpforms-1025-field_0-error\" required><\/div><div id=\"wpforms-1025-field_1-container\" class=\"wpforms-field wpforms-field-email\" data-field-id=\"1\"><label class=\"wpforms-field-label\" for=\"wpforms-1025-field_1\">Email <span class=\"wpforms-required-label\" aria-hidden=\"true\">*<\/span><\/label><input type=\"email\" id=\"wpforms-1025-field_1\" class=\"wpforms-field-medium wpforms-field-required\" name=\"wpforms[fields][1]\" spellcheck=\"false\" aria-errormessage=\"wpforms-1025-field_1-error\" required><\/div><div id=\"wpforms-1025-field_3-container\" class=\"wpforms-field wpforms-field-text\" data-field-id=\"3\"><label class=\"wpforms-field-label\" for=\"wpforms-1025-field_3\">Mobilnummer <span class=\"wpforms-required-label\" aria-hidden=\"true\">*<\/span><\/label><input type=\"text\" id=\"wpforms-1025-field_3\" class=\"wpforms-field-medium wpforms-field-required\" name=\"wpforms[fields][3]\" aria-errormessage=\"wpforms-1025-field_3-error\" required><\/div><div id=\"wpforms-1025-field_6-container\" class=\"wpforms-field wpforms-field-select wpforms-field-select-style-classic\" data-field-id=\"6\"><label class=\"wpforms-field-label\" for=\"wpforms-1025-field_6\">V\u00e4lj Event <span class=\"wpforms-required-label\" aria-hidden=\"true\">*<\/span><\/label><select id=\"wpforms-1025-field_6\" class=\"wpforms-field-medium wpforms-field-required\" name=\"wpforms[fields][6]\" required=\"required\"><option value=\"Dalsland Gravel Camp\"  class=\"choice-2 depth-1\"  >Dalsland Gravel Camp<\/option><option value=\"\u00d6sterg\u00f6tland Gravel Camp\"  class=\"choice-3 depth-1\"  >\u00d6sterg\u00f6tland Gravel Camp<\/option><option value=\"Finland Gravel Tour\"  class=\"choice-4 depth-1\"  >Finland Gravel Tour<\/option><option value=\"S\u00e4venfors Gravel Camp\"  class=\"choice-5 depth-1\"  >S\u00e4venfors Gravel Camp<\/option><option value=\"Solstice Ride 2023\"  class=\"choice-6 depth-1\"  >Solstice Ride 2023<\/option><option value=\"S\u00f6rmland Gravel Camp\"  class=\"choice-7 depth-1\"  >S\u00f6rmland Gravel Camp<\/option><option value=\"V\u00e4ttern Runt Gravel\"  class=\"choice-8 depth-1\"  >V\u00e4ttern Runt Gravel<\/option><option value=\"Bubo Bubo Gravel Camp\"  class=\"choice-9 depth-1\"  >Bubo Bubo Gravel Camp<\/option><option value=\"Rallarvegen Gravel Camp\"  class=\"choice-10 depth-1\"  >Rallarvegen Gravel Camp<\/option><option value=\"Lanzarote Gravel Week\"  class=\"choice-11 depth-1\"  >Lanzarote Gravel Week<\/option><\/select><div id=\"wpforms-1025-field_6-description\" class=\"wpforms-field-description\">V\u00e4lj vilket event du vill anm\u00e4la dig eller st\u00e4lla fr\u00e5gor om.<\/div><\/div><div id=\"wpforms-1025-field_5-container\" class=\"wpforms-field wpforms-field-text\" data-field-id=\"5\"><label class=\"wpforms-field-label\" for=\"wpforms-1025-field_5\">Ev allergier eller preferenser p\u00e5 mat<\/label><input type=\"text\" id=\"wpforms-1025-field_5\" class=\"wpforms-field-medium\" name=\"wpforms[fields][5]\" aria-errormessage=\"wpforms-1025-field_5-error\" aria-describedby=\"wpforms-1025-field_5-description\" ><div id=\"wpforms-1025-field_5-description\" class=\"wpforms-field-description\">Har du allergier? \u00c4ter du bara vegeratiskt?<\/div><\/div><div id=\"wpforms-1025-field_7-container\" class=\"wpforms-field wpforms-field-checkbox\" data-field-id=\"7\"><fieldset><legend class=\"wpforms-field-label\">Anm\u00e4lan eller fr\u00e5ga <span class=\"wpforms-required-label\" aria-hidden=\"true\">*<\/span><\/legend><ul id=\"wpforms-1025-field_7\" class=\"wpforms-field-required\"><li class=\"choice-1 depth-1 wpforms-selected\"><input type=\"checkbox\" id=\"wpforms-1025-field_7_1\" name=\"wpforms[fields][7][]\" value=\"Jag anm\u00e4ler mig\" aria-errormessage=\"wpforms-1025-field_7_1-error\" required  checked='checked'><label class=\"wpforms-field-label-inline\" for=\"wpforms-1025-field_7_1\">Jag anm\u00e4ler mig<\/label><\/li><li class=\"choice-2 depth-1\"><input type=\"checkbox\" id=\"wpforms-1025-field_7_2\" name=\"wpforms[fields][7][]\" value=\"Jag vill st\u00e4lla en fr\u00e5ga\" aria-errormessage=\"wpforms-1025-field_7_2-error\" required ><label class=\"wpforms-field-label-inline\" for=\"wpforms-1025-field_7_2\">Jag vill st\u00e4lla en fr\u00e5ga<\/label><\/li><\/ul><\/fieldset><\/div><div id=\"wpforms-1025-field_2-container\" class=\"wpforms-field wpforms-field-textarea\" data-field-id=\"2\"><label class=\"wpforms-field-label\" for=\"wpforms-1025-field_2\">Anm\u00e4lan eller din fr\u00e5ga<\/label><textarea id=\"wpforms-1025-field_2\" class=\"wpforms-field-medium\" name=\"wpforms[fields][2]\" aria-errormessage=\"wpforms-1025-field_2-error\" aria-describedby=\"wpforms-1025-field_2-description\" ><\/textarea><div id=\"wpforms-1025-field_2-description\" class=\"wpforms-field-description\">Skriv om du vill anm\u00e4la dig eller om du har fr\u00e5gor. Vi \u00e5terkommer inom kort.<\/div><\/div><\/div><!-- .wpforms-field-container --><div class=\"wpforms-submit-container\" ><input type=\"hidden\" name=\"wpforms[id]\" value=\"1025\"><input type=\"hidden\" name=\"page_title\" value=\"\"><input type=\"hidden\" name=\"page_url\" value=\"https:\/\/inzain.bike\/nb\/wp-json\/wp\/v2\/pages\/1074\"><input type=\"hidden\" name=\"url_referer\" value=\"\"><button type=\"submit\" name=\"wpforms[submit]\" id=\"wpforms-submit-1025\" class=\"wpforms-submit\" data-alt-text=\"Sending...\" data-submit-text=\"Submit\" aria-live=\"assertive\" value=\"wpforms-submit\">Submit<\/button><img loading=\"lazy\" decoding=\"async\" src=\"https:\/\/inzain.bike\/wp-content\/plugins\/wpforms\/assets\/images\/submit-spin.svg\" class=\"wpforms-submit-spinner\" style=\"display: none;\" width=\"26\" height=\"26\" alt=\"Loading\"><\/div><\/form><\/div>  <!-- .wpforms-container -->","protected":false},"excerpt":{"rendered":"<p>V\u00e4lkommen till en sk\u00f6n helg med Gravel i Falun. V\u00e5ra v\u00e4rdar och arrang\u00f6rer \u00e4r Mats Sj\u00f6gren och Niclas Agn\u00e9 N\u00e4r: 21-22 maj 2022.Var: FalunHur: Gravel Camp p\u00e5 fantastiska v\u00e4gar Vi kommer att cykla tv\u00e5 h\u00e4rliga rundor, \u00e4ta bra och fika \u00e4nnu b\u00e4ttre.Vi har bokat plats p\u00e5 Hotell som har plats f\u00f6r 20 personer. Vad kan [&hellip;]<\/p>\n","protected":false},"author":135133094,"featured_media":0,"parent":0,"menu_order":0,"comment_status":"closed","ping_status":"closed","template":"","meta":{"_coblocks_attr":"","_coblocks_dimensions":"","_coblocks_responsive_height":"","_coblocks_accordion_ie_support":"","footnotes":""},"class_list":["post-1074","page","type-page","status-publish","hentry"],"yoast_head":"<!-- This site is optimized with the Yoast SEO plugin v27.2 - https:\/\/yoast.com\/product\/yoast-seo-wordpress\/ -->\n<title>Falun Gravel Weekend - INZAIN Cycling EXPERIENCES<\/title>\n<meta name=\"robots\" content=\"index, follow, max-snippet:-1, max-image-preview:large, max-video-preview:-1\" \/>\n<link rel=\"canonical\" href=\"https:\/\/inzain.bike\/nb\/falun-gravel-weekend\/\" \/>\n<meta property=\"og:locale\" content=\"nb_NO\" \/>\n<meta property=\"og:type\" content=\"article\" \/>\n<meta property=\"og:title\" content=\"Falun Gravel Weekend - INZAIN Cycling EXPERIENCES\" \/>\n<meta property=\"og:description\" content=\"V\u00e4lkommen till en sk\u00f6n helg med Gravel i Falun. V\u00e5ra v\u00e4rdar och arrang\u00f6rer \u00e4r Mats Sj\u00f6gren och Niclas Agn\u00e9 N\u00e4r: 21-22 maj 2022.Var: FalunHur: Gravel Camp p\u00e5 fantastiska v\u00e4gar Vi kommer att cykla tv\u00e5 h\u00e4rliga rundor, \u00e4ta bra och fika \u00e4nnu b\u00e4ttre.Vi har bokat plats p\u00e5 Hotell som har plats f\u00f6r 20 personer. Vad kan [&hellip;]\" \/>\n<meta property=\"og:url\" content=\"https:\/\/inzain.bike\/nb\/falun-gravel-weekend\/\" \/>\n<meta property=\"og:site_name\" content=\"INZAIN Cycling EXPERIENCES\" \/>\n<meta property=\"article:publisher\" content=\"https:\/\/www.facebook.com\/Inzain.bike\" \/>\n<meta property=\"article:modified_time\" content=\"2022-04-22T23:37:36+00:00\" \/>\n<meta property=\"og:image\" content=\"https:\/\/inzain.bike\/wp-content\/uploads\/2022\/01\/272238233_543936259907754_2852678816025838727_n-1024x768.jpg\" \/>\n<meta name=\"twitter:card\" content=\"summary_large_image\" \/>\n<meta name=\"twitter:label1\" content=\"Ansl. lesetid\" \/>\n\t<meta name=\"twitter:data1\" content=\"2 minutter\" \/>\n<script type=\"application\/ld+json\" class=\"yoast-schema-graph\">{\"@context\":\"https:\/\/schema.org\",\"@graph\":[{\"@type\":\"WebPage\",\"@id\":\"https:\/\/inzain.bike\/fr_be\/falun-gravel-weekend\/\",\"url\":\"https:\/\/inzain.bike\/fr_be\/falun-gravel-weekend\/\",\"name\":\"Falun Gravel Weekend - INZAIN Cycling EXPERIENCES\",\"isPartOf\":{\"@id\":\"https:\/\/inzain.bike\/fr_be\/#website\"},\"primaryImageOfPage\":{\"@id\":\"https:\/\/inzain.bike\/fr_be\/falun-gravel-weekend\/#primaryimage\"},\"image\":{\"@id\":\"https:\/\/inzain.bike\/fr_be\/falun-gravel-weekend\/#primaryimage\"},\"thumbnailUrl\":\"https:\/\/inzain.bike\/wp-content\/uploads\/2022\/01\/272238233_543936259907754_2852678816025838727_n-1024x768.jpg\",\"datePublished\":\"2021-11-29T19:51:38+00:00\",\"dateModified\":\"2022-04-22T23:37:36+00:00\",\"breadcrumb\":{\"@id\":\"https:\/\/inzain.bike\/fr_be\/falun-gravel-weekend\/#breadcrumb\"},\"inLanguage\":\"nb-NO\",\"potentialAction\":[{\"@type\":\"ReadAction\",\"target\":[\"https:\/\/inzain.bike\/fr_be\/falun-gravel-weekend\/\"]}]},{\"@type\":\"ImageObject\",\"inLanguage\":\"nb-NO\",\"@id\":\"https:\/\/inzain.bike\/fr_be\/falun-gravel-weekend\/#primaryimage\",\"url\":\"https:\/\/inzain.bike\/wp-content\/uploads\/2022\/01\/272238233_543936259907754_2852678816025838727_n-1024x768.jpg\",\"contentUrl\":\"https:\/\/inzain.bike\/wp-content\/uploads\/2022\/01\/272238233_543936259907754_2852678816025838727_n-1024x768.jpg\"},{\"@type\":\"BreadcrumbList\",\"@id\":\"https:\/\/inzain.bike\/fr_be\/falun-gravel-weekend\/#breadcrumb\",\"itemListElement\":[{\"@type\":\"ListItem\",\"position\":1,\"name\":\"Hem\",\"item\":\"https:\/\/inzain.bike\/fr_be\/\"},{\"@type\":\"ListItem\",\"position\":2,\"name\":\"Falun Gravel Weekend\"}]},{\"@type\":\"WebSite\",\"@id\":\"https:\/\/inzain.bike\/fr_be\/#website\",\"url\":\"https:\/\/inzain.bike\/fr_be\/\",\"name\":\"INZAIN Cycling EXPERIENCES\",\"description\":\"Cyckling Adventures  - for everyone\",\"publisher\":{\"@id\":\"https:\/\/inzain.bike\/fr_be\/#organization\"},\"alternateName\":\"INZAIN Gravel & Travel\",\"potentialAction\":[{\"@type\":\"SearchAction\",\"target\":{\"@type\":\"EntryPoint\",\"urlTemplate\":\"https:\/\/inzain.bike\/fr_be\/?s={search_term_string}\"},\"query-input\":{\"@type\":\"PropertyValueSpecification\",\"valueRequired\":true,\"valueName\":\"search_term_string\"}}],\"inLanguage\":\"nb-NO\"},{\"@type\":\"Organization\",\"@id\":\"https:\/\/inzain.bike\/fr_be\/#organization\",\"name\":\"INZAIN Cycling EXPERIENCES\",\"url\":\"https:\/\/inzain.bike\/fr_be\/\",\"logo\":{\"@type\":\"ImageObject\",\"inLanguage\":\"nb-NO\",\"@id\":\"https:\/\/inzain.bike\/fr_be\/#\/schema\/logo\/image\/\",\"url\":\"https:\/\/i0.wp.com\/inzain.bike\/wp-content\/uploads\/2023\/09\/cropped-INZAIN_512x512_white.png?fit=512%2C512&ssl=1\",\"contentUrl\":\"https:\/\/i0.wp.com\/inzain.bike\/wp-content\/uploads\/2023\/09\/cropped-INZAIN_512x512_white.png?fit=512%2C512&ssl=1\",\"width\":512,\"height\":512,\"caption\":\"INZAIN Cycling EXPERIENCES\"},\"image\":{\"@id\":\"https:\/\/inzain.bike\/fr_be\/#\/schema\/logo\/image\/\"},\"sameAs\":[\"https:\/\/www.facebook.com\/Inzain.bike\",\"https:\/\/www.instagram.com\/inzainbike\"]}]}<\/script>\n<!-- \/ Yoast SEO plugin. -->","yoast_head_json":{"title":"Falun grushelg - INZAIN Sykkelopplevelser","robots":{"index":"index","follow":"follow","max-snippet":"max-snippet:-1","max-image-preview":"max-image-preview:large","max-video-preview":"max-video-preview:-1"},"canonical":"https:\/\/inzain.bike\/nb\/falun-gravel-weekend\/","og_locale":"nb_NO","og_type":"article","og_title":"Falun Gravel Weekend - INZAIN Cycling EXPERIENCES","og_description":"V\u00e4lkommen till en sk\u00f6n helg med Gravel i Falun. V\u00e5ra v\u00e4rdar och arrang\u00f6rer \u00e4r Mats Sj\u00f6gren och Niclas Agn\u00e9 N\u00e4r: 21-22 maj 2022.Var: FalunHur: Gravel Camp p\u00e5 fantastiska v\u00e4gar Vi kommer att cykla tv\u00e5 h\u00e4rliga rundor, \u00e4ta bra och fika \u00e4nnu b\u00e4ttre.Vi har bokat plats p\u00e5 Hotell som har plats f\u00f6r 20 personer. Vad kan [&hellip;]","og_url":"https:\/\/inzain.bike\/nb\/falun-gravel-weekend\/","og_site_name":"INZAIN Cycling EXPERIENCES","article_publisher":"https:\/\/www.facebook.com\/Inzain.bike","article_modified_time":"2022-04-22T23:37:36+00:00","og_image":[{"url":"https:\/\/inzain.bike\/wp-content\/uploads\/2022\/01\/272238233_543936259907754_2852678816025838727_n-1024x768.jpg","type":"","width":"","height":""}],"twitter_card":"summary_large_image","twitter_misc":{"Ansl. lesetid":"2 minutter"},"schema":{"@context":"https:\/\/schema.org","@graph":[{"@type":"WebPage","@id":"https:\/\/inzain.bike\/fr_be\/falun-gravel-weekend\/","url":"https:\/\/inzain.bike\/fr_be\/falun-gravel-weekend\/","name":"Falun grushelg - INZAIN Sykkelopplevelser","isPartOf":{"@id":"https:\/\/inzain.bike\/fr_be\/#website"},"primaryImageOfPage":{"@id":"https:\/\/inzain.bike\/fr_be\/falun-gravel-weekend\/#primaryimage"},"image":{"@id":"https:\/\/inzain.bike\/fr_be\/falun-gravel-weekend\/#primaryimage"},"thumbnailUrl":"https:\/\/inzain.bike\/wp-content\/uploads\/2022\/01\/272238233_543936259907754_2852678816025838727_n-1024x768.jpg","datePublished":"2021-11-29T19:51:38+00:00","dateModified":"2022-04-22T23:37:36+00:00","breadcrumb":{"@id":"https:\/\/inzain.bike\/fr_be\/falun-gravel-weekend\/#breadcrumb"},"inLanguage":"nb-NO","potentialAction":[{"@type":"ReadAction","target":["https:\/\/inzain.bike\/fr_be\/falun-gravel-weekend\/"]}]},{"@type":"ImageObject","inLanguage":"nb-NO","@id":"https:\/\/inzain.bike\/fr_be\/falun-gravel-weekend\/#primaryimage","url":"https:\/\/inzain.bike\/wp-content\/uploads\/2022\/01\/272238233_543936259907754_2852678816025838727_n-1024x768.jpg","contentUrl":"https:\/\/inzain.bike\/wp-content\/uploads\/2022\/01\/272238233_543936259907754_2852678816025838727_n-1024x768.jpg"},{"@type":"BreadcrumbList","@id":"https:\/\/inzain.bike\/fr_be\/falun-gravel-weekend\/#breadcrumb","itemListElement":[{"@type":"ListItem","position":1,"name":"Hem","item":"https:\/\/inzain.bike\/fr_be\/"},{"@type":"ListItem","position":2,"name":"Falun Gravel Weekend"}]},{"@type":"WebSite","@id":"https:\/\/inzain.bike\/fr_be\/#website","url":"https:\/\/inzain.bike\/fr_be\/","name":"INZAIN SYKKELOPPLEVELSER","description":"Sykkeleventyr - for alle","publisher":{"@id":"https:\/\/inzain.bike\/fr_be\/#organization"},"alternateName":"INZAIN Gravel & Travel","potentialAction":[{"@type":"SearchAction","target":{"@type":"EntryPoint","urlTemplate":"https:\/\/inzain.bike\/fr_be\/?s={search_term_string}"},"query-input":{"@type":"PropertyValueSpecification","valueRequired":true,"valueName":"search_term_string"}}],"inLanguage":"nb-NO"},{"@type":"Organization","@id":"https:\/\/inzain.bike\/fr_be\/#organization","name":"INZAIN SYKKELOPPLEVELSER","url":"https:\/\/inzain.bike\/fr_be\/","logo":{"@type":"ImageObject","inLanguage":"nb-NO","@id":"https:\/\/inzain.bike\/fr_be\/#\/schema\/logo\/image\/","url":"https:\/\/i0.wp.com\/inzain.bike\/wp-content\/uploads\/2023\/09\/cropped-INZAIN_512x512_white.png?fit=512%2C512&ssl=1","contentUrl":"https:\/\/i0.wp.com\/inzain.bike\/wp-content\/uploads\/2023\/09\/cropped-INZAIN_512x512_white.png?fit=512%2C512&ssl=1","width":512,"height":512,"caption":"INZAIN Cycling EXPERIENCES"},"image":{"@id":"https:\/\/inzain.bike\/fr_be\/#\/schema\/logo\/image\/"},"sameAs":["https:\/\/www.facebook.com\/Inzain.bike","https:\/\/www.instagram.com\/inzainbike"]}]}},"amp_enabled":true,"_links":{"self":[{"href":"https:\/\/inzain.bike\/nb\/wp-json\/wp\/v2\/pages\/1074","targetHints":{"allow":["GET"]}}],"collection":[{"href":"https:\/\/inzain.bike\/nb\/wp-json\/wp\/v2\/pages"}],"about":[{"href":"https:\/\/inzain.bike\/nb\/wp-json\/wp\/v2\/types\/page"}],"author":[{"embeddable":true,"href":"https:\/\/inzain.bike\/nb\/wp-json\/wp\/v2\/users\/135133094"}],"replies":[{"embeddable":true,"href":"https:\/\/inzain.bike\/nb\/wp-json\/wp\/v2\/comments?post=1074"}],"version-history":[{"count":0,"href":"https:\/\/inzain.bike\/nb\/wp-json\/wp\/v2\/pages\/1074\/revisions"}],"wp:attachment":[{"href":"https:\/\/inzain.bike\/nb\/wp-json\/wp\/v2\/media?parent=1074"}],"curies":[{"name":"wp","href":"https:\/\/api.w.org\/{rel}","templated":true}]}}