{"id":114,"date":"2021-04-07T19:02:41","date_gmt":"2021-04-07T17:02:41","guid":{"rendered":"https:\/\/inzain.bike\/?page_id=114"},"modified":"2021-04-07T19:02:41","modified_gmt":"2021-04-07T17:02:41","slug":"gravel-pa-mallorca-ride-report","status":"publish","type":"page","link":"https:\/\/inzain.bike\/nb\/gravel-pa-mallorca-ride-report\/","title":{"rendered":"Grus p\u00e5 Mallorca Ride Report"},"content":{"rendered":"<div class=\"wp-block-group alignfull has-background-background-color has-background is-layout-flow wp-block-group-is-layout-flow\">\n<div class=\"wp-block-jetpack-layout-grid alignfull column1-desktop-grid__span-10 column1-desktop-grid__start-2 column1-desktop-grid__row-1 column1-tablet-grid__span-8 column1-tablet-grid__row-1 column1-mobile-grid__span-4 column1-mobile-grid__row-1\">\n<div class=\"wp-block-jetpack-layout-grid-column wp-block-jetpack-layout-grid__padding-none\">\n<div class=\"wp-block-image\"><figure class=\"aligncenter size-large\"><img loading=\"lazy\" decoding=\"async\" width=\"3602\" height=\"3265\" src=\"https:\/\/inzain.bike\/wp-content\/uploads\/2021\/04\/g0013561.jpg?w=1024\" alt=\"\" class=\"wp-image-116\" \/><\/figure><\/div>\n<\/div>\n<\/div>\n\n\n\n<div class=\"wp-block-jetpack-layout-grid alignfull column1-desktop-grid__span-12 column1-desktop-grid__row-1 column1-tablet-grid__span-8 column1-tablet-grid__row-1 column1-mobile-grid__span-4 column1-mobile-grid__row-1\">\n<div class=\"wp-block-jetpack-layout-grid-column wp-block-jetpack-layout-grid__padding-none\">\n<p><strong>Mallorca \u2013 V\u00e5r \u2013 Landeveissykling<\/strong>? <\/p>\n\n\n\n<p class=\"margin-top-half\">Nei, ikke i det hele tatt, Mallorca har mange fantastiske grusveier \u00e5 oppdage, og det gjorde vi!<\/p>\n\n\n\n<figure class=\"wp-block-image size-large\"><img loading=\"lazy\" decoding=\"async\" width=\"4000\" height=\"3000\" src=\"https:\/\/inzain.bike\/wp-content\/uploads\/2021\/04\/20210405_095406.jpg?w=1024\" alt=\"\" class=\"wp-image-119\" \/><\/figure>\n\n\n\n<p>Men alt fra begynnelsen. Opprinnelig var vi 26 personer som skulle til Alar\u00f3, en liten landsby ved foten av Orienten. Dette har vi gjort i flere \u00e5r, vi bor fantastisk i v\u00e5rt eget herskapshus med basseng, yogarom, egen vinkjeller og en fantastisk hage. V\u00e5r vertinne skjemmer oss bort, vi sykler, spiser godt og nyter livet med vinsmaking og tapas i tillegg til alle de fantastiske turene.<\/p>\n\n\n\n<figure class=\"wp-block-image size-large\"><img loading=\"lazy\" decoding=\"async\" width=\"4032\" height=\"3024\" src=\"https:\/\/inzain.bike\/wp-content\/uploads\/2021\/04\/165411931_466150988137609_3865724078445421573_n.jpg?w=1024\" alt=\"\" class=\"wp-image-117\" \/><\/figure>\n\n\n\n<p>I \u00e5r var vi syv stykker, s\u00e5 Can Fressas n\u00e5 1100 kvadratmeter store boareal var mildt sagt sparsomt bebodd.<br><br>N\u00e5r alle har samlet seg og kj\u00f8rt utsjekking, m\u00f8ter vi v\u00e5r Guide, Martin for f\u00f8rste grusrunde. Blandet asfalt, fin grusvei og s\u00e5 noen partier med enkeltspor. Det er Mallorca, s\u00e5 vi fikk selvf\u00f8lgelig litt h\u00f8yde ogs\u00e5. Som flaks var det inkludert b\u00e5de lunsj og kaffe p\u00e5 de dr\u00f8yt 73 km og 730 hm. Den verste bakken hadde 20%-helling, s\u00e5 selv om antall meter ikke er skummelt, svir det fortsatt, n\u00e5r det meste er ganske bratt. God trening.<\/p>\n\n\n\n<figure class=\"wp-block-image size-large\"><img loading=\"lazy\" decoding=\"async\" width=\"5184\" height=\"3888\" src=\"https:\/\/inzain.bike\/wp-content\/uploads\/2021\/04\/g0011386.jpg?w=1024\" alt=\"\" class=\"wp-image-121\" \/><\/figure>\n\n\n\n<p>Temperaturen stiger, og det er som en varm sommerdag, det f\u00f8les magisk \u00e5 ta av seg vinterkl\u00e6rne, sykle med bare ben og armer. Martin tar godt vare p\u00e5 oss, hjelper til og med n\u00e5r en av oss blir punket (Guess slang eller TL \ud83d\ude42 ).<\/p>\n\n\n\n<p>Vi har i fellesskap bestemt at vi spiser i boblen v\u00e5r, vi har hele huset for oss selv, s\u00e5 vi lager mat selv, eller bestiller mat som leveres direkte til huset. En fin m\u00e5te \u00e5 sosialisere p\u00e5<\/p>\n\n\n\n<figure class=\"wp-block-image size-large\"><img loading=\"lazy\" decoding=\"async\" width=\"3024\" height=\"4032\" src=\"https:\/\/inzain.bike\/wp-content\/uploads\/2021\/04\/received_163475168963992.jpeg?w=768\" alt=\"\" class=\"wp-image-124\" \/><\/figure>\n\n\n\n<p>Dagen etter bestemmer vi oss for \u00e5 ta Dan p\u00e5 ses Rotes tilbud om \u00e5 komme hjem til dem etter sykkelturen, pr\u00f8ve deres egne viner, se p\u00e5 de fantastiske hestene deres og spise litt ost. Veldig hyggelig og l\u00e6rerikt om hvordan vin lages og smaken er utformet, vi fikk ogs\u00e5 appelsinvin, noe som var nytt for meg. Dan og hans svenske kone Ellie har bodd p\u00e5 Mallorca i en \u00e5rrekke for \u00e5 gi d\u00f8trene best mulig oppvekst, kloke valg.<\/p>\n\n\n\n<p><\/p>\n\n\n\n<figure class=\"wp-block-image size-large\"><img loading=\"lazy\" decoding=\"async\" width=\"4000\" height=\"3000\" src=\"https:\/\/inzain.bike\/wp-content\/uploads\/2021\/04\/20210331_163817.jpg?w=1024\" alt=\"\" class=\"wp-image-125\" \/><\/figure>\n\n\n\n<p><\/p>\n\n\n\n<div class=\"wp-block-buttons is-layout-flex wp-block-buttons-is-layout-flex\"><\/div>\n\n\n\n<p>Dagen etter bestemmer vi oss for \u00e5 pr\u00f8ve en grustur gitt oss av Dan, men p\u00e5 egenh\u00e5nd. Det blir en utrolig fin tur med stor andel grus og nydelige veier.<\/p>\n\n\n\n<figure class=\"wp-block-image size-large\"><img decoding=\"async\" src=\"https:\/\/inzain.bike\/wp-content\/uploads\/2021\/04\/20210401_125754.jpg?w=1024\" alt=\"\" class=\"wp-image-127\" \/><\/figure>\n\n\n\n<p>St\u00f8vete veier, all\u00e9er og gamle elveleier blandes med kj\u00f8lige lunder og sm\u00e5 \u00e5ser. Milene ruller lett forbi og for meg viser dette seg \u00e5 v\u00e6re en av mine beste dager p\u00e5 \u00f8ya.<\/p>\n\n\n\n<figure class=\"wp-block-image size-large\"><img decoding=\"async\" src=\"https:\/\/inzain.bike\/wp-content\/uploads\/2021\/04\/g0012041.jpg?w=1024\" alt=\"\" class=\"wp-image-130\" \/><\/figure>\n\n\n\n<p>Turen blir ca 10 mil og 850 h\u00f8ydemeter. Vi har tid til lunsj og kaffe.<\/p>\n\n\n\n<figure class=\"wp-block-image size-large\"><img decoding=\"async\" src=\"https:\/\/inzain.bike\/wp-content\/uploads\/2021\/04\/g0012084.jpg?w=1024\" alt=\"\" class=\"wp-image-132\" \/><\/figure>\n\n\n\n<p>P\u00e5 kvelden tilberedes Hot Zucchini-gryte og jeg introduserer gjengen for den herlige spilll\u00f8gneren, eller lur som det heter p\u00e5 LiTH og KTH. Merkelig nok vinner jeg ogs\u00e5 :).<br><br>Vinen som Helga, v\u00e5r vertinne, tryller frem fra Sa Portassa, v\u00e5r egen vinkjeller er faktisk i toppklasse, vi har det grovt bra her p\u00e5 paradis\u00f8ya.<\/p>\n\n\n\n<figure class=\"wp-block-image size-large\"><img decoding=\"async\" src=\"https:\/\/inzain.bike\/wp-content\/uploads\/2021\/04\/g0012664.jpg?w=1024\" alt=\"\" class=\"wp-image-133\" \/><\/figure>\n\n\n\n<p>Mallorca har ogs\u00e5 asfalt og n\u00e5 er tiden inne for \u00e5 pr\u00f8ve en slik tur. Vi har bestemt oss for \u00e5 sykle Lluc hill eller col de Batalla og deretter videre til Puerto Pollenca, for lunsj og deretter hjem via mindre bakveier som jeg speidet ved en annen anledning. Klatringen opp til &quot;Tankstette&quot;, plassen p\u00e5 toppen, er en favoritt, fine serpentiner og litt skygge parret med flott utsikt og s\u00e5 en &quot;falsk flat&quot; etter 2\/3 slik at du kan hvile et minutt.<\/p>\n\n\n\n<p>Snart blir det en brutal nedoverbakke til Pollenca via col de Femenia, men f\u00f8rst en kaffe og noen sm\u00e5 bakker til toppen. Denne nedstigningen er veldig g\u00f8y med fine tilbakekoblinger og ekte utsikt, deretter en lang tur til Puerto Pollenca, for en bedre lunsj ved sj\u00f8en.<\/p>\n\n\n\n<figure class=\"wp-block-image size-large\"><img decoding=\"async\" src=\"https:\/\/inzain.bike\/wp-content\/uploads\/2021\/04\/g0033027.jpg?w=1024\" alt=\"\" class=\"wp-image-135\" \/><\/figure>\n\n\n\n<p>For meg begynner det beste med dagen n\u00e5, \u00e5 f\u00f8lge disse sm\u00e5 veiene som Mallorca er full av, ingen biler, endel\u00f8se g\u00e5rdsrom med steinvegger, blomsterdufter og ren nytelse.<\/p>\n\n\n\n<figure class=\"wp-block-image size-large\"><img decoding=\"async\" src=\"https:\/\/inzain.bike\/wp-content\/uploads\/2021\/04\/g0033177.jpg?w=1024\" alt=\"\" class=\"wp-image-137\" \/><\/figure>\n\n\n\n<p><br>P\u00e5 kvelden f\u00e5r vi lett grillet tunfisk med chilisalater av ulike slag og s\u00e5 Cr\u00e9me Brul\u00e9, livet kunne v\u00e6rt verre.<\/p>\n\n\n\n<p><strong>Parc de Llevant<\/strong><\/p>\n\n\n\n<p>Nord-\u00f8st p\u00e5 Mallorca ligger nasjonalparken Llevant, det er en helt ny del for meg og jeg var spent p\u00e5 \u00e5 se hva den kunne tilby. Vi hadde laget en rute som startet ved parkens parkeringsplass og arrangert transport av oss og syklene v\u00e5re dit. Det er litt kj\u00f8lig i luften, men den f\u00f8rste stigningen l\u00f8ser varmen. S\u00e5 starter v\u00e5r reise mot havet. Det er nok noe av det vakreste jeg har sett fra en sykkelsadel.<br>Vi mistet litt pusten alle sammen.<\/p>\n\n\n\n<figure class=\"wp-block-image size-large\"><img decoding=\"async\" src=\"https:\/\/inzain.bike\/wp-content\/uploads\/2021\/04\/20210404_094354.jpg?w=1024\" alt=\"\" class=\"wp-image-139\" \/><\/figure>\n\n\n\n<p>Mange partier ned var ganske bratte og de med smale dekk valgte noen ganger \u00e5 g\u00e5 ned, jeg hadde mine 52mm MTB-dekk og fant grep. Veien snor seg nedover men hele tiden ser vi havet og fjellene foran oss.<\/p>\n\n\n\n<p>Vel nede p\u00e5 stranden skulle vi \u00f8nske vi hadde tatt med oss en liten matpose, men vi tar inn lyden og utsikten f\u00f8r den strabasi\u00f8se reisen tilbake starter.<\/p>\n\n\n\n<figure class=\"wp-block-image size-large\"><img decoding=\"async\" src=\"https:\/\/inzain.bike\/wp-content\/uploads\/2021\/04\/20210404_102625.jpg?w=1024\" alt=\"\" class=\"wp-image-141\" \/><\/figure>\n\n\n\n<p>Det er mange t\u00f8ffe partier med teknisk grus og ogs\u00e5 noen bratte partier, mest 22%. Garmin Climb Pro-funksjonen min plukket opp en farge jeg ikke har sett f\u00f8r, svart! Men vi reiste oss. Det tok rundt tre timer p\u00e5 18 km, noe av en rekord i seg selv. \u00c5 kunne rulle ned til Arta p\u00e5 asfalt var ganske fint, det samme var en pastalunsj p\u00e5 torget.<\/p>\n\n\n\n<p>Neste del av turen blir ned til Manacor og vi valgte \u00e5 pr\u00f8ve Vias Verde, en gammel jernbanefylling p\u00e5 tre mil som er omgjort til en grusvei, alle stasjonene er der fortsatt og det hele er ganske morsomt og en litt rart fordi det er s\u00e5 moderne. Hvorfor ble skinnene fjernet? Det var i hvert fall heldig for oss.<\/p>\n\n\n\n<figure class=\"wp-block-image size-large\"><img decoding=\"async\" src=\"https:\/\/inzain.bike\/wp-content\/uploads\/2021\/04\/g0023909.jpg?w=1024\" alt=\"\" class=\"wp-image-143\" \/><\/figure>\n\n\n\n<p>Da vi ankom Manacor f\u00f8lte vi at det var nok for i dag, og praktisk nok g\u00e5r det tog p\u00e5 Mallorca. Selvf\u00f8lgelig er sykler velkommen, det er tross alt et sivilisert land...<\/p>\n\n\n\n<p>P\u00e5 kvelden har Helga arrangert vinsmaking og Tapas, fantastisk hyggelig og deilig. Selv l\u00e6rte jeg at man kanskje burde bruke spyttetongen noen ganger, det ble mange glass vin. Vi kom ogs\u00e5 til den konklusjonen at vi trenger gjengnavn, s\u00e5 Shiny Rider, Shady Riser, Slack Blatter, Dark Klingon, Ghost Rider og best av alt Dirk Diggler ble f\u00f8dt.<\/p>\n\n\n\n<p>P\u00e5 siste dag var det noen som valgte en fjelltur med col de Soller og Puig Major (aka Piggen) mens andre tok en mildere grustur p\u00e5 flaten, f\u00f8r det var p\u00e5 tide \u00e5 pakke sammen syklene, rydde i kj\u00f8leskapet og begynne \u00e5 glede seg. til neste tur hit, heldigvis blir det allerede i oktober, da vil vi ogs\u00e5 benytte anledningen til \u00e5 teste Gravel p\u00e5 Menorca og Martin har noen nye overraskelser, ikke g\u00e5 glipp av det.<br><br><\/p>\n\n\n\n<figure class=\"wp-block-image size-large\"><img decoding=\"async\" src=\"https:\/\/inzain.bike\/wp-content\/uploads\/2021\/04\/20210405_090449.jpg?w=1024\" alt=\"\" class=\"wp-image-145\" \/><\/figure>\n\n\n\n<figure class=\"wp-block-image size-large\"><img decoding=\"async\" src=\"https:\/\/inzain.bike\/wp-content\/uploads\/2021\/04\/20210405_090456.jpg?w=1024\" alt=\"\" class=\"wp-image-146\" \/><\/figure>\n\n\n\n<p><br><\/p>\n\n\n\n<p><br><\/p>\n<\/div>\n<\/div>\n<\/div>","protected":false},"excerpt":{"rendered":"<p>Mallorca &#8211; V\u00e5r &#8211; Landsv\u00e4gscykling? Nejd\u00e5 inte alls, Mallorca har m\u00e5nga grymma grusv\u00e4gar att uppt\u00e4cka, och det gjorde vi! Men allt fr\u00e5n b\u00f6rjan. Ursprungligen var vi 26 personer som skulle \u00e5ka till Alar\u00f3, en liten by vid foten av Orient. Vi har gjort s\u00e5 i flera \u00e5r, vi bor fantastiskt i ett eget mansion med [&hellip;]<\/p>\n","protected":false},"author":135133094,"featured_media":0,"parent":0,"menu_order":0,"comment_status":"closed","ping_status":"closed","template":"","meta":{"_coblocks_attr":"","_coblocks_dimensions":"","_coblocks_responsive_height":"","_coblocks_accordion_ie_support":"","footnotes":""},"class_list":["post-114","page","type-page","status-publish","hentry"],"yoast_head":"<!-- This site is optimized with the Yoast SEO plugin v27.2 - https:\/\/yoast.com\/product\/yoast-seo-wordpress\/ -->\n<title>Gravel p\u00e5 Mallorca Ride Report - INZAIN Cycling EXPERIENCES<\/title>\n<meta name=\"robots\" content=\"index, follow, max-snippet:-1, max-image-preview:large, max-video-preview:-1\" \/>\n<link rel=\"canonical\" href=\"https:\/\/inzain.bike\/nb\/gravel-pa-mallorca-ride-report\/\" \/>\n<meta property=\"og:locale\" content=\"nb_NO\" \/>\n<meta property=\"og:type\" content=\"article\" \/>\n<meta property=\"og:title\" content=\"Gravel p\u00e5 Mallorca Ride Report - INZAIN Cycling EXPERIENCES\" \/>\n<meta property=\"og:description\" content=\"Mallorca &#8211; V\u00e5r &#8211; Landsv\u00e4gscykling? Nejd\u00e5 inte alls, Mallorca har m\u00e5nga grymma grusv\u00e4gar att uppt\u00e4cka, och det gjorde vi! Men allt fr\u00e5n b\u00f6rjan. Ursprungligen var vi 26 personer som skulle \u00e5ka till Alar\u00f3, en liten by vid foten av Orient. Vi har gjort s\u00e5 i flera \u00e5r, vi bor fantastiskt i ett eget mansion med [&hellip;]\" \/>\n<meta property=\"og:url\" content=\"https:\/\/inzain.bike\/nb\/gravel-pa-mallorca-ride-report\/\" \/>\n<meta property=\"og:site_name\" content=\"INZAIN Cycling EXPERIENCES\" \/>\n<meta property=\"article:publisher\" content=\"https:\/\/www.facebook.com\/Inzain.bike\" \/>\n<meta property=\"og:image\" content=\"https:\/\/inzain.bike\/wp-content\/uploads\/2021\/04\/g0013561.jpg?w=1024\" \/>\n<meta name=\"twitter:card\" content=\"summary_large_image\" \/>\n<meta name=\"twitter:label1\" content=\"Ansl. lesetid\" \/>\n\t<meta name=\"twitter:data1\" content=\"6 minutter\" \/>\n<script type=\"application\/ld+json\" class=\"yoast-schema-graph\">{\"@context\":\"https:\/\/schema.org\",\"@graph\":[{\"@type\":\"WebPage\",\"@id\":\"https:\/\/inzain.bike\/en_gb\/gravel-pa-mallorca-ride-report\/\",\"url\":\"https:\/\/inzain.bike\/en_gb\/gravel-pa-mallorca-ride-report\/\",\"name\":\"Gravel p\u00e5 Mallorca Ride Report - INZAIN Cycling EXPERIENCES\",\"isPartOf\":{\"@id\":\"https:\/\/inzain.bike\/fr_be\/#website\"},\"primaryImageOfPage\":{\"@id\":\"https:\/\/inzain.bike\/en_gb\/gravel-pa-mallorca-ride-report\/#primaryimage\"},\"image\":{\"@id\":\"https:\/\/inzain.bike\/en_gb\/gravel-pa-mallorca-ride-report\/#primaryimage\"},\"thumbnailUrl\":\"https:\/\/inzain.bike\/wp-content\/uploads\/2021\/04\/g0013561.jpg?w=1024\",\"datePublished\":\"2021-04-07T17:02:41+00:00\",\"breadcrumb\":{\"@id\":\"https:\/\/inzain.bike\/en_gb\/gravel-pa-mallorca-ride-report\/#breadcrumb\"},\"inLanguage\":\"nb-NO\",\"potentialAction\":[{\"@type\":\"ReadAction\",\"target\":[\"https:\/\/inzain.bike\/en_gb\/gravel-pa-mallorca-ride-report\/\"]}]},{\"@type\":\"ImageObject\",\"inLanguage\":\"nb-NO\",\"@id\":\"https:\/\/inzain.bike\/en_gb\/gravel-pa-mallorca-ride-report\/#primaryimage\",\"url\":\"https:\/\/inzain.bike\/wp-content\/uploads\/2021\/04\/g0013561.jpg?w=1024\",\"contentUrl\":\"https:\/\/inzain.bike\/wp-content\/uploads\/2021\/04\/g0013561.jpg?w=1024\"},{\"@type\":\"BreadcrumbList\",\"@id\":\"https:\/\/inzain.bike\/en_gb\/gravel-pa-mallorca-ride-report\/#breadcrumb\",\"itemListElement\":[{\"@type\":\"ListItem\",\"position\":1,\"name\":\"Hem\",\"item\":\"https:\/\/inzain.bike\/fr_be\/\"},{\"@type\":\"ListItem\",\"position\":2,\"name\":\"Gravel p\u00e5 Mallorca Ride Report\"}]},{\"@type\":\"WebSite\",\"@id\":\"https:\/\/inzain.bike\/fr_be\/#website\",\"url\":\"https:\/\/inzain.bike\/fr_be\/\",\"name\":\"INZAIN Cycling EXPERIENCES\",\"description\":\"Cyckling Adventures  - for everyone\",\"publisher\":{\"@id\":\"https:\/\/inzain.bike\/fr_be\/#organization\"},\"alternateName\":\"INZAIN Gravel & Travel\",\"potentialAction\":[{\"@type\":\"SearchAction\",\"target\":{\"@type\":\"EntryPoint\",\"urlTemplate\":\"https:\/\/inzain.bike\/fr_be\/?s={search_term_string}\"},\"query-input\":{\"@type\":\"PropertyValueSpecification\",\"valueRequired\":true,\"valueName\":\"search_term_string\"}}],\"inLanguage\":\"nb-NO\"},{\"@type\":\"Organization\",\"@id\":\"https:\/\/inzain.bike\/fr_be\/#organization\",\"name\":\"INZAIN Cycling EXPERIENCES\",\"url\":\"https:\/\/inzain.bike\/fr_be\/\",\"logo\":{\"@type\":\"ImageObject\",\"inLanguage\":\"nb-NO\",\"@id\":\"https:\/\/inzain.bike\/fr_be\/#\/schema\/logo\/image\/\",\"url\":\"https:\/\/i0.wp.com\/inzain.bike\/wp-content\/uploads\/2023\/09\/cropped-INZAIN_512x512_white.png?fit=512%2C512&ssl=1\",\"contentUrl\":\"https:\/\/i0.wp.com\/inzain.bike\/wp-content\/uploads\/2023\/09\/cropped-INZAIN_512x512_white.png?fit=512%2C512&ssl=1\",\"width\":512,\"height\":512,\"caption\":\"INZAIN Cycling EXPERIENCES\"},\"image\":{\"@id\":\"https:\/\/inzain.bike\/fr_be\/#\/schema\/logo\/image\/\"},\"sameAs\":[\"https:\/\/www.facebook.com\/Inzain.bike\",\"https:\/\/www.instagram.com\/inzainbike\"]}]}<\/script>\n<!-- \/ Yoast SEO plugin. -->","yoast_head_json":{"title":"Turrapport for grus p\u00e5 Mallorca - INZAIN Cycling EXPERIENCES","robots":{"index":"index","follow":"follow","max-snippet":"max-snippet:-1","max-image-preview":"max-image-preview:large","max-video-preview":"max-video-preview:-1"},"canonical":"https:\/\/inzain.bike\/nb\/gravel-pa-mallorca-ride-report\/","og_locale":"nb_NO","og_type":"article","og_title":"Gravel p\u00e5 Mallorca Ride Report - INZAIN Cycling EXPERIENCES","og_description":"Mallorca &#8211; V\u00e5r &#8211; Landsv\u00e4gscykling? Nejd\u00e5 inte alls, Mallorca har m\u00e5nga grymma grusv\u00e4gar att uppt\u00e4cka, och det gjorde vi! Men allt fr\u00e5n b\u00f6rjan. Ursprungligen var vi 26 personer som skulle \u00e5ka till Alar\u00f3, en liten by vid foten av Orient. Vi har gjort s\u00e5 i flera \u00e5r, vi bor fantastiskt i ett eget mansion med [&hellip;]","og_url":"https:\/\/inzain.bike\/nb\/gravel-pa-mallorca-ride-report\/","og_site_name":"INZAIN Cycling EXPERIENCES","article_publisher":"https:\/\/www.facebook.com\/Inzain.bike","og_image":[{"url":"https:\/\/inzain.bike\/wp-content\/uploads\/2021\/04\/g0013561.jpg?w=1024","type":"","width":"","height":""}],"twitter_card":"summary_large_image","twitter_misc":{"Ansl. lesetid":"6 minutter"},"schema":{"@context":"https:\/\/schema.org","@graph":[{"@type":"WebPage","@id":"https:\/\/inzain.bike\/en_gb\/gravel-pa-mallorca-ride-report\/","url":"https:\/\/inzain.bike\/en_gb\/gravel-pa-mallorca-ride-report\/","name":"Turrapport for grus p\u00e5 Mallorca - INZAIN Cycling EXPERIENCES","isPartOf":{"@id":"https:\/\/inzain.bike\/fr_be\/#website"},"primaryImageOfPage":{"@id":"https:\/\/inzain.bike\/en_gb\/gravel-pa-mallorca-ride-report\/#primaryimage"},"image":{"@id":"https:\/\/inzain.bike\/en_gb\/gravel-pa-mallorca-ride-report\/#primaryimage"},"thumbnailUrl":"https:\/\/inzain.bike\/wp-content\/uploads\/2021\/04\/g0013561.jpg?w=1024","datePublished":"2021-04-07T17:02:41+00:00","breadcrumb":{"@id":"https:\/\/inzain.bike\/en_gb\/gravel-pa-mallorca-ride-report\/#breadcrumb"},"inLanguage":"nb-NO","potentialAction":[{"@type":"ReadAction","target":["https:\/\/inzain.bike\/en_gb\/gravel-pa-mallorca-ride-report\/"]}]},{"@type":"ImageObject","inLanguage":"nb-NO","@id":"https:\/\/inzain.bike\/en_gb\/gravel-pa-mallorca-ride-report\/#primaryimage","url":"https:\/\/inzain.bike\/wp-content\/uploads\/2021\/04\/g0013561.jpg?w=1024","contentUrl":"https:\/\/inzain.bike\/wp-content\/uploads\/2021\/04\/g0013561.jpg?w=1024"},{"@type":"BreadcrumbList","@id":"https:\/\/inzain.bike\/en_gb\/gravel-pa-mallorca-ride-report\/#breadcrumb","itemListElement":[{"@type":"ListItem","position":1,"name":"Hem","item":"https:\/\/inzain.bike\/fr_be\/"},{"@type":"ListItem","position":2,"name":"Gravel p\u00e5 Mallorca Ride Report"}]},{"@type":"WebSite","@id":"https:\/\/inzain.bike\/fr_be\/#website","url":"https:\/\/inzain.bike\/fr_be\/","name":"INZAIN SYKKELOPPLEVELSER","description":"Sykkeleventyr - for alle","publisher":{"@id":"https:\/\/inzain.bike\/fr_be\/#organization"},"alternateName":"INZAIN Gravel & Travel","potentialAction":[{"@type":"SearchAction","target":{"@type":"EntryPoint","urlTemplate":"https:\/\/inzain.bike\/fr_be\/?s={search_term_string}"},"query-input":{"@type":"PropertyValueSpecification","valueRequired":true,"valueName":"search_term_string"}}],"inLanguage":"nb-NO"},{"@type":"Organization","@id":"https:\/\/inzain.bike\/fr_be\/#organization","name":"INZAIN SYKKELOPPLEVELSER","url":"https:\/\/inzain.bike\/fr_be\/","logo":{"@type":"ImageObject","inLanguage":"nb-NO","@id":"https:\/\/inzain.bike\/fr_be\/#\/schema\/logo\/image\/","url":"https:\/\/i0.wp.com\/inzain.bike\/wp-content\/uploads\/2023\/09\/cropped-INZAIN_512x512_white.png?fit=512%2C512&ssl=1","contentUrl":"https:\/\/i0.wp.com\/inzain.bike\/wp-content\/uploads\/2023\/09\/cropped-INZAIN_512x512_white.png?fit=512%2C512&ssl=1","width":512,"height":512,"caption":"INZAIN Cycling EXPERIENCES"},"image":{"@id":"https:\/\/inzain.bike\/fr_be\/#\/schema\/logo\/image\/"},"sameAs":["https:\/\/www.facebook.com\/Inzain.bike","https:\/\/www.instagram.com\/inzainbike"]}]}},"amp_enabled":true,"_links":{"self":[{"href":"https:\/\/inzain.bike\/nb\/wp-json\/wp\/v2\/pages\/114","targetHints":{"allow":["GET"]}}],"collection":[{"href":"https:\/\/inzain.bike\/nb\/wp-json\/wp\/v2\/pages"}],"about":[{"href":"https:\/\/inzain.bike\/nb\/wp-json\/wp\/v2\/types\/page"}],"author":[{"embeddable":true,"href":"https:\/\/inzain.bike\/nb\/wp-json\/wp\/v2\/users\/135133094"}],"replies":[{"embeddable":true,"href":"https:\/\/inzain.bike\/nb\/wp-json\/wp\/v2\/comments?post=114"}],"version-history":[{"count":0,"href":"https:\/\/inzain.bike\/nb\/wp-json\/wp\/v2\/pages\/114\/revisions"}],"wp:attachment":[{"href":"https:\/\/inzain.bike\/nb\/wp-json\/wp\/v2\/media?parent=114"}],"curies":[{"name":"wp","href":"https:\/\/api.w.org\/{rel}","templated":true}]}}