{"id":1454,"date":"2022-01-18T12:54:23","date_gmt":"2022-01-18T11:54:23","guid":{"rendered":"https:\/\/inzain.bike\/?page_id=1454"},"modified":"2023-03-22T16:57:39","modified_gmt":"2023-03-22T15:57:39","slug":"villkor-deltagande","status":"publish","type":"page","link":"https:\/\/inzain.bike\/nb\/villkor-deltagande\/","title":{"rendered":"Vilk\u00e5r Deltakelse"},"content":{"rendered":"<h4 class=\"wp-block-heading\" id=\"dina-skyldigheter\"><strong>Dine forpliktelser&nbsp;<\/strong><\/h4>\n\n\n\n<p>Du m\u00e5: f\u00f8lge instruksjonene til guidene gjennom hele turen, bruke hjelm mens du sykler; ikke ri mens du er p\u00e5virket av alkohol eller narkotika; s\u00f8rg for \u00e5 ha reiseforsikring som dekker bagasje, sykkelutstyr og medisinske utgifter.<\/p>\n\n\n\n<h4 class=\"wp-block-heading\" id=\"vara-rattigheter\"><strong>V\u00e5re rettigheter<\/strong><\/h4>\n\n\n\n<p>Vi forbeholder oss retten til \u00e5 kansellere eller endre reisen din n\u00e5r som helst f\u00f8r avreise; p\u00e5 grunn av hendelser utenfor v\u00e5r kontroll, for eksempel, men ikke begrenset til: force majeure, flom, t\u00f8rke, jordskjelv eller annen naturkatastrofe; epidemi eller pandemi; terrorangrep, borgerkrig, oppr\u00f8r, streik eller oppr\u00f8r, krig, trussel om eller forberedelse til krig, v\u00e6pnet konflikt, innf\u00f8ring av sanksjoner, embargo eller avslutning av diplomatiske forbindelser; kjernefysisk, kjemisk eller biologisk forurensning; eller kollaps av bygninger, brann, eksplosjon eller ulykke (samlet &quot;hendelser utenfor v\u00e5r kontroll&quot;). Vi forbeholder oss ogs\u00e5 retten til \u00e5 kansellere eller endre reisen din n\u00e5r som helst f\u00f8r avreise (etter eget skj\u00f8nn), selv om vi forsikrer deg om at vi vil fors\u00f8ke \u00e5 gj\u00f8re det bare n\u00e5r det er absolutt n\u00f8dvendig. Turen er en gruppereise, hvis ikke mange melder seg p\u00e5 kan den bli kansellert, i s\u00e5 fall vil det bli refundert, for flybilletter gjelder spesielle betingelser.<\/p>\n\n\n\n<h4 class=\"wp-block-heading\" id=\"overfora-resan\"><strong>Overf\u00f8r turen&nbsp;<\/strong><\/h4>\n\n\n\n<p>Hvis en forretningsmessig eller personlig n\u00f8dsituasjon ville hindre deg i \u00e5 reise p\u00e5 reisen din, kan du overf\u00f8re til en annen reise som: har seter igjen p\u00e5 den og som er planlagt \u00e5 reise innen to \u00e5r etter reisen du opprinnelig registrerte deg for . Det er ingen gebyrer for \u00e5 overf\u00f8re alle betalingene dine til en annen reise. <\/p>\n\n\n\n<h4 class=\"wp-block-heading\" id=\"andringar-av-din-resa\"><strong>Endringer p\u00e5 reisen din<\/strong><\/h4>\n\n\n\n<p>Vi vil gj\u00f8re v\u00e5rt beste for \u00e5 sikre at reiseruten for turen ikke trenger \u00e5 endres. Imidlertid, hvis en hendelse utenfor v\u00e5r kontroll inntreffer (det kan hende vi ikke kan f\u00f8lge v\u00e5re annonserte reiseruter eller tidsplaner). Hvis eventuelle tilleggskostnader som p\u00e5l\u00f8per p\u00e5 grunn av forsinkelser, ulykker eller forstyrrelser av den planlagte reiseruten skyldes hendelser utenfor v\u00e5r kontroll, kan vi ikke refundere deg for slike kostnader.<\/p>\n\n\n\n<h4 class=\"wp-block-heading\" id=\"upphavande\"><strong>Oppheve&nbsp;<\/strong><\/h4>\n\n\n\n<p>Ved bestilling: samtykker du i at du har mottatt og lest all informasjon vi har gitt deg ang\u00e5ende reisen; du aksepterer at eventuelle anbefalinger gitt av oss ang\u00e5ende klima, kl\u00e6r, spesialutstyr, topografi osv. er laget i god tro, men at vi ikke kan garantere n\u00f8yaktigheten eller fullstendigheten; du aksepterer at det er ditt ansvar \u00e5 arrangere forsikring som dekker deg under reisens varighet; du bekrefter din bevissthet om den fysisk krevende naturen til turene v\u00e5re og aksepterer risikoen og farene ved turene v\u00e5re, inkludert farer mens du sykler enten p\u00e5 eller utenfor veien og enhver risiko som oppst\u00e5r fra (blant annet) d\u00e5rlig v\u00e6r og varierende tilstand p\u00e5 veiene og\/eller spor; aksepterer risikoen for (blant annet) forsinkelser, endringer, tap av eller skade p\u00e5 eiendom, ulemper og ulemper; og godtar f\u00f8lgende av punkt nedenfor, deltar du p\u00e5 turen, og rir, p\u00e5 eget ansvar.<\/p>\n\n\n\n<h4 class=\"wp-block-heading\" id=\"tillamplig-lag-och-jurisdiktion\"><strong>Gjeldende lov og jurisdiksjon<\/strong><\/h4>\n\n\n\n<p>Enhver tvist skal avgj\u00f8res i henhold til dette:<a href=\"https:\/\/sccinstitute.se\/vara-tjanster\/forenklat-skiljeforfarande\/\">https:\/\/sccinstitute.se\/vara-tjanster\/forenklat-skiljeforfarande\/<\/a><\/p>","protected":false},"excerpt":{"rendered":"<p>Dina skyldigheter&nbsp; Du ska: f\u00f6lja instruktionerna fr\u00e5n guiderna under hela turen, b\u00e4ra hj\u00e4lm under cykling; inte cykla n\u00e4r du \u00e4r p\u00e5verkad av alkohol eller droger; f\u00f6rs\u00e4kra dig om att du har en resef\u00f6rs\u00e4kring som t\u00e4cker bagage, cykelutrustning och sjukv\u00e5rdskostnader. V\u00e5ra r\u00e4ttigheter Vi f\u00f6rbeh\u00e5ller oss r\u00e4tten att avbryta eller \u00e4ndra din resa n\u00e4r som helst innan [&hellip;]<\/p>\n","protected":false},"author":135133094,"featured_media":0,"parent":0,"menu_order":0,"comment_status":"closed","ping_status":"closed","template":"","meta":{"_coblocks_attr":"","_coblocks_dimensions":"","_coblocks_responsive_height":"","_coblocks_accordion_ie_support":"","footnotes":""},"class_list":["post-1454","page","type-page","status-publish","hentry"],"yoast_head":"<!-- This site is optimized with the Yoast SEO plugin v27.2 - https:\/\/yoast.com\/product\/yoast-seo-wordpress\/ -->\n<title>Villkor Deltagande - INZAIN Cycling EXPERIENCES<\/title>\n<meta name=\"robots\" content=\"index, follow, max-snippet:-1, max-image-preview:large, max-video-preview:-1\" \/>\n<link rel=\"canonical\" href=\"https:\/\/inzain.bike\/nb\/villkor-deltagande\/\" \/>\n<meta property=\"og:locale\" content=\"nb_NO\" \/>\n<meta property=\"og:type\" content=\"article\" \/>\n<meta property=\"og:title\" content=\"Villkor Deltagande - INZAIN Cycling EXPERIENCES\" \/>\n<meta property=\"og:description\" content=\"Dina skyldigheter&nbsp; Du ska: f\u00f6lja instruktionerna fr\u00e5n guiderna under hela turen, b\u00e4ra hj\u00e4lm under cykling; inte cykla n\u00e4r du \u00e4r p\u00e5verkad av alkohol eller droger; f\u00f6rs\u00e4kra dig om att du har en resef\u00f6rs\u00e4kring som t\u00e4cker bagage, cykelutrustning och sjukv\u00e5rdskostnader. V\u00e5ra r\u00e4ttigheter Vi f\u00f6rbeh\u00e5ller oss r\u00e4tten att avbryta eller \u00e4ndra din resa n\u00e4r som helst innan [&hellip;]\" \/>\n<meta property=\"og:url\" content=\"https:\/\/inzain.bike\/nb\/villkor-deltagande\/\" \/>\n<meta property=\"og:site_name\" content=\"INZAIN Cycling EXPERIENCES\" \/>\n<meta property=\"article:publisher\" content=\"https:\/\/www.facebook.com\/Inzain.bike\" \/>\n<meta property=\"article:modified_time\" content=\"2023-03-22T15:57:39+00:00\" \/>\n<meta name=\"twitter:card\" content=\"summary_large_image\" \/>\n<meta name=\"twitter:label1\" content=\"Ansl. lesetid\" \/>\n\t<meta name=\"twitter:data1\" content=\"3 minutter\" \/>\n<script type=\"application\/ld+json\" class=\"yoast-schema-graph\">{\"@context\":\"https:\/\/schema.org\",\"@graph\":[{\"@type\":\"WebPage\",\"@id\":\"https:\/\/inzain.bike\/en_gb\/villkor-deltagande\/\",\"url\":\"https:\/\/inzain.bike\/en_gb\/villkor-deltagande\/\",\"name\":\"Villkor Deltagande - INZAIN Cycling EXPERIENCES\",\"isPartOf\":{\"@id\":\"https:\/\/inzain.bike\/fr_be\/#website\"},\"datePublished\":\"2022-01-18T11:54:23+00:00\",\"dateModified\":\"2023-03-22T15:57:39+00:00\",\"breadcrumb\":{\"@id\":\"https:\/\/inzain.bike\/en_gb\/villkor-deltagande\/#breadcrumb\"},\"inLanguage\":\"nb-NO\",\"potentialAction\":[{\"@type\":\"ReadAction\",\"target\":[\"https:\/\/inzain.bike\/en_gb\/villkor-deltagande\/\"]}]},{\"@type\":\"BreadcrumbList\",\"@id\":\"https:\/\/inzain.bike\/en_gb\/villkor-deltagande\/#breadcrumb\",\"itemListElement\":[{\"@type\":\"ListItem\",\"position\":1,\"name\":\"Hem\",\"item\":\"https:\/\/inzain.bike\/fr_be\/\"},{\"@type\":\"ListItem\",\"position\":2,\"name\":\"Villkor Deltagande\"}]},{\"@type\":\"WebSite\",\"@id\":\"https:\/\/inzain.bike\/fr_be\/#website\",\"url\":\"https:\/\/inzain.bike\/fr_be\/\",\"name\":\"INZAIN Cycling EXPERIENCES\",\"description\":\"Cyckling Adventures  - for everyone\",\"publisher\":{\"@id\":\"https:\/\/inzain.bike\/fr_be\/#organization\"},\"alternateName\":\"INZAIN Gravel & Travel\",\"potentialAction\":[{\"@type\":\"SearchAction\",\"target\":{\"@type\":\"EntryPoint\",\"urlTemplate\":\"https:\/\/inzain.bike\/fr_be\/?s={search_term_string}\"},\"query-input\":{\"@type\":\"PropertyValueSpecification\",\"valueRequired\":true,\"valueName\":\"search_term_string\"}}],\"inLanguage\":\"nb-NO\"},{\"@type\":\"Organization\",\"@id\":\"https:\/\/inzain.bike\/fr_be\/#organization\",\"name\":\"INZAIN Cycling EXPERIENCES\",\"url\":\"https:\/\/inzain.bike\/fr_be\/\",\"logo\":{\"@type\":\"ImageObject\",\"inLanguage\":\"nb-NO\",\"@id\":\"https:\/\/inzain.bike\/fr_be\/#\/schema\/logo\/image\/\",\"url\":\"https:\/\/i0.wp.com\/inzain.bike\/wp-content\/uploads\/2023\/09\/cropped-INZAIN_512x512_white.png?fit=512%2C512&ssl=1\",\"contentUrl\":\"https:\/\/i0.wp.com\/inzain.bike\/wp-content\/uploads\/2023\/09\/cropped-INZAIN_512x512_white.png?fit=512%2C512&ssl=1\",\"width\":512,\"height\":512,\"caption\":\"INZAIN Cycling EXPERIENCES\"},\"image\":{\"@id\":\"https:\/\/inzain.bike\/fr_be\/#\/schema\/logo\/image\/\"},\"sameAs\":[\"https:\/\/www.facebook.com\/Inzain.bike\",\"https:\/\/www.instagram.com\/inzainbike\"]}]}<\/script>\n<!-- \/ Yoast SEO plugin. -->","yoast_head_json":{"title":"Deltakelsesvilk\u00e5r - INZAIN Cycling EXPERIENCES","robots":{"index":"index","follow":"follow","max-snippet":"max-snippet:-1","max-image-preview":"max-image-preview:large","max-video-preview":"max-video-preview:-1"},"canonical":"https:\/\/inzain.bike\/nb\/villkor-deltagande\/","og_locale":"nb_NO","og_type":"article","og_title":"Villkor Deltagande - INZAIN Cycling EXPERIENCES","og_description":"Dina skyldigheter&nbsp; Du ska: f\u00f6lja instruktionerna fr\u00e5n guiderna under hela turen, b\u00e4ra hj\u00e4lm under cykling; inte cykla n\u00e4r du \u00e4r p\u00e5verkad av alkohol eller droger; f\u00f6rs\u00e4kra dig om att du har en resef\u00f6rs\u00e4kring som t\u00e4cker bagage, cykelutrustning och sjukv\u00e5rdskostnader. V\u00e5ra r\u00e4ttigheter Vi f\u00f6rbeh\u00e5ller oss r\u00e4tten att avbryta eller \u00e4ndra din resa n\u00e4r som helst innan [&hellip;]","og_url":"https:\/\/inzain.bike\/nb\/villkor-deltagande\/","og_site_name":"INZAIN Cycling EXPERIENCES","article_publisher":"https:\/\/www.facebook.com\/Inzain.bike","article_modified_time":"2023-03-22T15:57:39+00:00","twitter_card":"summary_large_image","twitter_misc":{"Ansl. lesetid":"3 minutter"},"schema":{"@context":"https:\/\/schema.org","@graph":[{"@type":"WebPage","@id":"https:\/\/inzain.bike\/en_gb\/villkor-deltagande\/","url":"https:\/\/inzain.bike\/en_gb\/villkor-deltagande\/","name":"Deltakelsesvilk\u00e5r - INZAIN Cycling EXPERIENCES","isPartOf":{"@id":"https:\/\/inzain.bike\/fr_be\/#website"},"datePublished":"2022-01-18T11:54:23+00:00","dateModified":"2023-03-22T15:57:39+00:00","breadcrumb":{"@id":"https:\/\/inzain.bike\/en_gb\/villkor-deltagande\/#breadcrumb"},"inLanguage":"nb-NO","potentialAction":[{"@type":"ReadAction","target":["https:\/\/inzain.bike\/en_gb\/villkor-deltagande\/"]}]},{"@type":"BreadcrumbList","@id":"https:\/\/inzain.bike\/en_gb\/villkor-deltagande\/#breadcrumb","itemListElement":[{"@type":"ListItem","position":1,"name":"Hem","item":"https:\/\/inzain.bike\/fr_be\/"},{"@type":"ListItem","position":2,"name":"Villkor Deltagande"}]},{"@type":"WebSite","@id":"https:\/\/inzain.bike\/fr_be\/#website","url":"https:\/\/inzain.bike\/fr_be\/","name":"INZAIN SYKKELOPPLEVELSER","description":"Sykkeleventyr - for alle","publisher":{"@id":"https:\/\/inzain.bike\/fr_be\/#organization"},"alternateName":"INZAIN Gravel & Travel","potentialAction":[{"@type":"SearchAction","target":{"@type":"EntryPoint","urlTemplate":"https:\/\/inzain.bike\/fr_be\/?s={search_term_string}"},"query-input":{"@type":"PropertyValueSpecification","valueRequired":true,"valueName":"search_term_string"}}],"inLanguage":"nb-NO"},{"@type":"Organization","@id":"https:\/\/inzain.bike\/fr_be\/#organization","name":"INZAIN SYKKELOPPLEVELSER","url":"https:\/\/inzain.bike\/fr_be\/","logo":{"@type":"ImageObject","inLanguage":"nb-NO","@id":"https:\/\/inzain.bike\/fr_be\/#\/schema\/logo\/image\/","url":"https:\/\/i0.wp.com\/inzain.bike\/wp-content\/uploads\/2023\/09\/cropped-INZAIN_512x512_white.png?fit=512%2C512&ssl=1","contentUrl":"https:\/\/i0.wp.com\/inzain.bike\/wp-content\/uploads\/2023\/09\/cropped-INZAIN_512x512_white.png?fit=512%2C512&ssl=1","width":512,"height":512,"caption":"INZAIN Cycling EXPERIENCES"},"image":{"@id":"https:\/\/inzain.bike\/fr_be\/#\/schema\/logo\/image\/"},"sameAs":["https:\/\/www.facebook.com\/Inzain.bike","https:\/\/www.instagram.com\/inzainbike"]}]}},"amp_enabled":true,"_links":{"self":[{"href":"https:\/\/inzain.bike\/nb\/wp-json\/wp\/v2\/pages\/1454","targetHints":{"allow":["GET"]}}],"collection":[{"href":"https:\/\/inzain.bike\/nb\/wp-json\/wp\/v2\/pages"}],"about":[{"href":"https:\/\/inzain.bike\/nb\/wp-json\/wp\/v2\/types\/page"}],"author":[{"embeddable":true,"href":"https:\/\/inzain.bike\/nb\/wp-json\/wp\/v2\/users\/135133094"}],"replies":[{"embeddable":true,"href":"https:\/\/inzain.bike\/nb\/wp-json\/wp\/v2\/comments?post=1454"}],"version-history":[{"count":0,"href":"https:\/\/inzain.bike\/nb\/wp-json\/wp\/v2\/pages\/1454\/revisions"}],"wp:attachment":[{"href":"https:\/\/inzain.bike\/nb\/wp-json\/wp\/v2\/media?parent=1454"}],"curies":[{"name":"wp","href":"https:\/\/api.w.org\/{rel}","templated":true}]}}