{"id":1585,"date":"2022-03-08T11:05:33","date_gmt":"2022-03-08T10:05:33","guid":{"rendered":"https:\/\/inzain.bike\/?page_id=1585"},"modified":"2024-03-10T14:31:42","modified_gmt":"2024-03-10T13:31:42","slug":"terms","status":"publish","type":"page","link":"https:\/\/inzain.bike\/nb\/terms\/","title":{"rendered":"Betingelser for arrangementet"},"content":{"rendered":"<h4 class=\"wp-block-heading\" id=\"dina-skyldigheter\"><strong>Dine forpliktelser&nbsp;<\/strong><\/h4>\n\n\n\n<p><strong>Du skal:<\/strong><\/p>\n\n\n\n<ul class=\"wp-block-list\">\n<li>F\u00f8lg instruksjonene til guidene gjennom hele turen<\/li>\n\n\n\n<li>Bruk hjelm mens du sykler<\/li>\n\n\n\n<li>Ikke sykle mens du er p\u00e5virket av alkohol eller narkotika<\/li>\n\n\n\n<li>S\u00f8rg for \u00e5 ha reiseforsikring som dekker bagasje, sykkelutstyr og medisinske utgifter.<\/li>\n<\/ul>\n\n\n\n<h4 class=\"wp-block-heading\" id=\"vara-rattigheter\"><strong>V\u00e5re rettigheter<\/strong><\/h4>\n\n\n\n<p>Vi forbeholder oss retten til \u00e5 kansellere eller endre reisen din n\u00e5r som helst f\u00f8r avreise p\u00e5 grunn av hendelser utenfor v\u00e5r kontroll, for eksempel, men ikke begrenset til:<\/p>\n\n\n\n<ul class=\"wp-block-list\">\n<li>Force majeure; flom; t\u00f8rke; atomv\u00e5pen, kjemisk eller biologisk forurensning, kollaps av bygninger, brann, eksplosjon eller ulykke, (samlet &quot;hendelser utenfor v\u00e5r kontroll&quot;).<\/li>\n<\/ul>\n\n\n\n<p>Vi forbeholder oss ogs\u00e5 retten til \u00e5 kansellere eller endre reisen din n\u00e5r som helst f\u00f8r avreise (etter eget skj\u00f8nn), selv om vi forsikrer deg om at vi vil fors\u00f8ke \u00e5 gj\u00f8re det bare n\u00e5r det er absolutt n\u00f8dvendig.<\/p>\n\n\n\n<h4 class=\"wp-block-heading\" id=\"overfora-resan\"><strong>Overf\u00f8r turen&nbsp;<\/strong><\/h4>\n\n\n\n<p>Hvis en forretningsmessig eller personlig n\u00f8dsituasjon ville hindre deg i \u00e5 dra p\u00e5 reisen, kan du overf\u00f8re den til en annen person for \u00e5 bli godkjent av INZAIN. Hvis personen blir godkjent, betaler du og din erstatter kostnaden.<br>INZAIN foretar ikke refusjon, med mindre kansellering skjer innen fastsatt tid, se avsnitt refusjoner.<\/p>\n\n\n\n<h4 class=\"wp-block-heading\" id=\"andringar-av-din-resa\"><strong>Endringer p\u00e5 reisen din<\/strong><\/h4>\n\n\n\n<p>Vi vil gj\u00f8re v\u00e5rt beste for \u00e5 sikre at reiseruten for turen ikke trenger \u00e5 endres. Imidlertid, hvis en hendelse utenfor v\u00e5r kontroll inntreffer (det kan hende vi ikke kan f\u00f8lge v\u00e5re annonserte reiseruter eller tidsplaner). Hvis eventuelle tilleggskostnader som p\u00e5l\u00f8per p\u00e5 grunn av forsinkelser, ulykker eller forstyrrelser av den planlagte reiseruten skyldes hendelser utenfor v\u00e5r kontroll, kan vi ikke refundere deg for slike kostnader.<\/p>\n\n\n\n<h4 class=\"wp-block-heading\" id=\"upphavande\"><strong>Oppheve&nbsp;<\/strong><\/h4>\n\n\n\n<p><strong>Ved bestilling:<\/strong><\/p>\n\n\n\n<ul class=\"wp-block-list\">\n<li>Du samtykker i at du har mottatt og lest all informasjonen vi har gitt deg ang\u00e5ende reisen<\/li>\n\n\n\n<li>Du aksepterer at eventuelle anbefalinger gitt av oss ang\u00e5ende klima, kl\u00e6r, spesialutstyr, topografi osv. er gitt i god tro, men at vi ikke kan garantere n\u00f8yaktigheten eller fullstendigheten.<\/li>\n\n\n\n<li>Du aksepterer at det er ditt ansvar \u00e5 ordne forsikring som dekker deg for hele reisen<\/li>\n\n\n\n<li>Du bekrefter din bevissthet om den fysisk krevende naturen til turene v\u00e5re og aksepterer risikoene og farene ved turene v\u00e5re, inkludert farer mens du sykler enten p\u00e5 eller utenfor veien og enhver risiko som oppst\u00e5r fra (blant annet) d\u00e5rlig v\u00e6r og varierende tilstand p\u00e5 veiene og\/eller spor<\/li>\n\n\n\n<li>Aksepterer risikoen for (blant annet) forsinkelser, endringer, tap av eller skade p\u00e5 eiendom, ulemper og ulemper<\/li>\n\n\n\n<li>I tillegg til \u00e5 godta f\u00f8lgende av punktene nedenfor, deltar du p\u00e5 turen, og sykler, p\u00e5 eget ansvar.<\/li>\n<\/ul>\n\n\n\n<h4 class=\"wp-block-heading\" id=\"tillamplig-lag-och-jurisdiktion\"><strong>Gjeldende lov og jurisdiksjon<\/strong><\/h4>\n\n\n\n<p>Enhver tvist skal avgj\u00f8res i henhold til dette: <a href=\"https:\/\/sccinstitute.se\/vara-tjanster\/forenklat-skiljeforfarande\/\">https:\/\/sccinstitute.se\/vara-tjanster\/forenklat-skiljeforfarande\/<\/a>\u2018&#039;\u2018<\/p>\n\n\n\n<p><strong>Sykdom<\/strong><\/p>\n\n\n\n<p>Som deltaker b\u00f8r du gjennomg\u00e5 forsikringen din, slik at den dekker kostnaden dersom du m\u00e5 si opp p\u00e5 grunn av sykdom. INZAIN har intet ansvar for refusjon ved sykdom, dersom dette skjer etter at betaling er foretatt<\/p>\n\n\n\n<p><strong>Refusjon<\/strong><\/p>\n\n\n\n<p>Ved bestilling betales reisen. Dersom du velger \u00e5 avbestille, gjelder f\u00f8lgende:<br>30% kan aldri refunderes, det er bestillingsgebyret.<br>70% refunderes ved avbestilling senest 120 dager f\u00f8r avreise, etter det er det ingen refusjon.<\/p>\n\n\n\n<p><\/p>\n\n\n\n<p><\/p>","protected":false},"excerpt":{"rendered":"<p>Dina skyldigheter&nbsp; Du skall: V\u00e5ra r\u00e4ttigheter Vi f\u00f6rbeh\u00e5ller oss r\u00e4tten att avbryta eller \u00e4ndra din resa n\u00e4r som helst innan avresa p\u00e5 grund av h\u00e4ndelser utanf\u00f6r v\u00e5r kontroll, s\u00e5som men inte begr\u00e4nsat till: Vi f\u00f6rbeh\u00e5ller oss ocks\u00e5 r\u00e4tten att st\u00e4lla in eller \u00e4ndra din resa n\u00e4r som helst f\u00f6re avresa (efter eget godtycke), \u00e4ven om [&hellip;]<\/p>\n","protected":false},"author":135133094,"featured_media":0,"parent":0,"menu_order":0,"comment_status":"closed","ping_status":"closed","template":"","meta":{"_coblocks_attr":"","_coblocks_dimensions":"","_coblocks_responsive_height":"","_coblocks_accordion_ie_support":"","footnotes":""},"class_list":["post-1585","page","type-page","status-publish","hentry"],"yoast_head":"<!-- This site is optimized with the Yoast SEO plugin v27.2 - https:\/\/yoast.com\/product\/yoast-seo-wordpress\/ -->\n<title>Villkor f\u00f6r eventet - INZAIN Cycling EXPERIENCES<\/title>\n<meta name=\"robots\" content=\"index, follow, max-snippet:-1, max-image-preview:large, max-video-preview:-1\" \/>\n<link rel=\"canonical\" href=\"https:\/\/inzain.bike\/nb\/terms\/\" \/>\n<meta property=\"og:locale\" content=\"nb_NO\" \/>\n<meta property=\"og:type\" content=\"article\" \/>\n<meta property=\"og:title\" content=\"Villkor f\u00f6r eventet - INZAIN Cycling EXPERIENCES\" \/>\n<meta property=\"og:description\" content=\"Dina skyldigheter&nbsp; Du skall: V\u00e5ra r\u00e4ttigheter Vi f\u00f6rbeh\u00e5ller oss r\u00e4tten att avbryta eller \u00e4ndra din resa n\u00e4r som helst innan avresa p\u00e5 grund av h\u00e4ndelser utanf\u00f6r v\u00e5r kontroll, s\u00e5som men inte begr\u00e4nsat till: Vi f\u00f6rbeh\u00e5ller oss ocks\u00e5 r\u00e4tten att st\u00e4lla in eller \u00e4ndra din resa n\u00e4r som helst f\u00f6re avresa (efter eget godtycke), \u00e4ven om [&hellip;]\" \/>\n<meta property=\"og:url\" content=\"https:\/\/inzain.bike\/nb\/terms\/\" \/>\n<meta property=\"og:site_name\" content=\"INZAIN Cycling EXPERIENCES\" \/>\n<meta property=\"article:publisher\" content=\"https:\/\/www.facebook.com\/Inzain.bike\" \/>\n<meta property=\"article:modified_time\" content=\"2024-03-10T13:31:42+00:00\" \/>\n<meta name=\"twitter:card\" content=\"summary_large_image\" \/>\n<meta name=\"twitter:label1\" content=\"Ansl. lesetid\" \/>\n\t<meta name=\"twitter:data1\" content=\"3 minutter\" \/>\n<script type=\"application\/ld+json\" class=\"yoast-schema-graph\">{\"@context\":\"https:\/\/schema.org\",\"@graph\":[{\"@type\":\"WebPage\",\"@id\":\"https:\/\/inzain.bike\/nl_be\/terms\/\",\"url\":\"https:\/\/inzain.bike\/nl_be\/terms\/\",\"name\":\"Villkor f\u00f6r eventet - INZAIN Cycling EXPERIENCES\",\"isPartOf\":{\"@id\":\"https:\/\/inzain.bike\/fr_be\/#website\"},\"datePublished\":\"2022-03-08T10:05:33+00:00\",\"dateModified\":\"2024-03-10T13:31:42+00:00\",\"breadcrumb\":{\"@id\":\"https:\/\/inzain.bike\/nl_be\/terms\/#breadcrumb\"},\"inLanguage\":\"nb-NO\",\"potentialAction\":[{\"@type\":\"ReadAction\",\"target\":[\"https:\/\/inzain.bike\/nl_be\/terms\/\"]}]},{\"@type\":\"BreadcrumbList\",\"@id\":\"https:\/\/inzain.bike\/nl_be\/terms\/#breadcrumb\",\"itemListElement\":[{\"@type\":\"ListItem\",\"position\":1,\"name\":\"Hem\",\"item\":\"https:\/\/inzain.bike\/fr_be\/\"},{\"@type\":\"ListItem\",\"position\":2,\"name\":\"Villkor f\u00f6r eventet\"}]},{\"@type\":\"WebSite\",\"@id\":\"https:\/\/inzain.bike\/fr_be\/#website\",\"url\":\"https:\/\/inzain.bike\/fr_be\/\",\"name\":\"INZAIN Cycling EXPERIENCES\",\"description\":\"Cyckling Adventures  - for everyone\",\"publisher\":{\"@id\":\"https:\/\/inzain.bike\/fr_be\/#organization\"},\"alternateName\":\"INZAIN Gravel & Travel\",\"potentialAction\":[{\"@type\":\"SearchAction\",\"target\":{\"@type\":\"EntryPoint\",\"urlTemplate\":\"https:\/\/inzain.bike\/fr_be\/?s={search_term_string}\"},\"query-input\":{\"@type\":\"PropertyValueSpecification\",\"valueRequired\":true,\"valueName\":\"search_term_string\"}}],\"inLanguage\":\"nb-NO\"},{\"@type\":\"Organization\",\"@id\":\"https:\/\/inzain.bike\/fr_be\/#organization\",\"name\":\"INZAIN Cycling EXPERIENCES\",\"url\":\"https:\/\/inzain.bike\/fr_be\/\",\"logo\":{\"@type\":\"ImageObject\",\"inLanguage\":\"nb-NO\",\"@id\":\"https:\/\/inzain.bike\/fr_be\/#\/schema\/logo\/image\/\",\"url\":\"https:\/\/i0.wp.com\/inzain.bike\/wp-content\/uploads\/2023\/09\/cropped-INZAIN_512x512_white.png?fit=512%2C512&ssl=1\",\"contentUrl\":\"https:\/\/i0.wp.com\/inzain.bike\/wp-content\/uploads\/2023\/09\/cropped-INZAIN_512x512_white.png?fit=512%2C512&ssl=1\",\"width\":512,\"height\":512,\"caption\":\"INZAIN Cycling EXPERIENCES\"},\"image\":{\"@id\":\"https:\/\/inzain.bike\/fr_be\/#\/schema\/logo\/image\/\"},\"sameAs\":[\"https:\/\/www.facebook.com\/Inzain.bike\",\"https:\/\/www.instagram.com\/inzainbike\"]}]}<\/script>\n<!-- \/ Yoast SEO plugin. -->","yoast_head_json":{"title":"Vilk\u00e5r og betingelser for arrangementet - INZAIN Cycling EXPERIENCES","robots":{"index":"index","follow":"follow","max-snippet":"max-snippet:-1","max-image-preview":"max-image-preview:large","max-video-preview":"max-video-preview:-1"},"canonical":"https:\/\/inzain.bike\/nb\/terms\/","og_locale":"nb_NO","og_type":"article","og_title":"Villkor f\u00f6r eventet - INZAIN Cycling EXPERIENCES","og_description":"Dina skyldigheter&nbsp; Du skall: V\u00e5ra r\u00e4ttigheter Vi f\u00f6rbeh\u00e5ller oss r\u00e4tten att avbryta eller \u00e4ndra din resa n\u00e4r som helst innan avresa p\u00e5 grund av h\u00e4ndelser utanf\u00f6r v\u00e5r kontroll, s\u00e5som men inte begr\u00e4nsat till: Vi f\u00f6rbeh\u00e5ller oss ocks\u00e5 r\u00e4tten att st\u00e4lla in eller \u00e4ndra din resa n\u00e4r som helst f\u00f6re avresa (efter eget godtycke), \u00e4ven om [&hellip;]","og_url":"https:\/\/inzain.bike\/nb\/terms\/","og_site_name":"INZAIN Cycling EXPERIENCES","article_publisher":"https:\/\/www.facebook.com\/Inzain.bike","article_modified_time":"2024-03-10T13:31:42+00:00","twitter_card":"summary_large_image","twitter_misc":{"Ansl. lesetid":"3 minutter"},"schema":{"@context":"https:\/\/schema.org","@graph":[{"@type":"WebPage","@id":"https:\/\/inzain.bike\/nl_be\/terms\/","url":"https:\/\/inzain.bike\/nl_be\/terms\/","name":"Vilk\u00e5r og betingelser for arrangementet - INZAIN Cycling EXPERIENCES","isPartOf":{"@id":"https:\/\/inzain.bike\/fr_be\/#website"},"datePublished":"2022-03-08T10:05:33+00:00","dateModified":"2024-03-10T13:31:42+00:00","breadcrumb":{"@id":"https:\/\/inzain.bike\/nl_be\/terms\/#breadcrumb"},"inLanguage":"nb-NO","potentialAction":[{"@type":"ReadAction","target":["https:\/\/inzain.bike\/nl_be\/terms\/"]}]},{"@type":"BreadcrumbList","@id":"https:\/\/inzain.bike\/nl_be\/terms\/#breadcrumb","itemListElement":[{"@type":"ListItem","position":1,"name":"Hem","item":"https:\/\/inzain.bike\/fr_be\/"},{"@type":"ListItem","position":2,"name":"Villkor f\u00f6r eventet"}]},{"@type":"WebSite","@id":"https:\/\/inzain.bike\/fr_be\/#website","url":"https:\/\/inzain.bike\/fr_be\/","name":"INZAIN SYKKELOPPLEVELSER","description":"Sykkeleventyr - for alle","publisher":{"@id":"https:\/\/inzain.bike\/fr_be\/#organization"},"alternateName":"INZAIN Gravel & Travel","potentialAction":[{"@type":"SearchAction","target":{"@type":"EntryPoint","urlTemplate":"https:\/\/inzain.bike\/fr_be\/?s={search_term_string}"},"query-input":{"@type":"PropertyValueSpecification","valueRequired":true,"valueName":"search_term_string"}}],"inLanguage":"nb-NO"},{"@type":"Organization","@id":"https:\/\/inzain.bike\/fr_be\/#organization","name":"INZAIN SYKKELOPPLEVELSER","url":"https:\/\/inzain.bike\/fr_be\/","logo":{"@type":"ImageObject","inLanguage":"nb-NO","@id":"https:\/\/inzain.bike\/fr_be\/#\/schema\/logo\/image\/","url":"https:\/\/i0.wp.com\/inzain.bike\/wp-content\/uploads\/2023\/09\/cropped-INZAIN_512x512_white.png?fit=512%2C512&ssl=1","contentUrl":"https:\/\/i0.wp.com\/inzain.bike\/wp-content\/uploads\/2023\/09\/cropped-INZAIN_512x512_white.png?fit=512%2C512&ssl=1","width":512,"height":512,"caption":"INZAIN Cycling EXPERIENCES"},"image":{"@id":"https:\/\/inzain.bike\/fr_be\/#\/schema\/logo\/image\/"},"sameAs":["https:\/\/www.facebook.com\/Inzain.bike","https:\/\/www.instagram.com\/inzainbike"]}]}},"amp_enabled":true,"_links":{"self":[{"href":"https:\/\/inzain.bike\/nb\/wp-json\/wp\/v2\/pages\/1585","targetHints":{"allow":["GET"]}}],"collection":[{"href":"https:\/\/inzain.bike\/nb\/wp-json\/wp\/v2\/pages"}],"about":[{"href":"https:\/\/inzain.bike\/nb\/wp-json\/wp\/v2\/types\/page"}],"author":[{"embeddable":true,"href":"https:\/\/inzain.bike\/nb\/wp-json\/wp\/v2\/users\/135133094"}],"replies":[{"embeddable":true,"href":"https:\/\/inzain.bike\/nb\/wp-json\/wp\/v2\/comments?post=1585"}],"version-history":[{"count":0,"href":"https:\/\/inzain.bike\/nb\/wp-json\/wp\/v2\/pages\/1585\/revisions"}],"wp:attachment":[{"href":"https:\/\/inzain.bike\/nb\/wp-json\/wp\/v2\/media?parent=1585"}],"curies":[{"name":"wp","href":"https:\/\/api.w.org\/{rel}","templated":true}]}}