{"id":2019,"date":"2022-10-03T10:12:43","date_gmt":"2022-10-03T08:12:43","guid":{"rendered":"https:\/\/inzain.bike\/?page_id=2019"},"modified":"2023-06-27T23:32:27","modified_gmt":"2023-06-27T21:32:27","slug":"vattern-runt-gravel-tour","status":"publish","type":"page","link":"https:\/\/inzain.bike\/nb\/vattern-runt-gravel-tour\/","title":{"rendered":"Grustur rundt V\u00e4ttern"},"content":{"rendered":"<p>Velkommen til V\u00e4tternrunden, men n\u00e5 p\u00e5 grus og over tre dager.<\/p>\n\n\n\n<figure class=\"wp-block-image size-full\"><img loading=\"lazy\" decoding=\"async\" width=\"800\" height=\"800\" src=\"https:\/\/inzain.bike\/wp-content\/uploads\/2022\/08\/fully.jpg\" alt=\"\" class=\"wp-image-1869\" srcset=\"https:\/\/inzain.bike\/wp-content\/uploads\/2022\/08\/fully.jpg 800w, https:\/\/inzain.bike\/wp-content\/uploads\/2022\/08\/fully-300x300.jpg 300w, https:\/\/inzain.bike\/wp-content\/uploads\/2022\/08\/fully-150x150.jpg 150w, https:\/\/inzain.bike\/wp-content\/uploads\/2022\/08\/fully-768x768.jpg 768w, https:\/\/inzain.bike\/wp-content\/uploads\/2022\/08\/fully-12x12.jpg 12w, https:\/\/inzain.bike\/wp-content\/uploads\/2022\/08\/fully-600x600.jpg 600w, https:\/\/inzain.bike\/wp-content\/uploads\/2022\/08\/fully-100x100.jpg 100w\" sizes=\"auto, (max-width: 800px) 100vw, 800px\" \/><\/figure>\n\n\n\n<figure class=\"wp-block-image size-large\"><img loading=\"lazy\" decoding=\"async\" width=\"1024\" height=\"683\" src=\"https:\/\/inzain.bike\/wp-content\/uploads\/2022\/10\/vr1-1024x683.jpg\" alt=\"\" class=\"wp-image-2022\" srcset=\"https:\/\/inzain.bike\/wp-content\/uploads\/2022\/10\/vr1-1024x683.jpg 1024w, https:\/\/inzain.bike\/wp-content\/uploads\/2022\/10\/vr1-300x200.jpg 300w, https:\/\/inzain.bike\/wp-content\/uploads\/2022\/10\/vr1-768x512.jpg 768w, https:\/\/inzain.bike\/wp-content\/uploads\/2022\/10\/vr1-18x12.jpg 18w, https:\/\/inzain.bike\/wp-content\/uploads\/2022\/10\/vr1-1320x880.jpg 1320w, https:\/\/inzain.bike\/wp-content\/uploads\/2022\/10\/vr1-600x400.jpg 600w, https:\/\/inzain.bike\/wp-content\/uploads\/2022\/10\/vr1.jpg 1536w\" sizes=\"auto, (max-width: 1024px) 100vw, 1024px\" \/><\/figure>\n\n\n\n<p><strong>N\u00e5r<\/strong>: 11.\u201313. august 2023.<br><strong>Hvor<\/strong>: Start og m\u00e5l i Motala<br><strong>Hvordan<\/strong>: Vi sykler rundt V\u00e4ttern p\u00e5 grus<br><strong>Sove<\/strong>: Vi har bestilt en rekke rom p\u00e5 hotell i J\u00f6nk\u00f6ping og Karlsborg.<br>\u00d8nsker du \u00e5 sove natt til 11. ordner du det selv.<br><strong>Tildele<\/strong>: Det er kostnadseffektivt. Overnatting betales direkte til hotellet.<\/p>\n\n\n\n<p><strong>Hva kan du forvente?<\/strong><br>Vi sykler for \u00e5 ha det g\u00f8y, det er ingen intervaller og det handler ikke om \u00e5 sykle raskest men \u00e5 ha den beste opplevelsen. Skal du kose deg er det selvf\u00f8lgelig greit, du venter videre. Vi kan ogs\u00e5 dele gruppen, hvis det viser seg \u00e5 bli bedre. V\u00e5re guider har mye erfaring med \u00e5 arrangere og holde disse turene. Turen er i hovedsak selvst\u00f8ttet. Kaffe, overnatting og spisesteder er inkludert p\u00e5 ruten, men de er selvf\u00f8lgelig valgfrie.<br>Deltakerne er selv ansvarlige for egen navigering og eventuelle sykkelreparasjoner.<\/p>\n\n\n\n<p>Turen er relativt t\u00f8ff, 15 mil per dag med ca 1500 hm. Det er ikke mulig \u00e5 kausjonere, vi sykler rundt en innsj\u00f8. Vi har rikelig med lys, solen st\u00e5r opp klokken 05.00 og g\u00e5r ned rundt klokken 21.00.<br><br><strong>fredag<\/strong><br>Motala -&gt; J\u00f6nk\u00f6ping<\/p>\n\n\n\n<figure class=\"wp-block-image size-large\"><img loading=\"lazy\" decoding=\"async\" width=\"1024\" height=\"781\" src=\"https:\/\/inzain.bike\/wp-content\/uploads\/2022\/10\/vr2-1024x781.jpg\" alt=\"\" class=\"wp-image-2023\" srcset=\"https:\/\/inzain.bike\/wp-content\/uploads\/2022\/10\/vr2-1024x781.jpg 1024w, https:\/\/inzain.bike\/wp-content\/uploads\/2022\/10\/vr2-300x229.jpg 300w, https:\/\/inzain.bike\/wp-content\/uploads\/2022\/10\/vr2-768x586.jpg 768w, https:\/\/inzain.bike\/wp-content\/uploads\/2022\/10\/vr2-16x12.jpg 16w, https:\/\/inzain.bike\/wp-content\/uploads\/2022\/10\/vr2-1320x1006.jpg 1320w, https:\/\/inzain.bike\/wp-content\/uploads\/2022\/10\/vr2-600x457.jpg 600w, https:\/\/inzain.bike\/wp-content\/uploads\/2022\/10\/vr2.jpg 1536w\" sizes=\"auto, (max-width: 1024px) 100vw, 1024px\" \/><\/figure>\n\n\n\n<p>Etter en frokost ruller vi ut kl 08.00. Vi skal sykle gjennom Vadstena og n\u00e5 Borghamn etter ca 51 km. En kjapp kaffe f\u00f8r vi starter klatringen opp Omberg. Alle som vil ta avstikkeren ned til Stocklycke Hamn. Km 60-109 er en lang slakk vei. Midt i det spiser vi lunsj i \u00d6desh\u00f6g. N\u00e5r stigningen er ferdig, venter en real nedstigning til Gr\u00e4nna. Der sitter en kaffe ganske godt. Dagens siste stigning starter i Gr\u00e4nna og ender p\u00e5 km 135. Derfra er det fin nedoverbakke til J\u00f6nk\u00f6ping, hvor vi sover den f\u00f8rste natten p\u00e5 klassiske VOX Hotell<\/p>\n\n\n\n<p><strong>l\u00f8rdag<\/strong><br>J\u00f6nk\u00f6ping -&gt; Karlsborg<br>Etter en solid frokost sykler vi nordover. Allerede etter km passerer vi en Willys hvis du kanskje trenger \u00e5 supplere med noe. Vi tar kaffe etter ca 6 mil i Brandstorp og lunsj i havna i Hjo 3 mil senere. M\u00f6lltorp er neste stopp, det er 3 mil dit, det er b\u00e5de butikk og pizzeria, men mest sannsynlig sykler vi videre mot Karlsborg, en mil senere. Vi tar inn festningen og kanskje en bedre kaffe. Vi bor p\u00e5 Hotel Wettern.<\/p>\n\n\n\n<p><strong>s\u00f8ndag<\/strong><br>Karlsborg -&gt; Motala, hjemreise,<br>Avgang fra Karlsborg kl 08.00 og vi n\u00e5r Askersund etter 6 mil, en kjapp kaffe f\u00f8les absolutt riktig. Vi kommer snart til gruveomr\u00e5det med Garpa og Zinkgruvan, hvor det ogs\u00e5 er en kaffebar. Neste etappe tar oss til Bona Handelstr\u00e4dg\u00e5rd etter rundt sju mil. Her spiser vi lunsj. De siste fire milene til Motala tar oss ned til V\u00e4tterns strand f\u00f8r vi ruller inn i Motala ganske forn\u00f8yde og slitne.<\/p>\n\n\n\n<figure class=\"wp-block-image size-large\"><img loading=\"lazy\" decoding=\"async\" width=\"1024\" height=\"360\" src=\"https:\/\/inzain.bike\/wp-content\/uploads\/2022\/10\/vr3-1024x360.jpg\" alt=\"\" class=\"wp-image-2024\" srcset=\"https:\/\/inzain.bike\/wp-content\/uploads\/2022\/10\/vr3-1024x360.jpg 1024w, https:\/\/inzain.bike\/wp-content\/uploads\/2022\/10\/vr3-300x105.jpg 300w, https:\/\/inzain.bike\/wp-content\/uploads\/2022\/10\/vr3-768x270.jpg 768w, https:\/\/inzain.bike\/wp-content\/uploads\/2022\/10\/vr3-18x6.jpg 18w, https:\/\/inzain.bike\/wp-content\/uploads\/2022\/10\/vr3-600x211.jpg 600w, https:\/\/inzain.bike\/wp-content\/uploads\/2022\/10\/vr3.jpg 1280w\" sizes=\"auto, (max-width: 1024px) 100vw, 1024px\" \/><\/figure>\n\n\n\n<p><iframe src=\"https:\/\/ridewithgps.com\/embeds?type=route&amp;id=40264044&amp;title=V%C3%A4ttern%20Runt%20Gravel&amp;metricUnits=true&amp;sampleGraph=true&amp;distanceMarkers=true\" style=\"width: 1px; min-width: 100%; height: 700px; border: none;\" scrolling=\"no\"><\/iframe><\/p>\n\n\n\n<p><br><strong>Vi sykler etter Grusets V\u00e4nner sine prinsipper.<\/strong><br>* Ingen blir st\u00e5ende alene, alle m\u00e5 v\u00e6re med<br>* Sprett g\u00e5r bra, vent til senere<br>* Vi tar vare p\u00e5 og hjelper hverandre i tilfelle punkere eller andre ting.<br>* Vi sykler trygt og holder avstand, husk tre sekunders regelen.<br>* Det handler om \u00e5 ha en fin dag.<\/p>\n\n\n\n<p><strong>Priser<\/strong>:<\/p>\n\n\n\n<p>Det er gratis \u00e5 delta, vi har ordnet mat og overnattingspakker for de som \u00f8nsker.<br>N\u00e5r vi foretar en gruppebestilling betales denne i l\u00f8pet av juni m\u00e5ned, vi kommer tilbake til deg n\u00e5r tiden er inne.<br><\/p>\n\n\n\n<p><strong>Motala<\/strong><br>Enhver natt i Motala kan bestemmes av deg selv.<br><br><strong>J\u00f6nk\u00f6ping VOX Hotel 11\/8<\/strong><br><br>Standard rom <em>ca 20 kvm, har 2\u00d790 cm senger i sengeramme, kan ikke deles, har vinduer<\/em><br>1420 SEK To personer kan dele rom.<br><br>En tre-retters middag kan kj\u00f8pes for 620 SEK.<br><br><strong>Karlsborg Hotel R\u00f6desund 12\/8<\/strong><br>Enkeltrom med dusj i korridor og frokost 1.400 lr<br><\/p>\n\n\n\n<p><strong>Melding<\/strong>  <strong>Lukket<\/strong><\/p>","protected":false},"excerpt":{"rendered":"<p>V\u00e4lkommen till V\u00e4ttern Rundan, fast nu p\u00e5 grus och p\u00e5 tre dagar. N\u00e4r: 11-13 augusti 2023.Var: Start och m\u00e5l i MotalaHur: Vi cyklar Runt V\u00e4ttern p\u00e5 grusSova: Vi har bokat ett antal rum p\u00e5 hotell i J\u00f6nk\u00f6ping och Karlsborg.Vill man sova natten till den 11e ordnar man det sj\u00e4lv.Pris: Det \u00e4r sj\u00e4lvkostnad. Man kommer betala [&hellip;]<\/p>\n","protected":false},"author":135133094,"featured_media":0,"parent":0,"menu_order":0,"comment_status":"closed","ping_status":"closed","template":"","meta":{"_coblocks_attr":"","_coblocks_dimensions":"","_coblocks_responsive_height":"","_coblocks_accordion_ie_support":"","footnotes":""},"class_list":["post-2019","page","type-page","status-publish","hentry"],"yoast_head":"<!-- This site is optimized with the Yoast SEO plugin v27.2 - https:\/\/yoast.com\/product\/yoast-seo-wordpress\/ -->\n<title>Runt V\u00e4ttern Gravel Tour - INZAIN Cycling EXPERIENCES<\/title>\n<meta name=\"robots\" content=\"index, follow, max-snippet:-1, max-image-preview:large, max-video-preview:-1\" \/>\n<link rel=\"canonical\" href=\"https:\/\/inzain.bike\/nb\/vattern-runt-gravel-tour\/\" \/>\n<meta property=\"og:locale\" content=\"nb_NO\" \/>\n<meta property=\"og:type\" content=\"article\" \/>\n<meta property=\"og:title\" content=\"Runt V\u00e4ttern Gravel Tour - INZAIN Cycling EXPERIENCES\" \/>\n<meta property=\"og:description\" content=\"V\u00e4lkommen till V\u00e4ttern Rundan, fast nu p\u00e5 grus och p\u00e5 tre dagar. N\u00e4r: 11-13 augusti 2023.Var: Start och m\u00e5l i MotalaHur: Vi cyklar Runt V\u00e4ttern p\u00e5 grusSova: Vi har bokat ett antal rum p\u00e5 hotell i J\u00f6nk\u00f6ping och Karlsborg.Vill man sova natten till den 11e ordnar man det sj\u00e4lv.Pris: Det \u00e4r sj\u00e4lvkostnad. Man kommer betala [&hellip;]\" \/>\n<meta property=\"og:url\" content=\"https:\/\/inzain.bike\/nb\/vattern-runt-gravel-tour\/\" \/>\n<meta property=\"og:site_name\" content=\"INZAIN Cycling EXPERIENCES\" \/>\n<meta property=\"article:publisher\" content=\"https:\/\/www.facebook.com\/Inzain.bike\" \/>\n<meta property=\"article:modified_time\" content=\"2023-06-27T21:32:27+00:00\" \/>\n<meta property=\"og:image\" content=\"https:\/\/inzain.bike\/wp-content\/uploads\/2022\/08\/fully.jpg\" \/>\n<meta name=\"twitter:card\" content=\"summary_large_image\" \/>\n<meta name=\"twitter:label1\" content=\"Ansl. lesetid\" \/>\n\t<meta name=\"twitter:data1\" content=\"3 minutter\" \/>\n<script type=\"application\/ld+json\" class=\"yoast-schema-graph\">{\"@context\":\"https:\/\/schema.org\",\"@graph\":[{\"@type\":\"WebPage\",\"@id\":\"https:\/\/inzain.bike\/fr\/vattern-runt-gravel-tour\/\",\"url\":\"https:\/\/inzain.bike\/fr\/vattern-runt-gravel-tour\/\",\"name\":\"Runt V\u00e4ttern Gravel Tour - INZAIN Cycling EXPERIENCES\",\"isPartOf\":{\"@id\":\"https:\/\/inzain.bike\/fr_be\/#website\"},\"primaryImageOfPage\":{\"@id\":\"https:\/\/inzain.bike\/fr\/vattern-runt-gravel-tour\/#primaryimage\"},\"image\":{\"@id\":\"https:\/\/inzain.bike\/fr\/vattern-runt-gravel-tour\/#primaryimage\"},\"thumbnailUrl\":\"https:\/\/inzain.bike\/wp-content\/uploads\/2022\/08\/fully.jpg\",\"datePublished\":\"2022-10-03T08:12:43+00:00\",\"dateModified\":\"2023-06-27T21:32:27+00:00\",\"breadcrumb\":{\"@id\":\"https:\/\/inzain.bike\/fr\/vattern-runt-gravel-tour\/#breadcrumb\"},\"inLanguage\":\"nb-NO\",\"potentialAction\":[{\"@type\":\"ReadAction\",\"target\":[\"https:\/\/inzain.bike\/fr\/vattern-runt-gravel-tour\/\"]}]},{\"@type\":\"ImageObject\",\"inLanguage\":\"nb-NO\",\"@id\":\"https:\/\/inzain.bike\/fr\/vattern-runt-gravel-tour\/#primaryimage\",\"url\":\"https:\/\/inzain.bike\/wp-content\/uploads\/2022\/08\/fully.jpg\",\"contentUrl\":\"https:\/\/inzain.bike\/wp-content\/uploads\/2022\/08\/fully.jpg\"},{\"@type\":\"BreadcrumbList\",\"@id\":\"https:\/\/inzain.bike\/fr\/vattern-runt-gravel-tour\/#breadcrumb\",\"itemListElement\":[{\"@type\":\"ListItem\",\"position\":1,\"name\":\"Hem\",\"item\":\"https:\/\/inzain.bike\/fr_be\/\"},{\"@type\":\"ListItem\",\"position\":2,\"name\":\"Runt V\u00e4ttern Gravel Tour\"}]},{\"@type\":\"WebSite\",\"@id\":\"https:\/\/inzain.bike\/fr_be\/#website\",\"url\":\"https:\/\/inzain.bike\/fr_be\/\",\"name\":\"INZAIN Cycling EXPERIENCES\",\"description\":\"Cyckling Adventures  - for everyone\",\"publisher\":{\"@id\":\"https:\/\/inzain.bike\/fr_be\/#organization\"},\"alternateName\":\"INZAIN Gravel & Travel\",\"potentialAction\":[{\"@type\":\"SearchAction\",\"target\":{\"@type\":\"EntryPoint\",\"urlTemplate\":\"https:\/\/inzain.bike\/fr_be\/?s={search_term_string}\"},\"query-input\":{\"@type\":\"PropertyValueSpecification\",\"valueRequired\":true,\"valueName\":\"search_term_string\"}}],\"inLanguage\":\"nb-NO\"},{\"@type\":\"Organization\",\"@id\":\"https:\/\/inzain.bike\/fr_be\/#organization\",\"name\":\"INZAIN Cycling EXPERIENCES\",\"url\":\"https:\/\/inzain.bike\/fr_be\/\",\"logo\":{\"@type\":\"ImageObject\",\"inLanguage\":\"nb-NO\",\"@id\":\"https:\/\/inzain.bike\/fr_be\/#\/schema\/logo\/image\/\",\"url\":\"https:\/\/i0.wp.com\/inzain.bike\/wp-content\/uploads\/2023\/09\/cropped-INZAIN_512x512_white.png?fit=512%2C512&ssl=1\",\"contentUrl\":\"https:\/\/i0.wp.com\/inzain.bike\/wp-content\/uploads\/2023\/09\/cropped-INZAIN_512x512_white.png?fit=512%2C512&ssl=1\",\"width\":512,\"height\":512,\"caption\":\"INZAIN Cycling EXPERIENCES\"},\"image\":{\"@id\":\"https:\/\/inzain.bike\/fr_be\/#\/schema\/logo\/image\/\"},\"sameAs\":[\"https:\/\/www.facebook.com\/Inzain.bike\",\"https:\/\/www.instagram.com\/inzainbike\"]}]}<\/script>\n<!-- \/ Yoast SEO plugin. -->","yoast_head_json":{"title":"Grustur rundt V\u00e4ttern \u2013 INZAIN Sykkelopplevelser","robots":{"index":"index","follow":"follow","max-snippet":"max-snippet:-1","max-image-preview":"max-image-preview:large","max-video-preview":"max-video-preview:-1"},"canonical":"https:\/\/inzain.bike\/nb\/vattern-runt-gravel-tour\/","og_locale":"nb_NO","og_type":"article","og_title":"Runt V\u00e4ttern Gravel Tour - INZAIN Cycling EXPERIENCES","og_description":"V\u00e4lkommen till V\u00e4ttern Rundan, fast nu p\u00e5 grus och p\u00e5 tre dagar. N\u00e4r: 11-13 augusti 2023.Var: Start och m\u00e5l i MotalaHur: Vi cyklar Runt V\u00e4ttern p\u00e5 grusSova: Vi har bokat ett antal rum p\u00e5 hotell i J\u00f6nk\u00f6ping och Karlsborg.Vill man sova natten till den 11e ordnar man det sj\u00e4lv.Pris: Det \u00e4r sj\u00e4lvkostnad. Man kommer betala [&hellip;]","og_url":"https:\/\/inzain.bike\/nb\/vattern-runt-gravel-tour\/","og_site_name":"INZAIN Cycling EXPERIENCES","article_publisher":"https:\/\/www.facebook.com\/Inzain.bike","article_modified_time":"2023-06-27T21:32:27+00:00","og_image":[{"url":"https:\/\/inzain.bike\/wp-content\/uploads\/2022\/08\/fully.jpg","type":"","width":"","height":""}],"twitter_card":"summary_large_image","twitter_misc":{"Ansl. lesetid":"3 minutter"},"schema":{"@context":"https:\/\/schema.org","@graph":[{"@type":"WebPage","@id":"https:\/\/inzain.bike\/fr\/vattern-runt-gravel-tour\/","url":"https:\/\/inzain.bike\/fr\/vattern-runt-gravel-tour\/","name":"Grustur rundt V\u00e4ttern \u2013 INZAIN Sykkelopplevelser","isPartOf":{"@id":"https:\/\/inzain.bike\/fr_be\/#website"},"primaryImageOfPage":{"@id":"https:\/\/inzain.bike\/fr\/vattern-runt-gravel-tour\/#primaryimage"},"image":{"@id":"https:\/\/inzain.bike\/fr\/vattern-runt-gravel-tour\/#primaryimage"},"thumbnailUrl":"https:\/\/inzain.bike\/wp-content\/uploads\/2022\/08\/fully.jpg","datePublished":"2022-10-03T08:12:43+00:00","dateModified":"2023-06-27T21:32:27+00:00","breadcrumb":{"@id":"https:\/\/inzain.bike\/fr\/vattern-runt-gravel-tour\/#breadcrumb"},"inLanguage":"nb-NO","potentialAction":[{"@type":"ReadAction","target":["https:\/\/inzain.bike\/fr\/vattern-runt-gravel-tour\/"]}]},{"@type":"ImageObject","inLanguage":"nb-NO","@id":"https:\/\/inzain.bike\/fr\/vattern-runt-gravel-tour\/#primaryimage","url":"https:\/\/inzain.bike\/wp-content\/uploads\/2022\/08\/fully.jpg","contentUrl":"https:\/\/inzain.bike\/wp-content\/uploads\/2022\/08\/fully.jpg"},{"@type":"BreadcrumbList","@id":"https:\/\/inzain.bike\/fr\/vattern-runt-gravel-tour\/#breadcrumb","itemListElement":[{"@type":"ListItem","position":1,"name":"Hem","item":"https:\/\/inzain.bike\/fr_be\/"},{"@type":"ListItem","position":2,"name":"Runt V\u00e4ttern Gravel Tour"}]},{"@type":"WebSite","@id":"https:\/\/inzain.bike\/fr_be\/#website","url":"https:\/\/inzain.bike\/fr_be\/","name":"INZAIN SYKKELOPPLEVELSER","description":"Sykkeleventyr - for alle","publisher":{"@id":"https:\/\/inzain.bike\/fr_be\/#organization"},"alternateName":"INZAIN Gravel & Travel","potentialAction":[{"@type":"SearchAction","target":{"@type":"EntryPoint","urlTemplate":"https:\/\/inzain.bike\/fr_be\/?s={search_term_string}"},"query-input":{"@type":"PropertyValueSpecification","valueRequired":true,"valueName":"search_term_string"}}],"inLanguage":"nb-NO"},{"@type":"Organization","@id":"https:\/\/inzain.bike\/fr_be\/#organization","name":"INZAIN SYKKELOPPLEVELSER","url":"https:\/\/inzain.bike\/fr_be\/","logo":{"@type":"ImageObject","inLanguage":"nb-NO","@id":"https:\/\/inzain.bike\/fr_be\/#\/schema\/logo\/image\/","url":"https:\/\/i0.wp.com\/inzain.bike\/wp-content\/uploads\/2023\/09\/cropped-INZAIN_512x512_white.png?fit=512%2C512&ssl=1","contentUrl":"https:\/\/i0.wp.com\/inzain.bike\/wp-content\/uploads\/2023\/09\/cropped-INZAIN_512x512_white.png?fit=512%2C512&ssl=1","width":512,"height":512,"caption":"INZAIN Cycling EXPERIENCES"},"image":{"@id":"https:\/\/inzain.bike\/fr_be\/#\/schema\/logo\/image\/"},"sameAs":["https:\/\/www.facebook.com\/Inzain.bike","https:\/\/www.instagram.com\/inzainbike"]}]}},"amp_enabled":true,"_links":{"self":[{"href":"https:\/\/inzain.bike\/nb\/wp-json\/wp\/v2\/pages\/2019","targetHints":{"allow":["GET"]}}],"collection":[{"href":"https:\/\/inzain.bike\/nb\/wp-json\/wp\/v2\/pages"}],"about":[{"href":"https:\/\/inzain.bike\/nb\/wp-json\/wp\/v2\/types\/page"}],"author":[{"embeddable":true,"href":"https:\/\/inzain.bike\/nb\/wp-json\/wp\/v2\/users\/135133094"}],"replies":[{"embeddable":true,"href":"https:\/\/inzain.bike\/nb\/wp-json\/wp\/v2\/comments?post=2019"}],"version-history":[{"count":0,"href":"https:\/\/inzain.bike\/nb\/wp-json\/wp\/v2\/pages\/2019\/revisions"}],"wp:attachment":[{"href":"https:\/\/inzain.bike\/nb\/wp-json\/wp\/v2\/media?parent=2019"}],"curies":[{"name":"wp","href":"https:\/\/api.w.org\/{rel}","templated":true}]}}