{"id":3851,"date":"2023-10-30T10:46:17","date_gmt":"2023-10-30T09:46:17","guid":{"rendered":"https:\/\/inzain.bike\/?page_id=3851"},"modified":"2025-06-02T10:20:24","modified_gmt":"2025-06-02T08:20:24","slug":"inzain-solstice-gravel-ride-2025","status":"publish","type":"page","link":"https:\/\/inzain.bike\/nb\/inzain-solstice-gravel-ride-2025\/","title":{"rendered":"Inzain Solstice Gravel Ride 2025"},"content":{"rendered":"<figure class=\"wp-block-image size-large\"><img loading=\"lazy\" decoding=\"async\" width=\"1024\" height=\"629\" src=\"https:\/\/inzain.bike\/wp-content\/uploads\/2023\/10\/20230622_213949-1024x629.jpg\" alt=\"\" class=\"wp-image-3854\" srcset=\"https:\/\/inzain.bike\/wp-content\/uploads\/2023\/10\/20230622_213949-1024x629.jpg 1024w, https:\/\/inzain.bike\/wp-content\/uploads\/2023\/10\/20230622_213949-300x184.jpg 300w, https:\/\/inzain.bike\/wp-content\/uploads\/2023\/10\/20230622_213949-768x472.jpg 768w, https:\/\/inzain.bike\/wp-content\/uploads\/2023\/10\/20230622_213949-1536x944.jpg 1536w, https:\/\/inzain.bike\/wp-content\/uploads\/2023\/10\/20230622_213949-2048x1259.jpg 2048w, https:\/\/inzain.bike\/wp-content\/uploads\/2023\/10\/20230622_213949-18x12.jpg 18w, https:\/\/inzain.bike\/wp-content\/uploads\/2023\/10\/20230622_213949-1320x811.jpg 1320w, https:\/\/inzain.bike\/wp-content\/uploads\/2023\/10\/20230622_213949-600x369.jpg 600w\" sizes=\"auto, (max-width: 1024px) 100vw, 1024px\" \/><\/figure>\n\n\n\n<figure class=\"wp-block-image size-full\"><img loading=\"lazy\" decoding=\"async\" width=\"800\" height=\"800\" src=\"https:\/\/inzain.bike\/wp-content\/uploads\/2022\/06\/fully.jpg\" alt=\"\" class=\"wp-image-1677\" srcset=\"https:\/\/inzain.bike\/wp-content\/uploads\/2022\/06\/fully.jpg 800w, https:\/\/inzain.bike\/wp-content\/uploads\/2022\/06\/fully-300x300.jpg 300w, https:\/\/inzain.bike\/wp-content\/uploads\/2022\/06\/fully-150x150.jpg 150w, https:\/\/inzain.bike\/wp-content\/uploads\/2022\/06\/fully-768x768.jpg 768w, https:\/\/inzain.bike\/wp-content\/uploads\/2022\/06\/fully-12x12.jpg 12w, https:\/\/inzain.bike\/wp-content\/uploads\/2022\/06\/fully-600x600.jpg 600w, https:\/\/inzain.bike\/wp-content\/uploads\/2022\/06\/fully-100x100.jpg 100w\" sizes=\"auto, (max-width: 800px) 100vw, 800px\" \/><\/figure>\n\n\n\n<p><\/p>\n\n\n\n<p>Velkommen til en fantastisk tur midtsommernatt.<\/p>\n\n\n\n<p><strong>N\u00e5r<\/strong>19. juni 2025, start tidlig kveld. Klar rundt 14:30.<br><strong>Hvor<\/strong>: Stockholm<br><strong>Hvordan<\/strong>: Vi m\u00f8ter solnedgang og soloppgang via nydelige grusveier<br><strong>Tildele<\/strong>: Gratis<br><strong>Info<\/strong>: Arrangementet vil ikke g\u00e5 hvis v\u00e6ret er upassende<\/p>\n\n\n\n<p>Vi skal sykle for \u00e5 m\u00f8te solnedgangen, ta en matbit med oss<br>og ta fine bilder. S\u00e5 sykler vi og m\u00f8ter soloppgangen. N\u00e5r vi ankommer \u00c5rsta havsbad, tilbyr Inzain b\u00e5l, p\u00f8lser (med kj\u00f8tt\/eller gr\u00f8nnsaker) og drikke. <br><br>Jeg tror dette er et av \u00e5rets h\u00f8ydepunkter innen sykkelsport. M\u00f8t solnedgangen og soloppgangen, se massevis av dyr, drikk kaffe p\u00e5 strender og sykle gjennom den lune midtsommernatten. Bli med oss, du vil ikke angre.<br><br>Hvordan fungerer det?<br>Informasjon, tider og ruter deles med alle som er registrert via e-post.<br>Hvis du ikke kan delta, vennligst gi oss beskjed p\u00e5 forh\u00e5nd, kanskje noen andre har mulighet til \u00e5 bli med.<br><br>Slik var vi i 2024<\/p>\n\n\n\n<figure class=\"wp-block-embed is-type-video is-provider-youtube wp-block-embed-youtube wp-embed-aspect-16-9 wp-has-aspect-ratio\"><div class=\"wp-block-embed__wrapper\">\n<iframe loading=\"lazy\" title=\"INZAIN Solstice Ride 2024\" width=\"500\" height=\"281\" src=\"https:\/\/www.youtube.com\/embed\/R8F_yEMv5Nc?feature=oembed\" frameborder=\"0\" allow=\"accelerometer; autoplay; clipboard-write; encrypted-media; gyroscope; picture-in-picture; web-share\" referrerpolicy=\"strict-origin-when-cross-origin\" allowfullscreen><\/iframe>\n<\/div><\/figure>\n\n\n\n<p>Slik hadde vi det i 2023<\/p>\n\n\n\n<figure class=\"wp-block-embed is-type-video is-provider-youtube wp-block-embed-youtube wp-embed-aspect-16-9 wp-has-aspect-ratio\"><div class=\"wp-block-embed__wrapper\">\n<iframe loading=\"lazy\" title=\"Solvervtur 2023\" width=\"500\" height=\"281\" src=\"https:\/\/www.youtube.com\/embed\/fW87f4HJ2lo?feature=oembed\" frameborder=\"0\" allow=\"accelerometer; autoplay; clipboard-write; encrypted-media; gyroscope; picture-in-picture; web-share\" referrerpolicy=\"strict-origin-when-cross-origin\" allowfullscreen><\/iframe>\n<\/div><figcaption class=\"wp-element-caption\">INZAIN Solverv 2023<\/figcaption><\/figure>\n\n\n\n<p>Og her kan du se en film fra 2022<\/p>\n\n\n\n<figure class=\"wp-block-embed is-type-video is-provider-youtube wp-block-embed-youtube wp-embed-aspect-16-9 wp-has-aspect-ratio\"><div class=\"wp-block-embed__wrapper\">\n<iframe loading=\"lazy\" title=\"Solstice Gravel Ride 2022\" width=\"500\" height=\"281\" src=\"https:\/\/www.youtube.com\/embed\/SDiJKWlL_GQ?feature=oembed\" frameborder=\"0\" allow=\"accelerometer; autoplay; clipboard-write; encrypted-media; gyroscope; picture-in-picture; web-share\" referrerpolicy=\"strict-origin-when-cross-origin\" allowfullscreen><\/iframe>\n<\/div><\/figure>\n\n\n\n<p><strong>Hva kan du forvente?<\/strong><br>Vi sykler for \u00e5 ha det g\u00f8y, det er ingen intervaller og det handler ikke om \u00e5 sykle raskest men \u00e5 ha den beste opplevelsen. Vil du kose deg er det selvf\u00f8lgelig greit, du venter videre. Vi kan ogs\u00e5 dele gruppen, hvis det viser seg \u00e5 bli bedre. V\u00e5re guider har mye erfaring med \u00e5 arrangere og holde disse turene.<br><\/p>\n\n\n\n<p><br><strong>Vi sykler etter Grusets V\u00e4nner sine prinsipper.<\/strong><br>* Ingen blir st\u00e5ende alene, alle m\u00e5 v\u00e6re med<br>* Sprett g\u00e5r bra, vent til senere<br>* Vi tar vare p\u00e5 og hjelper hverandre i tilfelle punkere eller andre ting.<br>* Vi sykler trygt og holder avstand, husk tre sekunders regelen.<br>* Det handler om \u00e5 ha en fin dag.<\/p>\n\n\n\n<div class=\"wp-block-jetpack-tiled-gallery aligncenter is-style-rectangular\"><div class=\"tiled-gallery__gallery\"><div class=\"tiled-gallery__row\"><div class=\"tiled-gallery__col\" style=\"flex-basis:66.78241%\"><figure class=\"tiled-gallery__item\"><img decoding=\"async\" alt=\"\" data-height=\"3024\" data-id=\"694\" data-link=\"https:\/\/inzain.bike\/20200617_212750\/\" data-url=\"https:\/\/inzain.bike\/wp-content\/uploads\/2021\/10\/20200617_212750.jpg?w=1024\" data-width=\"4032\" src=\"https:\/\/i2.wp.com\/inzain.bike\/wp-content\/uploads\/2021\/10\/20200617_212750.jpg?ssl=1\" data-amp-layout=\"responsive\"\/><\/figure><\/div><div class=\"tiled-gallery__col\" style=\"flex-basis:33.21759%\"><figure class=\"tiled-gallery__item\"><img decoding=\"async\" alt=\"\" data-height=\"3456\" data-id=\"695\" data-link=\"https:\/\/inzain.bike\/20200618_024854-2\/\" data-url=\"https:\/\/inzain.bike\/wp-content\/uploads\/2021\/10\/20200618_024854.jpg?w=1024\" data-width=\"4608\" src=\"https:\/\/i0.wp.com\/inzain.bike\/wp-content\/uploads\/2021\/10\/20200618_024854.jpg?ssl=1\" data-amp-layout=\"responsive\"\/><\/figure><figure class=\"tiled-gallery__item\"><img decoding=\"async\" alt=\"\" data-height=\"1536\" data-id=\"696\" data-link=\"https:\/\/inzain.bike\/104494550_1125205587847587_3729622201781822460_n\/\" data-url=\"https:\/\/inzain.bike\/wp-content\/uploads\/2021\/10\/104494550_1125205587847587_3729622201781822460_n.jpg?w=1024\" data-width=\"2048\" src=\"https:\/\/i0.wp.com\/inzain.bike\/wp-content\/uploads\/2021\/10\/104494550_1125205587847587_3729622201781822460_n.jpg?ssl=1\" data-amp-layout=\"responsive\"\/><\/figure><\/div><\/div><\/div><\/div>\n\n\n\n<p>Arrangementet er fullt.<\/p>","protected":false},"excerpt":{"rendered":"<p>V\u00e4lkommen till en fantastisk tur i midsommarnatt. N\u00e4r: 19 Juni 2025, start tidig kv\u00e4ll. Klara typ 02.30Var: StockholmHur: Vi m\u00f6ter solnedg\u00e5ng och soluppg\u00e5ng via h\u00e4rliga grusv\u00e4garPris: GratisInfo: Eventet kommer inte k\u00f6ras om v\u00e4dret \u00e4r ol\u00e4mpligt Vi kommer att cykla f\u00f6r att m\u00f6ta solnedg\u00e5ngen, inta medhavd fikaoch ta fina bilder. Sedan cyklar vi och m\u00f6ter solens [&hellip;]<\/p>\n","protected":false},"author":135133094,"featured_media":0,"parent":0,"menu_order":0,"comment_status":"closed","ping_status":"closed","template":"","meta":{"_coblocks_attr":"","_coblocks_dimensions":"","_coblocks_responsive_height":"","_coblocks_accordion_ie_support":"","footnotes":""},"class_list":["post-3851","page","type-page","status-publish","hentry"],"yoast_head":"<!-- This site is optimized with the Yoast SEO plugin v27.2 - https:\/\/yoast.com\/product\/yoast-seo-wordpress\/ -->\n<title>Inzain Solstice Gravel Ride 2025 - INZAIN Cycling EXPERIENCES<\/title>\n<meta name=\"robots\" content=\"index, follow, max-snippet:-1, max-image-preview:large, max-video-preview:-1\" \/>\n<link rel=\"canonical\" href=\"https:\/\/inzain.bike\/nb\/inzain-solstice-gravel-ride-2025\/\" \/>\n<meta property=\"og:locale\" content=\"nb_NO\" \/>\n<meta property=\"og:type\" content=\"article\" \/>\n<meta property=\"og:title\" content=\"Inzain Solstice Gravel Ride 2025 - INZAIN Cycling EXPERIENCES\" \/>\n<meta property=\"og:description\" content=\"V\u00e4lkommen till en fantastisk tur i midsommarnatt. N\u00e4r: 19 Juni 2025, start tidig kv\u00e4ll. Klara typ 02.30Var: StockholmHur: Vi m\u00f6ter solnedg\u00e5ng och soluppg\u00e5ng via h\u00e4rliga grusv\u00e4garPris: GratisInfo: Eventet kommer inte k\u00f6ras om v\u00e4dret \u00e4r ol\u00e4mpligt Vi kommer att cykla f\u00f6r att m\u00f6ta solnedg\u00e5ngen, inta medhavd fikaoch ta fina bilder. Sedan cyklar vi och m\u00f6ter solens [&hellip;]\" \/>\n<meta property=\"og:url\" content=\"https:\/\/inzain.bike\/nb\/inzain-solstice-gravel-ride-2025\/\" \/>\n<meta property=\"og:site_name\" content=\"INZAIN Cycling EXPERIENCES\" \/>\n<meta property=\"article:publisher\" content=\"https:\/\/www.facebook.com\/Inzain.bike\" \/>\n<meta property=\"article:modified_time\" content=\"2025-06-02T08:20:24+00:00\" \/>\n<meta property=\"og:image\" content=\"https:\/\/inzain.bike\/wp-content\/uploads\/2023\/10\/20230622_213949-1024x629.jpg\" \/>\n<meta name=\"twitter:card\" content=\"summary_large_image\" \/>\n<meta name=\"twitter:label1\" content=\"Ansl. lesetid\" \/>\n\t<meta name=\"twitter:data1\" content=\"3 minutter\" \/>\n<script type=\"application\/ld+json\" class=\"yoast-schema-graph\">{\"@context\":\"https:\/\/schema.org\",\"@graph\":[{\"@type\":\"WebPage\",\"@id\":\"https:\/\/inzain.bike\/en\/inzain-solstice-gravel-ride-2025\/\",\"url\":\"https:\/\/inzain.bike\/en\/inzain-solstice-gravel-ride-2025\/\",\"name\":\"Inzain Solstice Gravel Ride 2025 - INZAIN Cycling EXPERIENCES\",\"isPartOf\":{\"@id\":\"https:\/\/inzain.bike\/fr_be\/#website\"},\"primaryImageOfPage\":{\"@id\":\"https:\/\/inzain.bike\/en\/inzain-solstice-gravel-ride-2025\/#primaryimage\"},\"image\":{\"@id\":\"https:\/\/inzain.bike\/en\/inzain-solstice-gravel-ride-2025\/#primaryimage\"},\"thumbnailUrl\":\"https:\/\/inzain.bike\/wp-content\/uploads\/2023\/10\/20230622_213949-1024x629.jpg\",\"datePublished\":\"2023-10-30T09:46:17+00:00\",\"dateModified\":\"2025-06-02T08:20:24+00:00\",\"breadcrumb\":{\"@id\":\"https:\/\/inzain.bike\/en\/inzain-solstice-gravel-ride-2025\/#breadcrumb\"},\"inLanguage\":\"nb-NO\",\"potentialAction\":[{\"@type\":\"ReadAction\",\"target\":[\"https:\/\/inzain.bike\/en\/inzain-solstice-gravel-ride-2025\/\"]}]},{\"@type\":\"ImageObject\",\"inLanguage\":\"nb-NO\",\"@id\":\"https:\/\/inzain.bike\/en\/inzain-solstice-gravel-ride-2025\/#primaryimage\",\"url\":\"https:\/\/inzain.bike\/wp-content\/uploads\/2023\/10\/20230622_213949-1024x629.jpg\",\"contentUrl\":\"https:\/\/inzain.bike\/wp-content\/uploads\/2023\/10\/20230622_213949-1024x629.jpg\"},{\"@type\":\"BreadcrumbList\",\"@id\":\"https:\/\/inzain.bike\/en\/inzain-solstice-gravel-ride-2025\/#breadcrumb\",\"itemListElement\":[{\"@type\":\"ListItem\",\"position\":1,\"name\":\"Hem\",\"item\":\"https:\/\/inzain.bike\/fr_be\/\"},{\"@type\":\"ListItem\",\"position\":2,\"name\":\"Inzain Solstice Gravel Ride 2025\"}]},{\"@type\":\"WebSite\",\"@id\":\"https:\/\/inzain.bike\/fr_be\/#website\",\"url\":\"https:\/\/inzain.bike\/fr_be\/\",\"name\":\"INZAIN Cycling EXPERIENCES\",\"description\":\"Cyckling Adventures  - for everyone\",\"publisher\":{\"@id\":\"https:\/\/inzain.bike\/fr_be\/#organization\"},\"alternateName\":\"INZAIN Gravel & Travel\",\"potentialAction\":[{\"@type\":\"SearchAction\",\"target\":{\"@type\":\"EntryPoint\",\"urlTemplate\":\"https:\/\/inzain.bike\/fr_be\/?s={search_term_string}\"},\"query-input\":{\"@type\":\"PropertyValueSpecification\",\"valueRequired\":true,\"valueName\":\"search_term_string\"}}],\"inLanguage\":\"nb-NO\"},{\"@type\":\"Organization\",\"@id\":\"https:\/\/inzain.bike\/fr_be\/#organization\",\"name\":\"INZAIN Cycling EXPERIENCES\",\"url\":\"https:\/\/inzain.bike\/fr_be\/\",\"logo\":{\"@type\":\"ImageObject\",\"inLanguage\":\"nb-NO\",\"@id\":\"https:\/\/inzain.bike\/fr_be\/#\/schema\/logo\/image\/\",\"url\":\"https:\/\/i0.wp.com\/inzain.bike\/wp-content\/uploads\/2023\/09\/cropped-INZAIN_512x512_white.png?fit=512%2C512&ssl=1\",\"contentUrl\":\"https:\/\/i0.wp.com\/inzain.bike\/wp-content\/uploads\/2023\/09\/cropped-INZAIN_512x512_white.png?fit=512%2C512&ssl=1\",\"width\":512,\"height\":512,\"caption\":\"INZAIN Cycling EXPERIENCES\"},\"image\":{\"@id\":\"https:\/\/inzain.bike\/fr_be\/#\/schema\/logo\/image\/\"},\"sameAs\":[\"https:\/\/www.facebook.com\/Inzain.bike\",\"https:\/\/www.instagram.com\/inzainbike\"]}]}<\/script>\n<!-- \/ Yoast SEO plugin. -->","yoast_head_json":{"title":"Inzain Solstice Gravel Ride 2025 - INZAIN Sykkelopplevelser","robots":{"index":"index","follow":"follow","max-snippet":"max-snippet:-1","max-image-preview":"max-image-preview:large","max-video-preview":"max-video-preview:-1"},"canonical":"https:\/\/inzain.bike\/nb\/inzain-solstice-gravel-ride-2025\/","og_locale":"nb_NO","og_type":"article","og_title":"Inzain Solstice Gravel Ride 2025 - INZAIN Cycling EXPERIENCES","og_description":"V\u00e4lkommen till en fantastisk tur i midsommarnatt. N\u00e4r: 19 Juni 2025, start tidig kv\u00e4ll. Klara typ 02.30Var: StockholmHur: Vi m\u00f6ter solnedg\u00e5ng och soluppg\u00e5ng via h\u00e4rliga grusv\u00e4garPris: GratisInfo: Eventet kommer inte k\u00f6ras om v\u00e4dret \u00e4r ol\u00e4mpligt Vi kommer att cykla f\u00f6r att m\u00f6ta solnedg\u00e5ngen, inta medhavd fikaoch ta fina bilder. Sedan cyklar vi och m\u00f6ter solens [&hellip;]","og_url":"https:\/\/inzain.bike\/nb\/inzain-solstice-gravel-ride-2025\/","og_site_name":"INZAIN Cycling EXPERIENCES","article_publisher":"https:\/\/www.facebook.com\/Inzain.bike","article_modified_time":"2025-06-02T08:20:24+00:00","og_image":[{"url":"https:\/\/inzain.bike\/wp-content\/uploads\/2023\/10\/20230622_213949-1024x629.jpg","type":"","width":"","height":""}],"twitter_card":"summary_large_image","twitter_misc":{"Ansl. lesetid":"3 minutter"},"schema":{"@context":"https:\/\/schema.org","@graph":[{"@type":"WebPage","@id":"https:\/\/inzain.bike\/en\/inzain-solstice-gravel-ride-2025\/","url":"https:\/\/inzain.bike\/en\/inzain-solstice-gravel-ride-2025\/","name":"Inzain Solstice Gravel Ride 2025 - INZAIN Sykkelopplevelser","isPartOf":{"@id":"https:\/\/inzain.bike\/fr_be\/#website"},"primaryImageOfPage":{"@id":"https:\/\/inzain.bike\/en\/inzain-solstice-gravel-ride-2025\/#primaryimage"},"image":{"@id":"https:\/\/inzain.bike\/en\/inzain-solstice-gravel-ride-2025\/#primaryimage"},"thumbnailUrl":"https:\/\/inzain.bike\/wp-content\/uploads\/2023\/10\/20230622_213949-1024x629.jpg","datePublished":"2023-10-30T09:46:17+00:00","dateModified":"2025-06-02T08:20:24+00:00","breadcrumb":{"@id":"https:\/\/inzain.bike\/en\/inzain-solstice-gravel-ride-2025\/#breadcrumb"},"inLanguage":"nb-NO","potentialAction":[{"@type":"ReadAction","target":["https:\/\/inzain.bike\/en\/inzain-solstice-gravel-ride-2025\/"]}]},{"@type":"ImageObject","inLanguage":"nb-NO","@id":"https:\/\/inzain.bike\/en\/inzain-solstice-gravel-ride-2025\/#primaryimage","url":"https:\/\/inzain.bike\/wp-content\/uploads\/2023\/10\/20230622_213949-1024x629.jpg","contentUrl":"https:\/\/inzain.bike\/wp-content\/uploads\/2023\/10\/20230622_213949-1024x629.jpg"},{"@type":"BreadcrumbList","@id":"https:\/\/inzain.bike\/en\/inzain-solstice-gravel-ride-2025\/#breadcrumb","itemListElement":[{"@type":"ListItem","position":1,"name":"Hem","item":"https:\/\/inzain.bike\/fr_be\/"},{"@type":"ListItem","position":2,"name":"Inzain Solstice Gravel Ride 2025"}]},{"@type":"WebSite","@id":"https:\/\/inzain.bike\/fr_be\/#website","url":"https:\/\/inzain.bike\/fr_be\/","name":"INZAIN SYKKELOPPLEVELSER","description":"Sykkeleventyr - for alle","publisher":{"@id":"https:\/\/inzain.bike\/fr_be\/#organization"},"alternateName":"INZAIN Gravel & Travel","potentialAction":[{"@type":"SearchAction","target":{"@type":"EntryPoint","urlTemplate":"https:\/\/inzain.bike\/fr_be\/?s={search_term_string}"},"query-input":{"@type":"PropertyValueSpecification","valueRequired":true,"valueName":"search_term_string"}}],"inLanguage":"nb-NO"},{"@type":"Organization","@id":"https:\/\/inzain.bike\/fr_be\/#organization","name":"INZAIN SYKKELOPPLEVELSER","url":"https:\/\/inzain.bike\/fr_be\/","logo":{"@type":"ImageObject","inLanguage":"nb-NO","@id":"https:\/\/inzain.bike\/fr_be\/#\/schema\/logo\/image\/","url":"https:\/\/i0.wp.com\/inzain.bike\/wp-content\/uploads\/2023\/09\/cropped-INZAIN_512x512_white.png?fit=512%2C512&ssl=1","contentUrl":"https:\/\/i0.wp.com\/inzain.bike\/wp-content\/uploads\/2023\/09\/cropped-INZAIN_512x512_white.png?fit=512%2C512&ssl=1","width":512,"height":512,"caption":"INZAIN Cycling EXPERIENCES"},"image":{"@id":"https:\/\/inzain.bike\/fr_be\/#\/schema\/logo\/image\/"},"sameAs":["https:\/\/www.facebook.com\/Inzain.bike","https:\/\/www.instagram.com\/inzainbike"]}]}},"amp_enabled":true,"_links":{"self":[{"href":"https:\/\/inzain.bike\/nb\/wp-json\/wp\/v2\/pages\/3851","targetHints":{"allow":["GET"]}}],"collection":[{"href":"https:\/\/inzain.bike\/nb\/wp-json\/wp\/v2\/pages"}],"about":[{"href":"https:\/\/inzain.bike\/nb\/wp-json\/wp\/v2\/types\/page"}],"author":[{"embeddable":true,"href":"https:\/\/inzain.bike\/nb\/wp-json\/wp\/v2\/users\/135133094"}],"replies":[{"embeddable":true,"href":"https:\/\/inzain.bike\/nb\/wp-json\/wp\/v2\/comments?post=3851"}],"version-history":[{"count":5,"href":"https:\/\/inzain.bike\/nb\/wp-json\/wp\/v2\/pages\/3851\/revisions"}],"predecessor-version":[{"id":8137,"href":"https:\/\/inzain.bike\/nb\/wp-json\/wp\/v2\/pages\/3851\/revisions\/8137"}],"wp:attachment":[{"href":"https:\/\/inzain.bike\/nb\/wp-json\/wp\/v2\/media?parent=3851"}],"curies":[{"name":"wp","href":"https:\/\/api.w.org\/{rel}","templated":true}]}}