{"id":4964,"date":"2023-11-11T18:16:35","date_gmt":"2023-11-11T17:16:35","guid":{"rendered":"https:\/\/inzain.bike\/?page_id=4964"},"modified":"2023-11-25T16:40:30","modified_gmt":"2023-11-25T15:40:30","slug":"bas24-travel","status":"publish","type":"page","link":"https:\/\/inzain.bike\/nb\/bas24-travel\/","title":{"rendered":"Baskerland reise og transport"},"content":{"rendered":"<figure class=\"wp-block-image alignwide size-large\"><img loading=\"lazy\" decoding=\"async\" width=\"1024\" height=\"682\" src=\"https:\/\/inzain.bike\/wp-content\/uploads\/2023\/11\/pexels-pixabay-47044-1024x682.jpg\" alt=\"\" class=\"wp-image-4035\" srcset=\"https:\/\/inzain.bike\/wp-content\/uploads\/2023\/11\/pexels-pixabay-47044-1024x682.jpg 1024w, https:\/\/inzain.bike\/wp-content\/uploads\/2023\/11\/pexels-pixabay-47044-300x200.jpg 300w, https:\/\/inzain.bike\/wp-content\/uploads\/2023\/11\/pexels-pixabay-47044-768x512.jpg 768w, https:\/\/inzain.bike\/wp-content\/uploads\/2023\/11\/pexels-pixabay-47044-1536x1024.jpg 1536w, https:\/\/inzain.bike\/wp-content\/uploads\/2023\/11\/pexels-pixabay-47044-18x12.jpg 18w, https:\/\/inzain.bike\/wp-content\/uploads\/2023\/11\/pexels-pixabay-47044-1320x880.jpg 1320w, https:\/\/inzain.bike\/wp-content\/uploads\/2023\/11\/pexels-pixabay-47044-600x400.jpg 600w, https:\/\/inzain.bike\/wp-content\/uploads\/2023\/11\/pexels-pixabay-47044.jpg 2000w\" sizes=\"auto, (max-width: 1024px) 100vw, 1024px\" \/><\/figure>\n\n\n\n<div class=\"wp-block-columns alignwide is-layout-flex wp-container-core-columns-is-layout-28f84493 wp-block-columns-is-layout-flex\">\n<div class=\"wp-block-column is-layout-flow wp-block-column-is-layout-flow\">\n<p class=\"has-roboto-font-family has-custom-font\" style=\"font-family:Roboto\">Baskerland og v\u00e5r base i Biarritz er en dr\u00f8m \u00e5 komme til. F\u00e5 byer har en flyplass s\u00e5 n\u00e6r stranden og uten at det f\u00f8les p\u00e5trengende. SAS flyr oss direkte dit og hjem. Hyggelig \u00e5 vite at sykkelen er inkludert og at den ikke har st\u00e5tt p\u00e5 mellomlanding. <\/p>\n\n\n\n<p><strong>Overf\u00f8re <\/strong><\/p>\n\n\n\n<div class=\"wp-block-columns is-layout-flex wp-container-core-columns-is-layout-28f84493 wp-block-columns-is-layout-flex\">\n<div class=\"wp-block-column is-layout-flow wp-block-column-is-layout-flow\">\n<figure class=\"wp-block-image size-large\"><img loading=\"lazy\" decoding=\"async\" width=\"1024\" height=\"768\" src=\"https:\/\/inzain.bike\/wp-content\/uploads\/2023\/11\/IMG_1082-1024x768.jpg\" alt=\"\" class=\"wp-image-4972\" srcset=\"https:\/\/inzain.bike\/wp-content\/uploads\/2023\/11\/IMG_1082-1024x768.jpg 1024w, https:\/\/inzain.bike\/wp-content\/uploads\/2023\/11\/IMG_1082-300x225.jpg 300w, https:\/\/inzain.bike\/wp-content\/uploads\/2023\/11\/IMG_1082-768x576.jpg 768w, https:\/\/inzain.bike\/wp-content\/uploads\/2023\/11\/IMG_1082-1536x1152.jpg 1536w, https:\/\/inzain.bike\/wp-content\/uploads\/2023\/11\/IMG_1082-2048x1536.jpg 2048w, https:\/\/inzain.bike\/wp-content\/uploads\/2023\/11\/IMG_1082-16x12.jpg 16w, https:\/\/inzain.bike\/wp-content\/uploads\/2023\/11\/IMG_1082-1320x990.jpg 1320w, https:\/\/inzain.bike\/wp-content\/uploads\/2023\/11\/IMG_1082-600x450.jpg 600w\" sizes=\"auto, (max-width: 1024px) 100vw, 1024px\" \/><\/figure>\n<\/div>\n\n\n\n<div class=\"wp-block-column is-layout-flow wp-block-column-is-layout-flow\">\n<div style=\"height:145px\" aria-hidden=\"true\" class=\"wp-block-spacer\"><\/div>\n\n\n\n<p>Som vanlig m\u00f8ter vi deg direkte p\u00e5 flyplassen med v\u00e5r f\u00f8lgebil. Sykkelhotellet v\u00e5rt ligger kun 5 minutter fra flyplassen. S\u00e5 du har god tid til \u00e5 sette sammen sykkelen eller hente leiesykkelen. Og s\u00e5 dra p\u00e5 en kort kassetur.<\/p>\n<\/div>\n<\/div>\n<\/div>\n<\/div>\n\n\n\n<div class=\"wp-block-columns alignwide is-layout-flex wp-container-core-columns-is-layout-28f84493 wp-block-columns-is-layout-flex\">\n<div class=\"wp-block-column is-layout-flow wp-block-column-is-layout-flow\">\n<div style=\"height:222px\" aria-hidden=\"true\" class=\"wp-block-spacer\"><\/div>\n\n\n\n<p>V\u00e5rt m\u00e5l er at du som gjest skal v\u00e6re s\u00e5 forn\u00f8yd som mulig. Vi m\u00e5 ha forutsett alle behov og \u00f8nsker p\u00e5 forh\u00e5nd, da du og din erfaring er det eneste som er i fokus for oss.<\/p>\n\n\n\n<p>Vi \u00f8nsker \u00e5 gi deg en opplevelse du sent vil glemme, en opplevelse som byr p\u00e5 fysisk aktivitet, avslapning, natur, kultur, spenning, god mat, mye latter, venner og minner som varer livet ut.<\/p>\n\n\n\n<p><\/p>\n<\/div>\n\n\n\n<div class=\"wp-block-column is-layout-flow wp-block-column-is-layout-flow\">\n<figure class=\"wp-block-image size-large\"><img loading=\"lazy\" decoding=\"async\" width=\"1024\" height=\"1024\" src=\"https:\/\/inzain.bike\/wp-content\/uploads\/2023\/11\/IMG_5333-2-1024x1024.jpg\" alt=\"\" class=\"wp-image-4974\" srcset=\"https:\/\/inzain.bike\/wp-content\/uploads\/2023\/11\/IMG_5333-2-1024x1024.jpg 1024w, https:\/\/inzain.bike\/wp-content\/uploads\/2023\/11\/IMG_5333-2-300x300.jpg 300w, https:\/\/inzain.bike\/wp-content\/uploads\/2023\/11\/IMG_5333-2-150x150.jpg 150w, https:\/\/inzain.bike\/wp-content\/uploads\/2023\/11\/IMG_5333-2-768x768.jpg 768w, https:\/\/inzain.bike\/wp-content\/uploads\/2023\/11\/IMG_5333-2-1536x1536.jpg 1536w, https:\/\/inzain.bike\/wp-content\/uploads\/2023\/11\/IMG_5333-2-2048x2048.jpg 2048w, https:\/\/inzain.bike\/wp-content\/uploads\/2023\/11\/IMG_5333-2-12x12.jpg 12w, https:\/\/inzain.bike\/wp-content\/uploads\/2023\/11\/IMG_5333-2-1320x1320.jpg 1320w, https:\/\/inzain.bike\/wp-content\/uploads\/2023\/11\/IMG_5333-2-600x600.jpg 600w, https:\/\/inzain.bike\/wp-content\/uploads\/2023\/11\/IMG_5333-2-100x100.jpg 100w\" sizes=\"auto, (max-width: 1024px) 100vw, 1024px\" \/><\/figure>\n<\/div>\n<\/div>","protected":false},"excerpt":{"rendered":"<p>Baskien och v\u00e5r bas i Biarritz \u00e4r en dr\u00f6m att ta sig till. F\u00e5 st\u00e4der har en flygplats s\u00e5 n\u00e4ra stranden och det utan att den k\u00e4nns st\u00f6rande. SAS flyger oss direkt dit och hem. Sk\u00f6nt att veta att cykeln \u00e4r med och den inte blivit kvar p\u00e5 n\u00e5gon mellanlandning. Transfer Vi m\u00f6ter som vanligt [&hellip;]<\/p>\n","protected":false},"author":203917874,"featured_media":0,"parent":0,"menu_order":0,"comment_status":"closed","ping_status":"closed","template":"","meta":{"_coblocks_attr":"Roboto","_coblocks_dimensions":"","_coblocks_responsive_height":"","_coblocks_accordion_ie_support":"","footnotes":""},"class_list":["post-4964","page","type-page","status-publish","hentry"],"yoast_head":"<!-- This site is optimized with the Yoast SEO plugin v27.2 - https:\/\/yoast.com\/product\/yoast-seo-wordpress\/ -->\n<title>Baskien Resa och Transport - INZAIN Cycling EXPERIENCES<\/title>\n<meta name=\"robots\" content=\"index, follow, max-snippet:-1, max-image-preview:large, max-video-preview:-1\" \/>\n<link rel=\"canonical\" href=\"https:\/\/inzain.bike\/nb\/bas24-travel\/\" \/>\n<meta property=\"og:locale\" content=\"nb_NO\" \/>\n<meta property=\"og:type\" content=\"article\" \/>\n<meta property=\"og:title\" content=\"Baskien Resa och Transport - INZAIN Cycling EXPERIENCES\" \/>\n<meta property=\"og:description\" content=\"Baskien och v\u00e5r bas i Biarritz \u00e4r en dr\u00f6m att ta sig till. F\u00e5 st\u00e4der har en flygplats s\u00e5 n\u00e4ra stranden och det utan att den k\u00e4nns st\u00f6rande. SAS flyger oss direkt dit och hem. Sk\u00f6nt att veta att cykeln \u00e4r med och den inte blivit kvar p\u00e5 n\u00e5gon mellanlandning. Transfer Vi m\u00f6ter som vanligt [&hellip;]\" \/>\n<meta property=\"og:url\" content=\"https:\/\/inzain.bike\/nb\/bas24-travel\/\" \/>\n<meta property=\"og:site_name\" content=\"INZAIN Cycling EXPERIENCES\" \/>\n<meta property=\"article:publisher\" content=\"https:\/\/www.facebook.com\/Inzain.bike\" \/>\n<meta property=\"article:modified_time\" content=\"2023-11-25T15:40:30+00:00\" \/>\n<meta property=\"og:image\" content=\"https:\/\/inzain.bike\/wp-content\/uploads\/2023\/11\/pexels-pixabay-47044-1024x682.jpg\" \/>\n<meta name=\"twitter:card\" content=\"summary_large_image\" \/>\n<meta name=\"twitter:label1\" content=\"Ansl. lesetid\" \/>\n\t<meta name=\"twitter:data1\" content=\"2 minutter\" \/>\n<script type=\"application\/ld+json\" class=\"yoast-schema-graph\">{\"@context\":\"https:\/\/schema.org\",\"@graph\":[{\"@type\":\"WebPage\",\"@id\":\"https:\/\/inzain.bike\/en\/bas24-travel\/\",\"url\":\"https:\/\/inzain.bike\/en\/bas24-travel\/\",\"name\":\"Baskien Resa och Transport - INZAIN Cycling EXPERIENCES\",\"isPartOf\":{\"@id\":\"https:\/\/inzain.bike\/fr_be\/#website\"},\"primaryImageOfPage\":{\"@id\":\"https:\/\/inzain.bike\/en\/bas24-travel\/#primaryimage\"},\"image\":{\"@id\":\"https:\/\/inzain.bike\/en\/bas24-travel\/#primaryimage\"},\"thumbnailUrl\":\"https:\/\/inzain.bike\/wp-content\/uploads\/2023\/11\/pexels-pixabay-47044-1024x682.jpg\",\"datePublished\":\"2023-11-11T17:16:35+00:00\",\"dateModified\":\"2023-11-25T15:40:30+00:00\",\"breadcrumb\":{\"@id\":\"https:\/\/inzain.bike\/en\/bas24-travel\/#breadcrumb\"},\"inLanguage\":\"nb-NO\",\"potentialAction\":[{\"@type\":\"ReadAction\",\"target\":[\"https:\/\/inzain.bike\/en\/bas24-travel\/\"]}]},{\"@type\":\"ImageObject\",\"inLanguage\":\"nb-NO\",\"@id\":\"https:\/\/inzain.bike\/en\/bas24-travel\/#primaryimage\",\"url\":\"https:\/\/inzain.bike\/wp-content\/uploads\/2023\/11\/pexels-pixabay-47044-1024x682.jpg\",\"contentUrl\":\"https:\/\/inzain.bike\/wp-content\/uploads\/2023\/11\/pexels-pixabay-47044-1024x682.jpg\"},{\"@type\":\"BreadcrumbList\",\"@id\":\"https:\/\/inzain.bike\/en\/bas24-travel\/#breadcrumb\",\"itemListElement\":[{\"@type\":\"ListItem\",\"position\":1,\"name\":\"Hem\",\"item\":\"https:\/\/inzain.bike\/fr_be\/\"},{\"@type\":\"ListItem\",\"position\":2,\"name\":\"Baskien Resa och Transport\"}]},{\"@type\":\"WebSite\",\"@id\":\"https:\/\/inzain.bike\/fr_be\/#website\",\"url\":\"https:\/\/inzain.bike\/fr_be\/\",\"name\":\"INZAIN Cycling EXPERIENCES\",\"description\":\"Cyckling Adventures  - for everyone\",\"publisher\":{\"@id\":\"https:\/\/inzain.bike\/fr_be\/#organization\"},\"alternateName\":\"INZAIN Gravel & Travel\",\"potentialAction\":[{\"@type\":\"SearchAction\",\"target\":{\"@type\":\"EntryPoint\",\"urlTemplate\":\"https:\/\/inzain.bike\/fr_be\/?s={search_term_string}\"},\"query-input\":{\"@type\":\"PropertyValueSpecification\",\"valueRequired\":true,\"valueName\":\"search_term_string\"}}],\"inLanguage\":\"nb-NO\"},{\"@type\":\"Organization\",\"@id\":\"https:\/\/inzain.bike\/fr_be\/#organization\",\"name\":\"INZAIN Cycling EXPERIENCES\",\"url\":\"https:\/\/inzain.bike\/fr_be\/\",\"logo\":{\"@type\":\"ImageObject\",\"inLanguage\":\"nb-NO\",\"@id\":\"https:\/\/inzain.bike\/fr_be\/#\/schema\/logo\/image\/\",\"url\":\"https:\/\/i0.wp.com\/inzain.bike\/wp-content\/uploads\/2023\/09\/cropped-INZAIN_512x512_white.png?fit=512%2C512&ssl=1\",\"contentUrl\":\"https:\/\/i0.wp.com\/inzain.bike\/wp-content\/uploads\/2023\/09\/cropped-INZAIN_512x512_white.png?fit=512%2C512&ssl=1\",\"width\":512,\"height\":512,\"caption\":\"INZAIN Cycling EXPERIENCES\"},\"image\":{\"@id\":\"https:\/\/inzain.bike\/fr_be\/#\/schema\/logo\/image\/\"},\"sameAs\":[\"https:\/\/www.facebook.com\/Inzain.bike\",\"https:\/\/www.instagram.com\/inzainbike\"]}]}<\/script>\n<!-- \/ Yoast SEO plugin. -->","yoast_head_json":{"title":"Reise og transport i Baskerland - INZAIN Cycling EXPERIENCES","robots":{"index":"index","follow":"follow","max-snippet":"max-snippet:-1","max-image-preview":"max-image-preview:large","max-video-preview":"max-video-preview:-1"},"canonical":"https:\/\/inzain.bike\/nb\/bas24-travel\/","og_locale":"nb_NO","og_type":"article","og_title":"Baskien Resa och Transport - INZAIN Cycling EXPERIENCES","og_description":"Baskien och v\u00e5r bas i Biarritz \u00e4r en dr\u00f6m att ta sig till. F\u00e5 st\u00e4der har en flygplats s\u00e5 n\u00e4ra stranden och det utan att den k\u00e4nns st\u00f6rande. SAS flyger oss direkt dit och hem. Sk\u00f6nt att veta att cykeln \u00e4r med och den inte blivit kvar p\u00e5 n\u00e5gon mellanlandning. Transfer Vi m\u00f6ter som vanligt [&hellip;]","og_url":"https:\/\/inzain.bike\/nb\/bas24-travel\/","og_site_name":"INZAIN Cycling EXPERIENCES","article_publisher":"https:\/\/www.facebook.com\/Inzain.bike","article_modified_time":"2023-11-25T15:40:30+00:00","og_image":[{"url":"https:\/\/inzain.bike\/wp-content\/uploads\/2023\/11\/pexels-pixabay-47044-1024x682.jpg","type":"","width":"","height":""}],"twitter_card":"summary_large_image","twitter_misc":{"Ansl. lesetid":"2 minutter"},"schema":{"@context":"https:\/\/schema.org","@graph":[{"@type":"WebPage","@id":"https:\/\/inzain.bike\/en\/bas24-travel\/","url":"https:\/\/inzain.bike\/en\/bas24-travel\/","name":"Reise og transport i Baskerland - INZAIN Cycling EXPERIENCES","isPartOf":{"@id":"https:\/\/inzain.bike\/fr_be\/#website"},"primaryImageOfPage":{"@id":"https:\/\/inzain.bike\/en\/bas24-travel\/#primaryimage"},"image":{"@id":"https:\/\/inzain.bike\/en\/bas24-travel\/#primaryimage"},"thumbnailUrl":"https:\/\/inzain.bike\/wp-content\/uploads\/2023\/11\/pexels-pixabay-47044-1024x682.jpg","datePublished":"2023-11-11T17:16:35+00:00","dateModified":"2023-11-25T15:40:30+00:00","breadcrumb":{"@id":"https:\/\/inzain.bike\/en\/bas24-travel\/#breadcrumb"},"inLanguage":"nb-NO","potentialAction":[{"@type":"ReadAction","target":["https:\/\/inzain.bike\/en\/bas24-travel\/"]}]},{"@type":"ImageObject","inLanguage":"nb-NO","@id":"https:\/\/inzain.bike\/en\/bas24-travel\/#primaryimage","url":"https:\/\/inzain.bike\/wp-content\/uploads\/2023\/11\/pexels-pixabay-47044-1024x682.jpg","contentUrl":"https:\/\/inzain.bike\/wp-content\/uploads\/2023\/11\/pexels-pixabay-47044-1024x682.jpg"},{"@type":"BreadcrumbList","@id":"https:\/\/inzain.bike\/en\/bas24-travel\/#breadcrumb","itemListElement":[{"@type":"ListItem","position":1,"name":"Hem","item":"https:\/\/inzain.bike\/fr_be\/"},{"@type":"ListItem","position":2,"name":"Baskien Resa och Transport"}]},{"@type":"WebSite","@id":"https:\/\/inzain.bike\/fr_be\/#website","url":"https:\/\/inzain.bike\/fr_be\/","name":"INZAIN SYKKELOPPLEVELSER","description":"Sykkeleventyr - for alle","publisher":{"@id":"https:\/\/inzain.bike\/fr_be\/#organization"},"alternateName":"INZAIN Gravel & Travel","potentialAction":[{"@type":"SearchAction","target":{"@type":"EntryPoint","urlTemplate":"https:\/\/inzain.bike\/fr_be\/?s={search_term_string}"},"query-input":{"@type":"PropertyValueSpecification","valueRequired":true,"valueName":"search_term_string"}}],"inLanguage":"nb-NO"},{"@type":"Organization","@id":"https:\/\/inzain.bike\/fr_be\/#organization","name":"INZAIN SYKKELOPPLEVELSER","url":"https:\/\/inzain.bike\/fr_be\/","logo":{"@type":"ImageObject","inLanguage":"nb-NO","@id":"https:\/\/inzain.bike\/fr_be\/#\/schema\/logo\/image\/","url":"https:\/\/i0.wp.com\/inzain.bike\/wp-content\/uploads\/2023\/09\/cropped-INZAIN_512x512_white.png?fit=512%2C512&ssl=1","contentUrl":"https:\/\/i0.wp.com\/inzain.bike\/wp-content\/uploads\/2023\/09\/cropped-INZAIN_512x512_white.png?fit=512%2C512&ssl=1","width":512,"height":512,"caption":"INZAIN Cycling EXPERIENCES"},"image":{"@id":"https:\/\/inzain.bike\/fr_be\/#\/schema\/logo\/image\/"},"sameAs":["https:\/\/www.facebook.com\/Inzain.bike","https:\/\/www.instagram.com\/inzainbike"]}]}},"amp_enabled":true,"_links":{"self":[{"href":"https:\/\/inzain.bike\/nb\/wp-json\/wp\/v2\/pages\/4964","targetHints":{"allow":["GET"]}}],"collection":[{"href":"https:\/\/inzain.bike\/nb\/wp-json\/wp\/v2\/pages"}],"about":[{"href":"https:\/\/inzain.bike\/nb\/wp-json\/wp\/v2\/types\/page"}],"author":[{"embeddable":true,"href":"https:\/\/inzain.bike\/nb\/wp-json\/wp\/v2\/users\/203917874"}],"replies":[{"embeddable":true,"href":"https:\/\/inzain.bike\/nb\/wp-json\/wp\/v2\/comments?post=4964"}],"version-history":[{"count":0,"href":"https:\/\/inzain.bike\/nb\/wp-json\/wp\/v2\/pages\/4964\/revisions"}],"wp:attachment":[{"href":"https:\/\/inzain.bike\/nb\/wp-json\/wp\/v2\/media?parent=4964"}],"curies":[{"name":"wp","href":"https:\/\/api.w.org\/{rel}","templated":true}]}}