{"id":5104,"date":"2023-11-11T19:55:28","date_gmt":"2023-11-11T18:55:28","guid":{"rendered":"https:\/\/inzain.bike\/?page_id=5104"},"modified":"2023-11-11T19:59:50","modified_gmt":"2023-11-11T18:59:50","slug":"gir24-om-dig","status":"publish","type":"page","link":"https:\/\/inzain.bike\/nb\/gir24-om-dig\/","title":{"rendered":"Girona - Om deg"},"content":{"rendered":"\n<figure class=\"wp-block-image size-large\"><img loading=\"lazy\" decoding=\"async\" width=\"1024\" height=\"485\" src=\"https:\/\/inzain.bike\/wp-content\/uploads\/2022\/10\/gi1-1024x485.jpg\" alt=\"\" class=\"wp-image-2029\" srcset=\"https:\/\/inzain.bike\/wp-content\/uploads\/2022\/10\/gi1-1024x485.jpg 1024w, https:\/\/inzain.bike\/wp-content\/uploads\/2022\/10\/gi1-300x142.jpg 300w, https:\/\/inzain.bike\/wp-content\/uploads\/2022\/10\/gi1-768x364.jpg 768w, https:\/\/inzain.bike\/wp-content\/uploads\/2022\/10\/gi1-1536x728.jpg 1536w, https:\/\/inzain.bike\/wp-content\/uploads\/2022\/10\/gi1-18x9.jpg 18w, https:\/\/inzain.bike\/wp-content\/uploads\/2022\/10\/gi1-1320x626.jpg 1320w, https:\/\/inzain.bike\/wp-content\/uploads\/2022\/10\/gi1-600x284.jpg 600w, https:\/\/inzain.bike\/wp-content\/uploads\/2022\/10\/gi1.jpg 1920w\" sizes=\"auto, (max-width: 1024px) 100vw, 1024px\" \/><\/figure>\n\n\n\n<div class=\"wp-block-columns is-layout-flex wp-container-core-columns-is-layout-28f84493 wp-block-columns-is-layout-flex\">\n<div class=\"wp-block-column is-layout-flow wp-block-column-is-layout-flow\">\n<p>F\u00f6r att g\u00f6ra din vistelse s\u00e5 bra som m\u00f6jligt vill vi samla in lite information om dig. Fyll in formul\u00e4ret och klicka p\u00e5 skicka in. <br>Varmt v\u00e4lkommen till Girona Gravel Camp 2024<\/p>\n\n\n<div class=\"wpforms-container wpforms-container-full wpforms-block wpforms-block-b36e8aa2-5a4a-4341-a00d-a391cd8e73d8 wpforms-render-modern\" id=\"wpforms-5106\"><form id=\"wpforms-form-5106\" class=\"wpforms-validate wpforms-form wpforms-ajax-form\" data-formid=\"5106\" method=\"post\" enctype=\"multipart\/form-data\" action=\"\/nb\/wp-json\/wp\/v2\/pages\/5104\" data-token=\"cf7b0515c126bb99f39623b02e95d546\" data-token-time=\"1776220177\"><noscript class=\"wpforms-error-noscript\">Please enable JavaScript in your browser to complete this form.<\/noscript><div id=\"wpforms-error-noscript\" style=\"display: none;\">Please enable JavaScript in your browser to complete this form.<\/div><div class=\"wpforms-field-container\"><div id=\"wpforms-5106-field_1-container\" class=\"wpforms-field wpforms-field-email\" data-field-id=\"1\"><label class=\"wpforms-field-label\" for=\"wpforms-5106-field_1\">Email <span class=\"wpforms-required-label\" aria-hidden=\"true\">*<\/span><\/label><input type=\"email\" id=\"wpforms-5106-field_1\" class=\"wpforms-field-medium wpforms-field-required\" name=\"wpforms[fields][1]\" spellcheck=\"false\" aria-errormessage=\"wpforms-5106-field_1-error\" required><\/div><div id=\"wpforms-5106-field_18-container\" class=\"wpforms-field wpforms-field-checkbox\" data-field-id=\"18\"><fieldset><legend class=\"wpforms-field-label\">T\u00e4nker du k\u00f6ra Traka <span class=\"wpforms-required-label\" aria-hidden=\"true\">*<\/span><\/legend><ul id=\"wpforms-5106-field_18\" class=\"wpforms-field-required\"><li class=\"choice-1 depth-1\"><input type=\"checkbox\" id=\"wpforms-5106-field_18_1\" name=\"wpforms[fields][18][]\" value=\"Ja\" aria-errormessage=\"wpforms-5106-field_18_1-error\" aria-describedby=\"wpforms-5106-field_18-description\" required ><label class=\"wpforms-field-label-inline\" for=\"wpforms-5106-field_18_1\">Ja<\/label><\/li><li class=\"choice-2 depth-1\"><input type=\"checkbox\" id=\"wpforms-5106-field_18_2\" name=\"wpforms[fields][18][]\" value=\"Nej\" aria-errormessage=\"wpforms-5106-field_18_2-error\" aria-describedby=\"wpforms-5106-field_18-description\" required ><label class=\"wpforms-field-label-inline\" for=\"wpforms-5106-field_18_2\">Nej<\/label><\/li><\/ul><div id=\"wpforms-5106-field_18-description\" class=\"wpforms-field-description\">Du bokar egen biljett till eventet.\r\nVi hj\u00e4lper till med logistik.<\/div><\/fieldset><\/div><div id=\"wpforms-5106-field_20-container\" class=\"wpforms-field wpforms-field-checkbox\" data-field-id=\"20\"><fieldset><legend class=\"wpforms-field-label\">Vill du hj\u00e4lp med att hyra cykel? <span class=\"wpforms-required-label\" aria-hidden=\"true\">*<\/span><\/legend><ul id=\"wpforms-5106-field_20\" class=\"wpforms-field-required\"><li class=\"choice-1 depth-1\"><input type=\"checkbox\" id=\"wpforms-5106-field_20_1\" name=\"wpforms[fields][20][]\" value=\"Ja\" aria-errormessage=\"wpforms-5106-field_20_1-error\" aria-describedby=\"wpforms-5106-field_20-description\" required ><label class=\"wpforms-field-label-inline\" for=\"wpforms-5106-field_20_1\">Ja<\/label><\/li><li class=\"choice-2 depth-1\"><input type=\"checkbox\" id=\"wpforms-5106-field_20_2\" name=\"wpforms[fields][20][]\" value=\"Nej\" aria-errormessage=\"wpforms-5106-field_20_2-error\" aria-describedby=\"wpforms-5106-field_20-description\" required ><label class=\"wpforms-field-label-inline\" for=\"wpforms-5106-field_20_2\">Nej<\/label><\/li><\/ul><div id=\"wpforms-5106-field_20-description\" class=\"wpforms-field-description\">Vill du ha hj\u00e4lp med cykelhyra?<\/div><\/fieldset><\/div><div id=\"wpforms-5106-field_5-container\" class=\"wpforms-field wpforms-field-text\" data-field-id=\"5\"><label class=\"wpforms-field-label\" for=\"wpforms-5106-field_5\">Ev allergier eller preferenser p\u00e5 mat<\/label><input type=\"text\" id=\"wpforms-5106-field_5\" class=\"wpforms-field-medium\" name=\"wpforms[fields][5]\" aria-errormessage=\"wpforms-5106-field_5-error\" aria-describedby=\"wpforms-5106-field_5-description\" ><div id=\"wpforms-5106-field_5-description\" class=\"wpforms-field-description\">Har du allergier? \u00c4ter du bara vegeratiskt?<\/div><\/div><div id=\"wpforms-5106-field_2-container\" class=\"wpforms-field wpforms-field-textarea\" data-field-id=\"2\"><label class=\"wpforms-field-label\" for=\"wpforms-5106-field_2\">Kommentar<\/label><textarea id=\"wpforms-5106-field_2\" class=\"wpforms-field-medium\" name=\"wpforms[fields][2]\" aria-errormessage=\"wpforms-5106-field_2-error\" aria-describedby=\"wpforms-5106-field_2-description\" ><\/textarea><div id=\"wpforms-5106-field_2-description\" class=\"wpforms-field-description\">Om du har fr\u00e5gor eller vill meddela n\u00e5got, anv\u00e4nd g\u00e4rna detta f\u00e4lt.<\/div><\/div><\/div><!-- .wpforms-field-container --><div class=\"wpforms-submit-container\" ><input type=\"hidden\" name=\"wpforms[id]\" value=\"5106\"><input type=\"hidden\" name=\"page_title\" value=\"\"><input type=\"hidden\" name=\"page_url\" value=\"https:\/\/inzain.bike\/nb\/wp-json\/wp\/v2\/pages\/5104\"><input type=\"hidden\" name=\"url_referer\" value=\"\"><button type=\"submit\" name=\"wpforms[submit]\" id=\"wpforms-submit-5106\" class=\"wpforms-submit\" data-alt-text=\"Skickar\" data-submit-text=\"Skicka in\" aria-live=\"assertive\" value=\"wpforms-submit\">Skicka in<\/button><img loading=\"lazy\" decoding=\"async\" src=\"https:\/\/inzain.bike\/wp-content\/plugins\/wpforms\/assets\/images\/submit-spin.svg\" class=\"wpforms-submit-spinner\" style=\"display: none;\" width=\"26\" height=\"26\" alt=\"Loading\"><\/div><\/form><\/div>  <!-- .wpforms-container --><\/div>\n<\/div>\n","protected":false},"excerpt":{"rendered":"<p>For \u00e5 gj\u00f8re oppholdet ditt s\u00e5 bra som mulig, \u00f8nsker vi \u00e5 samle inn litt informasjon om deg. Vennligst fyll ut skjemaet og klikk p\u00e5 send. Hjertelig velkommen til Girona Gravel Camp 2024<\/p>","protected":false},"author":135133094,"featured_media":0,"parent":0,"menu_order":0,"comment_status":"closed","ping_status":"closed","template":"","meta":{"_coblocks_attr":"","_coblocks_dimensions":"","_coblocks_responsive_height":"","_coblocks_accordion_ie_support":"","footnotes":""},"class_list":["post-5104","page","type-page","status-publish","hentry"],"yoast_head":"<!-- This site is optimized with the Yoast SEO plugin v27.2 - https:\/\/yoast.com\/product\/yoast-seo-wordpress\/ -->\n<title>Girona - Om dig - INZAIN Cycling EXPERIENCES<\/title>\n<meta name=\"robots\" content=\"index, follow, max-snippet:-1, max-image-preview:large, max-video-preview:-1\" \/>\n<link rel=\"canonical\" href=\"https:\/\/inzain.bike\/nb\/gir24-om-dig\/\" \/>\n<meta property=\"og:locale\" content=\"nb_NO\" \/>\n<meta property=\"og:type\" content=\"article\" \/>\n<meta property=\"og:title\" content=\"Girona - Om dig - INZAIN Cycling EXPERIENCES\" \/>\n<meta property=\"og:description\" content=\"F\u00f6r att g\u00f6ra din vistelse s\u00e5 bra som m\u00f6jligt vill vi samla in lite information om dig. Fyll in formul\u00e4ret och klicka p\u00e5 skicka in. Varmt v\u00e4lkommen till Girona Gravel Camp 2024\" \/>\n<meta property=\"og:url\" content=\"https:\/\/inzain.bike\/nb\/gir24-om-dig\/\" \/>\n<meta property=\"og:site_name\" content=\"INZAIN Cycling EXPERIENCES\" \/>\n<meta property=\"article:publisher\" content=\"https:\/\/www.facebook.com\/Inzain.bike\" \/>\n<meta property=\"article:modified_time\" content=\"2023-11-11T18:59:50+00:00\" \/>\n<meta property=\"og:image\" content=\"https:\/\/inzain.bike\/wp-content\/uploads\/2022\/10\/gi1-1024x485.jpg\" \/>\n<meta name=\"twitter:card\" content=\"summary_large_image\" \/>\n<meta name=\"twitter:label1\" content=\"Ansl. lesetid\" \/>\n\t<meta name=\"twitter:data1\" content=\"1 minutt\" \/>\n<script type=\"application\/ld+json\" class=\"yoast-schema-graph\">{\"@context\":\"https:\/\/schema.org\",\"@graph\":[{\"@type\":\"WebPage\",\"@id\":\"https:\/\/inzain.bike\/sv_se\/gir24-om-dig\/\",\"url\":\"https:\/\/inzain.bike\/sv_se\/gir24-om-dig\/\",\"name\":\"Girona - Om dig - INZAIN Cycling EXPERIENCES\",\"isPartOf\":{\"@id\":\"https:\/\/inzain.bike\/fr_be\/#website\"},\"primaryImageOfPage\":{\"@id\":\"https:\/\/inzain.bike\/sv_se\/gir24-om-dig\/#primaryimage\"},\"image\":{\"@id\":\"https:\/\/inzain.bike\/sv_se\/gir24-om-dig\/#primaryimage\"},\"thumbnailUrl\":\"https:\/\/inzain.bike\/wp-content\/uploads\/2022\/10\/gi1-1024x485.jpg\",\"datePublished\":\"2023-11-11T18:55:28+00:00\",\"dateModified\":\"2023-11-11T18:59:50+00:00\",\"breadcrumb\":{\"@id\":\"https:\/\/inzain.bike\/sv_se\/gir24-om-dig\/#breadcrumb\"},\"inLanguage\":\"nb-NO\",\"potentialAction\":[{\"@type\":\"ReadAction\",\"target\":[\"https:\/\/inzain.bike\/sv_se\/gir24-om-dig\/\"]}]},{\"@type\":\"ImageObject\",\"inLanguage\":\"nb-NO\",\"@id\":\"https:\/\/inzain.bike\/sv_se\/gir24-om-dig\/#primaryimage\",\"url\":\"https:\/\/inzain.bike\/wp-content\/uploads\/2022\/10\/gi1-1024x485.jpg\",\"contentUrl\":\"https:\/\/inzain.bike\/wp-content\/uploads\/2022\/10\/gi1-1024x485.jpg\"},{\"@type\":\"BreadcrumbList\",\"@id\":\"https:\/\/inzain.bike\/sv_se\/gir24-om-dig\/#breadcrumb\",\"itemListElement\":[{\"@type\":\"ListItem\",\"position\":1,\"name\":\"Hem\",\"item\":\"https:\/\/inzain.bike\/fr_be\/\"},{\"@type\":\"ListItem\",\"position\":2,\"name\":\"Girona &#8211; Om dig\"}]},{\"@type\":\"WebSite\",\"@id\":\"https:\/\/inzain.bike\/fr_be\/#website\",\"url\":\"https:\/\/inzain.bike\/fr_be\/\",\"name\":\"INZAIN Cycling EXPERIENCES\",\"description\":\"Cyckling Adventures  - for everyone\",\"publisher\":{\"@id\":\"https:\/\/inzain.bike\/fr_be\/#organization\"},\"alternateName\":\"INZAIN Gravel & Travel\",\"potentialAction\":[{\"@type\":\"SearchAction\",\"target\":{\"@type\":\"EntryPoint\",\"urlTemplate\":\"https:\/\/inzain.bike\/fr_be\/?s={search_term_string}\"},\"query-input\":{\"@type\":\"PropertyValueSpecification\",\"valueRequired\":true,\"valueName\":\"search_term_string\"}}],\"inLanguage\":\"nb-NO\"},{\"@type\":\"Organization\",\"@id\":\"https:\/\/inzain.bike\/fr_be\/#organization\",\"name\":\"INZAIN Cycling EXPERIENCES\",\"url\":\"https:\/\/inzain.bike\/fr_be\/\",\"logo\":{\"@type\":\"ImageObject\",\"inLanguage\":\"nb-NO\",\"@id\":\"https:\/\/inzain.bike\/fr_be\/#\/schema\/logo\/image\/\",\"url\":\"https:\/\/i0.wp.com\/inzain.bike\/wp-content\/uploads\/2023\/09\/cropped-INZAIN_512x512_white.png?fit=512%2C512&ssl=1\",\"contentUrl\":\"https:\/\/i0.wp.com\/inzain.bike\/wp-content\/uploads\/2023\/09\/cropped-INZAIN_512x512_white.png?fit=512%2C512&ssl=1\",\"width\":512,\"height\":512,\"caption\":\"INZAIN Cycling EXPERIENCES\"},\"image\":{\"@id\":\"https:\/\/inzain.bike\/fr_be\/#\/schema\/logo\/image\/\"},\"sameAs\":[\"https:\/\/www.facebook.com\/Inzain.bike\",\"https:\/\/www.instagram.com\/inzainbike\"]}]}<\/script>\n<!-- \/ Yoast SEO plugin. -->","yoast_head_json":{"title":"Girona \u2013 Om deg \u2013 INZAIN Sykkelopplevelser","robots":{"index":"index","follow":"follow","max-snippet":"max-snippet:-1","max-image-preview":"max-image-preview:large","max-video-preview":"max-video-preview:-1"},"canonical":"https:\/\/inzain.bike\/nb\/gir24-om-dig\/","og_locale":"nb_NO","og_type":"article","og_title":"Girona - Om dig - INZAIN Cycling EXPERIENCES","og_description":"F\u00f6r att g\u00f6ra din vistelse s\u00e5 bra som m\u00f6jligt vill vi samla in lite information om dig. Fyll in formul\u00e4ret och klicka p\u00e5 skicka in. Varmt v\u00e4lkommen till Girona Gravel Camp 2024","og_url":"https:\/\/inzain.bike\/nb\/gir24-om-dig\/","og_site_name":"INZAIN Cycling EXPERIENCES","article_publisher":"https:\/\/www.facebook.com\/Inzain.bike","article_modified_time":"2023-11-11T18:59:50+00:00","og_image":[{"url":"https:\/\/inzain.bike\/wp-content\/uploads\/2022\/10\/gi1-1024x485.jpg","type":"","width":"","height":""}],"twitter_card":"summary_large_image","twitter_misc":{"Ansl. lesetid":"1 minutt"},"schema":{"@context":"https:\/\/schema.org","@graph":[{"@type":"WebPage","@id":"https:\/\/inzain.bike\/sv_se\/gir24-om-dig\/","url":"https:\/\/inzain.bike\/sv_se\/gir24-om-dig\/","name":"Girona \u2013 Om deg \u2013 INZAIN Sykkelopplevelser","isPartOf":{"@id":"https:\/\/inzain.bike\/fr_be\/#website"},"primaryImageOfPage":{"@id":"https:\/\/inzain.bike\/sv_se\/gir24-om-dig\/#primaryimage"},"image":{"@id":"https:\/\/inzain.bike\/sv_se\/gir24-om-dig\/#primaryimage"},"thumbnailUrl":"https:\/\/inzain.bike\/wp-content\/uploads\/2022\/10\/gi1-1024x485.jpg","datePublished":"2023-11-11T18:55:28+00:00","dateModified":"2023-11-11T18:59:50+00:00","breadcrumb":{"@id":"https:\/\/inzain.bike\/sv_se\/gir24-om-dig\/#breadcrumb"},"inLanguage":"nb-NO","potentialAction":[{"@type":"ReadAction","target":["https:\/\/inzain.bike\/sv_se\/gir24-om-dig\/"]}]},{"@type":"ImageObject","inLanguage":"nb-NO","@id":"https:\/\/inzain.bike\/sv_se\/gir24-om-dig\/#primaryimage","url":"https:\/\/inzain.bike\/wp-content\/uploads\/2022\/10\/gi1-1024x485.jpg","contentUrl":"https:\/\/inzain.bike\/wp-content\/uploads\/2022\/10\/gi1-1024x485.jpg"},{"@type":"BreadcrumbList","@id":"https:\/\/inzain.bike\/sv_se\/gir24-om-dig\/#breadcrumb","itemListElement":[{"@type":"ListItem","position":1,"name":"Hem","item":"https:\/\/inzain.bike\/fr_be\/"},{"@type":"ListItem","position":2,"name":"Girona &#8211; Om dig"}]},{"@type":"WebSite","@id":"https:\/\/inzain.bike\/fr_be\/#website","url":"https:\/\/inzain.bike\/fr_be\/","name":"INZAIN SYKKELOPPLEVELSER","description":"Sykkeleventyr - for alle","publisher":{"@id":"https:\/\/inzain.bike\/fr_be\/#organization"},"alternateName":"INZAIN Gravel & Travel","potentialAction":[{"@type":"SearchAction","target":{"@type":"EntryPoint","urlTemplate":"https:\/\/inzain.bike\/fr_be\/?s={search_term_string}"},"query-input":{"@type":"PropertyValueSpecification","valueRequired":true,"valueName":"search_term_string"}}],"inLanguage":"nb-NO"},{"@type":"Organization","@id":"https:\/\/inzain.bike\/fr_be\/#organization","name":"INZAIN SYKKELOPPLEVELSER","url":"https:\/\/inzain.bike\/fr_be\/","logo":{"@type":"ImageObject","inLanguage":"nb-NO","@id":"https:\/\/inzain.bike\/fr_be\/#\/schema\/logo\/image\/","url":"https:\/\/i0.wp.com\/inzain.bike\/wp-content\/uploads\/2023\/09\/cropped-INZAIN_512x512_white.png?fit=512%2C512&ssl=1","contentUrl":"https:\/\/i0.wp.com\/inzain.bike\/wp-content\/uploads\/2023\/09\/cropped-INZAIN_512x512_white.png?fit=512%2C512&ssl=1","width":512,"height":512,"caption":"INZAIN Cycling EXPERIENCES"},"image":{"@id":"https:\/\/inzain.bike\/fr_be\/#\/schema\/logo\/image\/"},"sameAs":["https:\/\/www.facebook.com\/Inzain.bike","https:\/\/www.instagram.com\/inzainbike"]}]}},"amp_enabled":true,"_links":{"self":[{"href":"https:\/\/inzain.bike\/nb\/wp-json\/wp\/v2\/pages\/5104","targetHints":{"allow":["GET"]}}],"collection":[{"href":"https:\/\/inzain.bike\/nb\/wp-json\/wp\/v2\/pages"}],"about":[{"href":"https:\/\/inzain.bike\/nb\/wp-json\/wp\/v2\/types\/page"}],"author":[{"embeddable":true,"href":"https:\/\/inzain.bike\/nb\/wp-json\/wp\/v2\/users\/135133094"}],"replies":[{"embeddable":true,"href":"https:\/\/inzain.bike\/nb\/wp-json\/wp\/v2\/comments?post=5104"}],"version-history":[{"count":0,"href":"https:\/\/inzain.bike\/nb\/wp-json\/wp\/v2\/pages\/5104\/revisions"}],"wp:attachment":[{"href":"https:\/\/inzain.bike\/nb\/wp-json\/wp\/v2\/media?parent=5104"}],"curies":[{"name":"wp","href":"https:\/\/api.w.org\/{rel}","templated":true}]}}