{"id":5118,"date":"2023-11-11T20:19:20","date_gmt":"2023-11-11T19:19:20","guid":{"rendered":"https:\/\/inzain.bike\/?page_id=5118"},"modified":"2024-06-10T10:54:24","modified_gmt":"2024-06-10T08:54:24","slug":"gir24-boende","status":"publish","type":"page","link":"https:\/\/inzain.bike\/nb\/gir24-boende\/","title":{"rendered":"Girona overnatting"},"content":{"rendered":"<div class=\"wp-block-columns alignwide is-layout-flex wp-container-core-columns-is-layout-28f84493 wp-block-columns-is-layout-flex\">\n<div class=\"wp-block-column is-layout-flow wp-block-column-is-layout-flow\">\n<p class=\"has-roboto-font-family has-custom-font\" style=\"font-family:Roboto\"><strong>Sentralt hotell<\/strong><\/p>\n\n\n\n<figure class=\"wp-block-image size-large\"><img loading=\"lazy\" decoding=\"async\" width=\"1024\" height=\"731\" src=\"https:\/\/inzain.bike\/wp-content\/uploads\/2024\/06\/image-1024x731.webp\" alt=\"\" class=\"wp-image-7379\" srcset=\"https:\/\/inzain.bike\/wp-content\/uploads\/2024\/06\/image-1024x731.webp 1024w, https:\/\/inzain.bike\/wp-content\/uploads\/2024\/06\/image-300x214.webp 300w, https:\/\/inzain.bike\/wp-content\/uploads\/2024\/06\/image-768x549.webp 768w, https:\/\/inzain.bike\/wp-content\/uploads\/2024\/06\/image-18x12.webp 18w, https:\/\/inzain.bike\/wp-content\/uploads\/2024\/06\/image-600x429.webp 600w, https:\/\/inzain.bike\/wp-content\/uploads\/2024\/06\/image.webp 1050w\" sizes=\"auto, (max-width: 1024px) 100vw, 1024px\" \/><\/figure>\n<\/div>\n<\/div>\n\n\n\n<div class=\"wp-block-columns alignwide is-layout-flex wp-container-core-columns-is-layout-28f84493 wp-block-columns-is-layout-flex\">\n<div class=\"wp-block-column is-layout-flow wp-block-column-is-layout-flow\">\n<p>Vi bor sentralt p\u00e5 et veldig komfortabelt hotell. Det gir deg den perfekte blandingen av verdi, komfort og bekvemmelighet, og tilbyr et familievennlig milj\u00f8 med en rekke fasiliteter designet for reisende som deg.<\/p>\n\n\n\n<p>Rommene p\u00e5 hotellet v\u00e5rt har TV, minibar og klimaanlegg, og gjestene kan bruke internett takket v\u00e6re gratis wifi.<\/p>\n\n\n\n<p>Frokost er viktig og hotellet v\u00e5rt har en dokumentert god en. Godt tilberedt, velsmakende og rikelig. Perfekt start p\u00e5 en magisk sykkeldag.<\/p>\n\n\n\n<p>Du har ogs\u00e5 tilgang til hotellets lounge under oppholdet. Trenger du en parkeringsplass? Parkering er tilgjengelig.<\/p>\n\n\n\n<p>Hvis du er ute etter en spansk restaurant, b\u00f8r du vurdere \u00e5 bes\u00f8ke El Celler de Can Roca, Divinum eller Bionbo Caf\u00e9 Gastrobar, som alle ligger i n\u00e6rheten av hotellet.<\/p>\n\n\n\n<p>Hvis du leter etter ting \u00e5 gj\u00f8re, kan du bes\u00f8ke det j\u00f8diske kvarteret, Girona-katedralen eller Passeig de la Muralla, som er popul\u00e6re turistattraksjoner, alle innen gangavstand.<\/p>\n\n\n\n<p><\/p>\n<\/div>\n<\/div>\n\n\n\n<div class=\"wp-block-columns alignwide is-layout-flex wp-container-core-columns-is-layout-28f84493 wp-block-columns-is-layout-flex\">\n<div class=\"wp-block-column is-layout-flow wp-block-column-is-layout-flow\">\n<figure class=\"wp-block-gallery has-nested-images columns-default is-cropped wp-block-gallery-1 is-layout-flex wp-block-gallery-is-layout-flex\"><\/figure>\n<\/div>\n<\/div>\n\n\n\n<p><\/p>","protected":false},"excerpt":{"rendered":"<p>Centralt Hotell Vi bor centralt p\u00e5 ett mycket bekv\u00e4mt hotell. Det ger dig en perfekt blandning av v\u00e4rde, komfort och bekv\u00e4mlighet och erbjuder en familjev\u00e4nlig milj\u00f6 med en m\u00e4ngd bekv\u00e4mligheter som \u00e4r framtagna f\u00f6r resen\u00e4rer som du. Rummen p\u00e5 v\u00e5rt hotell har en tv, en minibar och luftkonditionering, och g\u00e4ster kan anv\u00e4nda internet tack vare [&hellip;]<\/p>\n","protected":false},"author":135133094,"featured_media":0,"parent":0,"menu_order":0,"comment_status":"closed","ping_status":"closed","template":"","meta":{"_coblocks_attr":"Roboto","_coblocks_dimensions":"","_coblocks_responsive_height":"","_coblocks_accordion_ie_support":"","footnotes":""},"class_list":["post-5118","page","type-page","status-publish","hentry"],"yoast_head":"<!-- This site is optimized with the Yoast SEO plugin v27.2 - https:\/\/yoast.com\/product\/yoast-seo-wordpress\/ -->\n<title>Girona Boende - INZAIN Cycling EXPERIENCES<\/title>\n<meta name=\"robots\" content=\"index, follow, max-snippet:-1, max-image-preview:large, max-video-preview:-1\" \/>\n<link rel=\"canonical\" href=\"https:\/\/inzain.bike\/nb\/gir24-boende\/\" \/>\n<meta property=\"og:locale\" content=\"nb_NO\" \/>\n<meta property=\"og:type\" content=\"article\" \/>\n<meta property=\"og:title\" content=\"Girona Boende - INZAIN Cycling EXPERIENCES\" \/>\n<meta property=\"og:description\" content=\"Centralt Hotell Vi bor centralt p\u00e5 ett mycket bekv\u00e4mt hotell. Det ger dig en perfekt blandning av v\u00e4rde, komfort och bekv\u00e4mlighet och erbjuder en familjev\u00e4nlig milj\u00f6 med en m\u00e4ngd bekv\u00e4mligheter som \u00e4r framtagna f\u00f6r resen\u00e4rer som du. Rummen p\u00e5 v\u00e5rt hotell har en tv, en minibar och luftkonditionering, och g\u00e4ster kan anv\u00e4nda internet tack vare [&hellip;]\" \/>\n<meta property=\"og:url\" content=\"https:\/\/inzain.bike\/nb\/gir24-boende\/\" \/>\n<meta property=\"og:site_name\" content=\"INZAIN Cycling EXPERIENCES\" \/>\n<meta property=\"article:publisher\" content=\"https:\/\/www.facebook.com\/Inzain.bike\" \/>\n<meta property=\"article:modified_time\" content=\"2024-06-10T08:54:24+00:00\" \/>\n<meta property=\"og:image\" content=\"https:\/\/inzain.bike\/wp-content\/uploads\/2024\/06\/image-1024x731.webp\" \/>\n<meta name=\"twitter:card\" content=\"summary_large_image\" \/>\n<meta name=\"twitter:label1\" content=\"Ansl. lesetid\" \/>\n\t<meta name=\"twitter:data1\" content=\"1 minutt\" \/>\n<script type=\"application\/ld+json\" class=\"yoast-schema-graph\">{\"@context\":\"https:\/\/schema.org\",\"@graph\":[{\"@type\":\"WebPage\",\"@id\":\"https:\/\/inzain.bike\/da\/gir24-boende\/\",\"url\":\"https:\/\/inzain.bike\/da\/gir24-boende\/\",\"name\":\"Girona Boende - INZAIN Cycling EXPERIENCES\",\"isPartOf\":{\"@id\":\"https:\/\/inzain.bike\/fr_be\/#website\"},\"primaryImageOfPage\":{\"@id\":\"https:\/\/inzain.bike\/da\/gir24-boende\/#primaryimage\"},\"image\":{\"@id\":\"https:\/\/inzain.bike\/da\/gir24-boende\/#primaryimage\"},\"thumbnailUrl\":\"https:\/\/inzain.bike\/wp-content\/uploads\/2024\/06\/image-1024x731.webp\",\"datePublished\":\"2023-11-11T19:19:20+00:00\",\"dateModified\":\"2024-06-10T08:54:24+00:00\",\"breadcrumb\":{\"@id\":\"https:\/\/inzain.bike\/da\/gir24-boende\/#breadcrumb\"},\"inLanguage\":\"nb-NO\",\"potentialAction\":[{\"@type\":\"ReadAction\",\"target\":[\"https:\/\/inzain.bike\/da\/gir24-boende\/\"]}]},{\"@type\":\"ImageObject\",\"inLanguage\":\"nb-NO\",\"@id\":\"https:\/\/inzain.bike\/da\/gir24-boende\/#primaryimage\",\"url\":\"https:\/\/inzain.bike\/wp-content\/uploads\/2024\/06\/image-1024x731.webp\",\"contentUrl\":\"https:\/\/inzain.bike\/wp-content\/uploads\/2024\/06\/image-1024x731.webp\"},{\"@type\":\"BreadcrumbList\",\"@id\":\"https:\/\/inzain.bike\/da\/gir24-boende\/#breadcrumb\",\"itemListElement\":[{\"@type\":\"ListItem\",\"position\":1,\"name\":\"Hem\",\"item\":\"https:\/\/inzain.bike\/fr_be\/\"},{\"@type\":\"ListItem\",\"position\":2,\"name\":\"Girona Boende\"}]},{\"@type\":\"WebSite\",\"@id\":\"https:\/\/inzain.bike\/fr_be\/#website\",\"url\":\"https:\/\/inzain.bike\/fr_be\/\",\"name\":\"INZAIN Cycling EXPERIENCES\",\"description\":\"Cyckling Adventures  - for everyone\",\"publisher\":{\"@id\":\"https:\/\/inzain.bike\/fr_be\/#organization\"},\"alternateName\":\"INZAIN Gravel & Travel\",\"potentialAction\":[{\"@type\":\"SearchAction\",\"target\":{\"@type\":\"EntryPoint\",\"urlTemplate\":\"https:\/\/inzain.bike\/fr_be\/?s={search_term_string}\"},\"query-input\":{\"@type\":\"PropertyValueSpecification\",\"valueRequired\":true,\"valueName\":\"search_term_string\"}}],\"inLanguage\":\"nb-NO\"},{\"@type\":\"Organization\",\"@id\":\"https:\/\/inzain.bike\/fr_be\/#organization\",\"name\":\"INZAIN Cycling EXPERIENCES\",\"url\":\"https:\/\/inzain.bike\/fr_be\/\",\"logo\":{\"@type\":\"ImageObject\",\"inLanguage\":\"nb-NO\",\"@id\":\"https:\/\/inzain.bike\/fr_be\/#\/schema\/logo\/image\/\",\"url\":\"https:\/\/i0.wp.com\/inzain.bike\/wp-content\/uploads\/2023\/09\/cropped-INZAIN_512x512_white.png?fit=512%2C512&ssl=1\",\"contentUrl\":\"https:\/\/i0.wp.com\/inzain.bike\/wp-content\/uploads\/2023\/09\/cropped-INZAIN_512x512_white.png?fit=512%2C512&ssl=1\",\"width\":512,\"height\":512,\"caption\":\"INZAIN Cycling EXPERIENCES\"},\"image\":{\"@id\":\"https:\/\/inzain.bike\/fr_be\/#\/schema\/logo\/image\/\"},\"sameAs\":[\"https:\/\/www.facebook.com\/Inzain.bike\",\"https:\/\/www.instagram.com\/inzainbike\"]}]}<\/script>\n<!-- \/ Yoast SEO plugin. -->","yoast_head_json":{"title":"Overnatting i Girona \u2013 INZAIN Sykkelopplevelser","robots":{"index":"index","follow":"follow","max-snippet":"max-snippet:-1","max-image-preview":"max-image-preview:large","max-video-preview":"max-video-preview:-1"},"canonical":"https:\/\/inzain.bike\/nb\/gir24-boende\/","og_locale":"nb_NO","og_type":"article","og_title":"Girona Boende - INZAIN Cycling EXPERIENCES","og_description":"Centralt Hotell Vi bor centralt p\u00e5 ett mycket bekv\u00e4mt hotell. Det ger dig en perfekt blandning av v\u00e4rde, komfort och bekv\u00e4mlighet och erbjuder en familjev\u00e4nlig milj\u00f6 med en m\u00e4ngd bekv\u00e4mligheter som \u00e4r framtagna f\u00f6r resen\u00e4rer som du. Rummen p\u00e5 v\u00e5rt hotell har en tv, en minibar och luftkonditionering, och g\u00e4ster kan anv\u00e4nda internet tack vare [&hellip;]","og_url":"https:\/\/inzain.bike\/nb\/gir24-boende\/","og_site_name":"INZAIN Cycling EXPERIENCES","article_publisher":"https:\/\/www.facebook.com\/Inzain.bike","article_modified_time":"2024-06-10T08:54:24+00:00","og_image":[{"url":"https:\/\/inzain.bike\/wp-content\/uploads\/2024\/06\/image-1024x731.webp","type":"","width":"","height":""}],"twitter_card":"summary_large_image","twitter_misc":{"Ansl. lesetid":"1 minutt"},"schema":{"@context":"https:\/\/schema.org","@graph":[{"@type":"WebPage","@id":"https:\/\/inzain.bike\/da\/gir24-boende\/","url":"https:\/\/inzain.bike\/da\/gir24-boende\/","name":"Overnatting i Girona \u2013 INZAIN Sykkelopplevelser","isPartOf":{"@id":"https:\/\/inzain.bike\/fr_be\/#website"},"primaryImageOfPage":{"@id":"https:\/\/inzain.bike\/da\/gir24-boende\/#primaryimage"},"image":{"@id":"https:\/\/inzain.bike\/da\/gir24-boende\/#primaryimage"},"thumbnailUrl":"https:\/\/inzain.bike\/wp-content\/uploads\/2024\/06\/image-1024x731.webp","datePublished":"2023-11-11T19:19:20+00:00","dateModified":"2024-06-10T08:54:24+00:00","breadcrumb":{"@id":"https:\/\/inzain.bike\/da\/gir24-boende\/#breadcrumb"},"inLanguage":"nb-NO","potentialAction":[{"@type":"ReadAction","target":["https:\/\/inzain.bike\/da\/gir24-boende\/"]}]},{"@type":"ImageObject","inLanguage":"nb-NO","@id":"https:\/\/inzain.bike\/da\/gir24-boende\/#primaryimage","url":"https:\/\/inzain.bike\/wp-content\/uploads\/2024\/06\/image-1024x731.webp","contentUrl":"https:\/\/inzain.bike\/wp-content\/uploads\/2024\/06\/image-1024x731.webp"},{"@type":"BreadcrumbList","@id":"https:\/\/inzain.bike\/da\/gir24-boende\/#breadcrumb","itemListElement":[{"@type":"ListItem","position":1,"name":"Hem","item":"https:\/\/inzain.bike\/fr_be\/"},{"@type":"ListItem","position":2,"name":"Girona Boende"}]},{"@type":"WebSite","@id":"https:\/\/inzain.bike\/fr_be\/#website","url":"https:\/\/inzain.bike\/fr_be\/","name":"INZAIN SYKKELOPPLEVELSER","description":"Sykkeleventyr - for alle","publisher":{"@id":"https:\/\/inzain.bike\/fr_be\/#organization"},"alternateName":"INZAIN Gravel & Travel","potentialAction":[{"@type":"SearchAction","target":{"@type":"EntryPoint","urlTemplate":"https:\/\/inzain.bike\/fr_be\/?s={search_term_string}"},"query-input":{"@type":"PropertyValueSpecification","valueRequired":true,"valueName":"search_term_string"}}],"inLanguage":"nb-NO"},{"@type":"Organization","@id":"https:\/\/inzain.bike\/fr_be\/#organization","name":"INZAIN SYKKELOPPLEVELSER","url":"https:\/\/inzain.bike\/fr_be\/","logo":{"@type":"ImageObject","inLanguage":"nb-NO","@id":"https:\/\/inzain.bike\/fr_be\/#\/schema\/logo\/image\/","url":"https:\/\/i0.wp.com\/inzain.bike\/wp-content\/uploads\/2023\/09\/cropped-INZAIN_512x512_white.png?fit=512%2C512&ssl=1","contentUrl":"https:\/\/i0.wp.com\/inzain.bike\/wp-content\/uploads\/2023\/09\/cropped-INZAIN_512x512_white.png?fit=512%2C512&ssl=1","width":512,"height":512,"caption":"INZAIN Cycling EXPERIENCES"},"image":{"@id":"https:\/\/inzain.bike\/fr_be\/#\/schema\/logo\/image\/"},"sameAs":["https:\/\/www.facebook.com\/Inzain.bike","https:\/\/www.instagram.com\/inzainbike"]}]}},"amp_enabled":true,"_links":{"self":[{"href":"https:\/\/inzain.bike\/nb\/wp-json\/wp\/v2\/pages\/5118","targetHints":{"allow":["GET"]}}],"collection":[{"href":"https:\/\/inzain.bike\/nb\/wp-json\/wp\/v2\/pages"}],"about":[{"href":"https:\/\/inzain.bike\/nb\/wp-json\/wp\/v2\/types\/page"}],"author":[{"embeddable":true,"href":"https:\/\/inzain.bike\/nb\/wp-json\/wp\/v2\/users\/135133094"}],"replies":[{"embeddable":true,"href":"https:\/\/inzain.bike\/nb\/wp-json\/wp\/v2\/comments?post=5118"}],"version-history":[{"count":1,"href":"https:\/\/inzain.bike\/nb\/wp-json\/wp\/v2\/pages\/5118\/revisions"}],"predecessor-version":[{"id":7380,"href":"https:\/\/inzain.bike\/nb\/wp-json\/wp\/v2\/pages\/5118\/revisions\/7380"}],"wp:attachment":[{"href":"https:\/\/inzain.bike\/nb\/wp-json\/wp\/v2\/media?parent=5118"}],"curies":[{"name":"wp","href":"https:\/\/api.w.org\/{rel}","templated":true}]}}