{"id":5141,"date":"2023-11-11T20:44:22","date_gmt":"2023-11-11T19:44:22","guid":{"rendered":"https:\/\/inzain.bike\/?page_id=5141"},"modified":"2026-01-12T12:10:37","modified_gmt":"2026-01-12T11:10:37","slug":"gir24-girona","status":"publish","type":"page","link":"https:\/\/inzain.bike\/nb\/gir24-girona\/","title":{"rendered":"Om Girona"},"content":{"rendered":"<div class=\"wp-block-columns alignwide is-layout-flex wp-container-core-columns-is-layout-28f84493 wp-block-columns-is-layout-flex\">\n<div class=\"wp-block-column is-layout-flow wp-block-column-is-layout-flow\">\n<p>Girona ligger ved en elv ni mil nord for Barcelona, og er et rolig reisem\u00e5l med et middelaldersk sentrum. Her f\u00e5r du trange smug, koselige restauranter og arabiske bad. Ikke g\u00e5 glipp av den mektige katedralen, som har den beste utsikten i byen.<\/p>\n\n\n\n<p>Hvis du liker Game of Thrones, er den ber\u00f8mte trappen her.<br><\/p>\n\n\n\n<p>Den majestetiske barokke katedralen Santa Maria midt i byen er ideelt egnet som utgangspunkt for sightseeing. Katedralens museum er \u00e5pent fra 10.00 til 20.00 og er gratis \u00e5 bes\u00f8ke p\u00e5 s\u00f8ndager. Andre dager koster inngangen 5 euro.<\/p>\n\n\n\n<p>En annen arkitektonisk attraksjon er den gotiske kirken Sant Feliu med sin fasade fra 1700-tallet. Kirkens kapell er viet til biskopen Saint Narcissus.<\/p>\n\n\n\n<p>Girona b\u00e6rer ikke bare spor fra romertiden. Byen har en rik j\u00f8disk historie som delvis fortsatt er synlig i dag. Det er funnet rester av det som viste seg \u00e5 v\u00e6re en s\u00e5kalt yeshiva, det vil si en j\u00f8disk skole for studiet av Toraens skrifter. Blant alle byens museer er det ogs\u00e5 et j\u00f8disk. Turister kan kj\u00f8pe det s\u00e5kalte M5-kortet som gir tilgang til fem museer i Girona. Kortet kj\u00f8pes p\u00e5 det f\u00f8rste museet du bes\u00f8ker og er gyldig i seks m\u00e5neder.<\/p>\n\n\n\n<figure class=\"wp-block-image size-large\"><img loading=\"lazy\" decoding=\"async\" width=\"768\" height=\"1024\" src=\"https:\/\/inzain.bike\/wp-content\/uploads\/2023\/11\/344287960_920088915984556_5814484605622838402_n-768x1024.jpg\" alt=\"\" class=\"wp-image-5351\" srcset=\"https:\/\/inzain.bike\/wp-content\/uploads\/2023\/11\/344287960_920088915984556_5814484605622838402_n-768x1024.jpg 768w, https:\/\/inzain.bike\/wp-content\/uploads\/2023\/11\/344287960_920088915984556_5814484605622838402_n-225x300.jpg 225w, https:\/\/inzain.bike\/wp-content\/uploads\/2023\/11\/344287960_920088915984556_5814484605622838402_n-1152x1536.jpg 1152w, https:\/\/inzain.bike\/wp-content\/uploads\/2023\/11\/344287960_920088915984556_5814484605622838402_n-1536x2048.jpg 1536w, https:\/\/inzain.bike\/wp-content\/uploads\/2023\/11\/344287960_920088915984556_5814484605622838402_n-9x12.jpg 9w, https:\/\/inzain.bike\/wp-content\/uploads\/2023\/11\/344287960_920088915984556_5814484605622838402_n-1320x1760.jpg 1320w, https:\/\/inzain.bike\/wp-content\/uploads\/2023\/11\/344287960_920088915984556_5814484605622838402_n-600x800.jpg 600w, https:\/\/inzain.bike\/wp-content\/uploads\/2023\/11\/344287960_920088915984556_5814484605622838402_n-scaled.jpg 1920w\" sizes=\"auto, (max-width: 768px) 100vw, 768px\" \/><\/figure>\n<\/div>\n<\/div>\n\n\n\n<div class=\"wp-block-columns alignwide is-layout-flex wp-container-core-columns-is-layout-28f84493 wp-block-columns-is-layout-flex\">\n<div class=\"wp-block-column is-layout-flow wp-block-column-is-layout-flow\">\n<figure class=\"wp-block-image size-large\"><img loading=\"lazy\" decoding=\"async\" width=\"1024\" height=\"768\" src=\"https:\/\/inzain.bike\/wp-content\/uploads\/2023\/11\/20230506_150136-1024x768.jpg\" alt=\"\" class=\"wp-image-5354\" srcset=\"https:\/\/inzain.bike\/wp-content\/uploads\/2023\/11\/20230506_150136-1024x768.jpg 1024w, https:\/\/inzain.bike\/wp-content\/uploads\/2023\/11\/20230506_150136-300x225.jpg 300w, https:\/\/inzain.bike\/wp-content\/uploads\/2023\/11\/20230506_150136-768x576.jpg 768w, https:\/\/inzain.bike\/wp-content\/uploads\/2023\/11\/20230506_150136-1536x1152.jpg 1536w, https:\/\/inzain.bike\/wp-content\/uploads\/2023\/11\/20230506_150136-2048x1536.jpg 2048w, https:\/\/inzain.bike\/wp-content\/uploads\/2023\/11\/20230506_150136-16x12.jpg 16w, https:\/\/inzain.bike\/wp-content\/uploads\/2023\/11\/20230506_150136-1320x990.jpg 1320w, https:\/\/inzain.bike\/wp-content\/uploads\/2023\/11\/20230506_150136-600x450.jpg 600w\" sizes=\"auto, (max-width: 1024px) 100vw, 1024px\" \/><\/figure>\n<\/div>\n\n\n\n<div class=\"wp-block-column is-layout-flow wp-block-column-is-layout-flow\">\n<p>Girona er full av hyggelige kafeer og restauranter. Du kan ikke g\u00e5 glipp av at det er en sykkelby. Mange syklister, sykler. Mange profesjonelle team trener her.<br><br><\/p>\n<\/div>\n<\/div>","protected":false},"excerpt":{"rendered":"<p>Girona ligger vid en flod nio mil norr om Barcelona och \u00e4r ett lugnt resm\u00e5l med en medeltida stadsk\u00e4rna. H\u00e4r f\u00e5r du smala gr\u00e4nder, mysiga restauranger och arabiska bad. Missa inte den m\u00e4ktiga katedralen som har stadens b\u00e4sta utsikt. Om du gillar Game of Thrones s\u00e5 finns den ber\u00f6mda trappan h\u00e4r. Den majest\u00e4tiska barockkatedralen Santa [&hellip;]<\/p>\n","protected":false},"author":135133094,"featured_media":0,"parent":0,"menu_order":0,"comment_status":"closed","ping_status":"closed","template":"","meta":{"_coblocks_attr":"","_coblocks_dimensions":"","_coblocks_responsive_height":"","_coblocks_accordion_ie_support":"","footnotes":""},"class_list":["post-5141","page","type-page","status-publish","hentry"],"yoast_head":"<!-- This site is optimized with the Yoast SEO plugin v27.2 - https:\/\/yoast.com\/product\/yoast-seo-wordpress\/ -->\n<title>Om Girona - INZAIN Cycling EXPERIENCES<\/title>\n<meta name=\"robots\" content=\"index, follow, max-snippet:-1, max-image-preview:large, max-video-preview:-1\" \/>\n<link rel=\"canonical\" href=\"https:\/\/inzain.bike\/nb\/gir24-girona\/\" \/>\n<meta property=\"og:locale\" content=\"nb_NO\" \/>\n<meta property=\"og:type\" content=\"article\" \/>\n<meta property=\"og:title\" content=\"Om Girona - INZAIN Cycling EXPERIENCES\" \/>\n<meta property=\"og:description\" content=\"Girona ligger vid en flod nio mil norr om Barcelona och \u00e4r ett lugnt resm\u00e5l med en medeltida stadsk\u00e4rna. H\u00e4r f\u00e5r du smala gr\u00e4nder, mysiga restauranger och arabiska bad. Missa inte den m\u00e4ktiga katedralen som har stadens b\u00e4sta utsikt. Om du gillar Game of Thrones s\u00e5 finns den ber\u00f6mda trappan h\u00e4r. Den majest\u00e4tiska barockkatedralen Santa [&hellip;]\" \/>\n<meta property=\"og:url\" content=\"https:\/\/inzain.bike\/nb\/gir24-girona\/\" \/>\n<meta property=\"og:site_name\" content=\"INZAIN Cycling EXPERIENCES\" \/>\n<meta property=\"article:publisher\" content=\"https:\/\/www.facebook.com\/Inzain.bike\" \/>\n<meta property=\"article:modified_time\" content=\"2026-01-12T11:10:37+00:00\" \/>\n<meta property=\"og:image\" content=\"https:\/\/inzain.bike\/wp-content\/uploads\/2023\/11\/344287960_920088915984556_5814484605622838402_n-scaled.jpg\" \/>\n\t<meta property=\"og:image:width\" content=\"1920\" \/>\n\t<meta property=\"og:image:height\" content=\"2560\" \/>\n\t<meta property=\"og:image:type\" content=\"image\/jpeg\" \/>\n<meta name=\"twitter:card\" content=\"summary_large_image\" \/>\n<meta name=\"twitter:label1\" content=\"Ansl. lesetid\" \/>\n\t<meta name=\"twitter:data1\" content=\"2 minutter\" \/>\n<script type=\"application\/ld+json\" class=\"yoast-schema-graph\">{\"@context\":\"https:\/\/schema.org\",\"@graph\":[{\"@type\":\"WebPage\",\"@id\":\"https:\/\/inzain.bike\/gir24-girona\/\",\"url\":\"https:\/\/inzain.bike\/gir24-girona\/\",\"name\":\"Om Girona - INZAIN Cycling EXPERIENCES\",\"isPartOf\":{\"@id\":\"https:\/\/inzain.bike\/fr_be\/#website\"},\"primaryImageOfPage\":{\"@id\":\"https:\/\/inzain.bike\/gir24-girona\/#primaryimage\"},\"image\":{\"@id\":\"https:\/\/inzain.bike\/gir24-girona\/#primaryimage\"},\"thumbnailUrl\":\"https:\/\/inzain.bike\/wp-content\/uploads\/2023\/11\/344287960_920088915984556_5814484605622838402_n-768x1024.jpg\",\"datePublished\":\"2023-11-11T19:44:22+00:00\",\"dateModified\":\"2026-01-12T11:10:37+00:00\",\"breadcrumb\":{\"@id\":\"https:\/\/inzain.bike\/gir24-girona\/#breadcrumb\"},\"inLanguage\":\"nb-NO\",\"potentialAction\":[{\"@type\":\"ReadAction\",\"target\":[\"https:\/\/inzain.bike\/gir24-girona\/\"]}]},{\"@type\":\"ImageObject\",\"inLanguage\":\"nb-NO\",\"@id\":\"https:\/\/inzain.bike\/gir24-girona\/#primaryimage\",\"url\":\"https:\/\/inzain.bike\/wp-content\/uploads\/2023\/11\/344287960_920088915984556_5814484605622838402_n-768x1024.jpg\",\"contentUrl\":\"https:\/\/inzain.bike\/wp-content\/uploads\/2023\/11\/344287960_920088915984556_5814484605622838402_n-768x1024.jpg\"},{\"@type\":\"BreadcrumbList\",\"@id\":\"https:\/\/inzain.bike\/gir24-girona\/#breadcrumb\",\"itemListElement\":[{\"@type\":\"ListItem\",\"position\":1,\"name\":\"Hem\",\"item\":\"https:\/\/inzain.bike\/fr_be\/\"},{\"@type\":\"ListItem\",\"position\":2,\"name\":\"Om Girona\"}]},{\"@type\":\"WebSite\",\"@id\":\"https:\/\/inzain.bike\/fr_be\/#website\",\"url\":\"https:\/\/inzain.bike\/fr_be\/\",\"name\":\"INZAIN Cycling EXPERIENCES\",\"description\":\"Cyckling Adventures  - for everyone\",\"publisher\":{\"@id\":\"https:\/\/inzain.bike\/fr_be\/#organization\"},\"alternateName\":\"INZAIN Gravel & Travel\",\"potentialAction\":[{\"@type\":\"SearchAction\",\"target\":{\"@type\":\"EntryPoint\",\"urlTemplate\":\"https:\/\/inzain.bike\/fr_be\/?s={search_term_string}\"},\"query-input\":{\"@type\":\"PropertyValueSpecification\",\"valueRequired\":true,\"valueName\":\"search_term_string\"}}],\"inLanguage\":\"nb-NO\"},{\"@type\":\"Organization\",\"@id\":\"https:\/\/inzain.bike\/fr_be\/#organization\",\"name\":\"INZAIN Cycling EXPERIENCES\",\"url\":\"https:\/\/inzain.bike\/fr_be\/\",\"logo\":{\"@type\":\"ImageObject\",\"inLanguage\":\"nb-NO\",\"@id\":\"https:\/\/inzain.bike\/fr_be\/#\/schema\/logo\/image\/\",\"url\":\"https:\/\/i0.wp.com\/inzain.bike\/wp-content\/uploads\/2023\/09\/cropped-INZAIN_512x512_white.png?fit=512%2C512&ssl=1\",\"contentUrl\":\"https:\/\/i0.wp.com\/inzain.bike\/wp-content\/uploads\/2023\/09\/cropped-INZAIN_512x512_white.png?fit=512%2C512&ssl=1\",\"width\":512,\"height\":512,\"caption\":\"INZAIN Cycling EXPERIENCES\"},\"image\":{\"@id\":\"https:\/\/inzain.bike\/fr_be\/#\/schema\/logo\/image\/\"},\"sameAs\":[\"https:\/\/www.facebook.com\/Inzain.bike\",\"https:\/\/www.instagram.com\/inzainbike\"]}]}<\/script>\n<!-- \/ Yoast SEO plugin. -->","yoast_head_json":{"title":"Om Girona - INZAIN Sykkelopplevelser","robots":{"index":"index","follow":"follow","max-snippet":"max-snippet:-1","max-image-preview":"max-image-preview:large","max-video-preview":"max-video-preview:-1"},"canonical":"https:\/\/inzain.bike\/nb\/gir24-girona\/","og_locale":"nb_NO","og_type":"article","og_title":"Om Girona - INZAIN Cycling EXPERIENCES","og_description":"Girona ligger vid en flod nio mil norr om Barcelona och \u00e4r ett lugnt resm\u00e5l med en medeltida stadsk\u00e4rna. H\u00e4r f\u00e5r du smala gr\u00e4nder, mysiga restauranger och arabiska bad. Missa inte den m\u00e4ktiga katedralen som har stadens b\u00e4sta utsikt. Om du gillar Game of Thrones s\u00e5 finns den ber\u00f6mda trappan h\u00e4r. Den majest\u00e4tiska barockkatedralen Santa [&hellip;]","og_url":"https:\/\/inzain.bike\/nb\/gir24-girona\/","og_site_name":"INZAIN Cycling EXPERIENCES","article_publisher":"https:\/\/www.facebook.com\/Inzain.bike","article_modified_time":"2026-01-12T11:10:37+00:00","og_image":[{"width":1920,"height":2560,"url":"https:\/\/inzain.bike\/wp-content\/uploads\/2023\/11\/344287960_920088915984556_5814484605622838402_n-scaled.jpg","type":"image\/jpeg"}],"twitter_card":"summary_large_image","twitter_misc":{"Ansl. lesetid":"2 minutter"},"schema":{"@context":"https:\/\/schema.org","@graph":[{"@type":"WebPage","@id":"https:\/\/inzain.bike\/gir24-girona\/","url":"https:\/\/inzain.bike\/gir24-girona\/","name":"Om Girona - INZAIN Sykkelopplevelser","isPartOf":{"@id":"https:\/\/inzain.bike\/fr_be\/#website"},"primaryImageOfPage":{"@id":"https:\/\/inzain.bike\/gir24-girona\/#primaryimage"},"image":{"@id":"https:\/\/inzain.bike\/gir24-girona\/#primaryimage"},"thumbnailUrl":"https:\/\/inzain.bike\/wp-content\/uploads\/2023\/11\/344287960_920088915984556_5814484605622838402_n-768x1024.jpg","datePublished":"2023-11-11T19:44:22+00:00","dateModified":"2026-01-12T11:10:37+00:00","breadcrumb":{"@id":"https:\/\/inzain.bike\/gir24-girona\/#breadcrumb"},"inLanguage":"nb-NO","potentialAction":[{"@type":"ReadAction","target":["https:\/\/inzain.bike\/gir24-girona\/"]}]},{"@type":"ImageObject","inLanguage":"nb-NO","@id":"https:\/\/inzain.bike\/gir24-girona\/#primaryimage","url":"https:\/\/inzain.bike\/wp-content\/uploads\/2023\/11\/344287960_920088915984556_5814484605622838402_n-768x1024.jpg","contentUrl":"https:\/\/inzain.bike\/wp-content\/uploads\/2023\/11\/344287960_920088915984556_5814484605622838402_n-768x1024.jpg"},{"@type":"BreadcrumbList","@id":"https:\/\/inzain.bike\/gir24-girona\/#breadcrumb","itemListElement":[{"@type":"ListItem","position":1,"name":"Hem","item":"https:\/\/inzain.bike\/fr_be\/"},{"@type":"ListItem","position":2,"name":"Om Girona"}]},{"@type":"WebSite","@id":"https:\/\/inzain.bike\/fr_be\/#website","url":"https:\/\/inzain.bike\/fr_be\/","name":"INZAIN SYKKELOPPLEVELSER","description":"Sykkeleventyr - for alle","publisher":{"@id":"https:\/\/inzain.bike\/fr_be\/#organization"},"alternateName":"INZAIN Gravel & Travel","potentialAction":[{"@type":"SearchAction","target":{"@type":"EntryPoint","urlTemplate":"https:\/\/inzain.bike\/fr_be\/?s={search_term_string}"},"query-input":{"@type":"PropertyValueSpecification","valueRequired":true,"valueName":"search_term_string"}}],"inLanguage":"nb-NO"},{"@type":"Organization","@id":"https:\/\/inzain.bike\/fr_be\/#organization","name":"INZAIN SYKKELOPPLEVELSER","url":"https:\/\/inzain.bike\/fr_be\/","logo":{"@type":"ImageObject","inLanguage":"nb-NO","@id":"https:\/\/inzain.bike\/fr_be\/#\/schema\/logo\/image\/","url":"https:\/\/i0.wp.com\/inzain.bike\/wp-content\/uploads\/2023\/09\/cropped-INZAIN_512x512_white.png?fit=512%2C512&ssl=1","contentUrl":"https:\/\/i0.wp.com\/inzain.bike\/wp-content\/uploads\/2023\/09\/cropped-INZAIN_512x512_white.png?fit=512%2C512&ssl=1","width":512,"height":512,"caption":"INZAIN Cycling EXPERIENCES"},"image":{"@id":"https:\/\/inzain.bike\/fr_be\/#\/schema\/logo\/image\/"},"sameAs":["https:\/\/www.facebook.com\/Inzain.bike","https:\/\/www.instagram.com\/inzainbike"]}]}},"amp_enabled":true,"_links":{"self":[{"href":"https:\/\/inzain.bike\/nb\/wp-json\/wp\/v2\/pages\/5141","targetHints":{"allow":["GET"]}}],"collection":[{"href":"https:\/\/inzain.bike\/nb\/wp-json\/wp\/v2\/pages"}],"about":[{"href":"https:\/\/inzain.bike\/nb\/wp-json\/wp\/v2\/types\/page"}],"author":[{"embeddable":true,"href":"https:\/\/inzain.bike\/nb\/wp-json\/wp\/v2\/users\/135133094"}],"replies":[{"embeddable":true,"href":"https:\/\/inzain.bike\/nb\/wp-json\/wp\/v2\/comments?post=5141"}],"version-history":[{"count":1,"href":"https:\/\/inzain.bike\/nb\/wp-json\/wp\/v2\/pages\/5141\/revisions"}],"predecessor-version":[{"id":9055,"href":"https:\/\/inzain.bike\/nb\/wp-json\/wp\/v2\/pages\/5141\/revisions\/9055"}],"wp:attachment":[{"href":"https:\/\/inzain.bike\/nb\/wp-json\/wp\/v2\/media?parent=5141"}],"curies":[{"name":"wp","href":"https:\/\/api.w.org\/{rel}","templated":true}]}}