{"id":5144,"date":"2023-11-11T20:47:14","date_gmt":"2023-11-11T19:47:14","guid":{"rendered":"https:\/\/inzain.bike\/?page_id=5144"},"modified":"2026-01-12T12:13:18","modified_gmt":"2026-01-12T11:13:18","slug":"gir24-aktiviteter","status":"publish","type":"page","link":"https:\/\/inzain.bike\/nb\/gir24-aktiviteter\/","title":{"rendered":"Girona aktiviteter"},"content":{"rendered":"<div class=\"wp-block-columns alignwide is-layout-flex wp-container-core-columns-is-layout-28f84493 wp-block-columns-is-layout-flex\">\n<div class=\"wp-block-column is-layout-flow wp-block-column-is-layout-flow\">\n<p class=\"has-roboto-font-family has-custom-font\" style=\"font-family:Roboto\">P\u00e5 hviledagen v\u00e5r er det flere valg. Kanskje du bare vil ta det med ro, utforske Girona, drikke litt god kaffe og hvile. Hvis du har lyst p\u00e5 en utflukt, hvorfor ikke pr\u00f8ve en av disse.<\/p>\n\n\n\n<div class=\"wp-block-columns is-layout-flex wp-container-core-columns-is-layout-28f84493 wp-block-columns-is-layout-flex\">\n<div class=\"wp-block-column is-layout-flow wp-block-column-is-layout-flow\">\n<figure class=\"wp-block-image size-large\"><img loading=\"lazy\" decoding=\"async\" width=\"791\" height=\"1024\" src=\"https:\/\/inzain.bike\/wp-content\/uploads\/2023\/11\/pexels-spolyakov-16762185-791x1024.jpg\" alt=\"\" class=\"wp-image-5330\" srcset=\"https:\/\/inzain.bike\/wp-content\/uploads\/2023\/11\/pexels-spolyakov-16762185-791x1024.jpg 791w, https:\/\/inzain.bike\/wp-content\/uploads\/2023\/11\/pexels-spolyakov-16762185-232x300.jpg 232w, https:\/\/inzain.bike\/wp-content\/uploads\/2023\/11\/pexels-spolyakov-16762185-768x994.jpg 768w, https:\/\/inzain.bike\/wp-content\/uploads\/2023\/11\/pexels-spolyakov-16762185-1187x1536.jpg 1187w, https:\/\/inzain.bike\/wp-content\/uploads\/2023\/11\/pexels-spolyakov-16762185-1582x2048.jpg 1582w, https:\/\/inzain.bike\/wp-content\/uploads\/2023\/11\/pexels-spolyakov-16762185-9x12.jpg 9w, https:\/\/inzain.bike\/wp-content\/uploads\/2023\/11\/pexels-spolyakov-16762185-1320x1708.jpg 1320w, https:\/\/inzain.bike\/wp-content\/uploads\/2023\/11\/pexels-spolyakov-16762185-600x777.jpg 600w, https:\/\/inzain.bike\/wp-content\/uploads\/2023\/11\/pexels-spolyakov-16762185-scaled.jpg 1978w\" sizes=\"auto, (max-width: 791px) 100vw, 791px\" \/><figcaption class=\"wp-element-caption\">\u2013<\/figcaption><\/figure>\n<\/div>\n\n\n\n<div class=\"wp-block-column is-layout-flow wp-block-column-is-layout-flow\">\n<p><strong>Bes\u00f8k Barcelona<\/strong><br><br>Middelhavsbyen Barcelona ligger inneklemt mellom fjell og hav, og byr p\u00e5 b\u00e5de sm\u00e5byf\u00f8lelse og storbypuls. De 1,6 millioner innbyggerne jobber hardt og nyter livet like intenst. I alle stadier av sin egen historie har byen v\u00e6rt i sentrum av begivenhetene, og fortsetter \u00e5 gj\u00f8re det selv i dag som et internasjonalt elsket turistparadis.<\/p>\n\n\n\n<p>Barcelona er kjent for kunstneriske mesterverk som Sagrada Fam\u00edlia og Park G\u00fcell, samt sine mange strender, Camp Nou fotballstadion og frodige parker. Hva du egentlig b\u00f8r gj\u00f8re i Barcelona avhenger av dine interesser<\/p>\n\n\n\n<p>Barcelona er ogs\u00e5 kjent for \u00e5 ha v\u00e6rt vertskap for sommer-OL 1992, noe som var veldig viktig for byen. I forbindelse med \u00e5 arrangere de olympiske leker begynte ledelsen i byen \u00e5 pusse opp noen utslitte omr\u00e5der, infrastrukturen ble forbedret flere steder og generelt steg levestandarden betydelig. Alt dette bidro til at Barcelona satset mer penger p\u00e5 turisme, og dette gjorde Barcelona til en av de mest bes\u00f8kte byene i Europa, p\u00e5 niv\u00e5 med Paris, Madrid, London og lignende.<br><br>Det er lett \u00e5 komme dit med ekspresstog p\u00e5 under 40 minutter<br><br><br><\/p>\n<\/div>\n<\/div>\n<\/div>\n<\/div>\n\n\n\n<div class=\"wp-block-columns alignwide is-layout-flex wp-container-core-columns-is-layout-28f84493 wp-block-columns-is-layout-flex\">\n<div class=\"wp-block-column is-layout-flow wp-block-column-is-layout-flow\">\n<p><strong>Salvador Dali-museet i Figueres<\/strong><br><br>Salvador Dali var et geni. Et bes\u00f8k p\u00e5 dette helt fantastiske museet er et must. Du vil ikke angre p\u00e5 det.<\/p>\n\n\n\n<p>Salvador Dal\u00eds museum, kjent som Teatre-Museu Dal\u00ed, ligger i Figueres i Spania, og er en stor attraksjon for b\u00e5de kunstelskere og turister. Her er noen viktige punkter om museet:<br>Historie og arkitektur<br>\u2022 Grunnleggelse: Museet \u00e5pnet i 1974 og er bygget p\u00e5 tomten til det gamle teateret i Figueres, hvor Dal\u00ed selv hadde sine f\u00f8rste kunstneriske opptredener.<br>\u2022 Arkitektur: Museet er en unik blanding av surrealisme og moderne arkitektur. Det er preget av sin flamboyante design, inkludert de velkjente eggformede kuplene p\u00e5 taket.<br>Utstillinger<br>\u2022 Dal\u00eds verker: Teatre-Museu huser den st\u00f8rste samlingen av Dal\u00eds verker, inkludert malerier, skulpturer, tegninger og kunstverk fra ulike perioder av livet hans. Verkene inkluderer ber\u00f8mte malerier som \u201cLa persistent de la m\u00e9moire\u201d (Minnets vedvarende kraft).<br>\u2022 Interaktive opplevelser: Museet tilbyr ogs\u00e5 interaktive utstillinger og opplevelser som inviterer bes\u00f8kende til \u00e5 utforske Dalis unike stil og hans fascinasjon for dr\u00f8mmer og underbevisstheten.<br>Dal\u00eds liv og arv<br>\u2022 Personlig preg: Mange av utstillingene gir innsikt i Dal\u00eds liv og personlighet, og skaper en dypere forst\u00e5else av kunstverket hans og den kreative prosessen.<br>\u2022 Skulpturer og installasjoner: I tillegg til malerier finnes det ogs\u00e5 mange skulpturer og installasjoner, noe som gj\u00f8r museet til en mangesidig kunstopplevelse.<br>Bes\u00f8ksinformasjon<br>\u2022 \u00c5pningstider: Museet er \u00e5pent hele \u00e5ret, med noen variasjoner i ferier, s\u00e5 det er alltid best \u00e5 sjekke gjeldende \u00e5pningstider f\u00f8r du planlegger bes\u00f8ket.<br>\u2022 Billetter: Det anbefales \u00e5 bestille billetter p\u00e5 forh\u00e5nd, spesielt i h\u00f8ysesongen, for \u00e5 unng\u00e5 lange k\u00f8er.<\/p>\n\n\n\n<p><br><\/p>\n<\/div>\n\n\n\n<div class=\"wp-block-column is-layout-flow wp-block-column-is-layout-flow\">\n<div class=\"wp-block-jetpack-tiled-gallery aligncenter is-style-rectangular\"><div class=\"tiled-gallery__gallery\"><div class=\"tiled-gallery__row\"><div class=\"tiled-gallery__col\" style=\"flex-basis:22.83568%\"><figure class=\"tiled-gallery__item\"><img decoding=\"async\" alt=\"\" data-height=\"3988\" data-id=\"5336\" data-link=\"https:\/\/inzain.bike\/gir24-aktiviteter\/20230511_105007-1\/\" data-url=\"https:\/\/inzain.bike\/wp-content\/uploads\/2023\/11\/20230511_105007-1-767x1024.jpg\" data-width=\"2989\" src=\"https:\/\/i0.wp.com\/inzain.bike\/wp-content\/uploads\/2023\/11\/20230511_105007-1-767x1024.jpg?ssl=1\" data-amp-layout=\"responsive\"\/><\/figure><\/div><div class=\"tiled-gallery__col\" style=\"flex-basis:22.09321%\"><figure class=\"tiled-gallery__item\"><img decoding=\"async\" alt=\"\" data-height=\"4000\" data-id=\"5337\" data-link=\"https:\/\/inzain.bike\/gir24-aktiviteter\/20230511_121648\/\" data-url=\"https:\/\/inzain.bike\/wp-content\/uploads\/2023\/11\/20230511_121648-742x1024.jpg\" data-width=\"2900\" src=\"https:\/\/i0.wp.com\/inzain.bike\/wp-content\/uploads\/2023\/11\/20230511_121648-742x1024.jpg?ssl=1\" data-amp-layout=\"responsive\"\/><\/figure><\/div><div class=\"tiled-gallery__col\" style=\"flex-basis:27.31497%\"><figure class=\"tiled-gallery__item\"><img decoding=\"async\" alt=\"\" data-height=\"3145\" data-id=\"5338\" data-link=\"https:\/\/inzain.bike\/gir24-aktiviteter\/20230511_122810-2\/\" data-url=\"https:\/\/inzain.bike\/wp-content\/uploads\/2023\/11\/20230511_122810-919x1024.jpg\" data-width=\"2822\" src=\"https:\/\/i2.wp.com\/inzain.bike\/wp-content\/uploads\/2023\/11\/20230511_122810-919x1024.jpg?ssl=1\" data-amp-layout=\"responsive\"\/><\/figure><\/div><div class=\"tiled-gallery__col\" style=\"flex-basis:27.75614%\"><figure class=\"tiled-gallery__item\"><img decoding=\"async\" alt=\"\" data-height=\"3290\" data-id=\"5339\" data-link=\"https:\/\/inzain.bike\/gir24-aktiviteter\/20230511_123748\/\" data-url=\"https:\/\/inzain.bike\/wp-content\/uploads\/2023\/11\/20230511_123748-934x1024.jpg\" data-width=\"3000\" src=\"https:\/\/i0.wp.com\/inzain.bike\/wp-content\/uploads\/2023\/11\/20230511_123748-934x1024.jpg?ssl=1\" data-amp-layout=\"responsive\"\/><\/figure><\/div><\/div><div class=\"tiled-gallery__row\"><div class=\"tiled-gallery__col\" style=\"flex-basis:31.25821%\"><figure class=\"tiled-gallery__item\"><img decoding=\"async\" alt=\"\" data-height=\"2805\" data-id=\"5340\" data-link=\"https:\/\/inzain.bike\/gir24-aktiviteter\/20230511_124244-2\/\" data-url=\"https:\/\/inzain.bike\/wp-content\/uploads\/2023\/11\/20230511_124244-534x1024.jpg\" data-width=\"1464\" src=\"https:\/\/i2.wp.com\/inzain.bike\/wp-content\/uploads\/2023\/11\/20230511_124244-534x1024.jpg?ssl=1\" data-amp-layout=\"responsive\"\/><\/figure><\/div><div class=\"tiled-gallery__col\" style=\"flex-basis:68.74179%\"><figure class=\"tiled-gallery__item\"><img decoding=\"async\" alt=\"\" data-height=\"2263\" data-id=\"5341\" data-link=\"https:\/\/inzain.bike\/gir24-aktiviteter\/20230511_124615\/\" data-url=\"https:\/\/inzain.bike\/wp-content\/uploads\/2023\/11\/20230511_124615-1024x890.jpg\" data-width=\"2603\" src=\"https:\/\/i2.wp.com\/inzain.bike\/wp-content\/uploads\/2023\/11\/20230511_124615-1024x890.jpg?ssl=1\" data-amp-layout=\"responsive\"\/><\/figure><\/div><\/div><\/div><\/div>\n<\/div>\n<\/div>\n\n\n\n<div class=\"wp-block-columns alignwide is-layout-flex wp-container-core-columns-is-layout-28f84493 wp-block-columns-is-layout-flex\">\n<div class=\"wp-block-column is-layout-flow wp-block-column-is-layout-flow\">\n<figure class=\"wp-block-image size-full\"><img loading=\"lazy\" decoding=\"async\" width=\"1024\" height=\"479\" src=\"https:\/\/inzain.bike\/wp-content\/uploads\/2023\/11\/Torre-del-Mar-2-1024x479-1.jpg\" alt=\"\" class=\"wp-image-5347\" srcset=\"https:\/\/inzain.bike\/wp-content\/uploads\/2023\/11\/Torre-del-Mar-2-1024x479-1.jpg 1024w, https:\/\/inzain.bike\/wp-content\/uploads\/2023\/11\/Torre-del-Mar-2-1024x479-1-300x140.jpg 300w, https:\/\/inzain.bike\/wp-content\/uploads\/2023\/11\/Torre-del-Mar-2-1024x479-1-768x359.jpg 768w, https:\/\/inzain.bike\/wp-content\/uploads\/2023\/11\/Torre-del-Mar-2-1024x479-1-18x8.jpg 18w, https:\/\/inzain.bike\/wp-content\/uploads\/2023\/11\/Torre-del-Mar-2-1024x479-1-600x281.jpg 600w\" sizes=\"auto, (max-width: 1024px) 100vw, 1024px\" \/><\/figure>\n<\/div>\n\n\n\n<div class=\"wp-block-column is-layout-flow wp-block-column-is-layout-flow\">\n<p><strong>Torre del Mar<\/strong><br>Utsikten fra Torre del Mar, som ligger mellom Middelhavet og fjellene i Sierra Nevada, er imponerende. I motsetning til andre deler av Costa del Sol, har Torre del Mar i stor grad klart \u00e5 bevare den autentiske spanske atmosf\u00e6ren, til tross for \u00f8kningen i turismen. Den lange promenaden er full av klubber, utmerkede fiskerestauranter og kafeer. I tillegg er den brede sandstranden rett og slett fantastisk. Byen har gode forbindelser med trikk til vakre og sjarmerende Velez-Malaga, som er vel verdt et bes\u00f8k.<\/p>\n\n\n\n<p><br><\/p>\n<\/div>\n<\/div>","protected":false},"excerpt":{"rendered":"<p>P\u00e5 v\u00e5r vilodag s\u00e5 finns flera val. Kanske vill man bara ta det lugnt, utforska Girona, dricka lite gott kaffe och vila. \u00c4r man sugen p\u00e5 utflykt varf\u00f6r inte prova n\u00e5gon av dessa. Bes\u00f6k Barcelona Melhavsstaden Barcelona ligger inspr\u00e4ngd mellan berg och hav, och erbjuder s\u00e5v\u00e4l sm\u00e5stadsk\u00e4nsla som storstadsmetropolisk puls. De 1,6 miljoner inv\u00e5narna jobbar [&hellip;]<\/p>\n","protected":false},"author":135133094,"featured_media":0,"parent":0,"menu_order":0,"comment_status":"closed","ping_status":"closed","template":"","meta":{"_coblocks_attr":"Roboto","_coblocks_dimensions":"","_coblocks_responsive_height":"","_coblocks_accordion_ie_support":"","footnotes":""},"class_list":["post-5144","page","type-page","status-publish","hentry"],"yoast_head":"<!-- This site is optimized with the Yoast SEO plugin v27.2 - https:\/\/yoast.com\/product\/yoast-seo-wordpress\/ -->\n<title>Girona Aktiviteter - INZAIN Cycling EXPERIENCES<\/title>\n<meta name=\"robots\" content=\"index, follow, max-snippet:-1, max-image-preview:large, max-video-preview:-1\" \/>\n<link rel=\"canonical\" href=\"https:\/\/inzain.bike\/nb\/gir24-aktiviteter\/\" \/>\n<meta property=\"og:locale\" content=\"nb_NO\" \/>\n<meta property=\"og:type\" content=\"article\" \/>\n<meta property=\"og:title\" content=\"Girona Aktiviteter - INZAIN Cycling EXPERIENCES\" \/>\n<meta property=\"og:description\" content=\"P\u00e5 v\u00e5r vilodag s\u00e5 finns flera val. Kanske vill man bara ta det lugnt, utforska Girona, dricka lite gott kaffe och vila. \u00c4r man sugen p\u00e5 utflykt varf\u00f6r inte prova n\u00e5gon av dessa. Bes\u00f6k Barcelona Melhavsstaden Barcelona ligger inspr\u00e4ngd mellan berg och hav, och erbjuder s\u00e5v\u00e4l sm\u00e5stadsk\u00e4nsla som storstadsmetropolisk puls. De 1,6 miljoner inv\u00e5narna jobbar [&hellip;]\" \/>\n<meta property=\"og:url\" content=\"https:\/\/inzain.bike\/nb\/gir24-aktiviteter\/\" \/>\n<meta property=\"og:site_name\" content=\"INZAIN Cycling EXPERIENCES\" \/>\n<meta property=\"article:publisher\" content=\"https:\/\/www.facebook.com\/Inzain.bike\" \/>\n<meta property=\"article:modified_time\" content=\"2026-01-12T11:13:18+00:00\" \/>\n<meta property=\"og:image\" content=\"https:\/\/inzain.bike\/wp-content\/uploads\/2023\/11\/pexels-spolyakov-16762185-scaled.jpg\" \/>\n\t<meta property=\"og:image:width\" content=\"1978\" \/>\n\t<meta property=\"og:image:height\" content=\"2560\" \/>\n\t<meta property=\"og:image:type\" content=\"image\/jpeg\" \/>\n<meta name=\"twitter:card\" content=\"summary_large_image\" \/>\n<meta name=\"twitter:label1\" content=\"Ansl. lesetid\" \/>\n\t<meta name=\"twitter:data1\" content=\"5 minutter\" \/>\n<script type=\"application\/ld+json\" class=\"yoast-schema-graph\">{\"@context\":\"https:\/\/schema.org\",\"@graph\":[{\"@type\":\"WebPage\",\"@id\":\"https:\/\/inzain.bike\/gir24-aktiviteter\/\",\"url\":\"https:\/\/inzain.bike\/gir24-aktiviteter\/\",\"name\":\"Girona Aktiviteter - INZAIN Cycling EXPERIENCES\",\"isPartOf\":{\"@id\":\"https:\/\/inzain.bike\/fr_be\/#website\"},\"primaryImageOfPage\":{\"@id\":\"https:\/\/inzain.bike\/gir24-aktiviteter\/#primaryimage\"},\"image\":{\"@id\":\"https:\/\/inzain.bike\/gir24-aktiviteter\/#primaryimage\"},\"thumbnailUrl\":\"https:\/\/inzain.bike\/wp-content\/uploads\/2023\/11\/pexels-spolyakov-16762185-791x1024.jpg\",\"datePublished\":\"2023-11-11T19:47:14+00:00\",\"dateModified\":\"2026-01-12T11:13:18+00:00\",\"breadcrumb\":{\"@id\":\"https:\/\/inzain.bike\/gir24-aktiviteter\/#breadcrumb\"},\"inLanguage\":\"nb-NO\",\"potentialAction\":[{\"@type\":\"ReadAction\",\"target\":[\"https:\/\/inzain.bike\/gir24-aktiviteter\/\"]}]},{\"@type\":\"ImageObject\",\"inLanguage\":\"nb-NO\",\"@id\":\"https:\/\/inzain.bike\/gir24-aktiviteter\/#primaryimage\",\"url\":\"https:\/\/inzain.bike\/wp-content\/uploads\/2023\/11\/pexels-spolyakov-16762185-791x1024.jpg\",\"contentUrl\":\"https:\/\/inzain.bike\/wp-content\/uploads\/2023\/11\/pexels-spolyakov-16762185-791x1024.jpg\"},{\"@type\":\"BreadcrumbList\",\"@id\":\"https:\/\/inzain.bike\/gir24-aktiviteter\/#breadcrumb\",\"itemListElement\":[{\"@type\":\"ListItem\",\"position\":1,\"name\":\"Hem\",\"item\":\"https:\/\/inzain.bike\/fr_be\/\"},{\"@type\":\"ListItem\",\"position\":2,\"name\":\"Girona Aktiviteter\"}]},{\"@type\":\"WebSite\",\"@id\":\"https:\/\/inzain.bike\/fr_be\/#website\",\"url\":\"https:\/\/inzain.bike\/fr_be\/\",\"name\":\"INZAIN Cycling EXPERIENCES\",\"description\":\"Cyckling Adventures  - for everyone\",\"publisher\":{\"@id\":\"https:\/\/inzain.bike\/fr_be\/#organization\"},\"alternateName\":\"INZAIN Gravel & Travel\",\"potentialAction\":[{\"@type\":\"SearchAction\",\"target\":{\"@type\":\"EntryPoint\",\"urlTemplate\":\"https:\/\/inzain.bike\/fr_be\/?s={search_term_string}\"},\"query-input\":{\"@type\":\"PropertyValueSpecification\",\"valueRequired\":true,\"valueName\":\"search_term_string\"}}],\"inLanguage\":\"nb-NO\"},{\"@type\":\"Organization\",\"@id\":\"https:\/\/inzain.bike\/fr_be\/#organization\",\"name\":\"INZAIN Cycling EXPERIENCES\",\"url\":\"https:\/\/inzain.bike\/fr_be\/\",\"logo\":{\"@type\":\"ImageObject\",\"inLanguage\":\"nb-NO\",\"@id\":\"https:\/\/inzain.bike\/fr_be\/#\/schema\/logo\/image\/\",\"url\":\"https:\/\/i0.wp.com\/inzain.bike\/wp-content\/uploads\/2023\/09\/cropped-INZAIN_512x512_white.png?fit=512%2C512&ssl=1\",\"contentUrl\":\"https:\/\/i0.wp.com\/inzain.bike\/wp-content\/uploads\/2023\/09\/cropped-INZAIN_512x512_white.png?fit=512%2C512&ssl=1\",\"width\":512,\"height\":512,\"caption\":\"INZAIN Cycling EXPERIENCES\"},\"image\":{\"@id\":\"https:\/\/inzain.bike\/fr_be\/#\/schema\/logo\/image\/\"},\"sameAs\":[\"https:\/\/www.facebook.com\/Inzain.bike\",\"https:\/\/www.instagram.com\/inzainbike\"]}]}<\/script>\n<!-- \/ Yoast SEO plugin. -->","yoast_head_json":{"title":"Aktiviteter i Girona - INZAIN Sykkelopplevelser","robots":{"index":"index","follow":"follow","max-snippet":"max-snippet:-1","max-image-preview":"max-image-preview:large","max-video-preview":"max-video-preview:-1"},"canonical":"https:\/\/inzain.bike\/nb\/gir24-aktiviteter\/","og_locale":"nb_NO","og_type":"article","og_title":"Girona Aktiviteter - INZAIN Cycling EXPERIENCES","og_description":"P\u00e5 v\u00e5r vilodag s\u00e5 finns flera val. Kanske vill man bara ta det lugnt, utforska Girona, dricka lite gott kaffe och vila. \u00c4r man sugen p\u00e5 utflykt varf\u00f6r inte prova n\u00e5gon av dessa. Bes\u00f6k Barcelona Melhavsstaden Barcelona ligger inspr\u00e4ngd mellan berg och hav, och erbjuder s\u00e5v\u00e4l sm\u00e5stadsk\u00e4nsla som storstadsmetropolisk puls. De 1,6 miljoner inv\u00e5narna jobbar [&hellip;]","og_url":"https:\/\/inzain.bike\/nb\/gir24-aktiviteter\/","og_site_name":"INZAIN Cycling EXPERIENCES","article_publisher":"https:\/\/www.facebook.com\/Inzain.bike","article_modified_time":"2026-01-12T11:13:18+00:00","og_image":[{"width":1978,"height":2560,"url":"https:\/\/inzain.bike\/wp-content\/uploads\/2023\/11\/pexels-spolyakov-16762185-scaled.jpg","type":"image\/jpeg"}],"twitter_card":"summary_large_image","twitter_misc":{"Ansl. lesetid":"5 minutter"},"schema":{"@context":"https:\/\/schema.org","@graph":[{"@type":"WebPage","@id":"https:\/\/inzain.bike\/gir24-aktiviteter\/","url":"https:\/\/inzain.bike\/gir24-aktiviteter\/","name":"Aktiviteter i Girona - INZAIN Sykkelopplevelser","isPartOf":{"@id":"https:\/\/inzain.bike\/fr_be\/#website"},"primaryImageOfPage":{"@id":"https:\/\/inzain.bike\/gir24-aktiviteter\/#primaryimage"},"image":{"@id":"https:\/\/inzain.bike\/gir24-aktiviteter\/#primaryimage"},"thumbnailUrl":"https:\/\/inzain.bike\/wp-content\/uploads\/2023\/11\/pexels-spolyakov-16762185-791x1024.jpg","datePublished":"2023-11-11T19:47:14+00:00","dateModified":"2026-01-12T11:13:18+00:00","breadcrumb":{"@id":"https:\/\/inzain.bike\/gir24-aktiviteter\/#breadcrumb"},"inLanguage":"nb-NO","potentialAction":[{"@type":"ReadAction","target":["https:\/\/inzain.bike\/gir24-aktiviteter\/"]}]},{"@type":"ImageObject","inLanguage":"nb-NO","@id":"https:\/\/inzain.bike\/gir24-aktiviteter\/#primaryimage","url":"https:\/\/inzain.bike\/wp-content\/uploads\/2023\/11\/pexels-spolyakov-16762185-791x1024.jpg","contentUrl":"https:\/\/inzain.bike\/wp-content\/uploads\/2023\/11\/pexels-spolyakov-16762185-791x1024.jpg"},{"@type":"BreadcrumbList","@id":"https:\/\/inzain.bike\/gir24-aktiviteter\/#breadcrumb","itemListElement":[{"@type":"ListItem","position":1,"name":"Hem","item":"https:\/\/inzain.bike\/fr_be\/"},{"@type":"ListItem","position":2,"name":"Girona Aktiviteter"}]},{"@type":"WebSite","@id":"https:\/\/inzain.bike\/fr_be\/#website","url":"https:\/\/inzain.bike\/fr_be\/","name":"INZAIN SYKKELOPPLEVELSER","description":"Sykkeleventyr - for alle","publisher":{"@id":"https:\/\/inzain.bike\/fr_be\/#organization"},"alternateName":"INZAIN Gravel & Travel","potentialAction":[{"@type":"SearchAction","target":{"@type":"EntryPoint","urlTemplate":"https:\/\/inzain.bike\/fr_be\/?s={search_term_string}"},"query-input":{"@type":"PropertyValueSpecification","valueRequired":true,"valueName":"search_term_string"}}],"inLanguage":"nb-NO"},{"@type":"Organization","@id":"https:\/\/inzain.bike\/fr_be\/#organization","name":"INZAIN SYKKELOPPLEVELSER","url":"https:\/\/inzain.bike\/fr_be\/","logo":{"@type":"ImageObject","inLanguage":"nb-NO","@id":"https:\/\/inzain.bike\/fr_be\/#\/schema\/logo\/image\/","url":"https:\/\/i0.wp.com\/inzain.bike\/wp-content\/uploads\/2023\/09\/cropped-INZAIN_512x512_white.png?fit=512%2C512&ssl=1","contentUrl":"https:\/\/i0.wp.com\/inzain.bike\/wp-content\/uploads\/2023\/09\/cropped-INZAIN_512x512_white.png?fit=512%2C512&ssl=1","width":512,"height":512,"caption":"INZAIN Cycling EXPERIENCES"},"image":{"@id":"https:\/\/inzain.bike\/fr_be\/#\/schema\/logo\/image\/"},"sameAs":["https:\/\/www.facebook.com\/Inzain.bike","https:\/\/www.instagram.com\/inzainbike"]}]}},"amp_enabled":true,"_links":{"self":[{"href":"https:\/\/inzain.bike\/nb\/wp-json\/wp\/v2\/pages\/5144","targetHints":{"allow":["GET"]}}],"collection":[{"href":"https:\/\/inzain.bike\/nb\/wp-json\/wp\/v2\/pages"}],"about":[{"href":"https:\/\/inzain.bike\/nb\/wp-json\/wp\/v2\/types\/page"}],"author":[{"embeddable":true,"href":"https:\/\/inzain.bike\/nb\/wp-json\/wp\/v2\/users\/135133094"}],"replies":[{"embeddable":true,"href":"https:\/\/inzain.bike\/nb\/wp-json\/wp\/v2\/comments?post=5144"}],"version-history":[{"count":1,"href":"https:\/\/inzain.bike\/nb\/wp-json\/wp\/v2\/pages\/5144\/revisions"}],"predecessor-version":[{"id":9057,"href":"https:\/\/inzain.bike\/nb\/wp-json\/wp\/v2\/pages\/5144\/revisions\/9057"}],"wp:attachment":[{"href":"https:\/\/inzain.bike\/nb\/wp-json\/wp\/v2\/media?parent=5144"}],"curies":[{"name":"wp","href":"https:\/\/api.w.org\/{rel}","templated":true}]}}