{"id":5232,"date":"2023-11-15T15:38:13","date_gmt":"2023-11-15T14:38:13","guid":{"rendered":"https:\/\/inzain.bike\/?page_id=5232"},"modified":"2023-11-15T15:53:37","modified_gmt":"2023-11-15T14:53:37","slug":"om-aland","status":"publish","type":"page","link":"https:\/\/inzain.bike\/nb\/om-aland\/","title":{"rendered":"Om \u00c5land"},"content":{"rendered":"<div class=\"wp-block-columns alignwide is-layout-flex wp-container-core-columns-is-layout-28f84493 wp-block-columns-is-layout-flex\">\n<div class=\"wp-block-column is-layout-flow wp-block-column-is-layout-flow\">\n<figure class=\"wp-block-image size-full\"><img loading=\"lazy\" decoding=\"async\" width=\"640\" height=\"425\" src=\"https:\/\/inzain.bike\/wp-content\/uploads\/2023\/11\/Aland.jpg\" alt=\"\" class=\"wp-image-5230\" srcset=\"https:\/\/inzain.bike\/wp-content\/uploads\/2023\/11\/Aland.jpg 640w, https:\/\/inzain.bike\/wp-content\/uploads\/2023\/11\/Aland-300x199.jpg 300w, https:\/\/inzain.bike\/wp-content\/uploads\/2023\/11\/Aland-18x12.jpg 18w, https:\/\/inzain.bike\/wp-content\/uploads\/2023\/11\/Aland-600x398.jpg 600w\" sizes=\"auto, (max-width: 640px) 100vw, 640px\" \/><\/figure>\n\n\n\n<p>P\u00e5 \u00c5land finner du verdens vakreste skj\u00e6rg\u00e5rd og mye uber\u00f8rt natur. Her kan du nyte et liv der \u00f8ytiden styrer. N\u00e6rheten til alt betyr at du f\u00e5r mer tid til livet. Du har 10 minutter p\u00e5 deg til karrieren. 10 minutter til barnehage og skole. 10 minutter til fritid og aktiviteter.<\/p>\n\n\n\n<h2 class=\"wp-block-heading\">Midt i Norden<\/h2>\n\n\n\n<p>\u00c5land tilh\u00f8rer Finland, men n\u00e6rheten til Sverige er tydelig i kultur og vaner. Klassiske nordiske retter som for eksempel kj\u00f8ttboller f\u00f8les like \u00e5landsk som svensk. \u00c5lendingene snakker ogs\u00e5 svensk og liker \u00e5 se svensk TV.<\/p>\n\n\n\n<h2 class=\"wp-block-heading\">Skj\u00e6rg\u00e5rd, natur og mye sol<\/h2>\n\n\n\n<p>Milj\u00f8et er variert, fra de forrevne klippene i den ytre skj\u00e6rg\u00e5rden til skog og fruktbart jordbrukslandskap p\u00e5 solide \u00c5land.<\/p>\n\n\n\n<p>Klimaet er typisk maritimt klima med relativt milde vintre, kj\u00f8lige v\u00e5rer, normal sommer og litt varmere h\u00f8st. \u00d8ya har flest soltimer i Norden i l\u00f8pet av sommerhalv\u00e5ret.<\/p>\n\n\n\n<h2 class=\"wp-block-heading\">Veinett med r\u00f8de veier, broer og bilferger<\/h2>\n\n\n\n<p>Landeveiene er r\u00f8de, fargen kommer fra den r\u00f8de steingranitten. Her g\u00e5r det ikke tog eller t-bane, men der veiene slutter kan du i stedet fortsette reisen med bilferge til \u00f8yene i skj\u00e6rg\u00e5rden.<\/p>\n\n\n\n<p>\u00c5lands historie begynte da med landomr\u00e5det som n\u00e5 dannes&nbsp;<a href=\"https:\/\/sv.wikipedia.org\/wiki\/%C3%85land\">Et land<\/a>&nbsp;befolket rundt 4200 f.Kr \u00c5land ble kristnet tidlig p\u00e5 1000-tallet. \u00c5land var en del av&nbsp;<a href=\"https:\/\/sv.wikipedia.org\/wiki\/Sverige\">Sverige<\/a>til 1809 da&nbsp;<a href=\"https:\/\/sv.wikipedia.org\/wiki\/Finland\">Finland<\/a>&nbsp;inkludert \u00c5land i&nbsp;<a href=\"https:\/\/sv.wikipedia.org\/wiki\/Freden_i_Fredrikshamn\">Fred i Fredrikshamn<\/a>&nbsp;falt til Russland. <\/p>\n\n\n\n<p>Under russetiden, 1809\u20131917, ble bygget&nbsp;<a href=\"https:\/\/sv.wikipedia.org\/wiki\/Bomarsunds_f%C3%A4stning\">Bomarsunds festning<\/a>&nbsp;og&nbsp;<a href=\"https:\/\/sv.wikipedia.org\/wiki\/Mariehamn\">Mariehamn<\/a>&nbsp;ble grunnlagt. Etter&nbsp;<a href=\"https:\/\/sv.wikipedia.org\/wiki\/Finlands_sj%C3%A4lvst%C3%A4ndighet\">Finland erkl\u00e6rte uavhengighet<\/a>&nbsp;\u00f8nsket at \u00e5lendingene skulle gjenforenes med Sverige. I stedet fikk \u00c5land&nbsp;<a href=\"https:\/\/sv.wikipedia.org\/wiki\/%C3%85lands_sj%C3%A4lvstyrelse\">autonomi<\/a>&nbsp;1922 etter intervensjon fra Folkeforbundet. Det selvstyrte landskapet har f\u00e5tt utvidet selvstyre fra 1922 og frem til i dag.<\/p>\n<\/div>\n<\/div>","protected":false},"excerpt":{"rendered":"<p>P\u00e5 \u00c5land hittar du v\u00e4rldens vackraste sk\u00e4rg\u00e5rd och m\u00e4ngder av or\u00f6rd natur. H\u00e4r kan du njuta av ett liv d\u00e4r \u00f6-tiden styr. N\u00e4rheten till allt betyder att du f\u00e5r mer tid till livet. Du har 10 minuter till karri\u00e4ren. 10 minuter till dagis och skola. 10 minuter till fritid och aktiviteter. Mitt i Norden \u00c5land [&hellip;]<\/p>\n","protected":false},"author":135133094,"featured_media":0,"parent":0,"menu_order":0,"comment_status":"closed","ping_status":"closed","template":"","meta":{"_coblocks_attr":"","_coblocks_dimensions":"","_coblocks_responsive_height":"","_coblocks_accordion_ie_support":"","footnotes":""},"class_list":["post-5232","page","type-page","status-publish","hentry"],"yoast_head":"<!-- This site is optimized with the Yoast SEO plugin v27.2 - https:\/\/yoast.com\/product\/yoast-seo-wordpress\/ -->\n<title>Om \u00c5land - INZAIN Cycling EXPERIENCES<\/title>\n<meta name=\"robots\" content=\"index, follow, max-snippet:-1, max-image-preview:large, max-video-preview:-1\" \/>\n<link rel=\"canonical\" href=\"https:\/\/inzain.bike\/nb\/om-aland\/\" \/>\n<meta property=\"og:locale\" content=\"nb_NO\" \/>\n<meta property=\"og:type\" content=\"article\" \/>\n<meta property=\"og:title\" content=\"Om \u00c5land - INZAIN Cycling EXPERIENCES\" \/>\n<meta property=\"og:description\" content=\"P\u00e5 \u00c5land hittar du v\u00e4rldens vackraste sk\u00e4rg\u00e5rd och m\u00e4ngder av or\u00f6rd natur. H\u00e4r kan du njuta av ett liv d\u00e4r \u00f6-tiden styr. N\u00e4rheten till allt betyder att du f\u00e5r mer tid till livet. Du har 10 minuter till karri\u00e4ren. 10 minuter till dagis och skola. 10 minuter till fritid och aktiviteter. Mitt i Norden \u00c5land [&hellip;]\" \/>\n<meta property=\"og:url\" content=\"https:\/\/inzain.bike\/nb\/om-aland\/\" \/>\n<meta property=\"og:site_name\" content=\"INZAIN Cycling EXPERIENCES\" \/>\n<meta property=\"article:publisher\" content=\"https:\/\/www.facebook.com\/Inzain.bike\" \/>\n<meta property=\"article:modified_time\" content=\"2023-11-15T14:53:37+00:00\" \/>\n<meta property=\"og:image\" content=\"https:\/\/inzain.bike\/wp-content\/uploads\/2023\/11\/Aland.jpg\" \/>\n<meta name=\"twitter:card\" content=\"summary_large_image\" \/>\n<meta name=\"twitter:label1\" content=\"Ansl. lesetid\" \/>\n\t<meta name=\"twitter:data1\" content=\"2 minutter\" \/>\n<script type=\"application\/ld+json\" class=\"yoast-schema-graph\">{\"@context\":\"https:\/\/schema.org\",\"@graph\":[{\"@type\":\"WebPage\",\"@id\":\"https:\/\/inzain.bike\/en_gb\/om-aland\/\",\"url\":\"https:\/\/inzain.bike\/en_gb\/om-aland\/\",\"name\":\"Om \u00c5land - INZAIN Cycling EXPERIENCES\",\"isPartOf\":{\"@id\":\"https:\/\/inzain.bike\/fr_be\/#website\"},\"primaryImageOfPage\":{\"@id\":\"https:\/\/inzain.bike\/en_gb\/om-aland\/#primaryimage\"},\"image\":{\"@id\":\"https:\/\/inzain.bike\/en_gb\/om-aland\/#primaryimage\"},\"thumbnailUrl\":\"https:\/\/inzain.bike\/wp-content\/uploads\/2023\/11\/Aland.jpg\",\"datePublished\":\"2023-11-15T14:38:13+00:00\",\"dateModified\":\"2023-11-15T14:53:37+00:00\",\"breadcrumb\":{\"@id\":\"https:\/\/inzain.bike\/en_gb\/om-aland\/#breadcrumb\"},\"inLanguage\":\"nb-NO\",\"potentialAction\":[{\"@type\":\"ReadAction\",\"target\":[\"https:\/\/inzain.bike\/en_gb\/om-aland\/\"]}]},{\"@type\":\"ImageObject\",\"inLanguage\":\"nb-NO\",\"@id\":\"https:\/\/inzain.bike\/en_gb\/om-aland\/#primaryimage\",\"url\":\"https:\/\/inzain.bike\/wp-content\/uploads\/2023\/11\/Aland.jpg\",\"contentUrl\":\"https:\/\/inzain.bike\/wp-content\/uploads\/2023\/11\/Aland.jpg\"},{\"@type\":\"BreadcrumbList\",\"@id\":\"https:\/\/inzain.bike\/en_gb\/om-aland\/#breadcrumb\",\"itemListElement\":[{\"@type\":\"ListItem\",\"position\":1,\"name\":\"Hem\",\"item\":\"https:\/\/inzain.bike\/fr_be\/\"},{\"@type\":\"ListItem\",\"position\":2,\"name\":\"Om \u00c5land\"}]},{\"@type\":\"WebSite\",\"@id\":\"https:\/\/inzain.bike\/fr_be\/#website\",\"url\":\"https:\/\/inzain.bike\/fr_be\/\",\"name\":\"INZAIN Cycling EXPERIENCES\",\"description\":\"Cyckling Adventures  - for everyone\",\"publisher\":{\"@id\":\"https:\/\/inzain.bike\/fr_be\/#organization\"},\"alternateName\":\"INZAIN Gravel & Travel\",\"potentialAction\":[{\"@type\":\"SearchAction\",\"target\":{\"@type\":\"EntryPoint\",\"urlTemplate\":\"https:\/\/inzain.bike\/fr_be\/?s={search_term_string}\"},\"query-input\":{\"@type\":\"PropertyValueSpecification\",\"valueRequired\":true,\"valueName\":\"search_term_string\"}}],\"inLanguage\":\"nb-NO\"},{\"@type\":\"Organization\",\"@id\":\"https:\/\/inzain.bike\/fr_be\/#organization\",\"name\":\"INZAIN Cycling EXPERIENCES\",\"url\":\"https:\/\/inzain.bike\/fr_be\/\",\"logo\":{\"@type\":\"ImageObject\",\"inLanguage\":\"nb-NO\",\"@id\":\"https:\/\/inzain.bike\/fr_be\/#\/schema\/logo\/image\/\",\"url\":\"https:\/\/i0.wp.com\/inzain.bike\/wp-content\/uploads\/2023\/09\/cropped-INZAIN_512x512_white.png?fit=512%2C512&ssl=1\",\"contentUrl\":\"https:\/\/i0.wp.com\/inzain.bike\/wp-content\/uploads\/2023\/09\/cropped-INZAIN_512x512_white.png?fit=512%2C512&ssl=1\",\"width\":512,\"height\":512,\"caption\":\"INZAIN Cycling EXPERIENCES\"},\"image\":{\"@id\":\"https:\/\/inzain.bike\/fr_be\/#\/schema\/logo\/image\/\"},\"sameAs\":[\"https:\/\/www.facebook.com\/Inzain.bike\",\"https:\/\/www.instagram.com\/inzainbike\"]}]}<\/script>\n<!-- \/ Yoast SEO plugin. -->","yoast_head_json":{"title":"Om \u00c5land - INZAIN Sykkelopplevelser","robots":{"index":"index","follow":"follow","max-snippet":"max-snippet:-1","max-image-preview":"max-image-preview:large","max-video-preview":"max-video-preview:-1"},"canonical":"https:\/\/inzain.bike\/nb\/om-aland\/","og_locale":"nb_NO","og_type":"article","og_title":"Om \u00c5land - INZAIN Cycling EXPERIENCES","og_description":"P\u00e5 \u00c5land hittar du v\u00e4rldens vackraste sk\u00e4rg\u00e5rd och m\u00e4ngder av or\u00f6rd natur. H\u00e4r kan du njuta av ett liv d\u00e4r \u00f6-tiden styr. N\u00e4rheten till allt betyder att du f\u00e5r mer tid till livet. Du har 10 minuter till karri\u00e4ren. 10 minuter till dagis och skola. 10 minuter till fritid och aktiviteter. Mitt i Norden \u00c5land [&hellip;]","og_url":"https:\/\/inzain.bike\/nb\/om-aland\/","og_site_name":"INZAIN Cycling EXPERIENCES","article_publisher":"https:\/\/www.facebook.com\/Inzain.bike","article_modified_time":"2023-11-15T14:53:37+00:00","og_image":[{"url":"https:\/\/inzain.bike\/wp-content\/uploads\/2023\/11\/Aland.jpg","type":"","width":"","height":""}],"twitter_card":"summary_large_image","twitter_misc":{"Ansl. lesetid":"2 minutter"},"schema":{"@context":"https:\/\/schema.org","@graph":[{"@type":"WebPage","@id":"https:\/\/inzain.bike\/en_gb\/om-aland\/","url":"https:\/\/inzain.bike\/en_gb\/om-aland\/","name":"Om \u00c5land - INZAIN Sykkelopplevelser","isPartOf":{"@id":"https:\/\/inzain.bike\/fr_be\/#website"},"primaryImageOfPage":{"@id":"https:\/\/inzain.bike\/en_gb\/om-aland\/#primaryimage"},"image":{"@id":"https:\/\/inzain.bike\/en_gb\/om-aland\/#primaryimage"},"thumbnailUrl":"https:\/\/inzain.bike\/wp-content\/uploads\/2023\/11\/Aland.jpg","datePublished":"2023-11-15T14:38:13+00:00","dateModified":"2023-11-15T14:53:37+00:00","breadcrumb":{"@id":"https:\/\/inzain.bike\/en_gb\/om-aland\/#breadcrumb"},"inLanguage":"nb-NO","potentialAction":[{"@type":"ReadAction","target":["https:\/\/inzain.bike\/en_gb\/om-aland\/"]}]},{"@type":"ImageObject","inLanguage":"nb-NO","@id":"https:\/\/inzain.bike\/en_gb\/om-aland\/#primaryimage","url":"https:\/\/inzain.bike\/wp-content\/uploads\/2023\/11\/Aland.jpg","contentUrl":"https:\/\/inzain.bike\/wp-content\/uploads\/2023\/11\/Aland.jpg"},{"@type":"BreadcrumbList","@id":"https:\/\/inzain.bike\/en_gb\/om-aland\/#breadcrumb","itemListElement":[{"@type":"ListItem","position":1,"name":"Hem","item":"https:\/\/inzain.bike\/fr_be\/"},{"@type":"ListItem","position":2,"name":"Om \u00c5land"}]},{"@type":"WebSite","@id":"https:\/\/inzain.bike\/fr_be\/#website","url":"https:\/\/inzain.bike\/fr_be\/","name":"INZAIN SYKKELOPPLEVELSER","description":"Sykkeleventyr - for alle","publisher":{"@id":"https:\/\/inzain.bike\/fr_be\/#organization"},"alternateName":"INZAIN Gravel & Travel","potentialAction":[{"@type":"SearchAction","target":{"@type":"EntryPoint","urlTemplate":"https:\/\/inzain.bike\/fr_be\/?s={search_term_string}"},"query-input":{"@type":"PropertyValueSpecification","valueRequired":true,"valueName":"search_term_string"}}],"inLanguage":"nb-NO"},{"@type":"Organization","@id":"https:\/\/inzain.bike\/fr_be\/#organization","name":"INZAIN SYKKELOPPLEVELSER","url":"https:\/\/inzain.bike\/fr_be\/","logo":{"@type":"ImageObject","inLanguage":"nb-NO","@id":"https:\/\/inzain.bike\/fr_be\/#\/schema\/logo\/image\/","url":"https:\/\/i0.wp.com\/inzain.bike\/wp-content\/uploads\/2023\/09\/cropped-INZAIN_512x512_white.png?fit=512%2C512&ssl=1","contentUrl":"https:\/\/i0.wp.com\/inzain.bike\/wp-content\/uploads\/2023\/09\/cropped-INZAIN_512x512_white.png?fit=512%2C512&ssl=1","width":512,"height":512,"caption":"INZAIN Cycling EXPERIENCES"},"image":{"@id":"https:\/\/inzain.bike\/fr_be\/#\/schema\/logo\/image\/"},"sameAs":["https:\/\/www.facebook.com\/Inzain.bike","https:\/\/www.instagram.com\/inzainbike"]}]}},"amp_enabled":true,"_links":{"self":[{"href":"https:\/\/inzain.bike\/nb\/wp-json\/wp\/v2\/pages\/5232","targetHints":{"allow":["GET"]}}],"collection":[{"href":"https:\/\/inzain.bike\/nb\/wp-json\/wp\/v2\/pages"}],"about":[{"href":"https:\/\/inzain.bike\/nb\/wp-json\/wp\/v2\/types\/page"}],"author":[{"embeddable":true,"href":"https:\/\/inzain.bike\/nb\/wp-json\/wp\/v2\/users\/135133094"}],"replies":[{"embeddable":true,"href":"https:\/\/inzain.bike\/nb\/wp-json\/wp\/v2\/comments?post=5232"}],"version-history":[{"count":0,"href":"https:\/\/inzain.bike\/nb\/wp-json\/wp\/v2\/pages\/5232\/revisions"}],"wp:attachment":[{"href":"https:\/\/inzain.bike\/nb\/wp-json\/wp\/v2\/media?parent=5232"}],"curies":[{"name":"wp","href":"https:\/\/api.w.org\/{rel}","templated":true}]}}