{"id":5295,"date":"2023-11-21T18:39:14","date_gmt":"2023-11-21T17:39:14","guid":{"rendered":"https:\/\/inzain.bike\/?page_id=5295"},"modified":"2023-11-25T17:25:18","modified_gmt":"2023-11-25T16:25:18","slug":"pyr24-food","status":"publish","type":"page","link":"https:\/\/inzain.bike\/nb\/pyr24-food\/","title":{"rendered":"Pyreneene mat"},"content":{"rendered":"<div class=\"wp-block-columns alignwide is-layout-flex wp-container-core-columns-is-layout-28f84493 wp-block-columns-is-layout-flex\">\n<div class=\"wp-block-column is-layout-flow wp-block-column-is-layout-flow\">\n<figure class=\"wp-block-image size-large is-resized\"><img loading=\"lazy\" decoding=\"async\" width=\"684\" height=\"1024\" src=\"https:\/\/inzain.bike\/wp-content\/uploads\/2023\/11\/pexels-cottonbro-studio-4542999-684x1024.jpg\" alt=\"\" class=\"wp-image-5297\" style=\"width:517px;height:auto\" srcset=\"https:\/\/inzain.bike\/wp-content\/uploads\/2023\/11\/pexels-cottonbro-studio-4542999-684x1024.jpg 684w, https:\/\/inzain.bike\/wp-content\/uploads\/2023\/11\/pexels-cottonbro-studio-4542999-200x300.jpg 200w, https:\/\/inzain.bike\/wp-content\/uploads\/2023\/11\/pexels-cottonbro-studio-4542999-768x1150.jpg 768w, https:\/\/inzain.bike\/wp-content\/uploads\/2023\/11\/pexels-cottonbro-studio-4542999-1025x1536.jpg 1025w, https:\/\/inzain.bike\/wp-content\/uploads\/2023\/11\/pexels-cottonbro-studio-4542999-1367x2048.jpg 1367w, https:\/\/inzain.bike\/wp-content\/uploads\/2023\/11\/pexels-cottonbro-studio-4542999-8x12.jpg 8w, https:\/\/inzain.bike\/wp-content\/uploads\/2023\/11\/pexels-cottonbro-studio-4542999-1320x1977.jpg 1320w, https:\/\/inzain.bike\/wp-content\/uploads\/2023\/11\/pexels-cottonbro-studio-4542999-600x899.jpg 600w, https:\/\/inzain.bike\/wp-content\/uploads\/2023\/11\/pexels-cottonbro-studio-4542999-scaled.jpg 1709w\" sizes=\"auto, (max-width: 684px) 100vw, 684px\" \/><\/figure>\n<\/div>\n\n\n\n<div class=\"wp-block-column is-layout-flow wp-block-column-is-layout-flow\">\n<div style=\"height:194px\" aria-hidden=\"true\" class=\"wp-block-spacer\"><\/div>\n\n\n\n<p class=\"has-roboto-font-family has-custom-font\" style=\"font-family:Roboto\">Oster, charcuterie og selvf\u00f8lgelig lokale desserter. Pyreneene skiller seg ikke bare ut for sine utallige vakre veier og fjellstigninger, men ogs\u00e5 for de mange deilige kulinariske spesialitetene som kommer herfra. Vi skal gjennom flere daler som er oppkalt etter osten som lages der.<\/p>\n<\/div>\n<\/div>\n\n\n\n<div class=\"wp-block-columns alignwide is-layout-flex wp-container-core-columns-is-layout-28f84493 wp-block-columns-is-layout-flex\">\n<div class=\"wp-block-column is-layout-flow wp-block-column-is-layout-flow\">\n<h2 class=\"wp-block-heading has-roboto-font-family has-custom-font\" style=\"font-family:Roboto\">Tomme des Pyr\u00e9n\u00e9es ost<\/h2>\n\n\n\n<div style=\"height:145px\" aria-hidden=\"true\" class=\"wp-block-spacer\"><\/div>\n\n\n\n<p>Denne pressede eller halvharde ukokte ostemasseosten, laget av pasteurisert kumelk, utmerker seg ved sin gul-r\u00f8de eller svarte skall, som gj\u00f8r den s\u00e5 lett \u00e5 gjenkjenne, og b\u00e6rer den beskyttede geografiske betegnelsen IGP (Indication G\u00e9ographique Prot\u00e9g\u00e9e) siden 1996! Har du problemer med \u00e5 velge mellom de to? Smak litt p\u00e5 begge deler og se hva du finner p\u00e5!<\/p>\n<\/div>\n\n\n\n<div class=\"wp-block-column is-layout-flow wp-block-column-is-layout-flow\">\n<figure class=\"wp-block-image size-full\"><img decoding=\"async\" src=\"https:\/\/inzain.bike\/wp-content\/uploads\/2023\/11\/pexels-pixabay-162850.jpg\" alt=\"\" class=\"wp-image-5298\"\/><\/figure>\n<\/div>\n<\/div>\n\n\n\n<div class=\"wp-block-columns alignwide is-layout-flex wp-container-core-columns-is-layout-28f84493 wp-block-columns-is-layout-flex\">\n<div class=\"wp-block-column is-layout-flow wp-block-column-is-layout-flow\"><\/div>\n\n\n\n<div class=\"wp-block-column is-layout-flow wp-block-column-is-layout-flow\">\n<p><\/p>\n<\/div>\n<\/div>","protected":false},"excerpt":{"rendered":"<p>Ostar, charkuterier och naturligtvis lokala desserter. Pyren\u00e9erna utm\u00e4rker sig inte bara f\u00f6r sina otaliga vackra v\u00e4gar och kl\u00e4ttringar i bergen utan ocks\u00e5 f\u00f6r de m\u00e5nga l\u00e4ckra kulinariska specialiteter som kommer h\u00e4rifr\u00e5n.&nbsp;Vi kommer passera visa dalg\u00e5ngar som till namnges efter den ost som tillverkas d\u00e4r. Osten Tomme des Pyr\u00e9n\u00e9es Denna ost med pressad eller halvh\u00e5rd okokt [&hellip;]<\/p>\n","protected":false},"author":203917874,"featured_media":0,"parent":0,"menu_order":0,"comment_status":"closed","ping_status":"closed","template":"","meta":{"_coblocks_attr":"Roboto,Roboto","_coblocks_dimensions":"","_coblocks_responsive_height":"","_coblocks_accordion_ie_support":"","footnotes":""},"class_list":["post-5295","page","type-page","status-publish","hentry"],"yoast_head":"<!-- This site is optimized with the Yoast SEO plugin v27.2 - https:\/\/yoast.com\/product\/yoast-seo-wordpress\/ -->\n<title>Pyren\u00e9erna mat - INZAIN Cycling EXPERIENCES<\/title>\n<meta name=\"robots\" content=\"index, follow, max-snippet:-1, max-image-preview:large, max-video-preview:-1\" \/>\n<link rel=\"canonical\" href=\"https:\/\/inzain.bike\/nb\/pyr24-food\/\" \/>\n<meta property=\"og:locale\" content=\"nb_NO\" \/>\n<meta property=\"og:type\" content=\"article\" \/>\n<meta property=\"og:title\" content=\"Pyren\u00e9erna mat - INZAIN Cycling EXPERIENCES\" \/>\n<meta property=\"og:description\" content=\"Ostar, charkuterier och naturligtvis lokala desserter. Pyren\u00e9erna utm\u00e4rker sig inte bara f\u00f6r sina otaliga vackra v\u00e4gar och kl\u00e4ttringar i bergen utan ocks\u00e5 f\u00f6r de m\u00e5nga l\u00e4ckra kulinariska specialiteter som kommer h\u00e4rifr\u00e5n.&nbsp;Vi kommer passera visa dalg\u00e5ngar som till namnges efter den ost som tillverkas d\u00e4r. Osten Tomme des Pyr\u00e9n\u00e9es Denna ost med pressad eller halvh\u00e5rd okokt [&hellip;]\" \/>\n<meta property=\"og:url\" content=\"https:\/\/inzain.bike\/nb\/pyr24-food\/\" \/>\n<meta property=\"og:site_name\" content=\"INZAIN Cycling EXPERIENCES\" \/>\n<meta property=\"article:publisher\" content=\"https:\/\/www.facebook.com\/Inzain.bike\" \/>\n<meta property=\"article:modified_time\" content=\"2023-11-25T16:25:18+00:00\" \/>\n<meta property=\"og:image\" content=\"https:\/\/inzain.bike\/wp-content\/uploads\/2023\/11\/pexels-cottonbro-studio-4542999-684x1024.jpg\" \/>\n<meta name=\"twitter:card\" content=\"summary_large_image\" \/>\n<meta name=\"twitter:label1\" content=\"Ansl. lesetid\" \/>\n\t<meta name=\"twitter:data1\" content=\"1 minutt\" \/>\n<script type=\"application\/ld+json\" class=\"yoast-schema-graph\">{\"@context\":\"https:\/\/schema.org\",\"@graph\":[{\"@type\":\"WebPage\",\"@id\":\"https:\/\/inzain.bike\/nl_be\/pyr24-food\/\",\"url\":\"https:\/\/inzain.bike\/nl_be\/pyr24-food\/\",\"name\":\"Pyren\u00e9erna mat - INZAIN Cycling EXPERIENCES\",\"isPartOf\":{\"@id\":\"https:\/\/inzain.bike\/fr_be\/#website\"},\"primaryImageOfPage\":{\"@id\":\"https:\/\/inzain.bike\/nl_be\/pyr24-food\/#primaryimage\"},\"image\":{\"@id\":\"https:\/\/inzain.bike\/nl_be\/pyr24-food\/#primaryimage\"},\"thumbnailUrl\":\"https:\/\/inzain.bike\/wp-content\/uploads\/2023\/11\/pexels-cottonbro-studio-4542999-684x1024.jpg\",\"datePublished\":\"2023-11-21T17:39:14+00:00\",\"dateModified\":\"2023-11-25T16:25:18+00:00\",\"breadcrumb\":{\"@id\":\"https:\/\/inzain.bike\/nl_be\/pyr24-food\/#breadcrumb\"},\"inLanguage\":\"nb-NO\",\"potentialAction\":[{\"@type\":\"ReadAction\",\"target\":[\"https:\/\/inzain.bike\/nl_be\/pyr24-food\/\"]}]},{\"@type\":\"ImageObject\",\"inLanguage\":\"nb-NO\",\"@id\":\"https:\/\/inzain.bike\/nl_be\/pyr24-food\/#primaryimage\",\"url\":\"https:\/\/inzain.bike\/wp-content\/uploads\/2023\/11\/pexels-cottonbro-studio-4542999-684x1024.jpg\",\"contentUrl\":\"https:\/\/inzain.bike\/wp-content\/uploads\/2023\/11\/pexels-cottonbro-studio-4542999-684x1024.jpg\"},{\"@type\":\"BreadcrumbList\",\"@id\":\"https:\/\/inzain.bike\/nl_be\/pyr24-food\/#breadcrumb\",\"itemListElement\":[{\"@type\":\"ListItem\",\"position\":1,\"name\":\"Hem\",\"item\":\"https:\/\/inzain.bike\/fr_be\/\"},{\"@type\":\"ListItem\",\"position\":2,\"name\":\"Pyren\u00e9erna mat\"}]},{\"@type\":\"WebSite\",\"@id\":\"https:\/\/inzain.bike\/fr_be\/#website\",\"url\":\"https:\/\/inzain.bike\/fr_be\/\",\"name\":\"INZAIN Cycling EXPERIENCES\",\"description\":\"Cyckling Adventures  - for everyone\",\"publisher\":{\"@id\":\"https:\/\/inzain.bike\/fr_be\/#organization\"},\"alternateName\":\"INZAIN Gravel & Travel\",\"potentialAction\":[{\"@type\":\"SearchAction\",\"target\":{\"@type\":\"EntryPoint\",\"urlTemplate\":\"https:\/\/inzain.bike\/fr_be\/?s={search_term_string}\"},\"query-input\":{\"@type\":\"PropertyValueSpecification\",\"valueRequired\":true,\"valueName\":\"search_term_string\"}}],\"inLanguage\":\"nb-NO\"},{\"@type\":\"Organization\",\"@id\":\"https:\/\/inzain.bike\/fr_be\/#organization\",\"name\":\"INZAIN Cycling EXPERIENCES\",\"url\":\"https:\/\/inzain.bike\/fr_be\/\",\"logo\":{\"@type\":\"ImageObject\",\"inLanguage\":\"nb-NO\",\"@id\":\"https:\/\/inzain.bike\/fr_be\/#\/schema\/logo\/image\/\",\"url\":\"https:\/\/i0.wp.com\/inzain.bike\/wp-content\/uploads\/2023\/09\/cropped-INZAIN_512x512_white.png?fit=512%2C512&ssl=1\",\"contentUrl\":\"https:\/\/i0.wp.com\/inzain.bike\/wp-content\/uploads\/2023\/09\/cropped-INZAIN_512x512_white.png?fit=512%2C512&ssl=1\",\"width\":512,\"height\":512,\"caption\":\"INZAIN Cycling EXPERIENCES\"},\"image\":{\"@id\":\"https:\/\/inzain.bike\/fr_be\/#\/schema\/logo\/image\/\"},\"sameAs\":[\"https:\/\/www.facebook.com\/Inzain.bike\",\"https:\/\/www.instagram.com\/inzainbike\"]}]}<\/script>\n<!-- \/ Yoast SEO plugin. -->","yoast_head_json":{"title":"Mat fra Pyreneene - INZAIN Sykkelopplevelser","robots":{"index":"index","follow":"follow","max-snippet":"max-snippet:-1","max-image-preview":"max-image-preview:large","max-video-preview":"max-video-preview:-1"},"canonical":"https:\/\/inzain.bike\/nb\/pyr24-food\/","og_locale":"nb_NO","og_type":"article","og_title":"Pyren\u00e9erna mat - INZAIN Cycling EXPERIENCES","og_description":"Ostar, charkuterier och naturligtvis lokala desserter. Pyren\u00e9erna utm\u00e4rker sig inte bara f\u00f6r sina otaliga vackra v\u00e4gar och kl\u00e4ttringar i bergen utan ocks\u00e5 f\u00f6r de m\u00e5nga l\u00e4ckra kulinariska specialiteter som kommer h\u00e4rifr\u00e5n.&nbsp;Vi kommer passera visa dalg\u00e5ngar som till namnges efter den ost som tillverkas d\u00e4r. Osten Tomme des Pyr\u00e9n\u00e9es Denna ost med pressad eller halvh\u00e5rd okokt [&hellip;]","og_url":"https:\/\/inzain.bike\/nb\/pyr24-food\/","og_site_name":"INZAIN Cycling EXPERIENCES","article_publisher":"https:\/\/www.facebook.com\/Inzain.bike","article_modified_time":"2023-11-25T16:25:18+00:00","og_image":[{"url":"https:\/\/inzain.bike\/wp-content\/uploads\/2023\/11\/pexels-cottonbro-studio-4542999-684x1024.jpg","type":"","width":"","height":""}],"twitter_card":"summary_large_image","twitter_misc":{"Ansl. lesetid":"1 minutt"},"schema":{"@context":"https:\/\/schema.org","@graph":[{"@type":"WebPage","@id":"https:\/\/inzain.bike\/nl_be\/pyr24-food\/","url":"https:\/\/inzain.bike\/nl_be\/pyr24-food\/","name":"Mat fra Pyreneene - INZAIN Sykkelopplevelser","isPartOf":{"@id":"https:\/\/inzain.bike\/fr_be\/#website"},"primaryImageOfPage":{"@id":"https:\/\/inzain.bike\/nl_be\/pyr24-food\/#primaryimage"},"image":{"@id":"https:\/\/inzain.bike\/nl_be\/pyr24-food\/#primaryimage"},"thumbnailUrl":"https:\/\/inzain.bike\/wp-content\/uploads\/2023\/11\/pexels-cottonbro-studio-4542999-684x1024.jpg","datePublished":"2023-11-21T17:39:14+00:00","dateModified":"2023-11-25T16:25:18+00:00","breadcrumb":{"@id":"https:\/\/inzain.bike\/nl_be\/pyr24-food\/#breadcrumb"},"inLanguage":"nb-NO","potentialAction":[{"@type":"ReadAction","target":["https:\/\/inzain.bike\/nl_be\/pyr24-food\/"]}]},{"@type":"ImageObject","inLanguage":"nb-NO","@id":"https:\/\/inzain.bike\/nl_be\/pyr24-food\/#primaryimage","url":"https:\/\/inzain.bike\/wp-content\/uploads\/2023\/11\/pexels-cottonbro-studio-4542999-684x1024.jpg","contentUrl":"https:\/\/inzain.bike\/wp-content\/uploads\/2023\/11\/pexels-cottonbro-studio-4542999-684x1024.jpg"},{"@type":"BreadcrumbList","@id":"https:\/\/inzain.bike\/nl_be\/pyr24-food\/#breadcrumb","itemListElement":[{"@type":"ListItem","position":1,"name":"Hem","item":"https:\/\/inzain.bike\/fr_be\/"},{"@type":"ListItem","position":2,"name":"Pyren\u00e9erna mat"}]},{"@type":"WebSite","@id":"https:\/\/inzain.bike\/fr_be\/#website","url":"https:\/\/inzain.bike\/fr_be\/","name":"INZAIN SYKKELOPPLEVELSER","description":"Sykkeleventyr - for alle","publisher":{"@id":"https:\/\/inzain.bike\/fr_be\/#organization"},"alternateName":"INZAIN Gravel & Travel","potentialAction":[{"@type":"SearchAction","target":{"@type":"EntryPoint","urlTemplate":"https:\/\/inzain.bike\/fr_be\/?s={search_term_string}"},"query-input":{"@type":"PropertyValueSpecification","valueRequired":true,"valueName":"search_term_string"}}],"inLanguage":"nb-NO"},{"@type":"Organization","@id":"https:\/\/inzain.bike\/fr_be\/#organization","name":"INZAIN SYKKELOPPLEVELSER","url":"https:\/\/inzain.bike\/fr_be\/","logo":{"@type":"ImageObject","inLanguage":"nb-NO","@id":"https:\/\/inzain.bike\/fr_be\/#\/schema\/logo\/image\/","url":"https:\/\/i0.wp.com\/inzain.bike\/wp-content\/uploads\/2023\/09\/cropped-INZAIN_512x512_white.png?fit=512%2C512&ssl=1","contentUrl":"https:\/\/i0.wp.com\/inzain.bike\/wp-content\/uploads\/2023\/09\/cropped-INZAIN_512x512_white.png?fit=512%2C512&ssl=1","width":512,"height":512,"caption":"INZAIN Cycling EXPERIENCES"},"image":{"@id":"https:\/\/inzain.bike\/fr_be\/#\/schema\/logo\/image\/"},"sameAs":["https:\/\/www.facebook.com\/Inzain.bike","https:\/\/www.instagram.com\/inzainbike"]}]}},"amp_enabled":true,"_links":{"self":[{"href":"https:\/\/inzain.bike\/nb\/wp-json\/wp\/v2\/pages\/5295","targetHints":{"allow":["GET"]}}],"collection":[{"href":"https:\/\/inzain.bike\/nb\/wp-json\/wp\/v2\/pages"}],"about":[{"href":"https:\/\/inzain.bike\/nb\/wp-json\/wp\/v2\/types\/page"}],"author":[{"embeddable":true,"href":"https:\/\/inzain.bike\/nb\/wp-json\/wp\/v2\/users\/203917874"}],"replies":[{"embeddable":true,"href":"https:\/\/inzain.bike\/nb\/wp-json\/wp\/v2\/comments?post=5295"}],"version-history":[{"count":0,"href":"https:\/\/inzain.bike\/nb\/wp-json\/wp\/v2\/pages\/5295\/revisions"}],"wp:attachment":[{"href":"https:\/\/inzain.bike\/nb\/wp-json\/wp\/v2\/media?parent=5295"}],"curies":[{"name":"wp","href":"https:\/\/api.w.org\/{rel}","templated":true}]}}