{"id":5595,"date":"2023-11-20T16:01:33","date_gmt":"2023-11-20T15:01:33","guid":{"rendered":"https:\/\/inzain.bike\/?page_id=5595"},"modified":"2023-11-25T19:17:41","modified_gmt":"2023-11-25T18:17:41","slug":"om-toscana","status":"publish","type":"page","link":"https:\/\/inzain.bike\/nb\/om-toscana\/","title":{"rendered":"Om Toscana"},"content":{"rendered":"<div class=\"wp-block-columns alignwide is-layout-flex wp-container-core-columns-is-layout-28f84493 wp-block-columns-is-layout-flex\">\n<div class=\"wp-block-column is-layout-flow wp-block-column-is-layout-flow\">\n<p class=\"has-roboto-font-family has-custom-font\" style=\"font-family:Roboto\"><strong>Toscana <\/strong>av mange anses \u00e5 v\u00e6re et av de vakreste landskapene i Italia. Toskansk mat er kjent over hele verden, det samme er regionens fine viner fra distriktene Chianti, Morellino di Scansano og Brunello di Montalcino. Et forholdsvis stort antall av Italias renessansekunstnere og forfattere har sin opprinnelse her, og det er grunnen til at Toscana kan sies \u00e5 v\u00e6re et sentrum for europeisk kulturell utvikling under renessansen.<\/p>\n\n\n\n<figure class=\"wp-block-image size-large\"><img loading=\"lazy\" decoding=\"async\" width=\"925\" height=\"1024\" src=\"https:\/\/inzain.bike\/wp-content\/uploads\/2023\/11\/1920px-Map_of_region_of_Tuscany_Italy_with_provinces-it.svg_-925x1024.png\" alt=\"\" class=\"wp-image-5598\" srcset=\"https:\/\/inzain.bike\/wp-content\/uploads\/2023\/11\/1920px-Map_of_region_of_Tuscany_Italy_with_provinces-it.svg_-925x1024.png 925w, https:\/\/inzain.bike\/wp-content\/uploads\/2023\/11\/1920px-Map_of_region_of_Tuscany_Italy_with_provinces-it.svg_-271x300.png 271w, https:\/\/inzain.bike\/wp-content\/uploads\/2023\/11\/1920px-Map_of_region_of_Tuscany_Italy_with_provinces-it.svg_-768x850.png 768w, https:\/\/inzain.bike\/wp-content\/uploads\/2023\/11\/1920px-Map_of_region_of_Tuscany_Italy_with_provinces-it.svg_-1388x1536.png 1388w, https:\/\/inzain.bike\/wp-content\/uploads\/2023\/11\/1920px-Map_of_region_of_Tuscany_Italy_with_provinces-it.svg_-1850x2048.png 1850w, https:\/\/inzain.bike\/wp-content\/uploads\/2023\/11\/1920px-Map_of_region_of_Tuscany_Italy_with_provinces-it.svg_-11x12.png 11w, https:\/\/inzain.bike\/wp-content\/uploads\/2023\/11\/1920px-Map_of_region_of_Tuscany_Italy_with_provinces-it.svg_-1320x1461.png 1320w, https:\/\/inzain.bike\/wp-content\/uploads\/2023\/11\/1920px-Map_of_region_of_Tuscany_Italy_with_provinces-it.svg_-600x664.png 600w, https:\/\/inzain.bike\/wp-content\/uploads\/2023\/11\/1920px-Map_of_region_of_Tuscany_Italy_with_provinces-it.svg_.png 1920w\" sizes=\"auto, (max-width: 925px) 100vw, 925px\" \/><\/figure>\n\n\n\n<p>Toscana har alt vi anser som synonymt med Italia: et gr\u00f8nt b\u00f8lgende landskap med sypresser, fantastiske middelalderbyer, gamle slott (hvorav mange n\u00e5 er omgjort til hoteller), marmorpyntede klostre, vin i verdensklasse og fantastisk mat \u2013 tenk bare p\u00e5 nydelig&nbsp;<em>bistecca fiorentina<\/em>, b\u00f8nnegryter, pasta og&nbsp;<em>panfort<\/em>. I tillegg er det flere interessante kirker og klostre, hvor du kan beundre fresker og mosaikker fra renessansen. <\/p>\n\n\n\n<p><strong>Siena<\/strong><\/p>\n\n\n\n<figure class=\"wp-block-image size-large\"><img loading=\"lazy\" decoding=\"async\" width=\"1024\" height=\"564\" src=\"https:\/\/inzain.bike\/wp-content\/uploads\/2023\/11\/20210311182031-enit-siena-1-1024x564.png\" alt=\"\" class=\"wp-image-5615\" srcset=\"https:\/\/inzain.bike\/wp-content\/uploads\/2023\/11\/20210311182031-enit-siena-1-1024x564.png 1024w, https:\/\/inzain.bike\/wp-content\/uploads\/2023\/11\/20210311182031-enit-siena-1-300x165.png 300w, https:\/\/inzain.bike\/wp-content\/uploads\/2023\/11\/20210311182031-enit-siena-1-768x423.png 768w, https:\/\/inzain.bike\/wp-content\/uploads\/2023\/11\/20210311182031-enit-siena-1-1536x847.png 1536w, https:\/\/inzain.bike\/wp-content\/uploads\/2023\/11\/20210311182031-enit-siena-1-18x10.png 18w, https:\/\/inzain.bike\/wp-content\/uploads\/2023\/11\/20210311182031-enit-siena-1-1320x728.png 1320w, https:\/\/inzain.bike\/wp-content\/uploads\/2023\/11\/20210311182031-enit-siena-1-600x331.png 600w, https:\/\/inzain.bike\/wp-content\/uploads\/2023\/11\/20210311182031-enit-siena-1.png 1600w\" sizes=\"auto, (max-width: 1024px) 100vw, 1024px\" \/><\/figure>\n\n\n\n<p>Byen var en gang en selvstendig republikk og i senere middelalder hadde byen flere innbyggere enn Paris. I dag har byen fortsatt en middelalderatmosf\u00e6re, og det er praktisk talt ingen trafikk her, noe som betyr at du kan bo i et feriehus litt utenfor byen og deretter ta turen inn til sentrum for \u00e5 rusle rundt i de koselige sm\u00e5 gatene som strekker seg fra vakre Piazza del Campo. Det er to ting du absolutt m\u00e5 se i byen: den ene er den fantastiske sebrastripete katedralen fra 1200-tallet med alle dens marmorhvelv. I tillegg m\u00e5 du ogs\u00e5 oppleve Palazzo Publico, byens r\u00e5dhus som ligger p\u00e5 det sentrale torget, hvor det ogs\u00e5 er et museum hvor du kan se Lorenzettis ber\u00f8mte verk&nbsp;<em>Det gode brettet<\/em>. Du kan ogs\u00e5 g\u00e5 opp de 503 trappetrinnene til Mangia-t\u00e5rnet, hvor du kan nyte den praktfulle utsikten over Piazza del Campo.<\/p>\n\n\n\n<p><strong>Val d&#039;Orcia<\/strong><\/p>\n\n\n\n<p>Dalen er omgitt av et b\u00f8lgende landskap med leirjord, som gir et spennende utseende, som skifter i gr\u00f8nt, gult eller brunt, alt avhengig av \u00e5rstid. Bare et enkelt tre eller et lite steinhus bryter bildet. Mange av disse steinhusene er bygget p\u00e5 toppen av en h\u00f8yde, hvor utsikten er best, og f\u00f8rsteplassen for den beste utsikten g\u00e5r til restauranten La Bandita. Du kan ta mange gode bilder her, men v\u00e6r forberedt p\u00e5 at det blir veldig varmt og st\u00f8vete i sommerm\u00e5nedene.<\/p>\n\n\n\n<p><strong>Montalcino <\/strong><\/p>\n\n\n\n<p>Montalcino var lenge Sienesernes siste utpost mot romerne og Montalcino med sin festning har t\u00e5lt mange kriger.<\/p>\n\n\n\n<p>Montalcino med omliggende kommune er hjemmet til vinen, og DOCG-betegnelsen Brunello di Montalcino. I tillegg til Brunello di Montalcino lages ogs\u00e5 Rosso di Montalcino og Moscadello di Montalcino. Rosso lages vanligvis p\u00e5 lignende m\u00e5te som en Brunello-vin, men druene kommer fra yngre vinstokker og lagringen av vinen er kortere, noe som ogs\u00e5 betyr at vinen ikke kan lagres like lenge som en Brunello.<\/p>\n\n\n\n<figure class=\"wp-block-image alignright size-large\"><img loading=\"lazy\" decoding=\"async\" width=\"1024\" height=\"576\" src=\"https:\/\/inzain.bike\/wp-content\/uploads\/2023\/11\/rosso-di-montalcino-3774-1-3-1024x576.png\" alt=\"\" class=\"wp-image-5616\" srcset=\"https:\/\/inzain.bike\/wp-content\/uploads\/2023\/11\/rosso-di-montalcino-3774-1-3-1024x576.png 1024w, https:\/\/inzain.bike\/wp-content\/uploads\/2023\/11\/rosso-di-montalcino-3774-1-3-300x169.png 300w, https:\/\/inzain.bike\/wp-content\/uploads\/2023\/11\/rosso-di-montalcino-3774-1-3-768x432.png 768w, https:\/\/inzain.bike\/wp-content\/uploads\/2023\/11\/rosso-di-montalcino-3774-1-3-1536x863.png 1536w, https:\/\/inzain.bike\/wp-content\/uploads\/2023\/11\/rosso-di-montalcino-3774-1-3-2048x1151.png 2048w, https:\/\/inzain.bike\/wp-content\/uploads\/2023\/11\/rosso-di-montalcino-3774-1-3-18x10.png 18w, https:\/\/inzain.bike\/wp-content\/uploads\/2023\/11\/rosso-di-montalcino-3774-1-3-1320x742.png 1320w, https:\/\/inzain.bike\/wp-content\/uploads\/2023\/11\/rosso-di-montalcino-3774-1-3-600x337.png 600w\" sizes=\"auto, (max-width: 1024px) 100vw, 1024px\" \/><\/figure>\n\n\n\n<p><strong>Pienza<\/strong><\/p>\n\n\n\n<p>Denne lille landsbyen er s\u00e5 liten at du kan g\u00e5 gjennom den p\u00e5 fem minutter - men det er s\u00e5 mye kunst og arkitektur i byen at du kan bli en hel dag. Byen ble grunnlagt, eller kanskje snarere gjenoppdaget, av Aenas Piccolomini, som senere ble bedre kjent som pave Pius II. Han s\u00e5 for seg byen som et utopisk feriested p\u00e5 landet som ville fungere som en modellby for alle andre byer i Toscana \u2013 men han fullf\u00f8rte aldri prosjektet. Men du kan se flere bygninger fra 1400- og 1500-tallet, inkludert flere palasser, en katedral og et museum. Det er ogs\u00e5 flere gode restauranter her, f.eks. Falco og Latte di Luna.<\/p>\n\n\n\n<figure class=\"wp-block-image size-large\"><img loading=\"lazy\" decoding=\"async\" width=\"1024\" height=\"405\" src=\"https:\/\/inzain.bike\/wp-content\/uploads\/2023\/11\/pienza-view-1024x405.jpg\" alt=\"\" class=\"wp-image-5617\" srcset=\"https:\/\/inzain.bike\/wp-content\/uploads\/2023\/11\/pienza-view-1024x405.jpg 1024w, https:\/\/inzain.bike\/wp-content\/uploads\/2023\/11\/pienza-view-300x119.jpg 300w, https:\/\/inzain.bike\/wp-content\/uploads\/2023\/11\/pienza-view-768x304.jpg 768w, https:\/\/inzain.bike\/wp-content\/uploads\/2023\/11\/pienza-view-18x7.jpg 18w, https:\/\/inzain.bike\/wp-content\/uploads\/2023\/11\/pienza-view-1320x523.jpg 1320w, https:\/\/inzain.bike\/wp-content\/uploads\/2023\/11\/pienza-view-600x238.jpg 600w, https:\/\/inzain.bike\/wp-content\/uploads\/2023\/11\/pienza-view.jpg 1440w\" sizes=\"auto, (max-width: 1024px) 100vw, 1024px\" \/><\/figure>\n\n\n\n<p>Etter vinsmakingen kan du krysse gaten til kafeen fra 1800-tallet,&nbsp;<em>Fiaschetteria Italiana<\/em>, som er et fantastisk sted \u00e5 sitte og se p\u00e5 forbipasserende. Litt utenfor byen kan du nyte den fantastiske naturen, og bes\u00f8ke det vakre kremfargede klosteret Sant&#039;Antimo. Herfra kan du ta en halvdagstur til Bagno Vignoni, gjennom Orcia-juvet, hvor du finner en vakker dal med en elv og noen middelalderslott. Du b\u00f8r imidlertid huske et kompass, et kart eller en veldig god lokalsans.<\/p>\n\n\n\n<p><br><br>Bagno Vignoni er et av de stedene i Toscana som er ganske popul\u00e6rt til tross for sin sv\u00e6rt lille st\u00f8rrelse. Hvorfor? Fordi det er fortryllende og sjarmerende ... og det har varme kilder! Legg til et stopp her for ogs\u00e5 \u00e5 nyte den fantastiske utsikten over Val d&#039;Orcia rundt den lille byen, inkludert Rocca di Tentennano i Castiglione d&#039;Orcia i det fjerne. Bagno Vignoni er veldig unik: ingen andre steder i Italia finner du det sentrale torget med et basseng fylt med varme kilder. 49 meter lang og 29 meter bred, er renessansepiazzaen bygget rett over den opprinnelige kilden til varme kilder som romerne nyter godt av.<\/p>\n\n\n\n<figure class=\"wp-block-image size-large\"><img decoding=\"async\" src=\"https:\/\/inzain.bike\/wp-content\/uploads\/2023\/11\/20231012_104114-768x1024.jpg\" alt=\"\" class=\"wp-image-5603\"\/><\/figure>\n\n\n\n<figure class=\"wp-block-image size-large\"><img loading=\"lazy\" decoding=\"async\" width=\"1024\" height=\"768\" src=\"https:\/\/inzain.bike\/wp-content\/uploads\/2023\/11\/20231012_111648-1024x768.jpg\" alt=\"\" class=\"wp-image-5604\" srcset=\"https:\/\/inzain.bike\/wp-content\/uploads\/2023\/11\/20231012_111648-1024x768.jpg 1024w, https:\/\/inzain.bike\/wp-content\/uploads\/2023\/11\/20231012_111648-300x225.jpg 300w, https:\/\/inzain.bike\/wp-content\/uploads\/2023\/11\/20231012_111648-768x576.jpg 768w, https:\/\/inzain.bike\/wp-content\/uploads\/2023\/11\/20231012_111648-1536x1152.jpg 1536w, https:\/\/inzain.bike\/wp-content\/uploads\/2023\/11\/20231012_111648-2048x1536.jpg 2048w, https:\/\/inzain.bike\/wp-content\/uploads\/2023\/11\/20231012_111648-16x12.jpg 16w, https:\/\/inzain.bike\/wp-content\/uploads\/2023\/11\/20231012_111648-1320x990.jpg 1320w, https:\/\/inzain.bike\/wp-content\/uploads\/2023\/11\/20231012_111648-600x450.jpg 600w\" sizes=\"auto, (max-width: 1024px) 100vw, 1024px\" \/><\/figure>\n<\/div>\n<\/div>\n\n\n\n<p><\/p>","protected":false},"excerpt":{"rendered":"<p>Toscana r\u00e4knas av m\u00e5nga som ett av de vackraste landskapen i Italien. Det toskanska k\u00f6ket \u00e4r k\u00e4nt \u00f6ver hela v\u00e4rlden, liksom regionens fina viner fr\u00e5n distrikten Chianti, Morellino di Scansano och Brunello di Montalcino. Ett j\u00e4mf\u00f6relsevis stort antal av Italiens ren\u00e4ssanskonstn\u00e4rer och f\u00f6rfattare h\u00e4rstammar h\u00e4rifr\u00e5n, varf\u00f6r Toscana kan s\u00e4gas vara ett centrum f\u00f6r den europeiska [&hellip;]<\/p>\n","protected":false},"author":135133094,"featured_media":0,"parent":0,"menu_order":0,"comment_status":"closed","ping_status":"closed","template":"","meta":{"_coblocks_attr":"Roboto","_coblocks_dimensions":"","_coblocks_responsive_height":"","_coblocks_accordion_ie_support":"","footnotes":""},"class_list":["post-5595","page","type-page","status-publish","hentry"],"yoast_head":"<!-- This site is optimized with the Yoast SEO plugin v27.2 - https:\/\/yoast.com\/product\/yoast-seo-wordpress\/ -->\n<title>Om Toscana - INZAIN Cycling EXPERIENCES<\/title>\n<meta name=\"robots\" content=\"index, follow, max-snippet:-1, max-image-preview:large, max-video-preview:-1\" \/>\n<link rel=\"canonical\" href=\"https:\/\/inzain.bike\/nb\/om-toscana\/\" \/>\n<meta property=\"og:locale\" content=\"nb_NO\" \/>\n<meta property=\"og:type\" content=\"article\" \/>\n<meta property=\"og:title\" content=\"Om Toscana - INZAIN Cycling EXPERIENCES\" \/>\n<meta property=\"og:description\" content=\"Toscana r\u00e4knas av m\u00e5nga som ett av de vackraste landskapen i Italien. Det toskanska k\u00f6ket \u00e4r k\u00e4nt \u00f6ver hela v\u00e4rlden, liksom regionens fina viner fr\u00e5n distrikten Chianti, Morellino di Scansano och Brunello di Montalcino. Ett j\u00e4mf\u00f6relsevis stort antal av Italiens ren\u00e4ssanskonstn\u00e4rer och f\u00f6rfattare h\u00e4rstammar h\u00e4rifr\u00e5n, varf\u00f6r Toscana kan s\u00e4gas vara ett centrum f\u00f6r den europeiska [&hellip;]\" \/>\n<meta property=\"og:url\" content=\"https:\/\/inzain.bike\/nb\/om-toscana\/\" \/>\n<meta property=\"og:site_name\" content=\"INZAIN Cycling EXPERIENCES\" \/>\n<meta property=\"article:publisher\" content=\"https:\/\/www.facebook.com\/Inzain.bike\" \/>\n<meta property=\"article:modified_time\" content=\"2023-11-25T18:17:41+00:00\" \/>\n<meta property=\"og:image\" content=\"https:\/\/inzain.bike\/wp-content\/uploads\/2023\/11\/1920px-Map_of_region_of_Tuscany_Italy_with_provinces-it.svg_-925x1024.png\" \/>\n<meta name=\"twitter:card\" content=\"summary_large_image\" \/>\n<meta name=\"twitter:label1\" content=\"Ansl. lesetid\" \/>\n\t<meta name=\"twitter:data1\" content=\"5 minutter\" \/>\n<script type=\"application\/ld+json\" class=\"yoast-schema-graph\">{\"@context\":\"https:\/\/schema.org\",\"@graph\":[{\"@type\":\"WebPage\",\"@id\":\"https:\/\/inzain.bike\/fr_be\/om-toscana\/\",\"url\":\"https:\/\/inzain.bike\/fr_be\/om-toscana\/\",\"name\":\"Om Toscana - INZAIN Cycling EXPERIENCES\",\"isPartOf\":{\"@id\":\"https:\/\/inzain.bike\/fr_be\/#website\"},\"primaryImageOfPage\":{\"@id\":\"https:\/\/inzain.bike\/fr_be\/om-toscana\/#primaryimage\"},\"image\":{\"@id\":\"https:\/\/inzain.bike\/fr_be\/om-toscana\/#primaryimage\"},\"thumbnailUrl\":\"https:\/\/inzain.bike\/wp-content\/uploads\/2023\/11\/1920px-Map_of_region_of_Tuscany_Italy_with_provinces-it.svg_-925x1024.png\",\"datePublished\":\"2023-11-20T15:01:33+00:00\",\"dateModified\":\"2023-11-25T18:17:41+00:00\",\"breadcrumb\":{\"@id\":\"https:\/\/inzain.bike\/fr_be\/om-toscana\/#breadcrumb\"},\"inLanguage\":\"nb-NO\",\"potentialAction\":[{\"@type\":\"ReadAction\",\"target\":[\"https:\/\/inzain.bike\/fr_be\/om-toscana\/\"]}]},{\"@type\":\"ImageObject\",\"inLanguage\":\"nb-NO\",\"@id\":\"https:\/\/inzain.bike\/fr_be\/om-toscana\/#primaryimage\",\"url\":\"https:\/\/inzain.bike\/wp-content\/uploads\/2023\/11\/1920px-Map_of_region_of_Tuscany_Italy_with_provinces-it.svg_-925x1024.png\",\"contentUrl\":\"https:\/\/inzain.bike\/wp-content\/uploads\/2023\/11\/1920px-Map_of_region_of_Tuscany_Italy_with_provinces-it.svg_-925x1024.png\"},{\"@type\":\"BreadcrumbList\",\"@id\":\"https:\/\/inzain.bike\/fr_be\/om-toscana\/#breadcrumb\",\"itemListElement\":[{\"@type\":\"ListItem\",\"position\":1,\"name\":\"Hem\",\"item\":\"https:\/\/inzain.bike\/fr_be\/\"},{\"@type\":\"ListItem\",\"position\":2,\"name\":\"Om Toscana\"}]},{\"@type\":\"WebSite\",\"@id\":\"https:\/\/inzain.bike\/fr_be\/#website\",\"url\":\"https:\/\/inzain.bike\/fr_be\/\",\"name\":\"INZAIN Cycling EXPERIENCES\",\"description\":\"Cyckling Adventures  - for everyone\",\"publisher\":{\"@id\":\"https:\/\/inzain.bike\/fr_be\/#organization\"},\"alternateName\":\"INZAIN Gravel & Travel\",\"potentialAction\":[{\"@type\":\"SearchAction\",\"target\":{\"@type\":\"EntryPoint\",\"urlTemplate\":\"https:\/\/inzain.bike\/fr_be\/?s={search_term_string}\"},\"query-input\":{\"@type\":\"PropertyValueSpecification\",\"valueRequired\":true,\"valueName\":\"search_term_string\"}}],\"inLanguage\":\"nb-NO\"},{\"@type\":\"Organization\",\"@id\":\"https:\/\/inzain.bike\/fr_be\/#organization\",\"name\":\"INZAIN Cycling EXPERIENCES\",\"url\":\"https:\/\/inzain.bike\/fr_be\/\",\"logo\":{\"@type\":\"ImageObject\",\"inLanguage\":\"nb-NO\",\"@id\":\"https:\/\/inzain.bike\/fr_be\/#\/schema\/logo\/image\/\",\"url\":\"https:\/\/i0.wp.com\/inzain.bike\/wp-content\/uploads\/2023\/09\/cropped-INZAIN_512x512_white.png?fit=512%2C512&ssl=1\",\"contentUrl\":\"https:\/\/i0.wp.com\/inzain.bike\/wp-content\/uploads\/2023\/09\/cropped-INZAIN_512x512_white.png?fit=512%2C512&ssl=1\",\"width\":512,\"height\":512,\"caption\":\"INZAIN Cycling EXPERIENCES\"},\"image\":{\"@id\":\"https:\/\/inzain.bike\/fr_be\/#\/schema\/logo\/image\/\"},\"sameAs\":[\"https:\/\/www.facebook.com\/Inzain.bike\",\"https:\/\/www.instagram.com\/inzainbike\"]}]}<\/script>\n<!-- \/ Yoast SEO plugin. -->","yoast_head_json":{"title":"Om Toscana - INZAIN Sykkelopplevelser","robots":{"index":"index","follow":"follow","max-snippet":"max-snippet:-1","max-image-preview":"max-image-preview:large","max-video-preview":"max-video-preview:-1"},"canonical":"https:\/\/inzain.bike\/nb\/om-toscana\/","og_locale":"nb_NO","og_type":"article","og_title":"Om Toscana - INZAIN Cycling EXPERIENCES","og_description":"Toscana r\u00e4knas av m\u00e5nga som ett av de vackraste landskapen i Italien. Det toskanska k\u00f6ket \u00e4r k\u00e4nt \u00f6ver hela v\u00e4rlden, liksom regionens fina viner fr\u00e5n distrikten Chianti, Morellino di Scansano och Brunello di Montalcino. Ett j\u00e4mf\u00f6relsevis stort antal av Italiens ren\u00e4ssanskonstn\u00e4rer och f\u00f6rfattare h\u00e4rstammar h\u00e4rifr\u00e5n, varf\u00f6r Toscana kan s\u00e4gas vara ett centrum f\u00f6r den europeiska [&hellip;]","og_url":"https:\/\/inzain.bike\/nb\/om-toscana\/","og_site_name":"INZAIN Cycling EXPERIENCES","article_publisher":"https:\/\/www.facebook.com\/Inzain.bike","article_modified_time":"2023-11-25T18:17:41+00:00","og_image":[{"url":"https:\/\/inzain.bike\/wp-content\/uploads\/2023\/11\/1920px-Map_of_region_of_Tuscany_Italy_with_provinces-it.svg_-925x1024.png","type":"","width":"","height":""}],"twitter_card":"summary_large_image","twitter_misc":{"Ansl. lesetid":"5 minutter"},"schema":{"@context":"https:\/\/schema.org","@graph":[{"@type":"WebPage","@id":"https:\/\/inzain.bike\/fr_be\/om-toscana\/","url":"https:\/\/inzain.bike\/fr_be\/om-toscana\/","name":"Om Toscana - INZAIN Sykkelopplevelser","isPartOf":{"@id":"https:\/\/inzain.bike\/fr_be\/#website"},"primaryImageOfPage":{"@id":"https:\/\/inzain.bike\/fr_be\/om-toscana\/#primaryimage"},"image":{"@id":"https:\/\/inzain.bike\/fr_be\/om-toscana\/#primaryimage"},"thumbnailUrl":"https:\/\/inzain.bike\/wp-content\/uploads\/2023\/11\/1920px-Map_of_region_of_Tuscany_Italy_with_provinces-it.svg_-925x1024.png","datePublished":"2023-11-20T15:01:33+00:00","dateModified":"2023-11-25T18:17:41+00:00","breadcrumb":{"@id":"https:\/\/inzain.bike\/fr_be\/om-toscana\/#breadcrumb"},"inLanguage":"nb-NO","potentialAction":[{"@type":"ReadAction","target":["https:\/\/inzain.bike\/fr_be\/om-toscana\/"]}]},{"@type":"ImageObject","inLanguage":"nb-NO","@id":"https:\/\/inzain.bike\/fr_be\/om-toscana\/#primaryimage","url":"https:\/\/inzain.bike\/wp-content\/uploads\/2023\/11\/1920px-Map_of_region_of_Tuscany_Italy_with_provinces-it.svg_-925x1024.png","contentUrl":"https:\/\/inzain.bike\/wp-content\/uploads\/2023\/11\/1920px-Map_of_region_of_Tuscany_Italy_with_provinces-it.svg_-925x1024.png"},{"@type":"BreadcrumbList","@id":"https:\/\/inzain.bike\/fr_be\/om-toscana\/#breadcrumb","itemListElement":[{"@type":"ListItem","position":1,"name":"Hem","item":"https:\/\/inzain.bike\/fr_be\/"},{"@type":"ListItem","position":2,"name":"Om Toscana"}]},{"@type":"WebSite","@id":"https:\/\/inzain.bike\/fr_be\/#website","url":"https:\/\/inzain.bike\/fr_be\/","name":"INZAIN SYKKELOPPLEVELSER","description":"Sykkeleventyr - for alle","publisher":{"@id":"https:\/\/inzain.bike\/fr_be\/#organization"},"alternateName":"INZAIN Gravel & Travel","potentialAction":[{"@type":"SearchAction","target":{"@type":"EntryPoint","urlTemplate":"https:\/\/inzain.bike\/fr_be\/?s={search_term_string}"},"query-input":{"@type":"PropertyValueSpecification","valueRequired":true,"valueName":"search_term_string"}}],"inLanguage":"nb-NO"},{"@type":"Organization","@id":"https:\/\/inzain.bike\/fr_be\/#organization","name":"INZAIN SYKKELOPPLEVELSER","url":"https:\/\/inzain.bike\/fr_be\/","logo":{"@type":"ImageObject","inLanguage":"nb-NO","@id":"https:\/\/inzain.bike\/fr_be\/#\/schema\/logo\/image\/","url":"https:\/\/i0.wp.com\/inzain.bike\/wp-content\/uploads\/2023\/09\/cropped-INZAIN_512x512_white.png?fit=512%2C512&ssl=1","contentUrl":"https:\/\/i0.wp.com\/inzain.bike\/wp-content\/uploads\/2023\/09\/cropped-INZAIN_512x512_white.png?fit=512%2C512&ssl=1","width":512,"height":512,"caption":"INZAIN Cycling EXPERIENCES"},"image":{"@id":"https:\/\/inzain.bike\/fr_be\/#\/schema\/logo\/image\/"},"sameAs":["https:\/\/www.facebook.com\/Inzain.bike","https:\/\/www.instagram.com\/inzainbike"]}]}},"amp_enabled":true,"_links":{"self":[{"href":"https:\/\/inzain.bike\/nb\/wp-json\/wp\/v2\/pages\/5595","targetHints":{"allow":["GET"]}}],"collection":[{"href":"https:\/\/inzain.bike\/nb\/wp-json\/wp\/v2\/pages"}],"about":[{"href":"https:\/\/inzain.bike\/nb\/wp-json\/wp\/v2\/types\/page"}],"author":[{"embeddable":true,"href":"https:\/\/inzain.bike\/nb\/wp-json\/wp\/v2\/users\/135133094"}],"replies":[{"embeddable":true,"href":"https:\/\/inzain.bike\/nb\/wp-json\/wp\/v2\/comments?post=5595"}],"version-history":[{"count":0,"href":"https:\/\/inzain.bike\/nb\/wp-json\/wp\/v2\/pages\/5595\/revisions"}],"wp:attachment":[{"href":"https:\/\/inzain.bike\/nb\/wp-json\/wp\/v2\/media?parent=5595"}],"curies":[{"name":"wp","href":"https:\/\/api.w.org\/{rel}","templated":true}]}}