{"id":5657,"date":"2023-11-21T14:16:07","date_gmt":"2023-11-21T13:16:07","guid":{"rendered":"https:\/\/inzain.bike\/?page_id=5657"},"modified":"2025-04-09T12:17:50","modified_gmt":"2025-04-09T10:17:50","slug":"got-cykling","status":"publish","type":"page","link":"https:\/\/inzain.bike\/nb\/got-cykling\/","title":{"rendered":"Gotland Cycling"},"content":{"rendered":"<div class=\"wp-block-columns alignwide is-layout-flex wp-container-core-columns-is-layout-28f84493 wp-block-columns-is-layout-flex\">\n<div class=\"wp-block-column is-layout-flow wp-block-column-is-layout-flow\">\n<p>Syklingen p\u00e5 Gotland er i verdensklasse. Vi sykler p\u00e5 milelange strender, m\u00f8ter vandrende sanddyner og hjulspor. Havet er alltid n\u00e6rt og overflaten er variert. Det eneste Gotland mangler er bakker, det er stort sett flatt og fint. Det er s\u00e5 mye \u00e5 fortelle, men kanskje bildene taler for seg selv?<\/p>\n<\/div>\n\n\n\n<div class=\"wp-block-column is-layout-flow wp-block-column-is-layout-flow\">\n<figure class=\"wp-block-image size-large\"><img loading=\"lazy\" decoding=\"async\" width=\"1024\" height=\"730\" src=\"https:\/\/inzain.bike\/wp-content\/uploads\/2023\/07\/20220704_135311-1024x730.jpg\" alt=\"\" class=\"wp-image-3096\" srcset=\"https:\/\/inzain.bike\/wp-content\/uploads\/2023\/07\/20220704_135311-1024x730.jpg 1024w, https:\/\/inzain.bike\/wp-content\/uploads\/2023\/07\/20220704_135311-300x214.jpg 300w, https:\/\/inzain.bike\/wp-content\/uploads\/2023\/07\/20220704_135311-768x547.jpg 768w, https:\/\/inzain.bike\/wp-content\/uploads\/2023\/07\/20220704_135311-1536x1095.jpg 1536w, https:\/\/inzain.bike\/wp-content\/uploads\/2023\/07\/20220704_135311-2048x1460.jpg 2048w, https:\/\/inzain.bike\/wp-content\/uploads\/2023\/07\/20220704_135311-18x12.jpg 18w, https:\/\/inzain.bike\/wp-content\/uploads\/2023\/07\/20220704_135311-1320x941.jpg 1320w, https:\/\/inzain.bike\/wp-content\/uploads\/2023\/07\/20220704_135311-600x428.jpg 600w\" sizes=\"auto, (max-width: 1024px) 100vw, 1024px\" \/><\/figure>\n<\/div>\n<\/div>\n\n\n\n<div class=\"wp-block-columns alignwide is-layout-flex wp-container-core-columns-is-layout-28f84493 wp-block-columns-is-layout-flex\">\n<div class=\"wp-block-column is-layout-flow wp-block-column-is-layout-flow\">\n<p>En film fra sommeren 2022<\/p>\n\n\n\n<figure class=\"wp-block-embed is-type-video is-provider-youtube wp-block-embed-youtube wp-embed-aspect-16-9 wp-has-aspect-ratio\"><div class=\"wp-block-embed__wrapper\">\n<iframe loading=\"lazy\" title=\"Aur - Grus p\u00e5 Gotland\" width=\"500\" height=\"281\" src=\"https:\/\/www.youtube.com\/embed\/bQXb2qv04qE?feature=oembed\" frameborder=\"0\" allow=\"accelerometer; autoplay; clipboard-write; encrypted-media; gyroscope; picture-in-picture; web-share\" referrerpolicy=\"strict-origin-when-cross-origin\" allowfullscreen><\/iframe>\n<\/div><\/figure>\n<\/div>\n\n\n\n<div class=\"wp-block-column is-layout-flow wp-block-column-is-layout-flow\">\n<p>En film fra h\u00f8sten 2023<\/p>\n\n\n\n<figure class=\"wp-block-embed is-type-video is-provider-youtube wp-block-embed-youtube wp-embed-aspect-16-9 wp-has-aspect-ratio\"><div class=\"wp-block-embed__wrapper\">\n<iframe loading=\"lazy\" title=\"Gotland Grusleir 2023\" width=\"500\" height=\"281\" src=\"https:\/\/www.youtube.com\/embed\/hJ_jh6QuyT0?feature=oembed\" frameborder=\"0\" allow=\"accelerometer; autoplay; clipboard-write; encrypted-media; gyroscope; picture-in-picture; web-share\" referrerpolicy=\"strict-origin-when-cross-origin\" allowfullscreen><\/iframe>\n<\/div><\/figure>\n<\/div>\n<\/div>\n\n\n\n<div style=\"height:130px\" aria-hidden=\"true\" class=\"wp-block-spacer\"><\/div>\n\n\n\n<div class=\"wp-block-columns alignwide is-layout-flex wp-container-core-columns-is-layout-28f84493 wp-block-columns-is-layout-flex\">\n<div class=\"wp-block-column is-layout-flow wp-block-column-is-layout-flow\">\n<p><strong>Torsdag<\/strong><\/p>\n\n\n\n<p>Ankomst Gotland Vi drar til overnattingsstedet v\u00e5rt og sjekker inn.<br><strong>fredag<\/strong><\/p>\n\n\n\n<p>Vi sykler F\u00e5r\u00f6. Avreise etter frokost, vi sykler det beste p\u00e5 \u00f8ya, spiser lunsj og returnerer til Roma for middag. Her kan du velge \u00e5 sykle p\u00e5 den fantastiske stranden Norsta Auret eller via andre ruter.<\/p>\n\n\n\n<p><strong>l\u00f8rdag<\/strong><br>Nord-Gotland med Asund, Furliden og Stenstrand, for \u00e5 nevne noen.<\/p>\n\n\n\n<p><strong>s\u00f8ndag<\/strong><br>Vi sykler Sudret med Holmsh\u00e4llar, Hoburgen og vakre strender f\u00f8r vi tar turen til Visby for hjemreisen.<\/p>\n<\/div>\n<\/div>","protected":false},"excerpt":{"rendered":"<p>Cyklingen p\u00e5 Gotland \u00e4r av v\u00e4rldsklass. Vi cyklar p\u00e5 milsvida str\u00e4nder, m\u00f6ter vandrande sandh\u00f6gar och raukar. Havet \u00e4r st\u00e4ndigt n\u00e4ra och underlaget omv\u00e4xlande. Det enda Gotland saknar \u00e4r backar, det \u00e4r f\u00f6r det mesta platt och sk\u00f6nt. Det finns s\u00e5 mycket att ber\u00e4tta men kanske bilderna talar f\u00f6r sig sj\u00e4lva? En film fr\u00e5n sommaren 2022 [&hellip;]<\/p>\n","protected":false},"author":135133094,"featured_media":0,"parent":0,"menu_order":0,"comment_status":"closed","ping_status":"closed","template":"","meta":{"_coblocks_attr":"","_coblocks_dimensions":"","_coblocks_responsive_height":"","_coblocks_accordion_ie_support":"","footnotes":""},"class_list":["post-5657","page","type-page","status-publish","hentry"],"yoast_head":"<!-- This site is optimized with the Yoast SEO plugin v27.2 - https:\/\/yoast.com\/product\/yoast-seo-wordpress\/ -->\n<title>Gotland Cykling - INZAIN Cycling EXPERIENCES<\/title>\n<meta name=\"robots\" content=\"index, follow, max-snippet:-1, max-image-preview:large, max-video-preview:-1\" \/>\n<link rel=\"canonical\" href=\"https:\/\/inzain.bike\/nb\/got-cykling\/\" \/>\n<meta property=\"og:locale\" content=\"nb_NO\" \/>\n<meta property=\"og:type\" content=\"article\" \/>\n<meta property=\"og:title\" content=\"Gotland Cykling - INZAIN Cycling EXPERIENCES\" \/>\n<meta property=\"og:description\" content=\"Cyklingen p\u00e5 Gotland \u00e4r av v\u00e4rldsklass. Vi cyklar p\u00e5 milsvida str\u00e4nder, m\u00f6ter vandrande sandh\u00f6gar och raukar. Havet \u00e4r st\u00e4ndigt n\u00e4ra och underlaget omv\u00e4xlande. Det enda Gotland saknar \u00e4r backar, det \u00e4r f\u00f6r det mesta platt och sk\u00f6nt. Det finns s\u00e5 mycket att ber\u00e4tta men kanske bilderna talar f\u00f6r sig sj\u00e4lva? En film fr\u00e5n sommaren 2022 [&hellip;]\" \/>\n<meta property=\"og:url\" content=\"https:\/\/inzain.bike\/nb\/got-cykling\/\" \/>\n<meta property=\"og:site_name\" content=\"INZAIN Cycling EXPERIENCES\" \/>\n<meta property=\"article:publisher\" content=\"https:\/\/www.facebook.com\/Inzain.bike\" \/>\n<meta property=\"article:modified_time\" content=\"2025-04-09T10:17:50+00:00\" \/>\n<meta property=\"og:image\" content=\"https:\/\/inzain.bike\/wp-content\/uploads\/2023\/07\/20220704_135311-1024x730.jpg\" \/>\n<meta name=\"twitter:card\" content=\"summary_large_image\" \/>\n<meta name=\"twitter:label1\" content=\"Ansl. lesetid\" \/>\n\t<meta name=\"twitter:data1\" content=\"1 minutt\" \/>\n<script type=\"application\/ld+json\" class=\"yoast-schema-graph\">{\"@context\":\"https:\/\/schema.org\",\"@graph\":[{\"@type\":\"WebPage\",\"@id\":\"https:\/\/inzain.bike\/de\/got-cykling\/\",\"url\":\"https:\/\/inzain.bike\/de\/got-cykling\/\",\"name\":\"Gotland Cykling - INZAIN Cycling EXPERIENCES\",\"isPartOf\":{\"@id\":\"https:\/\/inzain.bike\/fr_be\/#website\"},\"primaryImageOfPage\":{\"@id\":\"https:\/\/inzain.bike\/de\/got-cykling\/#primaryimage\"},\"image\":{\"@id\":\"https:\/\/inzain.bike\/de\/got-cykling\/#primaryimage\"},\"thumbnailUrl\":\"https:\/\/inzain.bike\/wp-content\/uploads\/2023\/07\/20220704_135311-1024x730.jpg\",\"datePublished\":\"2023-11-21T13:16:07+00:00\",\"dateModified\":\"2025-04-09T10:17:50+00:00\",\"breadcrumb\":{\"@id\":\"https:\/\/inzain.bike\/de\/got-cykling\/#breadcrumb\"},\"inLanguage\":\"nb-NO\",\"potentialAction\":[{\"@type\":\"ReadAction\",\"target\":[\"https:\/\/inzain.bike\/de\/got-cykling\/\"]}]},{\"@type\":\"ImageObject\",\"inLanguage\":\"nb-NO\",\"@id\":\"https:\/\/inzain.bike\/de\/got-cykling\/#primaryimage\",\"url\":\"https:\/\/inzain.bike\/wp-content\/uploads\/2023\/07\/20220704_135311-1024x730.jpg\",\"contentUrl\":\"https:\/\/inzain.bike\/wp-content\/uploads\/2023\/07\/20220704_135311-1024x730.jpg\"},{\"@type\":\"BreadcrumbList\",\"@id\":\"https:\/\/inzain.bike\/de\/got-cykling\/#breadcrumb\",\"itemListElement\":[{\"@type\":\"ListItem\",\"position\":1,\"name\":\"Hem\",\"item\":\"https:\/\/inzain.bike\/fr_be\/\"},{\"@type\":\"ListItem\",\"position\":2,\"name\":\"Gotland Cykling\"}]},{\"@type\":\"WebSite\",\"@id\":\"https:\/\/inzain.bike\/fr_be\/#website\",\"url\":\"https:\/\/inzain.bike\/fr_be\/\",\"name\":\"INZAIN Cycling EXPERIENCES\",\"description\":\"Cyckling Adventures  - for everyone\",\"publisher\":{\"@id\":\"https:\/\/inzain.bike\/fr_be\/#organization\"},\"alternateName\":\"INZAIN Gravel & Travel\",\"potentialAction\":[{\"@type\":\"SearchAction\",\"target\":{\"@type\":\"EntryPoint\",\"urlTemplate\":\"https:\/\/inzain.bike\/fr_be\/?s={search_term_string}\"},\"query-input\":{\"@type\":\"PropertyValueSpecification\",\"valueRequired\":true,\"valueName\":\"search_term_string\"}}],\"inLanguage\":\"nb-NO\"},{\"@type\":\"Organization\",\"@id\":\"https:\/\/inzain.bike\/fr_be\/#organization\",\"name\":\"INZAIN Cycling EXPERIENCES\",\"url\":\"https:\/\/inzain.bike\/fr_be\/\",\"logo\":{\"@type\":\"ImageObject\",\"inLanguage\":\"nb-NO\",\"@id\":\"https:\/\/inzain.bike\/fr_be\/#\/schema\/logo\/image\/\",\"url\":\"https:\/\/i0.wp.com\/inzain.bike\/wp-content\/uploads\/2023\/09\/cropped-INZAIN_512x512_white.png?fit=512%2C512&ssl=1\",\"contentUrl\":\"https:\/\/i0.wp.com\/inzain.bike\/wp-content\/uploads\/2023\/09\/cropped-INZAIN_512x512_white.png?fit=512%2C512&ssl=1\",\"width\":512,\"height\":512,\"caption\":\"INZAIN Cycling EXPERIENCES\"},\"image\":{\"@id\":\"https:\/\/inzain.bike\/fr_be\/#\/schema\/logo\/image\/\"},\"sameAs\":[\"https:\/\/www.facebook.com\/Inzain.bike\",\"https:\/\/www.instagram.com\/inzainbike\"]}]}<\/script>\n<!-- \/ Yoast SEO plugin. -->","yoast_head_json":{"title":"Sykling p\u00e5 Gotland - INZAIN Sykkelopplevelser","robots":{"index":"index","follow":"follow","max-snippet":"max-snippet:-1","max-image-preview":"max-image-preview:large","max-video-preview":"max-video-preview:-1"},"canonical":"https:\/\/inzain.bike\/nb\/got-cykling\/","og_locale":"nb_NO","og_type":"article","og_title":"Gotland Cykling - INZAIN Cycling EXPERIENCES","og_description":"Cyklingen p\u00e5 Gotland \u00e4r av v\u00e4rldsklass. Vi cyklar p\u00e5 milsvida str\u00e4nder, m\u00f6ter vandrande sandh\u00f6gar och raukar. Havet \u00e4r st\u00e4ndigt n\u00e4ra och underlaget omv\u00e4xlande. Det enda Gotland saknar \u00e4r backar, det \u00e4r f\u00f6r det mesta platt och sk\u00f6nt. Det finns s\u00e5 mycket att ber\u00e4tta men kanske bilderna talar f\u00f6r sig sj\u00e4lva? En film fr\u00e5n sommaren 2022 [&hellip;]","og_url":"https:\/\/inzain.bike\/nb\/got-cykling\/","og_site_name":"INZAIN Cycling EXPERIENCES","article_publisher":"https:\/\/www.facebook.com\/Inzain.bike","article_modified_time":"2025-04-09T10:17:50+00:00","og_image":[{"url":"https:\/\/inzain.bike\/wp-content\/uploads\/2023\/07\/20220704_135311-1024x730.jpg","type":"","width":"","height":""}],"twitter_card":"summary_large_image","twitter_misc":{"Ansl. lesetid":"1 minutt"},"schema":{"@context":"https:\/\/schema.org","@graph":[{"@type":"WebPage","@id":"https:\/\/inzain.bike\/de\/got-cykling\/","url":"https:\/\/inzain.bike\/de\/got-cykling\/","name":"Sykling p\u00e5 Gotland - INZAIN Sykkelopplevelser","isPartOf":{"@id":"https:\/\/inzain.bike\/fr_be\/#website"},"primaryImageOfPage":{"@id":"https:\/\/inzain.bike\/de\/got-cykling\/#primaryimage"},"image":{"@id":"https:\/\/inzain.bike\/de\/got-cykling\/#primaryimage"},"thumbnailUrl":"https:\/\/inzain.bike\/wp-content\/uploads\/2023\/07\/20220704_135311-1024x730.jpg","datePublished":"2023-11-21T13:16:07+00:00","dateModified":"2025-04-09T10:17:50+00:00","breadcrumb":{"@id":"https:\/\/inzain.bike\/de\/got-cykling\/#breadcrumb"},"inLanguage":"nb-NO","potentialAction":[{"@type":"ReadAction","target":["https:\/\/inzain.bike\/de\/got-cykling\/"]}]},{"@type":"ImageObject","inLanguage":"nb-NO","@id":"https:\/\/inzain.bike\/de\/got-cykling\/#primaryimage","url":"https:\/\/inzain.bike\/wp-content\/uploads\/2023\/07\/20220704_135311-1024x730.jpg","contentUrl":"https:\/\/inzain.bike\/wp-content\/uploads\/2023\/07\/20220704_135311-1024x730.jpg"},{"@type":"BreadcrumbList","@id":"https:\/\/inzain.bike\/de\/got-cykling\/#breadcrumb","itemListElement":[{"@type":"ListItem","position":1,"name":"Hem","item":"https:\/\/inzain.bike\/fr_be\/"},{"@type":"ListItem","position":2,"name":"Gotland Cykling"}]},{"@type":"WebSite","@id":"https:\/\/inzain.bike\/fr_be\/#website","url":"https:\/\/inzain.bike\/fr_be\/","name":"INZAIN SYKKELOPPLEVELSER","description":"Sykkeleventyr - for alle","publisher":{"@id":"https:\/\/inzain.bike\/fr_be\/#organization"},"alternateName":"INZAIN Gravel & Travel","potentialAction":[{"@type":"SearchAction","target":{"@type":"EntryPoint","urlTemplate":"https:\/\/inzain.bike\/fr_be\/?s={search_term_string}"},"query-input":{"@type":"PropertyValueSpecification","valueRequired":true,"valueName":"search_term_string"}}],"inLanguage":"nb-NO"},{"@type":"Organization","@id":"https:\/\/inzain.bike\/fr_be\/#organization","name":"INZAIN SYKKELOPPLEVELSER","url":"https:\/\/inzain.bike\/fr_be\/","logo":{"@type":"ImageObject","inLanguage":"nb-NO","@id":"https:\/\/inzain.bike\/fr_be\/#\/schema\/logo\/image\/","url":"https:\/\/i0.wp.com\/inzain.bike\/wp-content\/uploads\/2023\/09\/cropped-INZAIN_512x512_white.png?fit=512%2C512&ssl=1","contentUrl":"https:\/\/i0.wp.com\/inzain.bike\/wp-content\/uploads\/2023\/09\/cropped-INZAIN_512x512_white.png?fit=512%2C512&ssl=1","width":512,"height":512,"caption":"INZAIN Cycling EXPERIENCES"},"image":{"@id":"https:\/\/inzain.bike\/fr_be\/#\/schema\/logo\/image\/"},"sameAs":["https:\/\/www.facebook.com\/Inzain.bike","https:\/\/www.instagram.com\/inzainbike"]}]}},"amp_enabled":true,"_links":{"self":[{"href":"https:\/\/inzain.bike\/nb\/wp-json\/wp\/v2\/pages\/5657","targetHints":{"allow":["GET"]}}],"collection":[{"href":"https:\/\/inzain.bike\/nb\/wp-json\/wp\/v2\/pages"}],"about":[{"href":"https:\/\/inzain.bike\/nb\/wp-json\/wp\/v2\/types\/page"}],"author":[{"embeddable":true,"href":"https:\/\/inzain.bike\/nb\/wp-json\/wp\/v2\/users\/135133094"}],"replies":[{"embeddable":true,"href":"https:\/\/inzain.bike\/nb\/wp-json\/wp\/v2\/comments?post=5657"}],"version-history":[{"count":1,"href":"https:\/\/inzain.bike\/nb\/wp-json\/wp\/v2\/pages\/5657\/revisions"}],"predecessor-version":[{"id":8114,"href":"https:\/\/inzain.bike\/nb\/wp-json\/wp\/v2\/pages\/5657\/revisions\/8114"}],"wp:attachment":[{"href":"https:\/\/inzain.bike\/nb\/wp-json\/wp\/v2\/media?parent=5657"}],"curies":[{"name":"wp","href":"https:\/\/api.w.org\/{rel}","templated":true}]}}