{"id":5808,"date":"2023-11-22T19:14:43","date_gmt":"2023-11-22T18:14:43","guid":{"rendered":"https:\/\/inzain.bike\/?page_id=5808"},"modified":"2025-03-17T16:13:49","modified_gmt":"2025-03-17T15:13:49","slug":"sor25-cykling","status":"publish","type":"page","link":"https:\/\/inzain.bike\/nb\/sor25-cykling\/","title":{"rendered":"S\u00f6rmland Cycling"},"content":{"rendered":"<p>Velkommen til INZAIN Gravel Camp i S\u00f6rmland. Det er fjerde gang vi kj\u00f8rer leir, her i Sveriges grusmekka. Denne gangen er vi midt i blinken og bor og jobber fra Eskilstuna.<br><br>Grusleirene v\u00e5re er for alle, vil du sykle fort, ta det med ro eller blande det? Det g\u00e5r kjempebra. Det vil v\u00e6re ruter av ulik lengde, hvorav de fleste ogs\u00e5 kan forkortes. Vi har ogs\u00e5 et hjelpekj\u00f8ret\u00f8y i tilfelle en sykkel eller syklist trenger \u00e5 bli tatt h\u00e5nd om.<\/p>\n\n\n\n<p>Vi mener at kaffe og mat er viktig, s\u00e5 vi kommer forbi fine steder hvor du kan f\u00e5 noe godt i magen.<br>Blir det varmt vil st\u00f8ttekj\u00f8ret\u00f8yet v\u00e6re tilgjengelig med ekstra vann og andre ting.<\/p>\n\n\n\n<div class=\"wp-block-columns alignwide is-layout-flex wp-container-core-columns-is-layout-28f84493 wp-block-columns-is-layout-flex\">\n<div class=\"wp-block-column is-layout-flow wp-block-column-is-layout-flow\">\n<figure class=\"wp-block-image size-large\"><img loading=\"lazy\" decoding=\"async\" width=\"990\" height=\"1024\" src=\"https:\/\/inzain.bike\/wp-content\/uploads\/2023\/11\/20220522_141723-990x1024.jpg\" alt=\"\" class=\"wp-image-5792\" srcset=\"https:\/\/inzain.bike\/wp-content\/uploads\/2023\/11\/20220522_141723-990x1024.jpg 990w, https:\/\/inzain.bike\/wp-content\/uploads\/2023\/11\/20220522_141723-290x300.jpg 290w, https:\/\/inzain.bike\/wp-content\/uploads\/2023\/11\/20220522_141723-768x794.jpg 768w, https:\/\/inzain.bike\/wp-content\/uploads\/2023\/11\/20220522_141723-1485x1536.jpg 1485w, https:\/\/inzain.bike\/wp-content\/uploads\/2023\/11\/20220522_141723-1980x2048.jpg 1980w, https:\/\/inzain.bike\/wp-content\/uploads\/2023\/11\/20220522_141723-12x12.jpg 12w, https:\/\/inzain.bike\/wp-content\/uploads\/2023\/11\/20220522_141723-1320x1365.jpg 1320w, https:\/\/inzain.bike\/wp-content\/uploads\/2023\/11\/20220522_141723-600x621.jpg 600w\" sizes=\"auto, (max-width: 990px) 100vw, 990px\" \/><\/figure>\n<\/div>\n\n\n\n<div class=\"wp-block-column is-layout-flow wp-block-column-is-layout-flow\">\n<div style=\"height:254px\" aria-hidden=\"true\" class=\"wp-block-spacer\"><\/div>\n\n\n\n<p class=\"has-roboto-font-family has-custom-font\" style=\"font-family:Roboto\">De to dagene har en tydelig forskjellig karakter, men begge er helt fantastiske turer. V\u00e5re guider s\u00f8rger for at alle har det bra og vi tilpasser tempoet til gruppen. Viser det seg best vil vi dele inn i ulike fartsgrupper, men uansett fart kan vi love at alle f\u00e5r to fantastiske dager.<\/p>\n\n\n\n<p>I god tid f\u00f8r helgen sender vi ut v\u00e5r kjente Riders Guide, et dokument som inneholder all informasjon om ruter, kaffe, lunsj og mye, mye mer.<\/p>\n<\/div>\n<\/div>\n\n\n\n<div class=\"wp-block-columns alignwide is-layout-flex wp-container-core-columns-is-layout-28f84493 wp-block-columns-is-layout-flex\">\n<div class=\"wp-block-column is-layout-flow wp-block-column-is-layout-flow\">\n<p class=\"has-roboto-font-family has-custom-font\" style=\"font-family:Roboto;font-size:52px\">Rute<\/p>\n\n\n\n<div style=\"height:65px\" aria-hidden=\"true\" class=\"wp-block-spacer\"><\/div>\n<\/div>\n<\/div>\n\n\n\n<div class=\"wp-block-columns alignwide is-layout-flex wp-container-core-columns-is-layout-28f84493 wp-block-columns-is-layout-flex\">\n<div class=\"wp-block-column is-layout-flow wp-block-column-is-layout-flow\">\n<figure class=\"wp-block-image size-large\"><img loading=\"lazy\" decoding=\"async\" width=\"768\" height=\"1024\" src=\"https:\/\/inzain.bike\/wp-content\/uploads\/2025\/03\/442445534_384192111250484_1074260929087877590_n-768x1024.jpg\" alt=\"\" class=\"wp-image-7858\" srcset=\"https:\/\/inzain.bike\/wp-content\/uploads\/2025\/03\/442445534_384192111250484_1074260929087877590_n-768x1024.jpg 768w, https:\/\/inzain.bike\/wp-content\/uploads\/2025\/03\/442445534_384192111250484_1074260929087877590_n-225x300.jpg 225w, https:\/\/inzain.bike\/wp-content\/uploads\/2025\/03\/442445534_384192111250484_1074260929087877590_n-1152x1536.jpg 1152w, https:\/\/inzain.bike\/wp-content\/uploads\/2025\/03\/442445534_384192111250484_1074260929087877590_n-9x12.jpg 9w, https:\/\/inzain.bike\/wp-content\/uploads\/2025\/03\/442445534_384192111250484_1074260929087877590_n-1320x1760.jpg 1320w, https:\/\/inzain.bike\/wp-content\/uploads\/2025\/03\/442445534_384192111250484_1074260929087877590_n-600x800.jpg 600w, https:\/\/inzain.bike\/wp-content\/uploads\/2025\/03\/442445534_384192111250484_1074260929087877590_n.jpg 1536w\" sizes=\"auto, (max-width: 768px) 100vw, 768px\" \/><\/figure>\n<\/div>\n\n\n\n<div class=\"wp-block-column is-layout-flow wp-block-column-is-layout-flow\">\n<div style=\"height:200px\" aria-hidden=\"true\" class=\"wp-block-spacer\"><\/div>\n\n\n\n<p><strong>fredag<\/strong><br>Innsjekking p\u00e5 hotellet og velkomstm\u00f8te hvor v\u00e5re guider g\u00e5r gjennom helgen. Hvis noe har g\u00e5tt galt, kan vi hjelpe med det meste. Vi har noen reservedeler, pumper, girstativer med mer i tilhengeren v\u00e5r.<\/p>\n<\/div>\n<\/div>\n\n\n\n<div class=\"wp-block-columns alignwide is-layout-flex wp-container-core-columns-is-layout-28f84493 wp-block-columns-is-layout-flex\">\n<div class=\"wp-block-column is-layout-flow wp-block-column-is-layout-flow\">\n<figure class=\"wp-block-image size-full\"><img loading=\"lazy\" decoding=\"async\" width=\"2048\" height=\"1152\" src=\"https:\/\/inzain.bike\/wp-content\/uploads\/2025\/03\/444137743_10220282087841186_161621335968714480_n.jpg\" alt=\"\" class=\"wp-image-7859\" srcset=\"https:\/\/inzain.bike\/wp-content\/uploads\/2025\/03\/444137743_10220282087841186_161621335968714480_n.jpg 2048w, https:\/\/inzain.bike\/wp-content\/uploads\/2025\/03\/444137743_10220282087841186_161621335968714480_n-300x169.jpg 300w, https:\/\/inzain.bike\/wp-content\/uploads\/2025\/03\/444137743_10220282087841186_161621335968714480_n-1024x576.jpg 1024w, https:\/\/inzain.bike\/wp-content\/uploads\/2025\/03\/444137743_10220282087841186_161621335968714480_n-768x432.jpg 768w, https:\/\/inzain.bike\/wp-content\/uploads\/2025\/03\/444137743_10220282087841186_161621335968714480_n-1536x864.jpg 1536w, https:\/\/inzain.bike\/wp-content\/uploads\/2025\/03\/444137743_10220282087841186_161621335968714480_n-18x10.jpg 18w, https:\/\/inzain.bike\/wp-content\/uploads\/2025\/03\/444137743_10220282087841186_161621335968714480_n-1320x743.jpg 1320w, https:\/\/inzain.bike\/wp-content\/uploads\/2025\/03\/444137743_10220282087841186_161621335968714480_n-600x338.jpg 600w\" sizes=\"auto, (max-width: 2048px) 100vw, 2048px\" \/><\/figure>\n<\/div>\n\n\n\n<div class=\"wp-block-column is-layout-flow wp-block-column-is-layout-flow\">\n<div style=\"height:148px\" aria-hidden=\"true\" class=\"wp-block-spacer\"><\/div>\n\n\n\n<p><strong>l\u00f8rdag<\/strong><br>Vi sykler \u00f8stover p\u00e5 veldig flotte og varierte veier. Vi sykler tilbake til hotellet langs en veldig fin rute.<\/p>\n<\/div>\n<\/div>\n\n\n\n<div class=\"wp-block-columns alignwide is-layout-flex wp-container-core-columns-is-layout-28f84493 wp-block-columns-is-layout-flex\">\n<div class=\"wp-block-column is-layout-flow wp-block-column-is-layout-flow\">\n<div style=\"height:200px\" aria-hidden=\"true\" class=\"wp-block-spacer\"><\/div>\n\n\n\n<p><strong>s\u00f8ndag<\/strong><br>Turen g\u00e5r vestover over mark og skog. Det meste er grusvei, men det er ogs\u00e5 noen fine stier. <\/p>\n<\/div>\n\n\n\n<div class=\"wp-block-column is-layout-flow wp-block-column-is-layout-flow\">\n<figure class=\"wp-block-image size-full\"><img loading=\"lazy\" decoding=\"async\" width=\"2048\" height=\"1536\" src=\"https:\/\/inzain.bike\/wp-content\/uploads\/2025\/03\/440840536_1030803585079291_8100511238053424564_n.jpg\" alt=\"\" class=\"wp-image-7861\" srcset=\"https:\/\/inzain.bike\/wp-content\/uploads\/2025\/03\/440840536_1030803585079291_8100511238053424564_n.jpg 2048w, https:\/\/inzain.bike\/wp-content\/uploads\/2025\/03\/440840536_1030803585079291_8100511238053424564_n-300x225.jpg 300w, https:\/\/inzain.bike\/wp-content\/uploads\/2025\/03\/440840536_1030803585079291_8100511238053424564_n-1024x768.jpg 1024w, https:\/\/inzain.bike\/wp-content\/uploads\/2025\/03\/440840536_1030803585079291_8100511238053424564_n-768x576.jpg 768w, https:\/\/inzain.bike\/wp-content\/uploads\/2025\/03\/440840536_1030803585079291_8100511238053424564_n-1536x1152.jpg 1536w, https:\/\/inzain.bike\/wp-content\/uploads\/2025\/03\/440840536_1030803585079291_8100511238053424564_n-16x12.jpg 16w, https:\/\/inzain.bike\/wp-content\/uploads\/2025\/03\/440840536_1030803585079291_8100511238053424564_n-1320x990.jpg 1320w, https:\/\/inzain.bike\/wp-content\/uploads\/2025\/03\/440840536_1030803585079291_8100511238053424564_n-600x450.jpg 600w\" sizes=\"auto, (max-width: 2048px) 100vw, 2048px\" \/><\/figure>\n<\/div>\n<\/div>","protected":false},"excerpt":{"rendered":"<p>V\u00e4lkommen till INZAIN Gravel Camp i S\u00f6rmland. Det \u00e4r fj\u00e4rde g\u00e5ngen vi k\u00f6r ett camp, h\u00e4r i Sveriges grusmecka. Denna g\u00e5ng l\u00e4gger vi oss mitt i gr\u00e4ddfilen och bor och utg\u00e5r fr\u00e5n Eskilstuna. V\u00e5ra gravelcamp \u00e4r till f\u00f6r alla, vill du cykla snabbt, ta det lugnt eller mixa? Det g\u00e5r utm\u00e4rkt. Det kommer finnas rutter [&hellip;]<\/p>\n","protected":false},"author":135133094,"featured_media":0,"parent":0,"menu_order":0,"comment_status":"closed","ping_status":"closed","template":"","meta":{"_coblocks_attr":"Roboto,Roboto","_coblocks_dimensions":"","_coblocks_responsive_height":"","_coblocks_accordion_ie_support":"","footnotes":""},"class_list":["post-5808","page","type-page","status-publish","hentry"],"yoast_head":"<!-- This site is optimized with the Yoast SEO plugin v27.2 - https:\/\/yoast.com\/product\/yoast-seo-wordpress\/ -->\n<title>S\u00f6rmland Cykling - INZAIN Cycling EXPERIENCES<\/title>\n<meta name=\"robots\" content=\"index, follow, max-snippet:-1, max-image-preview:large, max-video-preview:-1\" \/>\n<link rel=\"canonical\" href=\"https:\/\/inzain.bike\/nb\/sor25-cykling\/\" \/>\n<meta property=\"og:locale\" content=\"nb_NO\" \/>\n<meta property=\"og:type\" content=\"article\" \/>\n<meta property=\"og:title\" content=\"S\u00f6rmland Cykling - INZAIN Cycling EXPERIENCES\" \/>\n<meta property=\"og:description\" content=\"V\u00e4lkommen till INZAIN Gravel Camp i S\u00f6rmland. Det \u00e4r fj\u00e4rde g\u00e5ngen vi k\u00f6r ett camp, h\u00e4r i Sveriges grusmecka. Denna g\u00e5ng l\u00e4gger vi oss mitt i gr\u00e4ddfilen och bor och utg\u00e5r fr\u00e5n Eskilstuna. V\u00e5ra gravelcamp \u00e4r till f\u00f6r alla, vill du cykla snabbt, ta det lugnt eller mixa? Det g\u00e5r utm\u00e4rkt. Det kommer finnas rutter [&hellip;]\" \/>\n<meta property=\"og:url\" content=\"https:\/\/inzain.bike\/nb\/sor25-cykling\/\" \/>\n<meta property=\"og:site_name\" content=\"INZAIN Cycling EXPERIENCES\" \/>\n<meta property=\"article:publisher\" content=\"https:\/\/www.facebook.com\/Inzain.bike\" \/>\n<meta property=\"article:modified_time\" content=\"2025-03-17T15:13:49+00:00\" \/>\n<meta property=\"og:image\" content=\"https:\/\/inzain.bike\/wp-content\/uploads\/2023\/11\/20220522_141723-990x1024.jpg\" \/>\n<meta name=\"twitter:card\" content=\"summary_large_image\" \/>\n<meta name=\"twitter:label1\" content=\"Ansl. lesetid\" \/>\n\t<meta name=\"twitter:data1\" content=\"3 minutter\" \/>\n<script type=\"application\/ld+json\" class=\"yoast-schema-graph\">{\"@context\":\"https:\/\/schema.org\",\"@graph\":[{\"@type\":\"WebPage\",\"@id\":\"https:\/\/inzain.bike\/en\/sor25-cykling\/\",\"url\":\"https:\/\/inzain.bike\/en\/sor25-cykling\/\",\"name\":\"S\u00f6rmland Cykling - INZAIN Cycling EXPERIENCES\",\"isPartOf\":{\"@id\":\"https:\/\/inzain.bike\/fr_be\/#website\"},\"primaryImageOfPage\":{\"@id\":\"https:\/\/inzain.bike\/en\/sor25-cykling\/#primaryimage\"},\"image\":{\"@id\":\"https:\/\/inzain.bike\/en\/sor25-cykling\/#primaryimage\"},\"thumbnailUrl\":\"https:\/\/inzain.bike\/wp-content\/uploads\/2023\/11\/20220522_141723-990x1024.jpg\",\"datePublished\":\"2023-11-22T18:14:43+00:00\",\"dateModified\":\"2025-03-17T15:13:49+00:00\",\"breadcrumb\":{\"@id\":\"https:\/\/inzain.bike\/en\/sor25-cykling\/#breadcrumb\"},\"inLanguage\":\"nb-NO\",\"potentialAction\":[{\"@type\":\"ReadAction\",\"target\":[\"https:\/\/inzain.bike\/en\/sor25-cykling\/\"]}]},{\"@type\":\"ImageObject\",\"inLanguage\":\"nb-NO\",\"@id\":\"https:\/\/inzain.bike\/en\/sor25-cykling\/#primaryimage\",\"url\":\"https:\/\/inzain.bike\/wp-content\/uploads\/2023\/11\/20220522_141723-990x1024.jpg\",\"contentUrl\":\"https:\/\/inzain.bike\/wp-content\/uploads\/2023\/11\/20220522_141723-990x1024.jpg\"},{\"@type\":\"BreadcrumbList\",\"@id\":\"https:\/\/inzain.bike\/en\/sor25-cykling\/#breadcrumb\",\"itemListElement\":[{\"@type\":\"ListItem\",\"position\":1,\"name\":\"Hem\",\"item\":\"https:\/\/inzain.bike\/fr_be\/\"},{\"@type\":\"ListItem\",\"position\":2,\"name\":\"S\u00f6rmland Cykling\"}]},{\"@type\":\"WebSite\",\"@id\":\"https:\/\/inzain.bike\/fr_be\/#website\",\"url\":\"https:\/\/inzain.bike\/fr_be\/\",\"name\":\"INZAIN Cycling EXPERIENCES\",\"description\":\"Cyckling Adventures  - for everyone\",\"publisher\":{\"@id\":\"https:\/\/inzain.bike\/fr_be\/#organization\"},\"alternateName\":\"INZAIN Gravel & Travel\",\"potentialAction\":[{\"@type\":\"SearchAction\",\"target\":{\"@type\":\"EntryPoint\",\"urlTemplate\":\"https:\/\/inzain.bike\/fr_be\/?s={search_term_string}\"},\"query-input\":{\"@type\":\"PropertyValueSpecification\",\"valueRequired\":true,\"valueName\":\"search_term_string\"}}],\"inLanguage\":\"nb-NO\"},{\"@type\":\"Organization\",\"@id\":\"https:\/\/inzain.bike\/fr_be\/#organization\",\"name\":\"INZAIN Cycling EXPERIENCES\",\"url\":\"https:\/\/inzain.bike\/fr_be\/\",\"logo\":{\"@type\":\"ImageObject\",\"inLanguage\":\"nb-NO\",\"@id\":\"https:\/\/inzain.bike\/fr_be\/#\/schema\/logo\/image\/\",\"url\":\"https:\/\/i0.wp.com\/inzain.bike\/wp-content\/uploads\/2023\/09\/cropped-INZAIN_512x512_white.png?fit=512%2C512&ssl=1\",\"contentUrl\":\"https:\/\/i0.wp.com\/inzain.bike\/wp-content\/uploads\/2023\/09\/cropped-INZAIN_512x512_white.png?fit=512%2C512&ssl=1\",\"width\":512,\"height\":512,\"caption\":\"INZAIN Cycling EXPERIENCES\"},\"image\":{\"@id\":\"https:\/\/inzain.bike\/fr_be\/#\/schema\/logo\/image\/\"},\"sameAs\":[\"https:\/\/www.facebook.com\/Inzain.bike\",\"https:\/\/www.instagram.com\/inzainbike\"]}]}<\/script>\n<!-- \/ Yoast SEO plugin. -->","yoast_head_json":{"title":"Sykling i S\u00f6rmland - INZAIN Sykkelopplevelser","robots":{"index":"index","follow":"follow","max-snippet":"max-snippet:-1","max-image-preview":"max-image-preview:large","max-video-preview":"max-video-preview:-1"},"canonical":"https:\/\/inzain.bike\/nb\/sor25-cykling\/","og_locale":"nb_NO","og_type":"article","og_title":"S\u00f6rmland Cykling - INZAIN Cycling EXPERIENCES","og_description":"V\u00e4lkommen till INZAIN Gravel Camp i S\u00f6rmland. Det \u00e4r fj\u00e4rde g\u00e5ngen vi k\u00f6r ett camp, h\u00e4r i Sveriges grusmecka. Denna g\u00e5ng l\u00e4gger vi oss mitt i gr\u00e4ddfilen och bor och utg\u00e5r fr\u00e5n Eskilstuna. V\u00e5ra gravelcamp \u00e4r till f\u00f6r alla, vill du cykla snabbt, ta det lugnt eller mixa? Det g\u00e5r utm\u00e4rkt. Det kommer finnas rutter [&hellip;]","og_url":"https:\/\/inzain.bike\/nb\/sor25-cykling\/","og_site_name":"INZAIN Cycling EXPERIENCES","article_publisher":"https:\/\/www.facebook.com\/Inzain.bike","article_modified_time":"2025-03-17T15:13:49+00:00","og_image":[{"url":"https:\/\/inzain.bike\/wp-content\/uploads\/2023\/11\/20220522_141723-990x1024.jpg","type":"","width":"","height":""}],"twitter_card":"summary_large_image","twitter_misc":{"Ansl. lesetid":"3 minutter"},"schema":{"@context":"https:\/\/schema.org","@graph":[{"@type":"WebPage","@id":"https:\/\/inzain.bike\/en\/sor25-cykling\/","url":"https:\/\/inzain.bike\/en\/sor25-cykling\/","name":"Sykling i S\u00f6rmland - INZAIN Sykkelopplevelser","isPartOf":{"@id":"https:\/\/inzain.bike\/fr_be\/#website"},"primaryImageOfPage":{"@id":"https:\/\/inzain.bike\/en\/sor25-cykling\/#primaryimage"},"image":{"@id":"https:\/\/inzain.bike\/en\/sor25-cykling\/#primaryimage"},"thumbnailUrl":"https:\/\/inzain.bike\/wp-content\/uploads\/2023\/11\/20220522_141723-990x1024.jpg","datePublished":"2023-11-22T18:14:43+00:00","dateModified":"2025-03-17T15:13:49+00:00","breadcrumb":{"@id":"https:\/\/inzain.bike\/en\/sor25-cykling\/#breadcrumb"},"inLanguage":"nb-NO","potentialAction":[{"@type":"ReadAction","target":["https:\/\/inzain.bike\/en\/sor25-cykling\/"]}]},{"@type":"ImageObject","inLanguage":"nb-NO","@id":"https:\/\/inzain.bike\/en\/sor25-cykling\/#primaryimage","url":"https:\/\/inzain.bike\/wp-content\/uploads\/2023\/11\/20220522_141723-990x1024.jpg","contentUrl":"https:\/\/inzain.bike\/wp-content\/uploads\/2023\/11\/20220522_141723-990x1024.jpg"},{"@type":"BreadcrumbList","@id":"https:\/\/inzain.bike\/en\/sor25-cykling\/#breadcrumb","itemListElement":[{"@type":"ListItem","position":1,"name":"Hem","item":"https:\/\/inzain.bike\/fr_be\/"},{"@type":"ListItem","position":2,"name":"S\u00f6rmland Cykling"}]},{"@type":"WebSite","@id":"https:\/\/inzain.bike\/fr_be\/#website","url":"https:\/\/inzain.bike\/fr_be\/","name":"INZAIN SYKKELOPPLEVELSER","description":"Sykkeleventyr - for alle","publisher":{"@id":"https:\/\/inzain.bike\/fr_be\/#organization"},"alternateName":"INZAIN Gravel & Travel","potentialAction":[{"@type":"SearchAction","target":{"@type":"EntryPoint","urlTemplate":"https:\/\/inzain.bike\/fr_be\/?s={search_term_string}"},"query-input":{"@type":"PropertyValueSpecification","valueRequired":true,"valueName":"search_term_string"}}],"inLanguage":"nb-NO"},{"@type":"Organization","@id":"https:\/\/inzain.bike\/fr_be\/#organization","name":"INZAIN SYKKELOPPLEVELSER","url":"https:\/\/inzain.bike\/fr_be\/","logo":{"@type":"ImageObject","inLanguage":"nb-NO","@id":"https:\/\/inzain.bike\/fr_be\/#\/schema\/logo\/image\/","url":"https:\/\/i0.wp.com\/inzain.bike\/wp-content\/uploads\/2023\/09\/cropped-INZAIN_512x512_white.png?fit=512%2C512&ssl=1","contentUrl":"https:\/\/i0.wp.com\/inzain.bike\/wp-content\/uploads\/2023\/09\/cropped-INZAIN_512x512_white.png?fit=512%2C512&ssl=1","width":512,"height":512,"caption":"INZAIN Cycling EXPERIENCES"},"image":{"@id":"https:\/\/inzain.bike\/fr_be\/#\/schema\/logo\/image\/"},"sameAs":["https:\/\/www.facebook.com\/Inzain.bike","https:\/\/www.instagram.com\/inzainbike"]}]}},"amp_enabled":true,"_links":{"self":[{"href":"https:\/\/inzain.bike\/nb\/wp-json\/wp\/v2\/pages\/5808","targetHints":{"allow":["GET"]}}],"collection":[{"href":"https:\/\/inzain.bike\/nb\/wp-json\/wp\/v2\/pages"}],"about":[{"href":"https:\/\/inzain.bike\/nb\/wp-json\/wp\/v2\/types\/page"}],"author":[{"embeddable":true,"href":"https:\/\/inzain.bike\/nb\/wp-json\/wp\/v2\/users\/135133094"}],"replies":[{"embeddable":true,"href":"https:\/\/inzain.bike\/nb\/wp-json\/wp\/v2\/comments?post=5808"}],"version-history":[{"count":3,"href":"https:\/\/inzain.bike\/nb\/wp-json\/wp\/v2\/pages\/5808\/revisions"}],"predecessor-version":[{"id":7864,"href":"https:\/\/inzain.bike\/nb\/wp-json\/wp\/v2\/pages\/5808\/revisions\/7864"}],"wp:attachment":[{"href":"https:\/\/inzain.bike\/nb\/wp-json\/wp\/v2\/media?parent=5808"}],"curies":[{"name":"wp","href":"https:\/\/api.w.org\/{rel}","templated":true}]}}