{"id":6320,"date":"2023-11-27T19:17:54","date_gmt":"2023-11-27T18:17:54","guid":{"rendered":"https:\/\/inzain.bike\/?page_id=6320"},"modified":"2023-11-29T17:53:11","modified_gmt":"2023-11-29T16:53:11","slug":"pyr24-about","status":"publish","type":"page","link":"https:\/\/inzain.bike\/nb\/pyr24-about\/","title":{"rendered":"Om Pyreneene"},"content":{"rendered":"<div class=\"wp-block-columns alignwide is-layout-flex wp-container-core-columns-is-layout-28f84493 wp-block-columns-is-layout-flex\">\n<div class=\"wp-block-column is-layout-flow wp-block-column-is-layout-flow\">\n<figure class=\"wp-block-image size-large\"><img loading=\"lazy\" decoding=\"async\" width=\"775\" height=\"1024\" src=\"https:\/\/inzain.bike\/wp-content\/uploads\/2023\/11\/IMG_5981-775x1024.jpg\" alt=\"\" class=\"wp-image-6321\" srcset=\"https:\/\/inzain.bike\/wp-content\/uploads\/2023\/11\/IMG_5981-775x1024.jpg 775w, https:\/\/inzain.bike\/wp-content\/uploads\/2023\/11\/IMG_5981-227x300.jpg 227w, https:\/\/inzain.bike\/wp-content\/uploads\/2023\/11\/IMG_5981-768x1014.jpg 768w, https:\/\/inzain.bike\/wp-content\/uploads\/2023\/11\/IMG_5981-1163x1536.jpg 1163w, https:\/\/inzain.bike\/wp-content\/uploads\/2023\/11\/IMG_5981-1551x2048.jpg 1551w, https:\/\/inzain.bike\/wp-content\/uploads\/2023\/11\/IMG_5981-9x12.jpg 9w, https:\/\/inzain.bike\/wp-content\/uploads\/2023\/11\/IMG_5981-1320x1743.jpg 1320w, https:\/\/inzain.bike\/wp-content\/uploads\/2023\/11\/IMG_5981-600x792.jpg 600w, https:\/\/inzain.bike\/wp-content\/uploads\/2023\/11\/IMG_5981-scaled.jpg 1938w\" sizes=\"auto, (max-width: 775px) 100vw, 775px\" \/><\/figure>\n\n\n\n<p class=\"has-roboto-font-family has-custom-font\" style=\"font-family:Roboto\">Lengden p\u00e5 Pyreneene er rundt 435 kilometer. Den strekker seg i \u00f8st-vestlig retning fra\u00a0<a href=\"https:\/\/sv.wikipedia.org\/wiki\/Biscayabukten\" target=\"_blank\" rel=\"noreferrer noopener\">Biscayabukta<\/a>\u00a0til\u00a0<a href=\"https:\/\/sv.wikipedia.org\/wiki\/Costa_Brava\" target=\"_blank\" rel=\"noreferrer noopener\">Costa Brava<\/a>. Bredden g\u00e5r opp til 130 kilometer. Omr\u00e5det blir ofte kalt Europas siste villmark, og det f\u00f8ler man virkelig hver gang man er p\u00e5 bes\u00f8k. Pyreneene er som\u00a0<a href=\"https:\/\/sv.wikipedia.org\/wiki\/Alperna\" target=\"_blank\" rel=\"noreferrer noopener\">Alpene<\/a>\u00a050 til 100 millioner \u00e5r gammel. Men omr\u00e5det skiller seg n\u00e5 fra Alpene ved \u00e5 ha langt f\u00e6rre bes\u00f8kende og biler p\u00e5 veiene. Dyrelivet er imidlertid mye rikere, noe man merker daglig. \u00a0<\/p>\n<\/div>\n<\/div>\n\n\n\n<div class=\"wp-block-columns is-layout-flex wp-container-core-columns-is-layout-28f84493 wp-block-columns-is-layout-flex\">\n<div class=\"wp-block-column is-layout-flow wp-block-column-is-layout-flow\"><\/div>\n<\/div>","protected":false},"excerpt":{"rendered":"<p>Pyren\u00e9ernas l\u00e4ngd \u00e4r omkring 435 kilometer. Den str\u00e4cker sig i \u00f6st-v\u00e4stlig riktning fr\u00e5n\u00a0Biscayabukten\u00a0till\u00a0Costa Brava. Dess bredd g\u00e5r upp till 130 kilometer. Omr\u00e5det kallas ofta f\u00f6r Europas sista vildmark och det k\u00e4nner man verkligen vid varje bes\u00f6k. Pyren\u00e9erna \u00e4r liksom\u00a0Alperna\u00a050 till 100 miljoner \u00e5r gamla. Men omr\u00e5det skiljer sig numera fr\u00e5n Alperna genom att ha mycket [&hellip;]<\/p>\n","protected":false},"author":135133094,"featured_media":0,"parent":0,"menu_order":0,"comment_status":"closed","ping_status":"closed","template":"","meta":{"_coblocks_attr":"Roboto","_coblocks_dimensions":"","_coblocks_responsive_height":"","_coblocks_accordion_ie_support":"","footnotes":""},"class_list":["post-6320","page","type-page","status-publish","hentry"],"yoast_head":"<!-- This site is optimized with the Yoast SEO plugin v27.2 - https:\/\/yoast.com\/product\/yoast-seo-wordpress\/ -->\n<title>Om Pyren\u00e9erna - INZAIN Cycling EXPERIENCES<\/title>\n<meta name=\"robots\" content=\"index, follow, max-snippet:-1, max-image-preview:large, max-video-preview:-1\" \/>\n<link rel=\"canonical\" href=\"https:\/\/inzain.bike\/nb\/pyr24-about\/\" \/>\n<meta property=\"og:locale\" content=\"nb_NO\" \/>\n<meta property=\"og:type\" content=\"article\" \/>\n<meta property=\"og:title\" content=\"Om Pyren\u00e9erna - INZAIN Cycling EXPERIENCES\" \/>\n<meta property=\"og:description\" content=\"Pyren\u00e9ernas l\u00e4ngd \u00e4r omkring 435 kilometer. Den str\u00e4cker sig i \u00f6st-v\u00e4stlig riktning fr\u00e5n\u00a0Biscayabukten\u00a0till\u00a0Costa Brava. Dess bredd g\u00e5r upp till 130 kilometer. Omr\u00e5det kallas ofta f\u00f6r Europas sista vildmark och det k\u00e4nner man verkligen vid varje bes\u00f6k. Pyren\u00e9erna \u00e4r liksom\u00a0Alperna\u00a050 till 100 miljoner \u00e5r gamla. Men omr\u00e5det skiljer sig numera fr\u00e5n Alperna genom att ha mycket [&hellip;]\" \/>\n<meta property=\"og:url\" content=\"https:\/\/inzain.bike\/nb\/pyr24-about\/\" \/>\n<meta property=\"og:site_name\" content=\"INZAIN Cycling EXPERIENCES\" \/>\n<meta property=\"article:publisher\" content=\"https:\/\/www.facebook.com\/Inzain.bike\" \/>\n<meta property=\"article:modified_time\" content=\"2023-11-29T16:53:11+00:00\" \/>\n<meta property=\"og:image\" content=\"https:\/\/inzain.bike\/wp-content\/uploads\/2023\/11\/IMG_5981-775x1024.jpg\" \/>\n<meta name=\"twitter:card\" content=\"summary_large_image\" \/>\n<meta name=\"twitter:label1\" content=\"Ansl. lesetid\" \/>\n\t<meta name=\"twitter:data1\" content=\"1 minutt\" \/>\n<script type=\"application\/ld+json\" class=\"yoast-schema-graph\">{\"@context\":\"https:\/\/schema.org\",\"@graph\":[{\"@type\":\"WebPage\",\"@id\":\"https:\/\/inzain.bike\/nl_be\/pyr24-about\/\",\"url\":\"https:\/\/inzain.bike\/nl_be\/pyr24-about\/\",\"name\":\"Om Pyren\u00e9erna - INZAIN Cycling EXPERIENCES\",\"isPartOf\":{\"@id\":\"https:\/\/inzain.bike\/fr_be\/#website\"},\"primaryImageOfPage\":{\"@id\":\"https:\/\/inzain.bike\/nl_be\/pyr24-about\/#primaryimage\"},\"image\":{\"@id\":\"https:\/\/inzain.bike\/nl_be\/pyr24-about\/#primaryimage\"},\"thumbnailUrl\":\"https:\/\/inzain.bike\/wp-content\/uploads\/2023\/11\/IMG_5981-775x1024.jpg\",\"datePublished\":\"2023-11-27T18:17:54+00:00\",\"dateModified\":\"2023-11-29T16:53:11+00:00\",\"breadcrumb\":{\"@id\":\"https:\/\/inzain.bike\/nl_be\/pyr24-about\/#breadcrumb\"},\"inLanguage\":\"nb-NO\",\"potentialAction\":[{\"@type\":\"ReadAction\",\"target\":[\"https:\/\/inzain.bike\/nl_be\/pyr24-about\/\"]}]},{\"@type\":\"ImageObject\",\"inLanguage\":\"nb-NO\",\"@id\":\"https:\/\/inzain.bike\/nl_be\/pyr24-about\/#primaryimage\",\"url\":\"https:\/\/inzain.bike\/wp-content\/uploads\/2023\/11\/IMG_5981-775x1024.jpg\",\"contentUrl\":\"https:\/\/inzain.bike\/wp-content\/uploads\/2023\/11\/IMG_5981-775x1024.jpg\"},{\"@type\":\"BreadcrumbList\",\"@id\":\"https:\/\/inzain.bike\/nl_be\/pyr24-about\/#breadcrumb\",\"itemListElement\":[{\"@type\":\"ListItem\",\"position\":1,\"name\":\"Hem\",\"item\":\"https:\/\/inzain.bike\/fr_be\/\"},{\"@type\":\"ListItem\",\"position\":2,\"name\":\"Om Pyren\u00e9erna\"}]},{\"@type\":\"WebSite\",\"@id\":\"https:\/\/inzain.bike\/fr_be\/#website\",\"url\":\"https:\/\/inzain.bike\/fr_be\/\",\"name\":\"INZAIN Cycling EXPERIENCES\",\"description\":\"Cyckling Adventures  - for everyone\",\"publisher\":{\"@id\":\"https:\/\/inzain.bike\/fr_be\/#organization\"},\"alternateName\":\"INZAIN Gravel & Travel\",\"potentialAction\":[{\"@type\":\"SearchAction\",\"target\":{\"@type\":\"EntryPoint\",\"urlTemplate\":\"https:\/\/inzain.bike\/fr_be\/?s={search_term_string}\"},\"query-input\":{\"@type\":\"PropertyValueSpecification\",\"valueRequired\":true,\"valueName\":\"search_term_string\"}}],\"inLanguage\":\"nb-NO\"},{\"@type\":\"Organization\",\"@id\":\"https:\/\/inzain.bike\/fr_be\/#organization\",\"name\":\"INZAIN Cycling EXPERIENCES\",\"url\":\"https:\/\/inzain.bike\/fr_be\/\",\"logo\":{\"@type\":\"ImageObject\",\"inLanguage\":\"nb-NO\",\"@id\":\"https:\/\/inzain.bike\/fr_be\/#\/schema\/logo\/image\/\",\"url\":\"https:\/\/i0.wp.com\/inzain.bike\/wp-content\/uploads\/2023\/09\/cropped-INZAIN_512x512_white.png?fit=512%2C512&ssl=1\",\"contentUrl\":\"https:\/\/i0.wp.com\/inzain.bike\/wp-content\/uploads\/2023\/09\/cropped-INZAIN_512x512_white.png?fit=512%2C512&ssl=1\",\"width\":512,\"height\":512,\"caption\":\"INZAIN Cycling EXPERIENCES\"},\"image\":{\"@id\":\"https:\/\/inzain.bike\/fr_be\/#\/schema\/logo\/image\/\"},\"sameAs\":[\"https:\/\/www.facebook.com\/Inzain.bike\",\"https:\/\/www.instagram.com\/inzainbike\"]}]}<\/script>\n<!-- \/ Yoast SEO plugin. -->","yoast_head_json":{"title":"Om Pyreneene - INZAIN Sykkelopplevelser","robots":{"index":"index","follow":"follow","max-snippet":"max-snippet:-1","max-image-preview":"max-image-preview:large","max-video-preview":"max-video-preview:-1"},"canonical":"https:\/\/inzain.bike\/nb\/pyr24-about\/","og_locale":"nb_NO","og_type":"article","og_title":"Om Pyren\u00e9erna - INZAIN Cycling EXPERIENCES","og_description":"Pyren\u00e9ernas l\u00e4ngd \u00e4r omkring 435 kilometer. Den str\u00e4cker sig i \u00f6st-v\u00e4stlig riktning fr\u00e5n\u00a0Biscayabukten\u00a0till\u00a0Costa Brava. Dess bredd g\u00e5r upp till 130 kilometer. Omr\u00e5det kallas ofta f\u00f6r Europas sista vildmark och det k\u00e4nner man verkligen vid varje bes\u00f6k. Pyren\u00e9erna \u00e4r liksom\u00a0Alperna\u00a050 till 100 miljoner \u00e5r gamla. Men omr\u00e5det skiljer sig numera fr\u00e5n Alperna genom att ha mycket [&hellip;]","og_url":"https:\/\/inzain.bike\/nb\/pyr24-about\/","og_site_name":"INZAIN Cycling EXPERIENCES","article_publisher":"https:\/\/www.facebook.com\/Inzain.bike","article_modified_time":"2023-11-29T16:53:11+00:00","og_image":[{"url":"https:\/\/inzain.bike\/wp-content\/uploads\/2023\/11\/IMG_5981-775x1024.jpg","type":"","width":"","height":""}],"twitter_card":"summary_large_image","twitter_misc":{"Ansl. lesetid":"1 minutt"},"schema":{"@context":"https:\/\/schema.org","@graph":[{"@type":"WebPage","@id":"https:\/\/inzain.bike\/nl_be\/pyr24-about\/","url":"https:\/\/inzain.bike\/nl_be\/pyr24-about\/","name":"Om Pyreneene - INZAIN Sykkelopplevelser","isPartOf":{"@id":"https:\/\/inzain.bike\/fr_be\/#website"},"primaryImageOfPage":{"@id":"https:\/\/inzain.bike\/nl_be\/pyr24-about\/#primaryimage"},"image":{"@id":"https:\/\/inzain.bike\/nl_be\/pyr24-about\/#primaryimage"},"thumbnailUrl":"https:\/\/inzain.bike\/wp-content\/uploads\/2023\/11\/IMG_5981-775x1024.jpg","datePublished":"2023-11-27T18:17:54+00:00","dateModified":"2023-11-29T16:53:11+00:00","breadcrumb":{"@id":"https:\/\/inzain.bike\/nl_be\/pyr24-about\/#breadcrumb"},"inLanguage":"nb-NO","potentialAction":[{"@type":"ReadAction","target":["https:\/\/inzain.bike\/nl_be\/pyr24-about\/"]}]},{"@type":"ImageObject","inLanguage":"nb-NO","@id":"https:\/\/inzain.bike\/nl_be\/pyr24-about\/#primaryimage","url":"https:\/\/inzain.bike\/wp-content\/uploads\/2023\/11\/IMG_5981-775x1024.jpg","contentUrl":"https:\/\/inzain.bike\/wp-content\/uploads\/2023\/11\/IMG_5981-775x1024.jpg"},{"@type":"BreadcrumbList","@id":"https:\/\/inzain.bike\/nl_be\/pyr24-about\/#breadcrumb","itemListElement":[{"@type":"ListItem","position":1,"name":"Hem","item":"https:\/\/inzain.bike\/fr_be\/"},{"@type":"ListItem","position":2,"name":"Om Pyren\u00e9erna"}]},{"@type":"WebSite","@id":"https:\/\/inzain.bike\/fr_be\/#website","url":"https:\/\/inzain.bike\/fr_be\/","name":"INZAIN SYKKELOPPLEVELSER","description":"Sykkeleventyr - for alle","publisher":{"@id":"https:\/\/inzain.bike\/fr_be\/#organization"},"alternateName":"INZAIN Gravel & Travel","potentialAction":[{"@type":"SearchAction","target":{"@type":"EntryPoint","urlTemplate":"https:\/\/inzain.bike\/fr_be\/?s={search_term_string}"},"query-input":{"@type":"PropertyValueSpecification","valueRequired":true,"valueName":"search_term_string"}}],"inLanguage":"nb-NO"},{"@type":"Organization","@id":"https:\/\/inzain.bike\/fr_be\/#organization","name":"INZAIN SYKKELOPPLEVELSER","url":"https:\/\/inzain.bike\/fr_be\/","logo":{"@type":"ImageObject","inLanguage":"nb-NO","@id":"https:\/\/inzain.bike\/fr_be\/#\/schema\/logo\/image\/","url":"https:\/\/i0.wp.com\/inzain.bike\/wp-content\/uploads\/2023\/09\/cropped-INZAIN_512x512_white.png?fit=512%2C512&ssl=1","contentUrl":"https:\/\/i0.wp.com\/inzain.bike\/wp-content\/uploads\/2023\/09\/cropped-INZAIN_512x512_white.png?fit=512%2C512&ssl=1","width":512,"height":512,"caption":"INZAIN Cycling EXPERIENCES"},"image":{"@id":"https:\/\/inzain.bike\/fr_be\/#\/schema\/logo\/image\/"},"sameAs":["https:\/\/www.facebook.com\/Inzain.bike","https:\/\/www.instagram.com\/inzainbike"]}]}},"amp_enabled":true,"_links":{"self":[{"href":"https:\/\/inzain.bike\/nb\/wp-json\/wp\/v2\/pages\/6320","targetHints":{"allow":["GET"]}}],"collection":[{"href":"https:\/\/inzain.bike\/nb\/wp-json\/wp\/v2\/pages"}],"about":[{"href":"https:\/\/inzain.bike\/nb\/wp-json\/wp\/v2\/types\/page"}],"author":[{"embeddable":true,"href":"https:\/\/inzain.bike\/nb\/wp-json\/wp\/v2\/users\/135133094"}],"replies":[{"embeddable":true,"href":"https:\/\/inzain.bike\/nb\/wp-json\/wp\/v2\/comments?post=6320"}],"version-history":[{"count":0,"href":"https:\/\/inzain.bike\/nb\/wp-json\/wp\/v2\/pages\/6320\/revisions"}],"wp:attachment":[{"href":"https:\/\/inzain.bike\/nb\/wp-json\/wp\/v2\/media?parent=6320"}],"curies":[{"name":"wp","href":"https:\/\/api.w.org\/{rel}","templated":true}]}}