{"id":67,"date":"2021-03-25T15:39:17","date_gmt":"2021-03-25T14:39:17","guid":{"rendered":"https:\/\/inzain.bike\/?page_id=67"},"modified":"2023-08-30T10:54:30","modified_gmt":"2023-08-30T08:54:30","slug":"event","status":"publish","type":"page","link":"https:\/\/inzain.bike\/nb\/event\/","title":{"rendered":"arrangementer"},"content":{"rendered":"<p>INZAIN Gravel har som m\u00e5l \u00e5 organisere Gravel-arrangementer av h\u00f8y klasse.<\/p>\n\n\n\n<p>Vi \u00f8nsker \u00e5 tilby fantastiske ruter, god kaffe og fokus p\u00e5 trygghet og glede. Samtidig trigges nok hver enkelt av oss av \u00e5 utfordre oss selv til \u00e5 sykle b\u00e5de fortere og lenger enn f\u00f8r.<br><br><strong>Arrangementer for 2023<\/strong><\/p>\n\n\n\n<p><s><a href=\"https:\/\/inzain.bike\/nb\/inzain-casacalma-gran-canaria-gravel-camp\/\">27. jan \u2013 4. feb Gran Canaria Grusleir<\/a> <\/s>FERDIG<br> <s><a href=\"https:\/\/inzain.bike\/nb\/lanzarote-gravel-camp-2023\/\">20-27 februar Lanzarote Gravel Camp<\/a><\/s>FERDIG<br><s><a href=\"https:\/\/inzain.bike\/nb\/inzain-mallorca-camp-easter-2023\/\">7-16 april Mallorca Grusleir<\/a><\/s> FERDIG<br><s><a href=\"https:\/\/inzain.bike\/nb\/girona-gravel-camp-2023\/\">6-14 mai Girona Grusleir<\/a> <\/s>FERDIG<br> <s><a href=\"https:\/\/inzain.bike\/nb\/sormland-gravel-camp\/\">20-21 mai S\u00f6rmland Grusleir<\/a><\/s> FERDIG<br> <s><a href=\"https:\/\/inzain.bike\/nb\/finland-gravel-randonee\/\">3-6 juni Finland Grus Tour<\/a><\/s> FERDIG<br> <s><a href=\"https:\/\/inzain.bike\/nb\/dalsland-gravel-camp\/\">17-18 juni Dalsland Grusleir<\/a><\/s> FERDIG <br> <s><a href=\"https:\/\/inzain.bike\/nb\/inzain-solstice-gravel-ride-2023\/\">22-23 juni Solvervsritt<\/a><\/s> FERDIG<br><s><a href=\"https:\/\/inzain.bike\/nb\/savenfors-gravel-camp\/\">29-30 juli S\u00e4venfors Grusleir<\/a><\/s> FERDIG<br><s><a href=\"https:\/\/inzain.bike\/nb\/vattern-runt-gravel-tour\/\">11-13 august V\u00e4ttern Runt, p\u00e5 grus!<\/a><\/s> FERDIG<br><s><a href=\"https:\/\/inzain.bike\/nb\/bubo-falun-gravel-weekend\/\">25-27 august BuBo Bubo Grusleir Falun<\/a><\/s> FERDIG<br>\n<a href=\"https:\/\/inzain.bike\/nb\/gotland-gravel-camp-2023\/\">21-24 september Gotland Aur Camp<\/a> NOEN PLASSER IGJEN<br>\n<a href=\"https:\/\/inzain.bike\/nb\/toscana-gravel-tour-2023\/\">7.-15. oktober Tuscany Gravel Tour<\/a>FULLBOOKET<br><\/p>\n\n\n\n<p><strong>Arrangement som vi arrangerte i 2022<\/strong><\/p>\n\n\n\n<p><a href=\"https:\/\/inzain.bike\/nb\/inzain-lanzarote-gravel-2022\/\">14-21 februar Lanzarote Grus<\/a><br><a href=\"https:\/\/inzain.bike\/nb\/inzain-mallorca-camp-easter-2022\/\">8.-18. april 2022 Mallorca Gravel Camp<\/a><br><a href=\"https:\/\/inzain.bike\/nb\/inzain-ostergotland-gravel-camp\/\">14-15 mai \u00d6sterg\u00f6tland Grushelg<\/a><br><a href=\"https:\/\/inzain.bike\/nb\/falun-gravel-weekend\/\">21-22 mai Falun Grusleir<\/a><br><a href=\"https:\/\/inzain.bike\/nb\/inzain-skane-gravel-adventure\/\">4-6 juni Sk\u00e5ne Grustur<\/a><br><a href=\"https:\/\/inzain.bike\/nb\/inzain-orebro-gravel-camp\/\">18-19 juni Bergslagen Grushelg<\/a><br><a href=\"https:\/\/inzain.bike\/nb\/inzain-solstice-gravel-ride\/\">23. juni Solvervtur Stockholm<\/a><br><a href=\"https:\/\/inzain.bike\/nb\/inzain-smaland-gravel-camp\/\">13-14 august Sm\u00e5land Grushelg<\/a><br>\n<a href=\"https:\/\/inzain.bike\/nb\/inzain-toscana-gravel-tour-2022\/\">8-16 oktober Toscana Grus Randonn\u00e9e<\/a><\/p>\n\n\n\n<p><br><strong>Arrangement som vi arrangerte i 2021<\/strong>:<br>I varmeperioden arrangerte vi tur p\u00e5 en hverdagskveld og en litt lengre distanse i helgen. De fleste i M\u00e4lardalen. Turene var p\u00e5 mellom 70 og 140 km, ofte med mulighet for avkortning og alltid samlet.<\/p>\n\n\n\n<p>Her kan du se en liten odyss\u00e9 over grus\u00e5ret 2021.<\/p>\n\n\n\n<figure class=\"wp-block-embed is-type-video is-provider-youtube wp-block-embed-youtube wp-embed-aspect-16-9 wp-has-aspect-ratio\"><div class=\"wp-block-embed__wrapper\">\n<iframe loading=\"lazy\" title=\"Grus 2021\" width=\"500\" height=\"281\" src=\"https:\/\/www.youtube.com\/embed\/oHZObhfHCC0?feature=oembed\" frameborder=\"0\" allow=\"accelerometer; autoplay; clipboard-write; encrypted-media; gyroscope; picture-in-picture; web-share\" referrerpolicy=\"strict-origin-when-cross-origin\" allowfullscreen><\/iframe>\n<\/div><figcaption class=\"wp-element-caption\">2021 Inzain Grus<\/figcaption><\/figure>\n\n\n\n<p><br><br><br><strong>Gran Canaria i februar 2021<\/strong><\/p>\n\n\n\n<p>Pionerer p\u00e5 GC sammen med Carl-Johan Paulin. Virkelig hyggelig, men ogs\u00e5 t\u00f8ff.<br>Her er en film om eventyret.<\/p>\n\n\n\n<figure class=\"wp-block-embed is-type-video is-provider-youtube wp-block-embed-youtube wp-embed-aspect-16-9 wp-has-aspect-ratio\"><div class=\"wp-block-embed__wrapper\">\n<iframe loading=\"lazy\" title=\"Canaria Grus Aldea\" width=\"500\" height=\"281\" src=\"https:\/\/www.youtube.com\/embed\/Ju-kwHqkF3A?feature=oembed\" frameborder=\"0\" allow=\"accelerometer; autoplay; clipboard-write; encrypted-media; gyroscope; picture-in-picture; web-share\" referrerpolicy=\"strict-origin-when-cross-origin\" allowfullscreen><\/iframe>\n<\/div><figcaption class=\"wp-element-caption\">Gavl p\u00e5 Gran Canaria<\/figcaption><\/figure>\n\n\n\n<p><br><\/p>\n\n\n\n<p><strong>IGG200 juli 2021<\/strong><\/p>\n\n\n\n<p><em>For de fleste kan det f\u00f8les uoverkommelig \u00e5 sykle 100 mil eller ca 160 km p\u00e5 grusveier og stier, ja rett og slett sinnsykt langt. En s\u00e5kalt \u00abCentury ride\u00bb, og s\u00e5 sykle hele 200 miles eller 322 km er bare vanvittig langt. Ganske enkelt <\/em>INZAIN!  <\/p>\n\n\n\n<p>Vi inviterte til en s\u00e5kalt \u00abDouble Century Gravel Grinder\u00bb i omr\u00e5det rundt Uppsala i slutten av juli 2021. Det var mulig \u00e5 velge mellom distansene 50, 100 og 200 mil eller 80, 161 og 322 km.<\/p>\n\n\n\n<p><a href=\"https:\/\/inzain.bike\/nb\/inzain-200-100-50-mile-gravel-grinder\/\">Inzain 200 Mile Gravel Uppland juli 2021<\/a><\/p>\n\n\n\n<p>Landskapet rundt Uppsala, Uppland byr generelt p\u00e5 ganske &quot;vennlig&quot; terreng, og det er grunnen til at vi trodde at mange ville komme seg til &quot;Double Century&quot; i l\u00f8pet av dagslyset. I slutten av juli hadde imidlertid skyggene blitt litt lengre og dagene kortere, s\u00e5 det var tross alt en skikkelig utfordring.<\/p>\n\n\n\n<p>Vi satte i gang to grupper med syklister noen p\u00e5 100 miles (161 km) og noen p\u00e5 200 miles (322 km). Det var en utrolig vakker og ogs\u00e5 varm dag. 27 grader p\u00e5 ettermiddagen satte sitt preg p\u00e5 deltakerne. Vi som var i gropene har nok aldri m\u00f8tt s\u00e5 entusiastiske deltakere f\u00f8r. Sykkelen fl\u00f8t bra og de fleste kom seg til slutt i m\u00e5l. Andre halvdel av den lange runden var nok den t\u00f8ffeste. Flere partier var dekket med ny grov grus, noe som gjorde ferden ekstra vanskelig. Til tross for dette ble det gjort flere heroiske innsatser fra de modige deltakerne.<br><br><br><strong>Grus p\u00e5 Mallorca i oktober 2021<\/strong><\/p>\n\n\n\n<p>Inzain arrangerte en tur til Mallorca i oktober 2021 med fantastisk grus. Vi var p\u00e5 fiske i april og hadde n\u00e5 skapt noe helt ekstra.<br><br>Les alt her: <a href=\"https:\/\/inzain.bike\/nb\/mallorca-gravel-oktober-2021\/\">https:\/\/inzain.bike\/mallorca-gravel-oktober-2021\/<\/a><\/p>\n\n\n\n<p><\/p>","protected":false},"excerpt":{"rendered":"<p>INZAIN Gravel har som m\u00e5ls\u00e4ttning att arrangera h\u00f6gklassiga Gravel-event. Vi vill erbjuda fantastiska rutter, fina fikor och fokus p\u00e5 s\u00e4kerhet och gl\u00e4dje. Samtidigt triggas vi v\u00e4l var och en av att utmana oss sj\u00e4lva till att cykla b\u00e5de snabbare och l\u00e4ngre \u00e4n f\u00f6rut. Event f\u00f6r 2023 27 jan &#8211; 4 februari Gran Canaria Gravel Camp [&hellip;]<\/p>\n","protected":false},"author":135133094,"featured_media":0,"parent":0,"menu_order":0,"comment_status":"closed","ping_status":"closed","template":"","meta":{"_coblocks_attr":"","_coblocks_dimensions":"","_coblocks_responsive_height":"","_coblocks_accordion_ie_support":"","footnotes":""},"class_list":["post-67","page","type-page","status-publish","hentry"],"yoast_head":"<!-- This site is optimized with the Yoast SEO plugin v27.2 - https:\/\/yoast.com\/product\/yoast-seo-wordpress\/ -->\n<title>Event - INZAIN Cycling EXPERIENCES<\/title>\n<meta name=\"robots\" content=\"index, follow, max-snippet:-1, max-image-preview:large, max-video-preview:-1\" \/>\n<link rel=\"canonical\" href=\"https:\/\/inzain.bike\/nb\/event\/\" \/>\n<meta property=\"og:locale\" content=\"nb_NO\" \/>\n<meta property=\"og:type\" content=\"article\" \/>\n<meta property=\"og:title\" content=\"Event - INZAIN Cycling EXPERIENCES\" \/>\n<meta property=\"og:description\" content=\"INZAIN Gravel har som m\u00e5ls\u00e4ttning att arrangera h\u00f6gklassiga Gravel-event. Vi vill erbjuda fantastiska rutter, fina fikor och fokus p\u00e5 s\u00e4kerhet och gl\u00e4dje. Samtidigt triggas vi v\u00e4l var och en av att utmana oss sj\u00e4lva till att cykla b\u00e5de snabbare och l\u00e4ngre \u00e4n f\u00f6rut. Event f\u00f6r 2023 27 jan &#8211; 4 februari Gran Canaria Gravel Camp [&hellip;]\" \/>\n<meta property=\"og:url\" content=\"https:\/\/inzain.bike\/nb\/event\/\" \/>\n<meta property=\"og:site_name\" content=\"INZAIN Cycling EXPERIENCES\" \/>\n<meta property=\"article:publisher\" content=\"https:\/\/www.facebook.com\/Inzain.bike\" \/>\n<meta property=\"article:modified_time\" content=\"2023-08-30T08:54:30+00:00\" \/>\n<meta name=\"twitter:card\" content=\"summary_large_image\" \/>\n<meta name=\"twitter:label1\" content=\"Ansl. lesetid\" \/>\n\t<meta name=\"twitter:data1\" content=\"3 minutter\" \/>\n<script type=\"application\/ld+json\" class=\"yoast-schema-graph\">{\"@context\":\"https:\/\/schema.org\",\"@graph\":[{\"@type\":\"WebPage\",\"@id\":\"https:\/\/inzain.bike\/en\/event\/\",\"url\":\"https:\/\/inzain.bike\/en\/event\/\",\"name\":\"Event - INZAIN Cycling EXPERIENCES\",\"isPartOf\":{\"@id\":\"https:\/\/inzain.bike\/fr_be\/#website\"},\"datePublished\":\"2021-03-25T14:39:17+00:00\",\"dateModified\":\"2023-08-30T08:54:30+00:00\",\"breadcrumb\":{\"@id\":\"https:\/\/inzain.bike\/en\/event\/#breadcrumb\"},\"inLanguage\":\"nb-NO\",\"potentialAction\":[{\"@type\":\"ReadAction\",\"target\":[\"https:\/\/inzain.bike\/en\/event\/\"]}]},{\"@type\":\"BreadcrumbList\",\"@id\":\"https:\/\/inzain.bike\/en\/event\/#breadcrumb\",\"itemListElement\":[{\"@type\":\"ListItem\",\"position\":1,\"name\":\"Hem\",\"item\":\"https:\/\/inzain.bike\/fr_be\/\"},{\"@type\":\"ListItem\",\"position\":2,\"name\":\"Event\"}]},{\"@type\":\"WebSite\",\"@id\":\"https:\/\/inzain.bike\/fr_be\/#website\",\"url\":\"https:\/\/inzain.bike\/fr_be\/\",\"name\":\"INZAIN Cycling EXPERIENCES\",\"description\":\"Cyckling Adventures  - for everyone\",\"publisher\":{\"@id\":\"https:\/\/inzain.bike\/fr_be\/#organization\"},\"alternateName\":\"INZAIN Gravel & Travel\",\"potentialAction\":[{\"@type\":\"SearchAction\",\"target\":{\"@type\":\"EntryPoint\",\"urlTemplate\":\"https:\/\/inzain.bike\/fr_be\/?s={search_term_string}\"},\"query-input\":{\"@type\":\"PropertyValueSpecification\",\"valueRequired\":true,\"valueName\":\"search_term_string\"}}],\"inLanguage\":\"nb-NO\"},{\"@type\":\"Organization\",\"@id\":\"https:\/\/inzain.bike\/fr_be\/#organization\",\"name\":\"INZAIN Cycling EXPERIENCES\",\"url\":\"https:\/\/inzain.bike\/fr_be\/\",\"logo\":{\"@type\":\"ImageObject\",\"inLanguage\":\"nb-NO\",\"@id\":\"https:\/\/inzain.bike\/fr_be\/#\/schema\/logo\/image\/\",\"url\":\"https:\/\/i0.wp.com\/inzain.bike\/wp-content\/uploads\/2023\/09\/cropped-INZAIN_512x512_white.png?fit=512%2C512&ssl=1\",\"contentUrl\":\"https:\/\/i0.wp.com\/inzain.bike\/wp-content\/uploads\/2023\/09\/cropped-INZAIN_512x512_white.png?fit=512%2C512&ssl=1\",\"width\":512,\"height\":512,\"caption\":\"INZAIN Cycling EXPERIENCES\"},\"image\":{\"@id\":\"https:\/\/inzain.bike\/fr_be\/#\/schema\/logo\/image\/\"},\"sameAs\":[\"https:\/\/www.facebook.com\/Inzain.bike\",\"https:\/\/www.instagram.com\/inzainbike\"]}]}<\/script>\n<!-- \/ Yoast SEO plugin. -->","yoast_head_json":{"title":"Arrangement - INZAIN Sykkelopplevelser","robots":{"index":"index","follow":"follow","max-snippet":"max-snippet:-1","max-image-preview":"max-image-preview:large","max-video-preview":"max-video-preview:-1"},"canonical":"https:\/\/inzain.bike\/nb\/event\/","og_locale":"nb_NO","og_type":"article","og_title":"Event - INZAIN Cycling EXPERIENCES","og_description":"INZAIN Gravel har som m\u00e5ls\u00e4ttning att arrangera h\u00f6gklassiga Gravel-event. Vi vill erbjuda fantastiska rutter, fina fikor och fokus p\u00e5 s\u00e4kerhet och gl\u00e4dje. Samtidigt triggas vi v\u00e4l var och en av att utmana oss sj\u00e4lva till att cykla b\u00e5de snabbare och l\u00e4ngre \u00e4n f\u00f6rut. Event f\u00f6r 2023 27 jan &#8211; 4 februari Gran Canaria Gravel Camp [&hellip;]","og_url":"https:\/\/inzain.bike\/nb\/event\/","og_site_name":"INZAIN Cycling EXPERIENCES","article_publisher":"https:\/\/www.facebook.com\/Inzain.bike","article_modified_time":"2023-08-30T08:54:30+00:00","twitter_card":"summary_large_image","twitter_misc":{"Ansl. lesetid":"3 minutter"},"schema":{"@context":"https:\/\/schema.org","@graph":[{"@type":"WebPage","@id":"https:\/\/inzain.bike\/en\/event\/","url":"https:\/\/inzain.bike\/en\/event\/","name":"Arrangement - INZAIN Sykkelopplevelser","isPartOf":{"@id":"https:\/\/inzain.bike\/fr_be\/#website"},"datePublished":"2021-03-25T14:39:17+00:00","dateModified":"2023-08-30T08:54:30+00:00","breadcrumb":{"@id":"https:\/\/inzain.bike\/en\/event\/#breadcrumb"},"inLanguage":"nb-NO","potentialAction":[{"@type":"ReadAction","target":["https:\/\/inzain.bike\/en\/event\/"]}]},{"@type":"BreadcrumbList","@id":"https:\/\/inzain.bike\/en\/event\/#breadcrumb","itemListElement":[{"@type":"ListItem","position":1,"name":"Hem","item":"https:\/\/inzain.bike\/fr_be\/"},{"@type":"ListItem","position":2,"name":"Event"}]},{"@type":"WebSite","@id":"https:\/\/inzain.bike\/fr_be\/#website","url":"https:\/\/inzain.bike\/fr_be\/","name":"INZAIN SYKKELOPPLEVELSER","description":"Sykkeleventyr - for alle","publisher":{"@id":"https:\/\/inzain.bike\/fr_be\/#organization"},"alternateName":"INZAIN Gravel & Travel","potentialAction":[{"@type":"SearchAction","target":{"@type":"EntryPoint","urlTemplate":"https:\/\/inzain.bike\/fr_be\/?s={search_term_string}"},"query-input":{"@type":"PropertyValueSpecification","valueRequired":true,"valueName":"search_term_string"}}],"inLanguage":"nb-NO"},{"@type":"Organization","@id":"https:\/\/inzain.bike\/fr_be\/#organization","name":"INZAIN SYKKELOPPLEVELSER","url":"https:\/\/inzain.bike\/fr_be\/","logo":{"@type":"ImageObject","inLanguage":"nb-NO","@id":"https:\/\/inzain.bike\/fr_be\/#\/schema\/logo\/image\/","url":"https:\/\/i0.wp.com\/inzain.bike\/wp-content\/uploads\/2023\/09\/cropped-INZAIN_512x512_white.png?fit=512%2C512&ssl=1","contentUrl":"https:\/\/i0.wp.com\/inzain.bike\/wp-content\/uploads\/2023\/09\/cropped-INZAIN_512x512_white.png?fit=512%2C512&ssl=1","width":512,"height":512,"caption":"INZAIN Cycling EXPERIENCES"},"image":{"@id":"https:\/\/inzain.bike\/fr_be\/#\/schema\/logo\/image\/"},"sameAs":["https:\/\/www.facebook.com\/Inzain.bike","https:\/\/www.instagram.com\/inzainbike"]}]}},"amp_enabled":true,"_links":{"self":[{"href":"https:\/\/inzain.bike\/nb\/wp-json\/wp\/v2\/pages\/67","targetHints":{"allow":["GET"]}}],"collection":[{"href":"https:\/\/inzain.bike\/nb\/wp-json\/wp\/v2\/pages"}],"about":[{"href":"https:\/\/inzain.bike\/nb\/wp-json\/wp\/v2\/types\/page"}],"author":[{"embeddable":true,"href":"https:\/\/inzain.bike\/nb\/wp-json\/wp\/v2\/users\/135133094"}],"replies":[{"embeddable":true,"href":"https:\/\/inzain.bike\/nb\/wp-json\/wp\/v2\/comments?post=67"}],"version-history":[{"count":0,"href":"https:\/\/inzain.bike\/nb\/wp-json\/wp\/v2\/pages\/67\/revisions"}],"wp:attachment":[{"href":"https:\/\/inzain.bike\/nb\/wp-json\/wp\/v2\/media?parent=67"}],"curies":[{"name":"wp","href":"https:\/\/api.w.org\/{rel}","templated":true}]}}