{"id":7350,"date":"2024-05-31T12:32:54","date_gmt":"2024-05-31T10:32:54","guid":{"rendered":"https:\/\/inzain.bike\/?page_id=7350"},"modified":"2024-06-18T15:01:31","modified_gmt":"2024-06-18T13:01:31","slug":"nuvia-cykel-aventyr-i-sverige","status":"publish","type":"page","link":"https:\/\/inzain.bike\/nb\/nuvia-cykel-aventyr-i-sverige\/","title":{"rendered":"Nuvia Cycle Adventure i Sverige"},"content":{"rendered":"\n<p>F\u00f6r att din upplevelse ska bli s\u00e5 bra som m\u00f6jligt vill vi att du anger lite uppgifter om dig s\u00e5 vi kan v\u00e4lja r\u00e4tt storlek \u00e5t dig. Fyll i formul\u00e4ret nedan och skicka in det.<\/p>\n\n\n\n<p>Om du har en egen racer cykel s\u00e5 \u00e4r det enklast om du anger information om den, om du inte har det, s\u00e5 vill vi ha ditt <strong>inseam <\/strong>m\u00e5tt. Det m\u00e4ter du s\u00e5 h\u00e4r:<br><br>Anv\u00e4nd en bok och ett m\u00e5ttband.<br>St\u00e4ll personen mot en v\u00e4gg, i strumpl\u00e4sten och f\u00f6r upp boken mellan benen s\u00e5 h\u00f6gt det g\u00e5r, men utan att det blir obekv\u00e4mt. Inseam \u00e4r m\u00e5ttet fr\u00e5n golvet till bokens \u00f6ver kant.<br><em>Ex: 87 cm<\/em><\/p>\n\n\n\n<figure class=\"wp-block-image size-large\"><img loading=\"lazy\" decoding=\"async\" width=\"1024\" height=\"937\" src=\"https:\/\/inzain.bike\/wp-content\/uploads\/2024\/05\/INSEAM-1024x937.png\" alt=\"\" class=\"wp-image-7352\" srcset=\"https:\/\/inzain.bike\/wp-content\/uploads\/2024\/05\/INSEAM-1024x937.png 1024w, https:\/\/inzain.bike\/wp-content\/uploads\/2024\/05\/INSEAM-300x275.png 300w, https:\/\/inzain.bike\/wp-content\/uploads\/2024\/05\/INSEAM-768x703.png 768w, https:\/\/inzain.bike\/wp-content\/uploads\/2024\/05\/INSEAM-13x12.png 13w, https:\/\/inzain.bike\/wp-content\/uploads\/2024\/05\/INSEAM-600x549.png 600w, https:\/\/inzain.bike\/wp-content\/uploads\/2024\/05\/INSEAM.png 1098w\" sizes=\"auto, (max-width: 1024px) 100vw, 1024px\" \/><\/figure>\n\n\n\n<p>Klicka p\u00e5 storleksguiden f\u00f6r att best\u00e4mma vilken storlek du beh\u00f6ver p\u00e5 cykel kl\u00e4derna.<\/p>\n\n\n\n<p><a href=\"https:\/\/cdn.shopify.com\/s\/files\/1\/0598\/2742\/1373\/files\/Screenshot_2024-06-14_at_12.01.14_PM.jpg?v=1718380967\">Storleksguide Kl\u00e4der<\/a><\/p>\n\n\n\n<p><\/p>\n\n\n\n<p><strong>Vad du beh\u00f6ver ta med dig.<\/strong><br><br>\u25cf Cykelkl\u00e4der tillhandah\u00e5lls av Nuvia<br>\u25cf Cykelhandskar(Valfritt)<br>\u25cf Arm &amp; Ben v\u00e4rmare (Valfritt)<br>\u25cf Keps eller Bandana<br>\u25cf Regnkl\u00e4der Jacka \u00e4r ett m\u00e5ste, idealt \u00e4ven byxor.<br>\u25cf Solglas\u00f6gon<br>\u25cf Regn glas\u00f6gon (Transparenta eller med gult glas)<br>\u25cf Hj\u00e4lm<br>\u25cf Cykelskor eller sportskor(Se till att de matchar den pedaltyp du v\u00e4ljer i formul\u00e4ret nedan)<br>\u25cf Vattenflaskor<br>\u25cf Chamois Kr\u00e4m(recommended)<br>\u25cf Cykeldator med h\u00e5llare (Valfritt)<\/p>\n\n\n\n<p>If you have a race bike at home, consider bringing your own pedals and\/or saddle.<br><br>Fyll i detta formul\u00e4r.<\/p>\n\n\n<div class=\"wpforms-container wpforms-container-full wpforms-block wpforms-block-d7122a1c-d83e-46cf-ba78-c65905af755c wpforms-render-modern\" id=\"wpforms-7345\"><form id=\"wpforms-form-7345\" class=\"wpforms-validate wpforms-form wpforms-ajax-form\" data-formid=\"7345\" method=\"post\" enctype=\"multipart\/form-data\" action=\"\/nb\/wp-json\/wp\/v2\/pages\/7350\" data-token=\"2ae665c44060a8c48a3f1633db03c707\" data-token-time=\"1775409588\"><noscript class=\"wpforms-error-noscript\">Please enable JavaScript in your browser to complete this form.<\/noscript><div id=\"wpforms-error-noscript\" style=\"display: none;\">Please enable JavaScript in your browser to complete this form.<\/div><div class=\"wpforms-field-container\"><div id=\"wpforms-7345-field_1-container\" class=\"wpforms-field wpforms-field-name\" data-field-id=\"1\"><fieldset><legend class=\"wpforms-field-label\">Namn <span class=\"wpforms-required-label\" aria-hidden=\"true\">*<\/span><\/legend><div class=\"wpforms-field-row wpforms-field-medium\"><div class=\"wpforms-field-row-block wpforms-first wpforms-one-half\"><input type=\"text\" id=\"wpforms-7345-field_1\" class=\"wpforms-field-name-first wpforms-field-required\" name=\"wpforms[fields][1][first]\" aria-errormessage=\"wpforms-7345-field_1-error\" required><label for=\"wpforms-7345-field_1\" class=\"wpforms-field-sublabel after\">First<\/label><\/div><div class=\"wpforms-field-row-block wpforms-one-half\"><input type=\"text\" id=\"wpforms-7345-field_1-last\" class=\"wpforms-field-name-last wpforms-field-required\" name=\"wpforms[fields][1][last]\" aria-errormessage=\"wpforms-7345-field_1-last-error\" required><label for=\"wpforms-7345-field_1-last\" class=\"wpforms-field-sublabel after\">Last<\/label><\/div><\/div><\/fieldset><\/div><div id=\"wpforms-7345-field_4-container\" class=\"wpforms-field wpforms-field-email\" data-field-id=\"4\"><label class=\"wpforms-field-label\" for=\"wpforms-7345-field_4\">E-post <span class=\"wpforms-required-label\" aria-hidden=\"true\">*<\/span><\/label><input type=\"email\" id=\"wpforms-7345-field_4\" class=\"wpforms-field-medium wpforms-field-required\" name=\"wpforms[fields][4]\" spellcheck=\"false\" aria-errormessage=\"wpforms-7345-field_4-error\" aria-describedby=\"wpforms-7345-field_4-description\" required><div id=\"wpforms-7345-field_4-description\" class=\"wpforms-field-description\">Vad \u00e4r din e-mail adress<\/div><\/div><div id=\"wpforms-7345-field_12-container\" class=\"wpforms-field wpforms-field-select wpforms-field-select-style-classic\" data-field-id=\"12\"><label class=\"wpforms-field-label\" for=\"wpforms-7345-field_12\">Storlek Cykelkl\u00e4der<\/label><select id=\"wpforms-7345-field_12\" class=\"wpforms-field-medium\" name=\"wpforms[fields][12]\"><option value=\"XXS\"  class=\"choice-1 depth-1\"  >XXS<\/option><option value=\"XS\"  class=\"choice-2 depth-1\"  >XS<\/option><option value=\"S\"  class=\"choice-3 depth-1\"  >S<\/option><option value=\"M\"  class=\"choice-4 depth-1\"  >M<\/option><option value=\"L\"  class=\"choice-5 depth-1\"  >L<\/option><option value=\"XL\"  class=\"choice-6 depth-1\"  >XL<\/option><option value=\"XXL\"  class=\"choice-7 depth-1\"  >XXL<\/option><option value=\"3XL\"  class=\"choice-8 depth-1\"  >3XL<\/option><option value=\"4XL\"  class=\"choice-9 depth-1\"  >4XL<\/option><option value=\"5XL\"  class=\"choice-10 depth-1\"  >5XL<\/option><\/select><div id=\"wpforms-7345-field_12-description\" class=\"wpforms-field-description\">Ange din storlek p\u00e5 cykelkl\u00e4der.\r\nSe storleksguiden p\u00e5 l\u00e4nken ovan och best\u00e4m storlek utifr\u00e5n dina m\u00e5tt.<\/div><\/div><div id=\"wpforms-7345-field_5-container\" class=\"wpforms-field wpforms-field-radio wpforms-conditional-trigger\" data-field-id=\"5\"><fieldset><legend class=\"wpforms-field-label\">Flera val <span class=\"wpforms-required-label\" aria-hidden=\"true\">*<\/span><\/legend><ul id=\"wpforms-7345-field_5\" class=\"wpforms-field-required\"><li class=\"choice-1 depth-1\"><input type=\"radio\" id=\"wpforms-7345-field_5_1\" name=\"wpforms[fields][5]\" value=\"Jag har en racer cykel\" aria-errormessage=\"wpforms-7345-field_5_1-error\" required ><label class=\"wpforms-field-label-inline\" for=\"wpforms-7345-field_5_1\">Jag har en racer cykel<\/label><\/li><li class=\"choice-2 depth-1\"><input type=\"radio\" id=\"wpforms-7345-field_5_2\" name=\"wpforms[fields][5]\" value=\"Jag har inte en racer cykel\" aria-errormessage=\"wpforms-7345-field_5_2-error\" required ><label class=\"wpforms-field-label-inline\" for=\"wpforms-7345-field_5_2\">Jag har inte en racer cykel<\/label><\/li><\/ul><\/fieldset><\/div><div id=\"wpforms-7345-field_6-container\" class=\"wpforms-field wpforms-field-number wpforms-conditional-field wpforms-conditional-show\" data-field-id=\"6\" style=\"display:none;\"><label class=\"wpforms-field-label\" for=\"wpforms-7345-field_6\">Vad \u00e4r ditt inseam m\u00e5tt i cm?<\/label><input type=\"number\" id=\"wpforms-7345-field_6\" class=\"wpforms-field-medium\" name=\"wpforms[fields][6]\" step=\"any\" aria-errormessage=\"wpforms-7345-field_6-error\" aria-describedby=\"wpforms-7345-field_6-description\" ><div id=\"wpforms-7345-field_6-description\" class=\"wpforms-field-description\">Se beskrivning f\u00f6r hur du m\u00e4ter inseam.<\/div><\/div><div id=\"wpforms-7345-field_7-container\" class=\"wpforms-field wpforms-field-text wpforms-conditional-field wpforms-conditional-show\" data-field-id=\"7\" style=\"display:none;\"><label class=\"wpforms-field-label\" for=\"wpforms-7345-field_7\">Ange M\u00e4rke model tillverknings\u00e5r och Storlek p\u00e5 din cykel<\/label><input type=\"text\" id=\"wpforms-7345-field_7\" class=\"wpforms-field-medium\" name=\"wpforms[fields][7]\" aria-errormessage=\"wpforms-7345-field_7-error\" aria-describedby=\"wpforms-7345-field_7-description\" ><div id=\"wpforms-7345-field_7-description\" class=\"wpforms-field-description\">Du som har en racercykel, ange m\u00e4rke, model, \u00e5r och storlek.\r\n\r\nTill exempel: Trek Domane SL 2022<\/div><\/div><div id=\"wpforms-7345-field_8-container\" class=\"wpforms-field wpforms-field-number wpforms-conditional-field wpforms-conditional-show\" data-field-id=\"8\" style=\"display:none;\"><label class=\"wpforms-field-label\" for=\"wpforms-7345-field_8\">Ange sadelh\u00f6jd i cm.<\/label><input type=\"number\" id=\"wpforms-7345-field_8\" class=\"wpforms-field-medium\" name=\"wpforms[fields][8]\" step=\"any\" aria-errormessage=\"wpforms-7345-field_8-error\" aria-describedby=\"wpforms-7345-field_8-description\" ><div id=\"wpforms-7345-field_8-description\" class=\"wpforms-field-description\">M\u00e4tt fr\u00e5n centrum av navet till sadelns \u00f6verkant l\u00e4ngs sadelr\u00f6ret.<\/div><\/div><div id=\"wpforms-7345-field_9-container\" class=\"wpforms-field wpforms-field-number wpforms-conditional-field wpforms-conditional-show\" data-field-id=\"9\" style=\"display:none;\"><label class=\"wpforms-field-label\" for=\"wpforms-7345-field_9\">Ange m\u00e5tt Sadel till Styre i cm.<\/label><input type=\"number\" id=\"wpforms-7345-field_9\" class=\"wpforms-field-medium\" name=\"wpforms[fields][9]\" step=\"any\" aria-errormessage=\"wpforms-7345-field_9-error\" aria-describedby=\"wpforms-7345-field_9-description\" ><div id=\"wpforms-7345-field_9-description\" class=\"wpforms-field-description\">Ange m\u00e5ttet fr\u00e5n bakkant av cykelsadel till framkant p\u00e5 styret.<\/div><\/div><div id=\"wpforms-7345-field_10-container\" class=\"wpforms-field wpforms-field-select wpforms-field-select-style-classic\" data-field-id=\"10\"><label class=\"wpforms-field-label\" for=\"wpforms-7345-field_10\">Pedaltyp <span class=\"wpforms-required-label\" aria-hidden=\"true\">*<\/span><\/label><select id=\"wpforms-7345-field_10\" class=\"wpforms-field-medium wpforms-field-required\" name=\"wpforms[fields][10]\" required=\"required\"><option value=\"Platta pedaler\"  class=\"choice-1 depth-1\"  >Platta pedaler<\/option><option value=\"Look\"  class=\"choice-2 depth-1\"  >Look<\/option><option value=\"SPD (MTB)\"  class=\"choice-4 depth-1\"  >SPD (MTB)<\/option><option value=\"Shimano\"  class=\"choice-5 depth-1\"  >Shimano<\/option><option value=\"Will bring my own\"  class=\"choice-6 depth-1\"  >Will bring my own<\/option><\/select><div id=\"wpforms-7345-field_10-description\" class=\"wpforms-field-description\">Ange typ av pedal du har eller \u00f6nskar.<\/div><\/div><div id=\"wpforms-7345-field_11-container\" class=\"wpforms-field wpforms-field-checkbox\" data-field-id=\"11\"><fieldset><legend class=\"wpforms-field-label\">Jag tar med egen sadel <span class=\"wpforms-required-label\" aria-hidden=\"true\">*<\/span><\/legend><ul id=\"wpforms-7345-field_11\" class=\"wpforms-field-required\"><li class=\"choice-1 depth-1\"><input type=\"checkbox\" id=\"wpforms-7345-field_11_1\" name=\"wpforms[fields][11][]\" value=\"Ja\" aria-errormessage=\"wpforms-7345-field_11_1-error\" aria-describedby=\"wpforms-7345-field_11-description\" required ><label class=\"wpforms-field-label-inline\" for=\"wpforms-7345-field_11_1\">Ja<\/label><\/li><li class=\"choice-2 depth-1\"><input type=\"checkbox\" id=\"wpforms-7345-field_11_2\" name=\"wpforms[fields][11][]\" value=\"Nej\" aria-errormessage=\"wpforms-7345-field_11_2-error\" aria-describedby=\"wpforms-7345-field_11-description\" required ><label class=\"wpforms-field-label-inline\" for=\"wpforms-7345-field_11_2\">Nej<\/label><\/li><\/ul><div id=\"wpforms-7345-field_11-description\" class=\"wpforms-field-description\">Tar du med din egna sadel?<\/div><\/fieldset><\/div><\/div><!-- .wpforms-field-container --><div class=\"wpforms-submit-container\" ><input type=\"hidden\" name=\"wpforms[id]\" value=\"7345\"><input type=\"hidden\" name=\"page_title\" value=\"\"><input type=\"hidden\" name=\"page_url\" value=\"https:\/\/inzain.bike\/nb\/wp-json\/wp\/v2\/pages\/7350\"><input type=\"hidden\" name=\"url_referer\" value=\"\"><button type=\"submit\" name=\"wpforms[submit]\" id=\"wpforms-submit-7345\" class=\"wpforms-submit\" data-alt-text=\"Skickar \u2026\" data-submit-text=\"Skicka\" aria-live=\"assertive\" value=\"wpforms-submit\">Skicka<\/button><img loading=\"lazy\" decoding=\"async\" src=\"https:\/\/inzain.bike\/wp-content\/plugins\/wpforms\/assets\/images\/submit-spin.svg\" class=\"wpforms-submit-spinner\" style=\"display: none;\" width=\"26\" height=\"26\" alt=\"Loading\"><\/div><\/form><\/div>  <!-- .wpforms-container -->","protected":false},"excerpt":{"rendered":"<p>F\u00f6r att din upplevelse ska bli s\u00e5 bra som m\u00f6jligt vill vi att du anger lite uppgifter om dig s\u00e5 vi kan v\u00e4lja r\u00e4tt storlek \u00e5t dig. Fyll i formul\u00e4ret nedan och skicka in det. Om du har en egen racer cykel s\u00e5 \u00e4r det enklast om du anger information om den, om du inte [&hellip;]<\/p>\n","protected":false},"author":203917875,"featured_media":0,"parent":0,"menu_order":0,"comment_status":"closed","ping_status":"closed","template":"","meta":{"_coblocks_attr":"","_coblocks_dimensions":"","_coblocks_responsive_height":"","_coblocks_accordion_ie_support":"","footnotes":""},"class_list":["post-7350","page","type-page","status-publish","hentry"],"yoast_head":"<!-- This site is optimized with the Yoast SEO plugin v27.2 - https:\/\/yoast.com\/product\/yoast-seo-wordpress\/ -->\n<title>Nuvia Cykel \u00c4ventyr i Sverige - INZAIN Cycling EXPERIENCES<\/title>\n<meta name=\"robots\" content=\"index, follow, max-snippet:-1, max-image-preview:large, max-video-preview:-1\" \/>\n<link rel=\"canonical\" href=\"https:\/\/inzain.bike\/nb\/nuvia-cykel-aventyr-i-sverige\/\" \/>\n<meta property=\"og:locale\" content=\"nb_NO\" \/>\n<meta property=\"og:type\" content=\"article\" \/>\n<meta property=\"og:title\" content=\"Nuvia Cykel \u00c4ventyr i Sverige - INZAIN Cycling EXPERIENCES\" \/>\n<meta property=\"og:description\" content=\"F\u00f6r att din upplevelse ska bli s\u00e5 bra som m\u00f6jligt vill vi att du anger lite uppgifter om dig s\u00e5 vi kan v\u00e4lja r\u00e4tt storlek \u00e5t dig. Fyll i formul\u00e4ret nedan och skicka in det. Om du har en egen racer cykel s\u00e5 \u00e4r det enklast om du anger information om den, om du inte [&hellip;]\" \/>\n<meta property=\"og:url\" content=\"https:\/\/inzain.bike\/nb\/nuvia-cykel-aventyr-i-sverige\/\" \/>\n<meta property=\"og:site_name\" content=\"INZAIN Cycling EXPERIENCES\" \/>\n<meta property=\"article:publisher\" content=\"https:\/\/www.facebook.com\/Inzain.bike\" \/>\n<meta property=\"article:modified_time\" content=\"2024-06-18T13:01:31+00:00\" \/>\n<meta property=\"og:image\" content=\"https:\/\/inzain.bike\/wp-content\/uploads\/2024\/05\/INSEAM-1024x937.png\" \/>\n<meta name=\"twitter:card\" content=\"summary_large_image\" \/>\n<meta name=\"twitter:label1\" content=\"Ansl. lesetid\" \/>\n\t<meta name=\"twitter:data1\" content=\"2 minutter\" \/>\n<script type=\"application\/ld+json\" class=\"yoast-schema-graph\">{\"@context\":\"https:\/\/schema.org\",\"@graph\":[{\"@type\":\"WebPage\",\"@id\":\"https:\/\/inzain.bike\/en\/nuvia-cykel-aventyr-i-sverige\/\",\"url\":\"https:\/\/inzain.bike\/en\/nuvia-cykel-aventyr-i-sverige\/\",\"name\":\"Nuvia Cykel \u00c4ventyr i Sverige - INZAIN Cycling EXPERIENCES\",\"isPartOf\":{\"@id\":\"https:\/\/inzain.bike\/fr_be\/#website\"},\"primaryImageOfPage\":{\"@id\":\"https:\/\/inzain.bike\/en\/nuvia-cykel-aventyr-i-sverige\/#primaryimage\"},\"image\":{\"@id\":\"https:\/\/inzain.bike\/en\/nuvia-cykel-aventyr-i-sverige\/#primaryimage\"},\"thumbnailUrl\":\"https:\/\/inzain.bike\/wp-content\/uploads\/2024\/05\/INSEAM-1024x937.png\",\"datePublished\":\"2024-05-31T10:32:54+00:00\",\"dateModified\":\"2024-06-18T13:01:31+00:00\",\"breadcrumb\":{\"@id\":\"https:\/\/inzain.bike\/en\/nuvia-cykel-aventyr-i-sverige\/#breadcrumb\"},\"inLanguage\":\"nb-NO\",\"potentialAction\":[{\"@type\":\"ReadAction\",\"target\":[\"https:\/\/inzain.bike\/en\/nuvia-cykel-aventyr-i-sverige\/\"]}]},{\"@type\":\"ImageObject\",\"inLanguage\":\"nb-NO\",\"@id\":\"https:\/\/inzain.bike\/en\/nuvia-cykel-aventyr-i-sverige\/#primaryimage\",\"url\":\"https:\/\/inzain.bike\/wp-content\/uploads\/2024\/05\/INSEAM-1024x937.png\",\"contentUrl\":\"https:\/\/inzain.bike\/wp-content\/uploads\/2024\/05\/INSEAM-1024x937.png\"},{\"@type\":\"BreadcrumbList\",\"@id\":\"https:\/\/inzain.bike\/en\/nuvia-cykel-aventyr-i-sverige\/#breadcrumb\",\"itemListElement\":[{\"@type\":\"ListItem\",\"position\":1,\"name\":\"Hem\",\"item\":\"https:\/\/inzain.bike\/fr_be\/\"},{\"@type\":\"ListItem\",\"position\":2,\"name\":\"Nuvia Cykel \u00c4ventyr i Sverige\"}]},{\"@type\":\"WebSite\",\"@id\":\"https:\/\/inzain.bike\/fr_be\/#website\",\"url\":\"https:\/\/inzain.bike\/fr_be\/\",\"name\":\"INZAIN Cycling EXPERIENCES\",\"description\":\"Cyckling Adventures  - for everyone\",\"publisher\":{\"@id\":\"https:\/\/inzain.bike\/fr_be\/#organization\"},\"alternateName\":\"INZAIN Gravel & Travel\",\"potentialAction\":[{\"@type\":\"SearchAction\",\"target\":{\"@type\":\"EntryPoint\",\"urlTemplate\":\"https:\/\/inzain.bike\/fr_be\/?s={search_term_string}\"},\"query-input\":{\"@type\":\"PropertyValueSpecification\",\"valueRequired\":true,\"valueName\":\"search_term_string\"}}],\"inLanguage\":\"nb-NO\"},{\"@type\":\"Organization\",\"@id\":\"https:\/\/inzain.bike\/fr_be\/#organization\",\"name\":\"INZAIN Cycling EXPERIENCES\",\"url\":\"https:\/\/inzain.bike\/fr_be\/\",\"logo\":{\"@type\":\"ImageObject\",\"inLanguage\":\"nb-NO\",\"@id\":\"https:\/\/inzain.bike\/fr_be\/#\/schema\/logo\/image\/\",\"url\":\"https:\/\/i0.wp.com\/inzain.bike\/wp-content\/uploads\/2023\/09\/cropped-INZAIN_512x512_white.png?fit=512%2C512&ssl=1\",\"contentUrl\":\"https:\/\/i0.wp.com\/inzain.bike\/wp-content\/uploads\/2023\/09\/cropped-INZAIN_512x512_white.png?fit=512%2C512&ssl=1\",\"width\":512,\"height\":512,\"caption\":\"INZAIN Cycling EXPERIENCES\"},\"image\":{\"@id\":\"https:\/\/inzain.bike\/fr_be\/#\/schema\/logo\/image\/\"},\"sameAs\":[\"https:\/\/www.facebook.com\/Inzain.bike\",\"https:\/\/www.instagram.com\/inzainbike\"]}]}<\/script>\n<!-- \/ Yoast SEO plugin. -->","yoast_head_json":{"title":"Nuvia Sykkeleventyr i Sverige - INZAIN Sykkelopplevelser","robots":{"index":"index","follow":"follow","max-snippet":"max-snippet:-1","max-image-preview":"max-image-preview:large","max-video-preview":"max-video-preview:-1"},"canonical":"https:\/\/inzain.bike\/nb\/nuvia-cykel-aventyr-i-sverige\/","og_locale":"nb_NO","og_type":"article","og_title":"Nuvia Cykel \u00c4ventyr i Sverige - INZAIN Cycling EXPERIENCES","og_description":"F\u00f6r att din upplevelse ska bli s\u00e5 bra som m\u00f6jligt vill vi att du anger lite uppgifter om dig s\u00e5 vi kan v\u00e4lja r\u00e4tt storlek \u00e5t dig. Fyll i formul\u00e4ret nedan och skicka in det. Om du har en egen racer cykel s\u00e5 \u00e4r det enklast om du anger information om den, om du inte [&hellip;]","og_url":"https:\/\/inzain.bike\/nb\/nuvia-cykel-aventyr-i-sverige\/","og_site_name":"INZAIN Cycling EXPERIENCES","article_publisher":"https:\/\/www.facebook.com\/Inzain.bike","article_modified_time":"2024-06-18T13:01:31+00:00","og_image":[{"url":"https:\/\/inzain.bike\/wp-content\/uploads\/2024\/05\/INSEAM-1024x937.png","type":"","width":"","height":""}],"twitter_card":"summary_large_image","twitter_misc":{"Ansl. lesetid":"2 minutter"},"schema":{"@context":"https:\/\/schema.org","@graph":[{"@type":"WebPage","@id":"https:\/\/inzain.bike\/en\/nuvia-cykel-aventyr-i-sverige\/","url":"https:\/\/inzain.bike\/en\/nuvia-cykel-aventyr-i-sverige\/","name":"Nuvia Sykkeleventyr i Sverige - INZAIN Sykkelopplevelser","isPartOf":{"@id":"https:\/\/inzain.bike\/fr_be\/#website"},"primaryImageOfPage":{"@id":"https:\/\/inzain.bike\/en\/nuvia-cykel-aventyr-i-sverige\/#primaryimage"},"image":{"@id":"https:\/\/inzain.bike\/en\/nuvia-cykel-aventyr-i-sverige\/#primaryimage"},"thumbnailUrl":"https:\/\/inzain.bike\/wp-content\/uploads\/2024\/05\/INSEAM-1024x937.png","datePublished":"2024-05-31T10:32:54+00:00","dateModified":"2024-06-18T13:01:31+00:00","breadcrumb":{"@id":"https:\/\/inzain.bike\/en\/nuvia-cykel-aventyr-i-sverige\/#breadcrumb"},"inLanguage":"nb-NO","potentialAction":[{"@type":"ReadAction","target":["https:\/\/inzain.bike\/en\/nuvia-cykel-aventyr-i-sverige\/"]}]},{"@type":"ImageObject","inLanguage":"nb-NO","@id":"https:\/\/inzain.bike\/en\/nuvia-cykel-aventyr-i-sverige\/#primaryimage","url":"https:\/\/inzain.bike\/wp-content\/uploads\/2024\/05\/INSEAM-1024x937.png","contentUrl":"https:\/\/inzain.bike\/wp-content\/uploads\/2024\/05\/INSEAM-1024x937.png"},{"@type":"BreadcrumbList","@id":"https:\/\/inzain.bike\/en\/nuvia-cykel-aventyr-i-sverige\/#breadcrumb","itemListElement":[{"@type":"ListItem","position":1,"name":"Hem","item":"https:\/\/inzain.bike\/fr_be\/"},{"@type":"ListItem","position":2,"name":"Nuvia Cykel \u00c4ventyr i Sverige"}]},{"@type":"WebSite","@id":"https:\/\/inzain.bike\/fr_be\/#website","url":"https:\/\/inzain.bike\/fr_be\/","name":"INZAIN SYKKELOPPLEVELSER","description":"Sykkeleventyr - for alle","publisher":{"@id":"https:\/\/inzain.bike\/fr_be\/#organization"},"alternateName":"INZAIN Gravel & Travel","potentialAction":[{"@type":"SearchAction","target":{"@type":"EntryPoint","urlTemplate":"https:\/\/inzain.bike\/fr_be\/?s={search_term_string}"},"query-input":{"@type":"PropertyValueSpecification","valueRequired":true,"valueName":"search_term_string"}}],"inLanguage":"nb-NO"},{"@type":"Organization","@id":"https:\/\/inzain.bike\/fr_be\/#organization","name":"INZAIN SYKKELOPPLEVELSER","url":"https:\/\/inzain.bike\/fr_be\/","logo":{"@type":"ImageObject","inLanguage":"nb-NO","@id":"https:\/\/inzain.bike\/fr_be\/#\/schema\/logo\/image\/","url":"https:\/\/i0.wp.com\/inzain.bike\/wp-content\/uploads\/2023\/09\/cropped-INZAIN_512x512_white.png?fit=512%2C512&ssl=1","contentUrl":"https:\/\/i0.wp.com\/inzain.bike\/wp-content\/uploads\/2023\/09\/cropped-INZAIN_512x512_white.png?fit=512%2C512&ssl=1","width":512,"height":512,"caption":"INZAIN Cycling EXPERIENCES"},"image":{"@id":"https:\/\/inzain.bike\/fr_be\/#\/schema\/logo\/image\/"},"sameAs":["https:\/\/www.facebook.com\/Inzain.bike","https:\/\/www.instagram.com\/inzainbike"]}]}},"amp_enabled":true,"_links":{"self":[{"href":"https:\/\/inzain.bike\/nb\/wp-json\/wp\/v2\/pages\/7350","targetHints":{"allow":["GET"]}}],"collection":[{"href":"https:\/\/inzain.bike\/nb\/wp-json\/wp\/v2\/pages"}],"about":[{"href":"https:\/\/inzain.bike\/nb\/wp-json\/wp\/v2\/types\/page"}],"author":[{"embeddable":true,"href":"https:\/\/inzain.bike\/nb\/wp-json\/wp\/v2\/users\/203917875"}],"replies":[{"embeddable":true,"href":"https:\/\/inzain.bike\/nb\/wp-json\/wp\/v2\/comments?post=7350"}],"version-history":[{"count":2,"href":"https:\/\/inzain.bike\/nb\/wp-json\/wp\/v2\/pages\/7350\/revisions"}],"predecessor-version":[{"id":7461,"href":"https:\/\/inzain.bike\/nb\/wp-json\/wp\/v2\/pages\/7350\/revisions\/7461"}],"wp:attachment":[{"href":"https:\/\/inzain.bike\/nb\/wp-json\/wp\/v2\/media?parent=7350"}],"curies":[{"name":"wp","href":"https:\/\/api.w.org\/{rel}","templated":true}]}}