{"id":8906,"date":"2025-11-02T19:33:02","date_gmt":"2025-11-02T18:33:02","guid":{"rendered":"https:\/\/inzain.bike\/?page_id=8906"},"modified":"2026-01-12T14:22:08","modified_gmt":"2026-01-12T13:22:08","slug":"social-rides","status":"publish","type":"page","link":"https:\/\/inzain.bike\/nb\/social-rides\/","title":{"rendered":"Sosiale turer"},"content":{"rendered":"<figure class=\"wp-block-embed is-type-video is-provider-youtube wp-block-embed-youtube wp-embed-aspect-16-9 wp-has-aspect-ratio\"><div class=\"wp-block-embed__wrapper\">\n<iframe loading=\"lazy\" title=\"Mitt \u00e5r i grus 2025\" width=\"500\" height=\"281\" src=\"https:\/\/www.youtube.com\/embed\/P9BJSE-x1uE?feature=oembed\" frameborder=\"0\" allow=\"accelerometer; autoplay; clipboard-write; encrypted-media; gyroscope; picture-in-picture; web-share\" referrerpolicy=\"strict-origin-when-cross-origin\" allowfullscreen><\/iframe>\n<\/div><\/figure>\n\n\n\n<p>Vi arrangerer to sosiale turer per uke, avhengig av v\u00e6r og \u00e5rstid. Alle er velkomne til \u00e5 delta p\u00e5 disse. Vi annonserer dem p\u00e5 Facebook i gruppen. <a href=\"https:\/\/www.facebook.com\/groups\/gravelbikesweden\" target=\"_blank\" rel=\"noreferrer noopener\">Gravel Bike Sverige<\/a> og p\u00e5 Strava i <a href=\"https:\/\/www.strava.com\/clubs\/gravelbikesweden\" target=\"_blank\" rel=\"noreferrer noopener\">Strava-klubben <\/a>med samme navn.<\/p>\n\n\n\n<p>Felles for disse er at vi sykler sammen og ingen blir sluppet av, samtidig som vi krever at deltakerne skal kunne holde en viss gjennomsnittsfart spesifisert p\u00e5 arrangementet, vanligvis 20 km\/t men dette kan variere.<\/p>\n\n\n\n<p><strong>Dobbel hastighet<\/strong><br>Vi har to varianter av ruten. Vi sykler mesteparten av tiden sammen, men vi vil ogs\u00e5 inkludere en eller flere fritt tempo-deler og segmenter der vi presenterer resultatene etter arrangementet. Vi tror dette kan v\u00e6re en god m\u00e5te \u00e5 f\u00e5 utl\u00f8p for energien, men samtidig holde det g\u00f8y.<\/p>\n\n\n\n<p><strong>INZAIN-poengsummen<\/strong><\/p>\n\n\n\n<p>Gjennom hele 2026 arrangerer vi en konkurranse, INZAIN-poengsummen. Poeng samles gjennom hele \u00e5ret, og de med flest poeng p\u00e5 slutten av sesongen kan vinne flotte premier, som for eksempel en tur med oss, hvorfor ikke Toscana for eksempel?<\/p>\n\n\n\n<p>Les mer om INZAIN-poengsummen <a href=\"https:\/\/inzain.bike\/nb\/the-inzain-score\/\">her<\/a>.<\/p>\n\n\n\n<p><strong>Hva st\u00e5r vi for?<\/strong><\/p>\n\n\n\n<p>Vi \u00f8nsker at disse turene skal v\u00e6re hyggelige, morsomme og moderat utfordrende. Vi legger alltid stor vekt p\u00e5 at de har en god rute, helst med en eller flere spesielle ting, for eksempel en severdighet, et interessant objekt eller noe annet.<\/p>\n\n\n\n<p>Vi er ogs\u00e5 n\u00f8ye med lunsj- og kaffepauser, vi velger alltid veldig fine steder.<br>Vi har f\u00e5tt kaffe levert til strendene, vi har hatt steder \u00e5pne spesielt for oss og mye mer. INZAIN tilbyr noen ganger grillmat med drikke. Det er ogs\u00e5 vanlig at vi har bestilt og forh\u00e5ndsbestilt mat, alt slik at det skal g\u00e5 knirkefritt n\u00e5r vi f\u00f8rst er der.<\/p>\n\n\n\n<p>Vi sykler ikke p\u00e5 en fast ukedag, men \u00f8nsker \u00e5 kunne velge dagen etter v\u00e6ret. Vi vil at sykling skal v\u00e6re g\u00f8y, og at d\u00e5rlig v\u00e6r ikke skal v\u00e6re s\u00e5 g\u00f8y, hvis det kan unng\u00e5s.<\/p>\n\n\n\n<figure class=\"wp-block-image size-large\"><img loading=\"lazy\" decoding=\"async\" width=\"1024\" height=\"669\" src=\"https:\/\/inzain.bike\/wp-content\/uploads\/2025\/11\/IMG-20250802-WA0002-1024x669.jpg\" alt=\"\" class=\"wp-image-8909\" srcset=\"https:\/\/inzain.bike\/wp-content\/uploads\/2025\/11\/IMG-20250802-WA0002-1024x669.jpg 1024w, https:\/\/inzain.bike\/wp-content\/uploads\/2025\/11\/IMG-20250802-WA0002-300x196.jpg 300w, https:\/\/inzain.bike\/wp-content\/uploads\/2025\/11\/IMG-20250802-WA0002-768x502.jpg 768w, https:\/\/inzain.bike\/wp-content\/uploads\/2025\/11\/IMG-20250802-WA0002-1536x1004.jpg 1536w, https:\/\/inzain.bike\/wp-content\/uploads\/2025\/11\/IMG-20250802-WA0002-18x12.jpg 18w, https:\/\/inzain.bike\/wp-content\/uploads\/2025\/11\/IMG-20250802-WA0002-600x392.jpg 600w, https:\/\/inzain.bike\/wp-content\/uploads\/2025\/11\/IMG-20250802-WA0002.jpg 1600w\" sizes=\"auto, (max-width: 1024px) 100vw, 1024px\" \/><\/figure>\n\n\n\n<p>Vi har en WhatsApp-gruppe som prim\u00e6rt brukes til \u00e5 kommunisere underveis i turen, kanskje noen vil f\u00e5 et tips eller hjelp p\u00e5 en annen m\u00e5te. Vi annonserer ogs\u00e5 kommende turer i denne gruppen.<\/p>\n\n\n\n<p>Du er velkommen til \u00e5 bli med oss p\u00e5 omvisningen.<\/p>\n\n\n\n<p>Grus? Det er INZAIN!<br><\/p>\n\n\n\n<hr class=\"wp-block-separator has-alpha-channel-opacity\"\/>\n\n\n\n<p>Varm velkomst!<\/p>\n\n\n\n<p>Planlagte turer for 2026 \u2013 Datoer ikke satt for alle enn\u00e5, s\u00e5 f\u00f8lg med.<br><br>INZAIN Mariefred \u2013 Dunker Loop \ud83c\udd95 4<br>INZAIN 500 grader p\u00e5 \ud83c\udd95 5<br>INZAIN Gnesta Nyk\u00f6ping loop \ud83c\udd95 6<br>INZAIN Dalar\u00f6 3P \ud83c\udd95 7<br>INZAIN 100 mil (gammel IGG)\ud83c\udd95 8<br>INZAIN Uppsala Century \ud83c\udd95 9<br>INZAIN Golf Romeo Uniform Sierra \ud83c\udd95 10<br>INZAIN Norrt\u00e4lje V\u00e4t\u00f6 \ud83c\udd95 11<br>INZAIN Yxlan &amp; Blid\u00f6 \ud83e\uddea 12<br>INZAIN Furusund -&gt; Upplands V\u00e4sby \ud83c\udd95 13<br>INZAIN Fathers Town Ride\ud83c\udd95 14<br>INZAIN Mariefred Str\u00e4ngn\u00e4s\ud83c\udd95 15<br>Grus SALA 16<br>INZAIN Knyttnevem\u00f8lle \ud83c\udd95 17<br>INZAIN Rundt B\u00e5ven \ud83c\udd95 18<br>INZAIN GIMO \ud83c\udd95 19<br>INZAIN Dateren Rundt \ud83c\udd95 20<br>INZAIN Uppsala B\u00e5lsta 2026 \ud83c\udd95 21<br>INZAIN desember Tailwind Groads 22<br>INZAIN Stigtomta \ud83c\udd95 23<br>INZAIN Enk\u00f6ping Forsby m\u00f8lle \ud83c\udd95 24<br>INZAIN Forn\u00f8yelsestur UT!! 26<br>INZAIN Bj\u00f8rner og bj\u00f8rk 28<br>INZAIN B\u00f8keskogen og Border Island Raid \ud83c\udd95 29<br>INZAIN Uppsala B\u00e5lsta p\u00e5 en ny m\u00e5te \ud83c\udd95 29<br>INZAIN Stigtomta Loop \ud83c\udd95 31<br>INZAIN Twin Peaks Nyn\u00e4s 32<br>INZAIN Tarte Flamb\u00e9e 33<br>INZAIN Dit og tilbake igjen 34<br>INZAIN-\u00f8ygruppens raid 2026 \ud83c\udd95 35<br>INZAIN Hot Island Adventure 36<br>INZAIN Bl\u00e5 Salmon Lagoon 37<br>INZAIN Sela\u00f6n \ud83c\udd95 38<br>INZAIN Den gamle og nye turshortsen 39<br>INZAIN En tur i brent land \ud83c\udd95 40<br>INZAIN Dobbeltneseturen 41<br>INZAIN Laggers Bay Ride 42<br>INZAIN CookieCastle og Sharp Skerry \ud83c\udd95 43<br>INZAIN Uppsala Vattholma (Power Islet) 44<br>INZAIN Kardemonknivtur 45<br>INZAIN Tatin 46<br>Lis\u00f6 WIP \ud83e\uddea 47<br>V\u00e4t\u00f6-tur p\u00e5g\u00e5ende arbeid \ud83e\uddea 48<br>AW INZAIN \u2013 The Buffalo Raid 50<br>AW INZAIN \u2013 Nebuchadnezzars Casque 51<br>AW INZAIN F\u00e6r\u00f8yene 52<br>AW INZAIN Two Island Dash \u2013 h\u00f8stutgave 53<br>AW INZAIN Nighthawk Ramble \ud83c\udd95 54<br>AW INZAIN S\u00f8r 2 S\u00f8r 56<br>AW INZAIN Night Wolverine 57<br>AW INZAIN Nordstien 58<br>AW INZAIN Ways of Water 2025 60<br>AW INZAIN Three Bays Ride 61<br>AW INZAIN The Golden Hour Raid 62<br>AW INZAIN Chase The Sun 63<br>AW INZAIN Det onde \u00f8sten \u2013 Kort 64<br>AW INZAIN The Kinder Egg Ride 65<br>AW INZAIN Madame Mayas sommermysterium 66<br>AW INZAIN AllRoad Raid 67<br>AW INZAIN \u2013 The Hills &amp; Sightseeing Ride 68<br>AW INZAIN The Sun &amp; Fun Ride 69<br>AW INZAIN Sundown Ride \u2013 En nytelsestur 70<br>AW INZAIN Skumringspatrulje 71<br>AW INZAIN Nordlys 72<br>AW INZAIN M\u00f8rk Vanntur 73<br>AW INZAIN Septentrional Ride 74<br>AW INZAIN The Twin Peaks Ride 75<\/p>\n\n\n\n<p><br><br><\/p>\n\n\n\n<p><br><\/p>","protected":false},"excerpt":{"rendered":"<p>Vi arrangerar tv\u00e5 Social Rides per vecka, n\u00e4r v\u00e4der och s\u00e4song till\u00e5ter. Alla \u00e4r v\u00e4lkomna p\u00e5 dessa. Vi annonserar dem p\u00e5 Facebook i gruppen Gravel Bike Sweden och p\u00e5 Strava i Stravaklubben med samma namn. Gemensamt f\u00f6r dessa \u00e4r vi cyklar tillsammans och ingen droppas, samtidigt som vi st\u00e4ller krav att deltagare ska kunna h\u00e5lla [&hellip;]<\/p>\n","protected":false},"author":203917875,"featured_media":0,"parent":0,"menu_order":0,"comment_status":"closed","ping_status":"closed","template":"","meta":{"_coblocks_attr":"","_coblocks_dimensions":"","_coblocks_responsive_height":"","_coblocks_accordion_ie_support":"","footnotes":""},"class_list":["post-8906","page","type-page","status-publish","hentry"],"yoast_head":"<!-- This site is optimized with the Yoast SEO plugin v27.2 - https:\/\/yoast.com\/product\/yoast-seo-wordpress\/ -->\n<title>Social Rides - INZAIN Cycling EXPERIENCES<\/title>\n<meta name=\"robots\" content=\"index, follow, max-snippet:-1, max-image-preview:large, max-video-preview:-1\" \/>\n<link rel=\"canonical\" href=\"https:\/\/inzain.bike\/nb\/social-rides\/\" \/>\n<meta property=\"og:locale\" content=\"nb_NO\" \/>\n<meta property=\"og:type\" content=\"article\" \/>\n<meta property=\"og:title\" content=\"Social Rides - INZAIN Cycling EXPERIENCES\" \/>\n<meta property=\"og:description\" content=\"Vi arrangerar tv\u00e5 Social Rides per vecka, n\u00e4r v\u00e4der och s\u00e4song till\u00e5ter. Alla \u00e4r v\u00e4lkomna p\u00e5 dessa. Vi annonserar dem p\u00e5 Facebook i gruppen Gravel Bike Sweden och p\u00e5 Strava i Stravaklubben med samma namn. Gemensamt f\u00f6r dessa \u00e4r vi cyklar tillsammans och ingen droppas, samtidigt som vi st\u00e4ller krav att deltagare ska kunna h\u00e5lla [&hellip;]\" \/>\n<meta property=\"og:url\" content=\"https:\/\/inzain.bike\/nb\/social-rides\/\" \/>\n<meta property=\"og:site_name\" content=\"INZAIN Cycling EXPERIENCES\" \/>\n<meta property=\"article:publisher\" content=\"https:\/\/www.facebook.com\/Inzain.bike\" \/>\n<meta property=\"article:modified_time\" content=\"2026-01-12T13:22:08+00:00\" \/>\n<meta property=\"og:image\" content=\"https:\/\/inzain.bike\/wp-content\/uploads\/2025\/11\/IMG-20250802-WA0002.jpg\" \/>\n\t<meta property=\"og:image:width\" content=\"1600\" \/>\n\t<meta property=\"og:image:height\" content=\"1046\" \/>\n\t<meta property=\"og:image:type\" content=\"image\/jpeg\" \/>\n<meta name=\"twitter:card\" content=\"summary_large_image\" \/>\n<meta name=\"twitter:label1\" content=\"Ansl. lesetid\" \/>\n\t<meta name=\"twitter:data1\" content=\"4 minutter\" \/>\n<script type=\"application\/ld+json\" class=\"yoast-schema-graph\">{\"@context\":\"https:\/\/schema.org\",\"@graph\":[{\"@type\":\"WebPage\",\"@id\":\"https:\/\/inzain.bike\/social-rides\/\",\"url\":\"https:\/\/inzain.bike\/social-rides\/\",\"name\":\"Social Rides - INZAIN Cycling EXPERIENCES\",\"isPartOf\":{\"@id\":\"https:\/\/inzain.bike\/fr_be\/#website\"},\"primaryImageOfPage\":{\"@id\":\"https:\/\/inzain.bike\/social-rides\/#primaryimage\"},\"image\":{\"@id\":\"https:\/\/inzain.bike\/social-rides\/#primaryimage\"},\"thumbnailUrl\":\"https:\/\/inzain.bike\/wp-content\/uploads\/2025\/11\/IMG-20250802-WA0002-1024x669.jpg\",\"datePublished\":\"2025-11-02T18:33:02+00:00\",\"dateModified\":\"2026-01-12T13:22:08+00:00\",\"breadcrumb\":{\"@id\":\"https:\/\/inzain.bike\/social-rides\/#breadcrumb\"},\"inLanguage\":\"nb-NO\",\"potentialAction\":[{\"@type\":\"ReadAction\",\"target\":[\"https:\/\/inzain.bike\/social-rides\/\"]}]},{\"@type\":\"ImageObject\",\"inLanguage\":\"nb-NO\",\"@id\":\"https:\/\/inzain.bike\/social-rides\/#primaryimage\",\"url\":\"https:\/\/inzain.bike\/wp-content\/uploads\/2025\/11\/IMG-20250802-WA0002-1024x669.jpg\",\"contentUrl\":\"https:\/\/inzain.bike\/wp-content\/uploads\/2025\/11\/IMG-20250802-WA0002-1024x669.jpg\"},{\"@type\":\"BreadcrumbList\",\"@id\":\"https:\/\/inzain.bike\/social-rides\/#breadcrumb\",\"itemListElement\":[{\"@type\":\"ListItem\",\"position\":1,\"name\":\"Hem\",\"item\":\"https:\/\/inzain.bike\/fr_be\/\"},{\"@type\":\"ListItem\",\"position\":2,\"name\":\"Social Rides\"}]},{\"@type\":\"WebSite\",\"@id\":\"https:\/\/inzain.bike\/fr_be\/#website\",\"url\":\"https:\/\/inzain.bike\/fr_be\/\",\"name\":\"INZAIN Cycling EXPERIENCES\",\"description\":\"Cyckling Adventures  - for everyone\",\"publisher\":{\"@id\":\"https:\/\/inzain.bike\/fr_be\/#organization\"},\"alternateName\":\"INZAIN Gravel & Travel\",\"potentialAction\":[{\"@type\":\"SearchAction\",\"target\":{\"@type\":\"EntryPoint\",\"urlTemplate\":\"https:\/\/inzain.bike\/fr_be\/?s={search_term_string}\"},\"query-input\":{\"@type\":\"PropertyValueSpecification\",\"valueRequired\":true,\"valueName\":\"search_term_string\"}}],\"inLanguage\":\"nb-NO\"},{\"@type\":\"Organization\",\"@id\":\"https:\/\/inzain.bike\/fr_be\/#organization\",\"name\":\"INZAIN Cycling EXPERIENCES\",\"url\":\"https:\/\/inzain.bike\/fr_be\/\",\"logo\":{\"@type\":\"ImageObject\",\"inLanguage\":\"nb-NO\",\"@id\":\"https:\/\/inzain.bike\/fr_be\/#\/schema\/logo\/image\/\",\"url\":\"https:\/\/i0.wp.com\/inzain.bike\/wp-content\/uploads\/2023\/09\/cropped-INZAIN_512x512_white.png?fit=512%2C512&ssl=1\",\"contentUrl\":\"https:\/\/i0.wp.com\/inzain.bike\/wp-content\/uploads\/2023\/09\/cropped-INZAIN_512x512_white.png?fit=512%2C512&ssl=1\",\"width\":512,\"height\":512,\"caption\":\"INZAIN Cycling EXPERIENCES\"},\"image\":{\"@id\":\"https:\/\/inzain.bike\/fr_be\/#\/schema\/logo\/image\/\"},\"sameAs\":[\"https:\/\/www.facebook.com\/Inzain.bike\",\"https:\/\/www.instagram.com\/inzainbike\"]}]}<\/script>\n<!-- \/ Yoast SEO plugin. -->","yoast_head_json":{"title":"Social Rides - INZAIN Cycling EXPERIENCES","robots":{"index":"index","follow":"follow","max-snippet":"max-snippet:-1","max-image-preview":"max-image-preview:large","max-video-preview":"max-video-preview:-1"},"canonical":"https:\/\/inzain.bike\/nb\/social-rides\/","og_locale":"nb_NO","og_type":"article","og_title":"Social Rides - INZAIN Cycling EXPERIENCES","og_description":"Vi arrangerar tv\u00e5 Social Rides per vecka, n\u00e4r v\u00e4der och s\u00e4song till\u00e5ter. Alla \u00e4r v\u00e4lkomna p\u00e5 dessa. Vi annonserar dem p\u00e5 Facebook i gruppen Gravel Bike Sweden och p\u00e5 Strava i Stravaklubben med samma namn. Gemensamt f\u00f6r dessa \u00e4r vi cyklar tillsammans och ingen droppas, samtidigt som vi st\u00e4ller krav att deltagare ska kunna h\u00e5lla [&hellip;]","og_url":"https:\/\/inzain.bike\/nb\/social-rides\/","og_site_name":"INZAIN Cycling EXPERIENCES","article_publisher":"https:\/\/www.facebook.com\/Inzain.bike","article_modified_time":"2026-01-12T13:22:08+00:00","og_image":[{"width":1600,"height":1046,"url":"https:\/\/inzain.bike\/wp-content\/uploads\/2025\/11\/IMG-20250802-WA0002.jpg","type":"image\/jpeg"}],"twitter_card":"summary_large_image","twitter_misc":{"Ansl. lesetid":"4 minutter"},"schema":{"@context":"https:\/\/schema.org","@graph":[{"@type":"WebPage","@id":"https:\/\/inzain.bike\/social-rides\/","url":"https:\/\/inzain.bike\/social-rides\/","name":"Social Rides - INZAIN Cycling EXPERIENCES","isPartOf":{"@id":"https:\/\/inzain.bike\/fr_be\/#website"},"primaryImageOfPage":{"@id":"https:\/\/inzain.bike\/social-rides\/#primaryimage"},"image":{"@id":"https:\/\/inzain.bike\/social-rides\/#primaryimage"},"thumbnailUrl":"https:\/\/inzain.bike\/wp-content\/uploads\/2025\/11\/IMG-20250802-WA0002-1024x669.jpg","datePublished":"2025-11-02T18:33:02+00:00","dateModified":"2026-01-12T13:22:08+00:00","breadcrumb":{"@id":"https:\/\/inzain.bike\/social-rides\/#breadcrumb"},"inLanguage":"nb-NO","potentialAction":[{"@type":"ReadAction","target":["https:\/\/inzain.bike\/social-rides\/"]}]},{"@type":"ImageObject","inLanguage":"nb-NO","@id":"https:\/\/inzain.bike\/social-rides\/#primaryimage","url":"https:\/\/inzain.bike\/wp-content\/uploads\/2025\/11\/IMG-20250802-WA0002-1024x669.jpg","contentUrl":"https:\/\/inzain.bike\/wp-content\/uploads\/2025\/11\/IMG-20250802-WA0002-1024x669.jpg"},{"@type":"BreadcrumbList","@id":"https:\/\/inzain.bike\/social-rides\/#breadcrumb","itemListElement":[{"@type":"ListItem","position":1,"name":"Hem","item":"https:\/\/inzain.bike\/fr_be\/"},{"@type":"ListItem","position":2,"name":"Social Rides"}]},{"@type":"WebSite","@id":"https:\/\/inzain.bike\/fr_be\/#website","url":"https:\/\/inzain.bike\/fr_be\/","name":"INZAIN SYKKELOPPLEVELSER","description":"Sykkeleventyr - for alle","publisher":{"@id":"https:\/\/inzain.bike\/fr_be\/#organization"},"alternateName":"INZAIN Gravel & Travel","potentialAction":[{"@type":"SearchAction","target":{"@type":"EntryPoint","urlTemplate":"https:\/\/inzain.bike\/fr_be\/?s={search_term_string}"},"query-input":{"@type":"PropertyValueSpecification","valueRequired":true,"valueName":"search_term_string"}}],"inLanguage":"nb-NO"},{"@type":"Organization","@id":"https:\/\/inzain.bike\/fr_be\/#organization","name":"INZAIN SYKKELOPPLEVELSER","url":"https:\/\/inzain.bike\/fr_be\/","logo":{"@type":"ImageObject","inLanguage":"nb-NO","@id":"https:\/\/inzain.bike\/fr_be\/#\/schema\/logo\/image\/","url":"https:\/\/i0.wp.com\/inzain.bike\/wp-content\/uploads\/2023\/09\/cropped-INZAIN_512x512_white.png?fit=512%2C512&ssl=1","contentUrl":"https:\/\/i0.wp.com\/inzain.bike\/wp-content\/uploads\/2023\/09\/cropped-INZAIN_512x512_white.png?fit=512%2C512&ssl=1","width":512,"height":512,"caption":"INZAIN Cycling EXPERIENCES"},"image":{"@id":"https:\/\/inzain.bike\/fr_be\/#\/schema\/logo\/image\/"},"sameAs":["https:\/\/www.facebook.com\/Inzain.bike","https:\/\/www.instagram.com\/inzainbike"]}]}},"amp_enabled":true,"_links":{"self":[{"href":"https:\/\/inzain.bike\/nb\/wp-json\/wp\/v2\/pages\/8906","targetHints":{"allow":["GET"]}}],"collection":[{"href":"https:\/\/inzain.bike\/nb\/wp-json\/wp\/v2\/pages"}],"about":[{"href":"https:\/\/inzain.bike\/nb\/wp-json\/wp\/v2\/types\/page"}],"author":[{"embeddable":true,"href":"https:\/\/inzain.bike\/nb\/wp-json\/wp\/v2\/users\/203917875"}],"replies":[{"embeddable":true,"href":"https:\/\/inzain.bike\/nb\/wp-json\/wp\/v2\/comments?post=8906"}],"version-history":[{"count":4,"href":"https:\/\/inzain.bike\/nb\/wp-json\/wp\/v2\/pages\/8906\/revisions"}],"predecessor-version":[{"id":9081,"href":"https:\/\/inzain.bike\/nb\/wp-json\/wp\/v2\/pages\/8906\/revisions\/9081"}],"wp:attachment":[{"href":"https:\/\/inzain.bike\/nb\/wp-json\/wp\/v2\/media?parent=8906"}],"curies":[{"name":"wp","href":"https:\/\/api.w.org\/{rel}","templated":true}]}}