{"id":9884,"date":"2026-01-23T17:17:14","date_gmt":"2026-01-23T16:17:14","guid":{"rendered":"https:\/\/inzain.bike\/?post_type=product&#038;p=9884"},"modified":"2026-02-01T16:58:32","modified_gmt":"2026-02-01T15:58:32","slug":"gbs-wheel-set","status":"publish","type":"product","link":"https:\/\/inzain.bike\/nb\/produkt\/gbs-wheel-set\/","title":{"rendered":"GBS hjulsett"},"content":{"rendered":"<p><strong>GBS Grushjul<\/strong><\/p>\n<p>Det finnes en rekke varianter, CLASSIC, WAWE, WIDE og LITE.<\/p>\n<p><strong>KLASSISK<\/strong> er de ultimate allround-hjulene, har WAVE en moderne b\u00f8lgeform med aerodynamiske fordeler.<br \/>\n<strong>BRED<\/strong> er 32 mm brede innvendig, perfekt for brede grusdekk, 42 mm og oppover.<br \/>\n<strong>WAWE<\/strong> har en moderne aerodynamisk form, perfekt hvis du liker \u00e5 sykle fort.<br \/>\n<strong>LITT<\/strong> er enklest for dere som \u00f8nsker det.<\/p>\n<p>Du bygger hjulene du \u00f8nsker ved \u00e5 velge felg, nav og driver.<\/p>\n<p>Det finnes flere typer nav og drivere \u00e5 velge mellom for girsystemet du har p\u00e5 sykkelen din.<\/p>\n<p><strong>Om dimensjoner<\/strong><\/p>\n<p>H\u00f8yde er hvor h\u00f8y felgen er (eller dybde om du foretrekker det). Stor h\u00f8yde (H) regnes som mer aerodynamisk. Vi synes imidlertid hovedsakelig at det ser ganske kult ut. Bredde (B) refererer til den ytre bredden p\u00e5 felgen. Indre bredde (IB) er bredden p\u00e5 innsiden. Jo bredere, desto mer vil dekket svelle. En ny trend p\u00e5 grushjul er stor indre bredde (som for eksempel BRED).<\/p>\n<p><strong>Kjennetegn ved en<em>lla hjul<\/em><\/strong><\/p>\n<ul class=\"wp-block-list\">\n<li><em>Samme priser og vekter for kroket\/krokl\u00f8s<\/em><\/li>\n<li><em>For skivebrems med sentrall\u00e5s (CL)<\/em>, (<strong>EXTRALITE har 6 bolter!<\/strong>)<\/li>\n<li><em>Mangler bremseflate<\/em><\/li>\n<li>Ingen\u00a0<em>hull i felgsporet<\/em>\u00a0&gt;<em>\u00a0Ingen felgtape n\u00f8dvendig<\/em>\u00a0(<em><strong>LITE har hull i felgsporet<\/strong><\/em>)<\/li>\n<li>N<em>ipplar er i messing<\/em>\u00a0<em>(Sapim sikker l\u00e5s SILS<\/em>)<\/li>\n<li>F<em>inish<\/em>\u2002<em>er UD Matte<\/em><\/li>\n<li><em>For 12\u00d7100\/12\u00d7142 gjennomg\u00e5ende aksel<\/em><\/li>\n<li><em>24 eiker.<\/em>\u00a0<em>Sapim CX Ray eiker<\/em>,\u00a0<em>Svart<\/em><\/li>\n<li><em>Alle vekter er gitt med toleranse (+\/- 30 gr)<\/em><\/li>\n<li><em>Felggaranti i 5 \u00e5r<\/em><\/li>\n<li><em>Levering til deg er inkludert, regn med rundt 8 ukers leveringstid<\/em><\/li>\n<\/ul>\n<p><strong>Felggaranti i fem \u00e5r.<\/strong><br \/>\n<em>Alle kj\u00f8pere f\u00e5r full garanti p\u00e5 felgene i fem \u00e5r.(Gjelder f\u00f8rste eier)<br \/>\nSpiser hunden din p\u00e5 felgen? Kj\u00f8rer du over det med<\/em>\u2002<em>bilen? Knuser du den p\u00e5 ditt radikale l\u00f8p? Det spiller ingen rolle, du f\u00e5r en ny felg.<br \/>\n(Kravet er at du sender det inn til oss slik at vi kan \u00f8delegge det<\/em>)<\/p>\n<p><strong>Velg felger og nav fritt<\/strong><\/p>\n<p>Alle felger kan kombineres med alle nav.<\/p>\n<p><strong>LITT<\/strong><br \/>\nDet blir enklest med EXTRALITE-nav. Vi tror at RD261-navene, som bare er 50 g tyngre, MEN mer enn 5000 SEK billigere, kan v\u00e6re et veldig godt alternativ.<\/p>\n<p><strong>Sj\u00e5f\u00f8r<\/strong><\/p>\n<p>Mange lurer p\u00e5 dette, og Shimano har ikke gjort det s\u00e6rlig lett \u00e5 holde f\u00f8lge. Men her er saken.<br \/>\nHvis du kj\u00f8rer 10\/11 split ELLER har Shimano GRX 2\u00d712, b\u00f8r du velge Shimano 11sp (som er Hyperglide, eller HG). Hvis du kj\u00f8rer Shimano MTB eller GRX 1\u00d712, b\u00f8r du velge Shimano 12sp Microspline i stedet.<br \/>\n<em>Veiledningen nedenfor kan gi klarhet<\/em><\/p>\n<p><a href=\"https:\/\/bike.shimano.com\/stories\/article\/a-guide-to-shimanos-12-speed-freehubs-and-compatibility.html\">https:\/\/bike.shimano.com\/stories\/article\/a-guide-to-shimanos-12-speed-freehubs-and-compatibility.html<\/a><\/p>","protected":false},"excerpt":{"rendered":"<p>GBS Grushjul<\/p>\n<p>Bygg dina dr\u00f6mhjul, v\u00e4lj f\u00e4lg, nav och driver.<\/p>","protected":false},"featured_media":9886,"comment_status":"open","ping_status":"closed","template":"","meta":{"_coblocks_attr":"","_coblocks_dimensions":"","_coblocks_responsive_height":"","_coblocks_accordion_ie_support":""},"product_brand":[],"product_cat":[],"product_tag":[],"class_list":{"0":"post-9884","1":"product","2":"type-product","3":"status-publish","4":"has-post-thumbnail","6":"product_shipping_class-hjul","8":"first","9":"instock","10":"shipping-taxable","11":"purchasable","12":"product-type-composite"},"composite_virtual":false,"composite_layout":"paged","composite_add_to_cart_form_location":"default","composite_editable_in_cart":false,"composite_sold_individually_context":"product","composite_shop_price_calc":"defaults","composite_components":[{"id":"1769188484","title":"Kant","description":"<p>Velg hvilke felger du \u00f8nsker<\/p>","query_type":"product_ids","query_ids":[9172],"default_option_id":9172,"thumbnail_id":"","thumbnail_src":"","quantity_min":1,"quantity_max":1,"priced_individually":true,"shipped_individually":false,"optional":false,"discount":"","options_style":"dropdowns","pagination_style":"classic","display_prices":"absolute","show_sorting_options":false,"show_filtering_options":false,"attribute_filter_ids":[],"select_action":"view","product_title_visible":true,"product_descr_visible":true,"product_price_visible":true,"product_thumb_visible":true,"subtotal_visible_product":true,"subtotal_visible_cart":true,"subtotal_visible_orders":true},{"id":"1769188635","title":"Hub","description":"<p>Velg knutepunkt<\/p>","query_type":"product_ids","query_ids":[9873],"default_option_id":9873,"thumbnail_id":"","thumbnail_src":"","quantity_min":1,"quantity_max":1,"priced_individually":true,"shipped_individually":false,"optional":false,"discount":"","options_style":"dropdowns","pagination_style":"classic","display_prices":"absolute","show_sorting_options":false,"show_filtering_options":false,"attribute_filter_ids":[],"select_action":"view","product_title_visible":true,"product_descr_visible":true,"product_price_visible":true,"product_thumb_visible":true,"subtotal_visible_product":true,"subtotal_visible_cart":true,"subtotal_visible_orders":true},{"id":"1769188636","title":"Sj\u00e5f\u00f8r","description":"<p>Velg hvilken driver du vil ha, det kommer an p\u00e5 hvilke gir du har p\u00e5 sykkelen din.<\/p>","query_type":"product_ids","query_ids":[9879],"default_option_id":9879,"thumbnail_id":"","thumbnail_src":"","quantity_min":1,"quantity_max":1,"priced_individually":true,"shipped_individually":false,"optional":false,"discount":"","options_style":"dropdowns","pagination_style":"classic","display_prices":"absolute","show_sorting_options":false,"show_filtering_options":false,"attribute_filter_ids":[],"select_action":"view","product_title_visible":true,"product_descr_visible":true,"product_price_visible":true,"product_thumb_visible":true,"subtotal_visible_product":true,"subtotal_visible_cart":true,"subtotal_visible_orders":true}],"composite_scenarios":[],"yoast_head":"<!-- This site is optimized with the Yoast SEO plugin v27.2 - https:\/\/yoast.com\/product\/yoast-seo-wordpress\/ -->\n<title>GBS Wheel Set - INZAIN Cycling EXPERIENCES<\/title>\n<meta name=\"robots\" content=\"index, follow, max-snippet:-1, max-image-preview:large, max-video-preview:-1\" \/>\n<link rel=\"canonical\" href=\"https:\/\/inzain.bike\/nb\/produkt\/gbs-wheel-set\/\" \/>\n<meta property=\"og:locale\" content=\"nb_NO\" \/>\n<meta property=\"og:type\" content=\"article\" \/>\n<meta property=\"og:title\" content=\"GBS Wheel Set - INZAIN Cycling EXPERIENCES\" \/>\n<meta property=\"og:description\" content=\"GBS Gravel Hjul  Bygg dina dr\u00f6mhjul, v\u00e4lj f\u00e4lg, nav och driver.\" \/>\n<meta property=\"og:url\" content=\"https:\/\/inzain.bike\/nb\/produkt\/gbs-wheel-set\/\" \/>\n<meta property=\"og:site_name\" content=\"INZAIN Cycling EXPERIENCES\" \/>\n<meta property=\"article:publisher\" content=\"https:\/\/www.facebook.com\/Inzain.bike\" \/>\n<meta property=\"article:modified_time\" content=\"2026-02-01T15:58:32+00:00\" \/>\n<meta property=\"og:image\" content=\"https:\/\/inzain.bike\/wp-content\/uploads\/2026\/01\/20220409_124721-1320x990-1.jpg\" \/>\n\t<meta property=\"og:image:width\" content=\"1320\" \/>\n\t<meta property=\"og:image:height\" content=\"990\" \/>\n\t<meta property=\"og:image:type\" content=\"image\/jpeg\" \/>\n<meta name=\"twitter:card\" content=\"summary_large_image\" \/>\n<meta name=\"twitter:label1\" content=\"Ansl. lesetid\" \/>\n\t<meta name=\"twitter:data1\" content=\"3 minutter\" \/>\n<script type=\"application\/ld+json\" class=\"yoast-schema-graph\">{\"@context\":\"https:\/\/schema.org\",\"@graph\":[{\"@type\":\"WebPage\",\"@id\":\"https:\/\/inzain.bike\/produkt\/gbs-wheel-set\/\",\"url\":\"https:\/\/inzain.bike\/produkt\/gbs-wheel-set\/\",\"name\":\"GBS Wheel Set - INZAIN Cycling EXPERIENCES\",\"isPartOf\":{\"@id\":\"https:\/\/inzain.bike\/fr_be\/#website\"},\"primaryImageOfPage\":{\"@id\":\"https:\/\/inzain.bike\/produkt\/gbs-wheel-set\/#primaryimage\"},\"image\":{\"@id\":\"https:\/\/inzain.bike\/produkt\/gbs-wheel-set\/#primaryimage\"},\"thumbnailUrl\":\"https:\/\/inzain.bike\/wp-content\/uploads\/2026\/01\/20220409_124721-1320x990-1.jpg\",\"datePublished\":\"2026-01-23T16:17:14+00:00\",\"dateModified\":\"2026-02-01T15:58:32+00:00\",\"breadcrumb\":{\"@id\":\"https:\/\/inzain.bike\/produkt\/gbs-wheel-set\/#breadcrumb\"},\"inLanguage\":\"nb-NO\",\"potentialAction\":[{\"@type\":\"ReadAction\",\"target\":[\"https:\/\/inzain.bike\/produkt\/gbs-wheel-set\/\"]}]},{\"@type\":\"ImageObject\",\"inLanguage\":\"nb-NO\",\"@id\":\"https:\/\/inzain.bike\/produkt\/gbs-wheel-set\/#primaryimage\",\"url\":\"https:\/\/inzain.bike\/wp-content\/uploads\/2026\/01\/20220409_124721-1320x990-1.jpg\",\"contentUrl\":\"https:\/\/inzain.bike\/wp-content\/uploads\/2026\/01\/20220409_124721-1320x990-1.jpg\",\"width\":1320,\"height\":990},{\"@type\":\"BreadcrumbList\",\"@id\":\"https:\/\/inzain.bike\/produkt\/gbs-wheel-set\/#breadcrumb\",\"itemListElement\":[{\"@type\":\"ListItem\",\"position\":1,\"name\":\"Hem\",\"item\":\"https:\/\/inzain.bike\/fr_be\/\"},{\"@type\":\"ListItem\",\"position\":2,\"name\":\"Webbutik\",\"item\":\"https:\/\/inzain.bike\/fi\/butik\/\"},{\"@type\":\"ListItem\",\"position\":3,\"name\":\"GBS Wheel Set\"}]},{\"@type\":\"WebSite\",\"@id\":\"https:\/\/inzain.bike\/fr_be\/#website\",\"url\":\"https:\/\/inzain.bike\/fr_be\/\",\"name\":\"INZAIN Cycling EXPERIENCES\",\"description\":\"Cyckling Adventures  - for everyone\",\"publisher\":{\"@id\":\"https:\/\/inzain.bike\/fr_be\/#organization\"},\"alternateName\":\"INZAIN Gravel & Travel\",\"potentialAction\":[{\"@type\":\"SearchAction\",\"target\":{\"@type\":\"EntryPoint\",\"urlTemplate\":\"https:\/\/inzain.bike\/fr_be\/?s={search_term_string}\"},\"query-input\":{\"@type\":\"PropertyValueSpecification\",\"valueRequired\":true,\"valueName\":\"search_term_string\"}}],\"inLanguage\":\"nb-NO\"},{\"@type\":\"Organization\",\"@id\":\"https:\/\/inzain.bike\/fr_be\/#organization\",\"name\":\"INZAIN Cycling EXPERIENCES\",\"url\":\"https:\/\/inzain.bike\/fr_be\/\",\"logo\":{\"@type\":\"ImageObject\",\"inLanguage\":\"nb-NO\",\"@id\":\"https:\/\/inzain.bike\/fr_be\/#\/schema\/logo\/image\/\",\"url\":\"https:\/\/i0.wp.com\/inzain.bike\/wp-content\/uploads\/2023\/09\/cropped-INZAIN_512x512_white.png?fit=512%2C512&ssl=1\",\"contentUrl\":\"https:\/\/i0.wp.com\/inzain.bike\/wp-content\/uploads\/2023\/09\/cropped-INZAIN_512x512_white.png?fit=512%2C512&ssl=1\",\"width\":512,\"height\":512,\"caption\":\"INZAIN Cycling EXPERIENCES\"},\"image\":{\"@id\":\"https:\/\/inzain.bike\/fr_be\/#\/schema\/logo\/image\/\"},\"sameAs\":[\"https:\/\/www.facebook.com\/Inzain.bike\",\"https:\/\/www.instagram.com\/inzainbike\"]}]}<\/script>\n<!-- \/ Yoast SEO plugin. -->","yoast_head_json":{"title":"GBS Wheel Set - INZAIN Cycling EXPERIENCES","robots":{"index":"index","follow":"follow","max-snippet":"max-snippet:-1","max-image-preview":"max-image-preview:large","max-video-preview":"max-video-preview:-1"},"canonical":"https:\/\/inzain.bike\/nb\/produkt\/gbs-wheel-set\/","og_locale":"nb_NO","og_type":"article","og_title":"GBS Wheel Set - INZAIN Cycling EXPERIENCES","og_description":"GBS Gravel Hjul  Bygg dina dr\u00f6mhjul, v\u00e4lj f\u00e4lg, nav och driver.","og_url":"https:\/\/inzain.bike\/nb\/produkt\/gbs-wheel-set\/","og_site_name":"INZAIN Cycling EXPERIENCES","article_publisher":"https:\/\/www.facebook.com\/Inzain.bike","article_modified_time":"2026-02-01T15:58:32+00:00","og_image":[{"width":1320,"height":990,"url":"https:\/\/inzain.bike\/wp-content\/uploads\/2026\/01\/20220409_124721-1320x990-1.jpg","type":"image\/jpeg"}],"twitter_card":"summary_large_image","twitter_misc":{"Ansl. lesetid":"3 minutter"},"schema":{"@context":"https:\/\/schema.org","@graph":[{"@type":"WebPage","@id":"https:\/\/inzain.bike\/produkt\/gbs-wheel-set\/","url":"https:\/\/inzain.bike\/produkt\/gbs-wheel-set\/","name":"GBS Wheel Set - INZAIN Cycling EXPERIENCES","isPartOf":{"@id":"https:\/\/inzain.bike\/fr_be\/#website"},"primaryImageOfPage":{"@id":"https:\/\/inzain.bike\/produkt\/gbs-wheel-set\/#primaryimage"},"image":{"@id":"https:\/\/inzain.bike\/produkt\/gbs-wheel-set\/#primaryimage"},"thumbnailUrl":"https:\/\/inzain.bike\/wp-content\/uploads\/2026\/01\/20220409_124721-1320x990-1.jpg","datePublished":"2026-01-23T16:17:14+00:00","dateModified":"2026-02-01T15:58:32+00:00","breadcrumb":{"@id":"https:\/\/inzain.bike\/produkt\/gbs-wheel-set\/#breadcrumb"},"inLanguage":"nb-NO","potentialAction":[{"@type":"ReadAction","target":["https:\/\/inzain.bike\/produkt\/gbs-wheel-set\/"]}]},{"@type":"ImageObject","inLanguage":"nb-NO","@id":"https:\/\/inzain.bike\/produkt\/gbs-wheel-set\/#primaryimage","url":"https:\/\/inzain.bike\/wp-content\/uploads\/2026\/01\/20220409_124721-1320x990-1.jpg","contentUrl":"https:\/\/inzain.bike\/wp-content\/uploads\/2026\/01\/20220409_124721-1320x990-1.jpg","width":1320,"height":990},{"@type":"BreadcrumbList","@id":"https:\/\/inzain.bike\/produkt\/gbs-wheel-set\/#breadcrumb","itemListElement":[{"@type":"ListItem","position":1,"name":"Hem","item":"https:\/\/inzain.bike\/fr_be\/"},{"@type":"ListItem","position":2,"name":"Webbutik","item":"https:\/\/inzain.bike\/fi\/butik\/"},{"@type":"ListItem","position":3,"name":"GBS Wheel Set"}]},{"@type":"WebSite","@id":"https:\/\/inzain.bike\/fr_be\/#website","url":"https:\/\/inzain.bike\/fr_be\/","name":"INZAIN SYKKELOPPLEVELSER","description":"Sykkeleventyr - for alle","publisher":{"@id":"https:\/\/inzain.bike\/fr_be\/#organization"},"alternateName":"INZAIN Gravel & Travel","potentialAction":[{"@type":"SearchAction","target":{"@type":"EntryPoint","urlTemplate":"https:\/\/inzain.bike\/fr_be\/?s={search_term_string}"},"query-input":{"@type":"PropertyValueSpecification","valueRequired":true,"valueName":"search_term_string"}}],"inLanguage":"nb-NO"},{"@type":"Organization","@id":"https:\/\/inzain.bike\/fr_be\/#organization","name":"INZAIN SYKKELOPPLEVELSER","url":"https:\/\/inzain.bike\/fr_be\/","logo":{"@type":"ImageObject","inLanguage":"nb-NO","@id":"https:\/\/inzain.bike\/fr_be\/#\/schema\/logo\/image\/","url":"https:\/\/i0.wp.com\/inzain.bike\/wp-content\/uploads\/2023\/09\/cropped-INZAIN_512x512_white.png?fit=512%2C512&ssl=1","contentUrl":"https:\/\/i0.wp.com\/inzain.bike\/wp-content\/uploads\/2023\/09\/cropped-INZAIN_512x512_white.png?fit=512%2C512&ssl=1","width":512,"height":512,"caption":"INZAIN Cycling EXPERIENCES"},"image":{"@id":"https:\/\/inzain.bike\/fr_be\/#\/schema\/logo\/image\/"},"sameAs":["https:\/\/www.facebook.com\/Inzain.bike","https:\/\/www.instagram.com\/inzainbike"]}]}},"_links":{"self":[{"href":"https:\/\/inzain.bike\/nb\/wp-json\/wp\/v2\/product\/9884","targetHints":{"allow":["GET"]}}],"collection":[{"href":"https:\/\/inzain.bike\/nb\/wp-json\/wp\/v2\/product"}],"about":[{"href":"https:\/\/inzain.bike\/nb\/wp-json\/wp\/v2\/types\/product"}],"replies":[{"embeddable":true,"href":"https:\/\/inzain.bike\/nb\/wp-json\/wp\/v2\/comments?post=9884"}],"wp:featuredmedia":[{"embeddable":true,"href":"https:\/\/inzain.bike\/nb\/wp-json\/wp\/v2\/media\/9886"}],"wp:attachment":[{"href":"https:\/\/inzain.bike\/nb\/wp-json\/wp\/v2\/media?parent=9884"}],"wp:term":[{"taxonomy":"product_brand","embeddable":true,"href":"https:\/\/inzain.bike\/nb\/wp-json\/wp\/v2\/product_brand?post=9884"},{"taxonomy":"product_cat","embeddable":true,"href":"https:\/\/inzain.bike\/nb\/wp-json\/wp\/v2\/product_cat?post=9884"},{"taxonomy":"product_tag","embeddable":true,"href":"https:\/\/inzain.bike\/nb\/wp-json\/wp\/v2\/product_tag?post=9884"}],"curies":[{"name":"wp","href":"https:\/\/api.w.org\/{rel}","templated":true}]}}