{"id":10126,"date":"2026-02-21T13:25:56","date_gmt":"2026-02-21T12:25:56","guid":{"rendered":"https:\/\/inzain.bike\/?page_id=10126"},"modified":"2026-02-21T13:30:30","modified_gmt":"2026-02-21T12:30:30","slug":"tus26-interest","status":"publish","type":"page","link":"https:\/\/inzain.bike\/nl\/tus26-interest\/","title":{"rendered":"Toscane 2026: Intentieverklaring"},"content":{"rendered":"\n<figure class=\"wp-block-image size-full\"><img loading=\"lazy\" decoding=\"async\" width=\"2560\" height=\"1707\" src=\"https:\/\/inzain.bike\/wp-content\/uploads\/2026\/02\/IMG_0088-scaled.jpg\" alt=\"\" class=\"wp-image-10129\" srcset=\"https:\/\/inzain.bike\/wp-content\/uploads\/2026\/02\/IMG_0088-scaled.jpg 2560w, https:\/\/inzain.bike\/wp-content\/uploads\/2026\/02\/IMG_0088-300x200.jpg 300w, https:\/\/inzain.bike\/wp-content\/uploads\/2026\/02\/IMG_0088-1024x683.jpg 1024w, https:\/\/inzain.bike\/wp-content\/uploads\/2026\/02\/IMG_0088-768x512.jpg 768w, https:\/\/inzain.bike\/wp-content\/uploads\/2026\/02\/IMG_0088-1536x1024.jpg 1536w, https:\/\/inzain.bike\/wp-content\/uploads\/2026\/02\/IMG_0088-2048x1365.jpg 2048w, https:\/\/inzain.bike\/wp-content\/uploads\/2026\/02\/IMG_0088-18x12.jpg 18w, https:\/\/inzain.bike\/wp-content\/uploads\/2026\/02\/IMG_0088-1320x880.jpg 1320w, https:\/\/inzain.bike\/wp-content\/uploads\/2026\/02\/IMG_0088-600x400.jpg 600w\" sizes=\"auto, (max-width: 2560px) 100vw, 2560px\" \/><\/figure>\n\n\n\n<p>S\u00e5 kul att du \u00e4r intresserad av att f\u00f6lja med oss till Toscana i oktober 2026.<br>Fyll i formul\u00e4ret s\u00e5 ser vi till att du f\u00e5r mer information och svarar p\u00e5 dina fr\u00e5gor.<\/p>\n\n\n<style id=\"wpforms-css-vars-10131-block-c77350a8-d1d2-4fc6-a394-1b82385b727f\">\n\t\t\t\t#wpforms-10131.wpforms-block-c77350a8-d1d2-4fc6-a394-1b82385b727f {\n\t\t\t\t--wpforms-field-size-input-height: 43px;\n--wpforms-field-size-input-spacing: 15px;\n--wpforms-field-size-font-size: 16px;\n--wpforms-field-size-line-height: 19px;\n--wpforms-field-size-padding-h: 14px;\n--wpforms-field-size-checkbox-size: 16px;\n--wpforms-field-size-sublabel-spacing: 5px;\n--wpforms-field-size-icon-size: 1;\n--wpforms-label-size-font-size: 16px;\n--wpforms-label-size-line-height: 19px;\n--wpforms-label-size-sublabel-font-size: 14px;\n--wpforms-label-size-sublabel-line-height: 17px;\n--wpforms-button-size-font-size: 17px;\n--wpforms-button-size-height: 41px;\n--wpforms-button-size-padding-h: 15px;\n--wpforms-button-size-margin-top: 10px;\n--wpforms-container-shadow-size-box-shadow: none;\n\t\t\t}\n\t\t\t<\/style><div class=\"wpforms-container wpforms-container-full wpforms-block wpforms-block-c77350a8-d1d2-4fc6-a394-1b82385b727f wpforms-render-modern\" id=\"wpforms-10131\"><form id=\"wpforms-form-10131\" class=\"wpforms-validate wpforms-form wpforms-ajax-form\" data-formid=\"10131\" method=\"post\" enctype=\"multipart\/form-data\" action=\"\/nl\/wp-json\/wp\/v2\/pages\/10126\" data-token=\"bf935acef9fde1726cfeacc992783b21\" data-token-time=\"1775393206\"><noscript class=\"wpforms-error-noscript\">Schakel JavaScript in je browser in om dit formulier in te vullen.<\/noscript><div id=\"wpforms-error-noscript\" style=\"display: none;\">Schakel JavaScript in je browser in om dit formulier in te vullen.<\/div><div class=\"wpforms-field-container\"><div id=\"wpforms-10131-field_0-container\" class=\"wpforms-field wpforms-field-name\" data-field-id=\"0\"><fieldset><legend class=\"wpforms-field-label\">Name <span class=\"wpforms-required-label\" aria-hidden=\"true\">*<\/span><\/legend><div class=\"wpforms-field-row wpforms-field-medium\"><div class=\"wpforms-field-row-block wpforms-first wpforms-one-half\"><input type=\"text\" id=\"wpforms-10131-field_0\" class=\"wpforms-field-name-first wpforms-field-required\" name=\"wpforms[fields][0][first]\" aria-errormessage=\"wpforms-10131-field_0-error\" aria-describedby=\"wpforms-10131-field_0-description\" required><label for=\"wpforms-10131-field_0\" class=\"wpforms-field-sublabel after\">Voornaam<\/label><\/div><div class=\"wpforms-field-row-block wpforms-one-half\"><input type=\"text\" id=\"wpforms-10131-field_0-last\" class=\"wpforms-field-name-last wpforms-field-required\" name=\"wpforms[fields][0][last]\" aria-errormessage=\"wpforms-10131-field_0-last-error\" aria-describedby=\"wpforms-10131-field_0-description\" required><label for=\"wpforms-10131-field_0-last\" class=\"wpforms-field-sublabel after\">Achternaam<\/label><\/div><\/div><div id=\"wpforms-10131-field_0-description\" class=\"wpforms-field-description\">Ange f\u00f6r och efternamn<\/div><\/fieldset><\/div><div id=\"wpforms-10131-field_1-container\" class=\"wpforms-field wpforms-field-email\" data-field-id=\"1\"><label class=\"wpforms-field-label\" for=\"wpforms-10131-field_1\">Email <span class=\"wpforms-required-label\" aria-hidden=\"true\">*<\/span><\/label><input type=\"email\" id=\"wpforms-10131-field_1\" class=\"wpforms-field-medium wpforms-field-required\" name=\"wpforms[fields][1]\" spellcheck=\"false\" aria-errormessage=\"wpforms-10131-field_1-error\" required><\/div><div id=\"wpforms-10131-field_13-container\" class=\"wpforms-field wpforms-field-text\" data-field-id=\"13\"><label class=\"wpforms-field-label\" for=\"wpforms-10131-field_13\">Vilket land bor du i<\/label><input type=\"text\" id=\"wpforms-10131-field_13\" class=\"wpforms-field-medium\" name=\"wpforms[fields][13]\" aria-errormessage=\"wpforms-10131-field_13-error\" ><\/div><div id=\"wpforms-10131-field_2-container\" class=\"wpforms-field wpforms-field-textarea\" data-field-id=\"2\"><label class=\"wpforms-field-label\" for=\"wpforms-10131-field_2\">Kommentar eller fr\u00e5ga<\/label><textarea id=\"wpforms-10131-field_2\" class=\"wpforms-field-medium\" name=\"wpforms[fields][2]\" aria-errormessage=\"wpforms-10131-field_2-error\" aria-describedby=\"wpforms-10131-field_2-description\" ><\/textarea><div id=\"wpforms-10131-field_2-description\" class=\"wpforms-field-description\">Har du n\u00e5got extra du vill vi ska veta kan du skriva det h\u00e4r. Eller om du har en fr\u00e5ga.<\/div><\/div><\/div><!-- .wpforms-field-container --><div class=\"wpforms-submit-container\" ><input type=\"hidden\" name=\"wpforms[id]\" value=\"10131\"><input type=\"hidden\" name=\"page_title\" value=\"\"><input type=\"hidden\" name=\"page_url\" value=\"https:\/\/inzain.bike\/nl\/wp-json\/wp\/v2\/pages\/10126\"><input type=\"hidden\" name=\"url_referer\" value=\"\"><button type=\"submit\" name=\"wpforms[submit]\" id=\"wpforms-submit-10131\" class=\"wpforms-submit\" data-alt-text=\"Sending...\" data-submit-text=\"Skicka In\" aria-live=\"assertive\" value=\"wpforms-submit\">Skicka In<\/button><img loading=\"lazy\" decoding=\"async\" src=\"https:\/\/inzain.bike\/wp-content\/plugins\/wpforms\/assets\/images\/submit-spin.svg\" class=\"wpforms-submit-spinner\" style=\"display: none;\" width=\"26\" height=\"26\" alt=\"Aan het laden\"><\/div><\/form><\/div>  <!-- .wpforms-container -->","protected":false},"excerpt":{"rendered":"<p>Wat fijn dat je interesse hebt om in oktober 2026 met ons mee te gaan naar Toscane. Vul het formulier in en we zorgen ervoor dat je meer informatie krijgt en al je vragen beantwoord worden.<\/p>","protected":false},"author":203917875,"featured_media":0,"parent":0,"menu_order":0,"comment_status":"closed","ping_status":"closed","template":"","meta":{"_coblocks_attr":"","_coblocks_dimensions":"","_coblocks_responsive_height":"","_coblocks_accordion_ie_support":"","footnotes":""},"class_list":["post-10126","page","type-page","status-publish","hentry"],"yoast_head":"<!-- This site is optimized with the Yoast SEO plugin v27.2 - https:\/\/yoast.com\/product\/yoast-seo-wordpress\/ -->\n<title>Toscana 2026 Intresseanm\u00e4lan - INZAIN Cycling EXPERIENCES<\/title>\n<meta name=\"robots\" content=\"index, follow, max-snippet:-1, max-image-preview:large, max-video-preview:-1\" \/>\n<link rel=\"canonical\" href=\"https:\/\/inzain.bike\/nl\/tus26-interest\/\" \/>\n<meta property=\"og:locale\" content=\"nl_NL\" \/>\n<meta property=\"og:type\" content=\"article\" \/>\n<meta property=\"og:title\" content=\"Toscana 2026 Intresseanm\u00e4lan - INZAIN Cycling EXPERIENCES\" \/>\n<meta property=\"og:description\" content=\"S\u00e5 kul att du \u00e4r intresserad av att f\u00f6lja med oss till Toscana i oktober 2026.Fyll i formul\u00e4ret s\u00e5 ser vi till att du f\u00e5r mer information och svarar p\u00e5 dina fr\u00e5gor.\" \/>\n<meta property=\"og:url\" content=\"https:\/\/inzain.bike\/nl\/tus26-interest\/\" \/>\n<meta property=\"og:site_name\" content=\"INZAIN Cycling EXPERIENCES\" \/>\n<meta property=\"article:publisher\" content=\"https:\/\/www.facebook.com\/Inzain.bike\" \/>\n<meta property=\"article:modified_time\" content=\"2026-02-21T12:30:30+00:00\" \/>\n<meta property=\"og:image\" content=\"https:\/\/inzain.bike\/wp-content\/uploads\/2026\/02\/IMG_0088-scaled.jpg\" \/>\n\t<meta property=\"og:image:width\" content=\"2560\" \/>\n\t<meta property=\"og:image:height\" content=\"1707\" \/>\n\t<meta property=\"og:image:type\" content=\"image\/jpeg\" \/>\n<meta name=\"twitter:card\" content=\"summary_large_image\" \/>\n<meta name=\"twitter:label1\" content=\"Geschatte leestijd\" \/>\n\t<meta name=\"twitter:data1\" content=\"1 minuut\" \/>\n<script type=\"application\/ld+json\" class=\"yoast-schema-graph\">{\"@context\":\"https:\/\/schema.org\",\"@graph\":[{\"@type\":\"WebPage\",\"@id\":\"https:\/\/inzain.bike\/tus26-interest\/\",\"url\":\"https:\/\/inzain.bike\/tus26-interest\/\",\"name\":\"Toscana 2026 Intresseanm\u00e4lan - INZAIN Cycling EXPERIENCES\",\"isPartOf\":{\"@id\":\"https:\/\/inzain.bike\/fr_be\/#website\"},\"primaryImageOfPage\":{\"@id\":\"https:\/\/inzain.bike\/tus26-interest\/#primaryimage\"},\"image\":{\"@id\":\"https:\/\/inzain.bike\/tus26-interest\/#primaryimage\"},\"thumbnailUrl\":\"https:\/\/inzain.bike\/wp-content\/uploads\/2026\/02\/IMG_0088-scaled.jpg\",\"datePublished\":\"2026-02-21T12:25:56+00:00\",\"dateModified\":\"2026-02-21T12:30:30+00:00\",\"breadcrumb\":{\"@id\":\"https:\/\/inzain.bike\/tus26-interest\/#breadcrumb\"},\"inLanguage\":\"nl-NL\",\"potentialAction\":[{\"@type\":\"ReadAction\",\"target\":[\"https:\/\/inzain.bike\/tus26-interest\/\"]}]},{\"@type\":\"ImageObject\",\"inLanguage\":\"nl-NL\",\"@id\":\"https:\/\/inzain.bike\/tus26-interest\/#primaryimage\",\"url\":\"https:\/\/inzain.bike\/wp-content\/uploads\/2026\/02\/IMG_0088-scaled.jpg\",\"contentUrl\":\"https:\/\/inzain.bike\/wp-content\/uploads\/2026\/02\/IMG_0088-scaled.jpg\"},{\"@type\":\"BreadcrumbList\",\"@id\":\"https:\/\/inzain.bike\/tus26-interest\/#breadcrumb\",\"itemListElement\":[{\"@type\":\"ListItem\",\"position\":1,\"name\":\"Hem\",\"item\":\"https:\/\/inzain.bike\/fr_be\/\"},{\"@type\":\"ListItem\",\"position\":2,\"name\":\"Toscana 2026 Intresseanm\u00e4lan\"}]},{\"@type\":\"WebSite\",\"@id\":\"https:\/\/inzain.bike\/fr_be\/#website\",\"url\":\"https:\/\/inzain.bike\/fr_be\/\",\"name\":\"INZAIN Cycling EXPERIENCES\",\"description\":\"Cyckling Adventures  - for everyone\",\"publisher\":{\"@id\":\"https:\/\/inzain.bike\/fr_be\/#organization\"},\"alternateName\":\"INZAIN Gravel & Travel\",\"potentialAction\":[{\"@type\":\"SearchAction\",\"target\":{\"@type\":\"EntryPoint\",\"urlTemplate\":\"https:\/\/inzain.bike\/fr_be\/?s={search_term_string}\"},\"query-input\":{\"@type\":\"PropertyValueSpecification\",\"valueRequired\":true,\"valueName\":\"search_term_string\"}}],\"inLanguage\":\"nl-NL\"},{\"@type\":\"Organization\",\"@id\":\"https:\/\/inzain.bike\/fr_be\/#organization\",\"name\":\"INZAIN Cycling EXPERIENCES\",\"url\":\"https:\/\/inzain.bike\/fr_be\/\",\"logo\":{\"@type\":\"ImageObject\",\"inLanguage\":\"nl-NL\",\"@id\":\"https:\/\/inzain.bike\/fr_be\/#\/schema\/logo\/image\/\",\"url\":\"https:\/\/i0.wp.com\/inzain.bike\/wp-content\/uploads\/2023\/09\/cropped-INZAIN_512x512_white.png?fit=512%2C512&ssl=1\",\"contentUrl\":\"https:\/\/i0.wp.com\/inzain.bike\/wp-content\/uploads\/2023\/09\/cropped-INZAIN_512x512_white.png?fit=512%2C512&ssl=1\",\"width\":512,\"height\":512,\"caption\":\"INZAIN Cycling EXPERIENCES\"},\"image\":{\"@id\":\"https:\/\/inzain.bike\/fr_be\/#\/schema\/logo\/image\/\"},\"sameAs\":[\"https:\/\/www.facebook.com\/Inzain.bike\",\"https:\/\/www.instagram.com\/inzainbike\"]}]}<\/script>\n<!-- \/ Yoast SEO plugin. -->","yoast_head_json":{"title":"Toscane 2026: Aanmelding voor deelname - INZAIN Cycling EXPERIENCES","robots":{"index":"index","follow":"follow","max-snippet":"max-snippet:-1","max-image-preview":"max-image-preview:large","max-video-preview":"max-video-preview:-1"},"canonical":"https:\/\/inzain.bike\/nl\/tus26-interest\/","og_locale":"nl_NL","og_type":"article","og_title":"Toscana 2026 Intresseanm\u00e4lan - INZAIN Cycling EXPERIENCES","og_description":"S\u00e5 kul att du \u00e4r intresserad av att f\u00f6lja med oss till Toscana i oktober 2026.Fyll i formul\u00e4ret s\u00e5 ser vi till att du f\u00e5r mer information och svarar p\u00e5 dina fr\u00e5gor.","og_url":"https:\/\/inzain.bike\/nl\/tus26-interest\/","og_site_name":"INZAIN Cycling EXPERIENCES","article_publisher":"https:\/\/www.facebook.com\/Inzain.bike","article_modified_time":"2026-02-21T12:30:30+00:00","og_image":[{"width":2560,"height":1707,"url":"https:\/\/inzain.bike\/wp-content\/uploads\/2026\/02\/IMG_0088-scaled.jpg","type":"image\/jpeg"}],"twitter_card":"summary_large_image","twitter_misc":{"Geschatte leestijd":"1 minuut"},"schema":{"@context":"https:\/\/schema.org","@graph":[{"@type":"WebPage","@id":"https:\/\/inzain.bike\/tus26-interest\/","url":"https:\/\/inzain.bike\/tus26-interest\/","name":"Toscane 2026: Aanmelding voor deelname - INZAIN Cycling EXPERIENCES","isPartOf":{"@id":"https:\/\/inzain.bike\/fr_be\/#website"},"primaryImageOfPage":{"@id":"https:\/\/inzain.bike\/tus26-interest\/#primaryimage"},"image":{"@id":"https:\/\/inzain.bike\/tus26-interest\/#primaryimage"},"thumbnailUrl":"https:\/\/inzain.bike\/wp-content\/uploads\/2026\/02\/IMG_0088-scaled.jpg","datePublished":"2026-02-21T12:25:56+00:00","dateModified":"2026-02-21T12:30:30+00:00","breadcrumb":{"@id":"https:\/\/inzain.bike\/tus26-interest\/#breadcrumb"},"inLanguage":"nl-NL","potentialAction":[{"@type":"ReadAction","target":["https:\/\/inzain.bike\/tus26-interest\/"]}]},{"@type":"ImageObject","inLanguage":"nl-NL","@id":"https:\/\/inzain.bike\/tus26-interest\/#primaryimage","url":"https:\/\/inzain.bike\/wp-content\/uploads\/2026\/02\/IMG_0088-scaled.jpg","contentUrl":"https:\/\/inzain.bike\/wp-content\/uploads\/2026\/02\/IMG_0088-scaled.jpg"},{"@type":"BreadcrumbList","@id":"https:\/\/inzain.bike\/tus26-interest\/#breadcrumb","itemListElement":[{"@type":"ListItem","position":1,"name":"Hem","item":"https:\/\/inzain.bike\/fr_be\/"},{"@type":"ListItem","position":2,"name":"Toscana 2026 Intresseanm\u00e4lan"}]},{"@type":"WebSite","@id":"https:\/\/inzain.bike\/fr_be\/#website","url":"https:\/\/inzain.bike\/fr_be\/","name":"INZAIN fietservaringen","description":"Fietsavonturen - voor iedereen","publisher":{"@id":"https:\/\/inzain.bike\/fr_be\/#organization"},"alternateName":"INZAIN Gravel & Travel","potentialAction":[{"@type":"SearchAction","target":{"@type":"EntryPoint","urlTemplate":"https:\/\/inzain.bike\/fr_be\/?s={search_term_string}"},"query-input":{"@type":"PropertyValueSpecification","valueRequired":true,"valueName":"search_term_string"}}],"inLanguage":"nl-NL"},{"@type":"Organization","@id":"https:\/\/inzain.bike\/fr_be\/#organization","name":"INZAIN fietservaringen","url":"https:\/\/inzain.bike\/fr_be\/","logo":{"@type":"ImageObject","inLanguage":"nl-NL","@id":"https:\/\/inzain.bike\/fr_be\/#\/schema\/logo\/image\/","url":"https:\/\/i0.wp.com\/inzain.bike\/wp-content\/uploads\/2023\/09\/cropped-INZAIN_512x512_white.png?fit=512%2C512&ssl=1","contentUrl":"https:\/\/i0.wp.com\/inzain.bike\/wp-content\/uploads\/2023\/09\/cropped-INZAIN_512x512_white.png?fit=512%2C512&ssl=1","width":512,"height":512,"caption":"INZAIN Cycling EXPERIENCES"},"image":{"@id":"https:\/\/inzain.bike\/fr_be\/#\/schema\/logo\/image\/"},"sameAs":["https:\/\/www.facebook.com\/Inzain.bike","https:\/\/www.instagram.com\/inzainbike"]}]}},"amp_enabled":true,"_links":{"self":[{"href":"https:\/\/inzain.bike\/nl\/wp-json\/wp\/v2\/pages\/10126","targetHints":{"allow":["GET"]}}],"collection":[{"href":"https:\/\/inzain.bike\/nl\/wp-json\/wp\/v2\/pages"}],"about":[{"href":"https:\/\/inzain.bike\/nl\/wp-json\/wp\/v2\/types\/page"}],"author":[{"embeddable":true,"href":"https:\/\/inzain.bike\/nl\/wp-json\/wp\/v2\/users\/203917875"}],"replies":[{"embeddable":true,"href":"https:\/\/inzain.bike\/nl\/wp-json\/wp\/v2\/comments?post=10126"}],"version-history":[{"count":3,"href":"https:\/\/inzain.bike\/nl\/wp-json\/wp\/v2\/pages\/10126\/revisions"}],"predecessor-version":[{"id":10134,"href":"https:\/\/inzain.bike\/nl\/wp-json\/wp\/v2\/pages\/10126\/revisions\/10134"}],"wp:attachment":[{"href":"https:\/\/inzain.bike\/nl\/wp-json\/wp\/v2\/media?parent=10126"}],"curies":[{"name":"wp","href":"https:\/\/api.w.org\/{rel}","templated":true}]}}