{"id":1585,"date":"2022-03-08T11:05:33","date_gmt":"2022-03-08T10:05:33","guid":{"rendered":"https:\/\/inzain.bike\/?page_id=1585"},"modified":"2024-03-10T14:31:42","modified_gmt":"2024-03-10T13:31:42","slug":"terms","status":"publish","type":"page","link":"https:\/\/inzain.bike\/nl\/terms\/","title":{"rendered":"Voorwaarden voor het evenement"},"content":{"rendered":"<h4 class=\"wp-block-heading\" id=\"dina-skyldigheter\"><strong>Jouw verplichtingen&nbsp;<\/strong><\/h4>\n\n\n\n<p><strong>Jij zult:<\/strong><\/p>\n\n\n\n<ul class=\"wp-block-list\">\n<li>Volg de instructies van de gidsen gedurende de hele tour<\/li>\n\n\n\n<li>Draag een helm tijdens het fietsen<\/li>\n\n\n\n<li>Fiets niet als u onder invloed bent van alcohol of drugs<\/li>\n\n\n\n<li>Zorg ervoor dat u een reisverzekering heeft die bagage, fietsuitrusting en medische kosten dekt.<\/li>\n<\/ul>\n\n\n\n<h4 class=\"wp-block-heading\" id=\"vara-rattigheter\"><strong>Onze rechten<\/strong><\/h4>\n\n\n\n<p>We behouden ons het recht voor om uw reis op elk moment v\u00f3\u00f3r vertrek te annuleren of te wijzigen vanwege gebeurtenissen buiten onze controle, zoals maar niet beperkt tot:<\/p>\n\n\n\n<ul class=\"wp-block-list\">\n<li>Overmacht; Overstroming; Droogte; Kernwapens, Chemische of biologische besmetting, Instorting van gebouwen, Brand, explosie of ongeval (gezamenlijk \u201cGebeurtenissen buiten onze controle\u201d).<\/li>\n<\/ul>\n\n\n\n<p>We behouden ons ook het recht voor om uw reis op elk moment v\u00f3\u00f3r vertrek te annuleren of te wijzigen (naar eigen goeddunken), hoewel we u verzekeren dat we dit alleen zullen proberen te doen als dit absoluut noodzakelijk is.<\/p>\n\n\n\n<h4 class=\"wp-block-heading\" id=\"overfora-resan\"><strong>Breng de reis over&nbsp;<\/strong><\/h4>\n\n\n\n<p>Als een zakelijk of persoonlijk noodgeval u verhindert om op reis te gaan, kunt u uw reis overdragen aan een andere persoon, die door INZAIN moet worden goedgekeurd. Als de persoon wordt goedgekeurd, regelen u en uw vervanger de kosten.<br>INZAIN doet geen restitutie, tenzij annulering binnen de gestelde termijn plaatsvindt, zie paragraaf restituties.<\/p>\n\n\n\n<h4 class=\"wp-block-heading\" id=\"andringar-av-din-resa\"><strong>Wijzigingen in uw reis<\/strong><\/h4>\n\n\n\n<p>Wij zullen ons best doen om ervoor te zorgen dat het reisschema voor uw reis niet gewijzigd hoeft te worden. Als er zich echter een gebeurtenis voordoet die buiten onze macht ligt (het is mogelijk dat we onze geadverteerde reisroutes of schema&#039;s niet kunnen volgen). Als eventuele extra kosten als gevolg van vertraging, een ongeval of verstoring van de geplande reisroute het gevolg zijn van gebeurtenissen buiten onze controle, kunnen wij u deze kosten niet vergoeden.<\/p>\n\n\n\n<h4 class=\"wp-block-heading\" id=\"upphavande\"><strong>Intrekking&nbsp;<\/strong><\/h4>\n\n\n\n<p><strong>Door te boeken:<\/strong><\/p>\n\n\n\n<ul class=\"wp-block-list\">\n<li>U gaat ermee akkoord dat u alle door ons verstrekte informatie over de reis heeft ontvangen en gelezen<\/li>\n\n\n\n<li>U aanvaardt dat eventuele aanbevelingen die door ons worden gedaan met betrekking tot klimaat, kleding, speciale uitrusting, topografie, etc. in goed vertrouwen worden gedaan, maar dat we de juistheid of volledigheid ervan niet kunnen garanderen<\/li>\n\n\n\n<li>U aanvaardt dat het uw verantwoordelijkheid is om een verzekering af te sluiten die u voor de gehele reis dekt<\/li>\n\n\n\n<li>U erkent dat u zich bewust bent van de fysiek veeleisende aard van onze reizen en accepteert de risico&#039;s en gevaren van onze reizen, inclusief gevaren tijdens het fietsen, zowel op de weg als off-road, en eventuele risico&#039;s die voortvloeien uit (onder andere) slecht weer en de wisselende staat van de wegen en\/of sporen<\/li>\n\n\n\n<li>Accepteert het risico van (onder meer) vertragingen, wijzigingen, verlies of beschadiging van eigendommen, overlast en ongemak<\/li>\n\n\n\n<li>Naast het accepteren van het onderstaande punt, neemt u deel aan de reis en rijdt u op eigen risico.<\/li>\n<\/ul>\n\n\n\n<h4 class=\"wp-block-heading\" id=\"tillamplig-lag-och-jurisdiktion\"><strong>Toepasselijk recht en jurisdictie<\/strong><\/h4>\n\n\n\n<p>Elk geschil wordt als volgt beslecht: <a href=\"https:\/\/sccinstitute.se\/vara-tjanster\/forenklat-skiljeforfarande\/\">https:\/\/sccinstitute.se\/vara-tjanster\/forenklat-skiljeforfarande\/<\/a>\u2018&#039;\u2018<\/p>\n\n\n\n<p><strong>Ziekte<\/strong><\/p>\n\n\n\n<p>Als deelnemer dient u uw verzekering te controleren, zodat deze de kosten dekt als u vanwege ziekte moet annuleren. INZAIN heeft geen verantwoordelijkheid voor terugbetaling in geval van ziekte, indien deze plaatsvindt nadat betaling heeft plaatsgevonden<\/p>\n\n\n\n<p><strong>Terugbetaling<\/strong><\/p>\n\n\n\n<p>Bij boeking wordt de reis betaald. Als u ervoor kiest om te annuleren, geldt het volgende:<br>30% is nooit restitueerbaar, het zijn de reserveringskosten.<br>70% wordt terugbetaald bij annulering uiterlijk 120 dagen voor vertrek, daarna is er geen restitutie meer mogelijk.<\/p>\n\n\n\n<p><\/p>\n\n\n\n<p><\/p>","protected":false},"excerpt":{"rendered":"<p>Dina skyldigheter&nbsp; Du skall: V\u00e5ra r\u00e4ttigheter Vi f\u00f6rbeh\u00e5ller oss r\u00e4tten att avbryta eller \u00e4ndra din resa n\u00e4r som helst innan avresa p\u00e5 grund av h\u00e4ndelser utanf\u00f6r v\u00e5r kontroll, s\u00e5som men inte begr\u00e4nsat till: Vi f\u00f6rbeh\u00e5ller oss ocks\u00e5 r\u00e4tten att st\u00e4lla in eller \u00e4ndra din resa n\u00e4r som helst f\u00f6re avresa (efter eget godtycke), \u00e4ven om [&hellip;]<\/p>\n","protected":false},"author":135133094,"featured_media":0,"parent":0,"menu_order":0,"comment_status":"closed","ping_status":"closed","template":"","meta":{"_coblocks_attr":"","_coblocks_dimensions":"","_coblocks_responsive_height":"","_coblocks_accordion_ie_support":"","footnotes":""},"class_list":["post-1585","page","type-page","status-publish","hentry"],"yoast_head":"<!-- This site is optimized with the Yoast SEO plugin v27.2 - https:\/\/yoast.com\/product\/yoast-seo-wordpress\/ -->\n<title>Villkor f\u00f6r eventet - INZAIN Cycling EXPERIENCES<\/title>\n<meta name=\"robots\" content=\"index, follow, max-snippet:-1, max-image-preview:large, max-video-preview:-1\" \/>\n<link rel=\"canonical\" href=\"https:\/\/inzain.bike\/nl\/terms\/\" \/>\n<meta property=\"og:locale\" content=\"nl_NL\" \/>\n<meta property=\"og:type\" content=\"article\" \/>\n<meta property=\"og:title\" content=\"Villkor f\u00f6r eventet - INZAIN Cycling EXPERIENCES\" \/>\n<meta property=\"og:description\" content=\"Dina skyldigheter&nbsp; Du skall: V\u00e5ra r\u00e4ttigheter Vi f\u00f6rbeh\u00e5ller oss r\u00e4tten att avbryta eller \u00e4ndra din resa n\u00e4r som helst innan avresa p\u00e5 grund av h\u00e4ndelser utanf\u00f6r v\u00e5r kontroll, s\u00e5som men inte begr\u00e4nsat till: Vi f\u00f6rbeh\u00e5ller oss ocks\u00e5 r\u00e4tten att st\u00e4lla in eller \u00e4ndra din resa n\u00e4r som helst f\u00f6re avresa (efter eget godtycke), \u00e4ven om [&hellip;]\" \/>\n<meta property=\"og:url\" content=\"https:\/\/inzain.bike\/nl\/terms\/\" \/>\n<meta property=\"og:site_name\" content=\"INZAIN Cycling EXPERIENCES\" \/>\n<meta property=\"article:publisher\" content=\"https:\/\/www.facebook.com\/Inzain.bike\" \/>\n<meta property=\"article:modified_time\" content=\"2024-03-10T13:31:42+00:00\" \/>\n<meta name=\"twitter:card\" content=\"summary_large_image\" \/>\n<meta name=\"twitter:label1\" content=\"Geschatte leestijd\" \/>\n\t<meta name=\"twitter:data1\" content=\"3 minuten\" \/>\n<script type=\"application\/ld+json\" class=\"yoast-schema-graph\">{\"@context\":\"https:\/\/schema.org\",\"@graph\":[{\"@type\":\"WebPage\",\"@id\":\"https:\/\/inzain.bike\/nl_be\/terms\/\",\"url\":\"https:\/\/inzain.bike\/nl_be\/terms\/\",\"name\":\"Villkor f\u00f6r eventet - INZAIN Cycling EXPERIENCES\",\"isPartOf\":{\"@id\":\"https:\/\/inzain.bike\/fr_be\/#website\"},\"datePublished\":\"2022-03-08T10:05:33+00:00\",\"dateModified\":\"2024-03-10T13:31:42+00:00\",\"breadcrumb\":{\"@id\":\"https:\/\/inzain.bike\/nl_be\/terms\/#breadcrumb\"},\"inLanguage\":\"nl-NL\",\"potentialAction\":[{\"@type\":\"ReadAction\",\"target\":[\"https:\/\/inzain.bike\/nl_be\/terms\/\"]}]},{\"@type\":\"BreadcrumbList\",\"@id\":\"https:\/\/inzain.bike\/nl_be\/terms\/#breadcrumb\",\"itemListElement\":[{\"@type\":\"ListItem\",\"position\":1,\"name\":\"Hem\",\"item\":\"https:\/\/inzain.bike\/fr_be\/\"},{\"@type\":\"ListItem\",\"position\":2,\"name\":\"Villkor f\u00f6r eventet\"}]},{\"@type\":\"WebSite\",\"@id\":\"https:\/\/inzain.bike\/fr_be\/#website\",\"url\":\"https:\/\/inzain.bike\/fr_be\/\",\"name\":\"INZAIN Cycling EXPERIENCES\",\"description\":\"Cyckling Adventures  - for everyone\",\"publisher\":{\"@id\":\"https:\/\/inzain.bike\/fr_be\/#organization\"},\"alternateName\":\"INZAIN Gravel & Travel\",\"potentialAction\":[{\"@type\":\"SearchAction\",\"target\":{\"@type\":\"EntryPoint\",\"urlTemplate\":\"https:\/\/inzain.bike\/fr_be\/?s={search_term_string}\"},\"query-input\":{\"@type\":\"PropertyValueSpecification\",\"valueRequired\":true,\"valueName\":\"search_term_string\"}}],\"inLanguage\":\"nl-NL\"},{\"@type\":\"Organization\",\"@id\":\"https:\/\/inzain.bike\/fr_be\/#organization\",\"name\":\"INZAIN Cycling EXPERIENCES\",\"url\":\"https:\/\/inzain.bike\/fr_be\/\",\"logo\":{\"@type\":\"ImageObject\",\"inLanguage\":\"nl-NL\",\"@id\":\"https:\/\/inzain.bike\/fr_be\/#\/schema\/logo\/image\/\",\"url\":\"https:\/\/i0.wp.com\/inzain.bike\/wp-content\/uploads\/2023\/09\/cropped-INZAIN_512x512_white.png?fit=512%2C512&ssl=1\",\"contentUrl\":\"https:\/\/i0.wp.com\/inzain.bike\/wp-content\/uploads\/2023\/09\/cropped-INZAIN_512x512_white.png?fit=512%2C512&ssl=1\",\"width\":512,\"height\":512,\"caption\":\"INZAIN Cycling EXPERIENCES\"},\"image\":{\"@id\":\"https:\/\/inzain.bike\/fr_be\/#\/schema\/logo\/image\/\"},\"sameAs\":[\"https:\/\/www.facebook.com\/Inzain.bike\",\"https:\/\/www.instagram.com\/inzainbike\"]}]}<\/script>\n<!-- \/ Yoast SEO plugin. -->","yoast_head_json":{"title":"Algemene voorwaarden voor evenementen - INZAIN Cycling EXPERIENCES","robots":{"index":"index","follow":"follow","max-snippet":"max-snippet:-1","max-image-preview":"max-image-preview:large","max-video-preview":"max-video-preview:-1"},"canonical":"https:\/\/inzain.bike\/nl\/terms\/","og_locale":"nl_NL","og_type":"article","og_title":"Villkor f\u00f6r eventet - INZAIN Cycling EXPERIENCES","og_description":"Dina skyldigheter&nbsp; Du skall: V\u00e5ra r\u00e4ttigheter Vi f\u00f6rbeh\u00e5ller oss r\u00e4tten att avbryta eller \u00e4ndra din resa n\u00e4r som helst innan avresa p\u00e5 grund av h\u00e4ndelser utanf\u00f6r v\u00e5r kontroll, s\u00e5som men inte begr\u00e4nsat till: Vi f\u00f6rbeh\u00e5ller oss ocks\u00e5 r\u00e4tten att st\u00e4lla in eller \u00e4ndra din resa n\u00e4r som helst f\u00f6re avresa (efter eget godtycke), \u00e4ven om [&hellip;]","og_url":"https:\/\/inzain.bike\/nl\/terms\/","og_site_name":"INZAIN Cycling EXPERIENCES","article_publisher":"https:\/\/www.facebook.com\/Inzain.bike","article_modified_time":"2024-03-10T13:31:42+00:00","twitter_card":"summary_large_image","twitter_misc":{"Geschatte leestijd":"3 minuten"},"schema":{"@context":"https:\/\/schema.org","@graph":[{"@type":"WebPage","@id":"https:\/\/inzain.bike\/nl_be\/terms\/","url":"https:\/\/inzain.bike\/nl_be\/terms\/","name":"Algemene voorwaarden voor evenementen - INZAIN Cycling EXPERIENCES","isPartOf":{"@id":"https:\/\/inzain.bike\/fr_be\/#website"},"datePublished":"2022-03-08T10:05:33+00:00","dateModified":"2024-03-10T13:31:42+00:00","breadcrumb":{"@id":"https:\/\/inzain.bike\/nl_be\/terms\/#breadcrumb"},"inLanguage":"nl-NL","potentialAction":[{"@type":"ReadAction","target":["https:\/\/inzain.bike\/nl_be\/terms\/"]}]},{"@type":"BreadcrumbList","@id":"https:\/\/inzain.bike\/nl_be\/terms\/#breadcrumb","itemListElement":[{"@type":"ListItem","position":1,"name":"Hem","item":"https:\/\/inzain.bike\/fr_be\/"},{"@type":"ListItem","position":2,"name":"Villkor f\u00f6r eventet"}]},{"@type":"WebSite","@id":"https:\/\/inzain.bike\/fr_be\/#website","url":"https:\/\/inzain.bike\/fr_be\/","name":"INZAIN fietservaringen","description":"Fietsavonturen - voor iedereen","publisher":{"@id":"https:\/\/inzain.bike\/fr_be\/#organization"},"alternateName":"INZAIN Gravel & Travel","potentialAction":[{"@type":"SearchAction","target":{"@type":"EntryPoint","urlTemplate":"https:\/\/inzain.bike\/fr_be\/?s={search_term_string}"},"query-input":{"@type":"PropertyValueSpecification","valueRequired":true,"valueName":"search_term_string"}}],"inLanguage":"nl-NL"},{"@type":"Organization","@id":"https:\/\/inzain.bike\/fr_be\/#organization","name":"INZAIN fietservaringen","url":"https:\/\/inzain.bike\/fr_be\/","logo":{"@type":"ImageObject","inLanguage":"nl-NL","@id":"https:\/\/inzain.bike\/fr_be\/#\/schema\/logo\/image\/","url":"https:\/\/i0.wp.com\/inzain.bike\/wp-content\/uploads\/2023\/09\/cropped-INZAIN_512x512_white.png?fit=512%2C512&ssl=1","contentUrl":"https:\/\/i0.wp.com\/inzain.bike\/wp-content\/uploads\/2023\/09\/cropped-INZAIN_512x512_white.png?fit=512%2C512&ssl=1","width":512,"height":512,"caption":"INZAIN Cycling EXPERIENCES"},"image":{"@id":"https:\/\/inzain.bike\/fr_be\/#\/schema\/logo\/image\/"},"sameAs":["https:\/\/www.facebook.com\/Inzain.bike","https:\/\/www.instagram.com\/inzainbike"]}]}},"amp_enabled":true,"_links":{"self":[{"href":"https:\/\/inzain.bike\/nl\/wp-json\/wp\/v2\/pages\/1585","targetHints":{"allow":["GET"]}}],"collection":[{"href":"https:\/\/inzain.bike\/nl\/wp-json\/wp\/v2\/pages"}],"about":[{"href":"https:\/\/inzain.bike\/nl\/wp-json\/wp\/v2\/types\/page"}],"author":[{"embeddable":true,"href":"https:\/\/inzain.bike\/nl\/wp-json\/wp\/v2\/users\/135133094"}],"replies":[{"embeddable":true,"href":"https:\/\/inzain.bike\/nl\/wp-json\/wp\/v2\/comments?post=1585"}],"version-history":[{"count":0,"href":"https:\/\/inzain.bike\/nl\/wp-json\/wp\/v2\/pages\/1585\/revisions"}],"wp:attachment":[{"href":"https:\/\/inzain.bike\/nl\/wp-json\/wp\/v2\/media?parent=1585"}],"curies":[{"name":"wp","href":"https:\/\/api.w.org\/{rel}","templated":true}]}}