{"id":1981,"date":"2022-10-02T18:24:29","date_gmt":"2022-10-02T16:24:29","guid":{"rendered":"https:\/\/inzain.bike\/?page_id=1981"},"modified":"2023-05-16T11:52:09","modified_gmt":"2023-05-16T09:52:09","slug":"sormland-gravel-camp","status":"publish","type":"page","link":"https:\/\/inzain.bike\/nl\/sormland-gravel-camp\/","title":{"rendered":"S\u00f6rmland grindkamp"},"content":{"rendered":"<p>Welkom bij een fantastisch weekend met Gravel in S\u00f6rmland<\/p>\n\n\n\n<figure class=\"wp-block-image size-large\"><img loading=\"lazy\" decoding=\"async\" width=\"1024\" height=\"768\" src=\"https:\/\/inzain.bike\/wp-content\/uploads\/2022\/10\/20210627_133539-1024x768.jpg\" alt=\"\" class=\"wp-image-1983\" srcset=\"https:\/\/inzain.bike\/wp-content\/uploads\/2022\/10\/20210627_133539-1024x768.jpg 1024w, https:\/\/inzain.bike\/wp-content\/uploads\/2022\/10\/20210627_133539-300x225.jpg 300w, https:\/\/inzain.bike\/wp-content\/uploads\/2022\/10\/20210627_133539-768x576.jpg 768w, https:\/\/inzain.bike\/wp-content\/uploads\/2022\/10\/20210627_133539-1536x1152.jpg 1536w, https:\/\/inzain.bike\/wp-content\/uploads\/2022\/10\/20210627_133539-2048x1536.jpg 2048w, https:\/\/inzain.bike\/wp-content\/uploads\/2022\/10\/20210627_133539-16x12.jpg 16w, https:\/\/inzain.bike\/wp-content\/uploads\/2022\/10\/20210627_133539-1320x990.jpg 1320w, https:\/\/inzain.bike\/wp-content\/uploads\/2022\/10\/20210627_133539-600x450.jpg 600w\" sizes=\"auto, (max-width: 1024px) 100vw, 1024px\" \/><\/figure>\n\n\n\n<p><strong>Wanneer<\/strong>: 20-21 mei 2023.<br><strong>Waar<\/strong>: S\u00f6rmland<br><strong>Hoe<\/strong>: Gravel Camp op geweldige wegen<br><strong>Slaap<\/strong>: Wij hebben een aantal kamers geboekt bij <a href=\"https:\/\/www.kjesater.se\/\">Kasteel Kjes\u00e4ter<\/a><br><strong>Inbegrepen<\/strong>: Accommodatie, ontbijt en driegangendiner op zaterdag. <br><strong>Prijs<\/strong>: Het evenement zelf is gratis, we hebben accommodatie en voedselpakketten geregeld voor degenen die dat willen. E\u00e9n nacht gedeelde kamer, SEK 2.000, extra nacht SEK 700, Eenpersoonskamer +300 per nacht.<br>Iedereen is welkom om deel te nemen, maar we willen graag dat je je toch inschrijft.<\/p>\n\n\n\n<p><strong>Wat kun je verwachten?<\/strong><br>Een heel leuk weekend op hele mooie onverharde wegen in goed gezelschap en met lekker eten en koffie. We wonen op een prachtige plek, ontbijten goed en eten zaterdagavond een lekkerder driegangendiner. Lunch, koffie etc. koop je zelf, daarvoor komt de route langs leuke plekken.<iframe loading=\"lazy\" title=\"Kjes\u00e4tter\" src=\"https:\/\/player.vimeo.com\/video\/435007512?app_id=122963&amp;wmode=opaque\" width=\"100%\" height=\"700px\" frameborder=\"0\" allowfullscreen=\"allowfullscreen\"> <\/iframe><\/p>\n\n\n\n<figure class=\"wp-block-image size-large\"><img loading=\"lazy\" decoding=\"async\" width=\"1024\" height=\"768\" src=\"https:\/\/inzain.bike\/wp-content\/uploads\/2022\/10\/G0034022-1024x768.jpg\" alt=\"\" class=\"wp-image-2083\" srcset=\"https:\/\/inzain.bike\/wp-content\/uploads\/2022\/10\/G0034022-1024x768.jpg 1024w, https:\/\/inzain.bike\/wp-content\/uploads\/2022\/10\/G0034022-300x225.jpg 300w, https:\/\/inzain.bike\/wp-content\/uploads\/2022\/10\/G0034022-768x576.jpg 768w, https:\/\/inzain.bike\/wp-content\/uploads\/2022\/10\/G0034022-1536x1152.jpg 1536w, https:\/\/inzain.bike\/wp-content\/uploads\/2022\/10\/G0034022-2048x1536.jpg 2048w, https:\/\/inzain.bike\/wp-content\/uploads\/2022\/10\/G0034022-16x12.jpg 16w, https:\/\/inzain.bike\/wp-content\/uploads\/2022\/10\/G0034022-1320x990.jpg 1320w, https:\/\/inzain.bike\/wp-content\/uploads\/2022\/10\/G0034022-600x450.jpg 600w\" sizes=\"auto, (max-width: 1024px) 100vw, 1024px\" \/><\/figure>\n\n\n\n<p><strong>Zaterdag<\/strong><br>We starten direct vanaf het kasteel van Kjes\u00e4ter en fietsen naar het zuiden. Meren, bos en cultuurlandschap, het is een goede afwisseling. We passeren het westelijke puntje van Tissnaren en bereiken Hallonviken via Br\u00e4nntorp en \u00d6lnetorp. Propagandawegen! Vervolgens passeren we het natuurreservaat Magnehult. De lunch vindt plaats in Rejmyre. We eten bij de pizzeria. De Gestgiferiet is gesloten. Waarom maakt u niet van de gelegenheid gebruik om een kijkje te nemen in het Glasbrukets museum? Na de lunch kun je een iets kortere route kiezen, dan neem je onderstaande borgtocht, deze sluit na ongeveer 4 mijl weer aan op de lange route en verkort de tocht met ongeveer 4 mijl. De reis gaat verder richting de Breven-molen vlakbij het meer en over uitstekende wegen. Bij gebruik van de letters kunt u desgewenst een extra koffie of snack nuttigen en vervolgens de laatste vijf kilometer terugrijden naar ons kasteel.<br>Eenmaal daar zal een biertje waarschijnlijk behoorlijk goed zitten. Even douchen en daarna een lekkerder driegangendiner.<\/p>\n\n\n\n<p><iframe src=\"https:\/\/ridewithgps.com\/embeds?type=route&amp;id=41111110&amp;metricUnits=true&amp;sampleGraph=true\" style=\"width: 1px; min-width: 100%; height: 700px; border: none;\" scrolling=\"no\"><\/iframe><\/p>\n\n\n\n<p><strong>Borgtocht voor zaterdag<\/strong><br>Verkort de reis met ongeveer 4 mijl. Rechtdoor noordwaarts via de Sverigeleden met enkele omwegen. Maak kennis met de lange route die u vervolgens volgt naar ons kasteel, misschien een biertje en daarna lekker eten.<br><br><iframe style=\"width: 1px; min-width: 100%; height: 700px; border: none;\" src=\"https:\/\/ridewithgps.com\/embeds?type=route&amp;id=41111156&amp;metricUnits=true&amp;sampleGraph=true&amp;distanceMarkers=true\" scrolling=\"no\">&lt;\/p&gt;<\/iframe><\/p>\n\n\n\n<p><strong>Zondag<\/strong> <br>We starten in Flen, wat autotransport van de accommodatie naar Flen betekent. Parkeren bij de sporthal Hammarvallen of shuttleparking buiten het treinstation. Wanneer we het centrum van de stad hebben verlaten, fietsen we door het bos naar beneden richting Malsta om vervolgens in het open landschap verder te gaan naar Kvarnen Caf\u00e9 en Antikt voor een vroeg kopje koffie als we dat willen. De reis gaat verder langs de meren naar Tofta G\u00e5rd op weg naar de Lunch St\u00e4lle van vandaag <a href=\"https:\/\/www.bruksholmen.se\/ata\/smedjan\/\">De smederij<\/a>. Na de lunch kunt u de keuze maken om een kortere route te rijden, daarna neemt u Bailen die u in 40 km naar Flen brengt, een verkorting van ongeveer 2 mijl. Als je ervoor kiest om de hele tocht te rijden, gaat deze verder langs Katrineholm en maakt een boog naar het westen om vervolgens naar Bie te gaan. Van daaruit fietsen we via Granhed terug naar Flen.<\/p>\n\n\n<p><iframe style=\"width: 1px; min-width: 100%; height: 700px; border: none;\" src=\"https:\/\/ridewithgps.com\/embeds?type=route&amp;id=41111876&amp;metricUnits=true&amp;sampleGraph=true&amp;distanceMarkers=true\" scrolling=\"no\"><\/iframe><\/p>\n<p><strong>Zondag borgtocht<\/strong> <br>Wil je wat korter rijden, dan kies je hiervoor bij de lunchplek. Hij gaat weer rond de meren en brengt ons naar de Sverigeleden, vanwaar hij een aantal omwegen maakt over fin&#039;s grindstroken. Daarna gaat het via Norrtorp terug naar Flen.<\/p>\n<p><iframe style=\"width: 1px; min-width: 100%; height: 700px; border: none;\" src=\"https:\/\/ridewithgps.com\/embeds?type=route&amp;id=41112193&amp;metricUnits=true&amp;sampleGraph=true&amp;distanceMarkers=true\" scrolling=\"no\"><\/iframe><\/p>\n\n\n<p><br><strong>Wij fietsen volgens de principes van Grusets V\u00e4nner.<\/strong><br>We fietsen voor de lol, er zijn geen pauzes en het gaat niet om de snelste fiets, maar om de beste ervaring. Als je wilt uitgeven, is dat natuurlijk prima, maar wacht maar even verder. Mogelijk splitsen we de groep ook, als dat beter blijkt. Onze gidsen hebben veel ervaring met het organiseren en houden van deze reizen.<br><br>*Niemand wordt alleen gelaten, iedereen moet meedoen<br>* Het stuiteren gaat goed, wacht tot later<br>* Wij zorgen voor elkaar en helpen elkaar bij punkers of andere zaken.<br>* Wij fietsen veilig en houden afstand, denk aan de drie seconden regel.<br>* Het draait allemaal om een leuke dag.<\/p>\n\n\n\n<p><\/p>\n\n\n\n\n\n<p>De inschrijving is gesloten.<\/p>\n\n\n\n<p>Als je mee wilt rijden, stuur me dan een e-mail  <a href=\"mailto:info@inzain.bike\">info@inzain.bike<\/a><\/p>","protected":false},"excerpt":{"rendered":"<p>V\u00e4lkommen till en fantastisk helg med Gravel i S\u00f6rmland N\u00e4r: 20-21 maj 2023.Var: S\u00f6rmlandHur: Gravel Camp p\u00e5 fantastiska v\u00e4garSova: Vi har bokat ett antal rum p\u00e5 Kjes\u00e4ter SlottIng\u00e5r: Boende, frukost och trer\u00e4tters middag p\u00e5 l\u00f6rdag. Pris: Eventet \u00e4r i sig kostnadsfritt, vi har ordnat med boende och matpaket f\u00f6r de som vill. En natt delat [&hellip;]<\/p>\n","protected":false},"author":135133094,"featured_media":0,"parent":0,"menu_order":0,"comment_status":"closed","ping_status":"closed","template":"","meta":{"_coblocks_attr":"","_coblocks_dimensions":"","_coblocks_responsive_height":"","_coblocks_accordion_ie_support":"","footnotes":""},"class_list":["post-1981","page","type-page","status-publish","hentry"],"yoast_head":"<!-- This site is optimized with the Yoast SEO plugin v27.2 - https:\/\/yoast.com\/product\/yoast-seo-wordpress\/ -->\n<title>S\u00f6rmland Gravel Camp - INZAIN Cycling EXPERIENCES<\/title>\n<meta name=\"robots\" content=\"index, follow, max-snippet:-1, max-image-preview:large, max-video-preview:-1\" \/>\n<link rel=\"canonical\" href=\"https:\/\/inzain.bike\/nl\/sormland-gravel-camp\/\" \/>\n<meta property=\"og:locale\" content=\"nl_NL\" \/>\n<meta property=\"og:type\" content=\"article\" \/>\n<meta property=\"og:title\" content=\"S\u00f6rmland Gravel Camp - INZAIN Cycling EXPERIENCES\" \/>\n<meta property=\"og:description\" content=\"V\u00e4lkommen till en fantastisk helg med Gravel i S\u00f6rmland N\u00e4r: 20-21 maj 2023.Var: S\u00f6rmlandHur: Gravel Camp p\u00e5 fantastiska v\u00e4garSova: Vi har bokat ett antal rum p\u00e5 Kjes\u00e4ter SlottIng\u00e5r: Boende, frukost och trer\u00e4tters middag p\u00e5 l\u00f6rdag. Pris: Eventet \u00e4r i sig kostnadsfritt, vi har ordnat med boende och matpaket f\u00f6r de som vill. En natt delat [&hellip;]\" \/>\n<meta property=\"og:url\" content=\"https:\/\/inzain.bike\/nl\/sormland-gravel-camp\/\" \/>\n<meta property=\"og:site_name\" content=\"INZAIN Cycling EXPERIENCES\" \/>\n<meta property=\"article:publisher\" content=\"https:\/\/www.facebook.com\/Inzain.bike\" \/>\n<meta property=\"article:modified_time\" content=\"2023-05-16T09:52:09+00:00\" \/>\n<meta property=\"og:image\" content=\"https:\/\/inzain.bike\/wp-content\/uploads\/2022\/10\/20210627_133539-1024x768.jpg\" \/>\n<meta name=\"twitter:card\" content=\"summary_large_image\" \/>\n<meta name=\"twitter:label1\" content=\"Geschatte leestijd\" \/>\n\t<meta name=\"twitter:data1\" content=\"4 minuten\" \/>\n<script type=\"application\/ld+json\" class=\"yoast-schema-graph\">{\"@context\":\"https:\/\/schema.org\",\"@graph\":[{\"@type\":\"WebPage\",\"@id\":\"https:\/\/inzain.bike\/nl_be\/sormland-gravel-camp\/\",\"url\":\"https:\/\/inzain.bike\/nl_be\/sormland-gravel-camp\/\",\"name\":\"S\u00f6rmland Gravel Camp - INZAIN Cycling EXPERIENCES\",\"isPartOf\":{\"@id\":\"https:\/\/inzain.bike\/fr_be\/#website\"},\"primaryImageOfPage\":{\"@id\":\"https:\/\/inzain.bike\/nl_be\/sormland-gravel-camp\/#primaryimage\"},\"image\":{\"@id\":\"https:\/\/inzain.bike\/nl_be\/sormland-gravel-camp\/#primaryimage\"},\"thumbnailUrl\":\"https:\/\/inzain.bike\/wp-content\/uploads\/2022\/10\/20210627_133539-1024x768.jpg\",\"datePublished\":\"2022-10-02T16:24:29+00:00\",\"dateModified\":\"2023-05-16T09:52:09+00:00\",\"breadcrumb\":{\"@id\":\"https:\/\/inzain.bike\/nl_be\/sormland-gravel-camp\/#breadcrumb\"},\"inLanguage\":\"nl-NL\",\"potentialAction\":[{\"@type\":\"ReadAction\",\"target\":[\"https:\/\/inzain.bike\/nl_be\/sormland-gravel-camp\/\"]}]},{\"@type\":\"ImageObject\",\"inLanguage\":\"nl-NL\",\"@id\":\"https:\/\/inzain.bike\/nl_be\/sormland-gravel-camp\/#primaryimage\",\"url\":\"https:\/\/inzain.bike\/wp-content\/uploads\/2022\/10\/20210627_133539-1024x768.jpg\",\"contentUrl\":\"https:\/\/inzain.bike\/wp-content\/uploads\/2022\/10\/20210627_133539-1024x768.jpg\"},{\"@type\":\"BreadcrumbList\",\"@id\":\"https:\/\/inzain.bike\/nl_be\/sormland-gravel-camp\/#breadcrumb\",\"itemListElement\":[{\"@type\":\"ListItem\",\"position\":1,\"name\":\"Hem\",\"item\":\"https:\/\/inzain.bike\/fr_be\/\"},{\"@type\":\"ListItem\",\"position\":2,\"name\":\"S\u00f6rmland Gravel Camp\"}]},{\"@type\":\"WebSite\",\"@id\":\"https:\/\/inzain.bike\/fr_be\/#website\",\"url\":\"https:\/\/inzain.bike\/fr_be\/\",\"name\":\"INZAIN Cycling EXPERIENCES\",\"description\":\"Cyckling Adventures  - for everyone\",\"publisher\":{\"@id\":\"https:\/\/inzain.bike\/fr_be\/#organization\"},\"alternateName\":\"INZAIN Gravel & Travel\",\"potentialAction\":[{\"@type\":\"SearchAction\",\"target\":{\"@type\":\"EntryPoint\",\"urlTemplate\":\"https:\/\/inzain.bike\/fr_be\/?s={search_term_string}\"},\"query-input\":{\"@type\":\"PropertyValueSpecification\",\"valueRequired\":true,\"valueName\":\"search_term_string\"}}],\"inLanguage\":\"nl-NL\"},{\"@type\":\"Organization\",\"@id\":\"https:\/\/inzain.bike\/fr_be\/#organization\",\"name\":\"INZAIN Cycling EXPERIENCES\",\"url\":\"https:\/\/inzain.bike\/fr_be\/\",\"logo\":{\"@type\":\"ImageObject\",\"inLanguage\":\"nl-NL\",\"@id\":\"https:\/\/inzain.bike\/fr_be\/#\/schema\/logo\/image\/\",\"url\":\"https:\/\/i0.wp.com\/inzain.bike\/wp-content\/uploads\/2023\/09\/cropped-INZAIN_512x512_white.png?fit=512%2C512&ssl=1\",\"contentUrl\":\"https:\/\/i0.wp.com\/inzain.bike\/wp-content\/uploads\/2023\/09\/cropped-INZAIN_512x512_white.png?fit=512%2C512&ssl=1\",\"width\":512,\"height\":512,\"caption\":\"INZAIN Cycling EXPERIENCES\"},\"image\":{\"@id\":\"https:\/\/inzain.bike\/fr_be\/#\/schema\/logo\/image\/\"},\"sameAs\":[\"https:\/\/www.facebook.com\/Inzain.bike\",\"https:\/\/www.instagram.com\/inzainbike\"]}]}<\/script>\n<!-- \/ Yoast SEO plugin. -->","yoast_head_json":{"title":"S\u00f6rmland Gravel Camp - INZAIN FIETSERVARINGEN","robots":{"index":"index","follow":"follow","max-snippet":"max-snippet:-1","max-image-preview":"max-image-preview:large","max-video-preview":"max-video-preview:-1"},"canonical":"https:\/\/inzain.bike\/nl\/sormland-gravel-camp\/","og_locale":"nl_NL","og_type":"article","og_title":"S\u00f6rmland Gravel Camp - INZAIN Cycling EXPERIENCES","og_description":"V\u00e4lkommen till en fantastisk helg med Gravel i S\u00f6rmland N\u00e4r: 20-21 maj 2023.Var: S\u00f6rmlandHur: Gravel Camp p\u00e5 fantastiska v\u00e4garSova: Vi har bokat ett antal rum p\u00e5 Kjes\u00e4ter SlottIng\u00e5r: Boende, frukost och trer\u00e4tters middag p\u00e5 l\u00f6rdag. Pris: Eventet \u00e4r i sig kostnadsfritt, vi har ordnat med boende och matpaket f\u00f6r de som vill. En natt delat [&hellip;]","og_url":"https:\/\/inzain.bike\/nl\/sormland-gravel-camp\/","og_site_name":"INZAIN Cycling EXPERIENCES","article_publisher":"https:\/\/www.facebook.com\/Inzain.bike","article_modified_time":"2023-05-16T09:52:09+00:00","og_image":[{"url":"https:\/\/inzain.bike\/wp-content\/uploads\/2022\/10\/20210627_133539-1024x768.jpg","type":"","width":"","height":""}],"twitter_card":"summary_large_image","twitter_misc":{"Geschatte leestijd":"4 minuten"},"schema":{"@context":"https:\/\/schema.org","@graph":[{"@type":"WebPage","@id":"https:\/\/inzain.bike\/nl_be\/sormland-gravel-camp\/","url":"https:\/\/inzain.bike\/nl_be\/sormland-gravel-camp\/","name":"S\u00f6rmland Gravel Camp - INZAIN FIETSERVARINGEN","isPartOf":{"@id":"https:\/\/inzain.bike\/fr_be\/#website"},"primaryImageOfPage":{"@id":"https:\/\/inzain.bike\/nl_be\/sormland-gravel-camp\/#primaryimage"},"image":{"@id":"https:\/\/inzain.bike\/nl_be\/sormland-gravel-camp\/#primaryimage"},"thumbnailUrl":"https:\/\/inzain.bike\/wp-content\/uploads\/2022\/10\/20210627_133539-1024x768.jpg","datePublished":"2022-10-02T16:24:29+00:00","dateModified":"2023-05-16T09:52:09+00:00","breadcrumb":{"@id":"https:\/\/inzain.bike\/nl_be\/sormland-gravel-camp\/#breadcrumb"},"inLanguage":"nl-NL","potentialAction":[{"@type":"ReadAction","target":["https:\/\/inzain.bike\/nl_be\/sormland-gravel-camp\/"]}]},{"@type":"ImageObject","inLanguage":"nl-NL","@id":"https:\/\/inzain.bike\/nl_be\/sormland-gravel-camp\/#primaryimage","url":"https:\/\/inzain.bike\/wp-content\/uploads\/2022\/10\/20210627_133539-1024x768.jpg","contentUrl":"https:\/\/inzain.bike\/wp-content\/uploads\/2022\/10\/20210627_133539-1024x768.jpg"},{"@type":"BreadcrumbList","@id":"https:\/\/inzain.bike\/nl_be\/sormland-gravel-camp\/#breadcrumb","itemListElement":[{"@type":"ListItem","position":1,"name":"Hem","item":"https:\/\/inzain.bike\/fr_be\/"},{"@type":"ListItem","position":2,"name":"S\u00f6rmland Gravel Camp"}]},{"@type":"WebSite","@id":"https:\/\/inzain.bike\/fr_be\/#website","url":"https:\/\/inzain.bike\/fr_be\/","name":"INZAIN fietservaringen","description":"Fietsavonturen - voor iedereen","publisher":{"@id":"https:\/\/inzain.bike\/fr_be\/#organization"},"alternateName":"INZAIN Gravel & Travel","potentialAction":[{"@type":"SearchAction","target":{"@type":"EntryPoint","urlTemplate":"https:\/\/inzain.bike\/fr_be\/?s={search_term_string}"},"query-input":{"@type":"PropertyValueSpecification","valueRequired":true,"valueName":"search_term_string"}}],"inLanguage":"nl-NL"},{"@type":"Organization","@id":"https:\/\/inzain.bike\/fr_be\/#organization","name":"INZAIN fietservaringen","url":"https:\/\/inzain.bike\/fr_be\/","logo":{"@type":"ImageObject","inLanguage":"nl-NL","@id":"https:\/\/inzain.bike\/fr_be\/#\/schema\/logo\/image\/","url":"https:\/\/i0.wp.com\/inzain.bike\/wp-content\/uploads\/2023\/09\/cropped-INZAIN_512x512_white.png?fit=512%2C512&ssl=1","contentUrl":"https:\/\/i0.wp.com\/inzain.bike\/wp-content\/uploads\/2023\/09\/cropped-INZAIN_512x512_white.png?fit=512%2C512&ssl=1","width":512,"height":512,"caption":"INZAIN Cycling EXPERIENCES"},"image":{"@id":"https:\/\/inzain.bike\/fr_be\/#\/schema\/logo\/image\/"},"sameAs":["https:\/\/www.facebook.com\/Inzain.bike","https:\/\/www.instagram.com\/inzainbike"]}]}},"amp_enabled":true,"_links":{"self":[{"href":"https:\/\/inzain.bike\/nl\/wp-json\/wp\/v2\/pages\/1981","targetHints":{"allow":["GET"]}}],"collection":[{"href":"https:\/\/inzain.bike\/nl\/wp-json\/wp\/v2\/pages"}],"about":[{"href":"https:\/\/inzain.bike\/nl\/wp-json\/wp\/v2\/types\/page"}],"author":[{"embeddable":true,"href":"https:\/\/inzain.bike\/nl\/wp-json\/wp\/v2\/users\/135133094"}],"replies":[{"embeddable":true,"href":"https:\/\/inzain.bike\/nl\/wp-json\/wp\/v2\/comments?post=1981"}],"version-history":[{"count":0,"href":"https:\/\/inzain.bike\/nl\/wp-json\/wp\/v2\/pages\/1981\/revisions"}],"wp:attachment":[{"href":"https:\/\/inzain.bike\/nl\/wp-json\/wp\/v2\/media?parent=1981"}],"curies":[{"name":"wp","href":"https:\/\/api.w.org\/{rel}","templated":true}]}}