{"id":291,"date":"2021-04-11T19:09:23","date_gmt":"2021-04-11T17:09:23","guid":{"rendered":"https:\/\/inzain.bike\/?page_id=291"},"modified":"2025-07-26T08:48:22","modified_gmt":"2025-07-26T06:48:22","slug":"kit-att-ha-med-pa-turen","status":"publish","type":"page","link":"https:\/\/inzain.bike\/nl\/kit-att-ha-med-pa-turen\/","title":{"rendered":"Kit om mee te nemen op reis"},"content":{"rendered":"<p>Het is niet altijd zo gemakkelijk om een lift of een taxi te krijgen, vooral als je in het bos bent. Het kan een lange wandeling zijn. Het lukt altijd, maar het is een goed idee om apparatuur te hebben die kleine fouten kan opvangen.<\/p>\n\n\n\n<h5 class=\"wp-block-heading\">Fijn om bij je te hebben:<\/h5>\n\n\n\n<p>Slang(en), pomp\/Co2, extra kettingslot, kettingbreker\/Multitool, teampatches (Park tool GP-2 kit en pleisters lijmschuurpapier van Parktool VP-1), extra versnellingsoog, enkele kabelbinders, Met die kit je kunt de meeste dingen doen. Ik heb ook wat Gorillatape die ik om de CO2-patroon wikkel. Een bandenvijl is handig om te hebben, dus als het gat in de band gerepareerd moet worden, kunt u deze vijlen. Ik heb ook een tool om een ketting te kunnen openen die QL heeft, de mijne maakt deel uit van een grotere kit, maar er zijn verschillende opties.<\/p>\n\n\n\n<p>Voel je vrij om een tool aan te schaffen om een band te repareren als je tubeless rijdt. Stans DART is naar mijn ervaring de beste. Park Tool TB-2C Tire Boot, voor het repareren van banden. Een extra schroef voor het SPD-pedaal is ook handig om te hebben, bij voorkeur een compleet SPD-schoenplaatje, 2,5 mm inbus voor het pedaal en een Torx, handig om versleten schroeven los te draaien. Tubolito&#039;s zijn fantastische extra banden. Vergeet niet om reparatiepatches voor Tubolito mee te nemen als je ermee rijdt; gewone werken niet. Een stuk ketting en twee snelkoppelingen kunnen problemen met gebroken kettingen oplossen. Een extra ventielkern en gereedschap hiervoor, bijvoorbeeld een ventielkernsleutel. <\/p>\n\n\n\n<p><\/p>\n\n\n\n<p>Vloeistof en energie in een of andere vorm, en plan alsjeblieft (tenminste) een tussendoortje onderweg. Het verdeelt de tour en is erg leuk. Het is een goed idee om versterkingen mee te nemen, vooral in de lente en de herfst of als je naar grotere hoogten klimt (een vuistregel is dat het ongeveer 1 graad kouder wordt per 200 meter hoogte). Een warmere muts en een regen-\/winddichte jas zijn goud waard als het regent of tegenwind heeft.<\/p>\n\n\n\n<p>Medkit in een of andere vorm, goed om antihistaminica te hebben, en alvedon en ipren. Vindt geen plaats, in Toscane fietsten we een wespennest binnen, het kan overal gebeuren, antihistaminicum, is goud. Pijnstillers kunnen iemand helpen die pijn heeft. Het is beter dat de medikit erbij zit, dan dat hij te groot is. Pleisters, verband, een soort antisepticum, b.v. Met dit canvas kun je een heel eind komen.<\/p>\n\n\n\n<p><\/p>","protected":false},"excerpt":{"rendered":"<p>Det \u00e4r inte alltid s\u00e5 l\u00e4tt f\u00e5 tag p\u00e5 skjuts eller taxi, s\u00e4rskilt inte om du \u00e4r ute i skogen. Det kan bli en l\u00e5ng promenad. Det l\u00f6ser sig alltid, men att ha med utrustning f\u00f6r att klara mindre fel \u00e4r en bra ide. Bra att ha med sig: Slang(ar), pump\/Co2, extra kedjel\u00e5s, kedjebrytare\/Multitool, laglappar(Park [&hellip;]<\/p>\n","protected":false},"author":135133094,"featured_media":0,"parent":0,"menu_order":0,"comment_status":"closed","ping_status":"closed","template":"","meta":{"_coblocks_attr":"","_coblocks_dimensions":"","_coblocks_responsive_height":"","_coblocks_accordion_ie_support":"","footnotes":""},"class_list":["post-291","page","type-page","status-publish","hentry"],"yoast_head":"<!-- This site is optimized with the Yoast SEO plugin v27.2 - https:\/\/yoast.com\/product\/yoast-seo-wordpress\/ -->\n<title>Kit att ha med p\u00e5 turen - INZAIN Cycling EXPERIENCES<\/title>\n<meta name=\"robots\" content=\"index, follow, max-snippet:-1, max-image-preview:large, max-video-preview:-1\" \/>\n<link rel=\"canonical\" href=\"https:\/\/inzain.bike\/nl\/kit-att-ha-med-pa-turen\/\" \/>\n<meta property=\"og:locale\" content=\"nl_NL\" \/>\n<meta property=\"og:type\" content=\"article\" \/>\n<meta property=\"og:title\" content=\"Kit att ha med p\u00e5 turen - INZAIN Cycling EXPERIENCES\" \/>\n<meta property=\"og:description\" content=\"Det \u00e4r inte alltid s\u00e5 l\u00e4tt f\u00e5 tag p\u00e5 skjuts eller taxi, s\u00e4rskilt inte om du \u00e4r ute i skogen. Det kan bli en l\u00e5ng promenad. Det l\u00f6ser sig alltid, men att ha med utrustning f\u00f6r att klara mindre fel \u00e4r en bra ide. Bra att ha med sig: Slang(ar), pump\/Co2, extra kedjel\u00e5s, kedjebrytare\/Multitool, laglappar(Park [&hellip;]\" \/>\n<meta property=\"og:url\" content=\"https:\/\/inzain.bike\/nl\/kit-att-ha-med-pa-turen\/\" \/>\n<meta property=\"og:site_name\" content=\"INZAIN Cycling EXPERIENCES\" \/>\n<meta property=\"article:publisher\" content=\"https:\/\/www.facebook.com\/Inzain.bike\" \/>\n<meta property=\"article:modified_time\" content=\"2025-07-26T06:48:22+00:00\" \/>\n<meta name=\"twitter:card\" content=\"summary_large_image\" \/>\n<meta name=\"twitter:label1\" content=\"Geschatte leestijd\" \/>\n\t<meta name=\"twitter:data1\" content=\"2 minuten\" \/>\n<script type=\"application\/ld+json\" class=\"yoast-schema-graph\">{\"@context\":\"https:\/\/schema.org\",\"@graph\":[{\"@type\":\"WebPage\",\"@id\":\"https:\/\/inzain.bike\/sv_se\/kit-att-ha-med-pa-turen\/\",\"url\":\"https:\/\/inzain.bike\/sv_se\/kit-att-ha-med-pa-turen\/\",\"name\":\"Kit att ha med p\u00e5 turen - INZAIN Cycling EXPERIENCES\",\"isPartOf\":{\"@id\":\"https:\/\/inzain.bike\/fr_be\/#website\"},\"datePublished\":\"2021-04-11T17:09:23+00:00\",\"dateModified\":\"2025-07-26T06:48:22+00:00\",\"breadcrumb\":{\"@id\":\"https:\/\/inzain.bike\/sv_se\/kit-att-ha-med-pa-turen\/#breadcrumb\"},\"inLanguage\":\"nl-NL\",\"potentialAction\":[{\"@type\":\"ReadAction\",\"target\":[\"https:\/\/inzain.bike\/sv_se\/kit-att-ha-med-pa-turen\/\"]}]},{\"@type\":\"BreadcrumbList\",\"@id\":\"https:\/\/inzain.bike\/sv_se\/kit-att-ha-med-pa-turen\/#breadcrumb\",\"itemListElement\":[{\"@type\":\"ListItem\",\"position\":1,\"name\":\"Hem\",\"item\":\"https:\/\/inzain.bike\/fr_be\/\"},{\"@type\":\"ListItem\",\"position\":2,\"name\":\"Kit att ha med p\u00e5 turen\"}]},{\"@type\":\"WebSite\",\"@id\":\"https:\/\/inzain.bike\/fr_be\/#website\",\"url\":\"https:\/\/inzain.bike\/fr_be\/\",\"name\":\"INZAIN Cycling EXPERIENCES\",\"description\":\"Cyckling Adventures  - for everyone\",\"publisher\":{\"@id\":\"https:\/\/inzain.bike\/fr_be\/#organization\"},\"alternateName\":\"INZAIN Gravel & Travel\",\"potentialAction\":[{\"@type\":\"SearchAction\",\"target\":{\"@type\":\"EntryPoint\",\"urlTemplate\":\"https:\/\/inzain.bike\/fr_be\/?s={search_term_string}\"},\"query-input\":{\"@type\":\"PropertyValueSpecification\",\"valueRequired\":true,\"valueName\":\"search_term_string\"}}],\"inLanguage\":\"nl-NL\"},{\"@type\":\"Organization\",\"@id\":\"https:\/\/inzain.bike\/fr_be\/#organization\",\"name\":\"INZAIN Cycling EXPERIENCES\",\"url\":\"https:\/\/inzain.bike\/fr_be\/\",\"logo\":{\"@type\":\"ImageObject\",\"inLanguage\":\"nl-NL\",\"@id\":\"https:\/\/inzain.bike\/fr_be\/#\/schema\/logo\/image\/\",\"url\":\"https:\/\/i0.wp.com\/inzain.bike\/wp-content\/uploads\/2023\/09\/cropped-INZAIN_512x512_white.png?fit=512%2C512&ssl=1\",\"contentUrl\":\"https:\/\/i0.wp.com\/inzain.bike\/wp-content\/uploads\/2023\/09\/cropped-INZAIN_512x512_white.png?fit=512%2C512&ssl=1\",\"width\":512,\"height\":512,\"caption\":\"INZAIN Cycling EXPERIENCES\"},\"image\":{\"@id\":\"https:\/\/inzain.bike\/fr_be\/#\/schema\/logo\/image\/\"},\"sameAs\":[\"https:\/\/www.facebook.com\/Inzain.bike\",\"https:\/\/www.instagram.com\/inzainbike\"]}]}<\/script>\n<!-- \/ Yoast SEO plugin. -->","yoast_head_json":{"title":"Uitrusting voor de tocht - INZAIN Cycling EXPERIENCES","robots":{"index":"index","follow":"follow","max-snippet":"max-snippet:-1","max-image-preview":"max-image-preview:large","max-video-preview":"max-video-preview:-1"},"canonical":"https:\/\/inzain.bike\/nl\/kit-att-ha-med-pa-turen\/","og_locale":"nl_NL","og_type":"article","og_title":"Kit att ha med p\u00e5 turen - INZAIN Cycling EXPERIENCES","og_description":"Det \u00e4r inte alltid s\u00e5 l\u00e4tt f\u00e5 tag p\u00e5 skjuts eller taxi, s\u00e4rskilt inte om du \u00e4r ute i skogen. Det kan bli en l\u00e5ng promenad. Det l\u00f6ser sig alltid, men att ha med utrustning f\u00f6r att klara mindre fel \u00e4r en bra ide. Bra att ha med sig: Slang(ar), pump\/Co2, extra kedjel\u00e5s, kedjebrytare\/Multitool, laglappar(Park [&hellip;]","og_url":"https:\/\/inzain.bike\/nl\/kit-att-ha-med-pa-turen\/","og_site_name":"INZAIN Cycling EXPERIENCES","article_publisher":"https:\/\/www.facebook.com\/Inzain.bike","article_modified_time":"2025-07-26T06:48:22+00:00","twitter_card":"summary_large_image","twitter_misc":{"Geschatte leestijd":"2 minuten"},"schema":{"@context":"https:\/\/schema.org","@graph":[{"@type":"WebPage","@id":"https:\/\/inzain.bike\/sv_se\/kit-att-ha-med-pa-turen\/","url":"https:\/\/inzain.bike\/sv_se\/kit-att-ha-med-pa-turen\/","name":"Uitrusting voor de tocht - INZAIN Cycling EXPERIENCES","isPartOf":{"@id":"https:\/\/inzain.bike\/fr_be\/#website"},"datePublished":"2021-04-11T17:09:23+00:00","dateModified":"2025-07-26T06:48:22+00:00","breadcrumb":{"@id":"https:\/\/inzain.bike\/sv_se\/kit-att-ha-med-pa-turen\/#breadcrumb"},"inLanguage":"nl-NL","potentialAction":[{"@type":"ReadAction","target":["https:\/\/inzain.bike\/sv_se\/kit-att-ha-med-pa-turen\/"]}]},{"@type":"BreadcrumbList","@id":"https:\/\/inzain.bike\/sv_se\/kit-att-ha-med-pa-turen\/#breadcrumb","itemListElement":[{"@type":"ListItem","position":1,"name":"Hem","item":"https:\/\/inzain.bike\/fr_be\/"},{"@type":"ListItem","position":2,"name":"Kit att ha med p\u00e5 turen"}]},{"@type":"WebSite","@id":"https:\/\/inzain.bike\/fr_be\/#website","url":"https:\/\/inzain.bike\/fr_be\/","name":"INZAIN fietservaringen","description":"Fietsavonturen - voor iedereen","publisher":{"@id":"https:\/\/inzain.bike\/fr_be\/#organization"},"alternateName":"INZAIN Gravel & Travel","potentialAction":[{"@type":"SearchAction","target":{"@type":"EntryPoint","urlTemplate":"https:\/\/inzain.bike\/fr_be\/?s={search_term_string}"},"query-input":{"@type":"PropertyValueSpecification","valueRequired":true,"valueName":"search_term_string"}}],"inLanguage":"nl-NL"},{"@type":"Organization","@id":"https:\/\/inzain.bike\/fr_be\/#organization","name":"INZAIN fietservaringen","url":"https:\/\/inzain.bike\/fr_be\/","logo":{"@type":"ImageObject","inLanguage":"nl-NL","@id":"https:\/\/inzain.bike\/fr_be\/#\/schema\/logo\/image\/","url":"https:\/\/i0.wp.com\/inzain.bike\/wp-content\/uploads\/2023\/09\/cropped-INZAIN_512x512_white.png?fit=512%2C512&ssl=1","contentUrl":"https:\/\/i0.wp.com\/inzain.bike\/wp-content\/uploads\/2023\/09\/cropped-INZAIN_512x512_white.png?fit=512%2C512&ssl=1","width":512,"height":512,"caption":"INZAIN Cycling EXPERIENCES"},"image":{"@id":"https:\/\/inzain.bike\/fr_be\/#\/schema\/logo\/image\/"},"sameAs":["https:\/\/www.facebook.com\/Inzain.bike","https:\/\/www.instagram.com\/inzainbike"]}]}},"amp_enabled":true,"_links":{"self":[{"href":"https:\/\/inzain.bike\/nl\/wp-json\/wp\/v2\/pages\/291","targetHints":{"allow":["GET"]}}],"collection":[{"href":"https:\/\/inzain.bike\/nl\/wp-json\/wp\/v2\/pages"}],"about":[{"href":"https:\/\/inzain.bike\/nl\/wp-json\/wp\/v2\/types\/page"}],"author":[{"embeddable":true,"href":"https:\/\/inzain.bike\/nl\/wp-json\/wp\/v2\/users\/135133094"}],"replies":[{"embeddable":true,"href":"https:\/\/inzain.bike\/nl\/wp-json\/wp\/v2\/comments?post=291"}],"version-history":[{"count":1,"href":"https:\/\/inzain.bike\/nl\/wp-json\/wp\/v2\/pages\/291\/revisions"}],"predecessor-version":[{"id":8293,"href":"https:\/\/inzain.bike\/nl\/wp-json\/wp\/v2\/pages\/291\/revisions\/8293"}],"wp:attachment":[{"href":"https:\/\/inzain.bike\/nl\/wp-json\/wp\/v2\/media?parent=291"}],"curies":[{"name":"wp","href":"https:\/\/api.w.org\/{rel}","templated":true}]}}