{"id":3667,"date":"2023-10-04T18:16:54","date_gmt":"2023-10-04T16:16:54","guid":{"rendered":"https:\/\/inzain.bike\/?page_id=3667"},"modified":"2023-10-04T18:16:54","modified_gmt":"2023-10-04T16:16:54","slug":"girona-slutbetalning","status":"publish","type":"page","link":"https:\/\/inzain.bike\/nl\/girona-slutbetalning\/","title":{"rendered":"Girona Laatste betaling"},"content":{"rendered":"<figure class=\"wp-block-image size-full\"><img decoding=\"async\" src=\"https:\/\/inzain.bike\/wp-content\/uploads\/2023\/07\/20220704_135301-1.jpg\" alt=\"\" class=\"wp-image-3129\"\/><\/figure>\n\n\n\n<p>Welkom bij de laatste betaling voor Girona.<br>Selecteer de definitieve betaling en aanvullende producten.<br>Ga naar de winkelwagen en reken af om te betalen.<\/p>\n\n\n<div class=\"woocommerce columns-4\"><ul class=\"products columns-4\">\n<li class=\"product type-product post-3640 status-publish first instock product_cat-gir product_cat-trip shipping-taxable product-type-simple\">\n\t<a href=\"https:\/\/inzain.bike\/nl\/product\/girona-enkelrumstillagg\/\" class=\"woocommerce-LoopProduct-link woocommerce-loop-product__link\"><img loading=\"lazy\" decoding=\"async\" width=\"300\" height=\"300\" src=\"https:\/\/inzain.bike\/wp-content\/uploads\/woocommerce-placeholder-300x300.png\" class=\"woocommerce-placeholder wp-post-image\" alt=\"Plaatshouder\" srcset=\"https:\/\/inzain.bike\/wp-content\/uploads\/woocommerce-placeholder-300x300.png 300w, https:\/\/inzain.bike\/wp-content\/uploads\/woocommerce-placeholder-1024x1024.png 1024w, https:\/\/inzain.bike\/wp-content\/uploads\/woocommerce-placeholder-150x150.png 150w, https:\/\/inzain.bike\/wp-content\/uploads\/woocommerce-placeholder-768x768.png 768w, https:\/\/inzain.bike\/wp-content\/uploads\/woocommerce-placeholder-12x12.png 12w, https:\/\/inzain.bike\/wp-content\/uploads\/woocommerce-placeholder-600x600.png 600w, https:\/\/inzain.bike\/wp-content\/uploads\/woocommerce-placeholder-100x100.png 100w, https:\/\/inzain.bike\/wp-content\/uploads\/woocommerce-placeholder.png 1200w\" sizes=\"auto, (max-width: 300px) 100vw, 300px\" data-no-translation-alt=\"\" \/><h2 class=\"woocommerce-loop-product__title\">Girona Toeslag voor eenpersoonskamer<\/h2>\n\t<span class=\"price\"><span class=\"wmc-cache-pid\" data-wmc_product_id=\"3640\"><\/span><\/span>\n<\/a><a href=\"https:\/\/inzain.bike\/nl\/product\/girona-enkelrumstillagg\/\" aria-describedby=\"woocommerce_loop_add_to_cart_link_describedby_3640\" data-quantity=\"1\" class=\"button wp-element-button product_type_simple\" data-product_id=\"3640\" data-product_sku=\"gir24-single\" aria-label=\"Meer informatie over &#039;Girona Enkelrumstill\u00e4gg&#039;\" rel=\"nofollow\" data-success_message=\"\" data-no-translation=\"\" data-trp-gettext=\"\" data-no-translation-aria-label=\"\">Lees meer<\/a>\t<span id=\"woocommerce_loop_add_to_cart_link_describedby_3640\" class=\"screen-reader-text\">\n\t\t\t<\/span>\n<\/li>\n<li class=\"product type-product post-3638 status-publish instock product_cat-gir product_cat-trip shipping-taxable purchasable product-type-simple\">\n\t<a href=\"https:\/\/inzain.bike\/nl\/product\/girona-gran-ultonia-tillagg\/\" class=\"woocommerce-LoopProduct-link woocommerce-loop-product__link\"><img loading=\"lazy\" decoding=\"async\" width=\"300\" height=\"300\" src=\"https:\/\/inzain.bike\/wp-content\/uploads\/woocommerce-placeholder-300x300.png\" class=\"woocommerce-placeholder wp-post-image\" alt=\"Plaatshouder\" srcset=\"https:\/\/inzain.bike\/wp-content\/uploads\/woocommerce-placeholder-300x300.png 300w, https:\/\/inzain.bike\/wp-content\/uploads\/woocommerce-placeholder-1024x1024.png 1024w, https:\/\/inzain.bike\/wp-content\/uploads\/woocommerce-placeholder-150x150.png 150w, https:\/\/inzain.bike\/wp-content\/uploads\/woocommerce-placeholder-768x768.png 768w, https:\/\/inzain.bike\/wp-content\/uploads\/woocommerce-placeholder-12x12.png 12w, https:\/\/inzain.bike\/wp-content\/uploads\/woocommerce-placeholder-600x600.png 600w, https:\/\/inzain.bike\/wp-content\/uploads\/woocommerce-placeholder-100x100.png 100w, https:\/\/inzain.bike\/wp-content\/uploads\/woocommerce-placeholder.png 1200w\" sizes=\"auto, (max-width: 300px) 100vw, 300px\" data-no-translation-alt=\"\" \/><h2 class=\"woocommerce-loop-product__title\">Toevoeging Girona Gran Ultonia<\/h2>\n\t<span class=\"price\"><span class=\"wmc-cache-pid\" data-wmc_product_id=\"3638\"><span class=\"woocommerce-Price-amount amount\"><bdi>1,000&nbsp;<span class=\"woocommerce-Price-currencySymbol\">kr<\/span><\/bdi><\/span><\/span><\/span>\n<\/a><a href=\"\/nl\/wp-json\/wp\/v2\/pages\/3667?add-to-cart=3638\" aria-describedby=\"woocommerce_loop_add_to_cart_link_describedby_3638\" data-quantity=\"1\" class=\"button wp-element-button product_type_simple add_to_cart_button ajax_add_to_cart\" data-product_id=\"3638\" data-product_sku=\"gir24-gran\" aria-label=\"Voeg toe aan winkelwagen: \u201cGirona Gran Ultonia till\u00e4gg\u201d\" rel=\"nofollow\" data-success_message=\"&#039;Girona Gran Ultonia till\u00e4gg&#039; is toegevoegd aan je winkelmand\" data-no-translation=\"\" data-trp-gettext=\"\" data-no-translation-aria-label=\"\" data-no-translation-data-success_message=\"\">Toevoegen aan winkelwagen<\/a>\t<span id=\"woocommerce_loop_add_to_cart_link_describedby_3638\" class=\"screen-reader-text\">\n\t\t\t<\/span>\n<\/li>\n<li class=\"product type-product post-3639 status-publish instock product_cat-gir product_cat-trip shipping-taxable purchasable product-type-simple\">\n\t<a href=\"https:\/\/inzain.bike\/nl\/product\/girona-slutbetalning\/\" class=\"woocommerce-LoopProduct-link woocommerce-loop-product__link\"><img loading=\"lazy\" decoding=\"async\" width=\"300\" height=\"300\" src=\"https:\/\/inzain.bike\/wp-content\/uploads\/woocommerce-placeholder-300x300.png\" class=\"woocommerce-placeholder wp-post-image\" alt=\"Plaatshouder\" srcset=\"https:\/\/inzain.bike\/wp-content\/uploads\/woocommerce-placeholder-300x300.png 300w, https:\/\/inzain.bike\/wp-content\/uploads\/woocommerce-placeholder-1024x1024.png 1024w, https:\/\/inzain.bike\/wp-content\/uploads\/woocommerce-placeholder-150x150.png 150w, https:\/\/inzain.bike\/wp-content\/uploads\/woocommerce-placeholder-768x768.png 768w, https:\/\/inzain.bike\/wp-content\/uploads\/woocommerce-placeholder-12x12.png 12w, https:\/\/inzain.bike\/wp-content\/uploads\/woocommerce-placeholder-600x600.png 600w, https:\/\/inzain.bike\/wp-content\/uploads\/woocommerce-placeholder-100x100.png 100w, https:\/\/inzain.bike\/wp-content\/uploads\/woocommerce-placeholder.png 1200w\" sizes=\"auto, (max-width: 300px) 100vw, 300px\" data-no-translation-alt=\"\" \/><h2 class=\"woocommerce-loop-product__title\">Girona Laatste betaling<\/h2>\n\t<span class=\"price\"><span class=\"wmc-cache-pid\" data-wmc_product_id=\"3639\"><span class=\"woocommerce-Price-amount amount\"><bdi>13,900&nbsp;<span class=\"woocommerce-Price-currencySymbol\">kr<\/span><\/bdi><\/span><\/span><\/span>\n<\/a><a href=\"\/nl\/wp-json\/wp\/v2\/pages\/3667?add-to-cart=3639\" aria-describedby=\"woocommerce_loop_add_to_cart_link_describedby_3639\" data-quantity=\"1\" class=\"button wp-element-button product_type_simple add_to_cart_button ajax_add_to_cart\" data-product_id=\"3639\" data-product_sku=\"gir24-final\" aria-label=\"Voeg toe aan winkelwagen: \u201cGirona Slutbetalning\u201d\" rel=\"nofollow\" data-success_message=\"&#039;Girona Slutbetalning&#039; is toegevoegd aan je winkelmand\" data-no-translation=\"\" data-trp-gettext=\"\" data-no-translation-aria-label=\"\" data-no-translation-data-success_message=\"\">Toevoegen aan winkelwagen<\/a>\t<span id=\"woocommerce_loop_add_to_cart_link_describedby_3639\" class=\"screen-reader-text\">\n\t\t\t<\/span>\n<\/li>\n<\/ul>\n<\/div>","protected":false},"excerpt":{"rendered":"<p>Welkom bij de laatste betaling voor Girona. Selecteer de laatste betaling en extra producten. Ga naar de winkelwagen en reken af om te betalen.<\/p>","protected":false},"author":135133094,"featured_media":0,"parent":0,"menu_order":0,"comment_status":"closed","ping_status":"closed","template":"","meta":{"_coblocks_attr":"","_coblocks_dimensions":"","_coblocks_responsive_height":"","_coblocks_accordion_ie_support":"","footnotes":""},"class_list":["post-3667","page","type-page","status-publish","hentry"],"yoast_head":"<!-- This site is optimized with the Yoast SEO plugin v27.2 - https:\/\/yoast.com\/product\/yoast-seo-wordpress\/ -->\n<title>Girona Slutbetalning - INZAIN Cycling EXPERIENCES<\/title>\n<meta name=\"robots\" content=\"index, follow, max-snippet:-1, max-image-preview:large, max-video-preview:-1\" \/>\n<link rel=\"canonical\" href=\"https:\/\/inzain.bike\/nl\/girona-slutbetalning\/\" \/>\n<meta property=\"og:locale\" content=\"nl_NL\" \/>\n<meta property=\"og:type\" content=\"article\" \/>\n<meta property=\"og:title\" content=\"Girona Slutbetalning - INZAIN Cycling EXPERIENCES\" \/>\n<meta property=\"og:description\" content=\"V\u00e4lkommen till slutbetalning f\u00f6r Girona.V\u00e4lj slutbetalning och till\u00e4ggsprodukter.G\u00e5 vidare till varukorgen och kassa f\u00f6r att betala.\" \/>\n<meta property=\"og:url\" content=\"https:\/\/inzain.bike\/nl\/girona-slutbetalning\/\" \/>\n<meta property=\"og:site_name\" content=\"INZAIN Cycling EXPERIENCES\" \/>\n<meta property=\"article:publisher\" content=\"https:\/\/www.facebook.com\/Inzain.bike\" \/>\n<meta property=\"og:image\" content=\"https:\/\/inzain.bike\/wp-content\/uploads\/2023\/07\/20220704_135301-1.jpg\" \/>\n<meta name=\"twitter:card\" content=\"summary_large_image\" \/>\n<script type=\"application\/ld+json\" class=\"yoast-schema-graph\">{\"@context\":\"https:\/\/schema.org\",\"@graph\":[{\"@type\":\"WebPage\",\"@id\":\"https:\/\/inzain.bike\/fr\/girona-slutbetalning\/\",\"url\":\"https:\/\/inzain.bike\/fr\/girona-slutbetalning\/\",\"name\":\"Girona Slutbetalning - INZAIN Cycling EXPERIENCES\",\"isPartOf\":{\"@id\":\"https:\/\/inzain.bike\/fr_be\/#website\"},\"primaryImageOfPage\":{\"@id\":\"https:\/\/inzain.bike\/fr\/girona-slutbetalning\/#primaryimage\"},\"image\":{\"@id\":\"https:\/\/inzain.bike\/fr\/girona-slutbetalning\/#primaryimage\"},\"thumbnailUrl\":\"https:\/\/inzain.bike\/wp-content\/uploads\/2023\/07\/20220704_135301-1.jpg\",\"datePublished\":\"2023-10-04T16:16:54+00:00\",\"breadcrumb\":{\"@id\":\"https:\/\/inzain.bike\/fr\/girona-slutbetalning\/#breadcrumb\"},\"inLanguage\":\"nl-NL\",\"potentialAction\":[{\"@type\":\"ReadAction\",\"target\":[\"https:\/\/inzain.bike\/fr\/girona-slutbetalning\/\"]}]},{\"@type\":\"ImageObject\",\"inLanguage\":\"nl-NL\",\"@id\":\"https:\/\/inzain.bike\/fr\/girona-slutbetalning\/#primaryimage\",\"url\":\"https:\/\/inzain.bike\/wp-content\/uploads\/2023\/07\/20220704_135301-1.jpg\",\"contentUrl\":\"https:\/\/inzain.bike\/wp-content\/uploads\/2023\/07\/20220704_135301-1.jpg\"},{\"@type\":\"BreadcrumbList\",\"@id\":\"https:\/\/inzain.bike\/fr\/girona-slutbetalning\/#breadcrumb\",\"itemListElement\":[{\"@type\":\"ListItem\",\"position\":1,\"name\":\"Hem\",\"item\":\"https:\/\/inzain.bike\/fr_be\/\"},{\"@type\":\"ListItem\",\"position\":2,\"name\":\"Girona Slutbetalning\"}]},{\"@type\":\"WebSite\",\"@id\":\"https:\/\/inzain.bike\/fr_be\/#website\",\"url\":\"https:\/\/inzain.bike\/fr_be\/\",\"name\":\"INZAIN Cycling EXPERIENCES\",\"description\":\"Cyckling Adventures  - for everyone\",\"publisher\":{\"@id\":\"https:\/\/inzain.bike\/fr_be\/#organization\"},\"alternateName\":\"INZAIN Gravel & Travel\",\"potentialAction\":[{\"@type\":\"SearchAction\",\"target\":{\"@type\":\"EntryPoint\",\"urlTemplate\":\"https:\/\/inzain.bike\/fr_be\/?s={search_term_string}\"},\"query-input\":{\"@type\":\"PropertyValueSpecification\",\"valueRequired\":true,\"valueName\":\"search_term_string\"}}],\"inLanguage\":\"nl-NL\"},{\"@type\":\"Organization\",\"@id\":\"https:\/\/inzain.bike\/fr_be\/#organization\",\"name\":\"INZAIN Cycling EXPERIENCES\",\"url\":\"https:\/\/inzain.bike\/fr_be\/\",\"logo\":{\"@type\":\"ImageObject\",\"inLanguage\":\"nl-NL\",\"@id\":\"https:\/\/inzain.bike\/fr_be\/#\/schema\/logo\/image\/\",\"url\":\"https:\/\/i0.wp.com\/inzain.bike\/wp-content\/uploads\/2023\/09\/cropped-INZAIN_512x512_white.png?fit=512%2C512&ssl=1\",\"contentUrl\":\"https:\/\/i0.wp.com\/inzain.bike\/wp-content\/uploads\/2023\/09\/cropped-INZAIN_512x512_white.png?fit=512%2C512&ssl=1\",\"width\":512,\"height\":512,\"caption\":\"INZAIN Cycling EXPERIENCES\"},\"image\":{\"@id\":\"https:\/\/inzain.bike\/fr_be\/#\/schema\/logo\/image\/\"},\"sameAs\":[\"https:\/\/www.facebook.com\/Inzain.bike\",\"https:\/\/www.instagram.com\/inzainbike\"]}]}<\/script>\n<!-- \/ Yoast SEO plugin. -->","yoast_head_json":{"title":"Girona Eindbetaling - INZAIN Cycling Experiences","robots":{"index":"index","follow":"follow","max-snippet":"max-snippet:-1","max-image-preview":"max-image-preview:large","max-video-preview":"max-video-preview:-1"},"canonical":"https:\/\/inzain.bike\/nl\/girona-slutbetalning\/","og_locale":"nl_NL","og_type":"article","og_title":"Girona Slutbetalning - INZAIN Cycling EXPERIENCES","og_description":"V\u00e4lkommen till slutbetalning f\u00f6r Girona.V\u00e4lj slutbetalning och till\u00e4ggsprodukter.G\u00e5 vidare till varukorgen och kassa f\u00f6r att betala.","og_url":"https:\/\/inzain.bike\/nl\/girona-slutbetalning\/","og_site_name":"INZAIN Cycling EXPERIENCES","article_publisher":"https:\/\/www.facebook.com\/Inzain.bike","og_image":[{"url":"https:\/\/inzain.bike\/wp-content\/uploads\/2023\/07\/20220704_135301-1.jpg","type":"","width":"","height":""}],"twitter_card":"summary_large_image","schema":{"@context":"https:\/\/schema.org","@graph":[{"@type":"WebPage","@id":"https:\/\/inzain.bike\/fr\/girona-slutbetalning\/","url":"https:\/\/inzain.bike\/fr\/girona-slutbetalning\/","name":"Girona Eindbetaling - INZAIN Cycling Experiences","isPartOf":{"@id":"https:\/\/inzain.bike\/fr_be\/#website"},"primaryImageOfPage":{"@id":"https:\/\/inzain.bike\/fr\/girona-slutbetalning\/#primaryimage"},"image":{"@id":"https:\/\/inzain.bike\/fr\/girona-slutbetalning\/#primaryimage"},"thumbnailUrl":"https:\/\/inzain.bike\/wp-content\/uploads\/2023\/07\/20220704_135301-1.jpg","datePublished":"2023-10-04T16:16:54+00:00","breadcrumb":{"@id":"https:\/\/inzain.bike\/fr\/girona-slutbetalning\/#breadcrumb"},"inLanguage":"nl-NL","potentialAction":[{"@type":"ReadAction","target":["https:\/\/inzain.bike\/fr\/girona-slutbetalning\/"]}]},{"@type":"ImageObject","inLanguage":"nl-NL","@id":"https:\/\/inzain.bike\/fr\/girona-slutbetalning\/#primaryimage","url":"https:\/\/inzain.bike\/wp-content\/uploads\/2023\/07\/20220704_135301-1.jpg","contentUrl":"https:\/\/inzain.bike\/wp-content\/uploads\/2023\/07\/20220704_135301-1.jpg"},{"@type":"BreadcrumbList","@id":"https:\/\/inzain.bike\/fr\/girona-slutbetalning\/#breadcrumb","itemListElement":[{"@type":"ListItem","position":1,"name":"Hem","item":"https:\/\/inzain.bike\/fr_be\/"},{"@type":"ListItem","position":2,"name":"Girona Slutbetalning"}]},{"@type":"WebSite","@id":"https:\/\/inzain.bike\/fr_be\/#website","url":"https:\/\/inzain.bike\/fr_be\/","name":"INZAIN fietservaringen","description":"Fietsavonturen - voor iedereen","publisher":{"@id":"https:\/\/inzain.bike\/fr_be\/#organization"},"alternateName":"INZAIN Gravel & Travel","potentialAction":[{"@type":"SearchAction","target":{"@type":"EntryPoint","urlTemplate":"https:\/\/inzain.bike\/fr_be\/?s={search_term_string}"},"query-input":{"@type":"PropertyValueSpecification","valueRequired":true,"valueName":"search_term_string"}}],"inLanguage":"nl-NL"},{"@type":"Organization","@id":"https:\/\/inzain.bike\/fr_be\/#organization","name":"INZAIN fietservaringen","url":"https:\/\/inzain.bike\/fr_be\/","logo":{"@type":"ImageObject","inLanguage":"nl-NL","@id":"https:\/\/inzain.bike\/fr_be\/#\/schema\/logo\/image\/","url":"https:\/\/i0.wp.com\/inzain.bike\/wp-content\/uploads\/2023\/09\/cropped-INZAIN_512x512_white.png?fit=512%2C512&ssl=1","contentUrl":"https:\/\/i0.wp.com\/inzain.bike\/wp-content\/uploads\/2023\/09\/cropped-INZAIN_512x512_white.png?fit=512%2C512&ssl=1","width":512,"height":512,"caption":"INZAIN Cycling EXPERIENCES"},"image":{"@id":"https:\/\/inzain.bike\/fr_be\/#\/schema\/logo\/image\/"},"sameAs":["https:\/\/www.facebook.com\/Inzain.bike","https:\/\/www.instagram.com\/inzainbike"]}]}},"amp_enabled":true,"_links":{"self":[{"href":"https:\/\/inzain.bike\/nl\/wp-json\/wp\/v2\/pages\/3667","targetHints":{"allow":["GET"]}}],"collection":[{"href":"https:\/\/inzain.bike\/nl\/wp-json\/wp\/v2\/pages"}],"about":[{"href":"https:\/\/inzain.bike\/nl\/wp-json\/wp\/v2\/types\/page"}],"author":[{"embeddable":true,"href":"https:\/\/inzain.bike\/nl\/wp-json\/wp\/v2\/users\/135133094"}],"replies":[{"embeddable":true,"href":"https:\/\/inzain.bike\/nl\/wp-json\/wp\/v2\/comments?post=3667"}],"version-history":[{"count":0,"href":"https:\/\/inzain.bike\/nl\/wp-json\/wp\/v2\/pages\/3667\/revisions"}],"wp:attachment":[{"href":"https:\/\/inzain.bike\/nl\/wp-json\/wp\/v2\/media?parent=3667"}],"curies":[{"name":"wp","href":"https:\/\/api.w.org\/{rel}","templated":true}]}}