{"id":3777,"date":"2023-10-25T19:38:23","date_gmt":"2023-10-25T17:38:23","guid":{"rendered":"https:\/\/inzain.bike\/?page_id=3777"},"modified":"2024-03-03T11:12:33","modified_gmt":"2024-03-03T10:12:33","slug":"aktiviteter","status":"publish","type":"page","link":"https:\/\/inzain.bike\/nl\/aktiviteter\/","title":{"rendered":"Stockholm-activiteiten"},"content":{"rendered":"<div class=\"wp-block-columns alignwide is-layout-flex wp-container-core-columns-is-layout-28f84493 wp-block-columns-is-layout-flex\">\n<div class=\"wp-block-column is-layout-flow wp-block-column-is-layout-flow\">\n<p><strong>Winkelen<\/strong><\/p>\n\n\n\n<p>In Stockholm kun je goed winkelen. Het is relatief geconcentreerd rond een aantal centraal gelegen straten. We kunnen een geschikte route door de stad voorstellen die ons langs de meest essenti\u00eble delen brengt. Zie foto! Begin bij Stureplan en eindig bij \u00d6stermalmshallen. Onderweg zijn er ook diverse goede restaurants en \u2018kroegen\u2019 om zowel honger als dorst te lessen.<\/p>\n\n\n\n<figure class=\"wp-block-image size-full\"><img loading=\"lazy\" decoding=\"async\" width=\"1023\" height=\"699\" src=\"https:\/\/inzain.bike\/wp-content\/uploads\/2023\/11\/Shopping.png\" alt=\"\" class=\"wp-image-4331\" srcset=\"https:\/\/inzain.bike\/wp-content\/uploads\/2023\/11\/Shopping.png 1023w, https:\/\/inzain.bike\/wp-content\/uploads\/2023\/11\/Shopping-300x205.png 300w, https:\/\/inzain.bike\/wp-content\/uploads\/2023\/11\/Shopping-768x525.png 768w, https:\/\/inzain.bike\/wp-content\/uploads\/2023\/11\/Shopping-18x12.png 18w, https:\/\/inzain.bike\/wp-content\/uploads\/2023\/11\/Shopping-600x410.png 600w\" sizes=\"auto, (max-width: 1023px) 100vw, 1023px\" \/><\/figure>\n<\/div>\n<\/div>\n\n\n\n<div class=\"wp-block-columns alignwide is-layout-flex wp-container-core-columns-is-layout-28f84493 wp-block-columns-is-layout-flex\">\n<div class=\"wp-block-column is-layout-flow wp-block-column-is-layout-flow\">\n<p><strong>Voedsel<\/strong><br><br>Tegenwoordig zijn er veel restaurants in Stockholm die vermeld staan in de Michelingids. E\u00e9n 3-sterren, twee 2-sterren, zes met 1 ster en zeven met de Bib Gourmand award oftewel \u201cLekker eten tegen een redelijke prijs\u201d<\/p>\n\n\n\n<figure class=\"wp-block-image size-full\"><img loading=\"lazy\" decoding=\"async\" width=\"1024\" height=\"601\" src=\"https:\/\/inzain.bike\/wp-content\/uploads\/2023\/11\/Michelin.webp\" alt=\"\" class=\"wp-image-4328\" srcset=\"https:\/\/inzain.bike\/wp-content\/uploads\/2023\/11\/Michelin.webp 1024w, https:\/\/inzain.bike\/wp-content\/uploads\/2023\/11\/Michelin-300x176.webp 300w, https:\/\/inzain.bike\/wp-content\/uploads\/2023\/11\/Michelin-768x451.webp 768w, https:\/\/inzain.bike\/wp-content\/uploads\/2023\/11\/Michelin-18x12.webp 18w, https:\/\/inzain.bike\/wp-content\/uploads\/2023\/11\/Michelin-600x352.webp 600w\" sizes=\"auto, (max-width: 1024px) 100vw, 1024px\" \/><\/figure>\n<\/div>\n<\/div>\n\n\n\n<div class=\"wp-block-columns alignwide is-layout-flex wp-container-core-columns-is-layout-28f84493 wp-block-columns-is-layout-flex\">\n<div class=\"wp-block-column is-layout-flow wp-block-column-is-layout-flow\">\n<p><strong>Geschiedenis<\/strong><\/p>\n\n\n\n<p>Stockholm werd gesticht in 1187 en het oudste deel waarop gebouwd werd heette Stadsholmen. Het is eigenlijk hetzelfde eilandje of eiland dat de oude binnenstad van Stockholm vandaag is. Er zijn geen gebouwen meer uit die tijd, maar het oudste gebouw dat overblijft is de Storkyrkan uit het jaar 1306. Stockholm was vanaf het begin vooral een handelscentrum voor goederen, gerund door handelaren uit Duitsland. In 1436 kreeg Stockholm zijn stadsrechten, wat tevens het begin markeert van Stockholm als hoofdstad. In het midden van de 15e eeuw woonden er ongeveer 5-6.000 mensen in de stad.<\/p>\n\n\n\n<div class=\"wp-block-columns is-layout-flex wp-container-core-columns-is-layout-28f84493 wp-block-columns-is-layout-flex\">\n<div class=\"wp-block-column is-layout-flow wp-block-column-is-layout-flow\">\n<figure class=\"wp-block-gallery has-nested-images columns-default is-cropped wp-block-gallery-1 is-layout-flex wp-block-gallery-is-layout-flex\">\n<figure class=\"wp-block-image size-large\"><img loading=\"lazy\" decoding=\"async\" width=\"1024\" height=\"670\" data-id=\"4340\" src=\"https:\/\/inzain.bike\/wp-content\/uploads\/2023\/11\/GamlaStan-2.webp\" alt=\"\" class=\"wp-image-4340\" srcset=\"https:\/\/inzain.bike\/wp-content\/uploads\/2023\/11\/GamlaStan-2.webp 1024w, https:\/\/inzain.bike\/wp-content\/uploads\/2023\/11\/GamlaStan-2-300x196.webp 300w, https:\/\/inzain.bike\/wp-content\/uploads\/2023\/11\/GamlaStan-2-768x503.webp 768w, https:\/\/inzain.bike\/wp-content\/uploads\/2023\/11\/GamlaStan-2-18x12.webp 18w, https:\/\/inzain.bike\/wp-content\/uploads\/2023\/11\/GamlaStan-2-600x393.webp 600w\" sizes=\"auto, (max-width: 1024px) 100vw, 1024px\" \/><\/figure>\n\n\n\n<figure class=\"wp-block-image size-large\"><img loading=\"lazy\" decoding=\"async\" width=\"833\" height=\"639\" data-id=\"4336\" src=\"https:\/\/inzain.bike\/wp-content\/uploads\/2023\/11\/Hist1-1.png\" alt=\"\" class=\"wp-image-4336\" srcset=\"https:\/\/inzain.bike\/wp-content\/uploads\/2023\/11\/Hist1-1.png 833w, https:\/\/inzain.bike\/wp-content\/uploads\/2023\/11\/Hist1-1-300x230.png 300w, https:\/\/inzain.bike\/wp-content\/uploads\/2023\/11\/Hist1-1-768x589.png 768w, https:\/\/inzain.bike\/wp-content\/uploads\/2023\/11\/Hist1-1-16x12.png 16w, https:\/\/inzain.bike\/wp-content\/uploads\/2023\/11\/Hist1-1-600x460.png 600w\" sizes=\"auto, (max-width: 833px) 100vw, 833px\" \/><\/figure>\n\n\n\n<figure class=\"wp-block-image size-large\"><img loading=\"lazy\" decoding=\"async\" width=\"844\" height=\"562\" data-id=\"4330\" src=\"https:\/\/inzain.bike\/wp-content\/uploads\/2023\/11\/Olympia.png\" alt=\"\" class=\"wp-image-4330\" srcset=\"https:\/\/inzain.bike\/wp-content\/uploads\/2023\/11\/Olympia.png 844w, https:\/\/inzain.bike\/wp-content\/uploads\/2023\/11\/Olympia-300x200.png 300w, https:\/\/inzain.bike\/wp-content\/uploads\/2023\/11\/Olympia-768x511.png 768w, https:\/\/inzain.bike\/wp-content\/uploads\/2023\/11\/Olympia-18x12.png 18w, https:\/\/inzain.bike\/wp-content\/uploads\/2023\/11\/Olympia-600x400.png 600w\" sizes=\"auto, (max-width: 844px) 100vw, 844px\" \/><\/figure>\n\n\n\n<figure class=\"wp-block-image size-large\"><img loading=\"lazy\" decoding=\"async\" width=\"956\" height=\"679\" data-id=\"4326\" src=\"https:\/\/inzain.bike\/wp-content\/uploads\/2023\/11\/Hist3.png\" alt=\"\" class=\"wp-image-4326\" srcset=\"https:\/\/inzain.bike\/wp-content\/uploads\/2023\/11\/Hist3.png 956w, https:\/\/inzain.bike\/wp-content\/uploads\/2023\/11\/Hist3-300x213.png 300w, https:\/\/inzain.bike\/wp-content\/uploads\/2023\/11\/Hist3-768x545.png 768w, https:\/\/inzain.bike\/wp-content\/uploads\/2023\/11\/Hist3-18x12.png 18w, https:\/\/inzain.bike\/wp-content\/uploads\/2023\/11\/Hist3-600x426.png 600w\" sizes=\"auto, (max-width: 956px) 100vw, 956px\" \/><\/figure>\n\n\n\n<figure class=\"wp-block-image size-large\"><img loading=\"lazy\" decoding=\"async\" width=\"1023\" height=\"744\" data-id=\"4325\" src=\"https:\/\/inzain.bike\/wp-content\/uploads\/2023\/11\/Hist2.webp\" alt=\"\" class=\"wp-image-4325\" srcset=\"https:\/\/inzain.bike\/wp-content\/uploads\/2023\/11\/Hist2.webp 1023w, https:\/\/inzain.bike\/wp-content\/uploads\/2023\/11\/Hist2-300x218.webp 300w, https:\/\/inzain.bike\/wp-content\/uploads\/2023\/11\/Hist2-768x559.webp 768w, https:\/\/inzain.bike\/wp-content\/uploads\/2023\/11\/Hist2-18x12.webp 18w, https:\/\/inzain.bike\/wp-content\/uploads\/2023\/11\/Hist2-600x436.webp 600w\" sizes=\"auto, (max-width: 1023px) 100vw, 1023px\" \/><\/figure>\n<\/figure>\n<\/div>\n<\/div>\n<\/div>\n<\/div>\n\n\n\n<div class=\"wp-block-columns alignwide is-layout-flex wp-container-core-columns-is-layout-28f84493 wp-block-columns-is-layout-flex\">\n<div class=\"wp-block-column is-layout-flow wp-block-column-is-layout-flow\">\n<p>Tijdens het supermachttijdperk begon de stadsplanning op grotere schaal in Stockholm, waarna de stad vooral noordwaarts groeide richting Norrmalm. In de tijd van Gustav de Derde kreeg de cultuur een impuls met onder meer de oprichting van de Academie van Beeldende Kunsten en de Koninklijke Opera. <\/p>\n<\/div>\n<\/div>\n\n\n\n<div class=\"wp-block-columns alignwide is-layout-flex wp-container-core-columns-is-layout-28f84493 wp-block-columns-is-layout-flex\">\n<div class=\"wp-block-column is-layout-flow wp-block-column-is-layout-flow\">\n<p>Tijdens de 19e eeuw kwam de industrialisatie en tegen het midden van de eeuw in 1850 telde de bevolking 93.000 inwoners, om snel te groeien tot 216.000 in 1885. De stad moest worden uitgebreid en dat gebeurde tegelijkertijd door de aanleg van een spoorlijn, elektriciteit en watervoorziening. en gaswerken.<\/p>\n<\/div>\n<\/div>\n\n\n\n<div class=\"wp-block-columns alignwide is-layout-flex wp-container-core-columns-is-layout-28f84493 wp-block-columns-is-layout-flex\">\n<div class=\"wp-block-column is-layout-flow wp-block-column-is-layout-flow\">\n<p>In 1912 werden in Stockholm de Olympische Spelen gehouden en het Olympisch Stadion is nog steeds uit die tijd te bezichtigen. Tegenwoordig is Stockholm een stad met 2,4 miljoen inwoners in het grootstedelijk gebied.<\/p>\n<\/div>\n<\/div>\n\n\n\n<div class=\"wp-block-columns alignwide is-layout-flex wp-container-core-columns-is-layout-28f84493 wp-block-columns-is-layout-flex\">\n<div class=\"wp-block-column is-layout-flow wp-block-column-is-layout-flow\">\n<p><strong>Cultuur<\/strong><\/p>\n\n\n\n<p>Er is een ongelooflijk aanbod aan musea en andere culturele instellingen in Stockholm. Er zijn ongeveer 70 musea en tot de meest populaire behoren het openluchtmuseum Skansen en het Vasamuseum met &#039;s werelds enige bewaard gebleven 17e-eeuwse galjoen. Voor degenen die ge\u00efnteresseerd zijn in kunst is het Modern Museum een aanrader, en voor degenen die ge\u00efnteresseerd zijn in literatuur is een bezoek aan de Koninklijke Bibliotheek aan te raden, waar onder andere de &quot;Dj\u00e4vulsbibeln&quot; tentoongesteld is.<\/p>\n\n\n\n<figure class=\"wp-block-image aligncenter size-full\"><img loading=\"lazy\" decoding=\"async\" width=\"665\" height=\"429\" src=\"https:\/\/inzain.bike\/wp-content\/uploads\/2023\/11\/Moderna.png\" alt=\"\" class=\"wp-image-4329\" srcset=\"https:\/\/inzain.bike\/wp-content\/uploads\/2023\/11\/Moderna.png 665w, https:\/\/inzain.bike\/wp-content\/uploads\/2023\/11\/Moderna-300x194.png 300w, https:\/\/inzain.bike\/wp-content\/uploads\/2023\/11\/Moderna-18x12.png 18w, https:\/\/inzain.bike\/wp-content\/uploads\/2023\/11\/Moderna-600x387.png 600w\" sizes=\"auto, (max-width: 665px) 100vw, 665px\" \/><\/figure>\n<\/div>\n<\/div>\n\n\n\n<div class=\"wp-block-columns alignwide is-layout-flex wp-container-core-columns-is-layout-28f84493 wp-block-columns-is-layout-flex\">\n<div class=\"wp-block-column is-layout-flow wp-block-column-is-layout-flow\">\n<p><strong>De lol<\/strong><\/p>\n\n\n\n<p>Het aanbod aan entertainment in Stockholm is gevarieerd. Jaarlijks worden er meerdere (vaak uitverkochte) concerten van zowel binnenlandse als internationale artiesten georganiseerd. Natuurlijk zijn er nachtclubs en soortgelijke instellingen met alle denkbare muzieksoorten, maar wat misschien wel het meest met Stockholm wordt geassocieerd is het aanbod van jazz. Er zijn verschillende kleine jazzclubs om uit te kiezen, en het is zeer waarschijnlijk dat er concerten plaatsvinden gedurende de tijd dat u in de stad bent. Kijk voor selectie bij Faching, Stampen, Glenn Miller Caf\u00e9 of misschien African Jazz club in hotel Hellsten...<\/p>\n<\/div>\n<\/div>\n\n\n\n<figure class=\"wp-block-image size-full\"><img loading=\"lazy\" decoding=\"async\" width=\"1023\" height=\"377\" src=\"https:\/\/inzain.bike\/wp-content\/uploads\/2023\/11\/Jazz-1.webp\" alt=\"\" class=\"wp-image-4343\" srcset=\"https:\/\/inzain.bike\/wp-content\/uploads\/2023\/11\/Jazz-1.webp 1023w, https:\/\/inzain.bike\/wp-content\/uploads\/2023\/11\/Jazz-1-300x111.webp 300w, https:\/\/inzain.bike\/wp-content\/uploads\/2023\/11\/Jazz-1-768x283.webp 768w, https:\/\/inzain.bike\/wp-content\/uploads\/2023\/11\/Jazz-1-18x7.webp 18w, https:\/\/inzain.bike\/wp-content\/uploads\/2023\/11\/Jazz-1-600x221.webp 600w\" sizes=\"auto, (max-width: 1023px) 100vw, 1023px\" \/><\/figure>\n\n\n\n<div class=\"wp-block-columns alignwide is-layout-flex wp-container-core-columns-is-layout-28f84493 wp-block-columns-is-layout-flex\">\n<div class=\"wp-block-column is-layout-flow wp-block-column-is-layout-flow\">\n<p><strong>Natuur<\/strong><\/p>\n\n\n\n<p>Waar je ook gaat in Stockholm, de natuur is altijd dichtbij. Je zult ontdekken hoe snel we de stedelijke omgeving kunnen verlaten om een paar minuten later bossen en wegen aan te treffen die volledig leeg zijn van auto&#039;s en mensen. Het ligt dicht bij de natuur, zelfs aan zee, vooral vanaf de plek die we de eerste helft van de week wilden gebruiken. Vanaf Ellery Beach House ben je met een snelle RIB in 30 minuten in de buitenarchipel. De volgende stop in die richting is dan Rusland \ud83d\ude09.<\/p>\n<\/div>\n<\/div>\n\n\n\n<figure class=\"wp-block-image size-full is-resized\"><img loading=\"lazy\" decoding=\"async\" width=\"571\" height=\"279\" src=\"https:\/\/inzain.bike\/wp-content\/uploads\/2023\/11\/image-1.png\" alt=\"\" class=\"wp-image-4346\" style=\"width:700px;height:auto\" srcset=\"https:\/\/inzain.bike\/wp-content\/uploads\/2023\/11\/image-1.png 571w, https:\/\/inzain.bike\/wp-content\/uploads\/2023\/11\/image-1-300x147.png 300w, https:\/\/inzain.bike\/wp-content\/uploads\/2023\/11\/image-1-18x9.png 18w\" sizes=\"auto, (max-width: 571px) 100vw, 571px\" \/><\/figure>\n\n\n\n<figure class=\"wp-block-image size-large is-resized\"><img loading=\"lazy\" decoding=\"async\" width=\"1024\" height=\"497\" src=\"https:\/\/inzain.bike\/wp-content\/uploads\/2023\/10\/image-14-1024x497.png\" alt=\"\" class=\"wp-image-3846\" style=\"width:701px;height:auto\" srcset=\"https:\/\/inzain.bike\/wp-content\/uploads\/2023\/10\/image-14-1024x497.png 1024w, https:\/\/inzain.bike\/wp-content\/uploads\/2023\/10\/image-14-300x146.png 300w, https:\/\/inzain.bike\/wp-content\/uploads\/2023\/10\/image-14-768x373.png 768w, https:\/\/inzain.bike\/wp-content\/uploads\/2023\/10\/image-14-18x9.png 18w, https:\/\/inzain.bike\/wp-content\/uploads\/2023\/10\/image-14-1320x641.png 1320w, https:\/\/inzain.bike\/wp-content\/uploads\/2023\/10\/image-14-600x291.png 600w, https:\/\/inzain.bike\/wp-content\/uploads\/2023\/10\/image-14.png 1506w\" sizes=\"auto, (max-width: 1024px) 100vw, 1024px\" \/><\/figure>\n\n\n\n<p><\/p>\n\n\n\n<div class=\"wp-block-columns alignwide is-layout-flex wp-container-core-columns-is-layout-28f84493 wp-block-columns-is-layout-flex\">\n<div class=\"wp-block-column is-layout-flow wp-block-column-is-layout-flow\">\n<p>Wanneer en als het weer het toelaat, organiseren we een Nachtfietsen. Dan komen we heel dicht bij de dieren in het wild. Waarschijnlijk zullen we herten, vossen, hazen, wilde zwijnen, herten en misschien zelfs een eland zien tijdens onze reis naar de schemering... ... waar we ook de fee\u00ebn zullen zien dansen over de velden vlak voor de zon staat weer op aan de andere kant van de nacht.<\/p>\n<\/div>\n<\/div>\n\n\n\n<div class=\"wp-block-columns alignwide is-layout-flex wp-container-core-columns-is-layout-28f84493 wp-block-columns-is-layout-flex\">\n<div class=\"wp-block-column is-layout-flow wp-block-column-is-layout-flow\"><\/div>\n\n\n\n<div class=\"wp-block-column is-layout-flow wp-block-column-is-layout-flow\"><\/div>\n<\/div>\n\n\n\n<p><\/p>","protected":false},"excerpt":{"rendered":"<p>Shopping Det finns gott om bra shopping i Stockholm. Den \u00e4r relativt koncentrerad runt ett antal centralt bel\u00e4gna gator. Vi kan f\u00f6rsl\u00e5 en l\u00e4mplig rutt runt stan som tar oss runt de v\u00e4sentligaste delarna. se bild! B\u00f6rja vid Stureplan och avsluta vid \u00d6stermalmshallen. L\u00e4ngs v\u00e4gen finns ocks\u00e5 flera bra restauranger och &#8220;vattenh\u00e5l&#8221; f\u00f6r att sl\u00e4cka [&hellip;]<\/p>\n","protected":false},"author":135133094,"featured_media":0,"parent":0,"menu_order":0,"comment_status":"closed","ping_status":"closed","template":"","meta":{"_coblocks_attr":"Roboto","_coblocks_dimensions":"","_coblocks_responsive_height":"","_coblocks_accordion_ie_support":"","footnotes":""},"class_list":["post-3777","page","type-page","status-publish","hentry"],"yoast_head":"<!-- This site is optimized with the Yoast SEO plugin v27.2 - https:\/\/yoast.com\/product\/yoast-seo-wordpress\/ -->\n<title>Stockholm Aktiviteter - INZAIN Cycling EXPERIENCES<\/title>\n<meta name=\"robots\" content=\"index, follow, max-snippet:-1, max-image-preview:large, max-video-preview:-1\" \/>\n<link rel=\"canonical\" href=\"https:\/\/inzain.bike\/nl\/aktiviteter\/\" \/>\n<meta property=\"og:locale\" content=\"nl_NL\" \/>\n<meta property=\"og:type\" content=\"article\" \/>\n<meta property=\"og:title\" content=\"Stockholm Aktiviteter - INZAIN Cycling EXPERIENCES\" \/>\n<meta property=\"og:description\" content=\"Shopping Det finns gott om bra shopping i Stockholm. Den \u00e4r relativt koncentrerad runt ett antal centralt bel\u00e4gna gator. Vi kan f\u00f6rsl\u00e5 en l\u00e4mplig rutt runt stan som tar oss runt de v\u00e4sentligaste delarna. se bild! B\u00f6rja vid Stureplan och avsluta vid \u00d6stermalmshallen. L\u00e4ngs v\u00e4gen finns ocks\u00e5 flera bra restauranger och &#8220;vattenh\u00e5l&#8221; f\u00f6r att sl\u00e4cka [&hellip;]\" \/>\n<meta property=\"og:url\" content=\"https:\/\/inzain.bike\/nl\/aktiviteter\/\" \/>\n<meta property=\"og:site_name\" content=\"INZAIN Cycling EXPERIENCES\" \/>\n<meta property=\"article:publisher\" content=\"https:\/\/www.facebook.com\/Inzain.bike\" \/>\n<meta property=\"article:modified_time\" content=\"2024-03-03T10:12:33+00:00\" \/>\n<meta property=\"og:image\" content=\"https:\/\/inzain.bike\/wp-content\/uploads\/2023\/11\/Shopping.png\" \/>\n<meta name=\"twitter:card\" content=\"summary_large_image\" \/>\n<meta name=\"twitter:label1\" content=\"Geschatte leestijd\" \/>\n\t<meta name=\"twitter:data1\" content=\"6 minuten\" \/>\n<script type=\"application\/ld+json\" class=\"yoast-schema-graph\">{\"@context\":\"https:\/\/schema.org\",\"@graph\":[{\"@type\":\"WebPage\",\"@id\":\"https:\/\/inzain.bike\/da\/aktiviteter\/\",\"url\":\"https:\/\/inzain.bike\/da\/aktiviteter\/\",\"name\":\"Stockholm Aktiviteter - INZAIN Cycling EXPERIENCES\",\"isPartOf\":{\"@id\":\"https:\/\/inzain.bike\/fr_be\/#website\"},\"primaryImageOfPage\":{\"@id\":\"https:\/\/inzain.bike\/da\/aktiviteter\/#primaryimage\"},\"image\":{\"@id\":\"https:\/\/inzain.bike\/da\/aktiviteter\/#primaryimage\"},\"thumbnailUrl\":\"https:\/\/inzain.bike\/wp-content\/uploads\/2023\/11\/Shopping.png\",\"datePublished\":\"2023-10-25T17:38:23+00:00\",\"dateModified\":\"2024-03-03T10:12:33+00:00\",\"breadcrumb\":{\"@id\":\"https:\/\/inzain.bike\/da\/aktiviteter\/#breadcrumb\"},\"inLanguage\":\"nl-NL\",\"potentialAction\":[{\"@type\":\"ReadAction\",\"target\":[\"https:\/\/inzain.bike\/da\/aktiviteter\/\"]}]},{\"@type\":\"ImageObject\",\"inLanguage\":\"nl-NL\",\"@id\":\"https:\/\/inzain.bike\/da\/aktiviteter\/#primaryimage\",\"url\":\"https:\/\/inzain.bike\/wp-content\/uploads\/2023\/11\/Shopping.png\",\"contentUrl\":\"https:\/\/inzain.bike\/wp-content\/uploads\/2023\/11\/Shopping.png\"},{\"@type\":\"BreadcrumbList\",\"@id\":\"https:\/\/inzain.bike\/da\/aktiviteter\/#breadcrumb\",\"itemListElement\":[{\"@type\":\"ListItem\",\"position\":1,\"name\":\"Hem\",\"item\":\"https:\/\/inzain.bike\/fr_be\/\"},{\"@type\":\"ListItem\",\"position\":2,\"name\":\"Stockholm Aktiviteter\"}]},{\"@type\":\"WebSite\",\"@id\":\"https:\/\/inzain.bike\/fr_be\/#website\",\"url\":\"https:\/\/inzain.bike\/fr_be\/\",\"name\":\"INZAIN Cycling EXPERIENCES\",\"description\":\"Cyckling Adventures  - for everyone\",\"publisher\":{\"@id\":\"https:\/\/inzain.bike\/fr_be\/#organization\"},\"alternateName\":\"INZAIN Gravel & Travel\",\"potentialAction\":[{\"@type\":\"SearchAction\",\"target\":{\"@type\":\"EntryPoint\",\"urlTemplate\":\"https:\/\/inzain.bike\/fr_be\/?s={search_term_string}\"},\"query-input\":{\"@type\":\"PropertyValueSpecification\",\"valueRequired\":true,\"valueName\":\"search_term_string\"}}],\"inLanguage\":\"nl-NL\"},{\"@type\":\"Organization\",\"@id\":\"https:\/\/inzain.bike\/fr_be\/#organization\",\"name\":\"INZAIN Cycling EXPERIENCES\",\"url\":\"https:\/\/inzain.bike\/fr_be\/\",\"logo\":{\"@type\":\"ImageObject\",\"inLanguage\":\"nl-NL\",\"@id\":\"https:\/\/inzain.bike\/fr_be\/#\/schema\/logo\/image\/\",\"url\":\"https:\/\/i0.wp.com\/inzain.bike\/wp-content\/uploads\/2023\/09\/cropped-INZAIN_512x512_white.png?fit=512%2C512&ssl=1\",\"contentUrl\":\"https:\/\/i0.wp.com\/inzain.bike\/wp-content\/uploads\/2023\/09\/cropped-INZAIN_512x512_white.png?fit=512%2C512&ssl=1\",\"width\":512,\"height\":512,\"caption\":\"INZAIN Cycling EXPERIENCES\"},\"image\":{\"@id\":\"https:\/\/inzain.bike\/fr_be\/#\/schema\/logo\/image\/\"},\"sameAs\":[\"https:\/\/www.facebook.com\/Inzain.bike\",\"https:\/\/www.instagram.com\/inzainbike\"]}]}<\/script>\n<!-- \/ Yoast SEO plugin. -->","yoast_head_json":{"title":"Stockholm Activiteiten - INZAIN Fietservaringen","robots":{"index":"index","follow":"follow","max-snippet":"max-snippet:-1","max-image-preview":"max-image-preview:large","max-video-preview":"max-video-preview:-1"},"canonical":"https:\/\/inzain.bike\/nl\/aktiviteter\/","og_locale":"nl_NL","og_type":"article","og_title":"Stockholm Aktiviteter - INZAIN Cycling EXPERIENCES","og_description":"Shopping Det finns gott om bra shopping i Stockholm. Den \u00e4r relativt koncentrerad runt ett antal centralt bel\u00e4gna gator. Vi kan f\u00f6rsl\u00e5 en l\u00e4mplig rutt runt stan som tar oss runt de v\u00e4sentligaste delarna. se bild! B\u00f6rja vid Stureplan och avsluta vid \u00d6stermalmshallen. L\u00e4ngs v\u00e4gen finns ocks\u00e5 flera bra restauranger och &#8220;vattenh\u00e5l&#8221; f\u00f6r att sl\u00e4cka [&hellip;]","og_url":"https:\/\/inzain.bike\/nl\/aktiviteter\/","og_site_name":"INZAIN Cycling EXPERIENCES","article_publisher":"https:\/\/www.facebook.com\/Inzain.bike","article_modified_time":"2024-03-03T10:12:33+00:00","og_image":[{"url":"https:\/\/inzain.bike\/wp-content\/uploads\/2023\/11\/Shopping.png","type":"","width":"","height":""}],"twitter_card":"summary_large_image","twitter_misc":{"Geschatte leestijd":"6 minuten"},"schema":{"@context":"https:\/\/schema.org","@graph":[{"@type":"WebPage","@id":"https:\/\/inzain.bike\/da\/aktiviteter\/","url":"https:\/\/inzain.bike\/da\/aktiviteter\/","name":"Stockholm Activiteiten - INZAIN Fietservaringen","isPartOf":{"@id":"https:\/\/inzain.bike\/fr_be\/#website"},"primaryImageOfPage":{"@id":"https:\/\/inzain.bike\/da\/aktiviteter\/#primaryimage"},"image":{"@id":"https:\/\/inzain.bike\/da\/aktiviteter\/#primaryimage"},"thumbnailUrl":"https:\/\/inzain.bike\/wp-content\/uploads\/2023\/11\/Shopping.png","datePublished":"2023-10-25T17:38:23+00:00","dateModified":"2024-03-03T10:12:33+00:00","breadcrumb":{"@id":"https:\/\/inzain.bike\/da\/aktiviteter\/#breadcrumb"},"inLanguage":"nl-NL","potentialAction":[{"@type":"ReadAction","target":["https:\/\/inzain.bike\/da\/aktiviteter\/"]}]},{"@type":"ImageObject","inLanguage":"nl-NL","@id":"https:\/\/inzain.bike\/da\/aktiviteter\/#primaryimage","url":"https:\/\/inzain.bike\/wp-content\/uploads\/2023\/11\/Shopping.png","contentUrl":"https:\/\/inzain.bike\/wp-content\/uploads\/2023\/11\/Shopping.png"},{"@type":"BreadcrumbList","@id":"https:\/\/inzain.bike\/da\/aktiviteter\/#breadcrumb","itemListElement":[{"@type":"ListItem","position":1,"name":"Hem","item":"https:\/\/inzain.bike\/fr_be\/"},{"@type":"ListItem","position":2,"name":"Stockholm Aktiviteter"}]},{"@type":"WebSite","@id":"https:\/\/inzain.bike\/fr_be\/#website","url":"https:\/\/inzain.bike\/fr_be\/","name":"INZAIN fietservaringen","description":"Fietsavonturen - voor iedereen","publisher":{"@id":"https:\/\/inzain.bike\/fr_be\/#organization"},"alternateName":"INZAIN Gravel & Travel","potentialAction":[{"@type":"SearchAction","target":{"@type":"EntryPoint","urlTemplate":"https:\/\/inzain.bike\/fr_be\/?s={search_term_string}"},"query-input":{"@type":"PropertyValueSpecification","valueRequired":true,"valueName":"search_term_string"}}],"inLanguage":"nl-NL"},{"@type":"Organization","@id":"https:\/\/inzain.bike\/fr_be\/#organization","name":"INZAIN fietservaringen","url":"https:\/\/inzain.bike\/fr_be\/","logo":{"@type":"ImageObject","inLanguage":"nl-NL","@id":"https:\/\/inzain.bike\/fr_be\/#\/schema\/logo\/image\/","url":"https:\/\/i0.wp.com\/inzain.bike\/wp-content\/uploads\/2023\/09\/cropped-INZAIN_512x512_white.png?fit=512%2C512&ssl=1","contentUrl":"https:\/\/i0.wp.com\/inzain.bike\/wp-content\/uploads\/2023\/09\/cropped-INZAIN_512x512_white.png?fit=512%2C512&ssl=1","width":512,"height":512,"caption":"INZAIN Cycling EXPERIENCES"},"image":{"@id":"https:\/\/inzain.bike\/fr_be\/#\/schema\/logo\/image\/"},"sameAs":["https:\/\/www.facebook.com\/Inzain.bike","https:\/\/www.instagram.com\/inzainbike"]}]}},"amp_enabled":true,"_links":{"self":[{"href":"https:\/\/inzain.bike\/nl\/wp-json\/wp\/v2\/pages\/3777","targetHints":{"allow":["GET"]}}],"collection":[{"href":"https:\/\/inzain.bike\/nl\/wp-json\/wp\/v2\/pages"}],"about":[{"href":"https:\/\/inzain.bike\/nl\/wp-json\/wp\/v2\/types\/page"}],"author":[{"embeddable":true,"href":"https:\/\/inzain.bike\/nl\/wp-json\/wp\/v2\/users\/135133094"}],"replies":[{"embeddable":true,"href":"https:\/\/inzain.bike\/nl\/wp-json\/wp\/v2\/comments?post=3777"}],"version-history":[{"count":0,"href":"https:\/\/inzain.bike\/nl\/wp-json\/wp\/v2\/pages\/3777\/revisions"}],"wp:attachment":[{"href":"https:\/\/inzain.bike\/nl\/wp-json\/wp\/v2\/media?parent=3777"}],"curies":[{"name":"wp","href":"https:\/\/api.w.org\/{rel}","templated":true}]}}