{"id":3851,"date":"2023-10-30T10:46:17","date_gmt":"2023-10-30T09:46:17","guid":{"rendered":"https:\/\/inzain.bike\/?page_id=3851"},"modified":"2025-06-02T10:20:24","modified_gmt":"2025-06-02T08:20:24","slug":"inzain-solstice-gravel-ride-2025","status":"publish","type":"page","link":"https:\/\/inzain.bike\/nl\/inzain-solstice-gravel-ride-2025\/","title":{"rendered":"Inzain Solstice Gravelrit 2025"},"content":{"rendered":"<figure class=\"wp-block-image size-large\"><img loading=\"lazy\" decoding=\"async\" width=\"1024\" height=\"629\" src=\"https:\/\/inzain.bike\/wp-content\/uploads\/2023\/10\/20230622_213949-1024x629.jpg\" alt=\"\" class=\"wp-image-3854\" srcset=\"https:\/\/inzain.bike\/wp-content\/uploads\/2023\/10\/20230622_213949-1024x629.jpg 1024w, https:\/\/inzain.bike\/wp-content\/uploads\/2023\/10\/20230622_213949-300x184.jpg 300w, https:\/\/inzain.bike\/wp-content\/uploads\/2023\/10\/20230622_213949-768x472.jpg 768w, https:\/\/inzain.bike\/wp-content\/uploads\/2023\/10\/20230622_213949-1536x944.jpg 1536w, https:\/\/inzain.bike\/wp-content\/uploads\/2023\/10\/20230622_213949-2048x1259.jpg 2048w, https:\/\/inzain.bike\/wp-content\/uploads\/2023\/10\/20230622_213949-18x12.jpg 18w, https:\/\/inzain.bike\/wp-content\/uploads\/2023\/10\/20230622_213949-1320x811.jpg 1320w, https:\/\/inzain.bike\/wp-content\/uploads\/2023\/10\/20230622_213949-600x369.jpg 600w\" sizes=\"auto, (max-width: 1024px) 100vw, 1024px\" \/><\/figure>\n\n\n\n<figure class=\"wp-block-image size-full\"><img loading=\"lazy\" decoding=\"async\" width=\"800\" height=\"800\" src=\"https:\/\/inzain.bike\/wp-content\/uploads\/2022\/06\/fully.jpg\" alt=\"\" class=\"wp-image-1677\" srcset=\"https:\/\/inzain.bike\/wp-content\/uploads\/2022\/06\/fully.jpg 800w, https:\/\/inzain.bike\/wp-content\/uploads\/2022\/06\/fully-300x300.jpg 300w, https:\/\/inzain.bike\/wp-content\/uploads\/2022\/06\/fully-150x150.jpg 150w, https:\/\/inzain.bike\/wp-content\/uploads\/2022\/06\/fully-768x768.jpg 768w, https:\/\/inzain.bike\/wp-content\/uploads\/2022\/06\/fully-12x12.jpg 12w, https:\/\/inzain.bike\/wp-content\/uploads\/2022\/06\/fully-600x600.jpg 600w, https:\/\/inzain.bike\/wp-content\/uploads\/2022\/06\/fully-100x100.jpg 100w\" sizes=\"auto, (max-width: 800px) 100vw, 800px\" \/><\/figure>\n\n\n\n<p><\/p>\n\n\n\n<p>Welkom bij een fantastische rit op Midzomernacht.<\/p>\n\n\n\n<p><strong>Wanneer<\/strong>: 19 juni 2025, start vroege avond. Klaar rond 2:30.<br><strong>Waar<\/strong>: Stockholm<br><strong>Hoe<\/strong>: We ontmoeten zonsondergang en zonsopgang via mooie onverharde wegen<br><strong>Prijs<\/strong>: Vrij<br><strong>Info<\/strong>: Het evenement gaat niet door als het weer niet meewerkt<\/p>\n\n\n\n<p>We fietsen naar de zonsondergang en nemen een hapje mee<br>en mooie foto&#039;s maken. Dan fietsen we en zien de zon opkomen. Bij aankomst in \u00c5rsta havsbad biedt Inzain een kampvuur, hotdogs (vlees\/of vegetarisch) en drankjes aan. <br><br>Ik denk dat dit een van de fietshoogtepunten van het jaar is. Geniet van de zonsop- en ondergang, zie veel dieren, drink koffie op het strand en fiets door de zwoele midzomernacht. Doe mee, je zult er geen spijt van krijgen.<br><br>Hoe werkt het?<br>Informatie, tijden en routes worden via e-mail gedeeld met iedereen die zich heeft aangemeld.<br>Als u niet aanwezig kunt zijn, laat het ons dan vooraf weten. Wellicht kan iemand anders alsnog meedoen.<br><br>Zo hadden we het anno 2024<\/p>\n\n\n\n<figure class=\"wp-block-embed is-type-video is-provider-youtube wp-block-embed-youtube wp-embed-aspect-16-9 wp-has-aspect-ratio\"><div class=\"wp-block-embed__wrapper\">\n<iframe loading=\"lazy\" title=\"INZAIN Solstice-rit 2024\" width=\"500\" height=\"281\" src=\"https:\/\/www.youtube.com\/embed\/R8F_yEMv5Nc?feature=oembed\" frameborder=\"0\" allow=\"accelerometer; autoplay; clipboard-write; encrypted-media; gyroscope; picture-in-picture; web-share\" referrerpolicy=\"strict-origin-when-cross-origin\" allowfullscreen><\/iframe>\n<\/div><\/figure>\n\n\n\n<p>Zo hadden we het anno 2023<\/p>\n\n\n\n<figure class=\"wp-block-embed is-type-video is-provider-youtube wp-block-embed-youtube wp-embed-aspect-16-9 wp-has-aspect-ratio\"><div class=\"wp-block-embed__wrapper\">\n<iframe loading=\"lazy\" title=\"Zonnewenderit 2023\" width=\"500\" height=\"281\" src=\"https:\/\/www.youtube.com\/embed\/fW87f4HJ2lo?feature=oembed\" frameborder=\"0\" allow=\"accelerometer; autoplay; clipboard-write; encrypted-media; gyroscope; picture-in-picture; web-share\" referrerpolicy=\"strict-origin-when-cross-origin\" allowfullscreen><\/iframe>\n<\/div><figcaption class=\"wp-element-caption\">INZAIN-zonnewende 2023<\/figcaption><\/figure>\n\n\n\n<p>En hier kun je een film uit 2022 bekijken<\/p>\n\n\n\n<figure class=\"wp-block-embed is-type-video is-provider-youtube wp-block-embed-youtube wp-embed-aspect-16-9 wp-has-aspect-ratio\"><div class=\"wp-block-embed__wrapper\">\n<iframe loading=\"lazy\" title=\"Zonnewende grindrit 2022\" width=\"500\" height=\"281\" src=\"https:\/\/www.youtube.com\/embed\/SDiJKWlL_GQ?feature=oembed\" frameborder=\"0\" allow=\"accelerometer; autoplay; clipboard-write; encrypted-media; gyroscope; picture-in-picture; web-share\" referrerpolicy=\"strict-origin-when-cross-origin\" allowfullscreen><\/iframe>\n<\/div><\/figure>\n\n\n\n<p><strong>Wat kun je verwachten?<\/strong><br>We fietsen voor de lol, er zijn geen pauzes en het gaat niet om de snelste fiets, maar om de beste ervaring. Als je wilt uitgeven, is dat natuurlijk prima, maar wacht maar even verder. Mogelijk splitsen we de groep ook, als dat beter blijkt. Onze gidsen hebben veel ervaring met het organiseren en houden van deze reizen.<br><\/p>\n\n\n\n<p><br><strong>Wij fietsen volgens de principes van Grusets V\u00e4nner.<\/strong><br>*Niemand wordt alleen gelaten, iedereen moet meedoen<br>* Het stuiteren gaat goed, wacht tot later<br>* Wij zorgen voor elkaar en helpen elkaar bij punkers of andere zaken.<br>* Wij fietsen veilig en houden afstand, denk aan de drie seconden regel.<br>* Het draait allemaal om een leuke dag.<\/p>\n\n\n\n<div class=\"wp-block-jetpack-tiled-gallery aligncenter is-style-rectangular\"><div class=\"tiled-gallery__gallery\"><div class=\"tiled-gallery__row\"><div class=\"tiled-gallery__col\" style=\"flex-basis:66.78241%\"><figure class=\"tiled-gallery__item\"><img decoding=\"async\" alt=\"\" data-height=\"3024\" data-id=\"694\" data-link=\"https:\/\/inzain.bike\/20200617_212750\/\" data-url=\"https:\/\/inzain.bike\/wp-content\/uploads\/2021\/10\/20200617_212750.jpg?w=1024\" data-width=\"4032\" src=\"https:\/\/i2.wp.com\/inzain.bike\/wp-content\/uploads\/2021\/10\/20200617_212750.jpg?ssl=1\" data-amp-layout=\"responsive\"\/><\/figure><\/div><div class=\"tiled-gallery__col\" style=\"flex-basis:33.21759%\"><figure class=\"tiled-gallery__item\"><img decoding=\"async\" alt=\"\" data-height=\"3456\" data-id=\"695\" data-link=\"https:\/\/inzain.bike\/20200618_024854-2\/\" data-url=\"https:\/\/inzain.bike\/wp-content\/uploads\/2021\/10\/20200618_024854.jpg?w=1024\" data-width=\"4608\" src=\"https:\/\/i0.wp.com\/inzain.bike\/wp-content\/uploads\/2021\/10\/20200618_024854.jpg?ssl=1\" data-amp-layout=\"responsive\"\/><\/figure><figure class=\"tiled-gallery__item\"><img decoding=\"async\" alt=\"\" data-height=\"1536\" data-id=\"696\" data-link=\"https:\/\/inzain.bike\/104494550_1125205587847587_3729622201781822460_n\/\" data-url=\"https:\/\/inzain.bike\/wp-content\/uploads\/2021\/10\/104494550_1125205587847587_3729622201781822460_n.jpg?w=1024\" data-width=\"2048\" src=\"https:\/\/i0.wp.com\/inzain.bike\/wp-content\/uploads\/2021\/10\/104494550_1125205587847587_3729622201781822460_n.jpg?ssl=1\" data-amp-layout=\"responsive\"\/><\/figure><\/div><\/div><\/div><\/div>\n\n\n\n<p>Het evenement is vol.<\/p>","protected":false},"excerpt":{"rendered":"<p>V\u00e4lkommen till en fantastisk tur i midsommarnatt. N\u00e4r: 19 Juni 2025, start tidig kv\u00e4ll. Klara typ 02.30Var: StockholmHur: Vi m\u00f6ter solnedg\u00e5ng och soluppg\u00e5ng via h\u00e4rliga grusv\u00e4garPris: GratisInfo: Eventet kommer inte k\u00f6ras om v\u00e4dret \u00e4r ol\u00e4mpligt Vi kommer att cykla f\u00f6r att m\u00f6ta solnedg\u00e5ngen, inta medhavd fikaoch ta fina bilder. Sedan cyklar vi och m\u00f6ter solens [&hellip;]<\/p>\n","protected":false},"author":135133094,"featured_media":0,"parent":0,"menu_order":0,"comment_status":"closed","ping_status":"closed","template":"","meta":{"_coblocks_attr":"","_coblocks_dimensions":"","_coblocks_responsive_height":"","_coblocks_accordion_ie_support":"","footnotes":""},"class_list":["post-3851","page","type-page","status-publish","hentry"],"yoast_head":"<!-- This site is optimized with the Yoast SEO plugin v27.2 - https:\/\/yoast.com\/product\/yoast-seo-wordpress\/ -->\n<title>Inzain Solstice Gravel Ride 2025 - INZAIN Cycling EXPERIENCES<\/title>\n<meta name=\"robots\" content=\"index, follow, max-snippet:-1, max-image-preview:large, max-video-preview:-1\" \/>\n<link rel=\"canonical\" href=\"https:\/\/inzain.bike\/nl\/inzain-solstice-gravel-ride-2025\/\" \/>\n<meta property=\"og:locale\" content=\"nl_NL\" \/>\n<meta property=\"og:type\" content=\"article\" \/>\n<meta property=\"og:title\" content=\"Inzain Solstice Gravel Ride 2025 - INZAIN Cycling EXPERIENCES\" \/>\n<meta property=\"og:description\" content=\"V\u00e4lkommen till en fantastisk tur i midsommarnatt. N\u00e4r: 19 Juni 2025, start tidig kv\u00e4ll. Klara typ 02.30Var: StockholmHur: Vi m\u00f6ter solnedg\u00e5ng och soluppg\u00e5ng via h\u00e4rliga grusv\u00e4garPris: GratisInfo: Eventet kommer inte k\u00f6ras om v\u00e4dret \u00e4r ol\u00e4mpligt Vi kommer att cykla f\u00f6r att m\u00f6ta solnedg\u00e5ngen, inta medhavd fikaoch ta fina bilder. Sedan cyklar vi och m\u00f6ter solens [&hellip;]\" \/>\n<meta property=\"og:url\" content=\"https:\/\/inzain.bike\/nl\/inzain-solstice-gravel-ride-2025\/\" \/>\n<meta property=\"og:site_name\" content=\"INZAIN Cycling EXPERIENCES\" \/>\n<meta property=\"article:publisher\" content=\"https:\/\/www.facebook.com\/Inzain.bike\" \/>\n<meta property=\"article:modified_time\" content=\"2025-06-02T08:20:24+00:00\" \/>\n<meta property=\"og:image\" content=\"https:\/\/inzain.bike\/wp-content\/uploads\/2023\/10\/20230622_213949-1024x629.jpg\" \/>\n<meta name=\"twitter:card\" content=\"summary_large_image\" \/>\n<meta name=\"twitter:label1\" content=\"Geschatte leestijd\" \/>\n\t<meta name=\"twitter:data1\" content=\"3 minuten\" \/>\n<script type=\"application\/ld+json\" class=\"yoast-schema-graph\">{\"@context\":\"https:\/\/schema.org\",\"@graph\":[{\"@type\":\"WebPage\",\"@id\":\"https:\/\/inzain.bike\/en\/inzain-solstice-gravel-ride-2025\/\",\"url\":\"https:\/\/inzain.bike\/en\/inzain-solstice-gravel-ride-2025\/\",\"name\":\"Inzain Solstice Gravel Ride 2025 - INZAIN Cycling EXPERIENCES\",\"isPartOf\":{\"@id\":\"https:\/\/inzain.bike\/fr_be\/#website\"},\"primaryImageOfPage\":{\"@id\":\"https:\/\/inzain.bike\/en\/inzain-solstice-gravel-ride-2025\/#primaryimage\"},\"image\":{\"@id\":\"https:\/\/inzain.bike\/en\/inzain-solstice-gravel-ride-2025\/#primaryimage\"},\"thumbnailUrl\":\"https:\/\/inzain.bike\/wp-content\/uploads\/2023\/10\/20230622_213949-1024x629.jpg\",\"datePublished\":\"2023-10-30T09:46:17+00:00\",\"dateModified\":\"2025-06-02T08:20:24+00:00\",\"breadcrumb\":{\"@id\":\"https:\/\/inzain.bike\/en\/inzain-solstice-gravel-ride-2025\/#breadcrumb\"},\"inLanguage\":\"nl-NL\",\"potentialAction\":[{\"@type\":\"ReadAction\",\"target\":[\"https:\/\/inzain.bike\/en\/inzain-solstice-gravel-ride-2025\/\"]}]},{\"@type\":\"ImageObject\",\"inLanguage\":\"nl-NL\",\"@id\":\"https:\/\/inzain.bike\/en\/inzain-solstice-gravel-ride-2025\/#primaryimage\",\"url\":\"https:\/\/inzain.bike\/wp-content\/uploads\/2023\/10\/20230622_213949-1024x629.jpg\",\"contentUrl\":\"https:\/\/inzain.bike\/wp-content\/uploads\/2023\/10\/20230622_213949-1024x629.jpg\"},{\"@type\":\"BreadcrumbList\",\"@id\":\"https:\/\/inzain.bike\/en\/inzain-solstice-gravel-ride-2025\/#breadcrumb\",\"itemListElement\":[{\"@type\":\"ListItem\",\"position\":1,\"name\":\"Hem\",\"item\":\"https:\/\/inzain.bike\/fr_be\/\"},{\"@type\":\"ListItem\",\"position\":2,\"name\":\"Inzain Solstice Gravel Ride 2025\"}]},{\"@type\":\"WebSite\",\"@id\":\"https:\/\/inzain.bike\/fr_be\/#website\",\"url\":\"https:\/\/inzain.bike\/fr_be\/\",\"name\":\"INZAIN Cycling EXPERIENCES\",\"description\":\"Cyckling Adventures  - for everyone\",\"publisher\":{\"@id\":\"https:\/\/inzain.bike\/fr_be\/#organization\"},\"alternateName\":\"INZAIN Gravel & Travel\",\"potentialAction\":[{\"@type\":\"SearchAction\",\"target\":{\"@type\":\"EntryPoint\",\"urlTemplate\":\"https:\/\/inzain.bike\/fr_be\/?s={search_term_string}\"},\"query-input\":{\"@type\":\"PropertyValueSpecification\",\"valueRequired\":true,\"valueName\":\"search_term_string\"}}],\"inLanguage\":\"nl-NL\"},{\"@type\":\"Organization\",\"@id\":\"https:\/\/inzain.bike\/fr_be\/#organization\",\"name\":\"INZAIN Cycling EXPERIENCES\",\"url\":\"https:\/\/inzain.bike\/fr_be\/\",\"logo\":{\"@type\":\"ImageObject\",\"inLanguage\":\"nl-NL\",\"@id\":\"https:\/\/inzain.bike\/fr_be\/#\/schema\/logo\/image\/\",\"url\":\"https:\/\/i0.wp.com\/inzain.bike\/wp-content\/uploads\/2023\/09\/cropped-INZAIN_512x512_white.png?fit=512%2C512&ssl=1\",\"contentUrl\":\"https:\/\/i0.wp.com\/inzain.bike\/wp-content\/uploads\/2023\/09\/cropped-INZAIN_512x512_white.png?fit=512%2C512&ssl=1\",\"width\":512,\"height\":512,\"caption\":\"INZAIN Cycling EXPERIENCES\"},\"image\":{\"@id\":\"https:\/\/inzain.bike\/fr_be\/#\/schema\/logo\/image\/\"},\"sameAs\":[\"https:\/\/www.facebook.com\/Inzain.bike\",\"https:\/\/www.instagram.com\/inzainbike\"]}]}<\/script>\n<!-- \/ Yoast SEO plugin. -->","yoast_head_json":{"title":"Inzain Solstice Gravel Ride 2025 - INZAIN Cycling Experiences","robots":{"index":"index","follow":"follow","max-snippet":"max-snippet:-1","max-image-preview":"max-image-preview:large","max-video-preview":"max-video-preview:-1"},"canonical":"https:\/\/inzain.bike\/nl\/inzain-solstice-gravel-ride-2025\/","og_locale":"nl_NL","og_type":"article","og_title":"Inzain Solstice Gravel Ride 2025 - INZAIN Cycling EXPERIENCES","og_description":"V\u00e4lkommen till en fantastisk tur i midsommarnatt. N\u00e4r: 19 Juni 2025, start tidig kv\u00e4ll. Klara typ 02.30Var: StockholmHur: Vi m\u00f6ter solnedg\u00e5ng och soluppg\u00e5ng via h\u00e4rliga grusv\u00e4garPris: GratisInfo: Eventet kommer inte k\u00f6ras om v\u00e4dret \u00e4r ol\u00e4mpligt Vi kommer att cykla f\u00f6r att m\u00f6ta solnedg\u00e5ngen, inta medhavd fikaoch ta fina bilder. Sedan cyklar vi och m\u00f6ter solens [&hellip;]","og_url":"https:\/\/inzain.bike\/nl\/inzain-solstice-gravel-ride-2025\/","og_site_name":"INZAIN Cycling EXPERIENCES","article_publisher":"https:\/\/www.facebook.com\/Inzain.bike","article_modified_time":"2025-06-02T08:20:24+00:00","og_image":[{"url":"https:\/\/inzain.bike\/wp-content\/uploads\/2023\/10\/20230622_213949-1024x629.jpg","type":"","width":"","height":""}],"twitter_card":"summary_large_image","twitter_misc":{"Geschatte leestijd":"3 minuten"},"schema":{"@context":"https:\/\/schema.org","@graph":[{"@type":"WebPage","@id":"https:\/\/inzain.bike\/en\/inzain-solstice-gravel-ride-2025\/","url":"https:\/\/inzain.bike\/en\/inzain-solstice-gravel-ride-2025\/","name":"Inzain Solstice Gravel Ride 2025 - INZAIN Cycling Experiences","isPartOf":{"@id":"https:\/\/inzain.bike\/fr_be\/#website"},"primaryImageOfPage":{"@id":"https:\/\/inzain.bike\/en\/inzain-solstice-gravel-ride-2025\/#primaryimage"},"image":{"@id":"https:\/\/inzain.bike\/en\/inzain-solstice-gravel-ride-2025\/#primaryimage"},"thumbnailUrl":"https:\/\/inzain.bike\/wp-content\/uploads\/2023\/10\/20230622_213949-1024x629.jpg","datePublished":"2023-10-30T09:46:17+00:00","dateModified":"2025-06-02T08:20:24+00:00","breadcrumb":{"@id":"https:\/\/inzain.bike\/en\/inzain-solstice-gravel-ride-2025\/#breadcrumb"},"inLanguage":"nl-NL","potentialAction":[{"@type":"ReadAction","target":["https:\/\/inzain.bike\/en\/inzain-solstice-gravel-ride-2025\/"]}]},{"@type":"ImageObject","inLanguage":"nl-NL","@id":"https:\/\/inzain.bike\/en\/inzain-solstice-gravel-ride-2025\/#primaryimage","url":"https:\/\/inzain.bike\/wp-content\/uploads\/2023\/10\/20230622_213949-1024x629.jpg","contentUrl":"https:\/\/inzain.bike\/wp-content\/uploads\/2023\/10\/20230622_213949-1024x629.jpg"},{"@type":"BreadcrumbList","@id":"https:\/\/inzain.bike\/en\/inzain-solstice-gravel-ride-2025\/#breadcrumb","itemListElement":[{"@type":"ListItem","position":1,"name":"Hem","item":"https:\/\/inzain.bike\/fr_be\/"},{"@type":"ListItem","position":2,"name":"Inzain Solstice Gravel Ride 2025"}]},{"@type":"WebSite","@id":"https:\/\/inzain.bike\/fr_be\/#website","url":"https:\/\/inzain.bike\/fr_be\/","name":"INZAIN fietservaringen","description":"Fietsavonturen - voor iedereen","publisher":{"@id":"https:\/\/inzain.bike\/fr_be\/#organization"},"alternateName":"INZAIN Gravel & Travel","potentialAction":[{"@type":"SearchAction","target":{"@type":"EntryPoint","urlTemplate":"https:\/\/inzain.bike\/fr_be\/?s={search_term_string}"},"query-input":{"@type":"PropertyValueSpecification","valueRequired":true,"valueName":"search_term_string"}}],"inLanguage":"nl-NL"},{"@type":"Organization","@id":"https:\/\/inzain.bike\/fr_be\/#organization","name":"INZAIN fietservaringen","url":"https:\/\/inzain.bike\/fr_be\/","logo":{"@type":"ImageObject","inLanguage":"nl-NL","@id":"https:\/\/inzain.bike\/fr_be\/#\/schema\/logo\/image\/","url":"https:\/\/i0.wp.com\/inzain.bike\/wp-content\/uploads\/2023\/09\/cropped-INZAIN_512x512_white.png?fit=512%2C512&ssl=1","contentUrl":"https:\/\/i0.wp.com\/inzain.bike\/wp-content\/uploads\/2023\/09\/cropped-INZAIN_512x512_white.png?fit=512%2C512&ssl=1","width":512,"height":512,"caption":"INZAIN Cycling EXPERIENCES"},"image":{"@id":"https:\/\/inzain.bike\/fr_be\/#\/schema\/logo\/image\/"},"sameAs":["https:\/\/www.facebook.com\/Inzain.bike","https:\/\/www.instagram.com\/inzainbike"]}]}},"amp_enabled":true,"_links":{"self":[{"href":"https:\/\/inzain.bike\/nl\/wp-json\/wp\/v2\/pages\/3851","targetHints":{"allow":["GET"]}}],"collection":[{"href":"https:\/\/inzain.bike\/nl\/wp-json\/wp\/v2\/pages"}],"about":[{"href":"https:\/\/inzain.bike\/nl\/wp-json\/wp\/v2\/types\/page"}],"author":[{"embeddable":true,"href":"https:\/\/inzain.bike\/nl\/wp-json\/wp\/v2\/users\/135133094"}],"replies":[{"embeddable":true,"href":"https:\/\/inzain.bike\/nl\/wp-json\/wp\/v2\/comments?post=3851"}],"version-history":[{"count":5,"href":"https:\/\/inzain.bike\/nl\/wp-json\/wp\/v2\/pages\/3851\/revisions"}],"predecessor-version":[{"id":8137,"href":"https:\/\/inzain.bike\/nl\/wp-json\/wp\/v2\/pages\/3851\/revisions\/8137"}],"wp:attachment":[{"href":"https:\/\/inzain.bike\/nl\/wp-json\/wp\/v2\/media?parent=3851"}],"curies":[{"name":"wp","href":"https:\/\/api.w.org\/{rel}","templated":true}]}}