{"id":4044,"date":"2023-11-02T10:16:25","date_gmt":"2023-11-02T09:16:25","guid":{"rendered":"https:\/\/inzain.bike\/?page_id=4044"},"modified":"2023-11-26T10:27:09","modified_gmt":"2023-11-26T09:27:09","slug":"mat","status":"publish","type":"page","link":"https:\/\/inzain.bike\/nl\/mat\/","title":{"rendered":"Stockholm-voedsel"},"content":{"rendered":"<div class=\"wp-block-columns alignwide is-layout-flex wp-container-core-columns-is-layout-28f84493 wp-block-columns-is-layout-flex\">\n<div class=\"wp-block-column is-layout-flow wp-block-column-is-layout-flow\">\n<figure class=\"wp-block-image size-large\"><img loading=\"lazy\" decoding=\"async\" width=\"1024\" height=\"683\" src=\"https:\/\/inzain.bike\/wp-content\/uploads\/2023\/11\/pexels-fauxels-3184183-1-1024x683.jpg\" alt=\"\" class=\"wp-image-4047\" srcset=\"https:\/\/inzain.bike\/wp-content\/uploads\/2023\/11\/pexels-fauxels-3184183-1-1024x683.jpg 1024w, https:\/\/inzain.bike\/wp-content\/uploads\/2023\/11\/pexels-fauxels-3184183-1-300x200.jpg 300w, https:\/\/inzain.bike\/wp-content\/uploads\/2023\/11\/pexels-fauxels-3184183-1-768x513.jpg 768w, https:\/\/inzain.bike\/wp-content\/uploads\/2023\/11\/pexels-fauxels-3184183-1-1536x1025.jpg 1536w, https:\/\/inzain.bike\/wp-content\/uploads\/2023\/11\/pexels-fauxels-3184183-1-2048x1367.jpg 2048w, https:\/\/inzain.bike\/wp-content\/uploads\/2023\/11\/pexels-fauxels-3184183-1-18x12.jpg 18w, https:\/\/inzain.bike\/wp-content\/uploads\/2023\/11\/pexels-fauxels-3184183-1-1320x881.jpg 1320w, https:\/\/inzain.bike\/wp-content\/uploads\/2023\/11\/pexels-fauxels-3184183-1-600x400.jpg 600w\" sizes=\"auto, (max-width: 1024px) 100vw, 1024px\" \/><\/figure>\n<\/div>\n\n\n\n<div class=\"wp-block-column is-layout-flow wp-block-column-is-layout-flow\">\n<p class=\"has-roboto-font-family has-custom-font\" style=\"font-family:Roboto\">Stockholm staat bekend om zijn vele hoogwaardige restaurants. Zweeds, Italiaans, Frans, Indiaas, Japans, ja, de meeste soorten voedsel zijn beschikbaar. Als u vegetarisch eet, allergie\u00ebn heeft, veganistisch bent of koosjer wilt eten, zult u merken dat aan alle smaken en behoeften kan worden voldaan.<\/p>\n\n\n\n<p>De traditie in Zweden schrijft voor dat je gewoonlijk drie maaltijden per dag eet; Ontbijt lunch en diner. Meestal bestaan de lunch en het diner uit warme gerechten, terwijl het ontbijt vaak uit iets eenvoudigers bestaat, zoals ontbijtgranen\/muesli en melk\/yoghurt en koffie\/thee... <\/p>\n\n\n\n<p><\/p>\n<\/div>\n<\/div>\n\n\n\n<div class=\"wp-block-columns alignwide is-layout-flex wp-container-core-columns-is-layout-28f84493 wp-block-columns-is-layout-flex\">\n<div class=\"wp-block-column is-layout-flow wp-block-column-is-layout-flow\">\n<h1 class=\"wp-block-heading\" id=\"h-Densvenskafikakulturen\">KOFFIE<\/h1>\n\n\n\n<p>Die &quot;Fika&quot; is als een instituut in Zweden. De traditie van koffie drinken in Zweden gaat vele honderden jaren terug en heeft verband met de introductie van koffie. Het was echter pas in 1910 dat het woord fika een concept werd. Koffie drinken kan zijn: genieten van een kopje koffie in het gezelschap van goede vrienden, een pauze op het werk of naar een caf\u00e9 gaan. Tegenwoordig is het niet meer strikt verbonden met het drinken van koffie, maar gaat het meer om een pauze in de dagelijkse routine, in het leven, een kop koffie, een glas sap en het liefst met een lekker bijgerecht.<\/p>\n\n\n\n<h2 class=\"wp-block-heading\" id=\"h-Vadarfika\">Wat is koffie?<\/h2>\n\n\n\n<p>Koffie maakt deel uit van de Zweedse cultuur, een fenomeen waar veel Zweden een relatie mee hebben en een bepaalde mentaliteit weerspiegelt. Koffie drinken is een ritueel waarbij de ontmoeting en de sociale uitwisseling centraal staan, een manier om samen met \u00e9\u00e9n of meerdere mensen gezellig samen te zijn. Het niet drinken van koffie wordt niet door iedereen volledig geaccepteerd, en het kan voorkomen dat je zo iemand scheef aankijkt. Veel voorkomende accessoires op koffiefeestjes zijn kaneelbroodjes, biscuitgebak en diverse soorten koekjes. Soms kan het koffiebrood vervangen worden door een broodje of fruit.<\/p>\n<\/div>\n\n\n\n<div class=\"wp-block-column is-layout-flow wp-block-column-is-layout-flow\">\n<figure class=\"wp-block-image size-full\"><img loading=\"lazy\" decoding=\"async\" width=\"1000\" height=\"667\" src=\"https:\/\/inzain.bike\/wp-content\/uploads\/2023\/11\/12.jpg\" alt=\"\" class=\"wp-image-4050\" srcset=\"https:\/\/inzain.bike\/wp-content\/uploads\/2023\/11\/12.jpg 1000w, https:\/\/inzain.bike\/wp-content\/uploads\/2023\/11\/12-300x200.jpg 300w, https:\/\/inzain.bike\/wp-content\/uploads\/2023\/11\/12-768x512.jpg 768w, https:\/\/inzain.bike\/wp-content\/uploads\/2023\/11\/12-18x12.jpg 18w, https:\/\/inzain.bike\/wp-content\/uploads\/2023\/11\/12-600x400.jpg 600w\" sizes=\"auto, (max-width: 1000px) 100vw, 1000px\" \/><\/figure>\n<\/div>\n<\/div>\n\n\n\n<div class=\"wp-block-columns alignwide is-layout-flex wp-container-core-columns-is-layout-28f84493 wp-block-columns-is-layout-flex\">\n<div class=\"wp-block-column is-layout-flow wp-block-column-is-layout-flow\">\n<figure class=\"wp-block-image size-full\"><img loading=\"lazy\" decoding=\"async\" width=\"510\" height=\"562\" src=\"https:\/\/inzain.bike\/wp-content\/uploads\/2023\/11\/KrusenANTea-1.png\" alt=\"\" class=\"wp-image-4261\" srcset=\"https:\/\/inzain.bike\/wp-content\/uploads\/2023\/11\/KrusenANTea-1.png 510w, https:\/\/inzain.bike\/wp-content\/uploads\/2023\/11\/KrusenANTea-1-272x300.png 272w, https:\/\/inzain.bike\/wp-content\/uploads\/2023\/11\/KrusenANTea-1-11x12.png 11w\" sizes=\"auto, (max-width: 510px) 100vw, 510px\" \/><\/figure>\n<\/div>\n\n\n\n<div class=\"wp-block-column is-layout-flow wp-block-column-is-layout-flow\">\n<h2 class=\"wp-block-heading\" id=\"h-Vadarfika\">Wat zit erbij?<\/h2>\n\n\n\n<ul class=\"wp-block-list\">\n<li>Ontbijt in het hotel.<\/li>\n\n\n\n<li>Welkomstdiner in Ellery Beach House en twee diners in Krusenberg Herrg\u00e5rd. <\/li>\n\n\n\n<li>Lunch en koffie tijdens de fietstochten, maar ook tijdens de verschillende activiteiten op de rustdag zoals b.v. zeilen of RIB-tour.<br><br>Andere diners kunnen worden genuttigd in de hotels, of waarom niet in een van de vele pubs van Stockholm. Wij regelen restaurantsuggesties, regelen de boeking en het vervoer.<br><\/li>\n<\/ul>\n\n\n\n<p><\/p>\n<\/div>\n<\/div>","protected":false},"excerpt":{"rendered":"<p>Stockholm \u00e4r k\u00e4nt f\u00f6r sina m\u00e5nga restauranger av h\u00f6g kvalitet. Svenskt, Italienskt, Franskt, Indiskt, Japansk, ja de flesta typer av mat finns att tillg\u00e5. Om du \u00e4ter vegetariskt, har allergier \u00e4r vegan eller vill \u00e4ta Kosher s\u00e5 kommer du finna att alla smaker och behov kan tillfredsst\u00e4llas. Traditionen i Sverige p\u00e5bjuder att man vanligtvis \u00e4ter [&hellip;]<\/p>\n","protected":false},"author":135133094,"featured_media":0,"parent":0,"menu_order":0,"comment_status":"closed","ping_status":"closed","template":"","meta":{"_coblocks_attr":"Roboto","_coblocks_dimensions":"","_coblocks_responsive_height":"","_coblocks_accordion_ie_support":"","footnotes":""},"class_list":["post-4044","page","type-page","status-publish","hentry"],"yoast_head":"<!-- This site is optimized with the Yoast SEO plugin v27.2 - https:\/\/yoast.com\/product\/yoast-seo-wordpress\/ -->\n<title>Stockholm Mat - INZAIN Cycling EXPERIENCES<\/title>\n<meta name=\"robots\" content=\"index, follow, max-snippet:-1, max-image-preview:large, max-video-preview:-1\" \/>\n<link rel=\"canonical\" href=\"https:\/\/inzain.bike\/nl\/mat\/\" \/>\n<meta property=\"og:locale\" content=\"nl_NL\" \/>\n<meta property=\"og:type\" content=\"article\" \/>\n<meta property=\"og:title\" content=\"Stockholm Mat - INZAIN Cycling EXPERIENCES\" \/>\n<meta property=\"og:description\" content=\"Stockholm \u00e4r k\u00e4nt f\u00f6r sina m\u00e5nga restauranger av h\u00f6g kvalitet. Svenskt, Italienskt, Franskt, Indiskt, Japansk, ja de flesta typer av mat finns att tillg\u00e5. Om du \u00e4ter vegetariskt, har allergier \u00e4r vegan eller vill \u00e4ta Kosher s\u00e5 kommer du finna att alla smaker och behov kan tillfredsst\u00e4llas. Traditionen i Sverige p\u00e5bjuder att man vanligtvis \u00e4ter [&hellip;]\" \/>\n<meta property=\"og:url\" content=\"https:\/\/inzain.bike\/nl\/mat\/\" \/>\n<meta property=\"og:site_name\" content=\"INZAIN Cycling EXPERIENCES\" \/>\n<meta property=\"article:publisher\" content=\"https:\/\/www.facebook.com\/Inzain.bike\" \/>\n<meta property=\"article:modified_time\" content=\"2023-11-26T09:27:09+00:00\" \/>\n<meta property=\"og:image\" content=\"https:\/\/inzain.bike\/wp-content\/uploads\/2023\/11\/pexels-fauxels-3184183-1-1024x683.jpg\" \/>\n<meta name=\"twitter:card\" content=\"summary_large_image\" \/>\n<meta name=\"twitter:label1\" content=\"Geschatte leestijd\" \/>\n\t<meta name=\"twitter:data1\" content=\"3 minuten\" \/>\n<script type=\"application\/ld+json\" class=\"yoast-schema-graph\">{\"@context\":\"https:\/\/schema.org\",\"@graph\":[{\"@type\":\"WebPage\",\"@id\":\"https:\/\/inzain.bike\/en_gb\/mat\/\",\"url\":\"https:\/\/inzain.bike\/en_gb\/mat\/\",\"name\":\"Stockholm Mat - INZAIN Cycling EXPERIENCES\",\"isPartOf\":{\"@id\":\"https:\/\/inzain.bike\/fr_be\/#website\"},\"primaryImageOfPage\":{\"@id\":\"https:\/\/inzain.bike\/en_gb\/mat\/#primaryimage\"},\"image\":{\"@id\":\"https:\/\/inzain.bike\/en_gb\/mat\/#primaryimage\"},\"thumbnailUrl\":\"https:\/\/inzain.bike\/wp-content\/uploads\/2023\/11\/pexels-fauxels-3184183-1-1024x683.jpg\",\"datePublished\":\"2023-11-02T09:16:25+00:00\",\"dateModified\":\"2023-11-26T09:27:09+00:00\",\"breadcrumb\":{\"@id\":\"https:\/\/inzain.bike\/en_gb\/mat\/#breadcrumb\"},\"inLanguage\":\"nl-NL\",\"potentialAction\":[{\"@type\":\"ReadAction\",\"target\":[\"https:\/\/inzain.bike\/en_gb\/mat\/\"]}]},{\"@type\":\"ImageObject\",\"inLanguage\":\"nl-NL\",\"@id\":\"https:\/\/inzain.bike\/en_gb\/mat\/#primaryimage\",\"url\":\"https:\/\/inzain.bike\/wp-content\/uploads\/2023\/11\/pexels-fauxels-3184183-1-1024x683.jpg\",\"contentUrl\":\"https:\/\/inzain.bike\/wp-content\/uploads\/2023\/11\/pexels-fauxels-3184183-1-1024x683.jpg\"},{\"@type\":\"BreadcrumbList\",\"@id\":\"https:\/\/inzain.bike\/en_gb\/mat\/#breadcrumb\",\"itemListElement\":[{\"@type\":\"ListItem\",\"position\":1,\"name\":\"Hem\",\"item\":\"https:\/\/inzain.bike\/fr_be\/\"},{\"@type\":\"ListItem\",\"position\":2,\"name\":\"Stockholm Mat\"}]},{\"@type\":\"WebSite\",\"@id\":\"https:\/\/inzain.bike\/fr_be\/#website\",\"url\":\"https:\/\/inzain.bike\/fr_be\/\",\"name\":\"INZAIN Cycling EXPERIENCES\",\"description\":\"Cyckling Adventures  - for everyone\",\"publisher\":{\"@id\":\"https:\/\/inzain.bike\/fr_be\/#organization\"},\"alternateName\":\"INZAIN Gravel & Travel\",\"potentialAction\":[{\"@type\":\"SearchAction\",\"target\":{\"@type\":\"EntryPoint\",\"urlTemplate\":\"https:\/\/inzain.bike\/fr_be\/?s={search_term_string}\"},\"query-input\":{\"@type\":\"PropertyValueSpecification\",\"valueRequired\":true,\"valueName\":\"search_term_string\"}}],\"inLanguage\":\"nl-NL\"},{\"@type\":\"Organization\",\"@id\":\"https:\/\/inzain.bike\/fr_be\/#organization\",\"name\":\"INZAIN Cycling EXPERIENCES\",\"url\":\"https:\/\/inzain.bike\/fr_be\/\",\"logo\":{\"@type\":\"ImageObject\",\"inLanguage\":\"nl-NL\",\"@id\":\"https:\/\/inzain.bike\/fr_be\/#\/schema\/logo\/image\/\",\"url\":\"https:\/\/i0.wp.com\/inzain.bike\/wp-content\/uploads\/2023\/09\/cropped-INZAIN_512x512_white.png?fit=512%2C512&ssl=1\",\"contentUrl\":\"https:\/\/i0.wp.com\/inzain.bike\/wp-content\/uploads\/2023\/09\/cropped-INZAIN_512x512_white.png?fit=512%2C512&ssl=1\",\"width\":512,\"height\":512,\"caption\":\"INZAIN Cycling EXPERIENCES\"},\"image\":{\"@id\":\"https:\/\/inzain.bike\/fr_be\/#\/schema\/logo\/image\/\"},\"sameAs\":[\"https:\/\/www.facebook.com\/Inzain.bike\",\"https:\/\/www.instagram.com\/inzainbike\"]}]}<\/script>\n<!-- \/ Yoast SEO plugin. -->","yoast_head_json":{"title":"Stockholm Food - INZAIN Fietservaringen","robots":{"index":"index","follow":"follow","max-snippet":"max-snippet:-1","max-image-preview":"max-image-preview:large","max-video-preview":"max-video-preview:-1"},"canonical":"https:\/\/inzain.bike\/nl\/mat\/","og_locale":"nl_NL","og_type":"article","og_title":"Stockholm Mat - INZAIN Cycling EXPERIENCES","og_description":"Stockholm \u00e4r k\u00e4nt f\u00f6r sina m\u00e5nga restauranger av h\u00f6g kvalitet. Svenskt, Italienskt, Franskt, Indiskt, Japansk, ja de flesta typer av mat finns att tillg\u00e5. Om du \u00e4ter vegetariskt, har allergier \u00e4r vegan eller vill \u00e4ta Kosher s\u00e5 kommer du finna att alla smaker och behov kan tillfredsst\u00e4llas. Traditionen i Sverige p\u00e5bjuder att man vanligtvis \u00e4ter [&hellip;]","og_url":"https:\/\/inzain.bike\/nl\/mat\/","og_site_name":"INZAIN Cycling EXPERIENCES","article_publisher":"https:\/\/www.facebook.com\/Inzain.bike","article_modified_time":"2023-11-26T09:27:09+00:00","og_image":[{"url":"https:\/\/inzain.bike\/wp-content\/uploads\/2023\/11\/pexels-fauxels-3184183-1-1024x683.jpg","type":"","width":"","height":""}],"twitter_card":"summary_large_image","twitter_misc":{"Geschatte leestijd":"3 minuten"},"schema":{"@context":"https:\/\/schema.org","@graph":[{"@type":"WebPage","@id":"https:\/\/inzain.bike\/en_gb\/mat\/","url":"https:\/\/inzain.bike\/en_gb\/mat\/","name":"Stockholm Food - INZAIN Fietservaringen","isPartOf":{"@id":"https:\/\/inzain.bike\/fr_be\/#website"},"primaryImageOfPage":{"@id":"https:\/\/inzain.bike\/en_gb\/mat\/#primaryimage"},"image":{"@id":"https:\/\/inzain.bike\/en_gb\/mat\/#primaryimage"},"thumbnailUrl":"https:\/\/inzain.bike\/wp-content\/uploads\/2023\/11\/pexels-fauxels-3184183-1-1024x683.jpg","datePublished":"2023-11-02T09:16:25+00:00","dateModified":"2023-11-26T09:27:09+00:00","breadcrumb":{"@id":"https:\/\/inzain.bike\/en_gb\/mat\/#breadcrumb"},"inLanguage":"nl-NL","potentialAction":[{"@type":"ReadAction","target":["https:\/\/inzain.bike\/en_gb\/mat\/"]}]},{"@type":"ImageObject","inLanguage":"nl-NL","@id":"https:\/\/inzain.bike\/en_gb\/mat\/#primaryimage","url":"https:\/\/inzain.bike\/wp-content\/uploads\/2023\/11\/pexels-fauxels-3184183-1-1024x683.jpg","contentUrl":"https:\/\/inzain.bike\/wp-content\/uploads\/2023\/11\/pexels-fauxels-3184183-1-1024x683.jpg"},{"@type":"BreadcrumbList","@id":"https:\/\/inzain.bike\/en_gb\/mat\/#breadcrumb","itemListElement":[{"@type":"ListItem","position":1,"name":"Hem","item":"https:\/\/inzain.bike\/fr_be\/"},{"@type":"ListItem","position":2,"name":"Stockholm Mat"}]},{"@type":"WebSite","@id":"https:\/\/inzain.bike\/fr_be\/#website","url":"https:\/\/inzain.bike\/fr_be\/","name":"INZAIN fietservaringen","description":"Fietsavonturen - voor iedereen","publisher":{"@id":"https:\/\/inzain.bike\/fr_be\/#organization"},"alternateName":"INZAIN Gravel & Travel","potentialAction":[{"@type":"SearchAction","target":{"@type":"EntryPoint","urlTemplate":"https:\/\/inzain.bike\/fr_be\/?s={search_term_string}"},"query-input":{"@type":"PropertyValueSpecification","valueRequired":true,"valueName":"search_term_string"}}],"inLanguage":"nl-NL"},{"@type":"Organization","@id":"https:\/\/inzain.bike\/fr_be\/#organization","name":"INZAIN fietservaringen","url":"https:\/\/inzain.bike\/fr_be\/","logo":{"@type":"ImageObject","inLanguage":"nl-NL","@id":"https:\/\/inzain.bike\/fr_be\/#\/schema\/logo\/image\/","url":"https:\/\/i0.wp.com\/inzain.bike\/wp-content\/uploads\/2023\/09\/cropped-INZAIN_512x512_white.png?fit=512%2C512&ssl=1","contentUrl":"https:\/\/i0.wp.com\/inzain.bike\/wp-content\/uploads\/2023\/09\/cropped-INZAIN_512x512_white.png?fit=512%2C512&ssl=1","width":512,"height":512,"caption":"INZAIN Cycling EXPERIENCES"},"image":{"@id":"https:\/\/inzain.bike\/fr_be\/#\/schema\/logo\/image\/"},"sameAs":["https:\/\/www.facebook.com\/Inzain.bike","https:\/\/www.instagram.com\/inzainbike"]}]}},"amp_enabled":true,"_links":{"self":[{"href":"https:\/\/inzain.bike\/nl\/wp-json\/wp\/v2\/pages\/4044","targetHints":{"allow":["GET"]}}],"collection":[{"href":"https:\/\/inzain.bike\/nl\/wp-json\/wp\/v2\/pages"}],"about":[{"href":"https:\/\/inzain.bike\/nl\/wp-json\/wp\/v2\/types\/page"}],"author":[{"embeddable":true,"href":"https:\/\/inzain.bike\/nl\/wp-json\/wp\/v2\/users\/135133094"}],"replies":[{"embeddable":true,"href":"https:\/\/inzain.bike\/nl\/wp-json\/wp\/v2\/comments?post=4044"}],"version-history":[{"count":0,"href":"https:\/\/inzain.bike\/nl\/wp-json\/wp\/v2\/pages\/4044\/revisions"}],"wp:attachment":[{"href":"https:\/\/inzain.bike\/nl\/wp-json\/wp\/v2\/media?parent=4044"}],"curies":[{"name":"wp","href":"https:\/\/api.w.org\/{rel}","templated":true}]}}