{"id":4571,"date":"2023-11-08T17:57:31","date_gmt":"2023-11-08T16:57:31","guid":{"rendered":"https:\/\/inzain.bike\/?page_id=4571"},"modified":"2023-11-08T18:04:44","modified_gmt":"2023-11-08T17:04:44","slug":"pre-registration","status":"publish","type":"page","link":"https:\/\/inzain.bike\/nl\/pre-registration\/","title":{"rendered":"Registratie van interesse"},"content":{"rendered":"\n<figure class=\"wp-block-image alignwide size-large\"><img loading=\"lazy\" decoding=\"async\" width=\"1024\" height=\"576\" src=\"https:\/\/inzain.bike\/wp-content\/uploads\/2023\/11\/thumb-1024x576.png\" alt=\"\" class=\"wp-image-4572\" srcset=\"https:\/\/inzain.bike\/wp-content\/uploads\/2023\/11\/thumb-1024x576.png 1024w, https:\/\/inzain.bike\/wp-content\/uploads\/2023\/11\/thumb-300x169.png 300w, https:\/\/inzain.bike\/wp-content\/uploads\/2023\/11\/thumb-768x432.png 768w, https:\/\/inzain.bike\/wp-content\/uploads\/2023\/11\/thumb-1536x864.png 1536w, https:\/\/inzain.bike\/wp-content\/uploads\/2023\/11\/thumb-2048x1152.png 2048w, https:\/\/inzain.bike\/wp-content\/uploads\/2023\/11\/thumb-18x10.png 18w, https:\/\/inzain.bike\/wp-content\/uploads\/2023\/11\/thumb-1320x743.png 1320w, https:\/\/inzain.bike\/wp-content\/uploads\/2023\/11\/thumb-600x338.png 600w\" sizes=\"auto, (max-width: 1024px) 100vw, 1024px\" \/><\/figure>\n\n\n\n<div class=\"wp-block-columns alignwide is-layout-flex wp-container-core-columns-is-layout-28f84493 wp-block-columns-is-layout-flex\">\n<div class=\"wp-block-column is-layout-flow wp-block-column-is-layout-flow\">\n<p>Det finns ett begr\u00e4nsat antal platser p\u00e5 dessa exklusiva upplevelser. Du kan anm\u00e4la ditt intresse och inom kort (eller datum x?) kontaktar vi dig om du f\u00e5tt plats.<\/p>\n\n\n\n<p>Fyll i formul\u00e4ret och skicka sedan in det.<\/p>\n\n\n<div class=\"wpforms-container wpforms-container-full wpforms-block wpforms-block-9130644f-3c1f-456e-a251-997e1535f6cf wpforms-render-modern\" id=\"wpforms-4154\"><form id=\"wpforms-form-4154\" class=\"wpforms-validate wpforms-form wpforms-ajax-form\" data-formid=\"4154\" method=\"post\" enctype=\"multipart\/form-data\" action=\"\/nl\/wp-json\/wp\/v2\/pages\/4571\" data-token=\"f07586d8a813cdee4538fbeb8fbef24e\" data-token-time=\"1775246334\"><noscript class=\"wpforms-error-noscript\">Schakel JavaScript in je browser in om dit formulier in te vullen.<\/noscript><div id=\"wpforms-error-noscript\" style=\"display: none;\">Schakel JavaScript in je browser in om dit formulier in te vullen.<\/div><div class=\"wpforms-field-container\"><div id=\"wpforms-4154-field_18-container\" class=\"wpforms-field wpforms-field-name\" data-field-id=\"18\"><fieldset><legend class=\"wpforms-field-label\">Namn <span class=\"wpforms-required-label\" aria-hidden=\"true\">*<\/span><\/legend><div class=\"wpforms-field-row wpforms-field-medium\"><div class=\"wpforms-field-row-block wpforms-first wpforms-one-half\"><input type=\"text\" id=\"wpforms-4154-field_18\" class=\"wpforms-field-name-first wpforms-field-required\" name=\"wpforms[fields][18][first]\" aria-errormessage=\"wpforms-4154-field_18-error\" required><label for=\"wpforms-4154-field_18\" class=\"wpforms-field-sublabel after\">Voornaam<\/label><\/div><div class=\"wpforms-field-row-block wpforms-one-half\"><input type=\"text\" id=\"wpforms-4154-field_18-last\" class=\"wpforms-field-name-last wpforms-field-required\" name=\"wpforms[fields][18][last]\" aria-errormessage=\"wpforms-4154-field_18-last-error\" required><label for=\"wpforms-4154-field_18-last\" class=\"wpforms-field-sublabel after\">Achternaam<\/label><\/div><\/div><\/fieldset><\/div><div id=\"wpforms-4154-field_1-container\" class=\"wpforms-field wpforms-field-email\" data-field-id=\"1\"><label class=\"wpforms-field-label\" for=\"wpforms-4154-field_1\">Email <span class=\"wpforms-required-label\" aria-hidden=\"true\">*<\/span><\/label><input type=\"email\" id=\"wpforms-4154-field_1\" class=\"wpforms-field-medium wpforms-field-required\" name=\"wpforms[fields][1]\" spellcheck=\"false\" aria-errormessage=\"wpforms-4154-field_1-error\" required><\/div><div id=\"wpforms-4154-field_20-container\" class=\"wpforms-field wpforms-field-checkbox\" data-field-id=\"20\"><fieldset><legend class=\"wpforms-field-label\">Vilka veckor \u00e4r du intressead av <span class=\"wpforms-required-label\" aria-hidden=\"true\">*<\/span><\/legend><ul id=\"wpforms-4154-field_20\" class=\"wpforms-field-required\"><li class=\"choice-1 depth-1\"><input type=\"checkbox\" id=\"wpforms-4154-field_20_1\" name=\"wpforms[fields][20][]\" value=\"16-13 Juli\" aria-errormessage=\"wpforms-4154-field_20_1-error\" aria-describedby=\"wpforms-4154-field_20-description\" required ><label class=\"wpforms-field-label-inline\" for=\"wpforms-4154-field_20_1\">16-13 Juli<\/label><\/li><li class=\"choice-2 depth-1\"><input type=\"checkbox\" id=\"wpforms-4154-field_20_2\" name=\"wpforms[fields][20][]\" value=\"13-20 Juli\" aria-errormessage=\"wpforms-4154-field_20_2-error\" aria-describedby=\"wpforms-4154-field_20-description\" required ><label class=\"wpforms-field-label-inline\" for=\"wpforms-4154-field_20_2\">13-20 Juli<\/label><\/li><\/ul><div id=\"wpforms-4154-field_20-description\" class=\"wpforms-field-description\">V\u00e4lj den eller de veckor du \u00e4r intresserad av.<\/div><\/fieldset><\/div><div id=\"wpforms-4154-field_21-container\" class=\"wpforms-field wpforms-field-text\" data-field-id=\"21\"><label class=\"wpforms-field-label\" for=\"wpforms-4154-field_21\">F\u00f6rutom du, hur m\u00e5nga vill du ta med dig?<\/label><input type=\"text\" id=\"wpforms-4154-field_21\" class=\"wpforms-field-medium\" name=\"wpforms[fields][21]\" aria-errormessage=\"wpforms-4154-field_21-error\" aria-describedby=\"wpforms-4154-field_21-description\" ><div id=\"wpforms-4154-field_21-description\" class=\"wpforms-field-description\">Om du vill ta med v\u00e4nner och familj, ange antal. Ni kommer att erbjudas plats f\u00f6r alla eller ingen.<\/div><\/div><div id=\"wpforms-4154-field_12-container\" class=\"wpforms-field wpforms-field-checkbox\" data-field-id=\"12\"><fieldset><legend class=\"wpforms-field-label\">Jag vill ha hj\u00e4lp med att hyra cykel i Stockholm<\/legend><ul id=\"wpforms-4154-field_12\"><li class=\"choice-1 depth-1\"><input type=\"checkbox\" id=\"wpforms-4154-field_12_1\" name=\"wpforms[fields][12][]\" value=\"Jag vill hyra en Gravel Cykel\" aria-errormessage=\"wpforms-4154-field_12_1-error\" aria-describedby=\"wpforms-4154-field_12-description\"  ><label class=\"wpforms-field-label-inline\" for=\"wpforms-4154-field_12_1\">Jag vill hyra en Gravel Cykel<\/label><\/li><li class=\"choice-2 depth-1\"><input type=\"checkbox\" id=\"wpforms-4154-field_12_2\" name=\"wpforms[fields][12][]\" value=\"Jag vill hyra en E Gravel Cykel\" aria-errormessage=\"wpforms-4154-field_12_2-error\" aria-describedby=\"wpforms-4154-field_12-description\"  ><label class=\"wpforms-field-label-inline\" for=\"wpforms-4154-field_12_2\">Jag vill hyra en E Gravel Cykel<\/label><\/li><\/ul><div id=\"wpforms-4154-field_12-description\" class=\"wpforms-field-description\">Vill du hyra cykel? V\u00e4lj typ<\/div><\/fieldset><\/div><div id=\"wpforms-4154-field_15-container\" class=\"wpforms-field wpforms-field-radio\" data-field-id=\"15\"><fieldset><legend class=\"wpforms-field-label\">Hur van gravel cyklist \u00e4r du? <span class=\"wpforms-required-label\" aria-hidden=\"true\">*<\/span><\/legend><ul id=\"wpforms-4154-field_15\" class=\"wpforms-field-required\"><li class=\"choice-1 depth-1\"><input type=\"radio\" id=\"wpforms-4154-field_15_1\" name=\"wpforms[fields][15]\" value=\"V\u00e4ldigt erfaren\" aria-errormessage=\"wpforms-4154-field_15_1-error\" aria-describedby=\"wpforms-4154-field_15-description\" required ><label class=\"wpforms-field-label-inline\" for=\"wpforms-4154-field_15_1\">V\u00e4ldigt erfaren<\/label><\/li><li class=\"choice-2 depth-1\"><input type=\"radio\" id=\"wpforms-4154-field_15_2\" name=\"wpforms[fields][15]\" value=\"Mellan\" aria-errormessage=\"wpforms-4154-field_15_2-error\" aria-describedby=\"wpforms-4154-field_15-description\" required ><label class=\"wpforms-field-label-inline\" for=\"wpforms-4154-field_15_2\">Mellan<\/label><\/li><li class=\"choice-3 depth-1\"><input type=\"radio\" id=\"wpforms-4154-field_15_3\" name=\"wpforms[fields][15]\" value=\"Nyb\u00f6rjare\" aria-errormessage=\"wpforms-4154-field_15_3-error\" aria-describedby=\"wpforms-4154-field_15-description\" required ><label class=\"wpforms-field-label-inline\" for=\"wpforms-4154-field_15_3\">Nyb\u00f6rjare<\/label><\/li><\/ul><div id=\"wpforms-4154-field_15-description\" class=\"wpforms-field-description\">Hur van \u00e4r du att cykla gravel?<\/div><\/fieldset><\/div><div id=\"wpforms-4154-field_17-container\" class=\"wpforms-field wpforms-field-radio\" data-field-id=\"17\"><fieldset><legend class=\"wpforms-field-label\">Vilodag Vad vill du g\u00f6ra d\u00e5`? <span class=\"wpforms-required-label\" aria-hidden=\"true\">*<\/span><\/legend><ul id=\"wpforms-4154-field_17\" class=\"wpforms-field-required\"><li class=\"choice-1 depth-1\"><input type=\"radio\" id=\"wpforms-4154-field_17_1\" name=\"wpforms[fields][17]\" value=\"RIB till sk\u00e4rg\u00e5rden\" aria-errormessage=\"wpforms-4154-field_17_1-error\" aria-describedby=\"wpforms-4154-field_17-description\" required ><label class=\"wpforms-field-label-inline\" for=\"wpforms-4154-field_17_1\">RIB till sk\u00e4rg\u00e5rden<\/label><\/li><li class=\"choice-2 depth-1\"><input type=\"radio\" id=\"wpforms-4154-field_17_2\" name=\"wpforms[fields][17]\" value=\"Segla\" aria-errormessage=\"wpforms-4154-field_17_2-error\" aria-describedby=\"wpforms-4154-field_17-description\" required ><label class=\"wpforms-field-label-inline\" for=\"wpforms-4154-field_17_2\">Segla<\/label><\/li><li class=\"choice-3 depth-1\"><input type=\"radio\" id=\"wpforms-4154-field_17_3\" name=\"wpforms[fields][17]\" value=\"Uppt\u00e4cka Stockholm p\u00e5 egen hand\" aria-errormessage=\"wpforms-4154-field_17_3-error\" aria-describedby=\"wpforms-4154-field_17-description\" required ><label class=\"wpforms-field-label-inline\" for=\"wpforms-4154-field_17_3\">Uppt\u00e4cka Stockholm p\u00e5 egen hand<\/label><\/li><\/ul><div id=\"wpforms-4154-field_17-description\" class=\"wpforms-field-description\">Vilodag \u00e4r viktigt. Vad vill du g\u00f6ra p\u00e5 den?\r\nVi beh\u00f6ver veta f\u00f6r v\u00e5r planering.<\/div><\/fieldset><\/div><div id=\"wpforms-4154-field_5-container\" class=\"wpforms-field wpforms-field-text\" data-field-id=\"5\"><label class=\"wpforms-field-label\" for=\"wpforms-4154-field_5\">Ev allergier eller preferenser p\u00e5 mat<\/label><input type=\"text\" id=\"wpforms-4154-field_5\" class=\"wpforms-field-medium\" name=\"wpforms[fields][5]\" aria-errormessage=\"wpforms-4154-field_5-error\" aria-describedby=\"wpforms-4154-field_5-description\" ><div id=\"wpforms-4154-field_5-description\" class=\"wpforms-field-description\">Har du allergier? \u00c4ter du bara vegetarisk frukost?\r\n<\/div><\/div><div id=\"wpforms-4154-field_2-container\" class=\"wpforms-field wpforms-field-textarea\" data-field-id=\"2\"><label class=\"wpforms-field-label\" for=\"wpforms-4154-field_2\">Kommentar<\/label><textarea id=\"wpforms-4154-field_2\" class=\"wpforms-field-medium\" name=\"wpforms[fields][2]\" aria-errormessage=\"wpforms-4154-field_2-error\" aria-describedby=\"wpforms-4154-field_2-description\" ><\/textarea><div id=\"wpforms-4154-field_2-description\" class=\"wpforms-field-description\">Har du n\u00e5got extra du vill vi ska veta kan du skriva det h\u00e4r. T.ex. en \u00f6nskad rumskamrat<\/div><\/div><\/div><!-- .wpforms-field-container --><div class=\"wpforms-submit-container\" ><input type=\"hidden\" name=\"wpforms[id]\" value=\"4154\"><input type=\"hidden\" name=\"page_title\" value=\"\"><input type=\"hidden\" name=\"page_url\" value=\"https:\/\/inzain.bike\/nl\/wp-json\/wp\/v2\/pages\/4571\"><input type=\"hidden\" name=\"url_referer\" value=\"\"><button type=\"submit\" name=\"wpforms[submit]\" id=\"wpforms-submit-4154\" class=\"wpforms-submit\" data-alt-text=\"Sending...\" data-submit-text=\"Skicka \" aria-live=\"assertive\" value=\"wpforms-submit\">Skicka <\/button><img loading=\"lazy\" decoding=\"async\" src=\"https:\/\/inzain.bike\/wp-content\/plugins\/wpforms\/assets\/images\/submit-spin.svg\" class=\"wpforms-submit-spinner\" style=\"display: none;\" width=\"26\" height=\"26\" alt=\"Aan het laden\"><\/div><\/form><\/div>  <!-- .wpforms-container --><\/div>\n<\/div>\n","protected":false},"excerpt":{"rendered":"<p>Er is een beperkt aantal plaatsen beschikbaar voor deze exclusieve ervaringen. Je kunt je interesse kenbaar maken en we nemen binnenkort (of op datum x?) contact met je op als er plek is. Vul het formulier in en verstuur het.<\/p>","protected":false},"author":135133094,"featured_media":0,"parent":0,"menu_order":0,"comment_status":"closed","ping_status":"closed","template":"","meta":{"_coblocks_attr":"","_coblocks_dimensions":"","_coblocks_responsive_height":"","_coblocks_accordion_ie_support":"","footnotes":""},"class_list":["post-4571","page","type-page","status-publish","hentry"],"yoast_head":"<!-- This site is optimized with the Yoast SEO plugin v27.2 - https:\/\/yoast.com\/product\/yoast-seo-wordpress\/ -->\n<title>Intresse Anm\u00e4lan - INZAIN Cycling EXPERIENCES<\/title>\n<meta name=\"robots\" content=\"index, follow, max-snippet:-1, max-image-preview:large, max-video-preview:-1\" \/>\n<link rel=\"canonical\" href=\"https:\/\/inzain.bike\/nl\/pre-registration\/\" \/>\n<meta property=\"og:locale\" content=\"nl_NL\" \/>\n<meta property=\"og:type\" content=\"article\" \/>\n<meta property=\"og:title\" content=\"Intresse Anm\u00e4lan - INZAIN Cycling EXPERIENCES\" \/>\n<meta property=\"og:description\" content=\"Det finns ett begr\u00e4nsat antal platser p\u00e5 dessa exklusiva upplevelser. Du kan anm\u00e4la ditt intresse och inom kort (eller datum x?) kontaktar vi dig om du f\u00e5tt plats. Fyll i formul\u00e4ret och skicka sedan in det.\" \/>\n<meta property=\"og:url\" content=\"https:\/\/inzain.bike\/nl\/pre-registration\/\" \/>\n<meta property=\"og:site_name\" content=\"INZAIN Cycling EXPERIENCES\" \/>\n<meta property=\"article:publisher\" content=\"https:\/\/www.facebook.com\/Inzain.bike\" \/>\n<meta property=\"article:modified_time\" content=\"2023-11-08T17:04:44+00:00\" \/>\n<meta property=\"og:image\" content=\"https:\/\/inzain.bike\/wp-content\/uploads\/2023\/11\/thumb-1024x576.png\" \/>\n<meta name=\"twitter:card\" content=\"summary_large_image\" \/>\n<meta name=\"twitter:label1\" content=\"Geschatte leestijd\" \/>\n\t<meta name=\"twitter:data1\" content=\"1 minuut\" \/>\n<script type=\"application\/ld+json\" class=\"yoast-schema-graph\">{\"@context\":\"https:\/\/schema.org\",\"@graph\":[{\"@type\":\"WebPage\",\"@id\":\"https:\/\/inzain.bike\/en_gb\/pre-registration\/\",\"url\":\"https:\/\/inzain.bike\/en_gb\/pre-registration\/\",\"name\":\"Intresse Anm\u00e4lan - INZAIN Cycling EXPERIENCES\",\"isPartOf\":{\"@id\":\"https:\/\/inzain.bike\/fr_be\/#website\"},\"primaryImageOfPage\":{\"@id\":\"https:\/\/inzain.bike\/en_gb\/pre-registration\/#primaryimage\"},\"image\":{\"@id\":\"https:\/\/inzain.bike\/en_gb\/pre-registration\/#primaryimage\"},\"thumbnailUrl\":\"https:\/\/inzain.bike\/wp-content\/uploads\/2023\/11\/thumb-1024x576.png\",\"datePublished\":\"2023-11-08T16:57:31+00:00\",\"dateModified\":\"2023-11-08T17:04:44+00:00\",\"breadcrumb\":{\"@id\":\"https:\/\/inzain.bike\/en_gb\/pre-registration\/#breadcrumb\"},\"inLanguage\":\"nl-NL\",\"potentialAction\":[{\"@type\":\"ReadAction\",\"target\":[\"https:\/\/inzain.bike\/en_gb\/pre-registration\/\"]}]},{\"@type\":\"ImageObject\",\"inLanguage\":\"nl-NL\",\"@id\":\"https:\/\/inzain.bike\/en_gb\/pre-registration\/#primaryimage\",\"url\":\"https:\/\/inzain.bike\/wp-content\/uploads\/2023\/11\/thumb-1024x576.png\",\"contentUrl\":\"https:\/\/inzain.bike\/wp-content\/uploads\/2023\/11\/thumb-1024x576.png\"},{\"@type\":\"BreadcrumbList\",\"@id\":\"https:\/\/inzain.bike\/en_gb\/pre-registration\/#breadcrumb\",\"itemListElement\":[{\"@type\":\"ListItem\",\"position\":1,\"name\":\"Hem\",\"item\":\"https:\/\/inzain.bike\/fr_be\/\"},{\"@type\":\"ListItem\",\"position\":2,\"name\":\"Intresse Anm\u00e4lan\"}]},{\"@type\":\"WebSite\",\"@id\":\"https:\/\/inzain.bike\/fr_be\/#website\",\"url\":\"https:\/\/inzain.bike\/fr_be\/\",\"name\":\"INZAIN Cycling EXPERIENCES\",\"description\":\"Cyckling Adventures  - for everyone\",\"publisher\":{\"@id\":\"https:\/\/inzain.bike\/fr_be\/#organization\"},\"alternateName\":\"INZAIN Gravel & Travel\",\"potentialAction\":[{\"@type\":\"SearchAction\",\"target\":{\"@type\":\"EntryPoint\",\"urlTemplate\":\"https:\/\/inzain.bike\/fr_be\/?s={search_term_string}\"},\"query-input\":{\"@type\":\"PropertyValueSpecification\",\"valueRequired\":true,\"valueName\":\"search_term_string\"}}],\"inLanguage\":\"nl-NL\"},{\"@type\":\"Organization\",\"@id\":\"https:\/\/inzain.bike\/fr_be\/#organization\",\"name\":\"INZAIN Cycling EXPERIENCES\",\"url\":\"https:\/\/inzain.bike\/fr_be\/\",\"logo\":{\"@type\":\"ImageObject\",\"inLanguage\":\"nl-NL\",\"@id\":\"https:\/\/inzain.bike\/fr_be\/#\/schema\/logo\/image\/\",\"url\":\"https:\/\/i0.wp.com\/inzain.bike\/wp-content\/uploads\/2023\/09\/cropped-INZAIN_512x512_white.png?fit=512%2C512&ssl=1\",\"contentUrl\":\"https:\/\/i0.wp.com\/inzain.bike\/wp-content\/uploads\/2023\/09\/cropped-INZAIN_512x512_white.png?fit=512%2C512&ssl=1\",\"width\":512,\"height\":512,\"caption\":\"INZAIN Cycling EXPERIENCES\"},\"image\":{\"@id\":\"https:\/\/inzain.bike\/fr_be\/#\/schema\/logo\/image\/\"},\"sameAs\":[\"https:\/\/www.facebook.com\/Inzain.bike\",\"https:\/\/www.instagram.com\/inzainbike\"]}]}<\/script>\n<!-- \/ Yoast SEO plugin. -->","yoast_head_json":{"title":"Interesseregistratie - INZAIN Fietservaringen","robots":{"index":"index","follow":"follow","max-snippet":"max-snippet:-1","max-image-preview":"max-image-preview:large","max-video-preview":"max-video-preview:-1"},"canonical":"https:\/\/inzain.bike\/nl\/pre-registration\/","og_locale":"nl_NL","og_type":"article","og_title":"Intresse Anm\u00e4lan - INZAIN Cycling EXPERIENCES","og_description":"Det finns ett begr\u00e4nsat antal platser p\u00e5 dessa exklusiva upplevelser. Du kan anm\u00e4la ditt intresse och inom kort (eller datum x?) kontaktar vi dig om du f\u00e5tt plats. Fyll i formul\u00e4ret och skicka sedan in det.","og_url":"https:\/\/inzain.bike\/nl\/pre-registration\/","og_site_name":"INZAIN Cycling EXPERIENCES","article_publisher":"https:\/\/www.facebook.com\/Inzain.bike","article_modified_time":"2023-11-08T17:04:44+00:00","og_image":[{"url":"https:\/\/inzain.bike\/wp-content\/uploads\/2023\/11\/thumb-1024x576.png","type":"","width":"","height":""}],"twitter_card":"summary_large_image","twitter_misc":{"Geschatte leestijd":"1 minuut"},"schema":{"@context":"https:\/\/schema.org","@graph":[{"@type":"WebPage","@id":"https:\/\/inzain.bike\/en_gb\/pre-registration\/","url":"https:\/\/inzain.bike\/en_gb\/pre-registration\/","name":"Interesseregistratie - INZAIN Fietservaringen","isPartOf":{"@id":"https:\/\/inzain.bike\/fr_be\/#website"},"primaryImageOfPage":{"@id":"https:\/\/inzain.bike\/en_gb\/pre-registration\/#primaryimage"},"image":{"@id":"https:\/\/inzain.bike\/en_gb\/pre-registration\/#primaryimage"},"thumbnailUrl":"https:\/\/inzain.bike\/wp-content\/uploads\/2023\/11\/thumb-1024x576.png","datePublished":"2023-11-08T16:57:31+00:00","dateModified":"2023-11-08T17:04:44+00:00","breadcrumb":{"@id":"https:\/\/inzain.bike\/en_gb\/pre-registration\/#breadcrumb"},"inLanguage":"nl-NL","potentialAction":[{"@type":"ReadAction","target":["https:\/\/inzain.bike\/en_gb\/pre-registration\/"]}]},{"@type":"ImageObject","inLanguage":"nl-NL","@id":"https:\/\/inzain.bike\/en_gb\/pre-registration\/#primaryimage","url":"https:\/\/inzain.bike\/wp-content\/uploads\/2023\/11\/thumb-1024x576.png","contentUrl":"https:\/\/inzain.bike\/wp-content\/uploads\/2023\/11\/thumb-1024x576.png"},{"@type":"BreadcrumbList","@id":"https:\/\/inzain.bike\/en_gb\/pre-registration\/#breadcrumb","itemListElement":[{"@type":"ListItem","position":1,"name":"Hem","item":"https:\/\/inzain.bike\/fr_be\/"},{"@type":"ListItem","position":2,"name":"Intresse Anm\u00e4lan"}]},{"@type":"WebSite","@id":"https:\/\/inzain.bike\/fr_be\/#website","url":"https:\/\/inzain.bike\/fr_be\/","name":"INZAIN fietservaringen","description":"Fietsavonturen - voor iedereen","publisher":{"@id":"https:\/\/inzain.bike\/fr_be\/#organization"},"alternateName":"INZAIN Gravel & Travel","potentialAction":[{"@type":"SearchAction","target":{"@type":"EntryPoint","urlTemplate":"https:\/\/inzain.bike\/fr_be\/?s={search_term_string}"},"query-input":{"@type":"PropertyValueSpecification","valueRequired":true,"valueName":"search_term_string"}}],"inLanguage":"nl-NL"},{"@type":"Organization","@id":"https:\/\/inzain.bike\/fr_be\/#organization","name":"INZAIN fietservaringen","url":"https:\/\/inzain.bike\/fr_be\/","logo":{"@type":"ImageObject","inLanguage":"nl-NL","@id":"https:\/\/inzain.bike\/fr_be\/#\/schema\/logo\/image\/","url":"https:\/\/i0.wp.com\/inzain.bike\/wp-content\/uploads\/2023\/09\/cropped-INZAIN_512x512_white.png?fit=512%2C512&ssl=1","contentUrl":"https:\/\/i0.wp.com\/inzain.bike\/wp-content\/uploads\/2023\/09\/cropped-INZAIN_512x512_white.png?fit=512%2C512&ssl=1","width":512,"height":512,"caption":"INZAIN Cycling EXPERIENCES"},"image":{"@id":"https:\/\/inzain.bike\/fr_be\/#\/schema\/logo\/image\/"},"sameAs":["https:\/\/www.facebook.com\/Inzain.bike","https:\/\/www.instagram.com\/inzainbike"]}]}},"amp_enabled":true,"_links":{"self":[{"href":"https:\/\/inzain.bike\/nl\/wp-json\/wp\/v2\/pages\/4571","targetHints":{"allow":["GET"]}}],"collection":[{"href":"https:\/\/inzain.bike\/nl\/wp-json\/wp\/v2\/pages"}],"about":[{"href":"https:\/\/inzain.bike\/nl\/wp-json\/wp\/v2\/types\/page"}],"author":[{"embeddable":true,"href":"https:\/\/inzain.bike\/nl\/wp-json\/wp\/v2\/users\/135133094"}],"replies":[{"embeddable":true,"href":"https:\/\/inzain.bike\/nl\/wp-json\/wp\/v2\/comments?post=4571"}],"version-history":[{"count":0,"href":"https:\/\/inzain.bike\/nl\/wp-json\/wp\/v2\/pages\/4571\/revisions"}],"wp:attachment":[{"href":"https:\/\/inzain.bike\/nl\/wp-json\/wp\/v2\/media?parent=4571"}],"curies":[{"name":"wp","href":"https:\/\/api.w.org\/{rel}","templated":true}]}}