{"id":5118,"date":"2023-11-11T20:19:20","date_gmt":"2023-11-11T19:19:20","guid":{"rendered":"https:\/\/inzain.bike\/?page_id=5118"},"modified":"2024-06-10T10:54:24","modified_gmt":"2024-06-10T08:54:24","slug":"gir24-boende","status":"publish","type":"page","link":"https:\/\/inzain.bike\/nl\/gir24-boende\/","title":{"rendered":"Gerona accommodatie"},"content":{"rendered":"<div class=\"wp-block-columns alignwide is-layout-flex wp-container-core-columns-is-layout-28f84493 wp-block-columns-is-layout-flex\">\n<div class=\"wp-block-column is-layout-flow wp-block-column-is-layout-flow\">\n<p class=\"has-roboto-font-family has-custom-font\" style=\"font-family:Roboto\"><strong>Centraal Hotel<\/strong><\/p>\n\n\n\n<figure class=\"wp-block-image size-large\"><img loading=\"lazy\" decoding=\"async\" width=\"1024\" height=\"731\" src=\"https:\/\/inzain.bike\/wp-content\/uploads\/2024\/06\/image-1024x731.webp\" alt=\"\" class=\"wp-image-7379\" srcset=\"https:\/\/inzain.bike\/wp-content\/uploads\/2024\/06\/image-1024x731.webp 1024w, https:\/\/inzain.bike\/wp-content\/uploads\/2024\/06\/image-300x214.webp 300w, https:\/\/inzain.bike\/wp-content\/uploads\/2024\/06\/image-768x549.webp 768w, https:\/\/inzain.bike\/wp-content\/uploads\/2024\/06\/image-18x12.webp 18w, https:\/\/inzain.bike\/wp-content\/uploads\/2024\/06\/image-600x429.webp 600w, https:\/\/inzain.bike\/wp-content\/uploads\/2024\/06\/image.webp 1050w\" sizes=\"auto, (max-width: 1024px) 100vw, 1024px\" \/><\/figure>\n<\/div>\n<\/div>\n\n\n\n<div class=\"wp-block-columns alignwide is-layout-flex wp-container-core-columns-is-layout-28f84493 wp-block-columns-is-layout-flex\">\n<div class=\"wp-block-column is-layout-flow wp-block-column-is-layout-flow\">\n<p>We wonen centraal in een zeer comfortabel hotel. Het biedt u de perfecte mix van waarde, comfort en gemak en biedt een gezinsvriendelijke omgeving met een scala aan voorzieningen die zijn ontworpen voor reizigers zoals u.<\/p>\n\n\n\n<p>De kamers in ons hotel zijn voorzien van een televisie, een minibar en airconditioning en dankzij gratis wifi kunnen gasten gebruikmaken van internet.<\/p>\n\n\n\n<p>Het ontbijt is belangrijk en ons hotel heeft een gedocumenteerd goed ontbijt. Goed bereid, lekker en overvloedig. Perfecte start van een magische fietsdag.<\/p>\n\n\n\n<p>Tijdens uw verblijf heeft u ook toegang tot de lounge van het hotel. Heeft u een parkeerplaats nodig? Parkeren is mogelijk.<\/p>\n\n\n\n<p>Als u op zoek bent naar een Spaans restaurant, overweeg dan een bezoek te brengen aan El Celler de Can Roca, Divinum of Bionbo Caf\u00e9 Gastrobar, allemaal dicht bij het hotel.<\/p>\n\n\n\n<p>Als u op zoek bent naar dingen om te doen, kunt u een bezoek brengen aan de Joodse wijk, de kathedraal van Girona of de Passeig de la Muralla, populaire toeristische attracties, allemaal op loopafstand.<\/p>\n\n\n\n<p><\/p>\n<\/div>\n<\/div>\n\n\n\n<div class=\"wp-block-columns alignwide is-layout-flex wp-container-core-columns-is-layout-28f84493 wp-block-columns-is-layout-flex\">\n<div class=\"wp-block-column is-layout-flow wp-block-column-is-layout-flow\">\n<figure class=\"wp-block-gallery has-nested-images columns-default is-cropped wp-block-gallery-1 is-layout-flex wp-block-gallery-is-layout-flex\"><\/figure>\n<\/div>\n<\/div>\n\n\n\n<p><\/p>","protected":false},"excerpt":{"rendered":"<p>Centralt Hotell Vi bor centralt p\u00e5 ett mycket bekv\u00e4mt hotell. Det ger dig en perfekt blandning av v\u00e4rde, komfort och bekv\u00e4mlighet och erbjuder en familjev\u00e4nlig milj\u00f6 med en m\u00e4ngd bekv\u00e4mligheter som \u00e4r framtagna f\u00f6r resen\u00e4rer som du. Rummen p\u00e5 v\u00e5rt hotell har en tv, en minibar och luftkonditionering, och g\u00e4ster kan anv\u00e4nda internet tack vare [&hellip;]<\/p>\n","protected":false},"author":135133094,"featured_media":0,"parent":0,"menu_order":0,"comment_status":"closed","ping_status":"closed","template":"","meta":{"_coblocks_attr":"Roboto","_coblocks_dimensions":"","_coblocks_responsive_height":"","_coblocks_accordion_ie_support":"","footnotes":""},"class_list":["post-5118","page","type-page","status-publish","hentry"],"yoast_head":"<!-- This site is optimized with the Yoast SEO plugin v27.2 - https:\/\/yoast.com\/product\/yoast-seo-wordpress\/ -->\n<title>Girona Boende - INZAIN Cycling EXPERIENCES<\/title>\n<meta name=\"robots\" content=\"index, follow, max-snippet:-1, max-image-preview:large, max-video-preview:-1\" \/>\n<link rel=\"canonical\" href=\"https:\/\/inzain.bike\/nl\/gir24-boende\/\" \/>\n<meta property=\"og:locale\" content=\"nl_NL\" \/>\n<meta property=\"og:type\" content=\"article\" \/>\n<meta property=\"og:title\" content=\"Girona Boende - INZAIN Cycling EXPERIENCES\" \/>\n<meta property=\"og:description\" content=\"Centralt Hotell Vi bor centralt p\u00e5 ett mycket bekv\u00e4mt hotell. Det ger dig en perfekt blandning av v\u00e4rde, komfort och bekv\u00e4mlighet och erbjuder en familjev\u00e4nlig milj\u00f6 med en m\u00e4ngd bekv\u00e4mligheter som \u00e4r framtagna f\u00f6r resen\u00e4rer som du. Rummen p\u00e5 v\u00e5rt hotell har en tv, en minibar och luftkonditionering, och g\u00e4ster kan anv\u00e4nda internet tack vare [&hellip;]\" \/>\n<meta property=\"og:url\" content=\"https:\/\/inzain.bike\/nl\/gir24-boende\/\" \/>\n<meta property=\"og:site_name\" content=\"INZAIN Cycling EXPERIENCES\" \/>\n<meta property=\"article:publisher\" content=\"https:\/\/www.facebook.com\/Inzain.bike\" \/>\n<meta property=\"article:modified_time\" content=\"2024-06-10T08:54:24+00:00\" \/>\n<meta property=\"og:image\" content=\"https:\/\/inzain.bike\/wp-content\/uploads\/2024\/06\/image-1024x731.webp\" \/>\n<meta name=\"twitter:card\" content=\"summary_large_image\" \/>\n<meta name=\"twitter:label1\" content=\"Geschatte leestijd\" \/>\n\t<meta name=\"twitter:data1\" content=\"1 minuut\" \/>\n<script type=\"application\/ld+json\" class=\"yoast-schema-graph\">{\"@context\":\"https:\/\/schema.org\",\"@graph\":[{\"@type\":\"WebPage\",\"@id\":\"https:\/\/inzain.bike\/da\/gir24-boende\/\",\"url\":\"https:\/\/inzain.bike\/da\/gir24-boende\/\",\"name\":\"Girona Boende - INZAIN Cycling EXPERIENCES\",\"isPartOf\":{\"@id\":\"https:\/\/inzain.bike\/fr_be\/#website\"},\"primaryImageOfPage\":{\"@id\":\"https:\/\/inzain.bike\/da\/gir24-boende\/#primaryimage\"},\"image\":{\"@id\":\"https:\/\/inzain.bike\/da\/gir24-boende\/#primaryimage\"},\"thumbnailUrl\":\"https:\/\/inzain.bike\/wp-content\/uploads\/2024\/06\/image-1024x731.webp\",\"datePublished\":\"2023-11-11T19:19:20+00:00\",\"dateModified\":\"2024-06-10T08:54:24+00:00\",\"breadcrumb\":{\"@id\":\"https:\/\/inzain.bike\/da\/gir24-boende\/#breadcrumb\"},\"inLanguage\":\"nl-NL\",\"potentialAction\":[{\"@type\":\"ReadAction\",\"target\":[\"https:\/\/inzain.bike\/da\/gir24-boende\/\"]}]},{\"@type\":\"ImageObject\",\"inLanguage\":\"nl-NL\",\"@id\":\"https:\/\/inzain.bike\/da\/gir24-boende\/#primaryimage\",\"url\":\"https:\/\/inzain.bike\/wp-content\/uploads\/2024\/06\/image-1024x731.webp\",\"contentUrl\":\"https:\/\/inzain.bike\/wp-content\/uploads\/2024\/06\/image-1024x731.webp\"},{\"@type\":\"BreadcrumbList\",\"@id\":\"https:\/\/inzain.bike\/da\/gir24-boende\/#breadcrumb\",\"itemListElement\":[{\"@type\":\"ListItem\",\"position\":1,\"name\":\"Hem\",\"item\":\"https:\/\/inzain.bike\/fr_be\/\"},{\"@type\":\"ListItem\",\"position\":2,\"name\":\"Girona Boende\"}]},{\"@type\":\"WebSite\",\"@id\":\"https:\/\/inzain.bike\/fr_be\/#website\",\"url\":\"https:\/\/inzain.bike\/fr_be\/\",\"name\":\"INZAIN Cycling EXPERIENCES\",\"description\":\"Cyckling Adventures  - for everyone\",\"publisher\":{\"@id\":\"https:\/\/inzain.bike\/fr_be\/#organization\"},\"alternateName\":\"INZAIN Gravel & Travel\",\"potentialAction\":[{\"@type\":\"SearchAction\",\"target\":{\"@type\":\"EntryPoint\",\"urlTemplate\":\"https:\/\/inzain.bike\/fr_be\/?s={search_term_string}\"},\"query-input\":{\"@type\":\"PropertyValueSpecification\",\"valueRequired\":true,\"valueName\":\"search_term_string\"}}],\"inLanguage\":\"nl-NL\"},{\"@type\":\"Organization\",\"@id\":\"https:\/\/inzain.bike\/fr_be\/#organization\",\"name\":\"INZAIN Cycling EXPERIENCES\",\"url\":\"https:\/\/inzain.bike\/fr_be\/\",\"logo\":{\"@type\":\"ImageObject\",\"inLanguage\":\"nl-NL\",\"@id\":\"https:\/\/inzain.bike\/fr_be\/#\/schema\/logo\/image\/\",\"url\":\"https:\/\/i0.wp.com\/inzain.bike\/wp-content\/uploads\/2023\/09\/cropped-INZAIN_512x512_white.png?fit=512%2C512&ssl=1\",\"contentUrl\":\"https:\/\/i0.wp.com\/inzain.bike\/wp-content\/uploads\/2023\/09\/cropped-INZAIN_512x512_white.png?fit=512%2C512&ssl=1\",\"width\":512,\"height\":512,\"caption\":\"INZAIN Cycling EXPERIENCES\"},\"image\":{\"@id\":\"https:\/\/inzain.bike\/fr_be\/#\/schema\/logo\/image\/\"},\"sameAs\":[\"https:\/\/www.facebook.com\/Inzain.bike\",\"https:\/\/www.instagram.com\/inzainbike\"]}]}<\/script>\n<!-- \/ Yoast SEO plugin. -->","yoast_head_json":{"title":"Accommodatie in Girona - INZAIN Fietservaringen","robots":{"index":"index","follow":"follow","max-snippet":"max-snippet:-1","max-image-preview":"max-image-preview:large","max-video-preview":"max-video-preview:-1"},"canonical":"https:\/\/inzain.bike\/nl\/gir24-boende\/","og_locale":"nl_NL","og_type":"article","og_title":"Girona Boende - INZAIN Cycling EXPERIENCES","og_description":"Centralt Hotell Vi bor centralt p\u00e5 ett mycket bekv\u00e4mt hotell. Det ger dig en perfekt blandning av v\u00e4rde, komfort och bekv\u00e4mlighet och erbjuder en familjev\u00e4nlig milj\u00f6 med en m\u00e4ngd bekv\u00e4mligheter som \u00e4r framtagna f\u00f6r resen\u00e4rer som du. Rummen p\u00e5 v\u00e5rt hotell har en tv, en minibar och luftkonditionering, och g\u00e4ster kan anv\u00e4nda internet tack vare [&hellip;]","og_url":"https:\/\/inzain.bike\/nl\/gir24-boende\/","og_site_name":"INZAIN Cycling EXPERIENCES","article_publisher":"https:\/\/www.facebook.com\/Inzain.bike","article_modified_time":"2024-06-10T08:54:24+00:00","og_image":[{"url":"https:\/\/inzain.bike\/wp-content\/uploads\/2024\/06\/image-1024x731.webp","type":"","width":"","height":""}],"twitter_card":"summary_large_image","twitter_misc":{"Geschatte leestijd":"1 minuut"},"schema":{"@context":"https:\/\/schema.org","@graph":[{"@type":"WebPage","@id":"https:\/\/inzain.bike\/da\/gir24-boende\/","url":"https:\/\/inzain.bike\/da\/gir24-boende\/","name":"Accommodatie in Girona - INZAIN Fietservaringen","isPartOf":{"@id":"https:\/\/inzain.bike\/fr_be\/#website"},"primaryImageOfPage":{"@id":"https:\/\/inzain.bike\/da\/gir24-boende\/#primaryimage"},"image":{"@id":"https:\/\/inzain.bike\/da\/gir24-boende\/#primaryimage"},"thumbnailUrl":"https:\/\/inzain.bike\/wp-content\/uploads\/2024\/06\/image-1024x731.webp","datePublished":"2023-11-11T19:19:20+00:00","dateModified":"2024-06-10T08:54:24+00:00","breadcrumb":{"@id":"https:\/\/inzain.bike\/da\/gir24-boende\/#breadcrumb"},"inLanguage":"nl-NL","potentialAction":[{"@type":"ReadAction","target":["https:\/\/inzain.bike\/da\/gir24-boende\/"]}]},{"@type":"ImageObject","inLanguage":"nl-NL","@id":"https:\/\/inzain.bike\/da\/gir24-boende\/#primaryimage","url":"https:\/\/inzain.bike\/wp-content\/uploads\/2024\/06\/image-1024x731.webp","contentUrl":"https:\/\/inzain.bike\/wp-content\/uploads\/2024\/06\/image-1024x731.webp"},{"@type":"BreadcrumbList","@id":"https:\/\/inzain.bike\/da\/gir24-boende\/#breadcrumb","itemListElement":[{"@type":"ListItem","position":1,"name":"Hem","item":"https:\/\/inzain.bike\/fr_be\/"},{"@type":"ListItem","position":2,"name":"Girona Boende"}]},{"@type":"WebSite","@id":"https:\/\/inzain.bike\/fr_be\/#website","url":"https:\/\/inzain.bike\/fr_be\/","name":"INZAIN fietservaringen","description":"Fietsavonturen - voor iedereen","publisher":{"@id":"https:\/\/inzain.bike\/fr_be\/#organization"},"alternateName":"INZAIN Gravel & Travel","potentialAction":[{"@type":"SearchAction","target":{"@type":"EntryPoint","urlTemplate":"https:\/\/inzain.bike\/fr_be\/?s={search_term_string}"},"query-input":{"@type":"PropertyValueSpecification","valueRequired":true,"valueName":"search_term_string"}}],"inLanguage":"nl-NL"},{"@type":"Organization","@id":"https:\/\/inzain.bike\/fr_be\/#organization","name":"INZAIN fietservaringen","url":"https:\/\/inzain.bike\/fr_be\/","logo":{"@type":"ImageObject","inLanguage":"nl-NL","@id":"https:\/\/inzain.bike\/fr_be\/#\/schema\/logo\/image\/","url":"https:\/\/i0.wp.com\/inzain.bike\/wp-content\/uploads\/2023\/09\/cropped-INZAIN_512x512_white.png?fit=512%2C512&ssl=1","contentUrl":"https:\/\/i0.wp.com\/inzain.bike\/wp-content\/uploads\/2023\/09\/cropped-INZAIN_512x512_white.png?fit=512%2C512&ssl=1","width":512,"height":512,"caption":"INZAIN Cycling EXPERIENCES"},"image":{"@id":"https:\/\/inzain.bike\/fr_be\/#\/schema\/logo\/image\/"},"sameAs":["https:\/\/www.facebook.com\/Inzain.bike","https:\/\/www.instagram.com\/inzainbike"]}]}},"amp_enabled":true,"_links":{"self":[{"href":"https:\/\/inzain.bike\/nl\/wp-json\/wp\/v2\/pages\/5118","targetHints":{"allow":["GET"]}}],"collection":[{"href":"https:\/\/inzain.bike\/nl\/wp-json\/wp\/v2\/pages"}],"about":[{"href":"https:\/\/inzain.bike\/nl\/wp-json\/wp\/v2\/types\/page"}],"author":[{"embeddable":true,"href":"https:\/\/inzain.bike\/nl\/wp-json\/wp\/v2\/users\/135133094"}],"replies":[{"embeddable":true,"href":"https:\/\/inzain.bike\/nl\/wp-json\/wp\/v2\/comments?post=5118"}],"version-history":[{"count":1,"href":"https:\/\/inzain.bike\/nl\/wp-json\/wp\/v2\/pages\/5118\/revisions"}],"predecessor-version":[{"id":7380,"href":"https:\/\/inzain.bike\/nl\/wp-json\/wp\/v2\/pages\/5118\/revisions\/7380"}],"wp:attachment":[{"href":"https:\/\/inzain.bike\/nl\/wp-json\/wp\/v2\/media?parent=5118"}],"curies":[{"name":"wp","href":"https:\/\/api.w.org\/{rel}","templated":true}]}}