{"id":5144,"date":"2023-11-11T20:47:14","date_gmt":"2023-11-11T19:47:14","guid":{"rendered":"https:\/\/inzain.bike\/?page_id=5144"},"modified":"2026-01-12T12:13:18","modified_gmt":"2026-01-12T11:13:18","slug":"gir24-aktiviteter","status":"publish","type":"page","link":"https:\/\/inzain.bike\/nl\/gir24-aktiviteter\/","title":{"rendered":"Girona-activiteiten"},"content":{"rendered":"<div class=\"wp-block-columns alignwide is-layout-flex wp-container-core-columns-is-layout-28f84493 wp-block-columns-is-layout-flex\">\n<div class=\"wp-block-column is-layout-flow wp-block-column-is-layout-flow\">\n<p class=\"has-roboto-font-family has-custom-font\" style=\"font-family:Roboto\">Op onze rustdag zijn er verschillende keuzes. Misschien wil je het gewoon rustig aan doen, Girona verkennen, goede koffie drinken en uitrusten. Als u zin heeft in een excursie, probeer dan een van deze.<\/p>\n\n\n\n<div class=\"wp-block-columns is-layout-flex wp-container-core-columns-is-layout-28f84493 wp-block-columns-is-layout-flex\">\n<div class=\"wp-block-column is-layout-flow wp-block-column-is-layout-flow\">\n<figure class=\"wp-block-image size-large\"><img loading=\"lazy\" decoding=\"async\" width=\"791\" height=\"1024\" src=\"https:\/\/inzain.bike\/wp-content\/uploads\/2023\/11\/pexels-spolyakov-16762185-791x1024.jpg\" alt=\"\" class=\"wp-image-5330\" srcset=\"https:\/\/inzain.bike\/wp-content\/uploads\/2023\/11\/pexels-spolyakov-16762185-791x1024.jpg 791w, https:\/\/inzain.bike\/wp-content\/uploads\/2023\/11\/pexels-spolyakov-16762185-232x300.jpg 232w, https:\/\/inzain.bike\/wp-content\/uploads\/2023\/11\/pexels-spolyakov-16762185-768x994.jpg 768w, https:\/\/inzain.bike\/wp-content\/uploads\/2023\/11\/pexels-spolyakov-16762185-1187x1536.jpg 1187w, https:\/\/inzain.bike\/wp-content\/uploads\/2023\/11\/pexels-spolyakov-16762185-1582x2048.jpg 1582w, https:\/\/inzain.bike\/wp-content\/uploads\/2023\/11\/pexels-spolyakov-16762185-9x12.jpg 9w, https:\/\/inzain.bike\/wp-content\/uploads\/2023\/11\/pexels-spolyakov-16762185-1320x1708.jpg 1320w, https:\/\/inzain.bike\/wp-content\/uploads\/2023\/11\/pexels-spolyakov-16762185-600x777.jpg 600w, https:\/\/inzain.bike\/wp-content\/uploads\/2023\/11\/pexels-spolyakov-16762185-scaled.jpg 1978w\" sizes=\"auto, (max-width: 791px) 100vw, 791px\" \/><figcaption class=\"wp-element-caption\">\u2013<\/figcaption><\/figure>\n<\/div>\n\n\n\n<div class=\"wp-block-column is-layout-flow wp-block-column-is-layout-flow\">\n<p><strong>Bezoek Barcelona<\/strong><br><br>De mediterrane stad Barcelona ligt ingeklemd tussen bergen en zee en biedt zowel het gevoel van een kleine stad als de sfeer van een grote stad. De 1,6 miljoen inwoners werken hard en genieten net zo intens van het leven. Tijdens alle stadia van haar eigen geschiedenis is de stad het middelpunt van de gebeurtenissen geweest, en blijft dit tot op de dag van vandaag een internationaal geliefd toeristenparadijs.<\/p>\n\n\n\n<p>Barcelona staat bekend om artistieke meesterwerken zoals de Sagrada Fam\u00edlia en Park G\u00fcell, maar ook om de vele stranden, het voetbalstadion Camp Nou en weelderige parken. Wat je precies moet doen in Barcelona hangt af van je interesses<\/p>\n\n\n\n<p>Barcelona staat ook bekend als gastheer van de Olympische Zomerspelen van 1992, iets dat erg belangrijk was voor de stad. In verband met de organisatie van de Olympische Spelen begon het bestuur van de stad enkele versleten gebieden op te knappen, werd de infrastructuur op verschillende plaatsen verbeterd en steeg de levensstandaard in het algemeen aanzienlijk. Dit alles heeft ertoe bijgedragen dat Barcelona meer geld in het toerisme investeerde, en dit maakte Barcelona tot een van de meest bezochte steden van Europa, vergelijkbaar met Parijs, Madrid, Londen en dergelijke.<br><br>Het is gemakkelijk om er te komen met de sneltrein in minder dan 40 minuten<br><br><br><\/p>\n<\/div>\n<\/div>\n<\/div>\n<\/div>\n\n\n\n<div class=\"wp-block-columns alignwide is-layout-flex wp-container-core-columns-is-layout-28f84493 wp-block-columns-is-layout-flex\">\n<div class=\"wp-block-column is-layout-flow wp-block-column-is-layout-flow\">\n<p><strong>Salvador Dali-museum in Figueres<\/strong><br><br>Salvador Dali was een genie. Een bezoek aan dit werkelijk schitterende museum is een must. Je zal er geen spijt van krijgen.<\/p>\n\n\n\n<p>Het Salvador Dal\u00ed Museum, beter bekend als het Teatre-Museu Dal\u00ed, is gevestigd in Figueres, Spanje, en is een belangrijke trekpleister voor zowel kunstliefhebbers als toeristen. Hieronder enkele belangrijke feiten over het museum:<br>Geschiedenis en architectuur<br>\u2022 Oprichting: Het museum opende in 1974 en is gebouwd op de plek van het oude theater in Figueres, waar Dal\u00ed zelf zijn eerste artistieke optredens gaf.<br>\u2022 Architectuur: Het museum is een unieke mix van surrealisme en moderne architectuur. Het wordt gekenmerkt door zijn flamboyante ontwerp, waaronder de bekende eivormige koepels op het dak.<br>Tentoonstellingen<br>\u2022 Dal\u00ed&#039;s werken: Het Teatre-Museu herbergt de grootste collectie werken van Dal\u00ed, waaronder schilderijen, sculpturen, tekeningen en kunstwerken uit verschillende perioden van zijn leven. Tot de werken behoren beroemde schilderijen zoals &quot;La persistent de la m\u00e9moire&quot; (De persistentie van het geheugen).<br>\u2022 Interactieve ervaringen: Het museum biedt ook interactieve tentoonstellingen en ervaringen die bezoekers uitnodigen om Dal\u00ed&#039;s unieke stijl en zijn fascinatie voor dromen en het onderbewustzijn te ontdekken.<br>Dal\u00ed&#039;s leven en nalatenschap<br>\u2022 Persoonlijke invalshoek: Veel van de tentoonstellingen bieden inzicht in het leven en de persoonlijkheid van Dal\u00ed, waardoor een dieper begrip ontstaat van zijn kunstwerken en zijn creatieve proces.<br>\u2022 Sculpturen en installaties: Naast schilderijen zijn er ook veel sculpturen en installaties, waardoor het museum een veelzijdige kunstbeleving biedt.<br>Bezoekersinformatie<br>\u2022 Openingstijden: Het museum is het hele jaar door geopend, met enkele afwijkingen tijdens feestdagen. Het is daarom altijd raadzaam om de actuele openingstijden te controleren voordat u uw bezoek plant.<br>\u2022 Tickets: Het is aan te raden tickets van tevoren te reserveren, vooral tijdens het hoogseizoen, om lange wachtrijen te vermijden.<\/p>\n\n\n\n<p><br><\/p>\n<\/div>\n\n\n\n<div class=\"wp-block-column is-layout-flow wp-block-column-is-layout-flow\">\n<div class=\"wp-block-jetpack-tiled-gallery aligncenter is-style-rectangular\"><div class=\"tiled-gallery__gallery\"><div class=\"tiled-gallery__row\"><div class=\"tiled-gallery__col\" style=\"flex-basis:22.83568%\"><figure class=\"tiled-gallery__item\"><img decoding=\"async\" alt=\"\" data-height=\"3988\" data-id=\"5336\" data-link=\"https:\/\/inzain.bike\/gir24-aktiviteter\/20230511_105007-1\/\" data-url=\"https:\/\/inzain.bike\/wp-content\/uploads\/2023\/11\/20230511_105007-1-767x1024.jpg\" data-width=\"2989\" src=\"https:\/\/i0.wp.com\/inzain.bike\/wp-content\/uploads\/2023\/11\/20230511_105007-1-767x1024.jpg?ssl=1\" data-amp-layout=\"responsive\"\/><\/figure><\/div><div class=\"tiled-gallery__col\" style=\"flex-basis:22.09321%\"><figure class=\"tiled-gallery__item\"><img decoding=\"async\" alt=\"\" data-height=\"4000\" data-id=\"5337\" data-link=\"https:\/\/inzain.bike\/gir24-aktiviteter\/20230511_121648\/\" data-url=\"https:\/\/inzain.bike\/wp-content\/uploads\/2023\/11\/20230511_121648-742x1024.jpg\" data-width=\"2900\" src=\"https:\/\/i0.wp.com\/inzain.bike\/wp-content\/uploads\/2023\/11\/20230511_121648-742x1024.jpg?ssl=1\" data-amp-layout=\"responsive\"\/><\/figure><\/div><div class=\"tiled-gallery__col\" style=\"flex-basis:27.31497%\"><figure class=\"tiled-gallery__item\"><img decoding=\"async\" alt=\"\" data-height=\"3145\" data-id=\"5338\" data-link=\"https:\/\/inzain.bike\/gir24-aktiviteter\/20230511_122810-2\/\" data-url=\"https:\/\/inzain.bike\/wp-content\/uploads\/2023\/11\/20230511_122810-919x1024.jpg\" data-width=\"2822\" src=\"https:\/\/i2.wp.com\/inzain.bike\/wp-content\/uploads\/2023\/11\/20230511_122810-919x1024.jpg?ssl=1\" data-amp-layout=\"responsive\"\/><\/figure><\/div><div class=\"tiled-gallery__col\" style=\"flex-basis:27.75614%\"><figure class=\"tiled-gallery__item\"><img decoding=\"async\" alt=\"\" data-height=\"3290\" data-id=\"5339\" data-link=\"https:\/\/inzain.bike\/gir24-aktiviteter\/20230511_123748\/\" data-url=\"https:\/\/inzain.bike\/wp-content\/uploads\/2023\/11\/20230511_123748-934x1024.jpg\" data-width=\"3000\" src=\"https:\/\/i0.wp.com\/inzain.bike\/wp-content\/uploads\/2023\/11\/20230511_123748-934x1024.jpg?ssl=1\" data-amp-layout=\"responsive\"\/><\/figure><\/div><\/div><div class=\"tiled-gallery__row\"><div class=\"tiled-gallery__col\" style=\"flex-basis:31.25821%\"><figure class=\"tiled-gallery__item\"><img decoding=\"async\" alt=\"\" data-height=\"2805\" data-id=\"5340\" data-link=\"https:\/\/inzain.bike\/gir24-aktiviteter\/20230511_124244-2\/\" data-url=\"https:\/\/inzain.bike\/wp-content\/uploads\/2023\/11\/20230511_124244-534x1024.jpg\" data-width=\"1464\" src=\"https:\/\/i2.wp.com\/inzain.bike\/wp-content\/uploads\/2023\/11\/20230511_124244-534x1024.jpg?ssl=1\" data-amp-layout=\"responsive\"\/><\/figure><\/div><div class=\"tiled-gallery__col\" style=\"flex-basis:68.74179%\"><figure class=\"tiled-gallery__item\"><img decoding=\"async\" alt=\"\" data-height=\"2263\" data-id=\"5341\" data-link=\"https:\/\/inzain.bike\/gir24-aktiviteter\/20230511_124615\/\" data-url=\"https:\/\/inzain.bike\/wp-content\/uploads\/2023\/11\/20230511_124615-1024x890.jpg\" data-width=\"2603\" src=\"https:\/\/i2.wp.com\/inzain.bike\/wp-content\/uploads\/2023\/11\/20230511_124615-1024x890.jpg?ssl=1\" data-amp-layout=\"responsive\"\/><\/figure><\/div><\/div><\/div><\/div>\n<\/div>\n<\/div>\n\n\n\n<div class=\"wp-block-columns alignwide is-layout-flex wp-container-core-columns-is-layout-28f84493 wp-block-columns-is-layout-flex\">\n<div class=\"wp-block-column is-layout-flow wp-block-column-is-layout-flow\">\n<figure class=\"wp-block-image size-full\"><img loading=\"lazy\" decoding=\"async\" width=\"1024\" height=\"479\" src=\"https:\/\/inzain.bike\/wp-content\/uploads\/2023\/11\/Torre-del-Mar-2-1024x479-1.jpg\" alt=\"\" class=\"wp-image-5347\" srcset=\"https:\/\/inzain.bike\/wp-content\/uploads\/2023\/11\/Torre-del-Mar-2-1024x479-1.jpg 1024w, https:\/\/inzain.bike\/wp-content\/uploads\/2023\/11\/Torre-del-Mar-2-1024x479-1-300x140.jpg 300w, https:\/\/inzain.bike\/wp-content\/uploads\/2023\/11\/Torre-del-Mar-2-1024x479-1-768x359.jpg 768w, https:\/\/inzain.bike\/wp-content\/uploads\/2023\/11\/Torre-del-Mar-2-1024x479-1-18x8.jpg 18w, https:\/\/inzain.bike\/wp-content\/uploads\/2023\/11\/Torre-del-Mar-2-1024x479-1-600x281.jpg 600w\" sizes=\"auto, (max-width: 1024px) 100vw, 1024px\" \/><\/figure>\n<\/div>\n\n\n\n<div class=\"wp-block-column is-layout-flow wp-block-column-is-layout-flow\">\n<p><strong>Torre del Mar<\/strong><br>Het uitzicht vanaf Torre del Mar, gelegen tussen de Middellandse Zee en de bergen van de Sierra Nevada, is indrukwekkend. In tegenstelling tot andere delen van de Costa del Sol heeft Torre del Mar, ondanks de toename van het toerisme, de authentieke Spaanse sfeer grotendeels weten te behouden. De lange boulevard is omzoomd met clubs, uitstekende visrestaurants en caf\u00e9s. Daarnaast is het brede zandstrand gewoonweg fantastisch. De stad heeft goede tramverbindingen naar het prachtige en charmante Velez-Malaga, dat zeker een bezoek waard is.<\/p>\n\n\n\n<p><br><\/p>\n<\/div>\n<\/div>","protected":false},"excerpt":{"rendered":"<p>P\u00e5 v\u00e5r vilodag s\u00e5 finns flera val. Kanske vill man bara ta det lugnt, utforska Girona, dricka lite gott kaffe och vila. \u00c4r man sugen p\u00e5 utflykt varf\u00f6r inte prova n\u00e5gon av dessa. Bes\u00f6k Barcelona Melhavsstaden Barcelona ligger inspr\u00e4ngd mellan berg och hav, och erbjuder s\u00e5v\u00e4l sm\u00e5stadsk\u00e4nsla som storstadsmetropolisk puls. De 1,6 miljoner inv\u00e5narna jobbar [&hellip;]<\/p>\n","protected":false},"author":135133094,"featured_media":0,"parent":0,"menu_order":0,"comment_status":"closed","ping_status":"closed","template":"","meta":{"_coblocks_attr":"Roboto","_coblocks_dimensions":"","_coblocks_responsive_height":"","_coblocks_accordion_ie_support":"","footnotes":""},"class_list":["post-5144","page","type-page","status-publish","hentry"],"yoast_head":"<!-- This site is optimized with the Yoast SEO plugin v27.2 - https:\/\/yoast.com\/product\/yoast-seo-wordpress\/ -->\n<title>Girona Aktiviteter - INZAIN Cycling EXPERIENCES<\/title>\n<meta name=\"robots\" content=\"index, follow, max-snippet:-1, max-image-preview:large, max-video-preview:-1\" \/>\n<link rel=\"canonical\" href=\"https:\/\/inzain.bike\/nl\/gir24-aktiviteter\/\" \/>\n<meta property=\"og:locale\" content=\"nl_NL\" \/>\n<meta property=\"og:type\" content=\"article\" \/>\n<meta property=\"og:title\" content=\"Girona Aktiviteter - INZAIN Cycling EXPERIENCES\" \/>\n<meta property=\"og:description\" content=\"P\u00e5 v\u00e5r vilodag s\u00e5 finns flera val. Kanske vill man bara ta det lugnt, utforska Girona, dricka lite gott kaffe och vila. \u00c4r man sugen p\u00e5 utflykt varf\u00f6r inte prova n\u00e5gon av dessa. Bes\u00f6k Barcelona Melhavsstaden Barcelona ligger inspr\u00e4ngd mellan berg och hav, och erbjuder s\u00e5v\u00e4l sm\u00e5stadsk\u00e4nsla som storstadsmetropolisk puls. De 1,6 miljoner inv\u00e5narna jobbar [&hellip;]\" \/>\n<meta property=\"og:url\" content=\"https:\/\/inzain.bike\/nl\/gir24-aktiviteter\/\" \/>\n<meta property=\"og:site_name\" content=\"INZAIN Cycling EXPERIENCES\" \/>\n<meta property=\"article:publisher\" content=\"https:\/\/www.facebook.com\/Inzain.bike\" \/>\n<meta property=\"article:modified_time\" content=\"2026-01-12T11:13:18+00:00\" \/>\n<meta property=\"og:image\" content=\"https:\/\/inzain.bike\/wp-content\/uploads\/2023\/11\/pexels-spolyakov-16762185-scaled.jpg\" \/>\n\t<meta property=\"og:image:width\" content=\"1978\" \/>\n\t<meta property=\"og:image:height\" content=\"2560\" \/>\n\t<meta property=\"og:image:type\" content=\"image\/jpeg\" \/>\n<meta name=\"twitter:card\" content=\"summary_large_image\" \/>\n<meta name=\"twitter:label1\" content=\"Geschatte leestijd\" \/>\n\t<meta name=\"twitter:data1\" content=\"5 minuten\" \/>\n<script type=\"application\/ld+json\" class=\"yoast-schema-graph\">{\"@context\":\"https:\/\/schema.org\",\"@graph\":[{\"@type\":\"WebPage\",\"@id\":\"https:\/\/inzain.bike\/gir24-aktiviteter\/\",\"url\":\"https:\/\/inzain.bike\/gir24-aktiviteter\/\",\"name\":\"Girona Aktiviteter - INZAIN Cycling EXPERIENCES\",\"isPartOf\":{\"@id\":\"https:\/\/inzain.bike\/fr_be\/#website\"},\"primaryImageOfPage\":{\"@id\":\"https:\/\/inzain.bike\/gir24-aktiviteter\/#primaryimage\"},\"image\":{\"@id\":\"https:\/\/inzain.bike\/gir24-aktiviteter\/#primaryimage\"},\"thumbnailUrl\":\"https:\/\/inzain.bike\/wp-content\/uploads\/2023\/11\/pexels-spolyakov-16762185-791x1024.jpg\",\"datePublished\":\"2023-11-11T19:47:14+00:00\",\"dateModified\":\"2026-01-12T11:13:18+00:00\",\"breadcrumb\":{\"@id\":\"https:\/\/inzain.bike\/gir24-aktiviteter\/#breadcrumb\"},\"inLanguage\":\"nl-NL\",\"potentialAction\":[{\"@type\":\"ReadAction\",\"target\":[\"https:\/\/inzain.bike\/gir24-aktiviteter\/\"]}]},{\"@type\":\"ImageObject\",\"inLanguage\":\"nl-NL\",\"@id\":\"https:\/\/inzain.bike\/gir24-aktiviteter\/#primaryimage\",\"url\":\"https:\/\/inzain.bike\/wp-content\/uploads\/2023\/11\/pexels-spolyakov-16762185-791x1024.jpg\",\"contentUrl\":\"https:\/\/inzain.bike\/wp-content\/uploads\/2023\/11\/pexels-spolyakov-16762185-791x1024.jpg\"},{\"@type\":\"BreadcrumbList\",\"@id\":\"https:\/\/inzain.bike\/gir24-aktiviteter\/#breadcrumb\",\"itemListElement\":[{\"@type\":\"ListItem\",\"position\":1,\"name\":\"Hem\",\"item\":\"https:\/\/inzain.bike\/fr_be\/\"},{\"@type\":\"ListItem\",\"position\":2,\"name\":\"Girona Aktiviteter\"}]},{\"@type\":\"WebSite\",\"@id\":\"https:\/\/inzain.bike\/fr_be\/#website\",\"url\":\"https:\/\/inzain.bike\/fr_be\/\",\"name\":\"INZAIN Cycling EXPERIENCES\",\"description\":\"Cyckling Adventures  - for everyone\",\"publisher\":{\"@id\":\"https:\/\/inzain.bike\/fr_be\/#organization\"},\"alternateName\":\"INZAIN Gravel & Travel\",\"potentialAction\":[{\"@type\":\"SearchAction\",\"target\":{\"@type\":\"EntryPoint\",\"urlTemplate\":\"https:\/\/inzain.bike\/fr_be\/?s={search_term_string}\"},\"query-input\":{\"@type\":\"PropertyValueSpecification\",\"valueRequired\":true,\"valueName\":\"search_term_string\"}}],\"inLanguage\":\"nl-NL\"},{\"@type\":\"Organization\",\"@id\":\"https:\/\/inzain.bike\/fr_be\/#organization\",\"name\":\"INZAIN Cycling EXPERIENCES\",\"url\":\"https:\/\/inzain.bike\/fr_be\/\",\"logo\":{\"@type\":\"ImageObject\",\"inLanguage\":\"nl-NL\",\"@id\":\"https:\/\/inzain.bike\/fr_be\/#\/schema\/logo\/image\/\",\"url\":\"https:\/\/i0.wp.com\/inzain.bike\/wp-content\/uploads\/2023\/09\/cropped-INZAIN_512x512_white.png?fit=512%2C512&ssl=1\",\"contentUrl\":\"https:\/\/i0.wp.com\/inzain.bike\/wp-content\/uploads\/2023\/09\/cropped-INZAIN_512x512_white.png?fit=512%2C512&ssl=1\",\"width\":512,\"height\":512,\"caption\":\"INZAIN Cycling EXPERIENCES\"},\"image\":{\"@id\":\"https:\/\/inzain.bike\/fr_be\/#\/schema\/logo\/image\/\"},\"sameAs\":[\"https:\/\/www.facebook.com\/Inzain.bike\",\"https:\/\/www.instagram.com\/inzainbike\"]}]}<\/script>\n<!-- \/ Yoast SEO plugin. -->","yoast_head_json":{"title":"Activiteiten in Girona - INZAIN Fietservaringen","robots":{"index":"index","follow":"follow","max-snippet":"max-snippet:-1","max-image-preview":"max-image-preview:large","max-video-preview":"max-video-preview:-1"},"canonical":"https:\/\/inzain.bike\/nl\/gir24-aktiviteter\/","og_locale":"nl_NL","og_type":"article","og_title":"Girona Aktiviteter - INZAIN Cycling EXPERIENCES","og_description":"P\u00e5 v\u00e5r vilodag s\u00e5 finns flera val. Kanske vill man bara ta det lugnt, utforska Girona, dricka lite gott kaffe och vila. \u00c4r man sugen p\u00e5 utflykt varf\u00f6r inte prova n\u00e5gon av dessa. Bes\u00f6k Barcelona Melhavsstaden Barcelona ligger inspr\u00e4ngd mellan berg och hav, och erbjuder s\u00e5v\u00e4l sm\u00e5stadsk\u00e4nsla som storstadsmetropolisk puls. De 1,6 miljoner inv\u00e5narna jobbar [&hellip;]","og_url":"https:\/\/inzain.bike\/nl\/gir24-aktiviteter\/","og_site_name":"INZAIN Cycling EXPERIENCES","article_publisher":"https:\/\/www.facebook.com\/Inzain.bike","article_modified_time":"2026-01-12T11:13:18+00:00","og_image":[{"width":1978,"height":2560,"url":"https:\/\/inzain.bike\/wp-content\/uploads\/2023\/11\/pexels-spolyakov-16762185-scaled.jpg","type":"image\/jpeg"}],"twitter_card":"summary_large_image","twitter_misc":{"Geschatte leestijd":"5 minuten"},"schema":{"@context":"https:\/\/schema.org","@graph":[{"@type":"WebPage","@id":"https:\/\/inzain.bike\/gir24-aktiviteter\/","url":"https:\/\/inzain.bike\/gir24-aktiviteter\/","name":"Activiteiten in Girona - INZAIN Fietservaringen","isPartOf":{"@id":"https:\/\/inzain.bike\/fr_be\/#website"},"primaryImageOfPage":{"@id":"https:\/\/inzain.bike\/gir24-aktiviteter\/#primaryimage"},"image":{"@id":"https:\/\/inzain.bike\/gir24-aktiviteter\/#primaryimage"},"thumbnailUrl":"https:\/\/inzain.bike\/wp-content\/uploads\/2023\/11\/pexels-spolyakov-16762185-791x1024.jpg","datePublished":"2023-11-11T19:47:14+00:00","dateModified":"2026-01-12T11:13:18+00:00","breadcrumb":{"@id":"https:\/\/inzain.bike\/gir24-aktiviteter\/#breadcrumb"},"inLanguage":"nl-NL","potentialAction":[{"@type":"ReadAction","target":["https:\/\/inzain.bike\/gir24-aktiviteter\/"]}]},{"@type":"ImageObject","inLanguage":"nl-NL","@id":"https:\/\/inzain.bike\/gir24-aktiviteter\/#primaryimage","url":"https:\/\/inzain.bike\/wp-content\/uploads\/2023\/11\/pexels-spolyakov-16762185-791x1024.jpg","contentUrl":"https:\/\/inzain.bike\/wp-content\/uploads\/2023\/11\/pexels-spolyakov-16762185-791x1024.jpg"},{"@type":"BreadcrumbList","@id":"https:\/\/inzain.bike\/gir24-aktiviteter\/#breadcrumb","itemListElement":[{"@type":"ListItem","position":1,"name":"Hem","item":"https:\/\/inzain.bike\/fr_be\/"},{"@type":"ListItem","position":2,"name":"Girona Aktiviteter"}]},{"@type":"WebSite","@id":"https:\/\/inzain.bike\/fr_be\/#website","url":"https:\/\/inzain.bike\/fr_be\/","name":"INZAIN fietservaringen","description":"Fietsavonturen - voor iedereen","publisher":{"@id":"https:\/\/inzain.bike\/fr_be\/#organization"},"alternateName":"INZAIN Gravel & Travel","potentialAction":[{"@type":"SearchAction","target":{"@type":"EntryPoint","urlTemplate":"https:\/\/inzain.bike\/fr_be\/?s={search_term_string}"},"query-input":{"@type":"PropertyValueSpecification","valueRequired":true,"valueName":"search_term_string"}}],"inLanguage":"nl-NL"},{"@type":"Organization","@id":"https:\/\/inzain.bike\/fr_be\/#organization","name":"INZAIN fietservaringen","url":"https:\/\/inzain.bike\/fr_be\/","logo":{"@type":"ImageObject","inLanguage":"nl-NL","@id":"https:\/\/inzain.bike\/fr_be\/#\/schema\/logo\/image\/","url":"https:\/\/i0.wp.com\/inzain.bike\/wp-content\/uploads\/2023\/09\/cropped-INZAIN_512x512_white.png?fit=512%2C512&ssl=1","contentUrl":"https:\/\/i0.wp.com\/inzain.bike\/wp-content\/uploads\/2023\/09\/cropped-INZAIN_512x512_white.png?fit=512%2C512&ssl=1","width":512,"height":512,"caption":"INZAIN Cycling EXPERIENCES"},"image":{"@id":"https:\/\/inzain.bike\/fr_be\/#\/schema\/logo\/image\/"},"sameAs":["https:\/\/www.facebook.com\/Inzain.bike","https:\/\/www.instagram.com\/inzainbike"]}]}},"amp_enabled":true,"_links":{"self":[{"href":"https:\/\/inzain.bike\/nl\/wp-json\/wp\/v2\/pages\/5144","targetHints":{"allow":["GET"]}}],"collection":[{"href":"https:\/\/inzain.bike\/nl\/wp-json\/wp\/v2\/pages"}],"about":[{"href":"https:\/\/inzain.bike\/nl\/wp-json\/wp\/v2\/types\/page"}],"author":[{"embeddable":true,"href":"https:\/\/inzain.bike\/nl\/wp-json\/wp\/v2\/users\/135133094"}],"replies":[{"embeddable":true,"href":"https:\/\/inzain.bike\/nl\/wp-json\/wp\/v2\/comments?post=5144"}],"version-history":[{"count":1,"href":"https:\/\/inzain.bike\/nl\/wp-json\/wp\/v2\/pages\/5144\/revisions"}],"predecessor-version":[{"id":9057,"href":"https:\/\/inzain.bike\/nl\/wp-json\/wp\/v2\/pages\/5144\/revisions\/9057"}],"wp:attachment":[{"href":"https:\/\/inzain.bike\/nl\/wp-json\/wp\/v2\/media?parent=5144"}],"curies":[{"name":"wp","href":"https:\/\/api.w.org\/{rel}","templated":true}]}}