{"id":5300,"date":"2023-11-21T18:38:36","date_gmt":"2023-11-21T17:38:36","guid":{"rendered":"https:\/\/inzain.bike\/?page_id=5300"},"modified":"2023-11-25T17:18:46","modified_gmt":"2023-11-25T16:18:46","slug":"pyr24-activities","status":"publish","type":"page","link":"https:\/\/inzain.bike\/nl\/pyr24-activities\/","title":{"rendered":"Pyrenee\u00ebn Activiteiten"},"content":{"rendered":"<div class=\"wp-block-columns alignwide is-layout-flex wp-container-core-columns-is-layout-28f84493 wp-block-columns-is-layout-flex\">\n<div class=\"wp-block-column is-layout-flow wp-block-column-is-layout-flow\">\n<p class=\"has-roboto-font-family has-custom-font\" style=\"font-family:Roboto\">Naast fietsen is het ook het wandelen dat de Pyrenee\u00ebn tot het spannendste gebied van heel Europa maakt. Ongeacht of je een deel van de \u2018heilige\u2019 wandeling in Santiago de Compostella wilt meemaken, of het uitzicht richting de Pic du Midi vanaf de wandelroute wilt zien in plaats van vanaf de fiets. Dus is deze reis iets voor jou en zijn de Pyrenee\u00ebn het juiste gebied. <\/p>\n\n\n\n<figure class=\"wp-block-image size-large\"><img loading=\"lazy\" decoding=\"async\" width=\"1024\" height=\"683\" src=\"https:\/\/inzain.bike\/wp-content\/uploads\/2023\/11\/pexels-peter-fazekas-19011449-1024x683.jpg\" alt=\"\" class=\"wp-image-5307\" srcset=\"https:\/\/inzain.bike\/wp-content\/uploads\/2023\/11\/pexels-peter-fazekas-19011449-1024x683.jpg 1024w, https:\/\/inzain.bike\/wp-content\/uploads\/2023\/11\/pexels-peter-fazekas-19011449-300x200.jpg 300w, https:\/\/inzain.bike\/wp-content\/uploads\/2023\/11\/pexels-peter-fazekas-19011449-768x512.jpg 768w, https:\/\/inzain.bike\/wp-content\/uploads\/2023\/11\/pexels-peter-fazekas-19011449-1536x1024.jpg 1536w, https:\/\/inzain.bike\/wp-content\/uploads\/2023\/11\/pexels-peter-fazekas-19011449-2048x1365.jpg 2048w, https:\/\/inzain.bike\/wp-content\/uploads\/2023\/11\/pexels-peter-fazekas-19011449-18x12.jpg 18w, https:\/\/inzain.bike\/wp-content\/uploads\/2023\/11\/pexels-peter-fazekas-19011449-1320x880.jpg 1320w, https:\/\/inzain.bike\/wp-content\/uploads\/2023\/11\/pexels-peter-fazekas-19011449-600x400.jpg 600w\" sizes=\"auto, (max-width: 1024px) 100vw, 1024px\" \/><\/figure>\n\n\n\n<p>De meeste mensen kennen de prehistorische kunstwerken van de Dordogne, maar veel minder mensen realiseren zich dat oude schilders hun sporen hebben achtergelaten in grotten overal in de Pyrenee\u00ebn. Halverwege een berghelling, ongeveer 12 km ten zuiden van Foix, is de Grotte de Niaux het meest indrukwekkend, met een prachtige galerij van bizonossen, paarden en steenbokken die een grote ondergrondse kamer sieren die bekend staat als de Salon Noir. <\/p>\n\n\n\n<figure class=\"wp-block-image alignright size-large\"><img loading=\"lazy\" decoding=\"async\" width=\"1024\" height=\"683\" src=\"https:\/\/inzain.bike\/wp-content\/uploads\/2023\/11\/pexels-m-venter-1659437-1024x683.jpg\" alt=\"\" class=\"wp-image-5306\" srcset=\"https:\/\/inzain.bike\/wp-content\/uploads\/2023\/11\/pexels-m-venter-1659437-1024x683.jpg 1024w, https:\/\/inzain.bike\/wp-content\/uploads\/2023\/11\/pexels-m-venter-1659437-300x200.jpg 300w, https:\/\/inzain.bike\/wp-content\/uploads\/2023\/11\/pexels-m-venter-1659437-768x512.jpg 768w, https:\/\/inzain.bike\/wp-content\/uploads\/2023\/11\/pexels-m-venter-1659437-1536x1025.jpg 1536w, https:\/\/inzain.bike\/wp-content\/uploads\/2023\/11\/pexels-m-venter-1659437-2048x1367.jpg 2048w, https:\/\/inzain.bike\/wp-content\/uploads\/2023\/11\/pexels-m-venter-1659437-18x12.jpg 18w, https:\/\/inzain.bike\/wp-content\/uploads\/2023\/11\/pexels-m-venter-1659437-1320x881.jpg 1320w, https:\/\/inzain.bike\/wp-content\/uploads\/2023\/11\/pexels-m-venter-1659437-600x400.jpg 600w\" sizes=\"auto, (max-width: 1024px) 100vw, 1024px\" \/><\/figure>\n<\/div>\n<\/div>","protected":false},"excerpt":{"rendered":"<p>F\u00f6rutom cykling s\u00e5 \u00e4r det vandring som g\u00f6r Pyren\u00e9erna till det mest sp\u00e4nnande omr\u00e5det i hela Europa. Oavsett om du \u00e4r sugen p\u00e5 att uppleva en del av den &#8220;heliga&#8221; vandringen i Santiago de Compostella, eller vill f\u00e5 se vyn mot Pic du Midi ifr\u00e5n vandringsleden ist\u00e4llet ifr\u00e5n cykeln. S\u00e5 \u00e4r den h\u00e4r resan r\u00e4tt [&hellip;]<\/p>\n","protected":false},"author":203917874,"featured_media":0,"parent":0,"menu_order":0,"comment_status":"closed","ping_status":"closed","template":"","meta":{"_coblocks_attr":"Roboto","_coblocks_dimensions":"","_coblocks_responsive_height":"","_coblocks_accordion_ie_support":"","footnotes":""},"class_list":["post-5300","page","type-page","status-publish","hentry"],"yoast_head":"<!-- This site is optimized with the Yoast SEO plugin v27.2 - https:\/\/yoast.com\/product\/yoast-seo-wordpress\/ -->\n<title>Pyren\u00e9erna Aktiviteter - INZAIN Cycling EXPERIENCES<\/title>\n<meta name=\"robots\" content=\"index, follow, max-snippet:-1, max-image-preview:large, max-video-preview:-1\" \/>\n<link rel=\"canonical\" href=\"https:\/\/inzain.bike\/nl\/pyr24-activities\/\" \/>\n<meta property=\"og:locale\" content=\"nl_NL\" \/>\n<meta property=\"og:type\" content=\"article\" \/>\n<meta property=\"og:title\" content=\"Pyren\u00e9erna Aktiviteter - INZAIN Cycling EXPERIENCES\" \/>\n<meta property=\"og:description\" content=\"F\u00f6rutom cykling s\u00e5 \u00e4r det vandring som g\u00f6r Pyren\u00e9erna till det mest sp\u00e4nnande omr\u00e5det i hela Europa. Oavsett om du \u00e4r sugen p\u00e5 att uppleva en del av den &#8220;heliga&#8221; vandringen i Santiago de Compostella, eller vill f\u00e5 se vyn mot Pic du Midi ifr\u00e5n vandringsleden ist\u00e4llet ifr\u00e5n cykeln. S\u00e5 \u00e4r den h\u00e4r resan r\u00e4tt [&hellip;]\" \/>\n<meta property=\"og:url\" content=\"https:\/\/inzain.bike\/nl\/pyr24-activities\/\" \/>\n<meta property=\"og:site_name\" content=\"INZAIN Cycling EXPERIENCES\" \/>\n<meta property=\"article:publisher\" content=\"https:\/\/www.facebook.com\/Inzain.bike\" \/>\n<meta property=\"article:modified_time\" content=\"2023-11-25T16:18:46+00:00\" \/>\n<meta property=\"og:image\" content=\"https:\/\/inzain.bike\/wp-content\/uploads\/2023\/11\/pexels-peter-fazekas-19011449-1024x683.jpg\" \/>\n<meta name=\"twitter:card\" content=\"summary_large_image\" \/>\n<meta name=\"twitter:label1\" content=\"Geschatte leestijd\" \/>\n\t<meta name=\"twitter:data1\" content=\"2 minuten\" \/>\n<script type=\"application\/ld+json\" class=\"yoast-schema-graph\">{\"@context\":\"https:\/\/schema.org\",\"@graph\":[{\"@type\":\"WebPage\",\"@id\":\"https:\/\/inzain.bike\/sv_se\/pyr24-activities\/\",\"url\":\"https:\/\/inzain.bike\/sv_se\/pyr24-activities\/\",\"name\":\"Pyren\u00e9erna Aktiviteter - INZAIN Cycling EXPERIENCES\",\"isPartOf\":{\"@id\":\"https:\/\/inzain.bike\/fr_be\/#website\"},\"primaryImageOfPage\":{\"@id\":\"https:\/\/inzain.bike\/sv_se\/pyr24-activities\/#primaryimage\"},\"image\":{\"@id\":\"https:\/\/inzain.bike\/sv_se\/pyr24-activities\/#primaryimage\"},\"thumbnailUrl\":\"https:\/\/inzain.bike\/wp-content\/uploads\/2023\/11\/pexels-peter-fazekas-19011449-1024x683.jpg\",\"datePublished\":\"2023-11-21T17:38:36+00:00\",\"dateModified\":\"2023-11-25T16:18:46+00:00\",\"breadcrumb\":{\"@id\":\"https:\/\/inzain.bike\/sv_se\/pyr24-activities\/#breadcrumb\"},\"inLanguage\":\"nl-NL\",\"potentialAction\":[{\"@type\":\"ReadAction\",\"target\":[\"https:\/\/inzain.bike\/sv_se\/pyr24-activities\/\"]}]},{\"@type\":\"ImageObject\",\"inLanguage\":\"nl-NL\",\"@id\":\"https:\/\/inzain.bike\/sv_se\/pyr24-activities\/#primaryimage\",\"url\":\"https:\/\/inzain.bike\/wp-content\/uploads\/2023\/11\/pexels-peter-fazekas-19011449-1024x683.jpg\",\"contentUrl\":\"https:\/\/inzain.bike\/wp-content\/uploads\/2023\/11\/pexels-peter-fazekas-19011449-1024x683.jpg\"},{\"@type\":\"BreadcrumbList\",\"@id\":\"https:\/\/inzain.bike\/sv_se\/pyr24-activities\/#breadcrumb\",\"itemListElement\":[{\"@type\":\"ListItem\",\"position\":1,\"name\":\"Hem\",\"item\":\"https:\/\/inzain.bike\/fr_be\/\"},{\"@type\":\"ListItem\",\"position\":2,\"name\":\"Pyren\u00e9erna Aktiviteter\"}]},{\"@type\":\"WebSite\",\"@id\":\"https:\/\/inzain.bike\/fr_be\/#website\",\"url\":\"https:\/\/inzain.bike\/fr_be\/\",\"name\":\"INZAIN Cycling EXPERIENCES\",\"description\":\"Cyckling Adventures  - for everyone\",\"publisher\":{\"@id\":\"https:\/\/inzain.bike\/fr_be\/#organization\"},\"alternateName\":\"INZAIN Gravel & Travel\",\"potentialAction\":[{\"@type\":\"SearchAction\",\"target\":{\"@type\":\"EntryPoint\",\"urlTemplate\":\"https:\/\/inzain.bike\/fr_be\/?s={search_term_string}\"},\"query-input\":{\"@type\":\"PropertyValueSpecification\",\"valueRequired\":true,\"valueName\":\"search_term_string\"}}],\"inLanguage\":\"nl-NL\"},{\"@type\":\"Organization\",\"@id\":\"https:\/\/inzain.bike\/fr_be\/#organization\",\"name\":\"INZAIN Cycling EXPERIENCES\",\"url\":\"https:\/\/inzain.bike\/fr_be\/\",\"logo\":{\"@type\":\"ImageObject\",\"inLanguage\":\"nl-NL\",\"@id\":\"https:\/\/inzain.bike\/fr_be\/#\/schema\/logo\/image\/\",\"url\":\"https:\/\/i0.wp.com\/inzain.bike\/wp-content\/uploads\/2023\/09\/cropped-INZAIN_512x512_white.png?fit=512%2C512&ssl=1\",\"contentUrl\":\"https:\/\/i0.wp.com\/inzain.bike\/wp-content\/uploads\/2023\/09\/cropped-INZAIN_512x512_white.png?fit=512%2C512&ssl=1\",\"width\":512,\"height\":512,\"caption\":\"INZAIN Cycling EXPERIENCES\"},\"image\":{\"@id\":\"https:\/\/inzain.bike\/fr_be\/#\/schema\/logo\/image\/\"},\"sameAs\":[\"https:\/\/www.facebook.com\/Inzain.bike\",\"https:\/\/www.instagram.com\/inzainbike\"]}]}<\/script>\n<!-- \/ Yoast SEO plugin. -->","yoast_head_json":{"title":"Activiteiten in de Pyrenee\u00ebn - INZAIN Fietservaringen","robots":{"index":"index","follow":"follow","max-snippet":"max-snippet:-1","max-image-preview":"max-image-preview:large","max-video-preview":"max-video-preview:-1"},"canonical":"https:\/\/inzain.bike\/nl\/pyr24-activities\/","og_locale":"nl_NL","og_type":"article","og_title":"Pyren\u00e9erna Aktiviteter - INZAIN Cycling EXPERIENCES","og_description":"F\u00f6rutom cykling s\u00e5 \u00e4r det vandring som g\u00f6r Pyren\u00e9erna till det mest sp\u00e4nnande omr\u00e5det i hela Europa. Oavsett om du \u00e4r sugen p\u00e5 att uppleva en del av den &#8220;heliga&#8221; vandringen i Santiago de Compostella, eller vill f\u00e5 se vyn mot Pic du Midi ifr\u00e5n vandringsleden ist\u00e4llet ifr\u00e5n cykeln. S\u00e5 \u00e4r den h\u00e4r resan r\u00e4tt [&hellip;]","og_url":"https:\/\/inzain.bike\/nl\/pyr24-activities\/","og_site_name":"INZAIN Cycling EXPERIENCES","article_publisher":"https:\/\/www.facebook.com\/Inzain.bike","article_modified_time":"2023-11-25T16:18:46+00:00","og_image":[{"url":"https:\/\/inzain.bike\/wp-content\/uploads\/2023\/11\/pexels-peter-fazekas-19011449-1024x683.jpg","type":"","width":"","height":""}],"twitter_card":"summary_large_image","twitter_misc":{"Geschatte leestijd":"2 minuten"},"schema":{"@context":"https:\/\/schema.org","@graph":[{"@type":"WebPage","@id":"https:\/\/inzain.bike\/sv_se\/pyr24-activities\/","url":"https:\/\/inzain.bike\/sv_se\/pyr24-activities\/","name":"Activiteiten in de Pyrenee\u00ebn - INZAIN Fietservaringen","isPartOf":{"@id":"https:\/\/inzain.bike\/fr_be\/#website"},"primaryImageOfPage":{"@id":"https:\/\/inzain.bike\/sv_se\/pyr24-activities\/#primaryimage"},"image":{"@id":"https:\/\/inzain.bike\/sv_se\/pyr24-activities\/#primaryimage"},"thumbnailUrl":"https:\/\/inzain.bike\/wp-content\/uploads\/2023\/11\/pexels-peter-fazekas-19011449-1024x683.jpg","datePublished":"2023-11-21T17:38:36+00:00","dateModified":"2023-11-25T16:18:46+00:00","breadcrumb":{"@id":"https:\/\/inzain.bike\/sv_se\/pyr24-activities\/#breadcrumb"},"inLanguage":"nl-NL","potentialAction":[{"@type":"ReadAction","target":["https:\/\/inzain.bike\/sv_se\/pyr24-activities\/"]}]},{"@type":"ImageObject","inLanguage":"nl-NL","@id":"https:\/\/inzain.bike\/sv_se\/pyr24-activities\/#primaryimage","url":"https:\/\/inzain.bike\/wp-content\/uploads\/2023\/11\/pexels-peter-fazekas-19011449-1024x683.jpg","contentUrl":"https:\/\/inzain.bike\/wp-content\/uploads\/2023\/11\/pexels-peter-fazekas-19011449-1024x683.jpg"},{"@type":"BreadcrumbList","@id":"https:\/\/inzain.bike\/sv_se\/pyr24-activities\/#breadcrumb","itemListElement":[{"@type":"ListItem","position":1,"name":"Hem","item":"https:\/\/inzain.bike\/fr_be\/"},{"@type":"ListItem","position":2,"name":"Pyren\u00e9erna Aktiviteter"}]},{"@type":"WebSite","@id":"https:\/\/inzain.bike\/fr_be\/#website","url":"https:\/\/inzain.bike\/fr_be\/","name":"INZAIN fietservaringen","description":"Fietsavonturen - voor iedereen","publisher":{"@id":"https:\/\/inzain.bike\/fr_be\/#organization"},"alternateName":"INZAIN Gravel & Travel","potentialAction":[{"@type":"SearchAction","target":{"@type":"EntryPoint","urlTemplate":"https:\/\/inzain.bike\/fr_be\/?s={search_term_string}"},"query-input":{"@type":"PropertyValueSpecification","valueRequired":true,"valueName":"search_term_string"}}],"inLanguage":"nl-NL"},{"@type":"Organization","@id":"https:\/\/inzain.bike\/fr_be\/#organization","name":"INZAIN fietservaringen","url":"https:\/\/inzain.bike\/fr_be\/","logo":{"@type":"ImageObject","inLanguage":"nl-NL","@id":"https:\/\/inzain.bike\/fr_be\/#\/schema\/logo\/image\/","url":"https:\/\/i0.wp.com\/inzain.bike\/wp-content\/uploads\/2023\/09\/cropped-INZAIN_512x512_white.png?fit=512%2C512&ssl=1","contentUrl":"https:\/\/i0.wp.com\/inzain.bike\/wp-content\/uploads\/2023\/09\/cropped-INZAIN_512x512_white.png?fit=512%2C512&ssl=1","width":512,"height":512,"caption":"INZAIN Cycling EXPERIENCES"},"image":{"@id":"https:\/\/inzain.bike\/fr_be\/#\/schema\/logo\/image\/"},"sameAs":["https:\/\/www.facebook.com\/Inzain.bike","https:\/\/www.instagram.com\/inzainbike"]}]}},"amp_enabled":true,"_links":{"self":[{"href":"https:\/\/inzain.bike\/nl\/wp-json\/wp\/v2\/pages\/5300","targetHints":{"allow":["GET"]}}],"collection":[{"href":"https:\/\/inzain.bike\/nl\/wp-json\/wp\/v2\/pages"}],"about":[{"href":"https:\/\/inzain.bike\/nl\/wp-json\/wp\/v2\/types\/page"}],"author":[{"embeddable":true,"href":"https:\/\/inzain.bike\/nl\/wp-json\/wp\/v2\/users\/203917874"}],"replies":[{"embeddable":true,"href":"https:\/\/inzain.bike\/nl\/wp-json\/wp\/v2\/comments?post=5300"}],"version-history":[{"count":0,"href":"https:\/\/inzain.bike\/nl\/wp-json\/wp\/v2\/pages\/5300\/revisions"}],"wp:attachment":[{"href":"https:\/\/inzain.bike\/nl\/wp-json\/wp\/v2\/media?parent=5300"}],"curies":[{"name":"wp","href":"https:\/\/api.w.org\/{rel}","templated":true}]}}